{"id":69626,"date":"2025-10-20T10:14:13","date_gmt":"2025-10-20T09:14:13","guid":{"rendered":"https:\/\/suelosport.com\/?post_type=product&#038;p=69626"},"modified":"2025-11-19T11:52:15","modified_gmt":"2025-11-19T10:52:15","slug":"suelo-vinilico-para-baile","status":"publish","type":"product","link":"https:\/\/suelosport.com\/pt-pt\/producto\/suelo-vinilico-para-baile\/","title":{"rendered":"Suelo vin\u00edlico para baile"},"content":{"rendered":"<p>Este pavimento vin\u00edlico es la soluci\u00f3n perfecta para estudios de danza, se fabrica de manera que su dise\u00f1o proporciona amortiguaci\u00f3n y elasticidad para reducir la tensi\u00f3n en los m\u00fasculos y los tendones de los bailarines<\/p>\n<p>Su acabo revestimiento espec\u00edfico ofrece un agarre excelente, garantizando un apoyo seguro, un menor riesgo de lesiones y un mejor rendimiento para bailarines de danza cl\u00e1sica, tanto profesionales como aficionados<\/p>\n<p><strong>CARACTER\u00cdSTICAS<\/strong>:<\/p>\n<ul>\n<li>Superficie dise\u00f1ada para un agarre excelente<\/li>\n<li>Riesgo reducido de lesiones<\/li>\n<li>Mayor rendimiento<\/li>\n<li>Tecnolog\u00eda 100 % libre de ftalatos<\/li>\n<\/ul>\n<p><strong>USOS<\/strong>:<\/p>\n<ul>\n<li>Muy recomendado para danza cl\u00e1sica (ballet)<\/li>\n<\/ul>\n<p><img loading=\"lazy\" decoding=\"async\" class=\"alignnone size-full wp-image-67882\" src=\"https:\/\/suelosport.com\/wp-content\/uploads\/2025\/08\/Diseno-suelos-centro-entrenamiento.jpg\" alt=\"Dise\u00f1o suelos centro entrenamiento\" width=\"600\" height=\"253\" srcset=\"https:\/\/suelosport.com\/wp-content\/uploads\/2025\/08\/Diseno-suelos-centro-entrenamiento.jpg 600w, https:\/\/suelosport.com\/wp-content\/uploads\/2025\/08\/Diseno-suelos-centro-entrenamiento-510x215.jpg 510w\" sizes=\"auto, (max-width: 600px) 100vw, 600px\" \/><\/p>\n","protected":false},"excerpt":{"rendered":"<p>Suelo de vinilo ideal soluci\u00f3n ideal para estudios de danza gracias a su acabado espec\u00edfico que garantiza un apoyo seguro mientras que proporciona confort a los bailarines.<\/p>\n<ul>\n<li><strong>Rollos de 15 x 2 m<\/strong><\/li>\n<li><strong>Espesor de 3,45 mm<\/strong><\/li>\n<\/ul>\n<p>Pide tu presupuesto para adquirir el suelo por tramos de 5 m\u00b2 a 30 m\u00b2, o si necesitas m\u00e1s de 250 m\u00b2<\/p>\n<a href=\"\/contacto\/\" class=\"button primary is-primary is-medium\" >\n\t\t<span>SOLICITAR PRESUPUESTO<\/span>\n\t<\/a>\n\n","protected":false},"featured_media":69632,"comment_status":"open","ping_status":"closed","template":"","meta":{"inline_featured_image":false},"product_brand":[],"product_cat":[405],"product_tag":[],"class_list":{"0":"post-69626","1":"product","2":"type-product","3":"status-publish","4":"has-post-thumbnail","6":"product_cat-suelo-vinilico","8":"first","9":"instock","10":"taxable","11":"shipping-taxable","12":"purchasable","13":"product-type-variable"},"yoast_head":"<!-- This site is optimized with the Yoast SEO plugin v27.4 - https:\/\/yoast.com\/product\/yoast-seo-wordpress\/ -->\n<title>Suelo vin\u00edlico para baile | Suelosport - Suelos Deportivos<\/title>\n<meta name=\"robots\" content=\"index, follow, max-snippet:-1, max-image-preview:large, max-video-preview:-1\" \/>\n<link rel=\"canonical\" href=\"https:\/\/suelosport.com\/pt-pt\/producto\/suelo-vinilico-para-baile\/\" \/>\n<meta property=\"og:locale\" content=\"pt_PT\" \/>\n<meta property=\"og:type\" content=\"article\" \/>\n<meta property=\"og:title\" content=\"Suelo vin\u00edlico para baile | Suelosport - Suelos Deportivos\" \/>\n<meta property=\"og:description\" content=\"Suelo de vinilo ideal soluci\u00f3n ideal para estudios de danza gracias a su acabado espec\u00edfico que garantiza un apoyo seguro mientras que proporciona confort a los bailarines.   Rollos de 15 x 2 m  Espesor de 3,45 mm  Pide tu presupuesto para adquirir el suelo por tramos de 5 m\u00b2 a 30 m\u00b2, o si necesitas m\u00e1s de 250 m\u00b2\" \/>\n<meta property=\"og:url\" content=\"https:\/\/suelosport.com\/pt-pt\/producto\/suelo-vinilico-para-baile\/\" \/>\n<meta property=\"og:site_name\" content=\"Suelosport - Suelos Deportivos\" \/>\n<meta property=\"article:publisher\" content=\"https:\/\/www.facebook.com\/Suelosport-2042694182686080\/\" \/>\n<meta property=\"article:modified_time\" content=\"2025-11-19T10:52:15+00:00\" \/>\n<meta property=\"og:image\" content=\"https:\/\/suelosport.com\/wp-content\/uploads\/2025\/10\/SUELO-VINILO-ESCUELAS-DE-DANZA-CLASICA.jpg\" \/>\n\t<meta property=\"og:image:width\" content=\"700\" \/>\n\t<meta property=\"og:image:height\" content=\"900\" \/>\n\t<meta property=\"og:image:type\" content=\"image\/jpeg\" \/>\n<meta name=\"twitter:card\" content=\"summary_large_image\" \/>\n<meta name=\"twitter:label1\" content=\"Tempo estimado de leitura\" \/>\n\t<meta name=\"twitter:data1\" content=\"1 minuto\" \/>\n<script type=\"application\/ld+json\" class=\"yoast-schema-graph\">{\"@context\":\"https:\\\/\\\/schema.org\",\"@graph\":[{\"@type\":[\"WebPage\",\"ItemPage\"],\"@id\":\"https:\\\/\\\/suelosport.com\\\/pt-pt\\\/producto\\\/suelo-vinilico-para-baile\\\/\",\"url\":\"https:\\\/\\\/suelosport.com\\\/pt-pt\\\/producto\\\/suelo-vinilico-para-baile\\\/\",\"name\":\"Suelo vin\u00edlico para baile | Suelosport - Suelos Deportivos\",\"isPartOf\":{\"@id\":\"https:\\\/\\\/suelosport.com\\\/pt-pt\\\/#website\"},\"primaryImageOfPage\":{\"@id\":\"https:\\\/\\\/suelosport.com\\\/pt-pt\\\/producto\\\/suelo-vinilico-para-baile\\\/#primaryimage\"},\"image\":{\"@id\":\"https:\\\/\\\/suelosport.com\\\/pt-pt\\\/producto\\\/suelo-vinilico-para-baile\\\/#primaryimage\"},\"thumbnailUrl\":\"https:\\\/\\\/suelosport.com\\\/wp-content\\\/uploads\\\/2025\\\/10\\\/SUELO-VINILO-ESCUELAS-DE-DANZA-CLASICA.jpg\",\"datePublished\":\"2025-10-20T09:14:13+00:00\",\"dateModified\":\"2025-11-19T10:52:15+00:00\",\"breadcrumb\":{\"@id\":\"https:\\\/\\\/suelosport.com\\\/pt-pt\\\/producto\\\/suelo-vinilico-para-baile\\\/#breadcrumb\"},\"inLanguage\":\"pt-PT\",\"potentialAction\":[{\"@type\":\"ReadAction\",\"target\":[\"https:\\\/\\\/suelosport.com\\\/pt-pt\\\/producto\\\/suelo-vinilico-para-baile\\\/\"]}]},{\"@type\":\"ImageObject\",\"inLanguage\":\"pt-PT\",\"@id\":\"https:\\\/\\\/suelosport.com\\\/pt-pt\\\/producto\\\/suelo-vinilico-para-baile\\\/#primaryimage\",\"url\":\"https:\\\/\\\/suelosport.com\\\/wp-content\\\/uploads\\\/2025\\\/10\\\/SUELO-VINILO-ESCUELAS-DE-DANZA-CLASICA.jpg\",\"contentUrl\":\"https:\\\/\\\/suelosport.com\\\/wp-content\\\/uploads\\\/2025\\\/10\\\/SUELO-VINILO-ESCUELAS-DE-DANZA-CLASICA.jpg\",\"width\":700,\"height\":900,\"caption\":\"SUELO VINILO ESCUELAS DE DANZA CL\u00c1SICA\"},{\"@type\":\"BreadcrumbList\",\"@id\":\"https:\\\/\\\/suelosport.com\\\/pt-pt\\\/producto\\\/suelo-vinilico-para-baile\\\/#breadcrumb\",\"itemListElement\":[{\"@type\":\"ListItem\",\"position\":1,\"name\":\"Portada\",\"item\":\"https:\\\/\\\/suelosport.com\\\/pt-pt\\\/\"},{\"@type\":\"ListItem\",\"position\":2,\"name\":\"Tienda\",\"item\":\"https:\\\/\\\/suelosport.com\\\/tienda\\\/\"},{\"@type\":\"ListItem\",\"position\":3,\"name\":\"Suelo vin\u00edlico para baile\"}]},{\"@type\":\"WebSite\",\"@id\":\"https:\\\/\\\/suelosport.com\\\/pt-pt\\\/#website\",\"url\":\"https:\\\/\\\/suelosport.com\\\/pt-pt\\\/\",\"name\":\"Suelosport - Suelos Deportivos\",\"description\":\"Suelos para gimnasios, suelos de goma, losetas y suelos antideslizantes\",\"publisher\":{\"@id\":\"https:\\\/\\\/suelosport.com\\\/pt-pt\\\/#organization\"},\"potentialAction\":[{\"@type\":\"SearchAction\",\"target\":{\"@type\":\"EntryPoint\",\"urlTemplate\":\"https:\\\/\\\/suelosport.com\\\/pt-pt\\\/?s={search_term_string}\"},\"query-input\":{\"@type\":\"PropertyValueSpecification\",\"valueRequired\":true,\"valueName\":\"search_term_string\"}}],\"inLanguage\":\"pt-PT\"},{\"@type\":\"Organization\",\"@id\":\"https:\\\/\\\/suelosport.com\\\/pt-pt\\\/#organization\",\"name\":\"Suelosport\",\"url\":\"https:\\\/\\\/suelosport.com\\\/pt-pt\\\/\",\"logo\":{\"@type\":\"ImageObject\",\"inLanguage\":\"pt-PT\",\"@id\":\"https:\\\/\\\/suelosport.com\\\/pt-pt\\\/#\\\/schema\\\/logo\\\/image\\\/\",\"url\":\"https:\\\/\\\/suelosport.com\\\/wp-content\\\/uploads\\\/2018\\\/03\\\/logo-suelosport.png\",\"contentUrl\":\"https:\\\/\\\/suelosport.com\\\/wp-content\\\/uploads\\\/2018\\\/03\\\/logo-suelosport.png\",\"width\":300,\"height\":67,\"caption\":\"Suelosport\"},\"image\":{\"@id\":\"https:\\\/\\\/suelosport.com\\\/pt-pt\\\/#\\\/schema\\\/logo\\\/image\\\/\"},\"sameAs\":[\"https:\\\/\\\/www.facebook.com\\\/Suelosport-2042694182686080\\\/\",\"https:\\\/\\\/www.linkedin.com\\\/company\\\/suelosport\\\/\",\"https:\\\/\\\/www.youtube.com\\\/channel\\\/UC1eoryUxD4Fw7f1m5wx_vFg?view_as=subscriber\"]}]}<\/script>\n<!-- \/ Yoast SEO plugin. -->","yoast_head_json":{"title":"Suelo vin\u00edlico para baile | Suelosport - Suelos Deportivos","robots":{"index":"index","follow":"follow","max-snippet":"max-snippet:-1","max-image-preview":"max-image-preview:large","max-video-preview":"max-video-preview:-1"},"canonical":"https:\/\/suelosport.com\/pt-pt\/producto\/suelo-vinilico-para-baile\/","og_locale":"pt_PT","og_type":"article","og_title":"Suelo vin\u00edlico para baile | Suelosport - Suelos Deportivos","og_description":"Suelo de vinilo ideal soluci\u00f3n ideal para estudios de danza gracias a su acabado espec\u00edfico que garantiza un apoyo seguro mientras que proporciona confort a los bailarines.   Rollos de 15 x 2 m  Espesor de 3,45 mm  Pide tu presupuesto para adquirir el suelo por tramos de 5 m\u00b2 a 30 m\u00b2, o si necesitas m\u00e1s de 250 m\u00b2","og_url":"https:\/\/suelosport.com\/pt-pt\/producto\/suelo-vinilico-para-baile\/","og_site_name":"Suelosport - Suelos Deportivos","article_publisher":"https:\/\/www.facebook.com\/Suelosport-2042694182686080\/","article_modified_time":"2025-11-19T10:52:15+00:00","og_image":[{"width":700,"height":900,"url":"https:\/\/suelosport.com\/wp-content\/uploads\/2025\/10\/SUELO-VINILO-ESCUELAS-DE-DANZA-CLASICA.jpg","type":"image\/jpeg"}],"twitter_card":"summary_large_image","twitter_misc":{"Tempo estimado de leitura":"1 minuto"},"schema":{"@context":"https:\/\/schema.org","@graph":[{"@type":["WebPage","ItemPage"],"@id":"https:\/\/suelosport.com\/pt-pt\/producto\/suelo-vinilico-para-baile\/","url":"https:\/\/suelosport.com\/pt-pt\/producto\/suelo-vinilico-para-baile\/","name":"Suelo vin\u00edlico para baile | Suelosport - Suelos Deportivos","isPartOf":{"@id":"https:\/\/suelosport.com\/pt-pt\/#website"},"primaryImageOfPage":{"@id":"https:\/\/suelosport.com\/pt-pt\/producto\/suelo-vinilico-para-baile\/#primaryimage"},"image":{"@id":"https:\/\/suelosport.com\/pt-pt\/producto\/suelo-vinilico-para-baile\/#primaryimage"},"thumbnailUrl":"https:\/\/suelosport.com\/wp-content\/uploads\/2025\/10\/SUELO-VINILO-ESCUELAS-DE-DANZA-CLASICA.jpg","datePublished":"2025-10-20T09:14:13+00:00","dateModified":"2025-11-19T10:52:15+00:00","breadcrumb":{"@id":"https:\/\/suelosport.com\/pt-pt\/producto\/suelo-vinilico-para-baile\/#breadcrumb"},"inLanguage":"pt-PT","potentialAction":[{"@type":"ReadAction","target":["https:\/\/suelosport.com\/pt-pt\/producto\/suelo-vinilico-para-baile\/"]}]},{"@type":"ImageObject","inLanguage":"pt-PT","@id":"https:\/\/suelosport.com\/pt-pt\/producto\/suelo-vinilico-para-baile\/#primaryimage","url":"https:\/\/suelosport.com\/wp-content\/uploads\/2025\/10\/SUELO-VINILO-ESCUELAS-DE-DANZA-CLASICA.jpg","contentUrl":"https:\/\/suelosport.com\/wp-content\/uploads\/2025\/10\/SUELO-VINILO-ESCUELAS-DE-DANZA-CLASICA.jpg","width":700,"height":900,"caption":"SUELO VINILO ESCUELAS DE DANZA CL\u00c1SICA"},{"@type":"BreadcrumbList","@id":"https:\/\/suelosport.com\/pt-pt\/producto\/suelo-vinilico-para-baile\/#breadcrumb","itemListElement":[{"@type":"ListItem","position":1,"name":"Portada","item":"https:\/\/suelosport.com\/pt-pt\/"},{"@type":"ListItem","position":2,"name":"Tienda","item":"https:\/\/suelosport.com\/tienda\/"},{"@type":"ListItem","position":3,"name":"Suelo vin\u00edlico para baile"}]},{"@type":"WebSite","@id":"https:\/\/suelosport.com\/pt-pt\/#website","url":"https:\/\/suelosport.com\/pt-pt\/","name":"Suelosport - Suelos Deportivos","description":"Suelos para gimnasios, suelos de goma, losetas y suelos antideslizantes","publisher":{"@id":"https:\/\/suelosport.com\/pt-pt\/#organization"},"potentialAction":[{"@type":"SearchAction","target":{"@type":"EntryPoint","urlTemplate":"https:\/\/suelosport.com\/pt-pt\/?s={search_term_string}"},"query-input":{"@type":"PropertyValueSpecification","valueRequired":true,"valueName":"search_term_string"}}],"inLanguage":"pt-PT"},{"@type":"Organization","@id":"https:\/\/suelosport.com\/pt-pt\/#organization","name":"Suelosport","url":"https:\/\/suelosport.com\/pt-pt\/","logo":{"@type":"ImageObject","inLanguage":"pt-PT","@id":"https:\/\/suelosport.com\/pt-pt\/#\/schema\/logo\/image\/","url":"https:\/\/suelosport.com\/wp-content\/uploads\/2018\/03\/logo-suelosport.png","contentUrl":"https:\/\/suelosport.com\/wp-content\/uploads\/2018\/03\/logo-suelosport.png","width":300,"height":67,"caption":"Suelosport"},"image":{"@id":"https:\/\/suelosport.com\/pt-pt\/#\/schema\/logo\/image\/"},"sameAs":["https:\/\/www.facebook.com\/Suelosport-2042694182686080\/","https:\/\/www.linkedin.com\/company\/suelosport\/","https:\/\/www.youtube.com\/channel\/UC1eoryUxD4Fw7f1m5wx_vFg?view_as=subscriber"]}]}},"_links":{"self":[{"href":"https:\/\/suelosport.com\/pt-pt\/wp-json\/wp\/v2\/product\/69626","targetHints":{"allow":["GET"]}}],"collection":[{"href":"https:\/\/suelosport.com\/pt-pt\/wp-json\/wp\/v2\/product"}],"about":[{"href":"https:\/\/suelosport.com\/pt-pt\/wp-json\/wp\/v2\/types\/product"}],"replies":[{"embeddable":true,"href":"https:\/\/suelosport.com\/pt-pt\/wp-json\/wp\/v2\/comments?post=69626"}],"wp:featuredmedia":[{"embeddable":true,"href":"https:\/\/suelosport.com\/pt-pt\/wp-json\/wp\/v2\/media\/69632"}],"wp:attachment":[{"href":"https:\/\/suelosport.com\/pt-pt\/wp-json\/wp\/v2\/media?parent=69626"}],"wp:term":[{"taxonomy":"product_brand","embeddable":true,"href":"https:\/\/suelosport.com\/pt-pt\/wp-json\/wp\/v2\/product_brand?post=69626"},{"taxonomy":"product_cat","embeddable":true,"href":"https:\/\/suelosport.com\/pt-pt\/wp-json\/wp\/v2\/product_cat?post=69626"},{"taxonomy":"product_tag","embeddable":true,"href":"https:\/\/suelosport.com\/pt-pt\/wp-json\/wp\/v2\/product_tag?post=69626"}],"curies":[{"name":"wp","href":"https:\/\/api.w.org\/{rel}","templated":true}]}}