{"id":68599,"date":"2025-09-01T15:19:04","date_gmt":"2025-09-01T14:19:04","guid":{"rendered":"https:\/\/suelosport.com\/?post_type=product&#038;p=68599"},"modified":"2026-01-22T12:04:17","modified_gmt":"2026-01-22T11:04:17","slug":"set-discos-con-soporte","status":"publish","type":"product","link":"https:\/\/suelosport.com\/pt-pt\/producto\/set-discos-con-soporte\/","title":{"rendered":"Set discos con soporte"},"content":{"rendered":"<p data-start=\"401\" data-end=\"780\">Lleva tu gimnasio al siguiente nivel con este <strong data-start=\"447\" data-end=\"494\">set de discos con soporte<\/strong>, que combina un soporte compacto y resistente con una amplia variedad de discos para todos los entrenamientos. Disponible en varias configuraciones.<\/p>\n<ul>\n<li data-start=\"401\" data-end=\"780\"><strong>Set<\/strong> de discos ol\u00edmpicos<strong> negros de 0,5 a 25 kg<\/strong>: Pares de discos de 0\u00b45, 1\u00b425, 2\u00b45, 5, 10, 15, 20 y 25 kg<\/li>\n<li><strong>Set<\/strong> de discos ol\u00edmpicos <strong>negros de 5 a 25 kg<\/strong>: Pares de discos de 5, 10, 15, 20 y 25 kg<\/li>\n<li><strong>Set<\/strong> de discos ol\u00edmpicos <strong>color de 0,5 a 25 kg<\/strong>: Pares de discos de 0\u00b45, 1\u00b425, 2\u00b45, 5, 10, 15, 20 y 25 kg<\/li>\n<li><strong>Set<\/strong> de discos ol\u00edmpicos <strong>color de 5 a 25 kg<\/strong>: Pares de discos de 5, 10, 15, 20 y 25 kg<\/li>\n<li><strong>Set<\/strong> de discos <strong>con agarre de 1,25 a 25 kg<\/strong>: Pares de discos de 1\u00b425, 2\u00b45, 5, 10, 15, 20 y 25 kg<\/li>\n<\/ul>\n<p data-start=\"782\" data-end=\"1098\">El <strong data-start=\"785\" data-end=\"806\">soporte de discos<\/strong> est\u00e1 fabricado en acero con recubrimiento en polvo negro, con 8 brazos de 400 mm de longitud que permiten organizar los discos de manera accesible y segura. Su dise\u00f1o compacto y ergon\u00f3mico mantiene el espacio ordenado, mejora la est\u00e9tica del gimnasio y soporta hasta 260 kg de carga total.<\/p>\n<p data-start=\"1100\" data-end=\"1414\">Los discos incluidos son duraderos, f\u00e1ciles de manipular y ofrecen una experiencia de entrenamiento segura, tanto para rutinas de fuerza, CrossTraining como entrenamientos funcionales. Cada variante est\u00e1 pensada para adaptarse a tus necesidades, ya sea para entrenamientos progresivos, uso comercial o dom\u00e9stico.<\/p>\n","protected":false},"excerpt":{"rendered":"<p>Set completo de <strong data-start=\"213\" data-end=\"234\">soporte de discos<\/strong> con discos negros de 0,5 a 25 kg y 5 a 25 kg. Ideal para organizar y optimizar tu gimnasio con estilo y seguridad.<\/p>\n<p><strong>Cierres no incluidos<\/strong><\/p>\n","protected":false},"featured_media":68596,"comment_status":"open","ping_status":"closed","template":"","meta":{"inline_featured_image":false},"product_brand":[],"product_cat":[1801,1906,1909,1800],"product_tag":[],"class_list":{"0":"post-68599","1":"product","2":"type-product","3":"status-publish","4":"has-post-thumbnail","6":"product_cat-musculacion","7":"product_cat-accesorios-fitness","8":"product_cat-packs-musculacion","9":"product_cat-material-fitness","10":"product_shipping_class-todosmenossuelos","12":"first","13":"instock","14":"sale","15":"taxable","16":"shipping-taxable","17":"purchasable","18":"product-type-variable"},"yoast_head":"<!-- This site is optimized with the Yoast SEO plugin v27.1.1 - https:\/\/yoast.com\/product\/yoast-seo-wordpress\/ -->\n<title>Set discos con soporte | Suelosport - Suelos Deportivos<\/title>\n<meta name=\"robots\" content=\"index, follow, max-snippet:-1, max-image-preview:large, max-video-preview:-1\" \/>\n<link rel=\"canonical\" href=\"https:\/\/suelosport.com\/pt-pt\/producto\/set-discos-con-soporte\/\" \/>\n<meta property=\"og:locale\" content=\"pt_PT\" \/>\n<meta property=\"og:type\" content=\"article\" \/>\n<meta property=\"og:title\" content=\"Set discos con soporte | Suelosport - Suelos Deportivos\" \/>\n<meta property=\"og:description\" content=\"Set completo de soporte de discos con discos negros de 0,5 a 25 kg y 5 a 25 kg. Ideal para organizar y optimizar tu gimnasio con estilo y seguridad.  Cierres no incluidos\" \/>\n<meta property=\"og:url\" content=\"https:\/\/suelosport.com\/pt-pt\/producto\/set-discos-con-soporte\/\" \/>\n<meta property=\"og:site_name\" content=\"Suelosport - Suelos Deportivos\" \/>\n<meta property=\"article:publisher\" content=\"https:\/\/www.facebook.com\/Suelosport-2042694182686080\/\" \/>\n<meta property=\"article:modified_time\" content=\"2026-01-22T11:04:17+00:00\" \/>\n<meta property=\"og:image\" content=\"https:\/\/suelosport.com\/wp-content\/uploads\/2025\/08\/RACK-DISCOS-NEGROS-FRACC-2.jpg\" \/>\n\t<meta property=\"og:image:width\" content=\"600\" \/>\n\t<meta property=\"og:image:height\" content=\"600\" \/>\n\t<meta property=\"og:image:type\" content=\"image\/jpeg\" \/>\n<meta name=\"twitter:card\" content=\"summary_large_image\" \/>\n<meta name=\"twitter:label1\" content=\"Tempo estimado de leitura\" \/>\n\t<meta name=\"twitter:data1\" content=\"2 minutos\" \/>\n<script type=\"application\/ld+json\" class=\"yoast-schema-graph\">{\"@context\":\"https:\/\/schema.org\",\"@graph\":[{\"@type\":[\"WebPage\",\"ItemPage\"],\"@id\":\"https:\/\/suelosport.com\/pt-pt\/producto\/set-discos-con-soporte\/\",\"url\":\"https:\/\/suelosport.com\/pt-pt\/producto\/set-discos-con-soporte\/\",\"name\":\"Set discos con soporte | Suelosport - Suelos Deportivos\",\"isPartOf\":{\"@id\":\"https:\/\/suelosport.com\/pt-pt\/#website\"},\"primaryImageOfPage\":{\"@id\":\"https:\/\/suelosport.com\/pt-pt\/producto\/set-discos-con-soporte\/#primaryimage\"},\"image\":{\"@id\":\"https:\/\/suelosport.com\/pt-pt\/producto\/set-discos-con-soporte\/#primaryimage\"},\"thumbnailUrl\":\"https:\/\/suelosport.com\/wp-content\/uploads\/2025\/08\/RACK-DISCOS-NEGROS-FRACC-2.jpg\",\"datePublished\":\"2025-09-01T14:19:04+00:00\",\"dateModified\":\"2026-01-22T11:04:17+00:00\",\"breadcrumb\":{\"@id\":\"https:\/\/suelosport.com\/pt-pt\/producto\/set-discos-con-soporte\/#breadcrumb\"},\"inLanguage\":\"pt-PT\",\"potentialAction\":[{\"@type\":\"ReadAction\",\"target\":[\"https:\/\/suelosport.com\/pt-pt\/producto\/set-discos-con-soporte\/\"]}]},{\"@type\":\"ImageObject\",\"inLanguage\":\"pt-PT\",\"@id\":\"https:\/\/suelosport.com\/pt-pt\/producto\/set-discos-con-soporte\/#primaryimage\",\"url\":\"https:\/\/suelosport.com\/wp-content\/uploads\/2025\/08\/RACK-DISCOS-NEGROS-FRACC-2.jpg\",\"contentUrl\":\"https:\/\/suelosport.com\/wp-content\/uploads\/2025\/08\/RACK-DISCOS-NEGROS-FRACC-2.jpg\",\"width\":600,\"height\":600,\"caption\":\"Set discos ol\u00edmpicos con soporte\"},{\"@type\":\"BreadcrumbList\",\"@id\":\"https:\/\/suelosport.com\/pt-pt\/producto\/set-discos-con-soporte\/#breadcrumb\",\"itemListElement\":[{\"@type\":\"ListItem\",\"position\":1,\"name\":\"Portada\",\"item\":\"https:\/\/suelosport.com\/pt-pt\/\"},{\"@type\":\"ListItem\",\"position\":2,\"name\":\"Tienda\",\"item\":\"https:\/\/suelosport.com\/tienda\/\"},{\"@type\":\"ListItem\",\"position\":3,\"name\":\"Set discos con soporte\"}]},{\"@type\":\"WebSite\",\"@id\":\"https:\/\/suelosport.com\/pt-pt\/#website\",\"url\":\"https:\/\/suelosport.com\/pt-pt\/\",\"name\":\"Suelosport - Suelos Deportivos\",\"description\":\"Suelos para gimnasios, suelos de goma, losetas y suelos antideslizantes\",\"publisher\":{\"@id\":\"https:\/\/suelosport.com\/pt-pt\/#organization\"},\"potentialAction\":[{\"@type\":\"SearchAction\",\"target\":{\"@type\":\"EntryPoint\",\"urlTemplate\":\"https:\/\/suelosport.com\/pt-pt\/?s={search_term_string}\"},\"query-input\":{\"@type\":\"PropertyValueSpecification\",\"valueRequired\":true,\"valueName\":\"search_term_string\"}}],\"inLanguage\":\"pt-PT\"},{\"@type\":\"Organization\",\"@id\":\"https:\/\/suelosport.com\/pt-pt\/#organization\",\"name\":\"Suelosport\",\"url\":\"https:\/\/suelosport.com\/pt-pt\/\",\"logo\":{\"@type\":\"ImageObject\",\"inLanguage\":\"pt-PT\",\"@id\":\"https:\/\/suelosport.com\/pt-pt\/#\/schema\/logo\/image\/\",\"url\":\"https:\/\/suelosport.com\/wp-content\/uploads\/2018\/03\/logo-suelosport.png\",\"contentUrl\":\"https:\/\/suelosport.com\/wp-content\/uploads\/2018\/03\/logo-suelosport.png\",\"width\":300,\"height\":67,\"caption\":\"Suelosport\"},\"image\":{\"@id\":\"https:\/\/suelosport.com\/pt-pt\/#\/schema\/logo\/image\/\"},\"sameAs\":[\"https:\/\/www.facebook.com\/Suelosport-2042694182686080\/\",\"https:\/\/www.linkedin.com\/company\/suelosport\/\",\"https:\/\/www.youtube.com\/channel\/UC1eoryUxD4Fw7f1m5wx_vFg?view_as=subscriber\"]}]}<\/script>\n<!-- \/ Yoast SEO plugin. -->","yoast_head_json":{"title":"Set discos con soporte | Suelosport - Suelos Deportivos","robots":{"index":"index","follow":"follow","max-snippet":"max-snippet:-1","max-image-preview":"max-image-preview:large","max-video-preview":"max-video-preview:-1"},"canonical":"https:\/\/suelosport.com\/pt-pt\/producto\/set-discos-con-soporte\/","og_locale":"pt_PT","og_type":"article","og_title":"Set discos con soporte | Suelosport - Suelos Deportivos","og_description":"Set completo de soporte de discos con discos negros de 0,5 a 25 kg y 5 a 25 kg. Ideal para organizar y optimizar tu gimnasio con estilo y seguridad.  Cierres no incluidos","og_url":"https:\/\/suelosport.com\/pt-pt\/producto\/set-discos-con-soporte\/","og_site_name":"Suelosport - Suelos Deportivos","article_publisher":"https:\/\/www.facebook.com\/Suelosport-2042694182686080\/","article_modified_time":"2026-01-22T11:04:17+00:00","og_image":[{"width":600,"height":600,"url":"https:\/\/suelosport.com\/wp-content\/uploads\/2025\/08\/RACK-DISCOS-NEGROS-FRACC-2.jpg","type":"image\/jpeg"}],"twitter_card":"summary_large_image","twitter_misc":{"Tempo estimado de leitura":"2 minutos"},"schema":{"@context":"https:\/\/schema.org","@graph":[{"@type":["WebPage","ItemPage"],"@id":"https:\/\/suelosport.com\/pt-pt\/producto\/set-discos-con-soporte\/","url":"https:\/\/suelosport.com\/pt-pt\/producto\/set-discos-con-soporte\/","name":"Set discos con soporte | Suelosport - Suelos Deportivos","isPartOf":{"@id":"https:\/\/suelosport.com\/pt-pt\/#website"},"primaryImageOfPage":{"@id":"https:\/\/suelosport.com\/pt-pt\/producto\/set-discos-con-soporte\/#primaryimage"},"image":{"@id":"https:\/\/suelosport.com\/pt-pt\/producto\/set-discos-con-soporte\/#primaryimage"},"thumbnailUrl":"https:\/\/suelosport.com\/wp-content\/uploads\/2025\/08\/RACK-DISCOS-NEGROS-FRACC-2.jpg","datePublished":"2025-09-01T14:19:04+00:00","dateModified":"2026-01-22T11:04:17+00:00","breadcrumb":{"@id":"https:\/\/suelosport.com\/pt-pt\/producto\/set-discos-con-soporte\/#breadcrumb"},"inLanguage":"pt-PT","potentialAction":[{"@type":"ReadAction","target":["https:\/\/suelosport.com\/pt-pt\/producto\/set-discos-con-soporte\/"]}]},{"@type":"ImageObject","inLanguage":"pt-PT","@id":"https:\/\/suelosport.com\/pt-pt\/producto\/set-discos-con-soporte\/#primaryimage","url":"https:\/\/suelosport.com\/wp-content\/uploads\/2025\/08\/RACK-DISCOS-NEGROS-FRACC-2.jpg","contentUrl":"https:\/\/suelosport.com\/wp-content\/uploads\/2025\/08\/RACK-DISCOS-NEGROS-FRACC-2.jpg","width":600,"height":600,"caption":"Set discos ol\u00edmpicos con soporte"},{"@type":"BreadcrumbList","@id":"https:\/\/suelosport.com\/pt-pt\/producto\/set-discos-con-soporte\/#breadcrumb","itemListElement":[{"@type":"ListItem","position":1,"name":"Portada","item":"https:\/\/suelosport.com\/pt-pt\/"},{"@type":"ListItem","position":2,"name":"Tienda","item":"https:\/\/suelosport.com\/tienda\/"},{"@type":"ListItem","position":3,"name":"Set discos con soporte"}]},{"@type":"WebSite","@id":"https:\/\/suelosport.com\/pt-pt\/#website","url":"https:\/\/suelosport.com\/pt-pt\/","name":"Suelosport - Suelos Deportivos","description":"Suelos para gimnasios, suelos de goma, losetas y suelos antideslizantes","publisher":{"@id":"https:\/\/suelosport.com\/pt-pt\/#organization"},"potentialAction":[{"@type":"SearchAction","target":{"@type":"EntryPoint","urlTemplate":"https:\/\/suelosport.com\/pt-pt\/?s={search_term_string}"},"query-input":{"@type":"PropertyValueSpecification","valueRequired":true,"valueName":"search_term_string"}}],"inLanguage":"pt-PT"},{"@type":"Organization","@id":"https:\/\/suelosport.com\/pt-pt\/#organization","name":"Suelosport","url":"https:\/\/suelosport.com\/pt-pt\/","logo":{"@type":"ImageObject","inLanguage":"pt-PT","@id":"https:\/\/suelosport.com\/pt-pt\/#\/schema\/logo\/image\/","url":"https:\/\/suelosport.com\/wp-content\/uploads\/2018\/03\/logo-suelosport.png","contentUrl":"https:\/\/suelosport.com\/wp-content\/uploads\/2018\/03\/logo-suelosport.png","width":300,"height":67,"caption":"Suelosport"},"image":{"@id":"https:\/\/suelosport.com\/pt-pt\/#\/schema\/logo\/image\/"},"sameAs":["https:\/\/www.facebook.com\/Suelosport-2042694182686080\/","https:\/\/www.linkedin.com\/company\/suelosport\/","https:\/\/www.youtube.com\/channel\/UC1eoryUxD4Fw7f1m5wx_vFg?view_as=subscriber"]}]}},"_links":{"self":[{"href":"https:\/\/suelosport.com\/pt-pt\/wp-json\/wp\/v2\/product\/68599","targetHints":{"allow":["GET"]}}],"collection":[{"href":"https:\/\/suelosport.com\/pt-pt\/wp-json\/wp\/v2\/product"}],"about":[{"href":"https:\/\/suelosport.com\/pt-pt\/wp-json\/wp\/v2\/types\/product"}],"replies":[{"embeddable":true,"href":"https:\/\/suelosport.com\/pt-pt\/wp-json\/wp\/v2\/comments?post=68599"}],"wp:featuredmedia":[{"embeddable":true,"href":"https:\/\/suelosport.com\/pt-pt\/wp-json\/wp\/v2\/media\/68596"}],"wp:attachment":[{"href":"https:\/\/suelosport.com\/pt-pt\/wp-json\/wp\/v2\/media?parent=68599"}],"wp:term":[{"taxonomy":"product_brand","embeddable":true,"href":"https:\/\/suelosport.com\/pt-pt\/wp-json\/wp\/v2\/product_brand?post=68599"},{"taxonomy":"product_cat","embeddable":true,"href":"https:\/\/suelosport.com\/pt-pt\/wp-json\/wp\/v2\/product_cat?post=68599"},{"taxonomy":"product_tag","embeddable":true,"href":"https:\/\/suelosport.com\/pt-pt\/wp-json\/wp\/v2\/product_tag?post=68599"}],"curies":[{"name":"wp","href":"https:\/\/api.w.org\/{rel}","templated":true}]}}