{"id":68103,"date":"2025-09-30T10:55:49","date_gmt":"2025-09-30T09:55:49","guid":{"rendered":"https:\/\/suelosport.com\/?post_type=product&#038;p=68103"},"modified":"2025-10-10T09:24:11","modified_gmt":"2025-10-10T08:24:11","slug":"suelo-vinilico-active","status":"publish","type":"product","link":"https:\/\/suelosport.com\/pt-pt\/producto\/suelo-vinilico-active\/","title":{"rendered":"Suelo vin\u00edlico deportivo Active+"},"content":{"rendered":"<p>Suelo vin\u00edlico ideal para <strong>competici\u00f3n y entrenamientos frecuentes.<\/strong><\/p>\n<p>Dise\u00f1ado para entrenamientos intensos y competiciones multideportivas, m\u00e1xima absorci\u00f3n de impactos y superficie reactiva que <strong>mejora el rendimiento en deportes como baloncesto, voleibol, balonmano o b\u00e1dminton<\/strong>.<\/p>\n<p>La textura de este suelo de vinilo en los acabados de madera y lisos, en combinaci\u00f3n con el tratamiento de la superficie,<strong> ofrece el mejor equilibrio entre fricci\u00f3n y control de la adherencia.<\/strong><\/p>\n<p><strong>CARACTER\u00cdSTICAS<\/strong>:<\/p>\n<ul>\n<li>Equilibrio perfecto entre rendimiento y confort para deportes m\u00faltiples<\/li>\n<li>Absorci\u00f3n de impactos<\/li>\n<li>Mejora del juego y sesiones de entrenamiento con una superficie uniformemente reactiva<\/li>\n<li>Adecuado para la pr\u00e1ctica de deportes de alto nivel<\/li>\n<li>Garantiza la seguridad<\/li>\n<li>Reciclable despu\u00e9s del uso<\/li>\n<li>Contiene material reciclado<\/li>\n<li>Espacios m\u00e1s saludables: Emisiones muy bajas de compuestos org\u00e1nicos vol\u00e1tiles (VOC) libres de ftalatos, biocidas y aprobados por el sello de aprobaci\u00f3n Allergy UK<\/li>\n<\/ul>\n<p><strong>USOS<\/strong>:<\/p>\n<ul>\n<li>Muy recomendado para multideporte, baloncesto, voleibol, balonmano, b\u00e1dminton, yoga y taich\u00ed<\/li>\n<li>Adecuado para f\u00fatbol sala y aerobic<\/li>\n<\/ul>\n<p><img loading=\"lazy\" decoding=\"async\" class=\"alignnone size-full wp-image-67882\" src=\"https:\/\/suelosport.com\/wp-content\/uploads\/2025\/08\/Diseno-suelos-centro-entrenamiento.jpg\" alt=\"Dise\u00f1o suelos centro entrenamiento\" width=\"600\" height=\"253\" srcset=\"https:\/\/suelosport.com\/wp-content\/uploads\/2025\/08\/Diseno-suelos-centro-entrenamiento.jpg 600w, https:\/\/suelosport.com\/wp-content\/uploads\/2025\/08\/Diseno-suelos-centro-entrenamiento-510x215.jpg 510w\" sizes=\"auto, (max-width: 600px) 100vw, 600px\" \/><\/p>\n","protected":false},"excerpt":{"rendered":"<p><strong data-start=\"152\" data-end=\"207\">Suelo de vinilo para competici\u00f3n y alto rendimiento<\/strong><br data-start=\"207\" data-end=\"210\" \/>\u00a0Ideal para centros deportivos de alto nivel, garantiza confort, adherencia, resistencia a cargas y un excelente comportamiento t\u00e9cnico, con 23\u202f% de contenido reciclado<\/p>\n<ul>\n<li><strong>Rollo de 20,5 x 2 m\u00a0<\/strong><\/li>\n<li><strong>Espesor de 8,1 mm<\/strong><\/li>\n<\/ul>\n<p>Pide tu presupuesto para adquirir el suelo de 5 m\u00b2 a 30 m\u00b2, o si necesitas m\u00e1s de 250 m\u00b2<\/p>\n<a href=\"\/contacto\/\" class=\"button primary is-primary is-medium\" >\n\t\t<span>SOLICITAR PRESUPUESTO<\/span>\n\t<\/a>\n\n","protected":false},"featured_media":69501,"comment_status":"open","ping_status":"closed","template":"","meta":{"inline_featured_image":false},"product_brand":[],"product_cat":[405],"product_tag":[],"class_list":{"0":"post-68103","1":"product","2":"type-product","3":"status-publish","4":"has-post-thumbnail","6":"product_cat-suelo-vinilico","8":"first","9":"instock","10":"taxable","11":"shipping-taxable","12":"purchasable","13":"product-type-variable"},"yoast_head":"<!-- This site is optimized with the Yoast SEO plugin v27.4 - https:\/\/yoast.com\/product\/yoast-seo-wordpress\/ -->\n<title>Suelo vin\u00edlico deportivo Active+ | Suelosport - Suelos Deportivos<\/title>\n<meta name=\"robots\" content=\"index, follow, max-snippet:-1, max-image-preview:large, max-video-preview:-1\" \/>\n<link rel=\"canonical\" href=\"https:\/\/suelosport.com\/pt-pt\/producto\/suelo-vinilico-active\/\" \/>\n<meta property=\"og:locale\" content=\"pt_PT\" \/>\n<meta property=\"og:type\" content=\"article\" \/>\n<meta property=\"og:title\" content=\"Suelo vin\u00edlico deportivo Active+ | Suelosport - Suelos Deportivos\" \/>\n<meta property=\"og:description\" content=\"Suelo de vinilo para competici\u00f3n y alto rendimiento\u00a0Ideal para centros deportivos de alto nivel, garantiza confort, adherencia, resistencia a cargas y un excelente comportamiento t\u00e9cnico, con 23\u202f% de contenido reciclado   Rollo de 20,5 x 2 m\u00a0  Espesor de 8,1 mm  Pide tu presupuesto para adquirir el suelo de 5 m\u00b2 a 30 m\u00b2, o si necesitas m\u00e1s de 250 m\u00b2\" \/>\n<meta property=\"og:url\" content=\"https:\/\/suelosport.com\/pt-pt\/producto\/suelo-vinilico-active\/\" \/>\n<meta property=\"og:site_name\" content=\"Suelosport - Suelos Deportivos\" \/>\n<meta property=\"article:publisher\" content=\"https:\/\/www.facebook.com\/Suelosport-2042694182686080\/\" \/>\n<meta property=\"article:modified_time\" content=\"2025-10-10T08:24:11+00:00\" \/>\n<meta property=\"og:image\" content=\"https:\/\/suelosport.com\/wp-content\/uploads\/2025\/09\/Pavimento-de-vinilo.jpg\" \/>\n\t<meta property=\"og:image:width\" content=\"700\" \/>\n\t<meta property=\"og:image:height\" content=\"900\" \/>\n\t<meta property=\"og:image:type\" content=\"image\/jpeg\" \/>\n<meta name=\"twitter:card\" content=\"summary_large_image\" \/>\n<meta name=\"twitter:label1\" content=\"Tempo estimado de leitura\" \/>\n\t<meta name=\"twitter:data1\" content=\"2 minutos\" \/>\n<script type=\"application\/ld+json\" class=\"yoast-schema-graph\">{\"@context\":\"https:\\\/\\\/schema.org\",\"@graph\":[{\"@type\":[\"WebPage\",\"ItemPage\"],\"@id\":\"https:\\\/\\\/suelosport.com\\\/pt-pt\\\/producto\\\/suelo-vinilico-active\\\/\",\"url\":\"https:\\\/\\\/suelosport.com\\\/pt-pt\\\/producto\\\/suelo-vinilico-active\\\/\",\"name\":\"Suelo vin\u00edlico deportivo Active+ | Suelosport - Suelos Deportivos\",\"isPartOf\":{\"@id\":\"https:\\\/\\\/suelosport.com\\\/pt-pt\\\/#website\"},\"primaryImageOfPage\":{\"@id\":\"https:\\\/\\\/suelosport.com\\\/pt-pt\\\/producto\\\/suelo-vinilico-active\\\/#primaryimage\"},\"image\":{\"@id\":\"https:\\\/\\\/suelosport.com\\\/pt-pt\\\/producto\\\/suelo-vinilico-active\\\/#primaryimage\"},\"thumbnailUrl\":\"https:\\\/\\\/suelosport.com\\\/wp-content\\\/uploads\\\/2025\\\/09\\\/Pavimento-de-vinilo.jpg\",\"datePublished\":\"2025-09-30T09:55:49+00:00\",\"dateModified\":\"2025-10-10T08:24:11+00:00\",\"breadcrumb\":{\"@id\":\"https:\\\/\\\/suelosport.com\\\/pt-pt\\\/producto\\\/suelo-vinilico-active\\\/#breadcrumb\"},\"inLanguage\":\"pt-PT\",\"potentialAction\":[{\"@type\":\"ReadAction\",\"target\":[\"https:\\\/\\\/suelosport.com\\\/pt-pt\\\/producto\\\/suelo-vinilico-active\\\/\"]}]},{\"@type\":\"ImageObject\",\"inLanguage\":\"pt-PT\",\"@id\":\"https:\\\/\\\/suelosport.com\\\/pt-pt\\\/producto\\\/suelo-vinilico-active\\\/#primaryimage\",\"url\":\"https:\\\/\\\/suelosport.com\\\/wp-content\\\/uploads\\\/2025\\\/09\\\/Pavimento-de-vinilo.jpg\",\"contentUrl\":\"https:\\\/\\\/suelosport.com\\\/wp-content\\\/uploads\\\/2025\\\/09\\\/Pavimento-de-vinilo.jpg\",\"width\":700,\"height\":900,\"caption\":\"Pavimento de vinilo\"},{\"@type\":\"BreadcrumbList\",\"@id\":\"https:\\\/\\\/suelosport.com\\\/pt-pt\\\/producto\\\/suelo-vinilico-active\\\/#breadcrumb\",\"itemListElement\":[{\"@type\":\"ListItem\",\"position\":1,\"name\":\"Portada\",\"item\":\"https:\\\/\\\/suelosport.com\\\/pt-pt\\\/\"},{\"@type\":\"ListItem\",\"position\":2,\"name\":\"Tienda\",\"item\":\"https:\\\/\\\/suelosport.com\\\/tienda\\\/\"},{\"@type\":\"ListItem\",\"position\":3,\"name\":\"Suelo vin\u00edlico deportivo Active+\"}]},{\"@type\":\"WebSite\",\"@id\":\"https:\\\/\\\/suelosport.com\\\/pt-pt\\\/#website\",\"url\":\"https:\\\/\\\/suelosport.com\\\/pt-pt\\\/\",\"name\":\"Suelosport - Suelos Deportivos\",\"description\":\"Suelos para gimnasios, suelos de goma, losetas y suelos antideslizantes\",\"publisher\":{\"@id\":\"https:\\\/\\\/suelosport.com\\\/pt-pt\\\/#organization\"},\"potentialAction\":[{\"@type\":\"SearchAction\",\"target\":{\"@type\":\"EntryPoint\",\"urlTemplate\":\"https:\\\/\\\/suelosport.com\\\/pt-pt\\\/?s={search_term_string}\"},\"query-input\":{\"@type\":\"PropertyValueSpecification\",\"valueRequired\":true,\"valueName\":\"search_term_string\"}}],\"inLanguage\":\"pt-PT\"},{\"@type\":\"Organization\",\"@id\":\"https:\\\/\\\/suelosport.com\\\/pt-pt\\\/#organization\",\"name\":\"Suelosport\",\"url\":\"https:\\\/\\\/suelosport.com\\\/pt-pt\\\/\",\"logo\":{\"@type\":\"ImageObject\",\"inLanguage\":\"pt-PT\",\"@id\":\"https:\\\/\\\/suelosport.com\\\/pt-pt\\\/#\\\/schema\\\/logo\\\/image\\\/\",\"url\":\"https:\\\/\\\/suelosport.com\\\/wp-content\\\/uploads\\\/2018\\\/03\\\/logo-suelosport.png\",\"contentUrl\":\"https:\\\/\\\/suelosport.com\\\/wp-content\\\/uploads\\\/2018\\\/03\\\/logo-suelosport.png\",\"width\":300,\"height\":67,\"caption\":\"Suelosport\"},\"image\":{\"@id\":\"https:\\\/\\\/suelosport.com\\\/pt-pt\\\/#\\\/schema\\\/logo\\\/image\\\/\"},\"sameAs\":[\"https:\\\/\\\/www.facebook.com\\\/Suelosport-2042694182686080\\\/\",\"https:\\\/\\\/www.linkedin.com\\\/company\\\/suelosport\\\/\",\"https:\\\/\\\/www.youtube.com\\\/channel\\\/UC1eoryUxD4Fw7f1m5wx_vFg?view_as=subscriber\"]}]}<\/script>\n<!-- \/ Yoast SEO plugin. -->","yoast_head_json":{"title":"Suelo vin\u00edlico deportivo Active+ | Suelosport - Suelos Deportivos","robots":{"index":"index","follow":"follow","max-snippet":"max-snippet:-1","max-image-preview":"max-image-preview:large","max-video-preview":"max-video-preview:-1"},"canonical":"https:\/\/suelosport.com\/pt-pt\/producto\/suelo-vinilico-active\/","og_locale":"pt_PT","og_type":"article","og_title":"Suelo vin\u00edlico deportivo Active+ | Suelosport - Suelos Deportivos","og_description":"Suelo de vinilo para competici\u00f3n y alto rendimiento\u00a0Ideal para centros deportivos de alto nivel, garantiza confort, adherencia, resistencia a cargas y un excelente comportamiento t\u00e9cnico, con 23\u202f% de contenido reciclado   Rollo de 20,5 x 2 m\u00a0  Espesor de 8,1 mm  Pide tu presupuesto para adquirir el suelo de 5 m\u00b2 a 30 m\u00b2, o si necesitas m\u00e1s de 250 m\u00b2","og_url":"https:\/\/suelosport.com\/pt-pt\/producto\/suelo-vinilico-active\/","og_site_name":"Suelosport - Suelos Deportivos","article_publisher":"https:\/\/www.facebook.com\/Suelosport-2042694182686080\/","article_modified_time":"2025-10-10T08:24:11+00:00","og_image":[{"width":700,"height":900,"url":"https:\/\/suelosport.com\/wp-content\/uploads\/2025\/09\/Pavimento-de-vinilo.jpg","type":"image\/jpeg"}],"twitter_card":"summary_large_image","twitter_misc":{"Tempo estimado de leitura":"2 minutos"},"schema":{"@context":"https:\/\/schema.org","@graph":[{"@type":["WebPage","ItemPage"],"@id":"https:\/\/suelosport.com\/pt-pt\/producto\/suelo-vinilico-active\/","url":"https:\/\/suelosport.com\/pt-pt\/producto\/suelo-vinilico-active\/","name":"Suelo vin\u00edlico deportivo Active+ | Suelosport - Suelos Deportivos","isPartOf":{"@id":"https:\/\/suelosport.com\/pt-pt\/#website"},"primaryImageOfPage":{"@id":"https:\/\/suelosport.com\/pt-pt\/producto\/suelo-vinilico-active\/#primaryimage"},"image":{"@id":"https:\/\/suelosport.com\/pt-pt\/producto\/suelo-vinilico-active\/#primaryimage"},"thumbnailUrl":"https:\/\/suelosport.com\/wp-content\/uploads\/2025\/09\/Pavimento-de-vinilo.jpg","datePublished":"2025-09-30T09:55:49+00:00","dateModified":"2025-10-10T08:24:11+00:00","breadcrumb":{"@id":"https:\/\/suelosport.com\/pt-pt\/producto\/suelo-vinilico-active\/#breadcrumb"},"inLanguage":"pt-PT","potentialAction":[{"@type":"ReadAction","target":["https:\/\/suelosport.com\/pt-pt\/producto\/suelo-vinilico-active\/"]}]},{"@type":"ImageObject","inLanguage":"pt-PT","@id":"https:\/\/suelosport.com\/pt-pt\/producto\/suelo-vinilico-active\/#primaryimage","url":"https:\/\/suelosport.com\/wp-content\/uploads\/2025\/09\/Pavimento-de-vinilo.jpg","contentUrl":"https:\/\/suelosport.com\/wp-content\/uploads\/2025\/09\/Pavimento-de-vinilo.jpg","width":700,"height":900,"caption":"Pavimento de vinilo"},{"@type":"BreadcrumbList","@id":"https:\/\/suelosport.com\/pt-pt\/producto\/suelo-vinilico-active\/#breadcrumb","itemListElement":[{"@type":"ListItem","position":1,"name":"Portada","item":"https:\/\/suelosport.com\/pt-pt\/"},{"@type":"ListItem","position":2,"name":"Tienda","item":"https:\/\/suelosport.com\/tienda\/"},{"@type":"ListItem","position":3,"name":"Suelo vin\u00edlico deportivo Active+"}]},{"@type":"WebSite","@id":"https:\/\/suelosport.com\/pt-pt\/#website","url":"https:\/\/suelosport.com\/pt-pt\/","name":"Suelosport - Suelos Deportivos","description":"Suelos para gimnasios, suelos de goma, losetas y suelos antideslizantes","publisher":{"@id":"https:\/\/suelosport.com\/pt-pt\/#organization"},"potentialAction":[{"@type":"SearchAction","target":{"@type":"EntryPoint","urlTemplate":"https:\/\/suelosport.com\/pt-pt\/?s={search_term_string}"},"query-input":{"@type":"PropertyValueSpecification","valueRequired":true,"valueName":"search_term_string"}}],"inLanguage":"pt-PT"},{"@type":"Organization","@id":"https:\/\/suelosport.com\/pt-pt\/#organization","name":"Suelosport","url":"https:\/\/suelosport.com\/pt-pt\/","logo":{"@type":"ImageObject","inLanguage":"pt-PT","@id":"https:\/\/suelosport.com\/pt-pt\/#\/schema\/logo\/image\/","url":"https:\/\/suelosport.com\/wp-content\/uploads\/2018\/03\/logo-suelosport.png","contentUrl":"https:\/\/suelosport.com\/wp-content\/uploads\/2018\/03\/logo-suelosport.png","width":300,"height":67,"caption":"Suelosport"},"image":{"@id":"https:\/\/suelosport.com\/pt-pt\/#\/schema\/logo\/image\/"},"sameAs":["https:\/\/www.facebook.com\/Suelosport-2042694182686080\/","https:\/\/www.linkedin.com\/company\/suelosport\/","https:\/\/www.youtube.com\/channel\/UC1eoryUxD4Fw7f1m5wx_vFg?view_as=subscriber"]}]}},"_links":{"self":[{"href":"https:\/\/suelosport.com\/pt-pt\/wp-json\/wp\/v2\/product\/68103","targetHints":{"allow":["GET"]}}],"collection":[{"href":"https:\/\/suelosport.com\/pt-pt\/wp-json\/wp\/v2\/product"}],"about":[{"href":"https:\/\/suelosport.com\/pt-pt\/wp-json\/wp\/v2\/types\/product"}],"replies":[{"embeddable":true,"href":"https:\/\/suelosport.com\/pt-pt\/wp-json\/wp\/v2\/comments?post=68103"}],"wp:featuredmedia":[{"embeddable":true,"href":"https:\/\/suelosport.com\/pt-pt\/wp-json\/wp\/v2\/media\/69501"}],"wp:attachment":[{"href":"https:\/\/suelosport.com\/pt-pt\/wp-json\/wp\/v2\/media?parent=68103"}],"wp:term":[{"taxonomy":"product_brand","embeddable":true,"href":"https:\/\/suelosport.com\/pt-pt\/wp-json\/wp\/v2\/product_brand?post=68103"},{"taxonomy":"product_cat","embeddable":true,"href":"https:\/\/suelosport.com\/pt-pt\/wp-json\/wp\/v2\/product_cat?post=68103"},{"taxonomy":"product_tag","embeddable":true,"href":"https:\/\/suelosport.com\/pt-pt\/wp-json\/wp\/v2\/product_tag?post=68103"}],"curies":[{"name":"wp","href":"https:\/\/api.w.org\/{rel}","templated":true}]}}