{"id":67480,"date":"2025-08-07T09:44:47","date_gmt":"2025-08-07T08:44:47","guid":{"rendered":"https:\/\/suelosport.com\/?post_type=product&#038;p=67480"},"modified":"2025-08-07T09:44:47","modified_gmt":"2025-08-07T08:44:47","slug":"bicicleta-bikeerg-concept2-pm5","status":"publish","type":"product","link":"https:\/\/suelosport.com\/pt-pt\/producto\/bicicleta-bikeerg-concept2-pm5\/","title":{"rendered":"Bicicleta BikeErg Concept2 PM5"},"content":{"rendered":"<p>La BikeErg de Concept2 es una bicicleta de aire dise\u00f1ada para ofrecer una <strong>experiencia de entrenamiento \u00fanica<\/strong>. Su sistema de resistencia por aire permite un <strong>pedaleo fluido y adaptativo,<\/strong> ideal para trabajar eficazmente cu\u00e1driceps y gl\u00fateos. Es una <strong>opci\u00f3n de bajo impacto<\/strong>, lo que la hace perfecta para <strong>proteger las articulaciones<\/strong> mientras se realiza un <strong>entrenamiento cardiovascular intenso<\/strong>, capaz de generar un <strong>alto gasto cal\u00f3rico.<\/strong><\/p>\n<p><strong>Recomendaciones de mantenimiento y conservaci\u00f3n:<\/strong> No requiere cuidados exhaustivos, aparte de la limpieza de la misma rutinaria.<\/p>\n","protected":false},"excerpt":{"rendered":"<p>Esta bicicleta es reconocida por su <strong>calidad, versatilidad y rendimiento.<\/strong> Dise\u00f1ada para adaptarse a <strong>cualquier tipo de usuario<\/strong>, es ideal tanto para boxes de CrossFit como para gimnasios comerciales. Funciona con un sistema de <strong>resistencia por aire<\/strong>, el mismo mecanismo utilizado en los remos Concept 2, lo que garantiza una <strong>experiencia fluida y ajustada al esfuerzo del usuario<\/strong>. Uno de sus elementos distintivos es el <strong>embrague<\/strong>, que permite una <strong>transici\u00f3n natural al dejar de pedalear<\/strong>, simulando la sensaci\u00f3n de una bicicleta tradicional. Una opci\u00f3n fiable que cumple con las expectativas m\u00e1s altas.<\/p>\n","protected":false},"featured_media":67482,"comment_status":"open","ping_status":"closed","template":"","meta":{"inline_featured_image":false},"product_brand":[],"product_cat":[430,1632],"product_tag":[],"class_list":{"0":"post-67480","1":"product","2":"type-product","3":"status-publish","4":"has-post-thumbnail","6":"product_cat-bicicletas-estaticas","7":"product_cat-maquinas-cardio","8":"product_shipping_class-todosmenossuelos","10":"first","11":"instock","12":"taxable","13":"shipping-taxable","14":"purchasable","15":"product-type-simple"},"yoast_head":"<!-- This site is optimized with the Yoast SEO plugin v27.4 - https:\/\/yoast.com\/product\/yoast-seo-wordpress\/ -->\n<title>Bicicleta BikeErg Concept2 PM5 | Suelosport - Suelos Deportivos<\/title>\n<meta name=\"robots\" content=\"index, follow, max-snippet:-1, max-image-preview:large, max-video-preview:-1\" \/>\n<link rel=\"canonical\" href=\"https:\/\/suelosport.com\/pt-pt\/producto\/bicicleta-bikeerg-concept2-pm5\/\" \/>\n<meta property=\"og:locale\" content=\"pt_PT\" \/>\n<meta property=\"og:type\" content=\"article\" \/>\n<meta property=\"og:title\" content=\"Bicicleta BikeErg Concept2 PM5 | Suelosport - Suelos Deportivos\" \/>\n<meta property=\"og:description\" content=\"Esta bicicleta es reconocida por su calidad, versatilidad y rendimiento. Dise\u00f1ada para adaptarse a cualquier tipo de usuario, es ideal tanto para boxes de CrossFit como para gimnasios comerciales. Funciona con un sistema de resistencia por aire, el mismo mecanismo utilizado en los remos Concept 2, lo que garantiza una experiencia fluida y ajustada al esfuerzo del usuario. Uno de sus elementos distintivos es el embrague, que permite una transici\u00f3n natural al dejar de pedalear, simulando la sensaci\u00f3n de una bicicleta tradicional. Una opci\u00f3n fiable que cumple con las expectativas m\u00e1s altas.\" \/>\n<meta property=\"og:url\" content=\"https:\/\/suelosport.com\/pt-pt\/producto\/bicicleta-bikeerg-concept2-pm5\/\" \/>\n<meta property=\"og:site_name\" content=\"Suelosport - Suelos Deportivos\" \/>\n<meta property=\"article:publisher\" content=\"https:\/\/www.facebook.com\/Suelosport-2042694182686080\/\" \/>\n<meta property=\"og:image\" content=\"https:\/\/suelosport.com\/wp-content\/uploads\/2025\/07\/Bicicleta-estatica-bikerg.jpg\" \/>\n\t<meta property=\"og:image:width\" content=\"900\" \/>\n\t<meta property=\"og:image:height\" content=\"900\" \/>\n\t<meta property=\"og:image:type\" content=\"image\/jpeg\" \/>\n<meta name=\"twitter:card\" content=\"summary_large_image\" \/>\n<meta name=\"twitter:label1\" content=\"Tempo estimado de leitura\" \/>\n\t<meta name=\"twitter:data1\" content=\"1 minuto\" \/>\n<script type=\"application\/ld+json\" class=\"yoast-schema-graph\">{\"@context\":\"https:\\\/\\\/schema.org\",\"@graph\":[{\"@type\":[\"WebPage\",\"ItemPage\"],\"@id\":\"https:\\\/\\\/suelosport.com\\\/pt-pt\\\/producto\\\/bicicleta-bikeerg-concept2-pm5\\\/\",\"url\":\"https:\\\/\\\/suelosport.com\\\/pt-pt\\\/producto\\\/bicicleta-bikeerg-concept2-pm5\\\/\",\"name\":\"Bicicleta BikeErg Concept2 PM5 | Suelosport - Suelos Deportivos\",\"isPartOf\":{\"@id\":\"https:\\\/\\\/suelosport.com\\\/pt-pt\\\/#website\"},\"primaryImageOfPage\":{\"@id\":\"https:\\\/\\\/suelosport.com\\\/pt-pt\\\/producto\\\/bicicleta-bikeerg-concept2-pm5\\\/#primaryimage\"},\"image\":{\"@id\":\"https:\\\/\\\/suelosport.com\\\/pt-pt\\\/producto\\\/bicicleta-bikeerg-concept2-pm5\\\/#primaryimage\"},\"thumbnailUrl\":\"https:\\\/\\\/suelosport.com\\\/wp-content\\\/uploads\\\/2025\\\/07\\\/Bicicleta-estatica-bikerg.jpg\",\"datePublished\":\"2025-08-07T08:44:47+00:00\",\"breadcrumb\":{\"@id\":\"https:\\\/\\\/suelosport.com\\\/pt-pt\\\/producto\\\/bicicleta-bikeerg-concept2-pm5\\\/#breadcrumb\"},\"inLanguage\":\"pt-PT\",\"potentialAction\":[{\"@type\":\"ReadAction\",\"target\":[\"https:\\\/\\\/suelosport.com\\\/pt-pt\\\/producto\\\/bicicleta-bikeerg-concept2-pm5\\\/\"]}]},{\"@type\":\"ImageObject\",\"inLanguage\":\"pt-PT\",\"@id\":\"https:\\\/\\\/suelosport.com\\\/pt-pt\\\/producto\\\/bicicleta-bikeerg-concept2-pm5\\\/#primaryimage\",\"url\":\"https:\\\/\\\/suelosport.com\\\/wp-content\\\/uploads\\\/2025\\\/07\\\/Bicicleta-estatica-bikerg.jpg\",\"contentUrl\":\"https:\\\/\\\/suelosport.com\\\/wp-content\\\/uploads\\\/2025\\\/07\\\/Bicicleta-estatica-bikerg.jpg\",\"width\":900,\"height\":900,\"caption\":\"Bicicleta est\u00e1tica bikerg\"},{\"@type\":\"BreadcrumbList\",\"@id\":\"https:\\\/\\\/suelosport.com\\\/pt-pt\\\/producto\\\/bicicleta-bikeerg-concept2-pm5\\\/#breadcrumb\",\"itemListElement\":[{\"@type\":\"ListItem\",\"position\":1,\"name\":\"Portada\",\"item\":\"https:\\\/\\\/suelosport.com\\\/pt-pt\\\/\"},{\"@type\":\"ListItem\",\"position\":2,\"name\":\"Tienda\",\"item\":\"https:\\\/\\\/suelosport.com\\\/tienda\\\/\"},{\"@type\":\"ListItem\",\"position\":3,\"name\":\"Bicicleta BikeErg Concept2 PM5\"}]},{\"@type\":\"WebSite\",\"@id\":\"https:\\\/\\\/suelosport.com\\\/pt-pt\\\/#website\",\"url\":\"https:\\\/\\\/suelosport.com\\\/pt-pt\\\/\",\"name\":\"Suelosport - Suelos Deportivos\",\"description\":\"Suelos para gimnasios, suelos de goma, losetas y suelos antideslizantes\",\"publisher\":{\"@id\":\"https:\\\/\\\/suelosport.com\\\/pt-pt\\\/#organization\"},\"potentialAction\":[{\"@type\":\"SearchAction\",\"target\":{\"@type\":\"EntryPoint\",\"urlTemplate\":\"https:\\\/\\\/suelosport.com\\\/pt-pt\\\/?s={search_term_string}\"},\"query-input\":{\"@type\":\"PropertyValueSpecification\",\"valueRequired\":true,\"valueName\":\"search_term_string\"}}],\"inLanguage\":\"pt-PT\"},{\"@type\":\"Organization\",\"@id\":\"https:\\\/\\\/suelosport.com\\\/pt-pt\\\/#organization\",\"name\":\"Suelosport\",\"url\":\"https:\\\/\\\/suelosport.com\\\/pt-pt\\\/\",\"logo\":{\"@type\":\"ImageObject\",\"inLanguage\":\"pt-PT\",\"@id\":\"https:\\\/\\\/suelosport.com\\\/pt-pt\\\/#\\\/schema\\\/logo\\\/image\\\/\",\"url\":\"https:\\\/\\\/suelosport.com\\\/wp-content\\\/uploads\\\/2018\\\/03\\\/logo-suelosport.png\",\"contentUrl\":\"https:\\\/\\\/suelosport.com\\\/wp-content\\\/uploads\\\/2018\\\/03\\\/logo-suelosport.png\",\"width\":300,\"height\":67,\"caption\":\"Suelosport\"},\"image\":{\"@id\":\"https:\\\/\\\/suelosport.com\\\/pt-pt\\\/#\\\/schema\\\/logo\\\/image\\\/\"},\"sameAs\":[\"https:\\\/\\\/www.facebook.com\\\/Suelosport-2042694182686080\\\/\",\"https:\\\/\\\/www.linkedin.com\\\/company\\\/suelosport\\\/\",\"https:\\\/\\\/www.youtube.com\\\/channel\\\/UC1eoryUxD4Fw7f1m5wx_vFg?view_as=subscriber\"]}]}<\/script>\n<!-- \/ Yoast SEO plugin. -->","yoast_head_json":{"title":"Bicicleta BikeErg Concept2 PM5 | Suelosport - Suelos Deportivos","robots":{"index":"index","follow":"follow","max-snippet":"max-snippet:-1","max-image-preview":"max-image-preview:large","max-video-preview":"max-video-preview:-1"},"canonical":"https:\/\/suelosport.com\/pt-pt\/producto\/bicicleta-bikeerg-concept2-pm5\/","og_locale":"pt_PT","og_type":"article","og_title":"Bicicleta BikeErg Concept2 PM5 | Suelosport - Suelos Deportivos","og_description":"Esta bicicleta es reconocida por su calidad, versatilidad y rendimiento. Dise\u00f1ada para adaptarse a cualquier tipo de usuario, es ideal tanto para boxes de CrossFit como para gimnasios comerciales. Funciona con un sistema de resistencia por aire, el mismo mecanismo utilizado en los remos Concept 2, lo que garantiza una experiencia fluida y ajustada al esfuerzo del usuario. Uno de sus elementos distintivos es el embrague, que permite una transici\u00f3n natural al dejar de pedalear, simulando la sensaci\u00f3n de una bicicleta tradicional. Una opci\u00f3n fiable que cumple con las expectativas m\u00e1s altas.","og_url":"https:\/\/suelosport.com\/pt-pt\/producto\/bicicleta-bikeerg-concept2-pm5\/","og_site_name":"Suelosport - Suelos Deportivos","article_publisher":"https:\/\/www.facebook.com\/Suelosport-2042694182686080\/","og_image":[{"width":900,"height":900,"url":"https:\/\/suelosport.com\/wp-content\/uploads\/2025\/07\/Bicicleta-estatica-bikerg.jpg","type":"image\/jpeg"}],"twitter_card":"summary_large_image","twitter_misc":{"Tempo estimado de leitura":"1 minuto"},"schema":{"@context":"https:\/\/schema.org","@graph":[{"@type":["WebPage","ItemPage"],"@id":"https:\/\/suelosport.com\/pt-pt\/producto\/bicicleta-bikeerg-concept2-pm5\/","url":"https:\/\/suelosport.com\/pt-pt\/producto\/bicicleta-bikeerg-concept2-pm5\/","name":"Bicicleta BikeErg Concept2 PM5 | Suelosport - Suelos Deportivos","isPartOf":{"@id":"https:\/\/suelosport.com\/pt-pt\/#website"},"primaryImageOfPage":{"@id":"https:\/\/suelosport.com\/pt-pt\/producto\/bicicleta-bikeerg-concept2-pm5\/#primaryimage"},"image":{"@id":"https:\/\/suelosport.com\/pt-pt\/producto\/bicicleta-bikeerg-concept2-pm5\/#primaryimage"},"thumbnailUrl":"https:\/\/suelosport.com\/wp-content\/uploads\/2025\/07\/Bicicleta-estatica-bikerg.jpg","datePublished":"2025-08-07T08:44:47+00:00","breadcrumb":{"@id":"https:\/\/suelosport.com\/pt-pt\/producto\/bicicleta-bikeerg-concept2-pm5\/#breadcrumb"},"inLanguage":"pt-PT","potentialAction":[{"@type":"ReadAction","target":["https:\/\/suelosport.com\/pt-pt\/producto\/bicicleta-bikeerg-concept2-pm5\/"]}]},{"@type":"ImageObject","inLanguage":"pt-PT","@id":"https:\/\/suelosport.com\/pt-pt\/producto\/bicicleta-bikeerg-concept2-pm5\/#primaryimage","url":"https:\/\/suelosport.com\/wp-content\/uploads\/2025\/07\/Bicicleta-estatica-bikerg.jpg","contentUrl":"https:\/\/suelosport.com\/wp-content\/uploads\/2025\/07\/Bicicleta-estatica-bikerg.jpg","width":900,"height":900,"caption":"Bicicleta est\u00e1tica bikerg"},{"@type":"BreadcrumbList","@id":"https:\/\/suelosport.com\/pt-pt\/producto\/bicicleta-bikeerg-concept2-pm5\/#breadcrumb","itemListElement":[{"@type":"ListItem","position":1,"name":"Portada","item":"https:\/\/suelosport.com\/pt-pt\/"},{"@type":"ListItem","position":2,"name":"Tienda","item":"https:\/\/suelosport.com\/tienda\/"},{"@type":"ListItem","position":3,"name":"Bicicleta BikeErg Concept2 PM5"}]},{"@type":"WebSite","@id":"https:\/\/suelosport.com\/pt-pt\/#website","url":"https:\/\/suelosport.com\/pt-pt\/","name":"Suelosport - Suelos Deportivos","description":"Suelos para gimnasios, suelos de goma, losetas y suelos antideslizantes","publisher":{"@id":"https:\/\/suelosport.com\/pt-pt\/#organization"},"potentialAction":[{"@type":"SearchAction","target":{"@type":"EntryPoint","urlTemplate":"https:\/\/suelosport.com\/pt-pt\/?s={search_term_string}"},"query-input":{"@type":"PropertyValueSpecification","valueRequired":true,"valueName":"search_term_string"}}],"inLanguage":"pt-PT"},{"@type":"Organization","@id":"https:\/\/suelosport.com\/pt-pt\/#organization","name":"Suelosport","url":"https:\/\/suelosport.com\/pt-pt\/","logo":{"@type":"ImageObject","inLanguage":"pt-PT","@id":"https:\/\/suelosport.com\/pt-pt\/#\/schema\/logo\/image\/","url":"https:\/\/suelosport.com\/wp-content\/uploads\/2018\/03\/logo-suelosport.png","contentUrl":"https:\/\/suelosport.com\/wp-content\/uploads\/2018\/03\/logo-suelosport.png","width":300,"height":67,"caption":"Suelosport"},"image":{"@id":"https:\/\/suelosport.com\/pt-pt\/#\/schema\/logo\/image\/"},"sameAs":["https:\/\/www.facebook.com\/Suelosport-2042694182686080\/","https:\/\/www.linkedin.com\/company\/suelosport\/","https:\/\/www.youtube.com\/channel\/UC1eoryUxD4Fw7f1m5wx_vFg?view_as=subscriber"]}]}},"_links":{"self":[{"href":"https:\/\/suelosport.com\/pt-pt\/wp-json\/wp\/v2\/product\/67480","targetHints":{"allow":["GET"]}}],"collection":[{"href":"https:\/\/suelosport.com\/pt-pt\/wp-json\/wp\/v2\/product"}],"about":[{"href":"https:\/\/suelosport.com\/pt-pt\/wp-json\/wp\/v2\/types\/product"}],"replies":[{"embeddable":true,"href":"https:\/\/suelosport.com\/pt-pt\/wp-json\/wp\/v2\/comments?post=67480"}],"wp:featuredmedia":[{"embeddable":true,"href":"https:\/\/suelosport.com\/pt-pt\/wp-json\/wp\/v2\/media\/67482"}],"wp:attachment":[{"href":"https:\/\/suelosport.com\/pt-pt\/wp-json\/wp\/v2\/media?parent=67480"}],"wp:term":[{"taxonomy":"product_brand","embeddable":true,"href":"https:\/\/suelosport.com\/pt-pt\/wp-json\/wp\/v2\/product_brand?post=67480"},{"taxonomy":"product_cat","embeddable":true,"href":"https:\/\/suelosport.com\/pt-pt\/wp-json\/wp\/v2\/product_cat?post=67480"},{"taxonomy":"product_tag","embeddable":true,"href":"https:\/\/suelosport.com\/pt-pt\/wp-json\/wp\/v2\/product_tag?post=67480"}],"curies":[{"name":"wp","href":"https:\/\/api.w.org\/{rel}","templated":true}]}}