{"id":65133,"date":"2025-03-17T09:26:04","date_gmt":"2025-03-17T08:26:04","guid":{"rendered":"https:\/\/suelosport.com\/?post_type=product&#038;p=65133"},"modified":"2026-01-22T12:12:34","modified_gmt":"2026-01-22T11:12:34","slug":"barra-z-con-discos-con-agarre-y-pinzas","status":"publish","type":"product","link":"https:\/\/suelosport.com\/pt-pt\/producto\/barra-z-con-discos-con-agarre-y-pinzas\/","title":{"rendered":"Barra Z con discos con agarre y pinzas"},"content":{"rendered":"<p>Este pack incluye una barra Z de 1,2 m, fabricada en acero cepillado con recubrimiento de cromo endurecido, dise\u00f1ada para brindar un agarre ergon\u00f3mico y seguro. Con un di\u00e1metro de 28 mm y rodamientos de precisi\u00f3n, garantiza movimientos fluidos y eficientes en cada repetici\u00f3n. Su peso de 10 kg y compatibilidad con discos de 50 mm la hacen perfecta para ejercicios de b\u00edceps, tr\u00edceps y entrenamientos de fuerza.<\/p>\n<p>El set se complementa con discos de agarre, elaborados en acero fundido electro plateado y recubiertos con material PEV inodoro. Sus asas de triple agarre permiten una mayor versatilidad en los entrenamientos. Disponibles en opciones de 2,5 a 10 kg o 5 a 15 kg, se ajustan a distintos niveles de exigencia.<\/p>\n<p>Para asegurar estabilidad y evitar movimientos no deseados, el pack incluye pinzas de sujeci\u00f3n para un ajuste firme de los discos. Una opci\u00f3n ideal tanto para entrenamientos en casa como en el gimnasio.<\/p>\n","protected":false},"excerpt":{"rendered":"<p><span style=\"color: #000000;\"><em>INCLUYE<\/em><\/span><\/p>\n<ul>\n<li><span style=\"color: #000000;\">Barra Z\u00a0<\/span><\/li>\n<li><span style=\"color: #000000;\">Pack de par de discos a elegir entre<\/span>\n<ul>\n<li><span style=\"color: #000000;\">De 2\u00b45, 5 y 10 kg<\/span><\/li>\n<li><span style=\"color: #000000;\">De 5, 10 y 15 kg<\/span><\/li>\n<\/ul>\n<\/li>\n<li><span style=\"color: #000000;\">Pinzas para barra<\/span><\/li>\n<\/ul>\n","protected":false},"featured_media":65136,"comment_status":"open","ping_status":"closed","template":"","meta":{"inline_featured_image":false},"product_brand":[],"product_cat":[1800,1801,1906,1909],"product_tag":[],"class_list":{"0":"post-65133","1":"product","2":"type-product","3":"status-publish","4":"has-post-thumbnail","6":"product_cat-material-fitness","7":"product_cat-musculacion","8":"product_cat-accesorios-fitness","9":"product_cat-packs-musculacion","10":"product_shipping_class-todosmenossuelos","12":"first","13":"instock","14":"sale","15":"taxable","16":"shipping-taxable","17":"purchasable","18":"product-type-variable"},"yoast_head":"<!-- This site is optimized with the Yoast SEO plugin v27.1.1 - https:\/\/yoast.com\/product\/yoast-seo-wordpress\/ -->\n<title>Barra Z con discos con agarre y pinzas | Suelosport - Suelos Deportivos<\/title>\n<meta name=\"robots\" content=\"index, follow, max-snippet:-1, max-image-preview:large, max-video-preview:-1\" \/>\n<link rel=\"canonical\" href=\"https:\/\/suelosport.com\/pt-pt\/producto\/barra-z-con-discos-con-agarre-y-pinzas\/\" \/>\n<meta property=\"og:locale\" content=\"pt_PT\" \/>\n<meta property=\"og:type\" content=\"article\" \/>\n<meta property=\"og:title\" content=\"Barra Z con discos con agarre y pinzas | Suelosport - Suelos Deportivos\" \/>\n<meta property=\"og:description\" content=\"INCLUYE   Barra Z\u00a0  Pack de par de discos a elegir entre   De 2\u00b45, 5 y 10 kg  De 5, 10 y 15 kg    Pinzas para barra\" \/>\n<meta property=\"og:url\" content=\"https:\/\/suelosport.com\/pt-pt\/producto\/barra-z-con-discos-con-agarre-y-pinzas\/\" \/>\n<meta property=\"og:site_name\" content=\"Suelosport - Suelos Deportivos\" \/>\n<meta property=\"article:publisher\" content=\"https:\/\/www.facebook.com\/Suelosport-2042694182686080\/\" \/>\n<meta property=\"article:modified_time\" content=\"2026-01-22T11:12:34+00:00\" \/>\n<meta property=\"og:image\" content=\"https:\/\/suelosport.com\/wp-content\/uploads\/2025\/03\/Barra-Z-25-a-10-kg.jpg\" \/>\n\t<meta property=\"og:image:width\" content=\"600\" \/>\n\t<meta property=\"og:image:height\" content=\"600\" \/>\n\t<meta property=\"og:image:type\" content=\"image\/jpeg\" \/>\n<meta name=\"twitter:card\" content=\"summary_large_image\" \/>\n<meta name=\"twitter:label1\" content=\"Tempo estimado de leitura\" \/>\n\t<meta name=\"twitter:data1\" content=\"1 minuto\" \/>\n<script type=\"application\/ld+json\" class=\"yoast-schema-graph\">{\"@context\":\"https:\/\/schema.org\",\"@graph\":[{\"@type\":[\"WebPage\",\"ItemPage\"],\"@id\":\"https:\/\/suelosport.com\/pt-pt\/producto\/barra-z-con-discos-con-agarre-y-pinzas\/\",\"url\":\"https:\/\/suelosport.com\/pt-pt\/producto\/barra-z-con-discos-con-agarre-y-pinzas\/\",\"name\":\"Barra Z con discos con agarre y pinzas | Suelosport - Suelos Deportivos\",\"isPartOf\":{\"@id\":\"https:\/\/suelosport.com\/pt-pt\/#website\"},\"primaryImageOfPage\":{\"@id\":\"https:\/\/suelosport.com\/pt-pt\/producto\/barra-z-con-discos-con-agarre-y-pinzas\/#primaryimage\"},\"image\":{\"@id\":\"https:\/\/suelosport.com\/pt-pt\/producto\/barra-z-con-discos-con-agarre-y-pinzas\/#primaryimage\"},\"thumbnailUrl\":\"https:\/\/suelosport.com\/wp-content\/uploads\/2025\/03\/Barra-Z-25-a-10-kg.jpg\",\"datePublished\":\"2025-03-17T08:26:04+00:00\",\"dateModified\":\"2026-01-22T11:12:34+00:00\",\"breadcrumb\":{\"@id\":\"https:\/\/suelosport.com\/pt-pt\/producto\/barra-z-con-discos-con-agarre-y-pinzas\/#breadcrumb\"},\"inLanguage\":\"pt-PT\",\"potentialAction\":[{\"@type\":\"ReadAction\",\"target\":[\"https:\/\/suelosport.com\/pt-pt\/producto\/barra-z-con-discos-con-agarre-y-pinzas\/\"]}]},{\"@type\":\"ImageObject\",\"inLanguage\":\"pt-PT\",\"@id\":\"https:\/\/suelosport.com\/pt-pt\/producto\/barra-z-con-discos-con-agarre-y-pinzas\/#primaryimage\",\"url\":\"https:\/\/suelosport.com\/wp-content\/uploads\/2025\/03\/Barra-Z-25-a-10-kg.jpg\",\"contentUrl\":\"https:\/\/suelosport.com\/wp-content\/uploads\/2025\/03\/Barra-Z-25-a-10-kg.jpg\",\"width\":600,\"height\":600,\"caption\":\"Barra Z con discos con agarre de 2,5 a 10 kg\"},{\"@type\":\"BreadcrumbList\",\"@id\":\"https:\/\/suelosport.com\/pt-pt\/producto\/barra-z-con-discos-con-agarre-y-pinzas\/#breadcrumb\",\"itemListElement\":[{\"@type\":\"ListItem\",\"position\":1,\"name\":\"Portada\",\"item\":\"https:\/\/suelosport.com\/pt-pt\/\"},{\"@type\":\"ListItem\",\"position\":2,\"name\":\"Tienda\",\"item\":\"https:\/\/suelosport.com\/tienda\/\"},{\"@type\":\"ListItem\",\"position\":3,\"name\":\"Barra Z con discos con agarre y pinzas\"}]},{\"@type\":\"WebSite\",\"@id\":\"https:\/\/suelosport.com\/pt-pt\/#website\",\"url\":\"https:\/\/suelosport.com\/pt-pt\/\",\"name\":\"Suelosport - Suelos Deportivos\",\"description\":\"Suelos para gimnasios, suelos de goma, losetas y suelos antideslizantes\",\"publisher\":{\"@id\":\"https:\/\/suelosport.com\/pt-pt\/#organization\"},\"potentialAction\":[{\"@type\":\"SearchAction\",\"target\":{\"@type\":\"EntryPoint\",\"urlTemplate\":\"https:\/\/suelosport.com\/pt-pt\/?s={search_term_string}\"},\"query-input\":{\"@type\":\"PropertyValueSpecification\",\"valueRequired\":true,\"valueName\":\"search_term_string\"}}],\"inLanguage\":\"pt-PT\"},{\"@type\":\"Organization\",\"@id\":\"https:\/\/suelosport.com\/pt-pt\/#organization\",\"name\":\"Suelosport\",\"url\":\"https:\/\/suelosport.com\/pt-pt\/\",\"logo\":{\"@type\":\"ImageObject\",\"inLanguage\":\"pt-PT\",\"@id\":\"https:\/\/suelosport.com\/pt-pt\/#\/schema\/logo\/image\/\",\"url\":\"https:\/\/suelosport.com\/wp-content\/uploads\/2018\/03\/logo-suelosport.png\",\"contentUrl\":\"https:\/\/suelosport.com\/wp-content\/uploads\/2018\/03\/logo-suelosport.png\",\"width\":300,\"height\":67,\"caption\":\"Suelosport\"},\"image\":{\"@id\":\"https:\/\/suelosport.com\/pt-pt\/#\/schema\/logo\/image\/\"},\"sameAs\":[\"https:\/\/www.facebook.com\/Suelosport-2042694182686080\/\",\"https:\/\/www.linkedin.com\/company\/suelosport\/\",\"https:\/\/www.youtube.com\/channel\/UC1eoryUxD4Fw7f1m5wx_vFg?view_as=subscriber\"]}]}<\/script>\n<!-- \/ Yoast SEO plugin. -->","yoast_head_json":{"title":"Barra Z con discos con agarre y pinzas | Suelosport - Suelos Deportivos","robots":{"index":"index","follow":"follow","max-snippet":"max-snippet:-1","max-image-preview":"max-image-preview:large","max-video-preview":"max-video-preview:-1"},"canonical":"https:\/\/suelosport.com\/pt-pt\/producto\/barra-z-con-discos-con-agarre-y-pinzas\/","og_locale":"pt_PT","og_type":"article","og_title":"Barra Z con discos con agarre y pinzas | Suelosport - Suelos Deportivos","og_description":"INCLUYE   Barra Z\u00a0  Pack de par de discos a elegir entre   De 2\u00b45, 5 y 10 kg  De 5, 10 y 15 kg    Pinzas para barra","og_url":"https:\/\/suelosport.com\/pt-pt\/producto\/barra-z-con-discos-con-agarre-y-pinzas\/","og_site_name":"Suelosport - Suelos Deportivos","article_publisher":"https:\/\/www.facebook.com\/Suelosport-2042694182686080\/","article_modified_time":"2026-01-22T11:12:34+00:00","og_image":[{"width":600,"height":600,"url":"https:\/\/suelosport.com\/wp-content\/uploads\/2025\/03\/Barra-Z-25-a-10-kg.jpg","type":"image\/jpeg"}],"twitter_card":"summary_large_image","twitter_misc":{"Tempo estimado de leitura":"1 minuto"},"schema":{"@context":"https:\/\/schema.org","@graph":[{"@type":["WebPage","ItemPage"],"@id":"https:\/\/suelosport.com\/pt-pt\/producto\/barra-z-con-discos-con-agarre-y-pinzas\/","url":"https:\/\/suelosport.com\/pt-pt\/producto\/barra-z-con-discos-con-agarre-y-pinzas\/","name":"Barra Z con discos con agarre y pinzas | Suelosport - Suelos Deportivos","isPartOf":{"@id":"https:\/\/suelosport.com\/pt-pt\/#website"},"primaryImageOfPage":{"@id":"https:\/\/suelosport.com\/pt-pt\/producto\/barra-z-con-discos-con-agarre-y-pinzas\/#primaryimage"},"image":{"@id":"https:\/\/suelosport.com\/pt-pt\/producto\/barra-z-con-discos-con-agarre-y-pinzas\/#primaryimage"},"thumbnailUrl":"https:\/\/suelosport.com\/wp-content\/uploads\/2025\/03\/Barra-Z-25-a-10-kg.jpg","datePublished":"2025-03-17T08:26:04+00:00","dateModified":"2026-01-22T11:12:34+00:00","breadcrumb":{"@id":"https:\/\/suelosport.com\/pt-pt\/producto\/barra-z-con-discos-con-agarre-y-pinzas\/#breadcrumb"},"inLanguage":"pt-PT","potentialAction":[{"@type":"ReadAction","target":["https:\/\/suelosport.com\/pt-pt\/producto\/barra-z-con-discos-con-agarre-y-pinzas\/"]}]},{"@type":"ImageObject","inLanguage":"pt-PT","@id":"https:\/\/suelosport.com\/pt-pt\/producto\/barra-z-con-discos-con-agarre-y-pinzas\/#primaryimage","url":"https:\/\/suelosport.com\/wp-content\/uploads\/2025\/03\/Barra-Z-25-a-10-kg.jpg","contentUrl":"https:\/\/suelosport.com\/wp-content\/uploads\/2025\/03\/Barra-Z-25-a-10-kg.jpg","width":600,"height":600,"caption":"Barra Z con discos con agarre de 2,5 a 10 kg"},{"@type":"BreadcrumbList","@id":"https:\/\/suelosport.com\/pt-pt\/producto\/barra-z-con-discos-con-agarre-y-pinzas\/#breadcrumb","itemListElement":[{"@type":"ListItem","position":1,"name":"Portada","item":"https:\/\/suelosport.com\/pt-pt\/"},{"@type":"ListItem","position":2,"name":"Tienda","item":"https:\/\/suelosport.com\/tienda\/"},{"@type":"ListItem","position":3,"name":"Barra Z con discos con agarre y pinzas"}]},{"@type":"WebSite","@id":"https:\/\/suelosport.com\/pt-pt\/#website","url":"https:\/\/suelosport.com\/pt-pt\/","name":"Suelosport - Suelos Deportivos","description":"Suelos para gimnasios, suelos de goma, losetas y suelos antideslizantes","publisher":{"@id":"https:\/\/suelosport.com\/pt-pt\/#organization"},"potentialAction":[{"@type":"SearchAction","target":{"@type":"EntryPoint","urlTemplate":"https:\/\/suelosport.com\/pt-pt\/?s={search_term_string}"},"query-input":{"@type":"PropertyValueSpecification","valueRequired":true,"valueName":"search_term_string"}}],"inLanguage":"pt-PT"},{"@type":"Organization","@id":"https:\/\/suelosport.com\/pt-pt\/#organization","name":"Suelosport","url":"https:\/\/suelosport.com\/pt-pt\/","logo":{"@type":"ImageObject","inLanguage":"pt-PT","@id":"https:\/\/suelosport.com\/pt-pt\/#\/schema\/logo\/image\/","url":"https:\/\/suelosport.com\/wp-content\/uploads\/2018\/03\/logo-suelosport.png","contentUrl":"https:\/\/suelosport.com\/wp-content\/uploads\/2018\/03\/logo-suelosport.png","width":300,"height":67,"caption":"Suelosport"},"image":{"@id":"https:\/\/suelosport.com\/pt-pt\/#\/schema\/logo\/image\/"},"sameAs":["https:\/\/www.facebook.com\/Suelosport-2042694182686080\/","https:\/\/www.linkedin.com\/company\/suelosport\/","https:\/\/www.youtube.com\/channel\/UC1eoryUxD4Fw7f1m5wx_vFg?view_as=subscriber"]}]}},"_links":{"self":[{"href":"https:\/\/suelosport.com\/pt-pt\/wp-json\/wp\/v2\/product\/65133","targetHints":{"allow":["GET"]}}],"collection":[{"href":"https:\/\/suelosport.com\/pt-pt\/wp-json\/wp\/v2\/product"}],"about":[{"href":"https:\/\/suelosport.com\/pt-pt\/wp-json\/wp\/v2\/types\/product"}],"replies":[{"embeddable":true,"href":"https:\/\/suelosport.com\/pt-pt\/wp-json\/wp\/v2\/comments?post=65133"}],"wp:featuredmedia":[{"embeddable":true,"href":"https:\/\/suelosport.com\/pt-pt\/wp-json\/wp\/v2\/media\/65136"}],"wp:attachment":[{"href":"https:\/\/suelosport.com\/pt-pt\/wp-json\/wp\/v2\/media?parent=65133"}],"wp:term":[{"taxonomy":"product_brand","embeddable":true,"href":"https:\/\/suelosport.com\/pt-pt\/wp-json\/wp\/v2\/product_brand?post=65133"},{"taxonomy":"product_cat","embeddable":true,"href":"https:\/\/suelosport.com\/pt-pt\/wp-json\/wp\/v2\/product_cat?post=65133"},{"taxonomy":"product_tag","embeddable":true,"href":"https:\/\/suelosport.com\/pt-pt\/wp-json\/wp\/v2\/product_tag?post=65133"}],"curies":[{"name":"wp","href":"https:\/\/api.w.org\/{rel}","templated":true}]}}