{"id":65099,"date":"2025-03-17T09:24:32","date_gmt":"2025-03-17T08:24:32","guid":{"rendered":"https:\/\/suelosport.com\/?post_type=product&#038;p=65099"},"modified":"2026-01-22T12:10:53","modified_gmt":"2026-01-22T11:10:53","slug":"barra-olimpica-de-15-kg-con-discos-bumper-y-cierre-con-bloqueo","status":"publish","type":"product","link":"https:\/\/suelosport.com\/pt-pt\/producto\/barra-olimpica-de-15-kg-con-discos-bumper-y-cierre-con-bloqueo\/","title":{"rendered":"Barra Ol\u00edmpica de 15 kg con discos bumper y cierre con bloqueo"},"content":{"rendered":"<p>Este set cuenta con una barra ol\u00edmpica de 15 kg, dise\u00f1ada para soportar hasta 545 kg de carga m\u00e1xima. Construida con cromo endurecido, garantiza una excelente durabilidad y un agarre seguro para entrenamientos de alta intensidad y fuerza.<\/p>\n<p>Puedes complementar tu equipo con un set de discos bumper de acero inoxidable recubiertos de goma, disponibles en negro o en colores. Los pesos var\u00edan entre 5 y 15 kg, permitiendo ajustarse a distintos niveles de entrenamiento.<\/p>\n<p>Para una m\u00e1xima estabilidad, el pack incluye cierres de bloqueo que mantienen los discos firmemente en su lugar, evitando deslizamientos. Un equipo perfecto para optimizar tu rendimiento en levantamientos y entrenamientos exigentes.<\/p>\n","protected":false},"excerpt":{"rendered":"<p><em>INCLUYE<\/em><\/p>\n<ul>\n<li>Barra Ol\u00edmpica 15 kg \u2013\u00a0<strong>Carga m\u00e1xima 545 kg<\/strong><\/li>\n<li>Pack de par de discos a elegir negros o color\n<ul>\n<li>De 5, 10, 15, 20 y 25 kg<\/li>\n<li>De 0\u00b45, 1\u00b425, 2\u00b45, 5, 10, 15, 20 y 25 kg<\/li>\n<\/ul>\n<\/li>\n<li>Cierre con bloqueo<\/li>\n<\/ul>\n","protected":false},"featured_media":65084,"comment_status":"open","ping_status":"closed","template":"","meta":{"inline_featured_image":false},"product_brand":[],"product_cat":[1800,1801,1906,1909],"product_tag":[],"class_list":{"0":"post-65099","1":"product","2":"type-product","3":"status-publish","4":"has-post-thumbnail","6":"product_cat-material-fitness","7":"product_cat-musculacion","8":"product_cat-accesorios-fitness","9":"product_cat-packs-musculacion","10":"product_shipping_class-todosmenossuelos","12":"first","13":"instock","14":"sale","15":"taxable","16":"shipping-taxable","17":"purchasable","18":"product-type-variable"},"yoast_head":"<!-- This site is optimized with the Yoast SEO plugin v27.1.1 - https:\/\/yoast.com\/product\/yoast-seo-wordpress\/ -->\n<title>Barra Ol\u00edmpica de 15 kg con discos bumper y cierre con bloqueo | Suelosport - Suelos Deportivos<\/title>\n<meta name=\"robots\" content=\"index, follow, max-snippet:-1, max-image-preview:large, max-video-preview:-1\" \/>\n<link rel=\"canonical\" href=\"https:\/\/suelosport.com\/pt-pt\/producto\/barra-olimpica-de-15-kg-con-discos-bumper-y-cierre-con-bloqueo\/\" \/>\n<meta property=\"og:locale\" content=\"pt_PT\" \/>\n<meta property=\"og:type\" content=\"article\" \/>\n<meta property=\"og:title\" content=\"Barra Ol\u00edmpica de 15 kg con discos bumper y cierre con bloqueo | Suelosport - Suelos Deportivos\" \/>\n<meta property=\"og:description\" content=\"INCLUYE   Barra Ol\u00edmpica 15 kg \u2013\u00a0Carga m\u00e1xima 545 kg  Pack de par de discos a elegir negros o color   De 5, 10, 15, 20 y 25 kg  De 0\u00b45, 1\u00b425, 2\u00b45, 5, 10, 15, 20 y 25 kg    Cierre con bloqueo\" \/>\n<meta property=\"og:url\" content=\"https:\/\/suelosport.com\/pt-pt\/producto\/barra-olimpica-de-15-kg-con-discos-bumper-y-cierre-con-bloqueo\/\" \/>\n<meta property=\"og:site_name\" content=\"Suelosport - Suelos Deportivos\" \/>\n<meta property=\"article:publisher\" content=\"https:\/\/www.facebook.com\/Suelosport-2042694182686080\/\" \/>\n<meta property=\"article:modified_time\" content=\"2026-01-22T11:10:53+00:00\" \/>\n<meta property=\"og:image\" content=\"https:\/\/suelosport.com\/wp-content\/uploads\/2025\/03\/Barra-recta-con-discos-negros-de-5-a-25-kg-.jpg\" \/>\n\t<meta property=\"og:image:width\" content=\"600\" \/>\n\t<meta property=\"og:image:height\" content=\"600\" \/>\n\t<meta property=\"og:image:type\" content=\"image\/jpeg\" \/>\n<meta name=\"twitter:card\" content=\"summary_large_image\" \/>\n<meta name=\"twitter:label1\" content=\"Tempo estimado de leitura\" \/>\n\t<meta name=\"twitter:data1\" content=\"1 minuto\" \/>\n<script type=\"application\/ld+json\" class=\"yoast-schema-graph\">{\"@context\":\"https:\/\/schema.org\",\"@graph\":[{\"@type\":[\"WebPage\",\"ItemPage\"],\"@id\":\"https:\/\/suelosport.com\/pt-pt\/producto\/barra-olimpica-de-15-kg-con-discos-bumper-y-cierre-con-bloqueo\/\",\"url\":\"https:\/\/suelosport.com\/pt-pt\/producto\/barra-olimpica-de-15-kg-con-discos-bumper-y-cierre-con-bloqueo\/\",\"name\":\"Barra Ol\u00edmpica de 15 kg con discos bumper y cierre con bloqueo | Suelosport - Suelos Deportivos\",\"isPartOf\":{\"@id\":\"https:\/\/suelosport.com\/pt-pt\/#website\"},\"primaryImageOfPage\":{\"@id\":\"https:\/\/suelosport.com\/pt-pt\/producto\/barra-olimpica-de-15-kg-con-discos-bumper-y-cierre-con-bloqueo\/#primaryimage\"},\"image\":{\"@id\":\"https:\/\/suelosport.com\/pt-pt\/producto\/barra-olimpica-de-15-kg-con-discos-bumper-y-cierre-con-bloqueo\/#primaryimage\"},\"thumbnailUrl\":\"https:\/\/suelosport.com\/wp-content\/uploads\/2025\/03\/Barra-recta-con-discos-negros-de-5-a-25-kg-.jpg\",\"datePublished\":\"2025-03-17T08:24:32+00:00\",\"dateModified\":\"2026-01-22T11:10:53+00:00\",\"breadcrumb\":{\"@id\":\"https:\/\/suelosport.com\/pt-pt\/producto\/barra-olimpica-de-15-kg-con-discos-bumper-y-cierre-con-bloqueo\/#breadcrumb\"},\"inLanguage\":\"pt-PT\",\"potentialAction\":[{\"@type\":\"ReadAction\",\"target\":[\"https:\/\/suelosport.com\/pt-pt\/producto\/barra-olimpica-de-15-kg-con-discos-bumper-y-cierre-con-bloqueo\/\"]}]},{\"@type\":\"ImageObject\",\"inLanguage\":\"pt-PT\",\"@id\":\"https:\/\/suelosport.com\/pt-pt\/producto\/barra-olimpica-de-15-kg-con-discos-bumper-y-cierre-con-bloqueo\/#primaryimage\",\"url\":\"https:\/\/suelosport.com\/wp-content\/uploads\/2025\/03\/Barra-recta-con-discos-negros-de-5-a-25-kg-.jpg\",\"contentUrl\":\"https:\/\/suelosport.com\/wp-content\/uploads\/2025\/03\/Barra-recta-con-discos-negros-de-5-a-25-kg-.jpg\",\"width\":600,\"height\":600,\"caption\":\"Barra recta con discos negros de 5 a 25 kg\"},{\"@type\":\"BreadcrumbList\",\"@id\":\"https:\/\/suelosport.com\/pt-pt\/producto\/barra-olimpica-de-15-kg-con-discos-bumper-y-cierre-con-bloqueo\/#breadcrumb\",\"itemListElement\":[{\"@type\":\"ListItem\",\"position\":1,\"name\":\"Portada\",\"item\":\"https:\/\/suelosport.com\/pt-pt\/\"},{\"@type\":\"ListItem\",\"position\":2,\"name\":\"Tienda\",\"item\":\"https:\/\/suelosport.com\/tienda\/\"},{\"@type\":\"ListItem\",\"position\":3,\"name\":\"Barra Ol\u00edmpica de 15 kg con discos bumper y cierre con bloqueo\"}]},{\"@type\":\"WebSite\",\"@id\":\"https:\/\/suelosport.com\/pt-pt\/#website\",\"url\":\"https:\/\/suelosport.com\/pt-pt\/\",\"name\":\"Suelosport - Suelos Deportivos\",\"description\":\"Suelos para gimnasios, suelos de goma, losetas y suelos antideslizantes\",\"publisher\":{\"@id\":\"https:\/\/suelosport.com\/pt-pt\/#organization\"},\"potentialAction\":[{\"@type\":\"SearchAction\",\"target\":{\"@type\":\"EntryPoint\",\"urlTemplate\":\"https:\/\/suelosport.com\/pt-pt\/?s={search_term_string}\"},\"query-input\":{\"@type\":\"PropertyValueSpecification\",\"valueRequired\":true,\"valueName\":\"search_term_string\"}}],\"inLanguage\":\"pt-PT\"},{\"@type\":\"Organization\",\"@id\":\"https:\/\/suelosport.com\/pt-pt\/#organization\",\"name\":\"Suelosport\",\"url\":\"https:\/\/suelosport.com\/pt-pt\/\",\"logo\":{\"@type\":\"ImageObject\",\"inLanguage\":\"pt-PT\",\"@id\":\"https:\/\/suelosport.com\/pt-pt\/#\/schema\/logo\/image\/\",\"url\":\"https:\/\/suelosport.com\/wp-content\/uploads\/2018\/03\/logo-suelosport.png\",\"contentUrl\":\"https:\/\/suelosport.com\/wp-content\/uploads\/2018\/03\/logo-suelosport.png\",\"width\":300,\"height\":67,\"caption\":\"Suelosport\"},\"image\":{\"@id\":\"https:\/\/suelosport.com\/pt-pt\/#\/schema\/logo\/image\/\"},\"sameAs\":[\"https:\/\/www.facebook.com\/Suelosport-2042694182686080\/\",\"https:\/\/www.linkedin.com\/company\/suelosport\/\",\"https:\/\/www.youtube.com\/channel\/UC1eoryUxD4Fw7f1m5wx_vFg?view_as=subscriber\"]}]}<\/script>\n<!-- \/ Yoast SEO plugin. -->","yoast_head_json":{"title":"Barra Ol\u00edmpica de 15 kg con discos bumper y cierre con bloqueo | Suelosport - Suelos Deportivos","robots":{"index":"index","follow":"follow","max-snippet":"max-snippet:-1","max-image-preview":"max-image-preview:large","max-video-preview":"max-video-preview:-1"},"canonical":"https:\/\/suelosport.com\/pt-pt\/producto\/barra-olimpica-de-15-kg-con-discos-bumper-y-cierre-con-bloqueo\/","og_locale":"pt_PT","og_type":"article","og_title":"Barra Ol\u00edmpica de 15 kg con discos bumper y cierre con bloqueo | Suelosport - Suelos Deportivos","og_description":"INCLUYE   Barra Ol\u00edmpica 15 kg \u2013\u00a0Carga m\u00e1xima 545 kg  Pack de par de discos a elegir negros o color   De 5, 10, 15, 20 y 25 kg  De 0\u00b45, 1\u00b425, 2\u00b45, 5, 10, 15, 20 y 25 kg    Cierre con bloqueo","og_url":"https:\/\/suelosport.com\/pt-pt\/producto\/barra-olimpica-de-15-kg-con-discos-bumper-y-cierre-con-bloqueo\/","og_site_name":"Suelosport - Suelos Deportivos","article_publisher":"https:\/\/www.facebook.com\/Suelosport-2042694182686080\/","article_modified_time":"2026-01-22T11:10:53+00:00","og_image":[{"width":600,"height":600,"url":"https:\/\/suelosport.com\/wp-content\/uploads\/2025\/03\/Barra-recta-con-discos-negros-de-5-a-25-kg-.jpg","type":"image\/jpeg"}],"twitter_card":"summary_large_image","twitter_misc":{"Tempo estimado de leitura":"1 minuto"},"schema":{"@context":"https:\/\/schema.org","@graph":[{"@type":["WebPage","ItemPage"],"@id":"https:\/\/suelosport.com\/pt-pt\/producto\/barra-olimpica-de-15-kg-con-discos-bumper-y-cierre-con-bloqueo\/","url":"https:\/\/suelosport.com\/pt-pt\/producto\/barra-olimpica-de-15-kg-con-discos-bumper-y-cierre-con-bloqueo\/","name":"Barra Ol\u00edmpica de 15 kg con discos bumper y cierre con bloqueo | Suelosport - Suelos Deportivos","isPartOf":{"@id":"https:\/\/suelosport.com\/pt-pt\/#website"},"primaryImageOfPage":{"@id":"https:\/\/suelosport.com\/pt-pt\/producto\/barra-olimpica-de-15-kg-con-discos-bumper-y-cierre-con-bloqueo\/#primaryimage"},"image":{"@id":"https:\/\/suelosport.com\/pt-pt\/producto\/barra-olimpica-de-15-kg-con-discos-bumper-y-cierre-con-bloqueo\/#primaryimage"},"thumbnailUrl":"https:\/\/suelosport.com\/wp-content\/uploads\/2025\/03\/Barra-recta-con-discos-negros-de-5-a-25-kg-.jpg","datePublished":"2025-03-17T08:24:32+00:00","dateModified":"2026-01-22T11:10:53+00:00","breadcrumb":{"@id":"https:\/\/suelosport.com\/pt-pt\/producto\/barra-olimpica-de-15-kg-con-discos-bumper-y-cierre-con-bloqueo\/#breadcrumb"},"inLanguage":"pt-PT","potentialAction":[{"@type":"ReadAction","target":["https:\/\/suelosport.com\/pt-pt\/producto\/barra-olimpica-de-15-kg-con-discos-bumper-y-cierre-con-bloqueo\/"]}]},{"@type":"ImageObject","inLanguage":"pt-PT","@id":"https:\/\/suelosport.com\/pt-pt\/producto\/barra-olimpica-de-15-kg-con-discos-bumper-y-cierre-con-bloqueo\/#primaryimage","url":"https:\/\/suelosport.com\/wp-content\/uploads\/2025\/03\/Barra-recta-con-discos-negros-de-5-a-25-kg-.jpg","contentUrl":"https:\/\/suelosport.com\/wp-content\/uploads\/2025\/03\/Barra-recta-con-discos-negros-de-5-a-25-kg-.jpg","width":600,"height":600,"caption":"Barra recta con discos negros de 5 a 25 kg"},{"@type":"BreadcrumbList","@id":"https:\/\/suelosport.com\/pt-pt\/producto\/barra-olimpica-de-15-kg-con-discos-bumper-y-cierre-con-bloqueo\/#breadcrumb","itemListElement":[{"@type":"ListItem","position":1,"name":"Portada","item":"https:\/\/suelosport.com\/pt-pt\/"},{"@type":"ListItem","position":2,"name":"Tienda","item":"https:\/\/suelosport.com\/tienda\/"},{"@type":"ListItem","position":3,"name":"Barra Ol\u00edmpica de 15 kg con discos bumper y cierre con bloqueo"}]},{"@type":"WebSite","@id":"https:\/\/suelosport.com\/pt-pt\/#website","url":"https:\/\/suelosport.com\/pt-pt\/","name":"Suelosport - Suelos Deportivos","description":"Suelos para gimnasios, suelos de goma, losetas y suelos antideslizantes","publisher":{"@id":"https:\/\/suelosport.com\/pt-pt\/#organization"},"potentialAction":[{"@type":"SearchAction","target":{"@type":"EntryPoint","urlTemplate":"https:\/\/suelosport.com\/pt-pt\/?s={search_term_string}"},"query-input":{"@type":"PropertyValueSpecification","valueRequired":true,"valueName":"search_term_string"}}],"inLanguage":"pt-PT"},{"@type":"Organization","@id":"https:\/\/suelosport.com\/pt-pt\/#organization","name":"Suelosport","url":"https:\/\/suelosport.com\/pt-pt\/","logo":{"@type":"ImageObject","inLanguage":"pt-PT","@id":"https:\/\/suelosport.com\/pt-pt\/#\/schema\/logo\/image\/","url":"https:\/\/suelosport.com\/wp-content\/uploads\/2018\/03\/logo-suelosport.png","contentUrl":"https:\/\/suelosport.com\/wp-content\/uploads\/2018\/03\/logo-suelosport.png","width":300,"height":67,"caption":"Suelosport"},"image":{"@id":"https:\/\/suelosport.com\/pt-pt\/#\/schema\/logo\/image\/"},"sameAs":["https:\/\/www.facebook.com\/Suelosport-2042694182686080\/","https:\/\/www.linkedin.com\/company\/suelosport\/","https:\/\/www.youtube.com\/channel\/UC1eoryUxD4Fw7f1m5wx_vFg?view_as=subscriber"]}]}},"_links":{"self":[{"href":"https:\/\/suelosport.com\/pt-pt\/wp-json\/wp\/v2\/product\/65099","targetHints":{"allow":["GET"]}}],"collection":[{"href":"https:\/\/suelosport.com\/pt-pt\/wp-json\/wp\/v2\/product"}],"about":[{"href":"https:\/\/suelosport.com\/pt-pt\/wp-json\/wp\/v2\/types\/product"}],"replies":[{"embeddable":true,"href":"https:\/\/suelosport.com\/pt-pt\/wp-json\/wp\/v2\/comments?post=65099"}],"wp:featuredmedia":[{"embeddable":true,"href":"https:\/\/suelosport.com\/pt-pt\/wp-json\/wp\/v2\/media\/65084"}],"wp:attachment":[{"href":"https:\/\/suelosport.com\/pt-pt\/wp-json\/wp\/v2\/media?parent=65099"}],"wp:term":[{"taxonomy":"product_brand","embeddable":true,"href":"https:\/\/suelosport.com\/pt-pt\/wp-json\/wp\/v2\/product_brand?post=65099"},{"taxonomy":"product_cat","embeddable":true,"href":"https:\/\/suelosport.com\/pt-pt\/wp-json\/wp\/v2\/product_cat?post=65099"},{"taxonomy":"product_tag","embeddable":true,"href":"https:\/\/suelosport.com\/pt-pt\/wp-json\/wp\/v2\/product_tag?post=65099"}],"curies":[{"name":"wp","href":"https:\/\/api.w.org\/{rel}","templated":true}]}}