{"id":64927,"date":"2025-03-06T12:02:15","date_gmt":"2025-03-06T11:02:15","guid":{"rendered":"https:\/\/suelosport.com\/?post_type=product&#038;p=64927"},"modified":"2026-01-21T08:53:53","modified_gmt":"2026-01-21T07:53:53","slug":"bicicleta-de-spinning-smart-bike-bh-osaka","status":"publish","type":"product","link":"https:\/\/suelosport.com\/pt-pt\/producto\/bicicleta-de-spinning-smart-bike-bh-osaka\/","title":{"rendered":"Bicicleta de Spinning Smart bike BH Osaka"},"content":{"rendered":"<p data-start=\"0\" data-end=\"439\">La <strong data-start=\"3\" data-end=\"48\">Bicicleta de Spinning Smart Bike BH Osaka<\/strong> esta equipada con un sistema de <strong>resistencia magn\u00e9tica, el BH Osaka garantiza un pedaleo suave y silencioso<\/strong>, permiti\u00e9ndote entrenar en cualquier ambiente sin molestias. Su pantalla integrada <strong>ofrece datos en tiempo real como la velocidad, distancia, frecuencia card\u00edaca y calor\u00edas quemadas,<\/strong> ayud\u00e1ndote a realizar un seguimiento detallado de tu progreso. Adem\u00e1s, la conexi\u00f3n Bluetooth te permite sincronizarla con aplicaciones de fitness populares, brindando acceso a un programa.<\/p>\n<p data-start=\"0\" data-end=\"439\">La estructura robusta y ergon\u00f3mica de la BH Osaka<strong> asegura una postura correcta y c\u00f3moda durante todo el entrenamiento<\/strong>, con un ajuste f\u00e1cil en el manillar y el sill\u00edn para adaptarse a diferentes tipos de cuerpo.<\/p>\n<p data-pm-slice=\"1 1 []\">Es una opci\u00f3n excepcional para quienes buscan un <strong>entrenamiento completo y personalizado<\/strong>. Su avanzada tecnolog\u00eda de resistencia magn\u00e9tica, junto con su pantalla integrada y conexi\u00f3n Bluetooth, permite monitorear tu progreso en tiempo real y acceder a programas de entrenamiento interactivos.<strong> Su dise\u00f1o ergon\u00f3mico y ajustable garantiza comodidad y una postura adecuada durante cada sesi\u00f3n<\/strong>. Con una est\u00e9tica moderna y funcional, esta bicicleta no solo ofrece alto rendimiento, sino que tambi\u00e9n <strong>se adapta perfectamente a cualquier espacio<\/strong>, convirti\u00e9ndola en una pieza clave para llevar tu entrenamiento al siguiente nivel.<\/p>\n","protected":false},"excerpt":{"rendered":"<p data-pm-slice=\"1 1 []\">La Bicicleta de Spinning Smart Bike BH Osaka combina tecnolog\u00eda avanzada, resistencia magn\u00e9tica y dise\u00f1o ergon\u00f3mico para ofrecer un entrenamiento personalizado y eficiente.<\/p>\n","protected":false},"featured_media":64941,"comment_status":"open","ping_status":"closed","template":"","meta":{"inline_featured_image":false},"product_brand":[],"product_cat":[1632,430],"product_tag":[],"class_list":{"0":"post-64927","1":"product","2":"type-product","3":"status-publish","4":"has-post-thumbnail","6":"product_cat-maquinas-cardio","7":"product_cat-bicicletas-estaticas","9":"first","10":"instock","11":"sale","12":"taxable","13":"shipping-taxable","14":"purchasable","15":"product-type-simple"},"yoast_head":"<!-- This site is optimized with the Yoast SEO plugin v27.1.1 - https:\/\/yoast.com\/product\/yoast-seo-wordpress\/ -->\n<title>Bicicleta de Spinning Smart bike BH Osaka | SUELOSPORT<\/title>\n<meta name=\"description\" content=\"Bicicleta Spinning Smart Bike BH Osaka combina tecnolog\u00eda avanzada, resistencia magn\u00e9tica y dise\u00f1o ergon\u00f3mico para entrenamiento personalizado y eficiente.\" \/>\n<meta name=\"robots\" content=\"index, follow, max-snippet:-1, max-image-preview:large, max-video-preview:-1\" \/>\n<link rel=\"canonical\" href=\"https:\/\/suelosport.com\/pt-pt\/producto\/bicicleta-de-spinning-smart-bike-bh-osaka\/\" \/>\n<meta property=\"og:locale\" content=\"pt_PT\" \/>\n<meta property=\"og:type\" content=\"article\" \/>\n<meta property=\"og:title\" content=\"Bicicleta de Spinning Smart bike BH Osaka | SUELOSPORT\" \/>\n<meta property=\"og:description\" content=\"Bicicleta Spinning Smart Bike BH Osaka combina tecnolog\u00eda avanzada, resistencia magn\u00e9tica y dise\u00f1o ergon\u00f3mico para entrenamiento personalizado y eficiente.\" \/>\n<meta property=\"og:url\" content=\"https:\/\/suelosport.com\/pt-pt\/producto\/bicicleta-de-spinning-smart-bike-bh-osaka\/\" \/>\n<meta property=\"og:site_name\" content=\"Suelosport - Suelos Deportivos\" \/>\n<meta property=\"article:publisher\" content=\"https:\/\/www.facebook.com\/Suelosport-2042694182686080\/\" \/>\n<meta property=\"article:modified_time\" content=\"2026-01-21T07:53:53+00:00\" \/>\n<meta property=\"og:image\" content=\"https:\/\/suelosport.com\/wp-content\/uploads\/2025\/03\/smartbike-Osaka-H9110-min.jpg\" \/>\n\t<meta property=\"og:image:width\" content=\"900\" \/>\n\t<meta property=\"og:image:height\" content=\"900\" \/>\n\t<meta property=\"og:image:type\" content=\"image\/jpeg\" \/>\n<meta name=\"twitter:card\" content=\"summary_large_image\" \/>\n<meta name=\"twitter:label1\" content=\"Tempo estimado de leitura\" \/>\n\t<meta name=\"twitter:data1\" content=\"2 minutos\" \/>\n<script type=\"application\/ld+json\" class=\"yoast-schema-graph\">{\"@context\":\"https:\/\/schema.org\",\"@graph\":[{\"@type\":[\"WebPage\",\"ItemPage\"],\"@id\":\"https:\/\/suelosport.com\/pt-pt\/producto\/bicicleta-de-spinning-smart-bike-bh-osaka\/\",\"url\":\"https:\/\/suelosport.com\/pt-pt\/producto\/bicicleta-de-spinning-smart-bike-bh-osaka\/\",\"name\":\"Bicicleta de Spinning Smart bike BH Osaka | SUELOSPORT\",\"isPartOf\":{\"@id\":\"https:\/\/suelosport.com\/pt-pt\/#website\"},\"primaryImageOfPage\":{\"@id\":\"https:\/\/suelosport.com\/pt-pt\/producto\/bicicleta-de-spinning-smart-bike-bh-osaka\/#primaryimage\"},\"image\":{\"@id\":\"https:\/\/suelosport.com\/pt-pt\/producto\/bicicleta-de-spinning-smart-bike-bh-osaka\/#primaryimage\"},\"thumbnailUrl\":\"https:\/\/suelosport.com\/wp-content\/uploads\/2025\/03\/smartbike-Osaka-H9110-min.jpg\",\"datePublished\":\"2025-03-06T11:02:15+00:00\",\"dateModified\":\"2026-01-21T07:53:53+00:00\",\"description\":\"Bicicleta Spinning Smart Bike BH Osaka combina tecnolog\u00eda avanzada, resistencia magn\u00e9tica y dise\u00f1o ergon\u00f3mico para entrenamiento personalizado y eficiente.\",\"breadcrumb\":{\"@id\":\"https:\/\/suelosport.com\/pt-pt\/producto\/bicicleta-de-spinning-smart-bike-bh-osaka\/#breadcrumb\"},\"inLanguage\":\"pt-PT\",\"potentialAction\":[{\"@type\":\"ReadAction\",\"target\":[\"https:\/\/suelosport.com\/pt-pt\/producto\/bicicleta-de-spinning-smart-bike-bh-osaka\/\"]}]},{\"@type\":\"ImageObject\",\"inLanguage\":\"pt-PT\",\"@id\":\"https:\/\/suelosport.com\/pt-pt\/producto\/bicicleta-de-spinning-smart-bike-bh-osaka\/#primaryimage\",\"url\":\"https:\/\/suelosport.com\/wp-content\/uploads\/2025\/03\/smartbike-Osaka-H9110-min.jpg\",\"contentUrl\":\"https:\/\/suelosport.com\/wp-content\/uploads\/2025\/03\/smartbike-Osaka-H9110-min.jpg\",\"width\":900,\"height\":900,\"caption\":\"Bicileta Spinning\"},{\"@type\":\"BreadcrumbList\",\"@id\":\"https:\/\/suelosport.com\/pt-pt\/producto\/bicicleta-de-spinning-smart-bike-bh-osaka\/#breadcrumb\",\"itemListElement\":[{\"@type\":\"ListItem\",\"position\":1,\"name\":\"Portada\",\"item\":\"https:\/\/suelosport.com\/pt-pt\/\"},{\"@type\":\"ListItem\",\"position\":2,\"name\":\"Tienda\",\"item\":\"https:\/\/suelosport.com\/tienda\/\"},{\"@type\":\"ListItem\",\"position\":3,\"name\":\"Bicicleta de Spinning Smart bike BH Osaka\"}]},{\"@type\":\"WebSite\",\"@id\":\"https:\/\/suelosport.com\/pt-pt\/#website\",\"url\":\"https:\/\/suelosport.com\/pt-pt\/\",\"name\":\"Suelosport - Suelos Deportivos\",\"description\":\"Suelos para gimnasios, suelos de goma, losetas y suelos antideslizantes\",\"publisher\":{\"@id\":\"https:\/\/suelosport.com\/pt-pt\/#organization\"},\"potentialAction\":[{\"@type\":\"SearchAction\",\"target\":{\"@type\":\"EntryPoint\",\"urlTemplate\":\"https:\/\/suelosport.com\/pt-pt\/?s={search_term_string}\"},\"query-input\":{\"@type\":\"PropertyValueSpecification\",\"valueRequired\":true,\"valueName\":\"search_term_string\"}}],\"inLanguage\":\"pt-PT\"},{\"@type\":\"Organization\",\"@id\":\"https:\/\/suelosport.com\/pt-pt\/#organization\",\"name\":\"Suelosport\",\"url\":\"https:\/\/suelosport.com\/pt-pt\/\",\"logo\":{\"@type\":\"ImageObject\",\"inLanguage\":\"pt-PT\",\"@id\":\"https:\/\/suelosport.com\/pt-pt\/#\/schema\/logo\/image\/\",\"url\":\"https:\/\/suelosport.com\/wp-content\/uploads\/2018\/03\/logo-suelosport.png\",\"contentUrl\":\"https:\/\/suelosport.com\/wp-content\/uploads\/2018\/03\/logo-suelosport.png\",\"width\":300,\"height\":67,\"caption\":\"Suelosport\"},\"image\":{\"@id\":\"https:\/\/suelosport.com\/pt-pt\/#\/schema\/logo\/image\/\"},\"sameAs\":[\"https:\/\/www.facebook.com\/Suelosport-2042694182686080\/\",\"https:\/\/www.linkedin.com\/company\/suelosport\/\",\"https:\/\/www.youtube.com\/channel\/UC1eoryUxD4Fw7f1m5wx_vFg?view_as=subscriber\"]}]}<\/script>\n<!-- \/ Yoast SEO plugin. -->","yoast_head_json":{"title":"Bicicleta de Spinning Smart bike BH Osaka | SUELOSPORT","description":"Bicicleta Spinning Smart Bike BH Osaka combina tecnolog\u00eda avanzada, resistencia magn\u00e9tica y dise\u00f1o ergon\u00f3mico para entrenamiento personalizado y eficiente.","robots":{"index":"index","follow":"follow","max-snippet":"max-snippet:-1","max-image-preview":"max-image-preview:large","max-video-preview":"max-video-preview:-1"},"canonical":"https:\/\/suelosport.com\/pt-pt\/producto\/bicicleta-de-spinning-smart-bike-bh-osaka\/","og_locale":"pt_PT","og_type":"article","og_title":"Bicicleta de Spinning Smart bike BH Osaka | SUELOSPORT","og_description":"Bicicleta Spinning Smart Bike BH Osaka combina tecnolog\u00eda avanzada, resistencia magn\u00e9tica y dise\u00f1o ergon\u00f3mico para entrenamiento personalizado y eficiente.","og_url":"https:\/\/suelosport.com\/pt-pt\/producto\/bicicleta-de-spinning-smart-bike-bh-osaka\/","og_site_name":"Suelosport - Suelos Deportivos","article_publisher":"https:\/\/www.facebook.com\/Suelosport-2042694182686080\/","article_modified_time":"2026-01-21T07:53:53+00:00","og_image":[{"width":900,"height":900,"url":"https:\/\/suelosport.com\/wp-content\/uploads\/2025\/03\/smartbike-Osaka-H9110-min.jpg","type":"image\/jpeg"}],"twitter_card":"summary_large_image","twitter_misc":{"Tempo estimado de leitura":"2 minutos"},"schema":{"@context":"https:\/\/schema.org","@graph":[{"@type":["WebPage","ItemPage"],"@id":"https:\/\/suelosport.com\/pt-pt\/producto\/bicicleta-de-spinning-smart-bike-bh-osaka\/","url":"https:\/\/suelosport.com\/pt-pt\/producto\/bicicleta-de-spinning-smart-bike-bh-osaka\/","name":"Bicicleta de Spinning Smart bike BH Osaka | SUELOSPORT","isPartOf":{"@id":"https:\/\/suelosport.com\/pt-pt\/#website"},"primaryImageOfPage":{"@id":"https:\/\/suelosport.com\/pt-pt\/producto\/bicicleta-de-spinning-smart-bike-bh-osaka\/#primaryimage"},"image":{"@id":"https:\/\/suelosport.com\/pt-pt\/producto\/bicicleta-de-spinning-smart-bike-bh-osaka\/#primaryimage"},"thumbnailUrl":"https:\/\/suelosport.com\/wp-content\/uploads\/2025\/03\/smartbike-Osaka-H9110-min.jpg","datePublished":"2025-03-06T11:02:15+00:00","dateModified":"2026-01-21T07:53:53+00:00","description":"Bicicleta Spinning Smart Bike BH Osaka combina tecnolog\u00eda avanzada, resistencia magn\u00e9tica y dise\u00f1o ergon\u00f3mico para entrenamiento personalizado y eficiente.","breadcrumb":{"@id":"https:\/\/suelosport.com\/pt-pt\/producto\/bicicleta-de-spinning-smart-bike-bh-osaka\/#breadcrumb"},"inLanguage":"pt-PT","potentialAction":[{"@type":"ReadAction","target":["https:\/\/suelosport.com\/pt-pt\/producto\/bicicleta-de-spinning-smart-bike-bh-osaka\/"]}]},{"@type":"ImageObject","inLanguage":"pt-PT","@id":"https:\/\/suelosport.com\/pt-pt\/producto\/bicicleta-de-spinning-smart-bike-bh-osaka\/#primaryimage","url":"https:\/\/suelosport.com\/wp-content\/uploads\/2025\/03\/smartbike-Osaka-H9110-min.jpg","contentUrl":"https:\/\/suelosport.com\/wp-content\/uploads\/2025\/03\/smartbike-Osaka-H9110-min.jpg","width":900,"height":900,"caption":"Bicileta Spinning"},{"@type":"BreadcrumbList","@id":"https:\/\/suelosport.com\/pt-pt\/producto\/bicicleta-de-spinning-smart-bike-bh-osaka\/#breadcrumb","itemListElement":[{"@type":"ListItem","position":1,"name":"Portada","item":"https:\/\/suelosport.com\/pt-pt\/"},{"@type":"ListItem","position":2,"name":"Tienda","item":"https:\/\/suelosport.com\/tienda\/"},{"@type":"ListItem","position":3,"name":"Bicicleta de Spinning Smart bike BH Osaka"}]},{"@type":"WebSite","@id":"https:\/\/suelosport.com\/pt-pt\/#website","url":"https:\/\/suelosport.com\/pt-pt\/","name":"Suelosport - Suelos Deportivos","description":"Suelos para gimnasios, suelos de goma, losetas y suelos antideslizantes","publisher":{"@id":"https:\/\/suelosport.com\/pt-pt\/#organization"},"potentialAction":[{"@type":"SearchAction","target":{"@type":"EntryPoint","urlTemplate":"https:\/\/suelosport.com\/pt-pt\/?s={search_term_string}"},"query-input":{"@type":"PropertyValueSpecification","valueRequired":true,"valueName":"search_term_string"}}],"inLanguage":"pt-PT"},{"@type":"Organization","@id":"https:\/\/suelosport.com\/pt-pt\/#organization","name":"Suelosport","url":"https:\/\/suelosport.com\/pt-pt\/","logo":{"@type":"ImageObject","inLanguage":"pt-PT","@id":"https:\/\/suelosport.com\/pt-pt\/#\/schema\/logo\/image\/","url":"https:\/\/suelosport.com\/wp-content\/uploads\/2018\/03\/logo-suelosport.png","contentUrl":"https:\/\/suelosport.com\/wp-content\/uploads\/2018\/03\/logo-suelosport.png","width":300,"height":67,"caption":"Suelosport"},"image":{"@id":"https:\/\/suelosport.com\/pt-pt\/#\/schema\/logo\/image\/"},"sameAs":["https:\/\/www.facebook.com\/Suelosport-2042694182686080\/","https:\/\/www.linkedin.com\/company\/suelosport\/","https:\/\/www.youtube.com\/channel\/UC1eoryUxD4Fw7f1m5wx_vFg?view_as=subscriber"]}]}},"_links":{"self":[{"href":"https:\/\/suelosport.com\/pt-pt\/wp-json\/wp\/v2\/product\/64927","targetHints":{"allow":["GET"]}}],"collection":[{"href":"https:\/\/suelosport.com\/pt-pt\/wp-json\/wp\/v2\/product"}],"about":[{"href":"https:\/\/suelosport.com\/pt-pt\/wp-json\/wp\/v2\/types\/product"}],"replies":[{"embeddable":true,"href":"https:\/\/suelosport.com\/pt-pt\/wp-json\/wp\/v2\/comments?post=64927"}],"wp:featuredmedia":[{"embeddable":true,"href":"https:\/\/suelosport.com\/pt-pt\/wp-json\/wp\/v2\/media\/64941"}],"wp:attachment":[{"href":"https:\/\/suelosport.com\/pt-pt\/wp-json\/wp\/v2\/media?parent=64927"}],"wp:term":[{"taxonomy":"product_brand","embeddable":true,"href":"https:\/\/suelosport.com\/pt-pt\/wp-json\/wp\/v2\/product_brand?post=64927"},{"taxonomy":"product_cat","embeddable":true,"href":"https:\/\/suelosport.com\/pt-pt\/wp-json\/wp\/v2\/product_cat?post=64927"},{"taxonomy":"product_tag","embeddable":true,"href":"https:\/\/suelosport.com\/pt-pt\/wp-json\/wp\/v2\/product_tag?post=64927"}],"curies":[{"name":"wp","href":"https:\/\/api.w.org\/{rel}","templated":true}]}}