{"id":64828,"date":"2025-03-06T12:19:26","date_gmt":"2025-03-06T11:19:26","guid":{"rendered":"https:\/\/suelosport.com\/?post_type=product&#038;p=64828"},"modified":"2025-03-06T12:19:27","modified_gmt":"2025-03-06T11:19:27","slug":"cinta-de-correr-horizon-7-0-at","status":"publish","type":"product","link":"https:\/\/suelosport.com\/pt-pt\/producto\/cinta-de-correr-horizon-7-0-at\/","title":{"rendered":"Cinta de correr Horizon 7.0 AT"},"content":{"rendered":"<p>La <strong data-start=\"29\" data-end=\"55\">cinta de correr 7.0 AT<\/strong> ofrece una experiencia de completa y c\u00f3moda, gracias a su sistema de <strong data-start=\"139\" data-end=\"185\">amortiguaci\u00f3n Variable Response Cushioning<\/strong> , que proporciona el equilibrio perfecto entre flexibilidad y soporte durante cada fase de la zancada. Con una <strong data-start=\"296\" data-end=\"336\">superficie de carrera de 152 x 51 cm<\/strong> , tendr\u00e1s todo el espacio que necesitas para entrenar a tu propio ritmo, mientras que el <strong data-start=\"425\" data-end=\"444\">motor de 3.0 HP<\/strong> te permite alcanzar velocidades de hasta <strong data-start=\"486\" data-end=\"497\">20 km\/h<\/strong> y un rango de inclinaci\u00f3n de <strong data-start=\"527\" data-end=\"536\">0-15%<\/strong> , lo que te permitir\u00e1 desafiarte en entrenamientos variados. La <strong data-start=\"600\" data-end=\"643\">pantalla LED alfanum\u00e9rica de 16 d\u00edgitos<\/strong> y la <strong data-start=\"649\" data-end=\"676\">aplicaci\u00f3n gratuita FitDisplay<\/strong> te brindan un control total de tu progreso, mostr\u00e1ndote datos clave como tiempo, distancia, calor\u00edas y frecuencia card\u00edaca. Adem\u00e1s, con <strong data-start=\"813\" data-end=\"845\">8 programas de entrenamiento<\/strong> , podr\u00e1s adaptarlos a tus objetivos, ya sea perder peso, mejorar tu resistencia o entrenar para tus primeros 5K. Cuando termines tu entrenamiento, podr\u00e1s <strong data-start=\"999\" data-end=\"1029\">plegar la cinta f\u00e1cilmente<\/strong> gracias a su sistema <strong data-start=\"1051\" data-end=\"1076\">Feather Light Folding<\/strong> para guardarla c\u00f3modamente en cualquier rinc\u00f3n.<\/p>\n","protected":false},"excerpt":{"rendered":"<p data-start=\"2273\" data-end=\"2478\">La cinta de correr 7.0 AT, con <strong data-start=\"2304\" data-end=\"2323\">motor de 3.0 HP<\/strong> , <strong data-start=\"2325\" data-end=\"2351\">amortiguaci\u00f3n avanzada<\/strong> , y <strong data-start=\"2355\" data-end=\"2387\">8 programas de entrenamiento<\/strong> , ofrece control total mediante su <strong data-start=\"2422\" data-end=\"2440\">aplicaci\u00f3n FitDisplay<\/strong> y plegado f\u00e1cil para ahorrar espacio.<\/p>\n<p data-start=\"2480\" data-end=\"2504\">\n","protected":false},"featured_media":64829,"comment_status":"open","ping_status":"closed","template":"","meta":{"inline_featured_image":false},"product_brand":[],"product_cat":[432,1632],"product_tag":[],"class_list":{"0":"post-64828","1":"product","2":"type-product","3":"status-publish","4":"has-post-thumbnail","6":"product_cat-cintas-correr","7":"product_cat-maquinas-cardio","8":"product_shipping_class-todosmenossuelos","10":"first","11":"instock","12":"taxable","13":"shipping-taxable","14":"purchasable","15":"product-type-simple"},"yoast_head":"<!-- This site is optimized with the Yoast SEO plugin v27.4 - https:\/\/yoast.com\/product\/yoast-seo-wordpress\/ -->\n<title>Cinta de correr Horizon 7.0 AT | Suelosport - Suelos Deportivos<\/title>\n<meta name=\"robots\" content=\"index, follow, max-snippet:-1, max-image-preview:large, max-video-preview:-1\" \/>\n<link rel=\"canonical\" href=\"https:\/\/suelosport.com\/pt-pt\/producto\/cinta-de-correr-horizon-7-0-at\/\" \/>\n<meta property=\"og:locale\" content=\"pt_PT\" \/>\n<meta property=\"og:type\" content=\"article\" \/>\n<meta property=\"og:title\" content=\"Cinta de correr Horizon 7.0 AT | Suelosport - Suelos Deportivos\" \/>\n<meta property=\"og:description\" content=\"La cinta de correr 7.0 AT, con motor de 3.0 HP , amortiguaci\u00f3n avanzada , y 8 programas de entrenamiento , ofrece control total mediante su aplicaci\u00f3n FitDisplay y plegado f\u00e1cil para ahorrar espacio.\" \/>\n<meta property=\"og:url\" content=\"https:\/\/suelosport.com\/pt-pt\/producto\/cinta-de-correr-horizon-7-0-at\/\" \/>\n<meta property=\"og:site_name\" content=\"Suelosport - Suelos Deportivos\" \/>\n<meta property=\"article:publisher\" content=\"https:\/\/www.facebook.com\/Suelosport-2042694182686080\/\" \/>\n<meta property=\"article:modified_time\" content=\"2025-03-06T11:19:27+00:00\" \/>\n<meta property=\"og:image\" content=\"https:\/\/suelosport.com\/wp-content\/uploads\/2025\/03\/Cinta-de-correr-7.0-AT.jpg\" \/>\n\t<meta property=\"og:image:width\" content=\"900\" \/>\n\t<meta property=\"og:image:height\" content=\"900\" \/>\n\t<meta property=\"og:image:type\" content=\"image\/jpeg\" \/>\n<meta name=\"twitter:card\" content=\"summary_large_image\" \/>\n<meta name=\"twitter:label1\" content=\"Tempo estimado de leitura\" \/>\n\t<meta name=\"twitter:data1\" content=\"1 minuto\" \/>\n<script type=\"application\/ld+json\" class=\"yoast-schema-graph\">{\"@context\":\"https:\\\/\\\/schema.org\",\"@graph\":[{\"@type\":[\"WebPage\",\"ItemPage\"],\"@id\":\"https:\\\/\\\/suelosport.com\\\/pt-pt\\\/producto\\\/cinta-de-correr-horizon-7-0-at\\\/\",\"url\":\"https:\\\/\\\/suelosport.com\\\/pt-pt\\\/producto\\\/cinta-de-correr-horizon-7-0-at\\\/\",\"name\":\"Cinta de correr Horizon 7.0 AT | Suelosport - Suelos Deportivos\",\"isPartOf\":{\"@id\":\"https:\\\/\\\/suelosport.com\\\/pt-pt\\\/#website\"},\"primaryImageOfPage\":{\"@id\":\"https:\\\/\\\/suelosport.com\\\/pt-pt\\\/producto\\\/cinta-de-correr-horizon-7-0-at\\\/#primaryimage\"},\"image\":{\"@id\":\"https:\\\/\\\/suelosport.com\\\/pt-pt\\\/producto\\\/cinta-de-correr-horizon-7-0-at\\\/#primaryimage\"},\"thumbnailUrl\":\"https:\\\/\\\/suelosport.com\\\/wp-content\\\/uploads\\\/2025\\\/03\\\/Cinta-de-correr-7.0-AT.jpg\",\"datePublished\":\"2025-03-06T11:19:26+00:00\",\"dateModified\":\"2025-03-06T11:19:27+00:00\",\"breadcrumb\":{\"@id\":\"https:\\\/\\\/suelosport.com\\\/pt-pt\\\/producto\\\/cinta-de-correr-horizon-7-0-at\\\/#breadcrumb\"},\"inLanguage\":\"pt-PT\",\"potentialAction\":[{\"@type\":\"ReadAction\",\"target\":[\"https:\\\/\\\/suelosport.com\\\/pt-pt\\\/producto\\\/cinta-de-correr-horizon-7-0-at\\\/\"]}]},{\"@type\":\"ImageObject\",\"inLanguage\":\"pt-PT\",\"@id\":\"https:\\\/\\\/suelosport.com\\\/pt-pt\\\/producto\\\/cinta-de-correr-horizon-7-0-at\\\/#primaryimage\",\"url\":\"https:\\\/\\\/suelosport.com\\\/wp-content\\\/uploads\\\/2025\\\/03\\\/Cinta-de-correr-7.0-AT.jpg\",\"contentUrl\":\"https:\\\/\\\/suelosport.com\\\/wp-content\\\/uploads\\\/2025\\\/03\\\/Cinta-de-correr-7.0-AT.jpg\",\"width\":900,\"height\":900,\"caption\":\"Cinta de correr 7.0AT\"},{\"@type\":\"BreadcrumbList\",\"@id\":\"https:\\\/\\\/suelosport.com\\\/pt-pt\\\/producto\\\/cinta-de-correr-horizon-7-0-at\\\/#breadcrumb\",\"itemListElement\":[{\"@type\":\"ListItem\",\"position\":1,\"name\":\"Portada\",\"item\":\"https:\\\/\\\/suelosport.com\\\/pt-pt\\\/\"},{\"@type\":\"ListItem\",\"position\":2,\"name\":\"Tienda\",\"item\":\"https:\\\/\\\/suelosport.com\\\/tienda\\\/\"},{\"@type\":\"ListItem\",\"position\":3,\"name\":\"Cinta de correr Horizon 7.0 AT\"}]},{\"@type\":\"WebSite\",\"@id\":\"https:\\\/\\\/suelosport.com\\\/pt-pt\\\/#website\",\"url\":\"https:\\\/\\\/suelosport.com\\\/pt-pt\\\/\",\"name\":\"Suelosport - Suelos Deportivos\",\"description\":\"Suelos para gimnasios, suelos de goma, losetas y suelos antideslizantes\",\"publisher\":{\"@id\":\"https:\\\/\\\/suelosport.com\\\/pt-pt\\\/#organization\"},\"potentialAction\":[{\"@type\":\"SearchAction\",\"target\":{\"@type\":\"EntryPoint\",\"urlTemplate\":\"https:\\\/\\\/suelosport.com\\\/pt-pt\\\/?s={search_term_string}\"},\"query-input\":{\"@type\":\"PropertyValueSpecification\",\"valueRequired\":true,\"valueName\":\"search_term_string\"}}],\"inLanguage\":\"pt-PT\"},{\"@type\":\"Organization\",\"@id\":\"https:\\\/\\\/suelosport.com\\\/pt-pt\\\/#organization\",\"name\":\"Suelosport\",\"url\":\"https:\\\/\\\/suelosport.com\\\/pt-pt\\\/\",\"logo\":{\"@type\":\"ImageObject\",\"inLanguage\":\"pt-PT\",\"@id\":\"https:\\\/\\\/suelosport.com\\\/pt-pt\\\/#\\\/schema\\\/logo\\\/image\\\/\",\"url\":\"https:\\\/\\\/suelosport.com\\\/wp-content\\\/uploads\\\/2018\\\/03\\\/logo-suelosport.png\",\"contentUrl\":\"https:\\\/\\\/suelosport.com\\\/wp-content\\\/uploads\\\/2018\\\/03\\\/logo-suelosport.png\",\"width\":300,\"height\":67,\"caption\":\"Suelosport\"},\"image\":{\"@id\":\"https:\\\/\\\/suelosport.com\\\/pt-pt\\\/#\\\/schema\\\/logo\\\/image\\\/\"},\"sameAs\":[\"https:\\\/\\\/www.facebook.com\\\/Suelosport-2042694182686080\\\/\",\"https:\\\/\\\/www.linkedin.com\\\/company\\\/suelosport\\\/\",\"https:\\\/\\\/www.youtube.com\\\/channel\\\/UC1eoryUxD4Fw7f1m5wx_vFg?view_as=subscriber\"]}]}<\/script>\n<!-- \/ Yoast SEO plugin. -->","yoast_head_json":{"title":"Cinta de correr Horizon 7.0 AT | Suelosport - Suelos Deportivos","robots":{"index":"index","follow":"follow","max-snippet":"max-snippet:-1","max-image-preview":"max-image-preview:large","max-video-preview":"max-video-preview:-1"},"canonical":"https:\/\/suelosport.com\/pt-pt\/producto\/cinta-de-correr-horizon-7-0-at\/","og_locale":"pt_PT","og_type":"article","og_title":"Cinta de correr Horizon 7.0 AT | Suelosport - Suelos Deportivos","og_description":"La cinta de correr 7.0 AT, con motor de 3.0 HP , amortiguaci\u00f3n avanzada , y 8 programas de entrenamiento , ofrece control total mediante su aplicaci\u00f3n FitDisplay y plegado f\u00e1cil para ahorrar espacio.","og_url":"https:\/\/suelosport.com\/pt-pt\/producto\/cinta-de-correr-horizon-7-0-at\/","og_site_name":"Suelosport - Suelos Deportivos","article_publisher":"https:\/\/www.facebook.com\/Suelosport-2042694182686080\/","article_modified_time":"2025-03-06T11:19:27+00:00","og_image":[{"width":900,"height":900,"url":"https:\/\/suelosport.com\/wp-content\/uploads\/2025\/03\/Cinta-de-correr-7.0-AT.jpg","type":"image\/jpeg"}],"twitter_card":"summary_large_image","twitter_misc":{"Tempo estimado de leitura":"1 minuto"},"schema":{"@context":"https:\/\/schema.org","@graph":[{"@type":["WebPage","ItemPage"],"@id":"https:\/\/suelosport.com\/pt-pt\/producto\/cinta-de-correr-horizon-7-0-at\/","url":"https:\/\/suelosport.com\/pt-pt\/producto\/cinta-de-correr-horizon-7-0-at\/","name":"Cinta de correr Horizon 7.0 AT | Suelosport - Suelos Deportivos","isPartOf":{"@id":"https:\/\/suelosport.com\/pt-pt\/#website"},"primaryImageOfPage":{"@id":"https:\/\/suelosport.com\/pt-pt\/producto\/cinta-de-correr-horizon-7-0-at\/#primaryimage"},"image":{"@id":"https:\/\/suelosport.com\/pt-pt\/producto\/cinta-de-correr-horizon-7-0-at\/#primaryimage"},"thumbnailUrl":"https:\/\/suelosport.com\/wp-content\/uploads\/2025\/03\/Cinta-de-correr-7.0-AT.jpg","datePublished":"2025-03-06T11:19:26+00:00","dateModified":"2025-03-06T11:19:27+00:00","breadcrumb":{"@id":"https:\/\/suelosport.com\/pt-pt\/producto\/cinta-de-correr-horizon-7-0-at\/#breadcrumb"},"inLanguage":"pt-PT","potentialAction":[{"@type":"ReadAction","target":["https:\/\/suelosport.com\/pt-pt\/producto\/cinta-de-correr-horizon-7-0-at\/"]}]},{"@type":"ImageObject","inLanguage":"pt-PT","@id":"https:\/\/suelosport.com\/pt-pt\/producto\/cinta-de-correr-horizon-7-0-at\/#primaryimage","url":"https:\/\/suelosport.com\/wp-content\/uploads\/2025\/03\/Cinta-de-correr-7.0-AT.jpg","contentUrl":"https:\/\/suelosport.com\/wp-content\/uploads\/2025\/03\/Cinta-de-correr-7.0-AT.jpg","width":900,"height":900,"caption":"Cinta de correr 7.0AT"},{"@type":"BreadcrumbList","@id":"https:\/\/suelosport.com\/pt-pt\/producto\/cinta-de-correr-horizon-7-0-at\/#breadcrumb","itemListElement":[{"@type":"ListItem","position":1,"name":"Portada","item":"https:\/\/suelosport.com\/pt-pt\/"},{"@type":"ListItem","position":2,"name":"Tienda","item":"https:\/\/suelosport.com\/tienda\/"},{"@type":"ListItem","position":3,"name":"Cinta de correr Horizon 7.0 AT"}]},{"@type":"WebSite","@id":"https:\/\/suelosport.com\/pt-pt\/#website","url":"https:\/\/suelosport.com\/pt-pt\/","name":"Suelosport - Suelos Deportivos","description":"Suelos para gimnasios, suelos de goma, losetas y suelos antideslizantes","publisher":{"@id":"https:\/\/suelosport.com\/pt-pt\/#organization"},"potentialAction":[{"@type":"SearchAction","target":{"@type":"EntryPoint","urlTemplate":"https:\/\/suelosport.com\/pt-pt\/?s={search_term_string}"},"query-input":{"@type":"PropertyValueSpecification","valueRequired":true,"valueName":"search_term_string"}}],"inLanguage":"pt-PT"},{"@type":"Organization","@id":"https:\/\/suelosport.com\/pt-pt\/#organization","name":"Suelosport","url":"https:\/\/suelosport.com\/pt-pt\/","logo":{"@type":"ImageObject","inLanguage":"pt-PT","@id":"https:\/\/suelosport.com\/pt-pt\/#\/schema\/logo\/image\/","url":"https:\/\/suelosport.com\/wp-content\/uploads\/2018\/03\/logo-suelosport.png","contentUrl":"https:\/\/suelosport.com\/wp-content\/uploads\/2018\/03\/logo-suelosport.png","width":300,"height":67,"caption":"Suelosport"},"image":{"@id":"https:\/\/suelosport.com\/pt-pt\/#\/schema\/logo\/image\/"},"sameAs":["https:\/\/www.facebook.com\/Suelosport-2042694182686080\/","https:\/\/www.linkedin.com\/company\/suelosport\/","https:\/\/www.youtube.com\/channel\/UC1eoryUxD4Fw7f1m5wx_vFg?view_as=subscriber"]}]}},"_links":{"self":[{"href":"https:\/\/suelosport.com\/pt-pt\/wp-json\/wp\/v2\/product\/64828","targetHints":{"allow":["GET"]}}],"collection":[{"href":"https:\/\/suelosport.com\/pt-pt\/wp-json\/wp\/v2\/product"}],"about":[{"href":"https:\/\/suelosport.com\/pt-pt\/wp-json\/wp\/v2\/types\/product"}],"replies":[{"embeddable":true,"href":"https:\/\/suelosport.com\/pt-pt\/wp-json\/wp\/v2\/comments?post=64828"}],"wp:featuredmedia":[{"embeddable":true,"href":"https:\/\/suelosport.com\/pt-pt\/wp-json\/wp\/v2\/media\/64829"}],"wp:attachment":[{"href":"https:\/\/suelosport.com\/pt-pt\/wp-json\/wp\/v2\/media?parent=64828"}],"wp:term":[{"taxonomy":"product_brand","embeddable":true,"href":"https:\/\/suelosport.com\/pt-pt\/wp-json\/wp\/v2\/product_brand?post=64828"},{"taxonomy":"product_cat","embeddable":true,"href":"https:\/\/suelosport.com\/pt-pt\/wp-json\/wp\/v2\/product_cat?post=64828"},{"taxonomy":"product_tag","embeddable":true,"href":"https:\/\/suelosport.com\/pt-pt\/wp-json\/wp\/v2\/product_tag?post=64828"}],"curies":[{"name":"wp","href":"https:\/\/api.w.org\/{rel}","templated":true}]}}