{"id":64268,"date":"2025-02-05T16:32:39","date_gmt":"2025-02-05T15:32:39","guid":{"rendered":"https:\/\/suelosport.com\/?post_type=product&#038;p=64268"},"modified":"2026-01-20T14:26:50","modified_gmt":"2026-01-20T13:26:50","slug":"loseta-de-caucho-fiuri-100-x-100-x-15-cm","status":"publish","type":"product","link":"https:\/\/suelosport.com\/pt-pt\/producto\/loseta-de-caucho-fiuri-100-x-100-x-15-cm\/","title":{"rendered":"Loseta de caucho Especial FIURI 100 x 100 x 1,5 cm"},"content":{"rendered":"<h2>Loseta de caucho Especial FIURI<\/h2>\n<p><span style=\"font-size: 150%;\"><span style=\"color: #ed1c24;\"><strong>Pedido m\u00ednimo: 2 losetas <\/strong><\/span><span style=\"color: #ff0000;\"><strong>(para islas, Ceuta, Melilla y Portugal: 6 losetas)<\/strong><\/span><\/span><\/p>\n<p>La loseta de caucho super lisa es la opci\u00f3n perfecta para quienes buscan una soluci\u00f3n de pavimentaci\u00f3n duradera, resistente y funcional. Con un dise\u00f1o pensado para ofrecer una alta calidad y un excelente rendimiento en diversas aplicaciones, este producto es ideal para espacios de alto tr\u00e1fico, tanto interiores como exteriores.<\/p>\n<p>Gracias a su estructura robusta y al uso de materiales de alta calidad, la loseta garantiza una excelente resistencia al desgaste, impacto y compresi\u00f3n. Su superficie lisa no solo facilita el mantenimiento y la limpieza, sino que tambi\u00e9n ofrece un alto nivel de confort y seguridad en su uso, ya sea en instalaciones deportivas, comerciales, o industriales.<\/p>\n<p>Adem\u00e1s, cuenta con la certificaci\u00f3n CE y un informe de pruebas SGS que respaldan su cumplimiento con los est\u00e1ndares internacionales de calidad y seguridad, asegurando una larga vida \u00fatil en cualquier entorno de trabajo o recreaci\u00f3n.<\/p>\n<p>Esta loseta es una excelente elecci\u00f3n para aquellos que buscan un pavimento resistente, funcional y con un dise\u00f1o est\u00e9ticamente agradable, capaz de resistir el uso intensivo sin perder sus propiedades.<\/p>\n<p>&nbsp;<\/p>\n","protected":false},"excerpt":{"rendered":"<p>Loseta de caucho super lisa, resistente, duradera y de f\u00e1cil mantenimiento, perfecta para transformar tus espacios con una superficie segura y de alto rendimiento.<\/p>\n<p>Ver pedido m\u00ednimo en Descripci\u00f3n.<\/p>\n","protected":false},"featured_media":64502,"comment_status":"open","ping_status":"closed","template":"","meta":{"inline_featured_image":false},"product_brand":[2211],"product_cat":[117],"product_tag":[],"class_list":{"0":"post-64268","1":"product","2":"type-product","3":"status-publish","4":"has-post-thumbnail","6":"product_brand-fiuri","7":"product_cat-losetas-de-caucho","8":"product_shipping_class-sueloscauchoytatamis","10":"first","11":"instock","12":"sale","13":"taxable","14":"shipping-taxable","15":"purchasable","16":"product-type-simple"},"yoast_head":"<!-- This site is optimized with the Yoast SEO plugin v27.5 - https:\/\/yoast.com\/product\/yoast-seo-wordpress\/ -->\n<title>Loseta caucho Especial FIURI 100x100x1,5 cm | SUELOSPORT<\/title>\n<meta name=\"description\" content=\"Loseta de caucho Especial FIURI super lisa, resistente, duradera y de f\u00e1cil mantenimiento, con una superficie segura y de alto rendimiento.\" \/>\n<meta name=\"robots\" content=\"index, follow, max-snippet:-1, max-image-preview:large, max-video-preview:-1\" \/>\n<link rel=\"canonical\" href=\"https:\/\/suelosport.com\/pt-pt\/producto\/loseta-de-caucho-fiuri-100-x-100-x-15-cm\/\" \/>\n<meta property=\"og:locale\" content=\"pt_PT\" \/>\n<meta property=\"og:type\" content=\"article\" \/>\n<meta property=\"og:title\" content=\"Loseta caucho Especial FIURI 100x100x1,5 cm | SUELOSPORT\" \/>\n<meta property=\"og:description\" content=\"Loseta de caucho Especial FIURI super lisa, resistente, duradera y de f\u00e1cil mantenimiento, con una superficie segura y de alto rendimiento.\" \/>\n<meta property=\"og:url\" content=\"https:\/\/suelosport.com\/pt-pt\/producto\/loseta-de-caucho-fiuri-100-x-100-x-15-cm\/\" \/>\n<meta property=\"og:site_name\" content=\"Suelosport - Suelos Deportivos\" \/>\n<meta property=\"article:publisher\" content=\"https:\/\/www.facebook.com\/Suelosport-2042694182686080\/\" \/>\n<meta property=\"article:modified_time\" content=\"2026-01-20T13:26:50+00:00\" \/>\n<meta property=\"og:image\" content=\"https:\/\/suelosport.com\/wp-content\/uploads\/2025\/02\/Loseta-de-caucho-especial.jpg\" \/>\n\t<meta property=\"og:image:width\" content=\"700\" \/>\n\t<meta property=\"og:image:height\" content=\"700\" \/>\n\t<meta property=\"og:image:type\" content=\"image\/jpeg\" \/>\n<meta name=\"twitter:card\" content=\"summary_large_image\" \/>\n<meta name=\"twitter:label1\" content=\"Tempo estimado de leitura\" \/>\n\t<meta name=\"twitter:data1\" content=\"2 minutos\" \/>\n<script type=\"application\/ld+json\" class=\"yoast-schema-graph\">{\"@context\":\"https:\\\/\\\/schema.org\",\"@graph\":[{\"@type\":[\"WebPage\",\"ItemPage\"],\"@id\":\"https:\\\/\\\/suelosport.com\\\/pt-pt\\\/producto\\\/loseta-de-caucho-fiuri-100-x-100-x-15-cm\\\/\",\"url\":\"https:\\\/\\\/suelosport.com\\\/pt-pt\\\/producto\\\/loseta-de-caucho-fiuri-100-x-100-x-15-cm\\\/\",\"name\":\"Loseta caucho Especial FIURI 100x100x1,5 cm | SUELOSPORT\",\"isPartOf\":{\"@id\":\"https:\\\/\\\/suelosport.com\\\/pt-pt\\\/#website\"},\"primaryImageOfPage\":{\"@id\":\"https:\\\/\\\/suelosport.com\\\/pt-pt\\\/producto\\\/loseta-de-caucho-fiuri-100-x-100-x-15-cm\\\/#primaryimage\"},\"image\":{\"@id\":\"https:\\\/\\\/suelosport.com\\\/pt-pt\\\/producto\\\/loseta-de-caucho-fiuri-100-x-100-x-15-cm\\\/#primaryimage\"},\"thumbnailUrl\":\"https:\\\/\\\/suelosport.com\\\/wp-content\\\/uploads\\\/2025\\\/02\\\/Loseta-de-caucho-especial.jpg\",\"datePublished\":\"2025-02-05T15:32:39+00:00\",\"dateModified\":\"2026-01-20T13:26:50+00:00\",\"description\":\"Loseta de caucho Especial FIURI super lisa, resistente, duradera y de f\u00e1cil mantenimiento, con una superficie segura y de alto rendimiento.\",\"breadcrumb\":{\"@id\":\"https:\\\/\\\/suelosport.com\\\/pt-pt\\\/producto\\\/loseta-de-caucho-fiuri-100-x-100-x-15-cm\\\/#breadcrumb\"},\"inLanguage\":\"pt-PT\",\"potentialAction\":[{\"@type\":\"ReadAction\",\"target\":[\"https:\\\/\\\/suelosport.com\\\/pt-pt\\\/producto\\\/loseta-de-caucho-fiuri-100-x-100-x-15-cm\\\/\"]}]},{\"@type\":\"ImageObject\",\"inLanguage\":\"pt-PT\",\"@id\":\"https:\\\/\\\/suelosport.com\\\/pt-pt\\\/producto\\\/loseta-de-caucho-fiuri-100-x-100-x-15-cm\\\/#primaryimage\",\"url\":\"https:\\\/\\\/suelosport.com\\\/wp-content\\\/uploads\\\/2025\\\/02\\\/Loseta-de-caucho-especial.jpg\",\"contentUrl\":\"https:\\\/\\\/suelosport.com\\\/wp-content\\\/uploads\\\/2025\\\/02\\\/Loseta-de-caucho-especial.jpg\",\"width\":700,\"height\":700,\"caption\":\"Loseta de caucho especial gimnasio\"},{\"@type\":\"BreadcrumbList\",\"@id\":\"https:\\\/\\\/suelosport.com\\\/pt-pt\\\/producto\\\/loseta-de-caucho-fiuri-100-x-100-x-15-cm\\\/#breadcrumb\",\"itemListElement\":[{\"@type\":\"ListItem\",\"position\":1,\"name\":\"Portada\",\"item\":\"https:\\\/\\\/suelosport.com\\\/pt-pt\\\/\"},{\"@type\":\"ListItem\",\"position\":2,\"name\":\"Tienda\",\"item\":\"https:\\\/\\\/suelosport.com\\\/tienda\\\/\"},{\"@type\":\"ListItem\",\"position\":3,\"name\":\"Loseta de caucho Especial FIURI 100 x 100 x 1,5 cm\"}]},{\"@type\":\"WebSite\",\"@id\":\"https:\\\/\\\/suelosport.com\\\/pt-pt\\\/#website\",\"url\":\"https:\\\/\\\/suelosport.com\\\/pt-pt\\\/\",\"name\":\"Suelosport - Suelos Deportivos\",\"description\":\"Suelos para gimnasios, suelos de goma, losetas y suelos antideslizantes\",\"publisher\":{\"@id\":\"https:\\\/\\\/suelosport.com\\\/pt-pt\\\/#organization\"},\"potentialAction\":[{\"@type\":\"SearchAction\",\"target\":{\"@type\":\"EntryPoint\",\"urlTemplate\":\"https:\\\/\\\/suelosport.com\\\/pt-pt\\\/?s={search_term_string}\"},\"query-input\":{\"@type\":\"PropertyValueSpecification\",\"valueRequired\":true,\"valueName\":\"search_term_string\"}}],\"inLanguage\":\"pt-PT\"},{\"@type\":\"Organization\",\"@id\":\"https:\\\/\\\/suelosport.com\\\/pt-pt\\\/#organization\",\"name\":\"Suelosport\",\"url\":\"https:\\\/\\\/suelosport.com\\\/pt-pt\\\/\",\"logo\":{\"@type\":\"ImageObject\",\"inLanguage\":\"pt-PT\",\"@id\":\"https:\\\/\\\/suelosport.com\\\/pt-pt\\\/#\\\/schema\\\/logo\\\/image\\\/\",\"url\":\"https:\\\/\\\/suelosport.com\\\/wp-content\\\/uploads\\\/2018\\\/03\\\/logo-suelosport.png\",\"contentUrl\":\"https:\\\/\\\/suelosport.com\\\/wp-content\\\/uploads\\\/2018\\\/03\\\/logo-suelosport.png\",\"width\":300,\"height\":67,\"caption\":\"Suelosport\"},\"image\":{\"@id\":\"https:\\\/\\\/suelosport.com\\\/pt-pt\\\/#\\\/schema\\\/logo\\\/image\\\/\"},\"sameAs\":[\"https:\\\/\\\/www.facebook.com\\\/Suelosport-2042694182686080\\\/\",\"https:\\\/\\\/www.linkedin.com\\\/company\\\/suelosport\\\/\",\"https:\\\/\\\/www.youtube.com\\\/channel\\\/UC1eoryUxD4Fw7f1m5wx_vFg?view_as=subscriber\"]}]}<\/script>\n<!-- \/ Yoast SEO plugin. -->","yoast_head_json":{"title":"Loseta caucho Especial FIURI 100x100x1,5 cm | SUELOSPORT","description":"Loseta de caucho Especial FIURI super lisa, resistente, duradera y de f\u00e1cil mantenimiento, con una superficie segura y de alto rendimiento.","robots":{"index":"index","follow":"follow","max-snippet":"max-snippet:-1","max-image-preview":"max-image-preview:large","max-video-preview":"max-video-preview:-1"},"canonical":"https:\/\/suelosport.com\/pt-pt\/producto\/loseta-de-caucho-fiuri-100-x-100-x-15-cm\/","og_locale":"pt_PT","og_type":"article","og_title":"Loseta caucho Especial FIURI 100x100x1,5 cm | SUELOSPORT","og_description":"Loseta de caucho Especial FIURI super lisa, resistente, duradera y de f\u00e1cil mantenimiento, con una superficie segura y de alto rendimiento.","og_url":"https:\/\/suelosport.com\/pt-pt\/producto\/loseta-de-caucho-fiuri-100-x-100-x-15-cm\/","og_site_name":"Suelosport - Suelos Deportivos","article_publisher":"https:\/\/www.facebook.com\/Suelosport-2042694182686080\/","article_modified_time":"2026-01-20T13:26:50+00:00","og_image":[{"width":700,"height":700,"url":"https:\/\/suelosport.com\/wp-content\/uploads\/2025\/02\/Loseta-de-caucho-especial.jpg","type":"image\/jpeg"}],"twitter_card":"summary_large_image","twitter_misc":{"Tempo estimado de leitura":"2 minutos"},"schema":{"@context":"https:\/\/schema.org","@graph":[{"@type":["WebPage","ItemPage"],"@id":"https:\/\/suelosport.com\/pt-pt\/producto\/loseta-de-caucho-fiuri-100-x-100-x-15-cm\/","url":"https:\/\/suelosport.com\/pt-pt\/producto\/loseta-de-caucho-fiuri-100-x-100-x-15-cm\/","name":"Loseta caucho Especial FIURI 100x100x1,5 cm | SUELOSPORT","isPartOf":{"@id":"https:\/\/suelosport.com\/pt-pt\/#website"},"primaryImageOfPage":{"@id":"https:\/\/suelosport.com\/pt-pt\/producto\/loseta-de-caucho-fiuri-100-x-100-x-15-cm\/#primaryimage"},"image":{"@id":"https:\/\/suelosport.com\/pt-pt\/producto\/loseta-de-caucho-fiuri-100-x-100-x-15-cm\/#primaryimage"},"thumbnailUrl":"https:\/\/suelosport.com\/wp-content\/uploads\/2025\/02\/Loseta-de-caucho-especial.jpg","datePublished":"2025-02-05T15:32:39+00:00","dateModified":"2026-01-20T13:26:50+00:00","description":"Loseta de caucho Especial FIURI super lisa, resistente, duradera y de f\u00e1cil mantenimiento, con una superficie segura y de alto rendimiento.","breadcrumb":{"@id":"https:\/\/suelosport.com\/pt-pt\/producto\/loseta-de-caucho-fiuri-100-x-100-x-15-cm\/#breadcrumb"},"inLanguage":"pt-PT","potentialAction":[{"@type":"ReadAction","target":["https:\/\/suelosport.com\/pt-pt\/producto\/loseta-de-caucho-fiuri-100-x-100-x-15-cm\/"]}]},{"@type":"ImageObject","inLanguage":"pt-PT","@id":"https:\/\/suelosport.com\/pt-pt\/producto\/loseta-de-caucho-fiuri-100-x-100-x-15-cm\/#primaryimage","url":"https:\/\/suelosport.com\/wp-content\/uploads\/2025\/02\/Loseta-de-caucho-especial.jpg","contentUrl":"https:\/\/suelosport.com\/wp-content\/uploads\/2025\/02\/Loseta-de-caucho-especial.jpg","width":700,"height":700,"caption":"Loseta de caucho especial gimnasio"},{"@type":"BreadcrumbList","@id":"https:\/\/suelosport.com\/pt-pt\/producto\/loseta-de-caucho-fiuri-100-x-100-x-15-cm\/#breadcrumb","itemListElement":[{"@type":"ListItem","position":1,"name":"Portada","item":"https:\/\/suelosport.com\/pt-pt\/"},{"@type":"ListItem","position":2,"name":"Tienda","item":"https:\/\/suelosport.com\/tienda\/"},{"@type":"ListItem","position":3,"name":"Loseta de caucho Especial FIURI 100 x 100 x 1,5 cm"}]},{"@type":"WebSite","@id":"https:\/\/suelosport.com\/pt-pt\/#website","url":"https:\/\/suelosport.com\/pt-pt\/","name":"Suelosport - Suelos Deportivos","description":"Suelos para gimnasios, suelos de goma, losetas y suelos antideslizantes","publisher":{"@id":"https:\/\/suelosport.com\/pt-pt\/#organization"},"potentialAction":[{"@type":"SearchAction","target":{"@type":"EntryPoint","urlTemplate":"https:\/\/suelosport.com\/pt-pt\/?s={search_term_string}"},"query-input":{"@type":"PropertyValueSpecification","valueRequired":true,"valueName":"search_term_string"}}],"inLanguage":"pt-PT"},{"@type":"Organization","@id":"https:\/\/suelosport.com\/pt-pt\/#organization","name":"Suelosport","url":"https:\/\/suelosport.com\/pt-pt\/","logo":{"@type":"ImageObject","inLanguage":"pt-PT","@id":"https:\/\/suelosport.com\/pt-pt\/#\/schema\/logo\/image\/","url":"https:\/\/suelosport.com\/wp-content\/uploads\/2018\/03\/logo-suelosport.png","contentUrl":"https:\/\/suelosport.com\/wp-content\/uploads\/2018\/03\/logo-suelosport.png","width":300,"height":67,"caption":"Suelosport"},"image":{"@id":"https:\/\/suelosport.com\/pt-pt\/#\/schema\/logo\/image\/"},"sameAs":["https:\/\/www.facebook.com\/Suelosport-2042694182686080\/","https:\/\/www.linkedin.com\/company\/suelosport\/","https:\/\/www.youtube.com\/channel\/UC1eoryUxD4Fw7f1m5wx_vFg?view_as=subscriber"]}]}},"_links":{"self":[{"href":"https:\/\/suelosport.com\/pt-pt\/wp-json\/wp\/v2\/product\/64268","targetHints":{"allow":["GET"]}}],"collection":[{"href":"https:\/\/suelosport.com\/pt-pt\/wp-json\/wp\/v2\/product"}],"about":[{"href":"https:\/\/suelosport.com\/pt-pt\/wp-json\/wp\/v2\/types\/product"}],"replies":[{"embeddable":true,"href":"https:\/\/suelosport.com\/pt-pt\/wp-json\/wp\/v2\/comments?post=64268"}],"wp:featuredmedia":[{"embeddable":true,"href":"https:\/\/suelosport.com\/pt-pt\/wp-json\/wp\/v2\/media\/64502"}],"wp:attachment":[{"href":"https:\/\/suelosport.com\/pt-pt\/wp-json\/wp\/v2\/media?parent=64268"}],"wp:term":[{"taxonomy":"product_brand","embeddable":true,"href":"https:\/\/suelosport.com\/pt-pt\/wp-json\/wp\/v2\/product_brand?post=64268"},{"taxonomy":"product_cat","embeddable":true,"href":"https:\/\/suelosport.com\/pt-pt\/wp-json\/wp\/v2\/product_cat?post=64268"},{"taxonomy":"product_tag","embeddable":true,"href":"https:\/\/suelosport.com\/pt-pt\/wp-json\/wp\/v2\/product_tag?post=64268"}],"curies":[{"name":"wp","href":"https:\/\/api.w.org\/{rel}","templated":true}]}}