{"id":64119,"date":"2025-01-27T09:01:15","date_gmt":"2025-01-27T08:01:15","guid":{"rendered":"https:\/\/suelosport.com\/?post_type=product&#038;p=64119"},"modified":"2026-01-22T11:43:15","modified_gmt":"2026-01-22T10:43:15","slug":"par-de-mancuernas-redondas-25-30kg","status":"publish","type":"product","link":"https:\/\/suelosport.com\/pt-pt\/producto\/par-de-mancuernas-redondas-25-30kg\/","title":{"rendered":"Par de Mancuernas Redondas 2,5 &#8211; 30kg"},"content":{"rendered":"<p>Las <strong>mancuernas redondas<\/strong> son un accesorio ideal para quienes buscan <strong>desarrollar fuerza y masa muscular.<\/strong> Dise\u00f1adas para ser resistentes y vers\u00e1tiles, destacan en cualquier gimnasio o espacio de entrenamiento gracias a sus m\u00faltiples beneficios.<\/p>\n<p>Uno de los aspectos m\u00e1s notables de estas mancuernas es la <strong>calidad<\/strong> de sus materiales y su estructura. Sus cabezas, fabricadas en acero s\u00f3lido y recubiertas con caucho virgen, ofrecen una <strong>resistencia<\/strong> excepcional. Est\u00e1n concebidas para soportar un uso constante y prolongado sin comprometer su durabilidad ni su rendimiento.<\/p>\n<p>Otro punto a favor de estas mancuernas es su mango cromado, el cual mide 145 mm de longitud. Este <strong>dise\u00f1o ergon\u00f3mico<\/strong> proporciona un agarre seguro y c\u00f3modo. Adem\u00e1s, el revestimiento de cromo no solo le da una textura suave y agradable al tacto, sino que tambi\u00e9n lo protege del desgaste, asegurando su buen estado con el tiempo. Gracias a su firmeza, podr\u00e1s enfocarte en tu rutina sin preocuparte por resbalones o incomodidades.<\/p>\n","protected":false},"excerpt":{"rendered":"<p>Ideales para entrenamientos progresivos, de media y alta intensidad.<\/p>\n<ul>\n<li>Cabezas de acero s\u00f3lido recubierto de caucho virgen<\/li>\n<li>Mango cromado<\/li>\n<\/ul>\n<p><span style=\"color: #ed1c24;\"><b>Por cada unidad pedida, recibir\u00e1 2 Mancuernas del peso seleccionado<\/b><\/span><\/p>\n","protected":false},"featured_media":64189,"comment_status":"open","ping_status":"closed","template":"","meta":{"inline_featured_image":false},"product_brand":[],"product_cat":[1800,1801],"product_tag":[],"class_list":{"0":"post-64119","1":"product","2":"type-product","3":"status-publish","4":"has-post-thumbnail","6":"product_cat-material-fitness","7":"product_cat-musculacion","8":"product_shipping_class-todosmenossuelos","9":"pa_peso-2-x-10-kg","10":"pa_peso-2-x-125-kg","11":"pa_peso-2-x-15-kg","12":"pa_peso-2-x-175-kg","13":"pa_peso-2-x-20-kg","14":"pa_peso-2-x-25-kg","15":"pa_peso-2-x-225-kg","16":"pa_peso-2-x-30-kg","17":"pa_peso-2-x-25-kg-2","18":"pa_peso-2-x-50-kg","19":"pa_peso-2-x-5-kg","20":"pa_peso-2-x-75-kg","22":"first","23":"instock","24":"sale","25":"taxable","26":"shipping-taxable","27":"purchasable","28":"product-type-variable"},"yoast_head":"<!-- This site is optimized with the Yoast SEO plugin v27.4 - https:\/\/yoast.com\/product\/yoast-seo-wordpress\/ -->\n<title>Par de Mancuernas Redondas 2,5 - 30kg | Suelosport - Suelos Deportivos<\/title>\n<meta name=\"robots\" content=\"index, follow, max-snippet:-1, max-image-preview:large, max-video-preview:-1\" \/>\n<link rel=\"canonical\" href=\"https:\/\/suelosport.com\/pt-pt\/producto\/par-de-mancuernas-redondas-25-30kg\/\" \/>\n<meta property=\"og:locale\" content=\"pt_PT\" \/>\n<meta property=\"og:type\" content=\"article\" \/>\n<meta property=\"og:title\" content=\"Par de Mancuernas Redondas 2,5 - 30kg | Suelosport - Suelos Deportivos\" \/>\n<meta property=\"og:description\" content=\"Ideales para entrenamientos progresivos, de media y alta intensidad.   Cabezas de acero s\u00f3lido recubierto de caucho virgen  Mango cromado  Por cada unidad pedida, recibir\u00e1 2 Mancuernas del peso seleccionado\" \/>\n<meta property=\"og:url\" content=\"https:\/\/suelosport.com\/pt-pt\/producto\/par-de-mancuernas-redondas-25-30kg\/\" \/>\n<meta property=\"og:site_name\" content=\"Suelosport - Suelos Deportivos\" \/>\n<meta property=\"article:publisher\" content=\"https:\/\/www.facebook.com\/Suelosport-2042694182686080\/\" \/>\n<meta property=\"article:modified_time\" content=\"2026-01-22T10:43:15+00:00\" \/>\n<meta property=\"og:image\" content=\"https:\/\/suelosport.com\/wp-content\/uploads\/2025\/01\/PAR-MANCUERNAS-25-1.jpg\" \/>\n\t<meta property=\"og:image:width\" content=\"600\" \/>\n\t<meta property=\"og:image:height\" content=\"600\" \/>\n\t<meta property=\"og:image:type\" content=\"image\/jpeg\" \/>\n<meta name=\"twitter:card\" content=\"summary_large_image\" \/>\n<meta name=\"twitter:label1\" content=\"Tempo estimado de leitura\" \/>\n\t<meta name=\"twitter:data1\" content=\"1 minuto\" \/>\n<script type=\"application\/ld+json\" class=\"yoast-schema-graph\">{\"@context\":\"https:\\\/\\\/schema.org\",\"@graph\":[{\"@type\":[\"WebPage\",\"ItemPage\"],\"@id\":\"https:\\\/\\\/suelosport.com\\\/pt-pt\\\/producto\\\/par-de-mancuernas-redondas-25-30kg\\\/\",\"url\":\"https:\\\/\\\/suelosport.com\\\/pt-pt\\\/producto\\\/par-de-mancuernas-redondas-25-30kg\\\/\",\"name\":\"Par de Mancuernas Redondas 2,5 - 30kg | Suelosport - Suelos Deportivos\",\"isPartOf\":{\"@id\":\"https:\\\/\\\/suelosport.com\\\/pt-pt\\\/#website\"},\"primaryImageOfPage\":{\"@id\":\"https:\\\/\\\/suelosport.com\\\/pt-pt\\\/producto\\\/par-de-mancuernas-redondas-25-30kg\\\/#primaryimage\"},\"image\":{\"@id\":\"https:\\\/\\\/suelosport.com\\\/pt-pt\\\/producto\\\/par-de-mancuernas-redondas-25-30kg\\\/#primaryimage\"},\"thumbnailUrl\":\"https:\\\/\\\/suelosport.com\\\/wp-content\\\/uploads\\\/2025\\\/01\\\/PAR-MANCUERNAS-25-1.jpg\",\"datePublished\":\"2025-01-27T08:01:15+00:00\",\"dateModified\":\"2026-01-22T10:43:15+00:00\",\"breadcrumb\":{\"@id\":\"https:\\\/\\\/suelosport.com\\\/pt-pt\\\/producto\\\/par-de-mancuernas-redondas-25-30kg\\\/#breadcrumb\"},\"inLanguage\":\"pt-PT\",\"potentialAction\":[{\"@type\":\"ReadAction\",\"target\":[\"https:\\\/\\\/suelosport.com\\\/pt-pt\\\/producto\\\/par-de-mancuernas-redondas-25-30kg\\\/\"]}]},{\"@type\":\"ImageObject\",\"inLanguage\":\"pt-PT\",\"@id\":\"https:\\\/\\\/suelosport.com\\\/pt-pt\\\/producto\\\/par-de-mancuernas-redondas-25-30kg\\\/#primaryimage\",\"url\":\"https:\\\/\\\/suelosport.com\\\/wp-content\\\/uploads\\\/2025\\\/01\\\/PAR-MANCUERNAS-25-1.jpg\",\"contentUrl\":\"https:\\\/\\\/suelosport.com\\\/wp-content\\\/uploads\\\/2025\\\/01\\\/PAR-MANCUERNAS-25-1.jpg\",\"width\":600,\"height\":600,\"caption\":\"PAR MANCUERNAS 2,5 KG\"},{\"@type\":\"BreadcrumbList\",\"@id\":\"https:\\\/\\\/suelosport.com\\\/pt-pt\\\/producto\\\/par-de-mancuernas-redondas-25-30kg\\\/#breadcrumb\",\"itemListElement\":[{\"@type\":\"ListItem\",\"position\":1,\"name\":\"Portada\",\"item\":\"https:\\\/\\\/suelosport.com\\\/pt-pt\\\/\"},{\"@type\":\"ListItem\",\"position\":2,\"name\":\"Tienda\",\"item\":\"https:\\\/\\\/suelosport.com\\\/tienda\\\/\"},{\"@type\":\"ListItem\",\"position\":3,\"name\":\"Par de Mancuernas Redondas 2,5 &#8211; 30kg\"}]},{\"@type\":\"WebSite\",\"@id\":\"https:\\\/\\\/suelosport.com\\\/pt-pt\\\/#website\",\"url\":\"https:\\\/\\\/suelosport.com\\\/pt-pt\\\/\",\"name\":\"Suelosport - Suelos Deportivos\",\"description\":\"Suelos para gimnasios, suelos de goma, losetas y suelos antideslizantes\",\"publisher\":{\"@id\":\"https:\\\/\\\/suelosport.com\\\/pt-pt\\\/#organization\"},\"potentialAction\":[{\"@type\":\"SearchAction\",\"target\":{\"@type\":\"EntryPoint\",\"urlTemplate\":\"https:\\\/\\\/suelosport.com\\\/pt-pt\\\/?s={search_term_string}\"},\"query-input\":{\"@type\":\"PropertyValueSpecification\",\"valueRequired\":true,\"valueName\":\"search_term_string\"}}],\"inLanguage\":\"pt-PT\"},{\"@type\":\"Organization\",\"@id\":\"https:\\\/\\\/suelosport.com\\\/pt-pt\\\/#organization\",\"name\":\"Suelosport\",\"url\":\"https:\\\/\\\/suelosport.com\\\/pt-pt\\\/\",\"logo\":{\"@type\":\"ImageObject\",\"inLanguage\":\"pt-PT\",\"@id\":\"https:\\\/\\\/suelosport.com\\\/pt-pt\\\/#\\\/schema\\\/logo\\\/image\\\/\",\"url\":\"https:\\\/\\\/suelosport.com\\\/wp-content\\\/uploads\\\/2018\\\/03\\\/logo-suelosport.png\",\"contentUrl\":\"https:\\\/\\\/suelosport.com\\\/wp-content\\\/uploads\\\/2018\\\/03\\\/logo-suelosport.png\",\"width\":300,\"height\":67,\"caption\":\"Suelosport\"},\"image\":{\"@id\":\"https:\\\/\\\/suelosport.com\\\/pt-pt\\\/#\\\/schema\\\/logo\\\/image\\\/\"},\"sameAs\":[\"https:\\\/\\\/www.facebook.com\\\/Suelosport-2042694182686080\\\/\",\"https:\\\/\\\/www.linkedin.com\\\/company\\\/suelosport\\\/\",\"https:\\\/\\\/www.youtube.com\\\/channel\\\/UC1eoryUxD4Fw7f1m5wx_vFg?view_as=subscriber\"]}]}<\/script>\n<!-- \/ Yoast SEO plugin. -->","yoast_head_json":{"title":"Par de Mancuernas Redondas 2,5 - 30kg | Suelosport - Suelos Deportivos","robots":{"index":"index","follow":"follow","max-snippet":"max-snippet:-1","max-image-preview":"max-image-preview:large","max-video-preview":"max-video-preview:-1"},"canonical":"https:\/\/suelosport.com\/pt-pt\/producto\/par-de-mancuernas-redondas-25-30kg\/","og_locale":"pt_PT","og_type":"article","og_title":"Par de Mancuernas Redondas 2,5 - 30kg | Suelosport - Suelos Deportivos","og_description":"Ideales para entrenamientos progresivos, de media y alta intensidad.   Cabezas de acero s\u00f3lido recubierto de caucho virgen  Mango cromado  Por cada unidad pedida, recibir\u00e1 2 Mancuernas del peso seleccionado","og_url":"https:\/\/suelosport.com\/pt-pt\/producto\/par-de-mancuernas-redondas-25-30kg\/","og_site_name":"Suelosport - Suelos Deportivos","article_publisher":"https:\/\/www.facebook.com\/Suelosport-2042694182686080\/","article_modified_time":"2026-01-22T10:43:15+00:00","og_image":[{"width":600,"height":600,"url":"https:\/\/suelosport.com\/wp-content\/uploads\/2025\/01\/PAR-MANCUERNAS-25-1.jpg","type":"image\/jpeg"}],"twitter_card":"summary_large_image","twitter_misc":{"Tempo estimado de leitura":"1 minuto"},"schema":{"@context":"https:\/\/schema.org","@graph":[{"@type":["WebPage","ItemPage"],"@id":"https:\/\/suelosport.com\/pt-pt\/producto\/par-de-mancuernas-redondas-25-30kg\/","url":"https:\/\/suelosport.com\/pt-pt\/producto\/par-de-mancuernas-redondas-25-30kg\/","name":"Par de Mancuernas Redondas 2,5 - 30kg | Suelosport - Suelos Deportivos","isPartOf":{"@id":"https:\/\/suelosport.com\/pt-pt\/#website"},"primaryImageOfPage":{"@id":"https:\/\/suelosport.com\/pt-pt\/producto\/par-de-mancuernas-redondas-25-30kg\/#primaryimage"},"image":{"@id":"https:\/\/suelosport.com\/pt-pt\/producto\/par-de-mancuernas-redondas-25-30kg\/#primaryimage"},"thumbnailUrl":"https:\/\/suelosport.com\/wp-content\/uploads\/2025\/01\/PAR-MANCUERNAS-25-1.jpg","datePublished":"2025-01-27T08:01:15+00:00","dateModified":"2026-01-22T10:43:15+00:00","breadcrumb":{"@id":"https:\/\/suelosport.com\/pt-pt\/producto\/par-de-mancuernas-redondas-25-30kg\/#breadcrumb"},"inLanguage":"pt-PT","potentialAction":[{"@type":"ReadAction","target":["https:\/\/suelosport.com\/pt-pt\/producto\/par-de-mancuernas-redondas-25-30kg\/"]}]},{"@type":"ImageObject","inLanguage":"pt-PT","@id":"https:\/\/suelosport.com\/pt-pt\/producto\/par-de-mancuernas-redondas-25-30kg\/#primaryimage","url":"https:\/\/suelosport.com\/wp-content\/uploads\/2025\/01\/PAR-MANCUERNAS-25-1.jpg","contentUrl":"https:\/\/suelosport.com\/wp-content\/uploads\/2025\/01\/PAR-MANCUERNAS-25-1.jpg","width":600,"height":600,"caption":"PAR MANCUERNAS 2,5 KG"},{"@type":"BreadcrumbList","@id":"https:\/\/suelosport.com\/pt-pt\/producto\/par-de-mancuernas-redondas-25-30kg\/#breadcrumb","itemListElement":[{"@type":"ListItem","position":1,"name":"Portada","item":"https:\/\/suelosport.com\/pt-pt\/"},{"@type":"ListItem","position":2,"name":"Tienda","item":"https:\/\/suelosport.com\/tienda\/"},{"@type":"ListItem","position":3,"name":"Par de Mancuernas Redondas 2,5 &#8211; 30kg"}]},{"@type":"WebSite","@id":"https:\/\/suelosport.com\/pt-pt\/#website","url":"https:\/\/suelosport.com\/pt-pt\/","name":"Suelosport - Suelos Deportivos","description":"Suelos para gimnasios, suelos de goma, losetas y suelos antideslizantes","publisher":{"@id":"https:\/\/suelosport.com\/pt-pt\/#organization"},"potentialAction":[{"@type":"SearchAction","target":{"@type":"EntryPoint","urlTemplate":"https:\/\/suelosport.com\/pt-pt\/?s={search_term_string}"},"query-input":{"@type":"PropertyValueSpecification","valueRequired":true,"valueName":"search_term_string"}}],"inLanguage":"pt-PT"},{"@type":"Organization","@id":"https:\/\/suelosport.com\/pt-pt\/#organization","name":"Suelosport","url":"https:\/\/suelosport.com\/pt-pt\/","logo":{"@type":"ImageObject","inLanguage":"pt-PT","@id":"https:\/\/suelosport.com\/pt-pt\/#\/schema\/logo\/image\/","url":"https:\/\/suelosport.com\/wp-content\/uploads\/2018\/03\/logo-suelosport.png","contentUrl":"https:\/\/suelosport.com\/wp-content\/uploads\/2018\/03\/logo-suelosport.png","width":300,"height":67,"caption":"Suelosport"},"image":{"@id":"https:\/\/suelosport.com\/pt-pt\/#\/schema\/logo\/image\/"},"sameAs":["https:\/\/www.facebook.com\/Suelosport-2042694182686080\/","https:\/\/www.linkedin.com\/company\/suelosport\/","https:\/\/www.youtube.com\/channel\/UC1eoryUxD4Fw7f1m5wx_vFg?view_as=subscriber"]}]}},"_links":{"self":[{"href":"https:\/\/suelosport.com\/pt-pt\/wp-json\/wp\/v2\/product\/64119","targetHints":{"allow":["GET"]}}],"collection":[{"href":"https:\/\/suelosport.com\/pt-pt\/wp-json\/wp\/v2\/product"}],"about":[{"href":"https:\/\/suelosport.com\/pt-pt\/wp-json\/wp\/v2\/types\/product"}],"replies":[{"embeddable":true,"href":"https:\/\/suelosport.com\/pt-pt\/wp-json\/wp\/v2\/comments?post=64119"}],"wp:featuredmedia":[{"embeddable":true,"href":"https:\/\/suelosport.com\/pt-pt\/wp-json\/wp\/v2\/media\/64189"}],"wp:attachment":[{"href":"https:\/\/suelosport.com\/pt-pt\/wp-json\/wp\/v2\/media?parent=64119"}],"wp:term":[{"taxonomy":"product_brand","embeddable":true,"href":"https:\/\/suelosport.com\/pt-pt\/wp-json\/wp\/v2\/product_brand?post=64119"},{"taxonomy":"product_cat","embeddable":true,"href":"https:\/\/suelosport.com\/pt-pt\/wp-json\/wp\/v2\/product_cat?post=64119"},{"taxonomy":"product_tag","embeddable":true,"href":"https:\/\/suelosport.com\/pt-pt\/wp-json\/wp\/v2\/product_tag?post=64119"}],"curies":[{"name":"wp","href":"https:\/\/api.w.org\/{rel}","templated":true}]}}