{"id":62264,"date":"2024-10-16T11:33:50","date_gmt":"2024-10-16T10:33:50","guid":{"rendered":"https:\/\/suelosport.com\/?post_type=product&#038;p=62264"},"modified":"2026-01-23T08:23:31","modified_gmt":"2026-01-23T07:23:31","slug":"pack-mancuernero-con-mancuernas-redondas","status":"publish","type":"product","link":"https:\/\/suelosport.com\/pt-pt\/producto\/pack-mancuernero-con-mancuernas-redondas\/","title":{"rendered":"Pack mancuernero con mancuernas redondas"},"content":{"rendered":"<p><strong><span style=\"font-size: 150%;\">Soporte de Mancuernas de 3 Niveles con Set de Mancuernas Redondas &#8220;FIURI&#8221;<\/span><\/strong><\/p>\n<p>Aprovecha al m\u00e1ximo tu \u00e1rea de entrenamiento con el soporte de 3 niveles &#8220;FIURI&#8221;, el compa\u00f1ero ideal para mantener tus mancuernas organizadas y siempre a mano. Este soporte resistente no solo ayuda a mantener el orden en tu gimnasio personal o profesional, sino que tambi\u00e9n<strong> incluye un set completo de mancuernas redondas FIURI<\/strong>, dise\u00f1adas para proporcionar un agarre c\u00f3modo y seguro en cualquier ejercicio.<\/p>\n<p><span style=\"font-size: 120%;\"><strong>Caracter\u00edsticas del Mancuernero: <\/strong><\/span><\/p>\n<ul>\n<li>Estructura robusta de 3 niveles: Fabricado en acero s\u00f3lido, <strong>soporta una gran carga<\/strong> sin perder estabilidad.<\/li>\n<li>Acabado duradero: Recubrimiento anticorrosi\u00f3n que asegura una mayor durabilidad y un dise\u00f1o moderno.<\/li>\n<li>Organizaci\u00f3n eficiente: Mant\u00e9n tus mancuernas seguras y accesibles, maximizando el uso del espacio en tu zona de entrenamiento.<\/li>\n<\/ul>\n<p><strong><span style=\"font-size: 120%;\">Pack de Mancuernas FIURI Incluido: <\/span><\/strong><\/p>\n<ul>\n<li><strong>Mancuernas incluidas:\u00a0<\/strong>2 mancuernas de 2,5 kg, 2 mancuernas de 5 kg, 2 mancuernas de 7,5 kg, 2 mancuernas de 10 kg, 2 mancuernas de 12,5 kg, 2 mancuernas de 15 kg, 2 mancuernas de 17,5 kg, 2 mancuernas de 20 kg, 2 mancuernas de 22,5 kg, y 2 mancuernas de 25 kg<\/li>\n<li>Mancuernas redondas FIURI: <strong>Equilibradas y revestidas para un agarre seguro y c\u00f3modo.<\/strong><\/li>\n<li>Variedad de pesos: Incluye <strong>diferentes opciones de peso<\/strong> para ajustarse a cualquier nivel, desde principiante hasta avanzado.<\/li>\n<li>Amplia versatilidad: Ideales para ejercicios de fuerza, tonificaci\u00f3n muscular y resistencia.<\/li>\n<\/ul>\n<p>Con este pack, tendr\u00e1s todo lo que necesitas para entrenar de forma organizada, eficiente y segura. \u00a1Convierte tu espacio de entrenamiento en un lugar funcional y acorde a tu rutina!<\/p>\n","protected":false},"excerpt":{"rendered":"<p>Perfecto para organizar y optimizar tu espacio de entrenamiento.<\/p>\n<p><strong>Incluye:<\/strong><\/p>\n<ul>\n<li>1 Mancuernero de 3 estantes<\/li>\n<li>1 Pack de pares de mancuernas de 2,5kg a 25 kg<\/li>\n<\/ul>\n","protected":false},"featured_media":62265,"comment_status":"open","ping_status":"closed","template":"","meta":{"inline_featured_image":false},"product_brand":[],"product_cat":[1801,1909],"product_tag":[],"class_list":{"0":"post-62264","1":"product","2":"type-product","3":"status-publish","4":"has-post-thumbnail","6":"product_cat-musculacion","7":"product_cat-packs-musculacion","8":"product_shipping_class-todosmenossuelos","10":"first","11":"instock","12":"sale","13":"taxable","14":"shipping-taxable","15":"purchasable","16":"product-type-simple"},"yoast_head":"<!-- This site is optimized with the Yoast SEO plugin v27.4 - https:\/\/yoast.com\/product\/yoast-seo-wordpress\/ -->\n<title>Pack mancuernero con mancuernas redondas | Suelosport - Suelos Deportivos<\/title>\n<meta name=\"robots\" content=\"index, follow, max-snippet:-1, max-image-preview:large, max-video-preview:-1\" \/>\n<link rel=\"canonical\" href=\"https:\/\/suelosport.com\/pt-pt\/producto\/pack-mancuernero-con-mancuernas-redondas\/\" \/>\n<meta property=\"og:locale\" content=\"pt_PT\" \/>\n<meta property=\"og:type\" content=\"article\" \/>\n<meta property=\"og:title\" content=\"Pack mancuernero con mancuernas redondas | Suelosport - Suelos Deportivos\" \/>\n<meta property=\"og:description\" content=\"Perfecto para organizar y optimizar tu espacio de entrenamiento.  Incluye:   1 Mancuernero de 3 estantes  1 Pack de pares de mancuernas de 2,5kg a 25 kg\" \/>\n<meta property=\"og:url\" content=\"https:\/\/suelosport.com\/pt-pt\/producto\/pack-mancuernero-con-mancuernas-redondas\/\" \/>\n<meta property=\"og:site_name\" content=\"Suelosport - Suelos Deportivos\" \/>\n<meta property=\"article:publisher\" content=\"https:\/\/www.facebook.com\/Suelosport-2042694182686080\/\" \/>\n<meta property=\"article:modified_time\" content=\"2026-01-23T07:23:31+00:00\" \/>\n<meta property=\"og:image\" content=\"https:\/\/suelosport.com\/wp-content\/uploads\/2024\/10\/Diseno-sin-titulo-4.png\" \/>\n\t<meta property=\"og:image:width\" content=\"1414\" \/>\n\t<meta property=\"og:image:height\" content=\"2000\" \/>\n\t<meta property=\"og:image:type\" content=\"image\/png\" \/>\n<meta name=\"twitter:card\" content=\"summary_large_image\" \/>\n<meta name=\"twitter:label1\" content=\"Tempo estimado de leitura\" \/>\n\t<meta name=\"twitter:data1\" content=\"2 minutos\" \/>\n<script type=\"application\/ld+json\" class=\"yoast-schema-graph\">{\"@context\":\"https:\\\/\\\/schema.org\",\"@graph\":[{\"@type\":[\"WebPage\",\"ItemPage\"],\"@id\":\"https:\\\/\\\/suelosport.com\\\/pt-pt\\\/producto\\\/pack-mancuernero-con-mancuernas-redondas\\\/\",\"url\":\"https:\\\/\\\/suelosport.com\\\/pt-pt\\\/producto\\\/pack-mancuernero-con-mancuernas-redondas\\\/\",\"name\":\"Pack mancuernero con mancuernas redondas | Suelosport - Suelos Deportivos\",\"isPartOf\":{\"@id\":\"https:\\\/\\\/suelosport.com\\\/pt-pt\\\/#website\"},\"primaryImageOfPage\":{\"@id\":\"https:\\\/\\\/suelosport.com\\\/pt-pt\\\/producto\\\/pack-mancuernero-con-mancuernas-redondas\\\/#primaryimage\"},\"image\":{\"@id\":\"https:\\\/\\\/suelosport.com\\\/pt-pt\\\/producto\\\/pack-mancuernero-con-mancuernas-redondas\\\/#primaryimage\"},\"thumbnailUrl\":\"https:\\\/\\\/suelosport.com\\\/wp-content\\\/uploads\\\/2024\\\/10\\\/Diseno-sin-titulo-4.png\",\"datePublished\":\"2024-10-16T10:33:50+00:00\",\"dateModified\":\"2026-01-23T07:23:31+00:00\",\"breadcrumb\":{\"@id\":\"https:\\\/\\\/suelosport.com\\\/pt-pt\\\/producto\\\/pack-mancuernero-con-mancuernas-redondas\\\/#breadcrumb\"},\"inLanguage\":\"pt-PT\",\"potentialAction\":[{\"@type\":\"ReadAction\",\"target\":[\"https:\\\/\\\/suelosport.com\\\/pt-pt\\\/producto\\\/pack-mancuernero-con-mancuernas-redondas\\\/\"]}]},{\"@type\":\"ImageObject\",\"inLanguage\":\"pt-PT\",\"@id\":\"https:\\\/\\\/suelosport.com\\\/pt-pt\\\/producto\\\/pack-mancuernero-con-mancuernas-redondas\\\/#primaryimage\",\"url\":\"https:\\\/\\\/suelosport.com\\\/wp-content\\\/uploads\\\/2024\\\/10\\\/Diseno-sin-titulo-4.png\",\"contentUrl\":\"https:\\\/\\\/suelosport.com\\\/wp-content\\\/uploads\\\/2024\\\/10\\\/Diseno-sin-titulo-4.png\",\"width\":1414,\"height\":2000,\"caption\":\"Pack mancuernero mancuernas redondas\"},{\"@type\":\"BreadcrumbList\",\"@id\":\"https:\\\/\\\/suelosport.com\\\/pt-pt\\\/producto\\\/pack-mancuernero-con-mancuernas-redondas\\\/#breadcrumb\",\"itemListElement\":[{\"@type\":\"ListItem\",\"position\":1,\"name\":\"Portada\",\"item\":\"https:\\\/\\\/suelosport.com\\\/pt-pt\\\/\"},{\"@type\":\"ListItem\",\"position\":2,\"name\":\"Tienda\",\"item\":\"https:\\\/\\\/suelosport.com\\\/tienda\\\/\"},{\"@type\":\"ListItem\",\"position\":3,\"name\":\"Pack mancuernero con mancuernas redondas\"}]},{\"@type\":\"WebSite\",\"@id\":\"https:\\\/\\\/suelosport.com\\\/pt-pt\\\/#website\",\"url\":\"https:\\\/\\\/suelosport.com\\\/pt-pt\\\/\",\"name\":\"Suelosport - Suelos Deportivos\",\"description\":\"Suelos para gimnasios, suelos de goma, losetas y suelos antideslizantes\",\"publisher\":{\"@id\":\"https:\\\/\\\/suelosport.com\\\/pt-pt\\\/#organization\"},\"potentialAction\":[{\"@type\":\"SearchAction\",\"target\":{\"@type\":\"EntryPoint\",\"urlTemplate\":\"https:\\\/\\\/suelosport.com\\\/pt-pt\\\/?s={search_term_string}\"},\"query-input\":{\"@type\":\"PropertyValueSpecification\",\"valueRequired\":true,\"valueName\":\"search_term_string\"}}],\"inLanguage\":\"pt-PT\"},{\"@type\":\"Organization\",\"@id\":\"https:\\\/\\\/suelosport.com\\\/pt-pt\\\/#organization\",\"name\":\"Suelosport\",\"url\":\"https:\\\/\\\/suelosport.com\\\/pt-pt\\\/\",\"logo\":{\"@type\":\"ImageObject\",\"inLanguage\":\"pt-PT\",\"@id\":\"https:\\\/\\\/suelosport.com\\\/pt-pt\\\/#\\\/schema\\\/logo\\\/image\\\/\",\"url\":\"https:\\\/\\\/suelosport.com\\\/wp-content\\\/uploads\\\/2018\\\/03\\\/logo-suelosport.png\",\"contentUrl\":\"https:\\\/\\\/suelosport.com\\\/wp-content\\\/uploads\\\/2018\\\/03\\\/logo-suelosport.png\",\"width\":300,\"height\":67,\"caption\":\"Suelosport\"},\"image\":{\"@id\":\"https:\\\/\\\/suelosport.com\\\/pt-pt\\\/#\\\/schema\\\/logo\\\/image\\\/\"},\"sameAs\":[\"https:\\\/\\\/www.facebook.com\\\/Suelosport-2042694182686080\\\/\",\"https:\\\/\\\/www.linkedin.com\\\/company\\\/suelosport\\\/\",\"https:\\\/\\\/www.youtube.com\\\/channel\\\/UC1eoryUxD4Fw7f1m5wx_vFg?view_as=subscriber\"]}]}<\/script>\n<!-- \/ Yoast SEO plugin. -->","yoast_head_json":{"title":"Pack mancuernero con mancuernas redondas | Suelosport - Suelos Deportivos","robots":{"index":"index","follow":"follow","max-snippet":"max-snippet:-1","max-image-preview":"max-image-preview:large","max-video-preview":"max-video-preview:-1"},"canonical":"https:\/\/suelosport.com\/pt-pt\/producto\/pack-mancuernero-con-mancuernas-redondas\/","og_locale":"pt_PT","og_type":"article","og_title":"Pack mancuernero con mancuernas redondas | Suelosport - Suelos Deportivos","og_description":"Perfecto para organizar y optimizar tu espacio de entrenamiento.  Incluye:   1 Mancuernero de 3 estantes  1 Pack de pares de mancuernas de 2,5kg a 25 kg","og_url":"https:\/\/suelosport.com\/pt-pt\/producto\/pack-mancuernero-con-mancuernas-redondas\/","og_site_name":"Suelosport - Suelos Deportivos","article_publisher":"https:\/\/www.facebook.com\/Suelosport-2042694182686080\/","article_modified_time":"2026-01-23T07:23:31+00:00","og_image":[{"width":1414,"height":2000,"url":"https:\/\/suelosport.com\/wp-content\/uploads\/2024\/10\/Diseno-sin-titulo-4.png","type":"image\/png"}],"twitter_card":"summary_large_image","twitter_misc":{"Tempo estimado de leitura":"2 minutos"},"schema":{"@context":"https:\/\/schema.org","@graph":[{"@type":["WebPage","ItemPage"],"@id":"https:\/\/suelosport.com\/pt-pt\/producto\/pack-mancuernero-con-mancuernas-redondas\/","url":"https:\/\/suelosport.com\/pt-pt\/producto\/pack-mancuernero-con-mancuernas-redondas\/","name":"Pack mancuernero con mancuernas redondas | Suelosport - Suelos Deportivos","isPartOf":{"@id":"https:\/\/suelosport.com\/pt-pt\/#website"},"primaryImageOfPage":{"@id":"https:\/\/suelosport.com\/pt-pt\/producto\/pack-mancuernero-con-mancuernas-redondas\/#primaryimage"},"image":{"@id":"https:\/\/suelosport.com\/pt-pt\/producto\/pack-mancuernero-con-mancuernas-redondas\/#primaryimage"},"thumbnailUrl":"https:\/\/suelosport.com\/wp-content\/uploads\/2024\/10\/Diseno-sin-titulo-4.png","datePublished":"2024-10-16T10:33:50+00:00","dateModified":"2026-01-23T07:23:31+00:00","breadcrumb":{"@id":"https:\/\/suelosport.com\/pt-pt\/producto\/pack-mancuernero-con-mancuernas-redondas\/#breadcrumb"},"inLanguage":"pt-PT","potentialAction":[{"@type":"ReadAction","target":["https:\/\/suelosport.com\/pt-pt\/producto\/pack-mancuernero-con-mancuernas-redondas\/"]}]},{"@type":"ImageObject","inLanguage":"pt-PT","@id":"https:\/\/suelosport.com\/pt-pt\/producto\/pack-mancuernero-con-mancuernas-redondas\/#primaryimage","url":"https:\/\/suelosport.com\/wp-content\/uploads\/2024\/10\/Diseno-sin-titulo-4.png","contentUrl":"https:\/\/suelosport.com\/wp-content\/uploads\/2024\/10\/Diseno-sin-titulo-4.png","width":1414,"height":2000,"caption":"Pack mancuernero mancuernas redondas"},{"@type":"BreadcrumbList","@id":"https:\/\/suelosport.com\/pt-pt\/producto\/pack-mancuernero-con-mancuernas-redondas\/#breadcrumb","itemListElement":[{"@type":"ListItem","position":1,"name":"Portada","item":"https:\/\/suelosport.com\/pt-pt\/"},{"@type":"ListItem","position":2,"name":"Tienda","item":"https:\/\/suelosport.com\/tienda\/"},{"@type":"ListItem","position":3,"name":"Pack mancuernero con mancuernas redondas"}]},{"@type":"WebSite","@id":"https:\/\/suelosport.com\/pt-pt\/#website","url":"https:\/\/suelosport.com\/pt-pt\/","name":"Suelosport - Suelos Deportivos","description":"Suelos para gimnasios, suelos de goma, losetas y suelos antideslizantes","publisher":{"@id":"https:\/\/suelosport.com\/pt-pt\/#organization"},"potentialAction":[{"@type":"SearchAction","target":{"@type":"EntryPoint","urlTemplate":"https:\/\/suelosport.com\/pt-pt\/?s={search_term_string}"},"query-input":{"@type":"PropertyValueSpecification","valueRequired":true,"valueName":"search_term_string"}}],"inLanguage":"pt-PT"},{"@type":"Organization","@id":"https:\/\/suelosport.com\/pt-pt\/#organization","name":"Suelosport","url":"https:\/\/suelosport.com\/pt-pt\/","logo":{"@type":"ImageObject","inLanguage":"pt-PT","@id":"https:\/\/suelosport.com\/pt-pt\/#\/schema\/logo\/image\/","url":"https:\/\/suelosport.com\/wp-content\/uploads\/2018\/03\/logo-suelosport.png","contentUrl":"https:\/\/suelosport.com\/wp-content\/uploads\/2018\/03\/logo-suelosport.png","width":300,"height":67,"caption":"Suelosport"},"image":{"@id":"https:\/\/suelosport.com\/pt-pt\/#\/schema\/logo\/image\/"},"sameAs":["https:\/\/www.facebook.com\/Suelosport-2042694182686080\/","https:\/\/www.linkedin.com\/company\/suelosport\/","https:\/\/www.youtube.com\/channel\/UC1eoryUxD4Fw7f1m5wx_vFg?view_as=subscriber"]}]}},"_links":{"self":[{"href":"https:\/\/suelosport.com\/pt-pt\/wp-json\/wp\/v2\/product\/62264","targetHints":{"allow":["GET"]}}],"collection":[{"href":"https:\/\/suelosport.com\/pt-pt\/wp-json\/wp\/v2\/product"}],"about":[{"href":"https:\/\/suelosport.com\/pt-pt\/wp-json\/wp\/v2\/types\/product"}],"replies":[{"embeddable":true,"href":"https:\/\/suelosport.com\/pt-pt\/wp-json\/wp\/v2\/comments?post=62264"}],"wp:featuredmedia":[{"embeddable":true,"href":"https:\/\/suelosport.com\/pt-pt\/wp-json\/wp\/v2\/media\/62265"}],"wp:attachment":[{"href":"https:\/\/suelosport.com\/pt-pt\/wp-json\/wp\/v2\/media?parent=62264"}],"wp:term":[{"taxonomy":"product_brand","embeddable":true,"href":"https:\/\/suelosport.com\/pt-pt\/wp-json\/wp\/v2\/product_brand?post=62264"},{"taxonomy":"product_cat","embeddable":true,"href":"https:\/\/suelosport.com\/pt-pt\/wp-json\/wp\/v2\/product_cat?post=62264"},{"taxonomy":"product_tag","embeddable":true,"href":"https:\/\/suelosport.com\/pt-pt\/wp-json\/wp\/v2\/product_tag?post=62264"}],"curies":[{"name":"wp","href":"https:\/\/api.w.org\/{rel}","templated":true}]}}