{"id":62246,"date":"2024-10-16T10:57:06","date_gmt":"2024-10-16T09:57:06","guid":{"rendered":"https:\/\/suelosport.com\/?post_type=product&#038;p=62246"},"modified":"2026-01-23T08:23:20","modified_gmt":"2026-01-23T07:23:20","slug":"pack-mancuernero-mancuernas-hexagonales","status":"publish","type":"product","link":"https:\/\/suelosport.com\/pt-pt\/producto\/pack-mancuernero-mancuernas-hexagonales\/","title":{"rendered":"Pack Mancuernero mancuernas hexagonales"},"content":{"rendered":"<h2>Packs de mancuernas hexagonales.<\/h2>\n<ul>\n<li><strong>De 2,5 a 27,5 kg:\u00a0<\/strong>Un par de mancuernas de 2,5 kg, 5 kg, 7,5 kg, 10 kg, 12,5 kg, 15 kg, 17,5 kg, 20 kg, 22,5 kg, 25 kg y 27,5 kg.<strong><br \/>\n<\/strong><\/li>\n<li><strong>De 10 a 30 kg:\u00a0<\/strong>Un par de mancuernas de 10 kg, 12,5 kg, 15 kg, 17,5 kg, 20 kg, 22,5 kg, 25 kg, 27,5 kg y 30 kg<\/li>\n<\/ul>\n<p>Este Pack completo te brinda una <strong>soluci\u00f3n perfecta para tus entrenamientos de fuerza<\/strong>. No solo mantendr\u00e1s tu <strong>espacio de ejercicio ordenado<\/strong> y visualmente atractivo con el dise\u00f1o funcional del soporte de mancuernas, sino que tambi\u00e9n contar\u00e1s con un set de mancuernas de excelente calidad, que te permitir\u00e1 realizar una gran variedad de ejercicios, desde los m\u00e1s sencillos hasta los m\u00e1s avanzados.<\/p>\n<p>El pack de soporte y mancuernas hexagonales<strong> es ideal para trabajar todos los grupos musculares<\/strong>, permitiendo entrenar tanto la fuerza como la resistencia. Desde ejercicios para la parte superior del cuerpo, como curls de b\u00edceps y presses de hombros, hasta movimientos para la parte inferior, como sentadillas o zancadas, este equipo ser\u00e1 tu mejor compa\u00f1ero para <strong>alcanzar tus metas de fitness<\/strong>.<\/p>\n<p>Si buscas <strong>optimizar tu rendimiento y mantener tu zona de entrenamiento organizada<\/strong> de manera eficiente, este pack es una excelente opci\u00f3n. Con un soporte s\u00f3lido y bien dise\u00f1ado, junto a un juego de mancuernas hexagonales compactas y ergon\u00f3micas, tendr\u00e1s todo lo necesario para entrenar de forma c\u00f3moda, segura y efectiva.<\/p>\n<p>\u00a1Convi\u00e9rtete en tu mejor versi\u00f3n con este pack, el aliado perfecto para un estilo de vida m\u00e1s fuerte y saludable!<\/p>\n","protected":false},"excerpt":{"rendered":"<p>Perfecto para ordenar y maximizar tu \u00e1rea de entrenamiento, garantizando resistencia y calidad.<\/p>\n<p>Contiene:<\/p>\n<p>1 soporte para mancuernas de 3 niveles<br \/>\n1 set de pares de mancuernas a escoger entre 2,5 a 27,5 kg o 10 a 30 kg<\/p>\n<p><strong>Ver pesos de cada set en &#8220;DESCRIPCI\u00d3N&#8221;<\/strong><\/p>\n","protected":false},"featured_media":62257,"comment_status":"open","ping_status":"closed","template":"","meta":{"inline_featured_image":false},"product_brand":[],"product_cat":[1801,1909],"product_tag":[],"class_list":{"0":"post-62246","1":"product","2":"type-product","3":"status-publish","4":"has-post-thumbnail","6":"product_cat-musculacion","7":"product_cat-packs-musculacion","9":"first","10":"instock","11":"sale","12":"taxable","13":"shipping-taxable","14":"purchasable","15":"product-type-variable"},"yoast_head":"<!-- This site is optimized with the Yoast SEO plugin v27.4 - https:\/\/yoast.com\/product\/yoast-seo-wordpress\/ -->\n<title>Pack Mancuernero mancuernas hexagonales | Suelosport - Suelos Deportivos<\/title>\n<meta name=\"robots\" content=\"index, follow, max-snippet:-1, max-image-preview:large, max-video-preview:-1\" \/>\n<link rel=\"canonical\" href=\"https:\/\/suelosport.com\/pt-pt\/producto\/pack-mancuernero-mancuernas-hexagonales\/\" \/>\n<meta property=\"og:locale\" content=\"pt_PT\" \/>\n<meta property=\"og:type\" content=\"article\" \/>\n<meta property=\"og:title\" content=\"Pack Mancuernero mancuernas hexagonales | Suelosport - Suelos Deportivos\" \/>\n<meta property=\"og:description\" content=\"Perfecto para ordenar y maximizar tu \u00e1rea de entrenamiento, garantizando resistencia y calidad.  Contiene:  1 soporte para mancuernas de 3 niveles 1 set de pares de mancuernas a escoger entre 2,5 a 27,5 kg o 10 a 30 kg  Ver pesos de cada set en &quot;DESCRIPCI\u00d3N&quot;\" \/>\n<meta property=\"og:url\" content=\"https:\/\/suelosport.com\/pt-pt\/producto\/pack-mancuernero-mancuernas-hexagonales\/\" \/>\n<meta property=\"og:site_name\" content=\"Suelosport - Suelos Deportivos\" \/>\n<meta property=\"article:publisher\" content=\"https:\/\/www.facebook.com\/Suelosport-2042694182686080\/\" \/>\n<meta property=\"article:modified_time\" content=\"2026-01-23T07:23:20+00:00\" \/>\n<meta property=\"og:image\" content=\"https:\/\/suelosport.com\/wp-content\/uploads\/2024\/10\/Mancuernero-con-set-1-800x800-1.png\" \/>\n\t<meta property=\"og:image:width\" content=\"800\" \/>\n\t<meta property=\"og:image:height\" content=\"800\" \/>\n\t<meta property=\"og:image:type\" content=\"image\/png\" \/>\n<meta name=\"twitter:card\" content=\"summary_large_image\" \/>\n<meta name=\"twitter:label1\" content=\"Tempo estimado de leitura\" \/>\n\t<meta name=\"twitter:data1\" content=\"2 minutos\" \/>\n<script type=\"application\/ld+json\" class=\"yoast-schema-graph\">{\"@context\":\"https:\\\/\\\/schema.org\",\"@graph\":[{\"@type\":[\"WebPage\",\"ItemPage\"],\"@id\":\"https:\\\/\\\/suelosport.com\\\/pt-pt\\\/producto\\\/pack-mancuernero-mancuernas-hexagonales\\\/\",\"url\":\"https:\\\/\\\/suelosport.com\\\/pt-pt\\\/producto\\\/pack-mancuernero-mancuernas-hexagonales\\\/\",\"name\":\"Pack Mancuernero mancuernas hexagonales | Suelosport - Suelos Deportivos\",\"isPartOf\":{\"@id\":\"https:\\\/\\\/suelosport.com\\\/pt-pt\\\/#website\"},\"primaryImageOfPage\":{\"@id\":\"https:\\\/\\\/suelosport.com\\\/pt-pt\\\/producto\\\/pack-mancuernero-mancuernas-hexagonales\\\/#primaryimage\"},\"image\":{\"@id\":\"https:\\\/\\\/suelosport.com\\\/pt-pt\\\/producto\\\/pack-mancuernero-mancuernas-hexagonales\\\/#primaryimage\"},\"thumbnailUrl\":\"https:\\\/\\\/suelosport.com\\\/wp-content\\\/uploads\\\/2024\\\/10\\\/Mancuernero-con-set-1-800x800-1.png\",\"datePublished\":\"2024-10-16T09:57:06+00:00\",\"dateModified\":\"2026-01-23T07:23:20+00:00\",\"breadcrumb\":{\"@id\":\"https:\\\/\\\/suelosport.com\\\/pt-pt\\\/producto\\\/pack-mancuernero-mancuernas-hexagonales\\\/#breadcrumb\"},\"inLanguage\":\"pt-PT\",\"potentialAction\":[{\"@type\":\"ReadAction\",\"target\":[\"https:\\\/\\\/suelosport.com\\\/pt-pt\\\/producto\\\/pack-mancuernero-mancuernas-hexagonales\\\/\"]}]},{\"@type\":\"ImageObject\",\"inLanguage\":\"pt-PT\",\"@id\":\"https:\\\/\\\/suelosport.com\\\/pt-pt\\\/producto\\\/pack-mancuernero-mancuernas-hexagonales\\\/#primaryimage\",\"url\":\"https:\\\/\\\/suelosport.com\\\/wp-content\\\/uploads\\\/2024\\\/10\\\/Mancuernero-con-set-1-800x800-1.png\",\"contentUrl\":\"https:\\\/\\\/suelosport.com\\\/wp-content\\\/uploads\\\/2024\\\/10\\\/Mancuernero-con-set-1-800x800-1.png\",\"width\":800,\"height\":800,\"caption\":\"Pack mancuernero mancuernas redondas de2,5 a 27,5 kg\"},{\"@type\":\"BreadcrumbList\",\"@id\":\"https:\\\/\\\/suelosport.com\\\/pt-pt\\\/producto\\\/pack-mancuernero-mancuernas-hexagonales\\\/#breadcrumb\",\"itemListElement\":[{\"@type\":\"ListItem\",\"position\":1,\"name\":\"Portada\",\"item\":\"https:\\\/\\\/suelosport.com\\\/pt-pt\\\/\"},{\"@type\":\"ListItem\",\"position\":2,\"name\":\"Tienda\",\"item\":\"https:\\\/\\\/suelosport.com\\\/tienda\\\/\"},{\"@type\":\"ListItem\",\"position\":3,\"name\":\"Pack Mancuernero mancuernas hexagonales\"}]},{\"@type\":\"WebSite\",\"@id\":\"https:\\\/\\\/suelosport.com\\\/pt-pt\\\/#website\",\"url\":\"https:\\\/\\\/suelosport.com\\\/pt-pt\\\/\",\"name\":\"Suelosport - Suelos Deportivos\",\"description\":\"Suelos para gimnasios, suelos de goma, losetas y suelos antideslizantes\",\"publisher\":{\"@id\":\"https:\\\/\\\/suelosport.com\\\/pt-pt\\\/#organization\"},\"potentialAction\":[{\"@type\":\"SearchAction\",\"target\":{\"@type\":\"EntryPoint\",\"urlTemplate\":\"https:\\\/\\\/suelosport.com\\\/pt-pt\\\/?s={search_term_string}\"},\"query-input\":{\"@type\":\"PropertyValueSpecification\",\"valueRequired\":true,\"valueName\":\"search_term_string\"}}],\"inLanguage\":\"pt-PT\"},{\"@type\":\"Organization\",\"@id\":\"https:\\\/\\\/suelosport.com\\\/pt-pt\\\/#organization\",\"name\":\"Suelosport\",\"url\":\"https:\\\/\\\/suelosport.com\\\/pt-pt\\\/\",\"logo\":{\"@type\":\"ImageObject\",\"inLanguage\":\"pt-PT\",\"@id\":\"https:\\\/\\\/suelosport.com\\\/pt-pt\\\/#\\\/schema\\\/logo\\\/image\\\/\",\"url\":\"https:\\\/\\\/suelosport.com\\\/wp-content\\\/uploads\\\/2018\\\/03\\\/logo-suelosport.png\",\"contentUrl\":\"https:\\\/\\\/suelosport.com\\\/wp-content\\\/uploads\\\/2018\\\/03\\\/logo-suelosport.png\",\"width\":300,\"height\":67,\"caption\":\"Suelosport\"},\"image\":{\"@id\":\"https:\\\/\\\/suelosport.com\\\/pt-pt\\\/#\\\/schema\\\/logo\\\/image\\\/\"},\"sameAs\":[\"https:\\\/\\\/www.facebook.com\\\/Suelosport-2042694182686080\\\/\",\"https:\\\/\\\/www.linkedin.com\\\/company\\\/suelosport\\\/\",\"https:\\\/\\\/www.youtube.com\\\/channel\\\/UC1eoryUxD4Fw7f1m5wx_vFg?view_as=subscriber\"]}]}<\/script>\n<!-- \/ Yoast SEO plugin. -->","yoast_head_json":{"title":"Pack Mancuernero mancuernas hexagonales | Suelosport - Suelos Deportivos","robots":{"index":"index","follow":"follow","max-snippet":"max-snippet:-1","max-image-preview":"max-image-preview:large","max-video-preview":"max-video-preview:-1"},"canonical":"https:\/\/suelosport.com\/pt-pt\/producto\/pack-mancuernero-mancuernas-hexagonales\/","og_locale":"pt_PT","og_type":"article","og_title":"Pack Mancuernero mancuernas hexagonales | Suelosport - Suelos Deportivos","og_description":"Perfecto para ordenar y maximizar tu \u00e1rea de entrenamiento, garantizando resistencia y calidad.  Contiene:  1 soporte para mancuernas de 3 niveles 1 set de pares de mancuernas a escoger entre 2,5 a 27,5 kg o 10 a 30 kg  Ver pesos de cada set en \"DESCRIPCI\u00d3N\"","og_url":"https:\/\/suelosport.com\/pt-pt\/producto\/pack-mancuernero-mancuernas-hexagonales\/","og_site_name":"Suelosport - Suelos Deportivos","article_publisher":"https:\/\/www.facebook.com\/Suelosport-2042694182686080\/","article_modified_time":"2026-01-23T07:23:20+00:00","og_image":[{"width":800,"height":800,"url":"https:\/\/suelosport.com\/wp-content\/uploads\/2024\/10\/Mancuernero-con-set-1-800x800-1.png","type":"image\/png"}],"twitter_card":"summary_large_image","twitter_misc":{"Tempo estimado de leitura":"2 minutos"},"schema":{"@context":"https:\/\/schema.org","@graph":[{"@type":["WebPage","ItemPage"],"@id":"https:\/\/suelosport.com\/pt-pt\/producto\/pack-mancuernero-mancuernas-hexagonales\/","url":"https:\/\/suelosport.com\/pt-pt\/producto\/pack-mancuernero-mancuernas-hexagonales\/","name":"Pack Mancuernero mancuernas hexagonales | Suelosport - Suelos Deportivos","isPartOf":{"@id":"https:\/\/suelosport.com\/pt-pt\/#website"},"primaryImageOfPage":{"@id":"https:\/\/suelosport.com\/pt-pt\/producto\/pack-mancuernero-mancuernas-hexagonales\/#primaryimage"},"image":{"@id":"https:\/\/suelosport.com\/pt-pt\/producto\/pack-mancuernero-mancuernas-hexagonales\/#primaryimage"},"thumbnailUrl":"https:\/\/suelosport.com\/wp-content\/uploads\/2024\/10\/Mancuernero-con-set-1-800x800-1.png","datePublished":"2024-10-16T09:57:06+00:00","dateModified":"2026-01-23T07:23:20+00:00","breadcrumb":{"@id":"https:\/\/suelosport.com\/pt-pt\/producto\/pack-mancuernero-mancuernas-hexagonales\/#breadcrumb"},"inLanguage":"pt-PT","potentialAction":[{"@type":"ReadAction","target":["https:\/\/suelosport.com\/pt-pt\/producto\/pack-mancuernero-mancuernas-hexagonales\/"]}]},{"@type":"ImageObject","inLanguage":"pt-PT","@id":"https:\/\/suelosport.com\/pt-pt\/producto\/pack-mancuernero-mancuernas-hexagonales\/#primaryimage","url":"https:\/\/suelosport.com\/wp-content\/uploads\/2024\/10\/Mancuernero-con-set-1-800x800-1.png","contentUrl":"https:\/\/suelosport.com\/wp-content\/uploads\/2024\/10\/Mancuernero-con-set-1-800x800-1.png","width":800,"height":800,"caption":"Pack mancuernero mancuernas redondas de2,5 a 27,5 kg"},{"@type":"BreadcrumbList","@id":"https:\/\/suelosport.com\/pt-pt\/producto\/pack-mancuernero-mancuernas-hexagonales\/#breadcrumb","itemListElement":[{"@type":"ListItem","position":1,"name":"Portada","item":"https:\/\/suelosport.com\/pt-pt\/"},{"@type":"ListItem","position":2,"name":"Tienda","item":"https:\/\/suelosport.com\/tienda\/"},{"@type":"ListItem","position":3,"name":"Pack Mancuernero mancuernas hexagonales"}]},{"@type":"WebSite","@id":"https:\/\/suelosport.com\/pt-pt\/#website","url":"https:\/\/suelosport.com\/pt-pt\/","name":"Suelosport - Suelos Deportivos","description":"Suelos para gimnasios, suelos de goma, losetas y suelos antideslizantes","publisher":{"@id":"https:\/\/suelosport.com\/pt-pt\/#organization"},"potentialAction":[{"@type":"SearchAction","target":{"@type":"EntryPoint","urlTemplate":"https:\/\/suelosport.com\/pt-pt\/?s={search_term_string}"},"query-input":{"@type":"PropertyValueSpecification","valueRequired":true,"valueName":"search_term_string"}}],"inLanguage":"pt-PT"},{"@type":"Organization","@id":"https:\/\/suelosport.com\/pt-pt\/#organization","name":"Suelosport","url":"https:\/\/suelosport.com\/pt-pt\/","logo":{"@type":"ImageObject","inLanguage":"pt-PT","@id":"https:\/\/suelosport.com\/pt-pt\/#\/schema\/logo\/image\/","url":"https:\/\/suelosport.com\/wp-content\/uploads\/2018\/03\/logo-suelosport.png","contentUrl":"https:\/\/suelosport.com\/wp-content\/uploads\/2018\/03\/logo-suelosport.png","width":300,"height":67,"caption":"Suelosport"},"image":{"@id":"https:\/\/suelosport.com\/pt-pt\/#\/schema\/logo\/image\/"},"sameAs":["https:\/\/www.facebook.com\/Suelosport-2042694182686080\/","https:\/\/www.linkedin.com\/company\/suelosport\/","https:\/\/www.youtube.com\/channel\/UC1eoryUxD4Fw7f1m5wx_vFg?view_as=subscriber"]}]}},"_links":{"self":[{"href":"https:\/\/suelosport.com\/pt-pt\/wp-json\/wp\/v2\/product\/62246","targetHints":{"allow":["GET"]}}],"collection":[{"href":"https:\/\/suelosport.com\/pt-pt\/wp-json\/wp\/v2\/product"}],"about":[{"href":"https:\/\/suelosport.com\/pt-pt\/wp-json\/wp\/v2\/types\/product"}],"replies":[{"embeddable":true,"href":"https:\/\/suelosport.com\/pt-pt\/wp-json\/wp\/v2\/comments?post=62246"}],"wp:featuredmedia":[{"embeddable":true,"href":"https:\/\/suelosport.com\/pt-pt\/wp-json\/wp\/v2\/media\/62257"}],"wp:attachment":[{"href":"https:\/\/suelosport.com\/pt-pt\/wp-json\/wp\/v2\/media?parent=62246"}],"wp:term":[{"taxonomy":"product_brand","embeddable":true,"href":"https:\/\/suelosport.com\/pt-pt\/wp-json\/wp\/v2\/product_brand?post=62246"},{"taxonomy":"product_cat","embeddable":true,"href":"https:\/\/suelosport.com\/pt-pt\/wp-json\/wp\/v2\/product_cat?post=62246"},{"taxonomy":"product_tag","embeddable":true,"href":"https:\/\/suelosport.com\/pt-pt\/wp-json\/wp\/v2\/product_tag?post=62246"}],"curies":[{"name":"wp","href":"https:\/\/api.w.org\/{rel}","templated":true}]}}