{"id":61364,"date":"2024-08-08T13:38:30","date_gmt":"2024-08-08T12:38:30","guid":{"rendered":"https:\/\/suelosport.com\/?post_type=product&#038;p=61364"},"modified":"2026-01-21T09:11:23","modified_gmt":"2026-01-21T08:11:23","slug":"bicicleta-spinning-bh-sb1-4","status":"publish","type":"product","link":"https:\/\/suelosport.com\/pt-pt\/producto\/bicicleta-spinning-bh-sb1-4\/","title":{"rendered":"Bicicleta spinning BH SB1.4"},"content":{"rendered":"<h2>Bicicleta Spinning BH SB1.4: Tu Entrenamiento Aer\u00f3bico en Casa<\/h2>\n<p>Transforma tu hogar en tu propio gimnasio personal con la <strong>bicicleta de spinning BH SB1.4<\/strong>, dise\u00f1ada para un uso dom\u00e9stico eficiente y c\u00f3modo. Ideal para quienes buscan un equipo compacto y f\u00e1cil de manejar, esta bicicleta te permite realizar entrenamientos aer\u00f3bicos completos y efectivos sin salir de casa.<\/p>\n<h3>Caracter\u00edsticas Principales de La bicicleta de spinning BH SB1.4<\/h3>\n<p><strong>La bicicleta de spinning BH SB1.4<\/strong> destaca por su volante de inercia de 18 kg, que asegura un pedaleo fluido y eficaz para tus entrenamientos aer\u00f3bicos en casa, ayud\u00e1ndote a quemar grasa y mejorar tu resistencia cardiovascular. Su dise\u00f1o compacto con ruedas incorporadas facilita enormemente su movimiento y almacenamiento, adapt\u00e1ndose a cualquier espacio. Adem\u00e1s, el manillar estilo triatl\u00f3n ofrece versatilidad en las posiciones de agarre, mientras que el freno de emergencia garantiza la m\u00e1xima seguridad durante tus sesiones.<\/p>\n<h3>Beneficios para el Usuario<\/h3>\n<p><strong>Esta bicicleta de spinning<\/strong> es la soluci\u00f3n perfecta para quienes buscan entrenar c\u00f3modamente desde casa. Es robusta y duradera, soportando hasta 100 kg, y su sencillo mantenimiento asegura una larga vida \u00fatil. Con la BH SB1.4, tendr\u00e1s un equipo completo y seguro para alcanzar tus objetivos de fitness sin salir de tu hogar.<\/p>\n","protected":false},"excerpt":{"rendered":"<p>Reduce la grasa y realiza un entrenamiento completo desde casa con la Bicicleta Spinning BH SB1.4<\/p>\n","protected":false},"featured_media":61403,"comment_status":"open","ping_status":"closed","template":"","meta":{"inline_featured_image":false},"product_brand":[],"product_cat":[430,1632],"product_tag":[],"class_list":{"0":"post-61364","1":"product","2":"type-product","3":"status-publish","4":"has-post-thumbnail","6":"product_cat-bicicletas-estaticas","7":"product_cat-maquinas-cardio","8":"product_shipping_class-todosmenossuelos","10":"first","11":"instock","12":"sale","13":"taxable","14":"shipping-taxable","15":"purchasable","16":"product-type-simple"},"yoast_head":"<!-- This site is optimized with the Yoast SEO plugin v27.4 - https:\/\/yoast.com\/product\/yoast-seo-wordpress\/ -->\n<title>Bicicleta spinning BH SB1.4 . Compra online en SUELOSPORT<\/title>\n<meta name=\"description\" content=\"Transforma tu hogar en tu propio gimnasio personal con la bicicleta de spinning BH SB1.4, dise\u00f1ada para un uso dom\u00e9stico eficiente y c\u00f3modo.\" \/>\n<meta name=\"robots\" content=\"index, follow, max-snippet:-1, max-image-preview:large, max-video-preview:-1\" \/>\n<link rel=\"canonical\" href=\"https:\/\/suelosport.com\/pt-pt\/producto\/bicicleta-spinning-bh-sb1-4\/\" \/>\n<meta property=\"og:locale\" content=\"pt_PT\" \/>\n<meta property=\"og:type\" content=\"article\" \/>\n<meta property=\"og:title\" content=\"Bicicleta spinning BH SB1.4 . Compra online en SUELOSPORT\" \/>\n<meta property=\"og:description\" content=\"Transforma tu hogar en tu propio gimnasio personal con la bicicleta de spinning BH SB1.4, dise\u00f1ada para un uso dom\u00e9stico eficiente y c\u00f3modo.\" \/>\n<meta property=\"og:url\" content=\"https:\/\/suelosport.com\/pt-pt\/producto\/bicicleta-spinning-bh-sb1-4\/\" \/>\n<meta property=\"og:site_name\" content=\"Suelosport - Suelos Deportivos\" \/>\n<meta property=\"article:publisher\" content=\"https:\/\/www.facebook.com\/Suelosport-2042694182686080\/\" \/>\n<meta property=\"article:modified_time\" content=\"2026-01-21T08:11:23+00:00\" \/>\n<meta property=\"og:image\" content=\"https:\/\/suelosport.com\/wp-content\/uploads\/2024\/08\/bicicleta-estatica-SB1.4.jpg\" \/>\n\t<meta property=\"og:image:width\" content=\"900\" \/>\n\t<meta property=\"og:image:height\" content=\"900\" \/>\n\t<meta property=\"og:image:type\" content=\"image\/jpeg\" \/>\n<meta name=\"twitter:card\" content=\"summary_large_image\" \/>\n<meta name=\"twitter:label1\" content=\"Tempo estimado de leitura\" \/>\n\t<meta name=\"twitter:data1\" content=\"2 minutos\" \/>\n<script type=\"application\/ld+json\" class=\"yoast-schema-graph\">{\"@context\":\"https:\\\/\\\/schema.org\",\"@graph\":[{\"@type\":[\"WebPage\",\"ItemPage\"],\"@id\":\"https:\\\/\\\/suelosport.com\\\/pt-pt\\\/producto\\\/bicicleta-spinning-bh-sb1-4\\\/\",\"url\":\"https:\\\/\\\/suelosport.com\\\/pt-pt\\\/producto\\\/bicicleta-spinning-bh-sb1-4\\\/\",\"name\":\"Bicicleta spinning BH SB1.4 . Compra online en SUELOSPORT\",\"isPartOf\":{\"@id\":\"https:\\\/\\\/suelosport.com\\\/pt-pt\\\/#website\"},\"primaryImageOfPage\":{\"@id\":\"https:\\\/\\\/suelosport.com\\\/pt-pt\\\/producto\\\/bicicleta-spinning-bh-sb1-4\\\/#primaryimage\"},\"image\":{\"@id\":\"https:\\\/\\\/suelosport.com\\\/pt-pt\\\/producto\\\/bicicleta-spinning-bh-sb1-4\\\/#primaryimage\"},\"thumbnailUrl\":\"https:\\\/\\\/suelosport.com\\\/wp-content\\\/uploads\\\/2024\\\/08\\\/bicicleta-estatica-SB1.4.jpg\",\"datePublished\":\"2024-08-08T12:38:30+00:00\",\"dateModified\":\"2026-01-21T08:11:23+00:00\",\"description\":\"Transforma tu hogar en tu propio gimnasio personal con la bicicleta de spinning BH SB1.4, dise\u00f1ada para un uso dom\u00e9stico eficiente y c\u00f3modo.\",\"breadcrumb\":{\"@id\":\"https:\\\/\\\/suelosport.com\\\/pt-pt\\\/producto\\\/bicicleta-spinning-bh-sb1-4\\\/#breadcrumb\"},\"inLanguage\":\"pt-PT\",\"potentialAction\":[{\"@type\":\"ReadAction\",\"target\":[\"https:\\\/\\\/suelosport.com\\\/pt-pt\\\/producto\\\/bicicleta-spinning-bh-sb1-4\\\/\"]}]},{\"@type\":\"ImageObject\",\"inLanguage\":\"pt-PT\",\"@id\":\"https:\\\/\\\/suelosport.com\\\/pt-pt\\\/producto\\\/bicicleta-spinning-bh-sb1-4\\\/#primaryimage\",\"url\":\"https:\\\/\\\/suelosport.com\\\/wp-content\\\/uploads\\\/2024\\\/08\\\/bicicleta-estatica-SB1.4.jpg\",\"contentUrl\":\"https:\\\/\\\/suelosport.com\\\/wp-content\\\/uploads\\\/2024\\\/08\\\/bicicleta-estatica-SB1.4.jpg\",\"width\":900,\"height\":900,\"caption\":\"Bicicleta de spinning\"},{\"@type\":\"BreadcrumbList\",\"@id\":\"https:\\\/\\\/suelosport.com\\\/pt-pt\\\/producto\\\/bicicleta-spinning-bh-sb1-4\\\/#breadcrumb\",\"itemListElement\":[{\"@type\":\"ListItem\",\"position\":1,\"name\":\"Portada\",\"item\":\"https:\\\/\\\/suelosport.com\\\/pt-pt\\\/\"},{\"@type\":\"ListItem\",\"position\":2,\"name\":\"Tienda\",\"item\":\"https:\\\/\\\/suelosport.com\\\/tienda\\\/\"},{\"@type\":\"ListItem\",\"position\":3,\"name\":\"Bicicleta spinning BH SB1.4\"}]},{\"@type\":\"WebSite\",\"@id\":\"https:\\\/\\\/suelosport.com\\\/pt-pt\\\/#website\",\"url\":\"https:\\\/\\\/suelosport.com\\\/pt-pt\\\/\",\"name\":\"Suelosport - Suelos Deportivos\",\"description\":\"Suelos para gimnasios, suelos de goma, losetas y suelos antideslizantes\",\"publisher\":{\"@id\":\"https:\\\/\\\/suelosport.com\\\/pt-pt\\\/#organization\"},\"potentialAction\":[{\"@type\":\"SearchAction\",\"target\":{\"@type\":\"EntryPoint\",\"urlTemplate\":\"https:\\\/\\\/suelosport.com\\\/pt-pt\\\/?s={search_term_string}\"},\"query-input\":{\"@type\":\"PropertyValueSpecification\",\"valueRequired\":true,\"valueName\":\"search_term_string\"}}],\"inLanguage\":\"pt-PT\"},{\"@type\":\"Organization\",\"@id\":\"https:\\\/\\\/suelosport.com\\\/pt-pt\\\/#organization\",\"name\":\"Suelosport\",\"url\":\"https:\\\/\\\/suelosport.com\\\/pt-pt\\\/\",\"logo\":{\"@type\":\"ImageObject\",\"inLanguage\":\"pt-PT\",\"@id\":\"https:\\\/\\\/suelosport.com\\\/pt-pt\\\/#\\\/schema\\\/logo\\\/image\\\/\",\"url\":\"https:\\\/\\\/suelosport.com\\\/wp-content\\\/uploads\\\/2018\\\/03\\\/logo-suelosport.png\",\"contentUrl\":\"https:\\\/\\\/suelosport.com\\\/wp-content\\\/uploads\\\/2018\\\/03\\\/logo-suelosport.png\",\"width\":300,\"height\":67,\"caption\":\"Suelosport\"},\"image\":{\"@id\":\"https:\\\/\\\/suelosport.com\\\/pt-pt\\\/#\\\/schema\\\/logo\\\/image\\\/\"},\"sameAs\":[\"https:\\\/\\\/www.facebook.com\\\/Suelosport-2042694182686080\\\/\",\"https:\\\/\\\/www.linkedin.com\\\/company\\\/suelosport\\\/\",\"https:\\\/\\\/www.youtube.com\\\/channel\\\/UC1eoryUxD4Fw7f1m5wx_vFg?view_as=subscriber\"]}]}<\/script>\n<!-- \/ Yoast SEO plugin. -->","yoast_head_json":{"title":"Bicicleta spinning BH SB1.4 . Compra online en SUELOSPORT","description":"Transforma tu hogar en tu propio gimnasio personal con la bicicleta de spinning BH SB1.4, dise\u00f1ada para un uso dom\u00e9stico eficiente y c\u00f3modo.","robots":{"index":"index","follow":"follow","max-snippet":"max-snippet:-1","max-image-preview":"max-image-preview:large","max-video-preview":"max-video-preview:-1"},"canonical":"https:\/\/suelosport.com\/pt-pt\/producto\/bicicleta-spinning-bh-sb1-4\/","og_locale":"pt_PT","og_type":"article","og_title":"Bicicleta spinning BH SB1.4 . Compra online en SUELOSPORT","og_description":"Transforma tu hogar en tu propio gimnasio personal con la bicicleta de spinning BH SB1.4, dise\u00f1ada para un uso dom\u00e9stico eficiente y c\u00f3modo.","og_url":"https:\/\/suelosport.com\/pt-pt\/producto\/bicicleta-spinning-bh-sb1-4\/","og_site_name":"Suelosport - Suelos Deportivos","article_publisher":"https:\/\/www.facebook.com\/Suelosport-2042694182686080\/","article_modified_time":"2026-01-21T08:11:23+00:00","og_image":[{"width":900,"height":900,"url":"https:\/\/suelosport.com\/wp-content\/uploads\/2024\/08\/bicicleta-estatica-SB1.4.jpg","type":"image\/jpeg"}],"twitter_card":"summary_large_image","twitter_misc":{"Tempo estimado de leitura":"2 minutos"},"schema":{"@context":"https:\/\/schema.org","@graph":[{"@type":["WebPage","ItemPage"],"@id":"https:\/\/suelosport.com\/pt-pt\/producto\/bicicleta-spinning-bh-sb1-4\/","url":"https:\/\/suelosport.com\/pt-pt\/producto\/bicicleta-spinning-bh-sb1-4\/","name":"Bicicleta spinning BH SB1.4 . Compra online en SUELOSPORT","isPartOf":{"@id":"https:\/\/suelosport.com\/pt-pt\/#website"},"primaryImageOfPage":{"@id":"https:\/\/suelosport.com\/pt-pt\/producto\/bicicleta-spinning-bh-sb1-4\/#primaryimage"},"image":{"@id":"https:\/\/suelosport.com\/pt-pt\/producto\/bicicleta-spinning-bh-sb1-4\/#primaryimage"},"thumbnailUrl":"https:\/\/suelosport.com\/wp-content\/uploads\/2024\/08\/bicicleta-estatica-SB1.4.jpg","datePublished":"2024-08-08T12:38:30+00:00","dateModified":"2026-01-21T08:11:23+00:00","description":"Transforma tu hogar en tu propio gimnasio personal con la bicicleta de spinning BH SB1.4, dise\u00f1ada para un uso dom\u00e9stico eficiente y c\u00f3modo.","breadcrumb":{"@id":"https:\/\/suelosport.com\/pt-pt\/producto\/bicicleta-spinning-bh-sb1-4\/#breadcrumb"},"inLanguage":"pt-PT","potentialAction":[{"@type":"ReadAction","target":["https:\/\/suelosport.com\/pt-pt\/producto\/bicicleta-spinning-bh-sb1-4\/"]}]},{"@type":"ImageObject","inLanguage":"pt-PT","@id":"https:\/\/suelosport.com\/pt-pt\/producto\/bicicleta-spinning-bh-sb1-4\/#primaryimage","url":"https:\/\/suelosport.com\/wp-content\/uploads\/2024\/08\/bicicleta-estatica-SB1.4.jpg","contentUrl":"https:\/\/suelosport.com\/wp-content\/uploads\/2024\/08\/bicicleta-estatica-SB1.4.jpg","width":900,"height":900,"caption":"Bicicleta de spinning"},{"@type":"BreadcrumbList","@id":"https:\/\/suelosport.com\/pt-pt\/producto\/bicicleta-spinning-bh-sb1-4\/#breadcrumb","itemListElement":[{"@type":"ListItem","position":1,"name":"Portada","item":"https:\/\/suelosport.com\/pt-pt\/"},{"@type":"ListItem","position":2,"name":"Tienda","item":"https:\/\/suelosport.com\/tienda\/"},{"@type":"ListItem","position":3,"name":"Bicicleta spinning BH SB1.4"}]},{"@type":"WebSite","@id":"https:\/\/suelosport.com\/pt-pt\/#website","url":"https:\/\/suelosport.com\/pt-pt\/","name":"Suelosport - Suelos Deportivos","description":"Suelos para gimnasios, suelos de goma, losetas y suelos antideslizantes","publisher":{"@id":"https:\/\/suelosport.com\/pt-pt\/#organization"},"potentialAction":[{"@type":"SearchAction","target":{"@type":"EntryPoint","urlTemplate":"https:\/\/suelosport.com\/pt-pt\/?s={search_term_string}"},"query-input":{"@type":"PropertyValueSpecification","valueRequired":true,"valueName":"search_term_string"}}],"inLanguage":"pt-PT"},{"@type":"Organization","@id":"https:\/\/suelosport.com\/pt-pt\/#organization","name":"Suelosport","url":"https:\/\/suelosport.com\/pt-pt\/","logo":{"@type":"ImageObject","inLanguage":"pt-PT","@id":"https:\/\/suelosport.com\/pt-pt\/#\/schema\/logo\/image\/","url":"https:\/\/suelosport.com\/wp-content\/uploads\/2018\/03\/logo-suelosport.png","contentUrl":"https:\/\/suelosport.com\/wp-content\/uploads\/2018\/03\/logo-suelosport.png","width":300,"height":67,"caption":"Suelosport"},"image":{"@id":"https:\/\/suelosport.com\/pt-pt\/#\/schema\/logo\/image\/"},"sameAs":["https:\/\/www.facebook.com\/Suelosport-2042694182686080\/","https:\/\/www.linkedin.com\/company\/suelosport\/","https:\/\/www.youtube.com\/channel\/UC1eoryUxD4Fw7f1m5wx_vFg?view_as=subscriber"]}]}},"_links":{"self":[{"href":"https:\/\/suelosport.com\/pt-pt\/wp-json\/wp\/v2\/product\/61364","targetHints":{"allow":["GET"]}}],"collection":[{"href":"https:\/\/suelosport.com\/pt-pt\/wp-json\/wp\/v2\/product"}],"about":[{"href":"https:\/\/suelosport.com\/pt-pt\/wp-json\/wp\/v2\/types\/product"}],"replies":[{"embeddable":true,"href":"https:\/\/suelosport.com\/pt-pt\/wp-json\/wp\/v2\/comments?post=61364"}],"wp:featuredmedia":[{"embeddable":true,"href":"https:\/\/suelosport.com\/pt-pt\/wp-json\/wp\/v2\/media\/61403"}],"wp:attachment":[{"href":"https:\/\/suelosport.com\/pt-pt\/wp-json\/wp\/v2\/media?parent=61364"}],"wp:term":[{"taxonomy":"product_brand","embeddable":true,"href":"https:\/\/suelosport.com\/pt-pt\/wp-json\/wp\/v2\/product_brand?post=61364"},{"taxonomy":"product_cat","embeddable":true,"href":"https:\/\/suelosport.com\/pt-pt\/wp-json\/wp\/v2\/product_cat?post=61364"},{"taxonomy":"product_tag","embeddable":true,"href":"https:\/\/suelosport.com\/pt-pt\/wp-json\/wp\/v2\/product_tag?post=61364"}],"curies":[{"name":"wp","href":"https:\/\/api.w.org\/{rel}","templated":true}]}}