{"id":60522,"date":"2024-06-20T11:04:45","date_gmt":"2024-06-20T10:04:45","guid":{"rendered":"https:\/\/suelosport.com\/?post_type=product&#038;p=60522"},"modified":"2026-03-30T17:46:05","modified_gmt":"2026-03-30T16:46:05","slug":"losetas-caucho-alta-densidad-premium-xtreme-negra-50x50x1-cm","status":"publish","type":"product","link":"https:\/\/suelosport.com\/pt-pt\/producto\/losetas-caucho-alta-densidad-premium-xtreme-negra-50x50x1-cm\/","title":{"rendered":"Losetas caucho alta densidad Premium Xtreme Negra 50x50x1 cm"},"content":{"rendered":"<h2>Losetas caucho alta densidad Premium Xtreme Negra<\/h2>\n<p><span style=\"color: #ed1c24;\"><strong>Pedido m\u00ednimo: 2 losetas <\/strong><\/span><span style=\"color: #ff0000;\"><strong>(para islas, Ceuta, Melilla y Portugal: 9 losetas)<\/strong><\/span><\/p>\n<p>Loseta caucho de muy f\u00e1cil instalaci\u00f3n, se utiliza tanto para temas decorativos, como para soportar todo tipo de cargas de trabajo y tr\u00e1nsito de personas.<\/p>\n<ul>\n<li><span style=\"font-weight: 400;\"><strong>Medidas<\/strong>: 50 x 50 +\/- 1 %<\/span><\/li>\n<li><span style=\"font-weight: 400;\"><strong>Espesor<\/strong>: 1 cm +\/- 5 %<\/span><\/li>\n<li><span style=\"font-weight: 400;\"><strong>Peso<\/strong>: 2,3 kg aprox.<\/span><\/li>\n<\/ul>\n<p>&nbsp;<\/p>\n<div id=\"gtx-trans\" style=\"position: absolute; left: 858px; top: 4.99479px;\">\n<div class=\"gtx-trans-icon\"><\/div>\n<\/div>\n","protected":false},"excerpt":{"rendered":"<p><strong>Suelo de caucho alta densidad Premium Xtreme, <\/strong>especialmente indicado para soportar un uso intensivo.<\/p>\n<p>Ver pedido m\u00ednimo en Descripci\u00f3n.<\/p>\n<a href=\"https:\/\/suelosport.com\/instalacion-y-mantenimiento-de-losetas-de-caucho\/\" class=\"button primary is-small\" >\n\t\t<span>Instalaci\u00f3n<\/span>\n\t<\/a>\n\n<a href=\"https:\/\/suelosport.com\/consejos-para-elegir-las-losetas-de-caucho\/\" class=\"button secondary is-small\" >\n\t\t<span>\u00bfQu\u00e9 losetas elegir?<\/span>\n\t<\/a>\n\n<p><iframe loading=\"lazy\" title=\"YouTube video player\" src=\"https:\/\/www.youtube-nocookie.com\/embed\/JISZELD8ipo?si=V1ERAbXsOwAki3H7\" width=\"250\" height=\"150\" frameborder=\"0\" allowfullscreen=\"allowfullscreen\"><\/iframe> <iframe loading=\"lazy\" src=\"https:\/\/www.youtube-nocookie.com\/embed\/1urq9M5_7qs\/?rel=0&amp;amp\" width=\"250\" height=\"150\" frameborder=\"0\" allowfullscreen=\"allowfullscreen\"><\/iframe><\/p>\n","protected":false},"featured_media":55318,"comment_status":"open","ping_status":"closed","template":"","meta":{"inline_featured_image":false},"product_brand":[2210],"product_cat":[117],"product_tag":[],"class_list":{"0":"post-60522","1":"product","2":"type-product","3":"status-publish","4":"has-post-thumbnail","6":"product_brand-suelosport","7":"product_cat-losetas-de-caucho","8":"product_shipping_class-sueloscauchoytatamis","10":"first","11":"instock","12":"sale","13":"taxable","14":"shipping-taxable","15":"purchasable","16":"product-type-variable"},"yoast_head":"<!-- This site is optimized with the Yoast SEO plugin v27.1.1 - https:\/\/yoast.com\/product\/yoast-seo-wordpress\/ -->\n<title>Loseta caucho alta densidad Premium Xtreme Negra.<\/title>\n<meta name=\"description\" content=\"Losetas caucho alta densidad Premium Xtreme Negra 50x50x1 cm. Suelo caucho especialmente indicado para soportar un uso intensivo.\" \/>\n<meta name=\"robots\" content=\"index, follow, max-snippet:-1, max-image-preview:large, max-video-preview:-1\" \/>\n<link rel=\"canonical\" href=\"https:\/\/suelosport.com\/pt-pt\/producto\/losetas-caucho-alta-densidad-premium-xtreme-negra-50x50x1-cm\/\" \/>\n<meta property=\"og:locale\" content=\"pt_PT\" \/>\n<meta property=\"og:type\" content=\"article\" \/>\n<meta property=\"og:title\" content=\"Loseta caucho alta densidad Premium Xtreme Negra.\" \/>\n<meta property=\"og:description\" content=\"Losetas caucho alta densidad Premium Xtreme Negra 50x50x1 cm. Suelo caucho especialmente indicado para soportar un uso intensivo.\" \/>\n<meta property=\"og:url\" content=\"https:\/\/suelosport.com\/pt-pt\/producto\/losetas-caucho-alta-densidad-premium-xtreme-negra-50x50x1-cm\/\" \/>\n<meta property=\"og:site_name\" content=\"Suelosport - Suelos Deportivos\" \/>\n<meta property=\"article:publisher\" content=\"https:\/\/www.facebook.com\/Suelosport-2042694182686080\/\" \/>\n<meta property=\"article:modified_time\" content=\"2026-03-30T16:46:05+00:00\" \/>\n<meta property=\"og:image\" content=\"https:\/\/suelosport.com\/wp-content\/uploads\/2023\/08\/loseta_caucho_alta_densidad_100-x100_cm.jpg\" \/>\n\t<meta property=\"og:image:width\" content=\"1000\" \/>\n\t<meta property=\"og:image:height\" content=\"1000\" \/>\n\t<meta property=\"og:image:type\" content=\"image\/jpeg\" \/>\n<meta name=\"twitter:card\" content=\"summary_large_image\" \/>\n<meta name=\"twitter:label1\" content=\"Tempo estimado de leitura\" \/>\n\t<meta name=\"twitter:data1\" content=\"1 minuto\" \/>\n<script type=\"application\/ld+json\" class=\"yoast-schema-graph\">{\"@context\":\"https:\/\/schema.org\",\"@graph\":[{\"@type\":[\"WebPage\",\"ItemPage\"],\"@id\":\"https:\/\/suelosport.com\/pt-pt\/producto\/losetas-caucho-alta-densidad-premium-xtreme-negra-50x50x1-cm\/\",\"url\":\"https:\/\/suelosport.com\/pt-pt\/producto\/losetas-caucho-alta-densidad-premium-xtreme-negra-50x50x1-cm\/\",\"name\":\"Loseta caucho alta densidad Premium Xtreme Negra.\",\"isPartOf\":{\"@id\":\"https:\/\/suelosport.com\/pt-pt\/#website\"},\"primaryImageOfPage\":{\"@id\":\"https:\/\/suelosport.com\/pt-pt\/producto\/losetas-caucho-alta-densidad-premium-xtreme-negra-50x50x1-cm\/#primaryimage\"},\"image\":{\"@id\":\"https:\/\/suelosport.com\/pt-pt\/producto\/losetas-caucho-alta-densidad-premium-xtreme-negra-50x50x1-cm\/#primaryimage\"},\"thumbnailUrl\":\"https:\/\/suelosport.com\/wp-content\/uploads\/2023\/08\/loseta_caucho_alta_densidad_100-x100_cm.jpg\",\"datePublished\":\"2024-06-20T10:04:45+00:00\",\"dateModified\":\"2026-03-30T16:46:05+00:00\",\"description\":\"Losetas caucho alta densidad Premium Xtreme Negra 50x50x1 cm. Suelo caucho especialmente indicado para soportar un uso intensivo.\",\"breadcrumb\":{\"@id\":\"https:\/\/suelosport.com\/pt-pt\/producto\/losetas-caucho-alta-densidad-premium-xtreme-negra-50x50x1-cm\/#breadcrumb\"},\"inLanguage\":\"pt-PT\",\"potentialAction\":[{\"@type\":\"ReadAction\",\"target\":[\"https:\/\/suelosport.com\/pt-pt\/producto\/losetas-caucho-alta-densidad-premium-xtreme-negra-50x50x1-cm\/\"]}]},{\"@type\":\"ImageObject\",\"inLanguage\":\"pt-PT\",\"@id\":\"https:\/\/suelosport.com\/pt-pt\/producto\/losetas-caucho-alta-densidad-premium-xtreme-negra-50x50x1-cm\/#primaryimage\",\"url\":\"https:\/\/suelosport.com\/wp-content\/uploads\/2023\/08\/loseta_caucho_alta_densidad_100-x100_cm.jpg\",\"contentUrl\":\"https:\/\/suelosport.com\/wp-content\/uploads\/2023\/08\/loseta_caucho_alta_densidad_100-x100_cm.jpg\",\"width\":1000,\"height\":1000,\"caption\":\"Loseta de caucho de alta densidad 100 x 100 cm\"},{\"@type\":\"BreadcrumbList\",\"@id\":\"https:\/\/suelosport.com\/pt-pt\/producto\/losetas-caucho-alta-densidad-premium-xtreme-negra-50x50x1-cm\/#breadcrumb\",\"itemListElement\":[{\"@type\":\"ListItem\",\"position\":1,\"name\":\"Portada\",\"item\":\"https:\/\/suelosport.com\/pt-pt\/\"},{\"@type\":\"ListItem\",\"position\":2,\"name\":\"Tienda\",\"item\":\"https:\/\/suelosport.com\/tienda\/\"},{\"@type\":\"ListItem\",\"position\":3,\"name\":\"Losetas caucho alta densidad Premium Xtreme Negra 50x50x1 cm\"}]},{\"@type\":\"WebSite\",\"@id\":\"https:\/\/suelosport.com\/pt-pt\/#website\",\"url\":\"https:\/\/suelosport.com\/pt-pt\/\",\"name\":\"Suelosport - Suelos Deportivos\",\"description\":\"Suelos para gimnasios, suelos de goma, losetas y suelos antideslizantes\",\"publisher\":{\"@id\":\"https:\/\/suelosport.com\/pt-pt\/#organization\"},\"potentialAction\":[{\"@type\":\"SearchAction\",\"target\":{\"@type\":\"EntryPoint\",\"urlTemplate\":\"https:\/\/suelosport.com\/pt-pt\/?s={search_term_string}\"},\"query-input\":{\"@type\":\"PropertyValueSpecification\",\"valueRequired\":true,\"valueName\":\"search_term_string\"}}],\"inLanguage\":\"pt-PT\"},{\"@type\":\"Organization\",\"@id\":\"https:\/\/suelosport.com\/pt-pt\/#organization\",\"name\":\"Suelosport\",\"url\":\"https:\/\/suelosport.com\/pt-pt\/\",\"logo\":{\"@type\":\"ImageObject\",\"inLanguage\":\"pt-PT\",\"@id\":\"https:\/\/suelosport.com\/pt-pt\/#\/schema\/logo\/image\/\",\"url\":\"https:\/\/suelosport.com\/wp-content\/uploads\/2018\/03\/logo-suelosport.png\",\"contentUrl\":\"https:\/\/suelosport.com\/wp-content\/uploads\/2018\/03\/logo-suelosport.png\",\"width\":300,\"height\":67,\"caption\":\"Suelosport\"},\"image\":{\"@id\":\"https:\/\/suelosport.com\/pt-pt\/#\/schema\/logo\/image\/\"},\"sameAs\":[\"https:\/\/www.facebook.com\/Suelosport-2042694182686080\/\",\"https:\/\/www.linkedin.com\/company\/suelosport\/\",\"https:\/\/www.youtube.com\/channel\/UC1eoryUxD4Fw7f1m5wx_vFg?view_as=subscriber\"]}]}<\/script>\n<!-- \/ Yoast SEO plugin. -->","yoast_head_json":{"title":"Loseta caucho alta densidad Premium Xtreme Negra.","description":"Losetas caucho alta densidad Premium Xtreme Negra 50x50x1 cm. Suelo caucho especialmente indicado para soportar un uso intensivo.","robots":{"index":"index","follow":"follow","max-snippet":"max-snippet:-1","max-image-preview":"max-image-preview:large","max-video-preview":"max-video-preview:-1"},"canonical":"https:\/\/suelosport.com\/pt-pt\/producto\/losetas-caucho-alta-densidad-premium-xtreme-negra-50x50x1-cm\/","og_locale":"pt_PT","og_type":"article","og_title":"Loseta caucho alta densidad Premium Xtreme Negra.","og_description":"Losetas caucho alta densidad Premium Xtreme Negra 50x50x1 cm. Suelo caucho especialmente indicado para soportar un uso intensivo.","og_url":"https:\/\/suelosport.com\/pt-pt\/producto\/losetas-caucho-alta-densidad-premium-xtreme-negra-50x50x1-cm\/","og_site_name":"Suelosport - Suelos Deportivos","article_publisher":"https:\/\/www.facebook.com\/Suelosport-2042694182686080\/","article_modified_time":"2026-03-30T16:46:05+00:00","og_image":[{"width":1000,"height":1000,"url":"https:\/\/suelosport.com\/wp-content\/uploads\/2023\/08\/loseta_caucho_alta_densidad_100-x100_cm.jpg","type":"image\/jpeg"}],"twitter_card":"summary_large_image","twitter_misc":{"Tempo estimado de leitura":"1 minuto"},"schema":{"@context":"https:\/\/schema.org","@graph":[{"@type":["WebPage","ItemPage"],"@id":"https:\/\/suelosport.com\/pt-pt\/producto\/losetas-caucho-alta-densidad-premium-xtreme-negra-50x50x1-cm\/","url":"https:\/\/suelosport.com\/pt-pt\/producto\/losetas-caucho-alta-densidad-premium-xtreme-negra-50x50x1-cm\/","name":"Loseta caucho alta densidad Premium Xtreme Negra.","isPartOf":{"@id":"https:\/\/suelosport.com\/pt-pt\/#website"},"primaryImageOfPage":{"@id":"https:\/\/suelosport.com\/pt-pt\/producto\/losetas-caucho-alta-densidad-premium-xtreme-negra-50x50x1-cm\/#primaryimage"},"image":{"@id":"https:\/\/suelosport.com\/pt-pt\/producto\/losetas-caucho-alta-densidad-premium-xtreme-negra-50x50x1-cm\/#primaryimage"},"thumbnailUrl":"https:\/\/suelosport.com\/wp-content\/uploads\/2023\/08\/loseta_caucho_alta_densidad_100-x100_cm.jpg","datePublished":"2024-06-20T10:04:45+00:00","dateModified":"2026-03-30T16:46:05+00:00","description":"Losetas caucho alta densidad Premium Xtreme Negra 50x50x1 cm. Suelo caucho especialmente indicado para soportar un uso intensivo.","breadcrumb":{"@id":"https:\/\/suelosport.com\/pt-pt\/producto\/losetas-caucho-alta-densidad-premium-xtreme-negra-50x50x1-cm\/#breadcrumb"},"inLanguage":"pt-PT","potentialAction":[{"@type":"ReadAction","target":["https:\/\/suelosport.com\/pt-pt\/producto\/losetas-caucho-alta-densidad-premium-xtreme-negra-50x50x1-cm\/"]}]},{"@type":"ImageObject","inLanguage":"pt-PT","@id":"https:\/\/suelosport.com\/pt-pt\/producto\/losetas-caucho-alta-densidad-premium-xtreme-negra-50x50x1-cm\/#primaryimage","url":"https:\/\/suelosport.com\/wp-content\/uploads\/2023\/08\/loseta_caucho_alta_densidad_100-x100_cm.jpg","contentUrl":"https:\/\/suelosport.com\/wp-content\/uploads\/2023\/08\/loseta_caucho_alta_densidad_100-x100_cm.jpg","width":1000,"height":1000,"caption":"Loseta de caucho de alta densidad 100 x 100 cm"},{"@type":"BreadcrumbList","@id":"https:\/\/suelosport.com\/pt-pt\/producto\/losetas-caucho-alta-densidad-premium-xtreme-negra-50x50x1-cm\/#breadcrumb","itemListElement":[{"@type":"ListItem","position":1,"name":"Portada","item":"https:\/\/suelosport.com\/pt-pt\/"},{"@type":"ListItem","position":2,"name":"Tienda","item":"https:\/\/suelosport.com\/tienda\/"},{"@type":"ListItem","position":3,"name":"Losetas caucho alta densidad Premium Xtreme Negra 50x50x1 cm"}]},{"@type":"WebSite","@id":"https:\/\/suelosport.com\/pt-pt\/#website","url":"https:\/\/suelosport.com\/pt-pt\/","name":"Suelosport - Suelos Deportivos","description":"Suelos para gimnasios, suelos de goma, losetas y suelos antideslizantes","publisher":{"@id":"https:\/\/suelosport.com\/pt-pt\/#organization"},"potentialAction":[{"@type":"SearchAction","target":{"@type":"EntryPoint","urlTemplate":"https:\/\/suelosport.com\/pt-pt\/?s={search_term_string}"},"query-input":{"@type":"PropertyValueSpecification","valueRequired":true,"valueName":"search_term_string"}}],"inLanguage":"pt-PT"},{"@type":"Organization","@id":"https:\/\/suelosport.com\/pt-pt\/#organization","name":"Suelosport","url":"https:\/\/suelosport.com\/pt-pt\/","logo":{"@type":"ImageObject","inLanguage":"pt-PT","@id":"https:\/\/suelosport.com\/pt-pt\/#\/schema\/logo\/image\/","url":"https:\/\/suelosport.com\/wp-content\/uploads\/2018\/03\/logo-suelosport.png","contentUrl":"https:\/\/suelosport.com\/wp-content\/uploads\/2018\/03\/logo-suelosport.png","width":300,"height":67,"caption":"Suelosport"},"image":{"@id":"https:\/\/suelosport.com\/pt-pt\/#\/schema\/logo\/image\/"},"sameAs":["https:\/\/www.facebook.com\/Suelosport-2042694182686080\/","https:\/\/www.linkedin.com\/company\/suelosport\/","https:\/\/www.youtube.com\/channel\/UC1eoryUxD4Fw7f1m5wx_vFg?view_as=subscriber"]}]}},"_links":{"self":[{"href":"https:\/\/suelosport.com\/pt-pt\/wp-json\/wp\/v2\/product\/60522","targetHints":{"allow":["GET"]}}],"collection":[{"href":"https:\/\/suelosport.com\/pt-pt\/wp-json\/wp\/v2\/product"}],"about":[{"href":"https:\/\/suelosport.com\/pt-pt\/wp-json\/wp\/v2\/types\/product"}],"replies":[{"embeddable":true,"href":"https:\/\/suelosport.com\/pt-pt\/wp-json\/wp\/v2\/comments?post=60522"}],"wp:featuredmedia":[{"embeddable":true,"href":"https:\/\/suelosport.com\/pt-pt\/wp-json\/wp\/v2\/media\/55318"}],"wp:attachment":[{"href":"https:\/\/suelosport.com\/pt-pt\/wp-json\/wp\/v2\/media?parent=60522"}],"wp:term":[{"taxonomy":"product_brand","embeddable":true,"href":"https:\/\/suelosport.com\/pt-pt\/wp-json\/wp\/v2\/product_brand?post=60522"},{"taxonomy":"product_cat","embeddable":true,"href":"https:\/\/suelosport.com\/pt-pt\/wp-json\/wp\/v2\/product_cat?post=60522"},{"taxonomy":"product_tag","embeddable":true,"href":"https:\/\/suelosport.com\/pt-pt\/wp-json\/wp\/v2\/product_tag?post=60522"}],"curies":[{"name":"wp","href":"https:\/\/api.w.org\/{rel}","templated":true}]}}