{"id":59983,"date":"2024-05-20T11:16:32","date_gmt":"2024-05-20T10:16:32","guid":{"rendered":"https:\/\/suelosport.com\/?post_type=product&#038;p=59983"},"modified":"2026-01-26T15:40:12","modified_gmt":"2026-01-26T14:40:12","slug":"pack-de-mancuernero-set-de-mancuernas-1-a-10-kg","status":"publish","type":"product","link":"https:\/\/suelosport.com\/pt-pt\/producto\/pack-de-mancuernero-set-de-mancuernas-1-a-10-kg\/","title":{"rendered":"Pack de Mancuernero + Set de mancuernas 1 a 10 kg"},"content":{"rendered":"<p>Descubre todas las ventajas que puede ofrecerte este pack, empezando por:<\/p>\n<ul>\n<li><strong>Organizaci\u00f3n Perfecta:<\/strong> Mant\u00e9n tus mancuernas ordenadas y f\u00e1cilmente accesibles con nuestro mancuernero compacto y eficiente.<\/li>\n<li><strong>Ahorra Espacio:<\/strong> Dise\u00f1ado para maximizar el espacio en tu \u00e1rea de entrenamiento, permiti\u00e9ndote mantener todo en su lugar sin desorden.<\/li>\n<li><strong>F\u00e1cil Montaje:<\/strong> Instrucciones sencillas para un ensamblaje r\u00e1pido y sin complicaciones.<\/li>\n<li><strong>Estructura Robusta:<\/strong> Soporta un gran peso y ofrece estabilidad, asegurando que tus mancuernas est\u00e9n siempre seguras.<\/li>\n<\/ul>\n<p>Este pack incluye:<\/p>\n<ul>\n<li>2 mancuernas de 1 kg<\/li>\n<li>2 mancuernas de 2 kg<\/li>\n<li>2 mancuernas de 3 kg<\/li>\n<li>2 mancuernas de 4 kg<\/li>\n<li>2 mancuernas de 5 kg<\/li>\n<li>2 mancuernas de 6 kg<\/li>\n<li>2 mancuernas de 7 kg<\/li>\n<li>2 mancuernas de 8 kg<\/li>\n<li>2 mancuernas de 9 kg<\/li>\n<li>2 mancuernas de 10 kg<\/li>\n<li>1 Mancuernero<\/li>\n<\/ul>\n","protected":false},"excerpt":{"rendered":"<p>Ahorra espacio, ahorra dinero. Aprovecha este super pack de mancuernas cromadas desde 1 hasta 10 kg junto con el mancuernero para su almacenamiento.<\/p>\n","protected":false},"featured_media":60050,"comment_status":"open","ping_status":"closed","template":"","meta":{"inline_featured_image":false},"product_brand":[],"product_cat":[1909,1800,1801],"product_tag":[],"class_list":{"0":"post-59983","1":"product","2":"type-product","3":"status-publish","4":"has-post-thumbnail","6":"product_cat-packs-musculacion","7":"product_cat-material-fitness","8":"product_cat-musculacion","9":"product_shipping_class-todosmenossuelos","11":"first","12":"instock","13":"sale","14":"taxable","15":"shipping-taxable","16":"purchasable","17":"product-type-simple"},"yoast_head":"<!-- This site is optimized with the Yoast SEO plugin v27.4 - https:\/\/yoast.com\/product\/yoast-seo-wordpress\/ -->\n<title>Pack de Mancuernero + Set de mancuernas 1 a 10 kg | Suelosport - Suelos Deportivos<\/title>\n<meta name=\"robots\" content=\"index, follow, max-snippet:-1, max-image-preview:large, max-video-preview:-1\" \/>\n<link rel=\"canonical\" href=\"https:\/\/suelosport.com\/pt-pt\/producto\/pack-de-mancuernero-set-de-mancuernas-1-a-10-kg\/\" \/>\n<meta property=\"og:locale\" content=\"pt_PT\" \/>\n<meta property=\"og:type\" content=\"article\" \/>\n<meta property=\"og:title\" content=\"Pack de Mancuernero + Set de mancuernas 1 a 10 kg | Suelosport - Suelos Deportivos\" \/>\n<meta property=\"og:description\" content=\"Ahorra espacio, ahorra dinero. Aprovecha este super pack de mancuernas cromadas desde 1 hasta 10 kg junto con el mancuernero para su almacenamiento.\" \/>\n<meta property=\"og:url\" content=\"https:\/\/suelosport.com\/pt-pt\/producto\/pack-de-mancuernero-set-de-mancuernas-1-a-10-kg\/\" \/>\n<meta property=\"og:site_name\" content=\"Suelosport - Suelos Deportivos\" \/>\n<meta property=\"article:publisher\" content=\"https:\/\/www.facebook.com\/Suelosport-2042694182686080\/\" \/>\n<meta property=\"article:modified_time\" content=\"2026-01-26T14:40:12+00:00\" \/>\n<meta property=\"og:image\" content=\"https:\/\/suelosport.com\/wp-content\/uploads\/2024\/05\/Mancuernero-con-manc-cromadas-Photoroom.jpg\" \/>\n\t<meta property=\"og:image:width\" content=\"750\" \/>\n\t<meta property=\"og:image:height\" content=\"750\" \/>\n\t<meta property=\"og:image:type\" content=\"image\/jpeg\" \/>\n<meta name=\"twitter:card\" content=\"summary_large_image\" \/>\n<meta name=\"twitter:label1\" content=\"Tempo estimado de leitura\" \/>\n\t<meta name=\"twitter:data1\" content=\"1 minuto\" \/>\n<script type=\"application\/ld+json\" class=\"yoast-schema-graph\">{\"@context\":\"https:\\\/\\\/schema.org\",\"@graph\":[{\"@type\":[\"WebPage\",\"ItemPage\"],\"@id\":\"https:\\\/\\\/suelosport.com\\\/pt-pt\\\/producto\\\/pack-de-mancuernero-set-de-mancuernas-1-a-10-kg\\\/\",\"url\":\"https:\\\/\\\/suelosport.com\\\/pt-pt\\\/producto\\\/pack-de-mancuernero-set-de-mancuernas-1-a-10-kg\\\/\",\"name\":\"Pack de Mancuernero + Set de mancuernas 1 a 10 kg | Suelosport - Suelos Deportivos\",\"isPartOf\":{\"@id\":\"https:\\\/\\\/suelosport.com\\\/pt-pt\\\/#website\"},\"primaryImageOfPage\":{\"@id\":\"https:\\\/\\\/suelosport.com\\\/pt-pt\\\/producto\\\/pack-de-mancuernero-set-de-mancuernas-1-a-10-kg\\\/#primaryimage\"},\"image\":{\"@id\":\"https:\\\/\\\/suelosport.com\\\/pt-pt\\\/producto\\\/pack-de-mancuernero-set-de-mancuernas-1-a-10-kg\\\/#primaryimage\"},\"thumbnailUrl\":\"https:\\\/\\\/suelosport.com\\\/wp-content\\\/uploads\\\/2024\\\/05\\\/Mancuernero-con-manc-cromadas-Photoroom.jpg\",\"datePublished\":\"2024-05-20T10:16:32+00:00\",\"dateModified\":\"2026-01-26T14:40:12+00:00\",\"breadcrumb\":{\"@id\":\"https:\\\/\\\/suelosport.com\\\/pt-pt\\\/producto\\\/pack-de-mancuernero-set-de-mancuernas-1-a-10-kg\\\/#breadcrumb\"},\"inLanguage\":\"pt-PT\",\"potentialAction\":[{\"@type\":\"ReadAction\",\"target\":[\"https:\\\/\\\/suelosport.com\\\/pt-pt\\\/producto\\\/pack-de-mancuernero-set-de-mancuernas-1-a-10-kg\\\/\"]}]},{\"@type\":\"ImageObject\",\"inLanguage\":\"pt-PT\",\"@id\":\"https:\\\/\\\/suelosport.com\\\/pt-pt\\\/producto\\\/pack-de-mancuernero-set-de-mancuernas-1-a-10-kg\\\/#primaryimage\",\"url\":\"https:\\\/\\\/suelosport.com\\\/wp-content\\\/uploads\\\/2024\\\/05\\\/Mancuernero-con-manc-cromadas-Photoroom.jpg\",\"contentUrl\":\"https:\\\/\\\/suelosport.com\\\/wp-content\\\/uploads\\\/2024\\\/05\\\/Mancuernero-con-manc-cromadas-Photoroom.jpg\",\"width\":750,\"height\":750,\"caption\":\"Mancuernero con mancuernas cromadas\"},{\"@type\":\"BreadcrumbList\",\"@id\":\"https:\\\/\\\/suelosport.com\\\/pt-pt\\\/producto\\\/pack-de-mancuernero-set-de-mancuernas-1-a-10-kg\\\/#breadcrumb\",\"itemListElement\":[{\"@type\":\"ListItem\",\"position\":1,\"name\":\"Portada\",\"item\":\"https:\\\/\\\/suelosport.com\\\/pt-pt\\\/\"},{\"@type\":\"ListItem\",\"position\":2,\"name\":\"Tienda\",\"item\":\"https:\\\/\\\/suelosport.com\\\/tienda\\\/\"},{\"@type\":\"ListItem\",\"position\":3,\"name\":\"Pack de Mancuernero + Set de mancuernas 1 a 10 kg\"}]},{\"@type\":\"WebSite\",\"@id\":\"https:\\\/\\\/suelosport.com\\\/pt-pt\\\/#website\",\"url\":\"https:\\\/\\\/suelosport.com\\\/pt-pt\\\/\",\"name\":\"Suelosport - Suelos Deportivos\",\"description\":\"Suelos para gimnasios, suelos de goma, losetas y suelos antideslizantes\",\"publisher\":{\"@id\":\"https:\\\/\\\/suelosport.com\\\/pt-pt\\\/#organization\"},\"potentialAction\":[{\"@type\":\"SearchAction\",\"target\":{\"@type\":\"EntryPoint\",\"urlTemplate\":\"https:\\\/\\\/suelosport.com\\\/pt-pt\\\/?s={search_term_string}\"},\"query-input\":{\"@type\":\"PropertyValueSpecification\",\"valueRequired\":true,\"valueName\":\"search_term_string\"}}],\"inLanguage\":\"pt-PT\"},{\"@type\":\"Organization\",\"@id\":\"https:\\\/\\\/suelosport.com\\\/pt-pt\\\/#organization\",\"name\":\"Suelosport\",\"url\":\"https:\\\/\\\/suelosport.com\\\/pt-pt\\\/\",\"logo\":{\"@type\":\"ImageObject\",\"inLanguage\":\"pt-PT\",\"@id\":\"https:\\\/\\\/suelosport.com\\\/pt-pt\\\/#\\\/schema\\\/logo\\\/image\\\/\",\"url\":\"https:\\\/\\\/suelosport.com\\\/wp-content\\\/uploads\\\/2018\\\/03\\\/logo-suelosport.png\",\"contentUrl\":\"https:\\\/\\\/suelosport.com\\\/wp-content\\\/uploads\\\/2018\\\/03\\\/logo-suelosport.png\",\"width\":300,\"height\":67,\"caption\":\"Suelosport\"},\"image\":{\"@id\":\"https:\\\/\\\/suelosport.com\\\/pt-pt\\\/#\\\/schema\\\/logo\\\/image\\\/\"},\"sameAs\":[\"https:\\\/\\\/www.facebook.com\\\/Suelosport-2042694182686080\\\/\",\"https:\\\/\\\/www.linkedin.com\\\/company\\\/suelosport\\\/\",\"https:\\\/\\\/www.youtube.com\\\/channel\\\/UC1eoryUxD4Fw7f1m5wx_vFg?view_as=subscriber\"]}]}<\/script>\n<!-- \/ Yoast SEO plugin. -->","yoast_head_json":{"title":"Pack de Mancuernero + Set de mancuernas 1 a 10 kg | Suelosport - Suelos Deportivos","robots":{"index":"index","follow":"follow","max-snippet":"max-snippet:-1","max-image-preview":"max-image-preview:large","max-video-preview":"max-video-preview:-1"},"canonical":"https:\/\/suelosport.com\/pt-pt\/producto\/pack-de-mancuernero-set-de-mancuernas-1-a-10-kg\/","og_locale":"pt_PT","og_type":"article","og_title":"Pack de Mancuernero + Set de mancuernas 1 a 10 kg | Suelosport - Suelos Deportivos","og_description":"Ahorra espacio, ahorra dinero. Aprovecha este super pack de mancuernas cromadas desde 1 hasta 10 kg junto con el mancuernero para su almacenamiento.","og_url":"https:\/\/suelosport.com\/pt-pt\/producto\/pack-de-mancuernero-set-de-mancuernas-1-a-10-kg\/","og_site_name":"Suelosport - Suelos Deportivos","article_publisher":"https:\/\/www.facebook.com\/Suelosport-2042694182686080\/","article_modified_time":"2026-01-26T14:40:12+00:00","og_image":[{"width":750,"height":750,"url":"https:\/\/suelosport.com\/wp-content\/uploads\/2024\/05\/Mancuernero-con-manc-cromadas-Photoroom.jpg","type":"image\/jpeg"}],"twitter_card":"summary_large_image","twitter_misc":{"Tempo estimado de leitura":"1 minuto"},"schema":{"@context":"https:\/\/schema.org","@graph":[{"@type":["WebPage","ItemPage"],"@id":"https:\/\/suelosport.com\/pt-pt\/producto\/pack-de-mancuernero-set-de-mancuernas-1-a-10-kg\/","url":"https:\/\/suelosport.com\/pt-pt\/producto\/pack-de-mancuernero-set-de-mancuernas-1-a-10-kg\/","name":"Pack de Mancuernero + Set de mancuernas 1 a 10 kg | Suelosport - Suelos Deportivos","isPartOf":{"@id":"https:\/\/suelosport.com\/pt-pt\/#website"},"primaryImageOfPage":{"@id":"https:\/\/suelosport.com\/pt-pt\/producto\/pack-de-mancuernero-set-de-mancuernas-1-a-10-kg\/#primaryimage"},"image":{"@id":"https:\/\/suelosport.com\/pt-pt\/producto\/pack-de-mancuernero-set-de-mancuernas-1-a-10-kg\/#primaryimage"},"thumbnailUrl":"https:\/\/suelosport.com\/wp-content\/uploads\/2024\/05\/Mancuernero-con-manc-cromadas-Photoroom.jpg","datePublished":"2024-05-20T10:16:32+00:00","dateModified":"2026-01-26T14:40:12+00:00","breadcrumb":{"@id":"https:\/\/suelosport.com\/pt-pt\/producto\/pack-de-mancuernero-set-de-mancuernas-1-a-10-kg\/#breadcrumb"},"inLanguage":"pt-PT","potentialAction":[{"@type":"ReadAction","target":["https:\/\/suelosport.com\/pt-pt\/producto\/pack-de-mancuernero-set-de-mancuernas-1-a-10-kg\/"]}]},{"@type":"ImageObject","inLanguage":"pt-PT","@id":"https:\/\/suelosport.com\/pt-pt\/producto\/pack-de-mancuernero-set-de-mancuernas-1-a-10-kg\/#primaryimage","url":"https:\/\/suelosport.com\/wp-content\/uploads\/2024\/05\/Mancuernero-con-manc-cromadas-Photoroom.jpg","contentUrl":"https:\/\/suelosport.com\/wp-content\/uploads\/2024\/05\/Mancuernero-con-manc-cromadas-Photoroom.jpg","width":750,"height":750,"caption":"Mancuernero con mancuernas cromadas"},{"@type":"BreadcrumbList","@id":"https:\/\/suelosport.com\/pt-pt\/producto\/pack-de-mancuernero-set-de-mancuernas-1-a-10-kg\/#breadcrumb","itemListElement":[{"@type":"ListItem","position":1,"name":"Portada","item":"https:\/\/suelosport.com\/pt-pt\/"},{"@type":"ListItem","position":2,"name":"Tienda","item":"https:\/\/suelosport.com\/tienda\/"},{"@type":"ListItem","position":3,"name":"Pack de Mancuernero + Set de mancuernas 1 a 10 kg"}]},{"@type":"WebSite","@id":"https:\/\/suelosport.com\/pt-pt\/#website","url":"https:\/\/suelosport.com\/pt-pt\/","name":"Suelosport - Suelos Deportivos","description":"Suelos para gimnasios, suelos de goma, losetas y suelos antideslizantes","publisher":{"@id":"https:\/\/suelosport.com\/pt-pt\/#organization"},"potentialAction":[{"@type":"SearchAction","target":{"@type":"EntryPoint","urlTemplate":"https:\/\/suelosport.com\/pt-pt\/?s={search_term_string}"},"query-input":{"@type":"PropertyValueSpecification","valueRequired":true,"valueName":"search_term_string"}}],"inLanguage":"pt-PT"},{"@type":"Organization","@id":"https:\/\/suelosport.com\/pt-pt\/#organization","name":"Suelosport","url":"https:\/\/suelosport.com\/pt-pt\/","logo":{"@type":"ImageObject","inLanguage":"pt-PT","@id":"https:\/\/suelosport.com\/pt-pt\/#\/schema\/logo\/image\/","url":"https:\/\/suelosport.com\/wp-content\/uploads\/2018\/03\/logo-suelosport.png","contentUrl":"https:\/\/suelosport.com\/wp-content\/uploads\/2018\/03\/logo-suelosport.png","width":300,"height":67,"caption":"Suelosport"},"image":{"@id":"https:\/\/suelosport.com\/pt-pt\/#\/schema\/logo\/image\/"},"sameAs":["https:\/\/www.facebook.com\/Suelosport-2042694182686080\/","https:\/\/www.linkedin.com\/company\/suelosport\/","https:\/\/www.youtube.com\/channel\/UC1eoryUxD4Fw7f1m5wx_vFg?view_as=subscriber"]}]}},"_links":{"self":[{"href":"https:\/\/suelosport.com\/pt-pt\/wp-json\/wp\/v2\/product\/59983","targetHints":{"allow":["GET"]}}],"collection":[{"href":"https:\/\/suelosport.com\/pt-pt\/wp-json\/wp\/v2\/product"}],"about":[{"href":"https:\/\/suelosport.com\/pt-pt\/wp-json\/wp\/v2\/types\/product"}],"replies":[{"embeddable":true,"href":"https:\/\/suelosport.com\/pt-pt\/wp-json\/wp\/v2\/comments?post=59983"}],"wp:featuredmedia":[{"embeddable":true,"href":"https:\/\/suelosport.com\/pt-pt\/wp-json\/wp\/v2\/media\/60050"}],"wp:attachment":[{"href":"https:\/\/suelosport.com\/pt-pt\/wp-json\/wp\/v2\/media?parent=59983"}],"wp:term":[{"taxonomy":"product_brand","embeddable":true,"href":"https:\/\/suelosport.com\/pt-pt\/wp-json\/wp\/v2\/product_brand?post=59983"},{"taxonomy":"product_cat","embeddable":true,"href":"https:\/\/suelosport.com\/pt-pt\/wp-json\/wp\/v2\/product_cat?post=59983"},{"taxonomy":"product_tag","embeddable":true,"href":"https:\/\/suelosport.com\/pt-pt\/wp-json\/wp\/v2\/product_tag?post=59983"}],"curies":[{"name":"wp","href":"https:\/\/api.w.org\/{rel}","templated":true}]}}