{"id":59585,"date":"2024-04-15T10:23:10","date_gmt":"2024-04-15T09:23:10","guid":{"rendered":"https:\/\/suelosport.com\/?post_type=product&#038;p=59585"},"modified":"2026-01-22T12:35:13","modified_gmt":"2026-01-22T11:35:13","slug":"pack-musculacion-1","status":"publish","type":"product","link":"https:\/\/suelosport.com\/pt-pt\/producto\/pack-musculacion-1\/","title":{"rendered":"Pack musculaci\u00f3n 1"},"content":{"rendered":"<div class=\"flex-1 overflow-hidden\">\n<div class=\"react-scroll-to-bottom--css-jyfuf-79elbk h-full\">\n<div class=\"react-scroll-to-bottom--css-jyfuf-1n7m0yu\">\n<div class=\"flex flex-col text-sm pb-9\">\n<div class=\"w-full text-token-text-primary\" dir=\"auto\" data-testid=\"conversation-turn-3\">\n<div class=\"px-4 py-2 justify-center text-base md:gap-6 m-auto\">\n<div class=\"flex flex-1 text-base mx-auto gap-3 juice:gap-4 juice:md:gap-6 md:px-5 lg:px-1 xl:px-5 md:max-w-3xl lg:max-w-[40rem] xl:max-w-[48rem] group final-completion\">\n<div class=\"relative flex w-full flex-col agent-turn\">\n<div class=\"flex-col gap-1 md:gap-3\">\n<div class=\"flex flex-grow flex-col max-w-full\">\n<div class=\"min-h-[20px] text-message flex flex-col items-start gap-3 whitespace-pre-wrap break-words [.text-message+&amp;]:mt-5 overflow-x-auto\" dir=\"auto\" data-message-author-role=\"assistant\" data-message-id=\"8f2d663f-7d8b-4086-8ae4-13d9188df7ba\">\n<div class=\"markdown prose w-full break-words dark:prose-invert dark\">\n<p><span style=\"color: #000000;\">Este conjunto cuenta con una amplia gama de herramientas esenciales que te permitir\u00e1n moldear y fortalecer tu cuerpo de manera efectiva.<\/span><\/p>\n<p><span style=\"color: #000000;\"><strong>5 Pares de mancuernas hexagonales<\/strong> de diferente peso (2\u00b45 | 5 | 7\u00b45 | 10 | 12\u00b45 kg). Estas pesas ofrecen una excelente diversidad de peso para adaptarse a tu nivel de destreza y facilitar un avance continuo en tus sesiones de ejercicios. La forma hexagonal garantiza estabilidad y previene el desplazamiento, asegurando una rutina de ejercicios segura y sin interrupciones.<\/span><\/p>\n<p><span style=\"color: #000000;\"><strong>2 Pesas rusas<\/strong> de diferente peso (12 y 16 kg). Estas pesas rusas son esenciales para incluir movimientos de peso libre que estimulan m\u00faltiples grupos musculares al mismo tiempo, ofreciendo un entrenamiento funcional y eficaz.<\/span><\/p>\n<p><span style=\"color: #000000;\"><strong>Banco de musculaci\u00f3n ajustable<\/strong>, el elemento clave que te permite llevar a cabo una variedad infinita de ejercicios, desde prensas de pecho hasta abdominales. Su dise\u00f1o ergon\u00f3mico y su estructura robusta garantizan una experiencia de entrenamiento segura y confortable. La capacidad de ajustar el banco en distintos \u00e1ngulos te permite adaptar tus ejercicios seg\u00fan tus necesidades y metas.<\/span><\/p>\n<p><span style=\"color: #000000;\"><strong>6 Losetas de caucho de alta densidad<\/strong> Premium Xtreme 100 x 100 x 1,5 cm. Estas losetas no solo proporcionan una superficie antideslizante y amortiguadora de impactos, sino que tambi\u00e9n protegen el suelo de posibles da\u00f1os ocasionados por el equipo de entrenamiento.<\/span><\/p>\n<p><span style=\"color: #000000;\"><strong>Para realizar consultas sobre los materiales o realizar cambios, cont\u00e1ctanos mediante el bot\u00f3n &#8220;Solicitar presupuesto&#8221; o a trav\u00e9s de WhatsApp.<\/strong><\/span><\/p>\n<p><span style=\"color: #000000;\">Ya seas un novato entusiasta o un veterano del acondicionamiento f\u00edsico, este conjunto es ideal para todos los niveles de experiencia.<\/span><\/p>\n","protected":false},"excerpt":{"rendered":"<p>Incluye:<\/p>\n<ul>\n<li>5 pares de mancuernas hexagonales (Desde 2,5 hasta 12,5 kg).<\/li>\n<li>2 Kettlebels (12 y 16 kg).<\/li>\n<li>1 Banco de musculaci\u00f3n ajustable.<\/li>\n<li>6 Losetas de caucho alta densidad Premium Xtreme 100 x 100 x 1,5 cm.<\/li>\n<\/ul>\n<p>Para <strong>cambiar alg\u00fan material<\/strong>, contacta con nosotros a trav\u00e9s del bot\u00f3n\u00a0<strong> &#8220;Solicitar presupuesto&#8221;<\/strong> o de WhatsApp<\/p>\n<a href=\"\/contacto\/\" class=\"button primary is-primary is-medium\" >\n\t\t<span>SOLICITAR PRESUPUESTO<\/span>\n\t<\/a>\n\n","protected":false},"featured_media":59587,"comment_status":"open","ping_status":"closed","template":"","meta":{"inline_featured_image":false},"product_brand":[],"product_cat":[1906,1909],"product_tag":[],"class_list":{"0":"post-59585","1":"product","2":"type-product","3":"status-publish","4":"has-post-thumbnail","6":"product_cat-accesorios-fitness","7":"product_cat-packs-musculacion","8":"product_shipping_class-todosmenossuelos","10":"first","11":"instock","12":"sale","13":"taxable","14":"shipping-taxable","15":"purchasable","16":"product-type-simple"},"yoast_head":"<!-- This site is optimized with the Yoast SEO plugin v27.4 - https:\/\/yoast.com\/product\/yoast-seo-wordpress\/ -->\n<title>Pack musculaci\u00f3n 1 | Suelosport - Suelos Deportivos<\/title>\n<meta name=\"robots\" content=\"index, follow, max-snippet:-1, max-image-preview:large, max-video-preview:-1\" \/>\n<link rel=\"canonical\" href=\"https:\/\/suelosport.com\/pt-pt\/producto\/pack-musculacion-1\/\" \/>\n<meta property=\"og:locale\" content=\"pt_PT\" \/>\n<meta property=\"og:type\" content=\"article\" \/>\n<meta property=\"og:title\" content=\"Pack musculaci\u00f3n 1 | Suelosport - Suelos Deportivos\" \/>\n<meta property=\"og:description\" content=\"Incluye:   5 pares de mancuernas hexagonales (Desde 2,5 hasta 12,5 kg).  2 Kettlebels (12 y 16 kg).  1 Banco de musculaci\u00f3n ajustable.  6 Losetas de caucho alta densidad Premium Xtreme 100 x 100 x 1,5 cm.  Para cambiar alg\u00fan material, contacta con nosotros a trav\u00e9s del bot\u00f3n\u00a0 &quot;Solicitar presupuesto&quot; o de WhatsApp\" \/>\n<meta property=\"og:url\" content=\"https:\/\/suelosport.com\/pt-pt\/producto\/pack-musculacion-1\/\" \/>\n<meta property=\"og:site_name\" content=\"Suelosport - Suelos Deportivos\" \/>\n<meta property=\"article:publisher\" content=\"https:\/\/www.facebook.com\/Suelosport-2042694182686080\/\" \/>\n<meta property=\"article:modified_time\" content=\"2026-01-22T11:35:13+00:00\" \/>\n<meta property=\"og:image\" content=\"https:\/\/suelosport.com\/wp-content\/uploads\/2024\/04\/Set-musculacion-1-PhotoRoom-1.png\" \/>\n\t<meta property=\"og:image:width\" content=\"1500\" \/>\n\t<meta property=\"og:image:height\" content=\"1500\" \/>\n\t<meta property=\"og:image:type\" content=\"image\/png\" \/>\n<meta name=\"twitter:card\" content=\"summary_large_image\" \/>\n<meta name=\"twitter:label1\" content=\"Tempo estimado de leitura\" \/>\n\t<meta name=\"twitter:data1\" content=\"2 minutos\" \/>\n<script type=\"application\/ld+json\" class=\"yoast-schema-graph\">{\"@context\":\"https:\\\/\\\/schema.org\",\"@graph\":[{\"@type\":[\"WebPage\",\"ItemPage\"],\"@id\":\"https:\\\/\\\/suelosport.com\\\/pt-pt\\\/producto\\\/pack-musculacion-1\\\/\",\"url\":\"https:\\\/\\\/suelosport.com\\\/pt-pt\\\/producto\\\/pack-musculacion-1\\\/\",\"name\":\"Pack musculaci\u00f3n 1 | Suelosport - Suelos Deportivos\",\"isPartOf\":{\"@id\":\"https:\\\/\\\/suelosport.com\\\/pt-pt\\\/#website\"},\"primaryImageOfPage\":{\"@id\":\"https:\\\/\\\/suelosport.com\\\/pt-pt\\\/producto\\\/pack-musculacion-1\\\/#primaryimage\"},\"image\":{\"@id\":\"https:\\\/\\\/suelosport.com\\\/pt-pt\\\/producto\\\/pack-musculacion-1\\\/#primaryimage\"},\"thumbnailUrl\":\"https:\\\/\\\/suelosport.com\\\/wp-content\\\/uploads\\\/2024\\\/04\\\/Set-musculacion-1-PhotoRoom-1.png\",\"datePublished\":\"2024-04-15T09:23:10+00:00\",\"dateModified\":\"2026-01-22T11:35:13+00:00\",\"breadcrumb\":{\"@id\":\"https:\\\/\\\/suelosport.com\\\/pt-pt\\\/producto\\\/pack-musculacion-1\\\/#breadcrumb\"},\"inLanguage\":\"pt-PT\",\"potentialAction\":[{\"@type\":\"ReadAction\",\"target\":[\"https:\\\/\\\/suelosport.com\\\/pt-pt\\\/producto\\\/pack-musculacion-1\\\/\"]}]},{\"@type\":\"ImageObject\",\"inLanguage\":\"pt-PT\",\"@id\":\"https:\\\/\\\/suelosport.com\\\/pt-pt\\\/producto\\\/pack-musculacion-1\\\/#primaryimage\",\"url\":\"https:\\\/\\\/suelosport.com\\\/wp-content\\\/uploads\\\/2024\\\/04\\\/Set-musculacion-1-PhotoRoom-1.png\",\"contentUrl\":\"https:\\\/\\\/suelosport.com\\\/wp-content\\\/uploads\\\/2024\\\/04\\\/Set-musculacion-1-PhotoRoom-1.png\",\"width\":1500,\"height\":1500,\"caption\":\"Pack musculaci\u00f3n que incluye banco ajustable, kettlebells, mancuernas hexagonales y losetas de caucho alta densidad\"},{\"@type\":\"BreadcrumbList\",\"@id\":\"https:\\\/\\\/suelosport.com\\\/pt-pt\\\/producto\\\/pack-musculacion-1\\\/#breadcrumb\",\"itemListElement\":[{\"@type\":\"ListItem\",\"position\":1,\"name\":\"Portada\",\"item\":\"https:\\\/\\\/suelosport.com\\\/pt-pt\\\/\"},{\"@type\":\"ListItem\",\"position\":2,\"name\":\"Tienda\",\"item\":\"https:\\\/\\\/suelosport.com\\\/tienda\\\/\"},{\"@type\":\"ListItem\",\"position\":3,\"name\":\"Pack musculaci\u00f3n 1\"}]},{\"@type\":\"WebSite\",\"@id\":\"https:\\\/\\\/suelosport.com\\\/pt-pt\\\/#website\",\"url\":\"https:\\\/\\\/suelosport.com\\\/pt-pt\\\/\",\"name\":\"Suelosport - Suelos Deportivos\",\"description\":\"Suelos para gimnasios, suelos de goma, losetas y suelos antideslizantes\",\"publisher\":{\"@id\":\"https:\\\/\\\/suelosport.com\\\/pt-pt\\\/#organization\"},\"potentialAction\":[{\"@type\":\"SearchAction\",\"target\":{\"@type\":\"EntryPoint\",\"urlTemplate\":\"https:\\\/\\\/suelosport.com\\\/pt-pt\\\/?s={search_term_string}\"},\"query-input\":{\"@type\":\"PropertyValueSpecification\",\"valueRequired\":true,\"valueName\":\"search_term_string\"}}],\"inLanguage\":\"pt-PT\"},{\"@type\":\"Organization\",\"@id\":\"https:\\\/\\\/suelosport.com\\\/pt-pt\\\/#organization\",\"name\":\"Suelosport\",\"url\":\"https:\\\/\\\/suelosport.com\\\/pt-pt\\\/\",\"logo\":{\"@type\":\"ImageObject\",\"inLanguage\":\"pt-PT\",\"@id\":\"https:\\\/\\\/suelosport.com\\\/pt-pt\\\/#\\\/schema\\\/logo\\\/image\\\/\",\"url\":\"https:\\\/\\\/suelosport.com\\\/wp-content\\\/uploads\\\/2018\\\/03\\\/logo-suelosport.png\",\"contentUrl\":\"https:\\\/\\\/suelosport.com\\\/wp-content\\\/uploads\\\/2018\\\/03\\\/logo-suelosport.png\",\"width\":300,\"height\":67,\"caption\":\"Suelosport\"},\"image\":{\"@id\":\"https:\\\/\\\/suelosport.com\\\/pt-pt\\\/#\\\/schema\\\/logo\\\/image\\\/\"},\"sameAs\":[\"https:\\\/\\\/www.facebook.com\\\/Suelosport-2042694182686080\\\/\",\"https:\\\/\\\/www.linkedin.com\\\/company\\\/suelosport\\\/\",\"https:\\\/\\\/www.youtube.com\\\/channel\\\/UC1eoryUxD4Fw7f1m5wx_vFg?view_as=subscriber\"]}]}<\/script>\n<!-- \/ Yoast SEO plugin. -->","yoast_head_json":{"title":"Pack musculaci\u00f3n 1 | Suelosport - Suelos Deportivos","robots":{"index":"index","follow":"follow","max-snippet":"max-snippet:-1","max-image-preview":"max-image-preview:large","max-video-preview":"max-video-preview:-1"},"canonical":"https:\/\/suelosport.com\/pt-pt\/producto\/pack-musculacion-1\/","og_locale":"pt_PT","og_type":"article","og_title":"Pack musculaci\u00f3n 1 | Suelosport - Suelos Deportivos","og_description":"Incluye:   5 pares de mancuernas hexagonales (Desde 2,5 hasta 12,5 kg).  2 Kettlebels (12 y 16 kg).  1 Banco de musculaci\u00f3n ajustable.  6 Losetas de caucho alta densidad Premium Xtreme 100 x 100 x 1,5 cm.  Para cambiar alg\u00fan material, contacta con nosotros a trav\u00e9s del bot\u00f3n\u00a0 \"Solicitar presupuesto\" o de WhatsApp","og_url":"https:\/\/suelosport.com\/pt-pt\/producto\/pack-musculacion-1\/","og_site_name":"Suelosport - Suelos Deportivos","article_publisher":"https:\/\/www.facebook.com\/Suelosport-2042694182686080\/","article_modified_time":"2026-01-22T11:35:13+00:00","og_image":[{"width":1500,"height":1500,"url":"https:\/\/suelosport.com\/wp-content\/uploads\/2024\/04\/Set-musculacion-1-PhotoRoom-1.png","type":"image\/png"}],"twitter_card":"summary_large_image","twitter_misc":{"Tempo estimado de leitura":"2 minutos"},"schema":{"@context":"https:\/\/schema.org","@graph":[{"@type":["WebPage","ItemPage"],"@id":"https:\/\/suelosport.com\/pt-pt\/producto\/pack-musculacion-1\/","url":"https:\/\/suelosport.com\/pt-pt\/producto\/pack-musculacion-1\/","name":"Pack musculaci\u00f3n 1 | Suelosport - Suelos Deportivos","isPartOf":{"@id":"https:\/\/suelosport.com\/pt-pt\/#website"},"primaryImageOfPage":{"@id":"https:\/\/suelosport.com\/pt-pt\/producto\/pack-musculacion-1\/#primaryimage"},"image":{"@id":"https:\/\/suelosport.com\/pt-pt\/producto\/pack-musculacion-1\/#primaryimage"},"thumbnailUrl":"https:\/\/suelosport.com\/wp-content\/uploads\/2024\/04\/Set-musculacion-1-PhotoRoom-1.png","datePublished":"2024-04-15T09:23:10+00:00","dateModified":"2026-01-22T11:35:13+00:00","breadcrumb":{"@id":"https:\/\/suelosport.com\/pt-pt\/producto\/pack-musculacion-1\/#breadcrumb"},"inLanguage":"pt-PT","potentialAction":[{"@type":"ReadAction","target":["https:\/\/suelosport.com\/pt-pt\/producto\/pack-musculacion-1\/"]}]},{"@type":"ImageObject","inLanguage":"pt-PT","@id":"https:\/\/suelosport.com\/pt-pt\/producto\/pack-musculacion-1\/#primaryimage","url":"https:\/\/suelosport.com\/wp-content\/uploads\/2024\/04\/Set-musculacion-1-PhotoRoom-1.png","contentUrl":"https:\/\/suelosport.com\/wp-content\/uploads\/2024\/04\/Set-musculacion-1-PhotoRoom-1.png","width":1500,"height":1500,"caption":"Pack musculaci\u00f3n que incluye banco ajustable, kettlebells, mancuernas hexagonales y losetas de caucho alta densidad"},{"@type":"BreadcrumbList","@id":"https:\/\/suelosport.com\/pt-pt\/producto\/pack-musculacion-1\/#breadcrumb","itemListElement":[{"@type":"ListItem","position":1,"name":"Portada","item":"https:\/\/suelosport.com\/pt-pt\/"},{"@type":"ListItem","position":2,"name":"Tienda","item":"https:\/\/suelosport.com\/tienda\/"},{"@type":"ListItem","position":3,"name":"Pack musculaci\u00f3n 1"}]},{"@type":"WebSite","@id":"https:\/\/suelosport.com\/pt-pt\/#website","url":"https:\/\/suelosport.com\/pt-pt\/","name":"Suelosport - Suelos Deportivos","description":"Suelos para gimnasios, suelos de goma, losetas y suelos antideslizantes","publisher":{"@id":"https:\/\/suelosport.com\/pt-pt\/#organization"},"potentialAction":[{"@type":"SearchAction","target":{"@type":"EntryPoint","urlTemplate":"https:\/\/suelosport.com\/pt-pt\/?s={search_term_string}"},"query-input":{"@type":"PropertyValueSpecification","valueRequired":true,"valueName":"search_term_string"}}],"inLanguage":"pt-PT"},{"@type":"Organization","@id":"https:\/\/suelosport.com\/pt-pt\/#organization","name":"Suelosport","url":"https:\/\/suelosport.com\/pt-pt\/","logo":{"@type":"ImageObject","inLanguage":"pt-PT","@id":"https:\/\/suelosport.com\/pt-pt\/#\/schema\/logo\/image\/","url":"https:\/\/suelosport.com\/wp-content\/uploads\/2018\/03\/logo-suelosport.png","contentUrl":"https:\/\/suelosport.com\/wp-content\/uploads\/2018\/03\/logo-suelosport.png","width":300,"height":67,"caption":"Suelosport"},"image":{"@id":"https:\/\/suelosport.com\/pt-pt\/#\/schema\/logo\/image\/"},"sameAs":["https:\/\/www.facebook.com\/Suelosport-2042694182686080\/","https:\/\/www.linkedin.com\/company\/suelosport\/","https:\/\/www.youtube.com\/channel\/UC1eoryUxD4Fw7f1m5wx_vFg?view_as=subscriber"]}]}},"_links":{"self":[{"href":"https:\/\/suelosport.com\/pt-pt\/wp-json\/wp\/v2\/product\/59585","targetHints":{"allow":["GET"]}}],"collection":[{"href":"https:\/\/suelosport.com\/pt-pt\/wp-json\/wp\/v2\/product"}],"about":[{"href":"https:\/\/suelosport.com\/pt-pt\/wp-json\/wp\/v2\/types\/product"}],"replies":[{"embeddable":true,"href":"https:\/\/suelosport.com\/pt-pt\/wp-json\/wp\/v2\/comments?post=59585"}],"wp:featuredmedia":[{"embeddable":true,"href":"https:\/\/suelosport.com\/pt-pt\/wp-json\/wp\/v2\/media\/59587"}],"wp:attachment":[{"href":"https:\/\/suelosport.com\/pt-pt\/wp-json\/wp\/v2\/media?parent=59585"}],"wp:term":[{"taxonomy":"product_brand","embeddable":true,"href":"https:\/\/suelosport.com\/pt-pt\/wp-json\/wp\/v2\/product_brand?post=59585"},{"taxonomy":"product_cat","embeddable":true,"href":"https:\/\/suelosport.com\/pt-pt\/wp-json\/wp\/v2\/product_cat?post=59585"},{"taxonomy":"product_tag","embeddable":true,"href":"https:\/\/suelosport.com\/pt-pt\/wp-json\/wp\/v2\/product_tag?post=59585"}],"curies":[{"name":"wp","href":"https:\/\/api.w.org\/{rel}","templated":true}]}}