{"id":59577,"date":"2024-04-15T09:58:06","date_gmt":"2024-04-15T08:58:06","guid":{"rendered":"https:\/\/suelosport.com\/?post_type=product&#038;p=59577"},"modified":"2026-01-22T12:35:26","modified_gmt":"2026-01-22T11:35:26","slug":"pack-musculacion-2","status":"publish","type":"product","link":"https:\/\/suelosport.com\/pt-pt\/producto\/pack-musculacion-2\/","title":{"rendered":"Pack musculaci\u00f3n 2"},"content":{"rendered":"<p>Kit ideal para rutinas de musculaci\u00f3n que contiene:<\/p>\n<p><strong>Barra ol\u00edmpica de 20 kg<\/strong>, forjada en acero de primera calidad para aguantar tus entrenamientos m\u00e1s exigentes. Con un dise\u00f1o ergon\u00f3mico, te ofrece confort y estabilidad durante tus repeticiones.<\/p>\n<p><strong>Set Cierres<\/strong> con mecanismo de seguridad, para garantizar que los discos permanezcan fijos en su lugar, previniendo cualquier eventualidad durante tus sesiones.<\/p>\n<p><strong>Amplia gama de discos<\/strong>, Pares de 5, 10, 15, 20 y 25 kg. Esto te permitir\u00e1 personalizar tu carga de trabajo seg\u00fan tus metas y avanzar de manera gradual.<\/p>\n<p><strong>6 Losetas de caucho de alta densidad<\/strong> Premium Xtreme de 100 x 100 x 1\u00b45 cm, para salvaguardar tu superficie y amortiguar el ruido de tus levantamientos. Estas baldosas ofrecen una base estable y perdurable a tu espacio de entrenamiento, dej\u00e1ndote enfocarte en tus ejercicios sin preocupaciones por posibles da\u00f1os.<\/p>\n<p><strong>Para cambiar alg\u00fan material, cont\u00e1ctanos mediante el bot\u00f3n &#8220;Pedir presupuesto&#8221; o a trav\u00e9s de WhatsApp.<\/strong><\/p>\n<p>Ya sea que est\u00e9s fortaleciendo, esculpiendo o aumentando tu resistencia, este kit te proporciona la flexibilidad necesaria para alcanzar tus objetivos.<\/p>\n","protected":false},"excerpt":{"rendered":"<p>Contiene:<\/p>\n<ul>\n<li>1 Barra ol\u00edmpica de 20 kg.<\/li>\n<li>5 pares de Discos (De 5 a 25 kg).<\/li>\n<li>1 Par Cierre con bloqueo.<\/li>\n<li>6 Losetas de caucho de alta densidad Premium Xtreme 100 x 100 x 1,5 cm.<\/li>\n<\/ul>\n<p>Para <strong>cambiar alg\u00fan material<\/strong>, contacta con nosotros a trav\u00e9s del bot\u00f3n\u00a0<strong> &#8220;Solicitar presupuesto&#8221;<\/strong> o de WhatsApp<\/p>\n<a href=\"\/contacto\/\" class=\"button primary is-primary is-medium\" >\n\t\t<span>SOLICITAR PRESUPUESTO<\/span>\n\t<\/a>\n\n","protected":false},"featured_media":59578,"comment_status":"open","ping_status":"closed","template":"","meta":{"inline_featured_image":false},"product_brand":[],"product_cat":[1906,1909],"product_tag":[],"class_list":{"0":"post-59577","1":"product","2":"type-product","3":"status-publish","4":"has-post-thumbnail","6":"product_cat-accesorios-fitness","7":"product_cat-packs-musculacion","8":"product_shipping_class-todosmenossuelos","10":"first","11":"instock","12":"sale","13":"taxable","14":"shipping-taxable","15":"purchasable","16":"product-type-simple"},"yoast_head":"<!-- This site is optimized with the Yoast SEO plugin v27.4 - https:\/\/yoast.com\/product\/yoast-seo-wordpress\/ -->\n<title>Pack musculaci\u00f3n 2 | Suelosport - Suelos Deportivos<\/title>\n<meta name=\"robots\" content=\"index, follow, max-snippet:-1, max-image-preview:large, max-video-preview:-1\" \/>\n<link rel=\"canonical\" href=\"https:\/\/suelosport.com\/pt-pt\/producto\/pack-musculacion-2\/\" \/>\n<meta property=\"og:locale\" content=\"pt_PT\" \/>\n<meta property=\"og:type\" content=\"article\" \/>\n<meta property=\"og:title\" content=\"Pack musculaci\u00f3n 2 | Suelosport - Suelos Deportivos\" \/>\n<meta property=\"og:description\" content=\"Contiene:   1 Barra ol\u00edmpica de 20 kg.  5 pares de Discos (De 5 a 25 kg).  1 Par Cierre con bloqueo.  6 Losetas de caucho de alta densidad Premium Xtreme 100 x 100 x 1,5 cm.  Para cambiar alg\u00fan material, contacta con nosotros a trav\u00e9s del bot\u00f3n\u00a0 &quot;Solicitar presupuesto&quot; o de WhatsApp\" \/>\n<meta property=\"og:url\" content=\"https:\/\/suelosport.com\/pt-pt\/producto\/pack-musculacion-2\/\" \/>\n<meta property=\"og:site_name\" content=\"Suelosport - Suelos Deportivos\" \/>\n<meta property=\"article:publisher\" content=\"https:\/\/www.facebook.com\/Suelosport-2042694182686080\/\" \/>\n<meta property=\"article:modified_time\" content=\"2026-01-22T11:35:26+00:00\" \/>\n<meta property=\"og:image\" content=\"https:\/\/suelosport.com\/wp-content\/uploads\/2024\/04\/COMUNES-1-PhotoRoom.png\" \/>\n\t<meta property=\"og:image:width\" content=\"2000\" \/>\n\t<meta property=\"og:image:height\" content=\"2000\" \/>\n\t<meta property=\"og:image:type\" content=\"image\/png\" \/>\n<meta name=\"twitter:card\" content=\"summary_large_image\" \/>\n<meta name=\"twitter:label1\" content=\"Tempo estimado de leitura\" \/>\n\t<meta name=\"twitter:data1\" content=\"1 minuto\" \/>\n<script type=\"application\/ld+json\" class=\"yoast-schema-graph\">{\"@context\":\"https:\\\/\\\/schema.org\",\"@graph\":[{\"@type\":[\"WebPage\",\"ItemPage\"],\"@id\":\"https:\\\/\\\/suelosport.com\\\/pt-pt\\\/producto\\\/pack-musculacion-2\\\/\",\"url\":\"https:\\\/\\\/suelosport.com\\\/pt-pt\\\/producto\\\/pack-musculacion-2\\\/\",\"name\":\"Pack musculaci\u00f3n 2 | Suelosport - Suelos Deportivos\",\"isPartOf\":{\"@id\":\"https:\\\/\\\/suelosport.com\\\/pt-pt\\\/#website\"},\"primaryImageOfPage\":{\"@id\":\"https:\\\/\\\/suelosport.com\\\/pt-pt\\\/producto\\\/pack-musculacion-2\\\/#primaryimage\"},\"image\":{\"@id\":\"https:\\\/\\\/suelosport.com\\\/pt-pt\\\/producto\\\/pack-musculacion-2\\\/#primaryimage\"},\"thumbnailUrl\":\"https:\\\/\\\/suelosport.com\\\/wp-content\\\/uploads\\\/2024\\\/04\\\/COMUNES-1-PhotoRoom.png\",\"datePublished\":\"2024-04-15T08:58:06+00:00\",\"dateModified\":\"2026-01-22T11:35:26+00:00\",\"breadcrumb\":{\"@id\":\"https:\\\/\\\/suelosport.com\\\/pt-pt\\\/producto\\\/pack-musculacion-2\\\/#breadcrumb\"},\"inLanguage\":\"pt-PT\",\"potentialAction\":[{\"@type\":\"ReadAction\",\"target\":[\"https:\\\/\\\/suelosport.com\\\/pt-pt\\\/producto\\\/pack-musculacion-2\\\/\"]}]},{\"@type\":\"ImageObject\",\"inLanguage\":\"pt-PT\",\"@id\":\"https:\\\/\\\/suelosport.com\\\/pt-pt\\\/producto\\\/pack-musculacion-2\\\/#primaryimage\",\"url\":\"https:\\\/\\\/suelosport.com\\\/wp-content\\\/uploads\\\/2024\\\/04\\\/COMUNES-1-PhotoRoom.png\",\"contentUrl\":\"https:\\\/\\\/suelosport.com\\\/wp-content\\\/uploads\\\/2024\\\/04\\\/COMUNES-1-PhotoRoom.png\",\"width\":2000,\"height\":2000,\"caption\":\"Pack de musculaci\u00f3n que contiene barra ol\u00edmpica, discos bumpers, losetas de caucho y cierres con bloqueo\"},{\"@type\":\"BreadcrumbList\",\"@id\":\"https:\\\/\\\/suelosport.com\\\/pt-pt\\\/producto\\\/pack-musculacion-2\\\/#breadcrumb\",\"itemListElement\":[{\"@type\":\"ListItem\",\"position\":1,\"name\":\"Portada\",\"item\":\"https:\\\/\\\/suelosport.com\\\/pt-pt\\\/\"},{\"@type\":\"ListItem\",\"position\":2,\"name\":\"Tienda\",\"item\":\"https:\\\/\\\/suelosport.com\\\/tienda\\\/\"},{\"@type\":\"ListItem\",\"position\":3,\"name\":\"Pack musculaci\u00f3n 2\"}]},{\"@type\":\"WebSite\",\"@id\":\"https:\\\/\\\/suelosport.com\\\/pt-pt\\\/#website\",\"url\":\"https:\\\/\\\/suelosport.com\\\/pt-pt\\\/\",\"name\":\"Suelosport - Suelos Deportivos\",\"description\":\"Suelos para gimnasios, suelos de goma, losetas y suelos antideslizantes\",\"publisher\":{\"@id\":\"https:\\\/\\\/suelosport.com\\\/pt-pt\\\/#organization\"},\"potentialAction\":[{\"@type\":\"SearchAction\",\"target\":{\"@type\":\"EntryPoint\",\"urlTemplate\":\"https:\\\/\\\/suelosport.com\\\/pt-pt\\\/?s={search_term_string}\"},\"query-input\":{\"@type\":\"PropertyValueSpecification\",\"valueRequired\":true,\"valueName\":\"search_term_string\"}}],\"inLanguage\":\"pt-PT\"},{\"@type\":\"Organization\",\"@id\":\"https:\\\/\\\/suelosport.com\\\/pt-pt\\\/#organization\",\"name\":\"Suelosport\",\"url\":\"https:\\\/\\\/suelosport.com\\\/pt-pt\\\/\",\"logo\":{\"@type\":\"ImageObject\",\"inLanguage\":\"pt-PT\",\"@id\":\"https:\\\/\\\/suelosport.com\\\/pt-pt\\\/#\\\/schema\\\/logo\\\/image\\\/\",\"url\":\"https:\\\/\\\/suelosport.com\\\/wp-content\\\/uploads\\\/2018\\\/03\\\/logo-suelosport.png\",\"contentUrl\":\"https:\\\/\\\/suelosport.com\\\/wp-content\\\/uploads\\\/2018\\\/03\\\/logo-suelosport.png\",\"width\":300,\"height\":67,\"caption\":\"Suelosport\"},\"image\":{\"@id\":\"https:\\\/\\\/suelosport.com\\\/pt-pt\\\/#\\\/schema\\\/logo\\\/image\\\/\"},\"sameAs\":[\"https:\\\/\\\/www.facebook.com\\\/Suelosport-2042694182686080\\\/\",\"https:\\\/\\\/www.linkedin.com\\\/company\\\/suelosport\\\/\",\"https:\\\/\\\/www.youtube.com\\\/channel\\\/UC1eoryUxD4Fw7f1m5wx_vFg?view_as=subscriber\"]}]}<\/script>\n<!-- \/ Yoast SEO plugin. -->","yoast_head_json":{"title":"Pack musculaci\u00f3n 2 | Suelosport - Suelos Deportivos","robots":{"index":"index","follow":"follow","max-snippet":"max-snippet:-1","max-image-preview":"max-image-preview:large","max-video-preview":"max-video-preview:-1"},"canonical":"https:\/\/suelosport.com\/pt-pt\/producto\/pack-musculacion-2\/","og_locale":"pt_PT","og_type":"article","og_title":"Pack musculaci\u00f3n 2 | Suelosport - Suelos Deportivos","og_description":"Contiene:   1 Barra ol\u00edmpica de 20 kg.  5 pares de Discos (De 5 a 25 kg).  1 Par Cierre con bloqueo.  6 Losetas de caucho de alta densidad Premium Xtreme 100 x 100 x 1,5 cm.  Para cambiar alg\u00fan material, contacta con nosotros a trav\u00e9s del bot\u00f3n\u00a0 \"Solicitar presupuesto\" o de WhatsApp","og_url":"https:\/\/suelosport.com\/pt-pt\/producto\/pack-musculacion-2\/","og_site_name":"Suelosport - Suelos Deportivos","article_publisher":"https:\/\/www.facebook.com\/Suelosport-2042694182686080\/","article_modified_time":"2026-01-22T11:35:26+00:00","og_image":[{"width":2000,"height":2000,"url":"https:\/\/suelosport.com\/wp-content\/uploads\/2024\/04\/COMUNES-1-PhotoRoom.png","type":"image\/png"}],"twitter_card":"summary_large_image","twitter_misc":{"Tempo estimado de leitura":"1 minuto"},"schema":{"@context":"https:\/\/schema.org","@graph":[{"@type":["WebPage","ItemPage"],"@id":"https:\/\/suelosport.com\/pt-pt\/producto\/pack-musculacion-2\/","url":"https:\/\/suelosport.com\/pt-pt\/producto\/pack-musculacion-2\/","name":"Pack musculaci\u00f3n 2 | Suelosport - Suelos Deportivos","isPartOf":{"@id":"https:\/\/suelosport.com\/pt-pt\/#website"},"primaryImageOfPage":{"@id":"https:\/\/suelosport.com\/pt-pt\/producto\/pack-musculacion-2\/#primaryimage"},"image":{"@id":"https:\/\/suelosport.com\/pt-pt\/producto\/pack-musculacion-2\/#primaryimage"},"thumbnailUrl":"https:\/\/suelosport.com\/wp-content\/uploads\/2024\/04\/COMUNES-1-PhotoRoom.png","datePublished":"2024-04-15T08:58:06+00:00","dateModified":"2026-01-22T11:35:26+00:00","breadcrumb":{"@id":"https:\/\/suelosport.com\/pt-pt\/producto\/pack-musculacion-2\/#breadcrumb"},"inLanguage":"pt-PT","potentialAction":[{"@type":"ReadAction","target":["https:\/\/suelosport.com\/pt-pt\/producto\/pack-musculacion-2\/"]}]},{"@type":"ImageObject","inLanguage":"pt-PT","@id":"https:\/\/suelosport.com\/pt-pt\/producto\/pack-musculacion-2\/#primaryimage","url":"https:\/\/suelosport.com\/wp-content\/uploads\/2024\/04\/COMUNES-1-PhotoRoom.png","contentUrl":"https:\/\/suelosport.com\/wp-content\/uploads\/2024\/04\/COMUNES-1-PhotoRoom.png","width":2000,"height":2000,"caption":"Pack de musculaci\u00f3n que contiene barra ol\u00edmpica, discos bumpers, losetas de caucho y cierres con bloqueo"},{"@type":"BreadcrumbList","@id":"https:\/\/suelosport.com\/pt-pt\/producto\/pack-musculacion-2\/#breadcrumb","itemListElement":[{"@type":"ListItem","position":1,"name":"Portada","item":"https:\/\/suelosport.com\/pt-pt\/"},{"@type":"ListItem","position":2,"name":"Tienda","item":"https:\/\/suelosport.com\/tienda\/"},{"@type":"ListItem","position":3,"name":"Pack musculaci\u00f3n 2"}]},{"@type":"WebSite","@id":"https:\/\/suelosport.com\/pt-pt\/#website","url":"https:\/\/suelosport.com\/pt-pt\/","name":"Suelosport - Suelos Deportivos","description":"Suelos para gimnasios, suelos de goma, losetas y suelos antideslizantes","publisher":{"@id":"https:\/\/suelosport.com\/pt-pt\/#organization"},"potentialAction":[{"@type":"SearchAction","target":{"@type":"EntryPoint","urlTemplate":"https:\/\/suelosport.com\/pt-pt\/?s={search_term_string}"},"query-input":{"@type":"PropertyValueSpecification","valueRequired":true,"valueName":"search_term_string"}}],"inLanguage":"pt-PT"},{"@type":"Organization","@id":"https:\/\/suelosport.com\/pt-pt\/#organization","name":"Suelosport","url":"https:\/\/suelosport.com\/pt-pt\/","logo":{"@type":"ImageObject","inLanguage":"pt-PT","@id":"https:\/\/suelosport.com\/pt-pt\/#\/schema\/logo\/image\/","url":"https:\/\/suelosport.com\/wp-content\/uploads\/2018\/03\/logo-suelosport.png","contentUrl":"https:\/\/suelosport.com\/wp-content\/uploads\/2018\/03\/logo-suelosport.png","width":300,"height":67,"caption":"Suelosport"},"image":{"@id":"https:\/\/suelosport.com\/pt-pt\/#\/schema\/logo\/image\/"},"sameAs":["https:\/\/www.facebook.com\/Suelosport-2042694182686080\/","https:\/\/www.linkedin.com\/company\/suelosport\/","https:\/\/www.youtube.com\/channel\/UC1eoryUxD4Fw7f1m5wx_vFg?view_as=subscriber"]}]}},"_links":{"self":[{"href":"https:\/\/suelosport.com\/pt-pt\/wp-json\/wp\/v2\/product\/59577","targetHints":{"allow":["GET"]}}],"collection":[{"href":"https:\/\/suelosport.com\/pt-pt\/wp-json\/wp\/v2\/product"}],"about":[{"href":"https:\/\/suelosport.com\/pt-pt\/wp-json\/wp\/v2\/types\/product"}],"replies":[{"embeddable":true,"href":"https:\/\/suelosport.com\/pt-pt\/wp-json\/wp\/v2\/comments?post=59577"}],"wp:featuredmedia":[{"embeddable":true,"href":"https:\/\/suelosport.com\/pt-pt\/wp-json\/wp\/v2\/media\/59578"}],"wp:attachment":[{"href":"https:\/\/suelosport.com\/pt-pt\/wp-json\/wp\/v2\/media?parent=59577"}],"wp:term":[{"taxonomy":"product_brand","embeddable":true,"href":"https:\/\/suelosport.com\/pt-pt\/wp-json\/wp\/v2\/product_brand?post=59577"},{"taxonomy":"product_cat","embeddable":true,"href":"https:\/\/suelosport.com\/pt-pt\/wp-json\/wp\/v2\/product_cat?post=59577"},{"taxonomy":"product_tag","embeddable":true,"href":"https:\/\/suelosport.com\/pt-pt\/wp-json\/wp\/v2\/product_tag?post=59577"}],"curies":[{"name":"wp","href":"https:\/\/api.w.org\/{rel}","templated":true}]}}