{"id":59572,"date":"2024-04-15T09:38:43","date_gmt":"2024-04-15T08:38:43","guid":{"rendered":"https:\/\/suelosport.com\/?post_type=product&#038;p=59572"},"modified":"2026-01-22T12:35:35","modified_gmt":"2026-01-22T11:35:35","slug":"pack-crosstraining-1","status":"publish","type":"product","link":"https:\/\/suelosport.com\/pt-pt\/producto\/pack-crosstraining-1\/","title":{"rendered":"Pack crosstraining 1"},"content":{"rendered":"<p>Presentamos el kit esencial de entrenamiento integral para brindarte versatilidad, eficacia y variedad en cada sesi\u00f3n de actividad f\u00edsica. Incluye:<\/p>\n<p><strong>Rueda de ejercicios abdominales<\/strong>, una herramienta clave para fortalecer y tonificar los m\u00fasculos del abdomen. Su dise\u00f1o ergon\u00f3mico y resistente te permite llevar a cabo rutinas efectivas para el core, potenciando tu equilibrio y estabilidad.<\/p>\n<p><strong>Juego de pesas rusas<\/strong> (10, 12 y 16kg), dise\u00f1ado para ajustar la intensidad de tus rutinas seg\u00fan tus objetivos y requisitos. Estas pesas son ideales para ejercicios de fuerza funcional, mejorando tu resistencia, coordinaci\u00f3n y potencia muscular.<\/p>\n<p><strong>Equipo de suspensi\u00f3n (TRX)<\/strong>, que te brinda la oportunidad de realizar ejercicios de cuerpo completo utilizando \u00fanicamente tu peso corporal. Con su versatilidad, podr\u00e1s realizar desde ejercicios de fuerza hasta mejorar tu flexibilidad, garantizando una experiencia completa de entrenamiento cruzado.<\/p>\n<p><strong>Juego de bandas de resistencia<\/strong> (6 unidades con diferentes niveles de intensidad), el complemento perfecto para a\u00f1adir desaf\u00edo a tus sesiones de ejercicio. Con una variedad de niveles de resistencia, estas bandas te permiten personalizar tu entrenamiento, trabajando diferentes grupos musculares y fortaleciendo tu cuerpo de forma gradual.<\/p>\n<p><strong>Para consultar disponibilidad de materiales alternativos, cont\u00e1ctanos a trav\u00e9s del bot\u00f3n &#8220;Solicitar presupuesto&#8221; o mediante WhatsApp.<\/strong><\/p>\n","protected":false},"excerpt":{"rendered":"<p>Este pack incluye:<\/p>\n<ul>\n<li>1 Rueda abdominal<\/li>\n<li>1 Set de Kettlebells (10, 12 y 16 kg)<\/li>\n<li>1 TRX<\/li>\n<li>1 Set de bandas el\u00e1sticas (6 unidades de diferentes resistencias)<\/li>\n<\/ul>\n<p>Para <strong>cambiar alg\u00fan material<\/strong>, contacta con nosotros a trav\u00e9s de<strong> &#8220;Solicitar presupuesto&#8221;<\/strong> o de WhatsApp<\/p>\n<a href=\"\/contacto\/\" class=\"button primary is-primary is-medium\" >\n\t\t<span>SOLICITAR PRESUPUESTO<\/span>\n\t<\/a>\n\n","protected":false},"featured_media":59573,"comment_status":"open","ping_status":"closed","template":"","meta":{"inline_featured_image":false},"product_brand":[],"product_cat":[1908,1906],"product_tag":[],"class_list":{"0":"post-59572","1":"product","2":"type-product","3":"status-publish","4":"has-post-thumbnail","6":"product_cat-packs-crosstraining","7":"product_cat-accesorios-fitness","8":"product_shipping_class-todosmenossuelos","10":"first","11":"instock","12":"sale","13":"taxable","14":"shipping-taxable","15":"purchasable","16":"product-type-simple"},"yoast_head":"<!-- This site is optimized with the Yoast SEO plugin v27.4 - https:\/\/yoast.com\/product\/yoast-seo-wordpress\/ -->\n<title>Pack crosstraining 1 | Suelosport - Suelos Deportivos<\/title>\n<meta name=\"robots\" content=\"index, follow, max-snippet:-1, max-image-preview:large, max-video-preview:-1\" \/>\n<link rel=\"canonical\" href=\"https:\/\/suelosport.com\/pt-pt\/producto\/pack-crosstraining-1\/\" \/>\n<meta property=\"og:locale\" content=\"pt_PT\" \/>\n<meta property=\"og:type\" content=\"article\" \/>\n<meta property=\"og:title\" content=\"Pack crosstraining 1 | Suelosport - Suelos Deportivos\" \/>\n<meta property=\"og:description\" content=\"Este pack incluye:   1 Rueda abdominal  1 Set de Kettlebells (10, 12 y 16 kg)  1 TRX  1 Set de bandas el\u00e1sticas (6 unidades de diferentes resistencias)  Para cambiar alg\u00fan material, contacta con nosotros a trav\u00e9s de &quot;Solicitar presupuesto&quot; o de WhatsApp\" \/>\n<meta property=\"og:url\" content=\"https:\/\/suelosport.com\/pt-pt\/producto\/pack-crosstraining-1\/\" \/>\n<meta property=\"og:site_name\" content=\"Suelosport - Suelos Deportivos\" \/>\n<meta property=\"article:publisher\" content=\"https:\/\/www.facebook.com\/Suelosport-2042694182686080\/\" \/>\n<meta property=\"article:modified_time\" content=\"2026-01-22T11:35:35+00:00\" \/>\n<meta property=\"og:image\" content=\"https:\/\/suelosport.com\/wp-content\/uploads\/2024\/04\/pack-crosstraining-1-.png\" \/>\n\t<meta property=\"og:image:width\" content=\"750\" \/>\n\t<meta property=\"og:image:height\" content=\"750\" \/>\n\t<meta property=\"og:image:type\" content=\"image\/png\" \/>\n<meta name=\"twitter:card\" content=\"summary_large_image\" \/>\n<meta name=\"twitter:label1\" content=\"Tempo estimado de leitura\" \/>\n\t<meta name=\"twitter:data1\" content=\"2 minutos\" \/>\n<script type=\"application\/ld+json\" class=\"yoast-schema-graph\">{\"@context\":\"https:\\\/\\\/schema.org\",\"@graph\":[{\"@type\":[\"WebPage\",\"ItemPage\"],\"@id\":\"https:\\\/\\\/suelosport.com\\\/pt-pt\\\/producto\\\/pack-crosstraining-1\\\/\",\"url\":\"https:\\\/\\\/suelosport.com\\\/pt-pt\\\/producto\\\/pack-crosstraining-1\\\/\",\"name\":\"Pack crosstraining 1 | Suelosport - Suelos Deportivos\",\"isPartOf\":{\"@id\":\"https:\\\/\\\/suelosport.com\\\/pt-pt\\\/#website\"},\"primaryImageOfPage\":{\"@id\":\"https:\\\/\\\/suelosport.com\\\/pt-pt\\\/producto\\\/pack-crosstraining-1\\\/#primaryimage\"},\"image\":{\"@id\":\"https:\\\/\\\/suelosport.com\\\/pt-pt\\\/producto\\\/pack-crosstraining-1\\\/#primaryimage\"},\"thumbnailUrl\":\"https:\\\/\\\/suelosport.com\\\/wp-content\\\/uploads\\\/2024\\\/04\\\/pack-crosstraining-1-.png\",\"datePublished\":\"2024-04-15T08:38:43+00:00\",\"dateModified\":\"2026-01-22T11:35:35+00:00\",\"breadcrumb\":{\"@id\":\"https:\\\/\\\/suelosport.com\\\/pt-pt\\\/producto\\\/pack-crosstraining-1\\\/#breadcrumb\"},\"inLanguage\":\"pt-PT\",\"potentialAction\":[{\"@type\":\"ReadAction\",\"target\":[\"https:\\\/\\\/suelosport.com\\\/pt-pt\\\/producto\\\/pack-crosstraining-1\\\/\"]}]},{\"@type\":\"ImageObject\",\"inLanguage\":\"pt-PT\",\"@id\":\"https:\\\/\\\/suelosport.com\\\/pt-pt\\\/producto\\\/pack-crosstraining-1\\\/#primaryimage\",\"url\":\"https:\\\/\\\/suelosport.com\\\/wp-content\\\/uploads\\\/2024\\\/04\\\/pack-crosstraining-1-.png\",\"contentUrl\":\"https:\\\/\\\/suelosport.com\\\/wp-content\\\/uploads\\\/2024\\\/04\\\/pack-crosstraining-1-.png\",\"width\":750,\"height\":750,\"caption\":\"PAck de crosstraining con pesas rusas, bandas el\u00e1sticas, rueda abdominal y TRX\"},{\"@type\":\"BreadcrumbList\",\"@id\":\"https:\\\/\\\/suelosport.com\\\/pt-pt\\\/producto\\\/pack-crosstraining-1\\\/#breadcrumb\",\"itemListElement\":[{\"@type\":\"ListItem\",\"position\":1,\"name\":\"Portada\",\"item\":\"https:\\\/\\\/suelosport.com\\\/pt-pt\\\/\"},{\"@type\":\"ListItem\",\"position\":2,\"name\":\"Tienda\",\"item\":\"https:\\\/\\\/suelosport.com\\\/tienda\\\/\"},{\"@type\":\"ListItem\",\"position\":3,\"name\":\"Pack crosstraining 1\"}]},{\"@type\":\"WebSite\",\"@id\":\"https:\\\/\\\/suelosport.com\\\/pt-pt\\\/#website\",\"url\":\"https:\\\/\\\/suelosport.com\\\/pt-pt\\\/\",\"name\":\"Suelosport - Suelos Deportivos\",\"description\":\"Suelos para gimnasios, suelos de goma, losetas y suelos antideslizantes\",\"publisher\":{\"@id\":\"https:\\\/\\\/suelosport.com\\\/pt-pt\\\/#organization\"},\"potentialAction\":[{\"@type\":\"SearchAction\",\"target\":{\"@type\":\"EntryPoint\",\"urlTemplate\":\"https:\\\/\\\/suelosport.com\\\/pt-pt\\\/?s={search_term_string}\"},\"query-input\":{\"@type\":\"PropertyValueSpecification\",\"valueRequired\":true,\"valueName\":\"search_term_string\"}}],\"inLanguage\":\"pt-PT\"},{\"@type\":\"Organization\",\"@id\":\"https:\\\/\\\/suelosport.com\\\/pt-pt\\\/#organization\",\"name\":\"Suelosport\",\"url\":\"https:\\\/\\\/suelosport.com\\\/pt-pt\\\/\",\"logo\":{\"@type\":\"ImageObject\",\"inLanguage\":\"pt-PT\",\"@id\":\"https:\\\/\\\/suelosport.com\\\/pt-pt\\\/#\\\/schema\\\/logo\\\/image\\\/\",\"url\":\"https:\\\/\\\/suelosport.com\\\/wp-content\\\/uploads\\\/2018\\\/03\\\/logo-suelosport.png\",\"contentUrl\":\"https:\\\/\\\/suelosport.com\\\/wp-content\\\/uploads\\\/2018\\\/03\\\/logo-suelosport.png\",\"width\":300,\"height\":67,\"caption\":\"Suelosport\"},\"image\":{\"@id\":\"https:\\\/\\\/suelosport.com\\\/pt-pt\\\/#\\\/schema\\\/logo\\\/image\\\/\"},\"sameAs\":[\"https:\\\/\\\/www.facebook.com\\\/Suelosport-2042694182686080\\\/\",\"https:\\\/\\\/www.linkedin.com\\\/company\\\/suelosport\\\/\",\"https:\\\/\\\/www.youtube.com\\\/channel\\\/UC1eoryUxD4Fw7f1m5wx_vFg?view_as=subscriber\"]}]}<\/script>\n<!-- \/ Yoast SEO plugin. -->","yoast_head_json":{"title":"Pack crosstraining 1 | Suelosport - Suelos Deportivos","robots":{"index":"index","follow":"follow","max-snippet":"max-snippet:-1","max-image-preview":"max-image-preview:large","max-video-preview":"max-video-preview:-1"},"canonical":"https:\/\/suelosport.com\/pt-pt\/producto\/pack-crosstraining-1\/","og_locale":"pt_PT","og_type":"article","og_title":"Pack crosstraining 1 | Suelosport - Suelos Deportivos","og_description":"Este pack incluye:   1 Rueda abdominal  1 Set de Kettlebells (10, 12 y 16 kg)  1 TRX  1 Set de bandas el\u00e1sticas (6 unidades de diferentes resistencias)  Para cambiar alg\u00fan material, contacta con nosotros a trav\u00e9s de \"Solicitar presupuesto\" o de WhatsApp","og_url":"https:\/\/suelosport.com\/pt-pt\/producto\/pack-crosstraining-1\/","og_site_name":"Suelosport - Suelos Deportivos","article_publisher":"https:\/\/www.facebook.com\/Suelosport-2042694182686080\/","article_modified_time":"2026-01-22T11:35:35+00:00","og_image":[{"width":750,"height":750,"url":"https:\/\/suelosport.com\/wp-content\/uploads\/2024\/04\/pack-crosstraining-1-.png","type":"image\/png"}],"twitter_card":"summary_large_image","twitter_misc":{"Tempo estimado de leitura":"2 minutos"},"schema":{"@context":"https:\/\/schema.org","@graph":[{"@type":["WebPage","ItemPage"],"@id":"https:\/\/suelosport.com\/pt-pt\/producto\/pack-crosstraining-1\/","url":"https:\/\/suelosport.com\/pt-pt\/producto\/pack-crosstraining-1\/","name":"Pack crosstraining 1 | Suelosport - Suelos Deportivos","isPartOf":{"@id":"https:\/\/suelosport.com\/pt-pt\/#website"},"primaryImageOfPage":{"@id":"https:\/\/suelosport.com\/pt-pt\/producto\/pack-crosstraining-1\/#primaryimage"},"image":{"@id":"https:\/\/suelosport.com\/pt-pt\/producto\/pack-crosstraining-1\/#primaryimage"},"thumbnailUrl":"https:\/\/suelosport.com\/wp-content\/uploads\/2024\/04\/pack-crosstraining-1-.png","datePublished":"2024-04-15T08:38:43+00:00","dateModified":"2026-01-22T11:35:35+00:00","breadcrumb":{"@id":"https:\/\/suelosport.com\/pt-pt\/producto\/pack-crosstraining-1\/#breadcrumb"},"inLanguage":"pt-PT","potentialAction":[{"@type":"ReadAction","target":["https:\/\/suelosport.com\/pt-pt\/producto\/pack-crosstraining-1\/"]}]},{"@type":"ImageObject","inLanguage":"pt-PT","@id":"https:\/\/suelosport.com\/pt-pt\/producto\/pack-crosstraining-1\/#primaryimage","url":"https:\/\/suelosport.com\/wp-content\/uploads\/2024\/04\/pack-crosstraining-1-.png","contentUrl":"https:\/\/suelosport.com\/wp-content\/uploads\/2024\/04\/pack-crosstraining-1-.png","width":750,"height":750,"caption":"PAck de crosstraining con pesas rusas, bandas el\u00e1sticas, rueda abdominal y TRX"},{"@type":"BreadcrumbList","@id":"https:\/\/suelosport.com\/pt-pt\/producto\/pack-crosstraining-1\/#breadcrumb","itemListElement":[{"@type":"ListItem","position":1,"name":"Portada","item":"https:\/\/suelosport.com\/pt-pt\/"},{"@type":"ListItem","position":2,"name":"Tienda","item":"https:\/\/suelosport.com\/tienda\/"},{"@type":"ListItem","position":3,"name":"Pack crosstraining 1"}]},{"@type":"WebSite","@id":"https:\/\/suelosport.com\/pt-pt\/#website","url":"https:\/\/suelosport.com\/pt-pt\/","name":"Suelosport - Suelos Deportivos","description":"Suelos para gimnasios, suelos de goma, losetas y suelos antideslizantes","publisher":{"@id":"https:\/\/suelosport.com\/pt-pt\/#organization"},"potentialAction":[{"@type":"SearchAction","target":{"@type":"EntryPoint","urlTemplate":"https:\/\/suelosport.com\/pt-pt\/?s={search_term_string}"},"query-input":{"@type":"PropertyValueSpecification","valueRequired":true,"valueName":"search_term_string"}}],"inLanguage":"pt-PT"},{"@type":"Organization","@id":"https:\/\/suelosport.com\/pt-pt\/#organization","name":"Suelosport","url":"https:\/\/suelosport.com\/pt-pt\/","logo":{"@type":"ImageObject","inLanguage":"pt-PT","@id":"https:\/\/suelosport.com\/pt-pt\/#\/schema\/logo\/image\/","url":"https:\/\/suelosport.com\/wp-content\/uploads\/2018\/03\/logo-suelosport.png","contentUrl":"https:\/\/suelosport.com\/wp-content\/uploads\/2018\/03\/logo-suelosport.png","width":300,"height":67,"caption":"Suelosport"},"image":{"@id":"https:\/\/suelosport.com\/pt-pt\/#\/schema\/logo\/image\/"},"sameAs":["https:\/\/www.facebook.com\/Suelosport-2042694182686080\/","https:\/\/www.linkedin.com\/company\/suelosport\/","https:\/\/www.youtube.com\/channel\/UC1eoryUxD4Fw7f1m5wx_vFg?view_as=subscriber"]}]}},"_links":{"self":[{"href":"https:\/\/suelosport.com\/pt-pt\/wp-json\/wp\/v2\/product\/59572","targetHints":{"allow":["GET"]}}],"collection":[{"href":"https:\/\/suelosport.com\/pt-pt\/wp-json\/wp\/v2\/product"}],"about":[{"href":"https:\/\/suelosport.com\/pt-pt\/wp-json\/wp\/v2\/types\/product"}],"replies":[{"embeddable":true,"href":"https:\/\/suelosport.com\/pt-pt\/wp-json\/wp\/v2\/comments?post=59572"}],"wp:featuredmedia":[{"embeddable":true,"href":"https:\/\/suelosport.com\/pt-pt\/wp-json\/wp\/v2\/media\/59573"}],"wp:attachment":[{"href":"https:\/\/suelosport.com\/pt-pt\/wp-json\/wp\/v2\/media?parent=59572"}],"wp:term":[{"taxonomy":"product_brand","embeddable":true,"href":"https:\/\/suelosport.com\/pt-pt\/wp-json\/wp\/v2\/product_brand?post=59572"},{"taxonomy":"product_cat","embeddable":true,"href":"https:\/\/suelosport.com\/pt-pt\/wp-json\/wp\/v2\/product_cat?post=59572"},{"taxonomy":"product_tag","embeddable":true,"href":"https:\/\/suelosport.com\/pt-pt\/wp-json\/wp\/v2\/product_tag?post=59572"}],"curies":[{"name":"wp","href":"https:\/\/api.w.org\/{rel}","templated":true}]}}