{"id":59567,"date":"2024-04-15T09:18:16","date_gmt":"2024-04-15T08:18:16","guid":{"rendered":"https:\/\/suelosport.com\/?post_type=product&#038;p=59567"},"modified":"2026-01-22T12:34:13","modified_gmt":"2026-01-22T11:34:13","slug":"pack-fitness-2","status":"publish","type":"product","link":"https:\/\/suelosport.com\/pt-pt\/producto\/pack-fitness-2\/","title":{"rendered":"Pack fitness 2"},"content":{"rendered":"<p>Eleva la energ\u00eda de tus sesiones de ejercicio en casa con el Combo Fitness 2, que consta de:<\/p>\n<p><strong>Juego de pesas<\/strong> de vinilo en variedad de pesos (1, 2, 3, 4 y 5 kg), permitiendo que ajustes la resistencia seg\u00fan tus necesidades en cada movimiento.<\/p>\n<p><strong>Plataforma de equilibrio<\/strong> meticulosamente dise\u00f1ada, que a\u00f1ade un reto extra a tus rutinas, mejorando la estabilidad y fortaleciendo los m\u00fasculos centrales.<\/p>\n<p><strong>Step<\/strong>, ideal para intensificar tu entrenamiento cardiovascular y esculpir tus piernas, ofreciendo una versatilidad adaptable a tus objetivos fitness. Dispone de 3 niveles de inclinaci\u00f3n y 2 alturas (Medidas altura 1: 111 x 32 x 20 cm, Medidas altura 2: 111 x 32 x 35 cm).<\/p>\n<p><strong>Set de 4 bandas el\u00e1sticas mini<\/strong> de distintas resistencias, proporcion\u00e1ndote la herramienta perfecta para entrenamientos de fuerza, dirigidos a diferentes grupos musculares con facilidad.<\/p>\n<p><strong>Para modificar alg\u00fan componente, no dudes en contactarnos a trav\u00e9s del bot\u00f3n &#8220;Solicitar presupuesto&#8221; o por WhatsApp.<\/strong><\/p>\n<p>Este conjunto no solo ofrece una variedad extensa de ejercicios, sino que tambi\u00e9n se adapta a usuarios de todos los niveles, desde principiantes hasta entusiastas avanzados.<\/p>\n<p>Haz de tu hogar tu propio centro de fitness personal y lleva tus objetivos de salud al pr\u00f3ximo nivel.<\/p>\n","protected":false},"excerpt":{"rendered":"<p>El pack contiene:<\/p>\n<ul>\n<li>1 Set de mancuernas de vinilo de 1 a 5 kg<\/li>\n<li>1 Plataforma de equilibrio<\/li>\n<li>1 Step con 3 niveles de inclinaci\u00f3n y 2 alturas.<\/li>\n<li>1 Set de mini bandas el\u00e1sticas. (4 unidades de diferentes resistencias)<\/li>\n<\/ul>\n<p>Para <strong>cambiar alg\u00fan material<\/strong>, contacta con nosotros a trav\u00e9s del bot\u00f3n\u00a0<strong> &#8220;Solicitar presupuesto&#8221;<\/strong> o de <strong>WhatsApp<\/strong><\/p>\n<a href=\"\/contacto\/\" class=\"button primary is-primary is-medium\" >\n\t\t<span>SOLICITAR PRESUPUESTO<\/span>\n\t<\/a>\n\n","protected":false},"featured_media":59569,"comment_status":"open","ping_status":"closed","template":"","meta":{"inline_featured_image":false},"product_brand":[],"product_cat":[1906,1907],"product_tag":[],"class_list":{"0":"post-59567","1":"product","2":"type-product","3":"status-publish","4":"has-post-thumbnail","6":"product_cat-accesorios-fitness","7":"product_cat-packs-fitness","8":"product_shipping_class-todosmenossuelos","10":"first","11":"instock","12":"sale","13":"taxable","14":"shipping-taxable","15":"purchasable","16":"product-type-simple"},"yoast_head":"<!-- This site is optimized with the Yoast SEO plugin v27.4 - https:\/\/yoast.com\/product\/yoast-seo-wordpress\/ -->\n<title>Pack fitness 2 | Suelosport - Suelos Deportivos<\/title>\n<meta name=\"robots\" content=\"index, follow, max-snippet:-1, max-image-preview:large, max-video-preview:-1\" \/>\n<link rel=\"canonical\" href=\"https:\/\/suelosport.com\/pt-pt\/producto\/pack-fitness-2\/\" \/>\n<meta property=\"og:locale\" content=\"pt_PT\" \/>\n<meta property=\"og:type\" content=\"article\" \/>\n<meta property=\"og:title\" content=\"Pack fitness 2 | Suelosport - Suelos Deportivos\" \/>\n<meta property=\"og:description\" content=\"El pack contiene:   1 Set de mancuernas de vinilo de 1 a 5 kg  1 Plataforma de equilibrio  1 Step con 3 niveles de inclinaci\u00f3n y 2 alturas.  1 Set de mini bandas el\u00e1sticas. (4 unidades de diferentes resistencias)  Para cambiar alg\u00fan material, contacta con nosotros a trav\u00e9s del bot\u00f3n\u00a0 &quot;Solicitar presupuesto&quot; o de WhatsApp\" \/>\n<meta property=\"og:url\" content=\"https:\/\/suelosport.com\/pt-pt\/producto\/pack-fitness-2\/\" \/>\n<meta property=\"og:site_name\" content=\"Suelosport - Suelos Deportivos\" \/>\n<meta property=\"article:publisher\" content=\"https:\/\/www.facebook.com\/Suelosport-2042694182686080\/\" \/>\n<meta property=\"article:modified_time\" content=\"2026-01-22T11:34:13+00:00\" \/>\n<meta property=\"og:image\" content=\"https:\/\/suelosport.com\/wp-content\/uploads\/2024\/04\/set-fitness-2-fondo-blanco-1.jpg\" \/>\n\t<meta property=\"og:image:width\" content=\"900\" \/>\n\t<meta property=\"og:image:height\" content=\"736\" \/>\n\t<meta property=\"og:image:type\" content=\"image\/jpeg\" \/>\n<meta name=\"twitter:card\" content=\"summary_large_image\" \/>\n<meta name=\"twitter:label1\" content=\"Tempo estimado de leitura\" \/>\n\t<meta name=\"twitter:data1\" content=\"2 minutos\" \/>\n<script type=\"application\/ld+json\" class=\"yoast-schema-graph\">{\"@context\":\"https:\\\/\\\/schema.org\",\"@graph\":[{\"@type\":[\"WebPage\",\"ItemPage\"],\"@id\":\"https:\\\/\\\/suelosport.com\\\/pt-pt\\\/producto\\\/pack-fitness-2\\\/\",\"url\":\"https:\\\/\\\/suelosport.com\\\/pt-pt\\\/producto\\\/pack-fitness-2\\\/\",\"name\":\"Pack fitness 2 | Suelosport - Suelos Deportivos\",\"isPartOf\":{\"@id\":\"https:\\\/\\\/suelosport.com\\\/pt-pt\\\/#website\"},\"primaryImageOfPage\":{\"@id\":\"https:\\\/\\\/suelosport.com\\\/pt-pt\\\/producto\\\/pack-fitness-2\\\/#primaryimage\"},\"image\":{\"@id\":\"https:\\\/\\\/suelosport.com\\\/pt-pt\\\/producto\\\/pack-fitness-2\\\/#primaryimage\"},\"thumbnailUrl\":\"https:\\\/\\\/suelosport.com\\\/wp-content\\\/uploads\\\/2024\\\/04\\\/set-fitness-2-fondo-blanco-1.jpg\",\"datePublished\":\"2024-04-15T08:18:16+00:00\",\"dateModified\":\"2026-01-22T11:34:13+00:00\",\"breadcrumb\":{\"@id\":\"https:\\\/\\\/suelosport.com\\\/pt-pt\\\/producto\\\/pack-fitness-2\\\/#breadcrumb\"},\"inLanguage\":\"pt-PT\",\"potentialAction\":[{\"@type\":\"ReadAction\",\"target\":[\"https:\\\/\\\/suelosport.com\\\/pt-pt\\\/producto\\\/pack-fitness-2\\\/\"]}]},{\"@type\":\"ImageObject\",\"inLanguage\":\"pt-PT\",\"@id\":\"https:\\\/\\\/suelosport.com\\\/pt-pt\\\/producto\\\/pack-fitness-2\\\/#primaryimage\",\"url\":\"https:\\\/\\\/suelosport.com\\\/wp-content\\\/uploads\\\/2024\\\/04\\\/set-fitness-2-fondo-blanco-1.jpg\",\"contentUrl\":\"https:\\\/\\\/suelosport.com\\\/wp-content\\\/uploads\\\/2024\\\/04\\\/set-fitness-2-fondo-blanco-1.jpg\",\"width\":900,\"height\":736,\"caption\":\"Pack fitness 2 con bandas el\u00e1sticas, mancuernas de vinilo, step y plataforma de equilibrio.\"},{\"@type\":\"BreadcrumbList\",\"@id\":\"https:\\\/\\\/suelosport.com\\\/pt-pt\\\/producto\\\/pack-fitness-2\\\/#breadcrumb\",\"itemListElement\":[{\"@type\":\"ListItem\",\"position\":1,\"name\":\"Portada\",\"item\":\"https:\\\/\\\/suelosport.com\\\/pt-pt\\\/\"},{\"@type\":\"ListItem\",\"position\":2,\"name\":\"Tienda\",\"item\":\"https:\\\/\\\/suelosport.com\\\/tienda\\\/\"},{\"@type\":\"ListItem\",\"position\":3,\"name\":\"Pack fitness 2\"}]},{\"@type\":\"WebSite\",\"@id\":\"https:\\\/\\\/suelosport.com\\\/pt-pt\\\/#website\",\"url\":\"https:\\\/\\\/suelosport.com\\\/pt-pt\\\/\",\"name\":\"Suelosport - Suelos Deportivos\",\"description\":\"Suelos para gimnasios, suelos de goma, losetas y suelos antideslizantes\",\"publisher\":{\"@id\":\"https:\\\/\\\/suelosport.com\\\/pt-pt\\\/#organization\"},\"potentialAction\":[{\"@type\":\"SearchAction\",\"target\":{\"@type\":\"EntryPoint\",\"urlTemplate\":\"https:\\\/\\\/suelosport.com\\\/pt-pt\\\/?s={search_term_string}\"},\"query-input\":{\"@type\":\"PropertyValueSpecification\",\"valueRequired\":true,\"valueName\":\"search_term_string\"}}],\"inLanguage\":\"pt-PT\"},{\"@type\":\"Organization\",\"@id\":\"https:\\\/\\\/suelosport.com\\\/pt-pt\\\/#organization\",\"name\":\"Suelosport\",\"url\":\"https:\\\/\\\/suelosport.com\\\/pt-pt\\\/\",\"logo\":{\"@type\":\"ImageObject\",\"inLanguage\":\"pt-PT\",\"@id\":\"https:\\\/\\\/suelosport.com\\\/pt-pt\\\/#\\\/schema\\\/logo\\\/image\\\/\",\"url\":\"https:\\\/\\\/suelosport.com\\\/wp-content\\\/uploads\\\/2018\\\/03\\\/logo-suelosport.png\",\"contentUrl\":\"https:\\\/\\\/suelosport.com\\\/wp-content\\\/uploads\\\/2018\\\/03\\\/logo-suelosport.png\",\"width\":300,\"height\":67,\"caption\":\"Suelosport\"},\"image\":{\"@id\":\"https:\\\/\\\/suelosport.com\\\/pt-pt\\\/#\\\/schema\\\/logo\\\/image\\\/\"},\"sameAs\":[\"https:\\\/\\\/www.facebook.com\\\/Suelosport-2042694182686080\\\/\",\"https:\\\/\\\/www.linkedin.com\\\/company\\\/suelosport\\\/\",\"https:\\\/\\\/www.youtube.com\\\/channel\\\/UC1eoryUxD4Fw7f1m5wx_vFg?view_as=subscriber\"]}]}<\/script>\n<!-- \/ Yoast SEO plugin. -->","yoast_head_json":{"title":"Pack fitness 2 | Suelosport - Suelos Deportivos","robots":{"index":"index","follow":"follow","max-snippet":"max-snippet:-1","max-image-preview":"max-image-preview:large","max-video-preview":"max-video-preview:-1"},"canonical":"https:\/\/suelosport.com\/pt-pt\/producto\/pack-fitness-2\/","og_locale":"pt_PT","og_type":"article","og_title":"Pack fitness 2 | Suelosport - Suelos Deportivos","og_description":"El pack contiene:   1 Set de mancuernas de vinilo de 1 a 5 kg  1 Plataforma de equilibrio  1 Step con 3 niveles de inclinaci\u00f3n y 2 alturas.  1 Set de mini bandas el\u00e1sticas. (4 unidades de diferentes resistencias)  Para cambiar alg\u00fan material, contacta con nosotros a trav\u00e9s del bot\u00f3n\u00a0 \"Solicitar presupuesto\" o de WhatsApp","og_url":"https:\/\/suelosport.com\/pt-pt\/producto\/pack-fitness-2\/","og_site_name":"Suelosport - Suelos Deportivos","article_publisher":"https:\/\/www.facebook.com\/Suelosport-2042694182686080\/","article_modified_time":"2026-01-22T11:34:13+00:00","og_image":[{"width":900,"height":736,"url":"https:\/\/suelosport.com\/wp-content\/uploads\/2024\/04\/set-fitness-2-fondo-blanco-1.jpg","type":"image\/jpeg"}],"twitter_card":"summary_large_image","twitter_misc":{"Tempo estimado de leitura":"2 minutos"},"schema":{"@context":"https:\/\/schema.org","@graph":[{"@type":["WebPage","ItemPage"],"@id":"https:\/\/suelosport.com\/pt-pt\/producto\/pack-fitness-2\/","url":"https:\/\/suelosport.com\/pt-pt\/producto\/pack-fitness-2\/","name":"Pack fitness 2 | Suelosport - Suelos Deportivos","isPartOf":{"@id":"https:\/\/suelosport.com\/pt-pt\/#website"},"primaryImageOfPage":{"@id":"https:\/\/suelosport.com\/pt-pt\/producto\/pack-fitness-2\/#primaryimage"},"image":{"@id":"https:\/\/suelosport.com\/pt-pt\/producto\/pack-fitness-2\/#primaryimage"},"thumbnailUrl":"https:\/\/suelosport.com\/wp-content\/uploads\/2024\/04\/set-fitness-2-fondo-blanco-1.jpg","datePublished":"2024-04-15T08:18:16+00:00","dateModified":"2026-01-22T11:34:13+00:00","breadcrumb":{"@id":"https:\/\/suelosport.com\/pt-pt\/producto\/pack-fitness-2\/#breadcrumb"},"inLanguage":"pt-PT","potentialAction":[{"@type":"ReadAction","target":["https:\/\/suelosport.com\/pt-pt\/producto\/pack-fitness-2\/"]}]},{"@type":"ImageObject","inLanguage":"pt-PT","@id":"https:\/\/suelosport.com\/pt-pt\/producto\/pack-fitness-2\/#primaryimage","url":"https:\/\/suelosport.com\/wp-content\/uploads\/2024\/04\/set-fitness-2-fondo-blanco-1.jpg","contentUrl":"https:\/\/suelosport.com\/wp-content\/uploads\/2024\/04\/set-fitness-2-fondo-blanco-1.jpg","width":900,"height":736,"caption":"Pack fitness 2 con bandas el\u00e1sticas, mancuernas de vinilo, step y plataforma de equilibrio."},{"@type":"BreadcrumbList","@id":"https:\/\/suelosport.com\/pt-pt\/producto\/pack-fitness-2\/#breadcrumb","itemListElement":[{"@type":"ListItem","position":1,"name":"Portada","item":"https:\/\/suelosport.com\/pt-pt\/"},{"@type":"ListItem","position":2,"name":"Tienda","item":"https:\/\/suelosport.com\/tienda\/"},{"@type":"ListItem","position":3,"name":"Pack fitness 2"}]},{"@type":"WebSite","@id":"https:\/\/suelosport.com\/pt-pt\/#website","url":"https:\/\/suelosport.com\/pt-pt\/","name":"Suelosport - Suelos Deportivos","description":"Suelos para gimnasios, suelos de goma, losetas y suelos antideslizantes","publisher":{"@id":"https:\/\/suelosport.com\/pt-pt\/#organization"},"potentialAction":[{"@type":"SearchAction","target":{"@type":"EntryPoint","urlTemplate":"https:\/\/suelosport.com\/pt-pt\/?s={search_term_string}"},"query-input":{"@type":"PropertyValueSpecification","valueRequired":true,"valueName":"search_term_string"}}],"inLanguage":"pt-PT"},{"@type":"Organization","@id":"https:\/\/suelosport.com\/pt-pt\/#organization","name":"Suelosport","url":"https:\/\/suelosport.com\/pt-pt\/","logo":{"@type":"ImageObject","inLanguage":"pt-PT","@id":"https:\/\/suelosport.com\/pt-pt\/#\/schema\/logo\/image\/","url":"https:\/\/suelosport.com\/wp-content\/uploads\/2018\/03\/logo-suelosport.png","contentUrl":"https:\/\/suelosport.com\/wp-content\/uploads\/2018\/03\/logo-suelosport.png","width":300,"height":67,"caption":"Suelosport"},"image":{"@id":"https:\/\/suelosport.com\/pt-pt\/#\/schema\/logo\/image\/"},"sameAs":["https:\/\/www.facebook.com\/Suelosport-2042694182686080\/","https:\/\/www.linkedin.com\/company\/suelosport\/","https:\/\/www.youtube.com\/channel\/UC1eoryUxD4Fw7f1m5wx_vFg?view_as=subscriber"]}]}},"_links":{"self":[{"href":"https:\/\/suelosport.com\/pt-pt\/wp-json\/wp\/v2\/product\/59567","targetHints":{"allow":["GET"]}}],"collection":[{"href":"https:\/\/suelosport.com\/pt-pt\/wp-json\/wp\/v2\/product"}],"about":[{"href":"https:\/\/suelosport.com\/pt-pt\/wp-json\/wp\/v2\/types\/product"}],"replies":[{"embeddable":true,"href":"https:\/\/suelosport.com\/pt-pt\/wp-json\/wp\/v2\/comments?post=59567"}],"wp:featuredmedia":[{"embeddable":true,"href":"https:\/\/suelosport.com\/pt-pt\/wp-json\/wp\/v2\/media\/59569"}],"wp:attachment":[{"href":"https:\/\/suelosport.com\/pt-pt\/wp-json\/wp\/v2\/media?parent=59567"}],"wp:term":[{"taxonomy":"product_brand","embeddable":true,"href":"https:\/\/suelosport.com\/pt-pt\/wp-json\/wp\/v2\/product_brand?post=59567"},{"taxonomy":"product_cat","embeddable":true,"href":"https:\/\/suelosport.com\/pt-pt\/wp-json\/wp\/v2\/product_cat?post=59567"},{"taxonomy":"product_tag","embeddable":true,"href":"https:\/\/suelosport.com\/pt-pt\/wp-json\/wp\/v2\/product_tag?post=59567"}],"curies":[{"name":"wp","href":"https:\/\/api.w.org\/{rel}","templated":true}]}}