{"id":59528,"date":"2024-04-15T08:59:06","date_gmt":"2024-04-15T07:59:06","guid":{"rendered":"https:\/\/suelosport.com\/?post_type=product&#038;p=59528"},"modified":"2026-01-22T12:32:59","modified_gmt":"2026-01-22T11:32:59","slug":"pack-fitness-1","status":"publish","type":"product","link":"https:\/\/suelosport.com\/pt-pt\/producto\/pack-fitness-1\/","title":{"rendered":"Pack fitness 1"},"content":{"rendered":"<p>Kit de Equipamiento Fitness, una selecci\u00f3n de material para elevar tu experiencia de entrenamiento en casa.<\/p>\n<p>Este conjunto completo ofrece:<\/p>\n<p><strong>Juego Pamp<\/strong>, que incluye 1 barra, 2 sujetadores para la barra y 3 juegos de discos de 1\u00b425, 2\u00b45 y 5 kg, asegurando un entrenamiento completo del cuerpo.<\/p>\n<p><strong>Pelota de Estabilidad<\/strong> de 65 cm que introduce un componente de equilibrio y compromiso del n\u00facleo para diversificar tus rutinas, fomentando estabilidad y fortaleza.<\/p>\n<p><strong>Conjunto de 3 bandas el\u00e1sticas<\/strong> para gl\u00fateos con distintas resistencias, intensifica tus sesiones en la parte inferior del cuerpo, ofreciendo m\u00faltiples niveles de resistencia para esculpir tus gl\u00fateos de forma eficiente. Hechas con materiales de alta calidad, brindan durabilidad y comodidad, convirti\u00e9ndolas en un accesorio esencial para tu programa de ejercicios.<\/p>\n<p><strong>Esterilla sin ojales<\/strong> de espuma TPE, de primera calidad y antideslizante, sin perforaciones, asegurando una superficie confortable y segura para tus entrenamientos en el suelo. Con dimensiones de 1.730 x 610 x 6 mm.<\/p>\n<p>Para realizar cambios en los componentes, cont\u00e1ctanos a trav\u00e9s del bot\u00f3n &#8220;Solicitar Presupuesto&#8221; o v\u00eda WhatsApp.<\/p>\n<p>Ya seas un apasionado del fitness o un principiante, este conjunto de elementos es ideal para establecer una rutina din\u00e1mica y desafiante desde la comodidad de tu hogar. Fusiona calidad, versatilidad y practicidad para abordar de manera integral tus objetivos de salud y bienestar.<\/p>\n","protected":false},"excerpt":{"rendered":"<p>Pack de material fitness que incluye:<\/p>\n<ul>\n<li>1 Set Pamp (Barra + 3 pares de discos de 1\u00b425,\u00a0 \u00a02\u00b45\u00a0 y\u00a0 5 kg + 2 cierres con bloqueo)<\/li>\n<li>1 Fitball de 65 cm.<\/li>\n<li>3 Bandas el\u00e1sticas de diferente resistencia.<\/li>\n<li>1 Esterilla sin ojales de 1.730 x 610 x 6 mm.<\/li>\n<\/ul>\n<p>Para <strong>cambiar alg\u00fan material<\/strong>, contacta con nosotros a trav\u00e9s del bot\u00f3n\u00a0<strong> &#8220;Solicitar presupuesto&#8221;<\/strong> o de WhatsApp<\/p>\n<a href=\"\/contacto\/\" class=\"button primary is-primary is-medium\" >\n\t\t<span>SOLICITAR PRESUPUESTO<\/span>\n\t<\/a>\n\n","protected":false},"featured_media":59530,"comment_status":"open","ping_status":"closed","template":"","meta":{"inline_featured_image":false},"product_brand":[],"product_cat":[1906,1907],"product_tag":[],"class_list":{"0":"post-59528","1":"product","2":"type-product","3":"status-publish","4":"has-post-thumbnail","6":"product_cat-accesorios-fitness","7":"product_cat-packs-fitness","8":"product_shipping_class-todosmenossuelos","10":"first","11":"instock","12":"sale","13":"taxable","14":"shipping-taxable","15":"purchasable","16":"product-type-simple"},"yoast_head":"<!-- This site is optimized with the Yoast SEO plugin v27.4 - https:\/\/yoast.com\/product\/yoast-seo-wordpress\/ -->\n<title>Pack fitness 1 | Suelosport - Suelos Deportivos<\/title>\n<meta name=\"robots\" content=\"index, follow, max-snippet:-1, max-image-preview:large, max-video-preview:-1\" \/>\n<link rel=\"canonical\" href=\"https:\/\/suelosport.com\/pt-pt\/producto\/pack-fitness-1\/\" \/>\n<meta property=\"og:locale\" content=\"pt_PT\" \/>\n<meta property=\"og:type\" content=\"article\" \/>\n<meta property=\"og:title\" content=\"Pack fitness 1 | Suelosport - Suelos Deportivos\" \/>\n<meta property=\"og:description\" content=\"Pack de material fitness que incluye:   1 Set Pamp (Barra + 3 pares de discos de 1\u00b425,\u00a0 \u00a02\u00b45\u00a0 y\u00a0 5 kg + 2 cierres con bloqueo)  1 Fitball de 65 cm.  3 Bandas el\u00e1sticas de diferente resistencia.  1 Esterilla sin ojales de 1.730 x 610 x 6 mm.  Para cambiar alg\u00fan material, contacta con nosotros a trav\u00e9s del bot\u00f3n\u00a0 &quot;Solicitar presupuesto&quot; o de WhatsApp\" \/>\n<meta property=\"og:url\" content=\"https:\/\/suelosport.com\/pt-pt\/producto\/pack-fitness-1\/\" \/>\n<meta property=\"og:site_name\" content=\"Suelosport - Suelos Deportivos\" \/>\n<meta property=\"article:publisher\" content=\"https:\/\/www.facebook.com\/Suelosport-2042694182686080\/\" \/>\n<meta property=\"article:modified_time\" content=\"2026-01-22T11:32:59+00:00\" \/>\n<meta property=\"og:image\" content=\"https:\/\/suelosport.com\/wp-content\/uploads\/2024\/04\/pack-fitness-600.png\" \/>\n\t<meta property=\"og:image:width\" content=\"600\" \/>\n\t<meta property=\"og:image:height\" content=\"600\" \/>\n\t<meta property=\"og:image:type\" content=\"image\/png\" \/>\n<meta name=\"twitter:card\" content=\"summary_large_image\" \/>\n<meta name=\"twitter:label1\" content=\"Tempo estimado de leitura\" \/>\n\t<meta name=\"twitter:data1\" content=\"2 minutos\" \/>\n<script type=\"application\/ld+json\" class=\"yoast-schema-graph\">{\"@context\":\"https:\\\/\\\/schema.org\",\"@graph\":[{\"@type\":[\"WebPage\",\"ItemPage\"],\"@id\":\"https:\\\/\\\/suelosport.com\\\/pt-pt\\\/producto\\\/pack-fitness-1\\\/\",\"url\":\"https:\\\/\\\/suelosport.com\\\/pt-pt\\\/producto\\\/pack-fitness-1\\\/\",\"name\":\"Pack fitness 1 | Suelosport - Suelos Deportivos\",\"isPartOf\":{\"@id\":\"https:\\\/\\\/suelosport.com\\\/pt-pt\\\/#website\"},\"primaryImageOfPage\":{\"@id\":\"https:\\\/\\\/suelosport.com\\\/pt-pt\\\/producto\\\/pack-fitness-1\\\/#primaryimage\"},\"image\":{\"@id\":\"https:\\\/\\\/suelosport.com\\\/pt-pt\\\/producto\\\/pack-fitness-1\\\/#primaryimage\"},\"thumbnailUrl\":\"https:\\\/\\\/suelosport.com\\\/wp-content\\\/uploads\\\/2024\\\/04\\\/pack-fitness-600.png\",\"datePublished\":\"2024-04-15T07:59:06+00:00\",\"dateModified\":\"2026-01-22T11:32:59+00:00\",\"breadcrumb\":{\"@id\":\"https:\\\/\\\/suelosport.com\\\/pt-pt\\\/producto\\\/pack-fitness-1\\\/#breadcrumb\"},\"inLanguage\":\"pt-PT\",\"potentialAction\":[{\"@type\":\"ReadAction\",\"target\":[\"https:\\\/\\\/suelosport.com\\\/pt-pt\\\/producto\\\/pack-fitness-1\\\/\"]}]},{\"@type\":\"ImageObject\",\"inLanguage\":\"pt-PT\",\"@id\":\"https:\\\/\\\/suelosport.com\\\/pt-pt\\\/producto\\\/pack-fitness-1\\\/#primaryimage\",\"url\":\"https:\\\/\\\/suelosport.com\\\/wp-content\\\/uploads\\\/2024\\\/04\\\/pack-fitness-600.png\",\"contentUrl\":\"https:\\\/\\\/suelosport.com\\\/wp-content\\\/uploads\\\/2024\\\/04\\\/pack-fitness-600.png\",\"width\":600,\"height\":600,\"caption\":\"Pack material fitness con set pamp, esterilla, fitball y bandas el\u00e1sticas para gl\u00fateos.\"},{\"@type\":\"BreadcrumbList\",\"@id\":\"https:\\\/\\\/suelosport.com\\\/pt-pt\\\/producto\\\/pack-fitness-1\\\/#breadcrumb\",\"itemListElement\":[{\"@type\":\"ListItem\",\"position\":1,\"name\":\"Portada\",\"item\":\"https:\\\/\\\/suelosport.com\\\/pt-pt\\\/\"},{\"@type\":\"ListItem\",\"position\":2,\"name\":\"Tienda\",\"item\":\"https:\\\/\\\/suelosport.com\\\/tienda\\\/\"},{\"@type\":\"ListItem\",\"position\":3,\"name\":\"Pack fitness 1\"}]},{\"@type\":\"WebSite\",\"@id\":\"https:\\\/\\\/suelosport.com\\\/pt-pt\\\/#website\",\"url\":\"https:\\\/\\\/suelosport.com\\\/pt-pt\\\/\",\"name\":\"Suelosport - Suelos Deportivos\",\"description\":\"Suelos para gimnasios, suelos de goma, losetas y suelos antideslizantes\",\"publisher\":{\"@id\":\"https:\\\/\\\/suelosport.com\\\/pt-pt\\\/#organization\"},\"potentialAction\":[{\"@type\":\"SearchAction\",\"target\":{\"@type\":\"EntryPoint\",\"urlTemplate\":\"https:\\\/\\\/suelosport.com\\\/pt-pt\\\/?s={search_term_string}\"},\"query-input\":{\"@type\":\"PropertyValueSpecification\",\"valueRequired\":true,\"valueName\":\"search_term_string\"}}],\"inLanguage\":\"pt-PT\"},{\"@type\":\"Organization\",\"@id\":\"https:\\\/\\\/suelosport.com\\\/pt-pt\\\/#organization\",\"name\":\"Suelosport\",\"url\":\"https:\\\/\\\/suelosport.com\\\/pt-pt\\\/\",\"logo\":{\"@type\":\"ImageObject\",\"inLanguage\":\"pt-PT\",\"@id\":\"https:\\\/\\\/suelosport.com\\\/pt-pt\\\/#\\\/schema\\\/logo\\\/image\\\/\",\"url\":\"https:\\\/\\\/suelosport.com\\\/wp-content\\\/uploads\\\/2018\\\/03\\\/logo-suelosport.png\",\"contentUrl\":\"https:\\\/\\\/suelosport.com\\\/wp-content\\\/uploads\\\/2018\\\/03\\\/logo-suelosport.png\",\"width\":300,\"height\":67,\"caption\":\"Suelosport\"},\"image\":{\"@id\":\"https:\\\/\\\/suelosport.com\\\/pt-pt\\\/#\\\/schema\\\/logo\\\/image\\\/\"},\"sameAs\":[\"https:\\\/\\\/www.facebook.com\\\/Suelosport-2042694182686080\\\/\",\"https:\\\/\\\/www.linkedin.com\\\/company\\\/suelosport\\\/\",\"https:\\\/\\\/www.youtube.com\\\/channel\\\/UC1eoryUxD4Fw7f1m5wx_vFg?view_as=subscriber\"]}]}<\/script>\n<!-- \/ Yoast SEO plugin. -->","yoast_head_json":{"title":"Pack fitness 1 | Suelosport - Suelos Deportivos","robots":{"index":"index","follow":"follow","max-snippet":"max-snippet:-1","max-image-preview":"max-image-preview:large","max-video-preview":"max-video-preview:-1"},"canonical":"https:\/\/suelosport.com\/pt-pt\/producto\/pack-fitness-1\/","og_locale":"pt_PT","og_type":"article","og_title":"Pack fitness 1 | Suelosport - Suelos Deportivos","og_description":"Pack de material fitness que incluye:   1 Set Pamp (Barra + 3 pares de discos de 1\u00b425,\u00a0 \u00a02\u00b45\u00a0 y\u00a0 5 kg + 2 cierres con bloqueo)  1 Fitball de 65 cm.  3 Bandas el\u00e1sticas de diferente resistencia.  1 Esterilla sin ojales de 1.730 x 610 x 6 mm.  Para cambiar alg\u00fan material, contacta con nosotros a trav\u00e9s del bot\u00f3n\u00a0 \"Solicitar presupuesto\" o de WhatsApp","og_url":"https:\/\/suelosport.com\/pt-pt\/producto\/pack-fitness-1\/","og_site_name":"Suelosport - Suelos Deportivos","article_publisher":"https:\/\/www.facebook.com\/Suelosport-2042694182686080\/","article_modified_time":"2026-01-22T11:32:59+00:00","og_image":[{"width":600,"height":600,"url":"https:\/\/suelosport.com\/wp-content\/uploads\/2024\/04\/pack-fitness-600.png","type":"image\/png"}],"twitter_card":"summary_large_image","twitter_misc":{"Tempo estimado de leitura":"2 minutos"},"schema":{"@context":"https:\/\/schema.org","@graph":[{"@type":["WebPage","ItemPage"],"@id":"https:\/\/suelosport.com\/pt-pt\/producto\/pack-fitness-1\/","url":"https:\/\/suelosport.com\/pt-pt\/producto\/pack-fitness-1\/","name":"Pack fitness 1 | Suelosport - Suelos Deportivos","isPartOf":{"@id":"https:\/\/suelosport.com\/pt-pt\/#website"},"primaryImageOfPage":{"@id":"https:\/\/suelosport.com\/pt-pt\/producto\/pack-fitness-1\/#primaryimage"},"image":{"@id":"https:\/\/suelosport.com\/pt-pt\/producto\/pack-fitness-1\/#primaryimage"},"thumbnailUrl":"https:\/\/suelosport.com\/wp-content\/uploads\/2024\/04\/pack-fitness-600.png","datePublished":"2024-04-15T07:59:06+00:00","dateModified":"2026-01-22T11:32:59+00:00","breadcrumb":{"@id":"https:\/\/suelosport.com\/pt-pt\/producto\/pack-fitness-1\/#breadcrumb"},"inLanguage":"pt-PT","potentialAction":[{"@type":"ReadAction","target":["https:\/\/suelosport.com\/pt-pt\/producto\/pack-fitness-1\/"]}]},{"@type":"ImageObject","inLanguage":"pt-PT","@id":"https:\/\/suelosport.com\/pt-pt\/producto\/pack-fitness-1\/#primaryimage","url":"https:\/\/suelosport.com\/wp-content\/uploads\/2024\/04\/pack-fitness-600.png","contentUrl":"https:\/\/suelosport.com\/wp-content\/uploads\/2024\/04\/pack-fitness-600.png","width":600,"height":600,"caption":"Pack material fitness con set pamp, esterilla, fitball y bandas el\u00e1sticas para gl\u00fateos."},{"@type":"BreadcrumbList","@id":"https:\/\/suelosport.com\/pt-pt\/producto\/pack-fitness-1\/#breadcrumb","itemListElement":[{"@type":"ListItem","position":1,"name":"Portada","item":"https:\/\/suelosport.com\/pt-pt\/"},{"@type":"ListItem","position":2,"name":"Tienda","item":"https:\/\/suelosport.com\/tienda\/"},{"@type":"ListItem","position":3,"name":"Pack fitness 1"}]},{"@type":"WebSite","@id":"https:\/\/suelosport.com\/pt-pt\/#website","url":"https:\/\/suelosport.com\/pt-pt\/","name":"Suelosport - Suelos Deportivos","description":"Suelos para gimnasios, suelos de goma, losetas y suelos antideslizantes","publisher":{"@id":"https:\/\/suelosport.com\/pt-pt\/#organization"},"potentialAction":[{"@type":"SearchAction","target":{"@type":"EntryPoint","urlTemplate":"https:\/\/suelosport.com\/pt-pt\/?s={search_term_string}"},"query-input":{"@type":"PropertyValueSpecification","valueRequired":true,"valueName":"search_term_string"}}],"inLanguage":"pt-PT"},{"@type":"Organization","@id":"https:\/\/suelosport.com\/pt-pt\/#organization","name":"Suelosport","url":"https:\/\/suelosport.com\/pt-pt\/","logo":{"@type":"ImageObject","inLanguage":"pt-PT","@id":"https:\/\/suelosport.com\/pt-pt\/#\/schema\/logo\/image\/","url":"https:\/\/suelosport.com\/wp-content\/uploads\/2018\/03\/logo-suelosport.png","contentUrl":"https:\/\/suelosport.com\/wp-content\/uploads\/2018\/03\/logo-suelosport.png","width":300,"height":67,"caption":"Suelosport"},"image":{"@id":"https:\/\/suelosport.com\/pt-pt\/#\/schema\/logo\/image\/"},"sameAs":["https:\/\/www.facebook.com\/Suelosport-2042694182686080\/","https:\/\/www.linkedin.com\/company\/suelosport\/","https:\/\/www.youtube.com\/channel\/UC1eoryUxD4Fw7f1m5wx_vFg?view_as=subscriber"]}]}},"_links":{"self":[{"href":"https:\/\/suelosport.com\/pt-pt\/wp-json\/wp\/v2\/product\/59528","targetHints":{"allow":["GET"]}}],"collection":[{"href":"https:\/\/suelosport.com\/pt-pt\/wp-json\/wp\/v2\/product"}],"about":[{"href":"https:\/\/suelosport.com\/pt-pt\/wp-json\/wp\/v2\/types\/product"}],"replies":[{"embeddable":true,"href":"https:\/\/suelosport.com\/pt-pt\/wp-json\/wp\/v2\/comments?post=59528"}],"wp:featuredmedia":[{"embeddable":true,"href":"https:\/\/suelosport.com\/pt-pt\/wp-json\/wp\/v2\/media\/59530"}],"wp:attachment":[{"href":"https:\/\/suelosport.com\/pt-pt\/wp-json\/wp\/v2\/media?parent=59528"}],"wp:term":[{"taxonomy":"product_brand","embeddable":true,"href":"https:\/\/suelosport.com\/pt-pt\/wp-json\/wp\/v2\/product_brand?post=59528"},{"taxonomy":"product_cat","embeddable":true,"href":"https:\/\/suelosport.com\/pt-pt\/wp-json\/wp\/v2\/product_cat?post=59528"},{"taxonomy":"product_tag","embeddable":true,"href":"https:\/\/suelosport.com\/pt-pt\/wp-json\/wp\/v2\/product_tag?post=59528"}],"curies":[{"name":"wp","href":"https:\/\/api.w.org\/{rel}","templated":true}]}}