{"id":59411,"date":"2024-04-09T10:09:23","date_gmt":"2024-04-09T09:09:23","guid":{"rendered":"https:\/\/suelosport.com\/?post_type=product&#038;p=59411"},"modified":"2026-01-21T09:39:56","modified_gmt":"2026-01-21T08:39:56","slug":"bicicleta-estatica-unlimited-h5","status":"publish","type":"product","link":"https:\/\/suelosport.com\/pt-pt\/producto\/bicicleta-estatica-unlimited-h5\/","title":{"rendered":"Bicicleta est\u00e1tica H5"},"content":{"rendered":"<h2>Bicicleta est\u00e1tica Unlimited H5<\/h2>\n<p>Con un estilo refinado y est\u00e9tico la <strong>bicicleta est\u00e1tica Unlimited H5<\/strong> esta concebida para brindar un <strong>entrenamiento \u00f3ptimo y funcional.<\/strong> <strong>Respaldada por un riguroso an\u00e1lisis de calidad,<\/strong> esta bicicleta de entrenamiento de alta intensidad te permite trabajar simult\u00e1neamente tanto la parte superior como la inferior del cuerpo, ofreciendo una <strong>experiencia de ejercicio completa y efectiva.<\/strong><\/p>\n<p>Equipada con un sistema de resistencia ilimitada mediante el uso de aire, la bicicleta est\u00e1tica Unlimited H5 produce <strong>corrientes de aire fresco mientras pedaleas<\/strong>, permiti\u00e9ndote<strong> ajustar la intensidad de tu entrenamiento conforme a tu nivel de condici\u00f3n f\u00edsica y tus objetivos.<\/strong> La pantalla integrada te proporciona un <strong>control total sobre tu rutina de ejercicios<\/strong>, mostrando datos como velocidad, calor\u00edas consumidas, distancia recorrida, RPM, potencia generada y tiempo de entrenamiento, para que puedas seguir de cerca tu progreso y modificar tu entrenamiento seg\u00fan tus necesidades.<\/p>\n<p>Con una estructura s\u00f3lida y resistente, la bicicleta de aire est\u00e1 dise\u00f1ada para soportar las demandas del <strong>entrenamiento de alta intensidad<\/strong>. Los pedales de aluminio antideslizantes y el a<strong>siento confortable, ajustable tanto vertical como horizontalmente<\/strong>, garantizan estabilidad y comodidad durante cada sesi\u00f3n de entrenamiento. Adem\u00e1s, la bicicleta incluye ruedas para facilitar su transporte y un portabotellas para que puedas mantenerte hidratado durante tus ejercicios.<\/p>\n<p>Explora el potencial de tu entrenamiento con la Bicicleta est\u00e1tica Unlimited H5, un equipo dise\u00f1ado para superar tus l\u00edmites y ayudarte a alcanzar tus metas de condici\u00f3n f\u00edsica de manera efectiva y eficiente.<\/p>\n","protected":false},"excerpt":{"rendered":"<p>Dise\u00f1ada para un entrenamiento completo y efectivo con resistencia ilimitada y control total.<\/p>\n","protected":false},"featured_media":71163,"comment_status":"open","ping_status":"closed","template":"","meta":{"inline_featured_image":false},"product_brand":[],"product_cat":[430,1632],"product_tag":[],"class_list":{"0":"post-59411","1":"product","2":"type-product","3":"status-publish","4":"has-post-thumbnail","6":"product_cat-bicicletas-estaticas","7":"product_cat-maquinas-cardio","8":"product_shipping_class-todosmenossuelos","10":"first","11":"instock","12":"taxable","13":"shipping-taxable","14":"purchasable","15":"product-type-simple"},"yoast_head":"<!-- This site is optimized with the Yoast SEO plugin v27.4 - https:\/\/yoast.com\/product\/yoast-seo-wordpress\/ -->\n<title>Bicicleta est\u00e1tica Unlimited H5 | Compra online en SUELOSPORT<\/title>\n<meta name=\"description\" content=\"Bicicleta est\u00e1tica Unlimited H5 dise\u00f1ada para un entrenamiento completo y efectivo con resistencia ilimitada y control total.\" \/>\n<meta name=\"robots\" content=\"index, follow, max-snippet:-1, max-image-preview:large, max-video-preview:-1\" \/>\n<link rel=\"canonical\" href=\"https:\/\/suelosport.com\/pt-pt\/producto\/bicicleta-estatica-unlimited-h5\/\" \/>\n<meta property=\"og:locale\" content=\"pt_PT\" \/>\n<meta property=\"og:type\" content=\"article\" \/>\n<meta property=\"og:title\" content=\"Bicicleta est\u00e1tica Unlimited H5 | Compra online en SUELOSPORT\" \/>\n<meta property=\"og:description\" content=\"Bicicleta est\u00e1tica Unlimited H5 dise\u00f1ada para un entrenamiento completo y efectivo con resistencia ilimitada y control total.\" \/>\n<meta property=\"og:url\" content=\"https:\/\/suelosport.com\/pt-pt\/producto\/bicicleta-estatica-unlimited-h5\/\" \/>\n<meta property=\"og:site_name\" content=\"Suelosport - Suelos Deportivos\" \/>\n<meta property=\"article:publisher\" content=\"https:\/\/www.facebook.com\/Suelosport-2042694182686080\/\" \/>\n<meta property=\"article:modified_time\" content=\"2026-01-21T08:39:56+00:00\" \/>\n<meta property=\"og:image\" content=\"https:\/\/suelosport.com\/wp-content\/uploads\/2024\/04\/H552-Etenon-Air-Bike-H5-large.jpg\" \/>\n\t<meta property=\"og:image:width\" content=\"746\" \/>\n\t<meta property=\"og:image:height\" content=\"639\" \/>\n\t<meta property=\"og:image:type\" content=\"image\/jpeg\" \/>\n<meta name=\"twitter:card\" content=\"summary_large_image\" \/>\n<meta name=\"twitter:label1\" content=\"Tempo estimado de leitura\" \/>\n\t<meta name=\"twitter:data1\" content=\"2 minutos\" \/>\n<script type=\"application\/ld+json\" class=\"yoast-schema-graph\">{\"@context\":\"https:\\\/\\\/schema.org\",\"@graph\":[{\"@type\":[\"WebPage\",\"ItemPage\"],\"@id\":\"https:\\\/\\\/suelosport.com\\\/pt-pt\\\/producto\\\/bicicleta-estatica-unlimited-h5\\\/\",\"url\":\"https:\\\/\\\/suelosport.com\\\/pt-pt\\\/producto\\\/bicicleta-estatica-unlimited-h5\\\/\",\"name\":\"Bicicleta est\u00e1tica Unlimited H5 | Compra online en SUELOSPORT\",\"isPartOf\":{\"@id\":\"https:\\\/\\\/suelosport.com\\\/pt-pt\\\/#website\"},\"primaryImageOfPage\":{\"@id\":\"https:\\\/\\\/suelosport.com\\\/pt-pt\\\/producto\\\/bicicleta-estatica-unlimited-h5\\\/#primaryimage\"},\"image\":{\"@id\":\"https:\\\/\\\/suelosport.com\\\/pt-pt\\\/producto\\\/bicicleta-estatica-unlimited-h5\\\/#primaryimage\"},\"thumbnailUrl\":\"https:\\\/\\\/suelosport.com\\\/wp-content\\\/uploads\\\/2024\\\/04\\\/H552-Etenon-Air-Bike-H5-large.jpg\",\"datePublished\":\"2024-04-09T09:09:23+00:00\",\"dateModified\":\"2026-01-21T08:39:56+00:00\",\"description\":\"Bicicleta est\u00e1tica Unlimited H5 dise\u00f1ada para un entrenamiento completo y efectivo con resistencia ilimitada y control total.\",\"breadcrumb\":{\"@id\":\"https:\\\/\\\/suelosport.com\\\/pt-pt\\\/producto\\\/bicicleta-estatica-unlimited-h5\\\/#breadcrumb\"},\"inLanguage\":\"pt-PT\",\"potentialAction\":[{\"@type\":\"ReadAction\",\"target\":[\"https:\\\/\\\/suelosport.com\\\/pt-pt\\\/producto\\\/bicicleta-estatica-unlimited-h5\\\/\"]}]},{\"@type\":\"ImageObject\",\"inLanguage\":\"pt-PT\",\"@id\":\"https:\\\/\\\/suelosport.com\\\/pt-pt\\\/producto\\\/bicicleta-estatica-unlimited-h5\\\/#primaryimage\",\"url\":\"https:\\\/\\\/suelosport.com\\\/wp-content\\\/uploads\\\/2024\\\/04\\\/H552-Etenon-Air-Bike-H5-large.jpg\",\"contentUrl\":\"https:\\\/\\\/suelosport.com\\\/wp-content\\\/uploads\\\/2024\\\/04\\\/H552-Etenon-Air-Bike-H5-large.jpg\",\"width\":746,\"height\":639,\"caption\":\"Bicicleta de Aire H5\"},{\"@type\":\"BreadcrumbList\",\"@id\":\"https:\\\/\\\/suelosport.com\\\/pt-pt\\\/producto\\\/bicicleta-estatica-unlimited-h5\\\/#breadcrumb\",\"itemListElement\":[{\"@type\":\"ListItem\",\"position\":1,\"name\":\"Portada\",\"item\":\"https:\\\/\\\/suelosport.com\\\/pt-pt\\\/\"},{\"@type\":\"ListItem\",\"position\":2,\"name\":\"Tienda\",\"item\":\"https:\\\/\\\/suelosport.com\\\/tienda\\\/\"},{\"@type\":\"ListItem\",\"position\":3,\"name\":\"Bicicleta est\u00e1tica H5\"}]},{\"@type\":\"WebSite\",\"@id\":\"https:\\\/\\\/suelosport.com\\\/pt-pt\\\/#website\",\"url\":\"https:\\\/\\\/suelosport.com\\\/pt-pt\\\/\",\"name\":\"Suelosport - Suelos Deportivos\",\"description\":\"Suelos para gimnasios, suelos de goma, losetas y suelos antideslizantes\",\"publisher\":{\"@id\":\"https:\\\/\\\/suelosport.com\\\/pt-pt\\\/#organization\"},\"potentialAction\":[{\"@type\":\"SearchAction\",\"target\":{\"@type\":\"EntryPoint\",\"urlTemplate\":\"https:\\\/\\\/suelosport.com\\\/pt-pt\\\/?s={search_term_string}\"},\"query-input\":{\"@type\":\"PropertyValueSpecification\",\"valueRequired\":true,\"valueName\":\"search_term_string\"}}],\"inLanguage\":\"pt-PT\"},{\"@type\":\"Organization\",\"@id\":\"https:\\\/\\\/suelosport.com\\\/pt-pt\\\/#organization\",\"name\":\"Suelosport\",\"url\":\"https:\\\/\\\/suelosport.com\\\/pt-pt\\\/\",\"logo\":{\"@type\":\"ImageObject\",\"inLanguage\":\"pt-PT\",\"@id\":\"https:\\\/\\\/suelosport.com\\\/pt-pt\\\/#\\\/schema\\\/logo\\\/image\\\/\",\"url\":\"https:\\\/\\\/suelosport.com\\\/wp-content\\\/uploads\\\/2018\\\/03\\\/logo-suelosport.png\",\"contentUrl\":\"https:\\\/\\\/suelosport.com\\\/wp-content\\\/uploads\\\/2018\\\/03\\\/logo-suelosport.png\",\"width\":300,\"height\":67,\"caption\":\"Suelosport\"},\"image\":{\"@id\":\"https:\\\/\\\/suelosport.com\\\/pt-pt\\\/#\\\/schema\\\/logo\\\/image\\\/\"},\"sameAs\":[\"https:\\\/\\\/www.facebook.com\\\/Suelosport-2042694182686080\\\/\",\"https:\\\/\\\/www.linkedin.com\\\/company\\\/suelosport\\\/\",\"https:\\\/\\\/www.youtube.com\\\/channel\\\/UC1eoryUxD4Fw7f1m5wx_vFg?view_as=subscriber\"]}]}<\/script>\n<!-- \/ Yoast SEO plugin. -->","yoast_head_json":{"title":"Bicicleta est\u00e1tica Unlimited H5 | Compra online en SUELOSPORT","description":"Bicicleta est\u00e1tica Unlimited H5 dise\u00f1ada para un entrenamiento completo y efectivo con resistencia ilimitada y control total.","robots":{"index":"index","follow":"follow","max-snippet":"max-snippet:-1","max-image-preview":"max-image-preview:large","max-video-preview":"max-video-preview:-1"},"canonical":"https:\/\/suelosport.com\/pt-pt\/producto\/bicicleta-estatica-unlimited-h5\/","og_locale":"pt_PT","og_type":"article","og_title":"Bicicleta est\u00e1tica Unlimited H5 | Compra online en SUELOSPORT","og_description":"Bicicleta est\u00e1tica Unlimited H5 dise\u00f1ada para un entrenamiento completo y efectivo con resistencia ilimitada y control total.","og_url":"https:\/\/suelosport.com\/pt-pt\/producto\/bicicleta-estatica-unlimited-h5\/","og_site_name":"Suelosport - Suelos Deportivos","article_publisher":"https:\/\/www.facebook.com\/Suelosport-2042694182686080\/","article_modified_time":"2026-01-21T08:39:56+00:00","og_image":[{"width":746,"height":639,"url":"https:\/\/suelosport.com\/wp-content\/uploads\/2024\/04\/H552-Etenon-Air-Bike-H5-large.jpg","type":"image\/jpeg"}],"twitter_card":"summary_large_image","twitter_misc":{"Tempo estimado de leitura":"2 minutos"},"schema":{"@context":"https:\/\/schema.org","@graph":[{"@type":["WebPage","ItemPage"],"@id":"https:\/\/suelosport.com\/pt-pt\/producto\/bicicleta-estatica-unlimited-h5\/","url":"https:\/\/suelosport.com\/pt-pt\/producto\/bicicleta-estatica-unlimited-h5\/","name":"Bicicleta est\u00e1tica Unlimited H5 | Compra online en SUELOSPORT","isPartOf":{"@id":"https:\/\/suelosport.com\/pt-pt\/#website"},"primaryImageOfPage":{"@id":"https:\/\/suelosport.com\/pt-pt\/producto\/bicicleta-estatica-unlimited-h5\/#primaryimage"},"image":{"@id":"https:\/\/suelosport.com\/pt-pt\/producto\/bicicleta-estatica-unlimited-h5\/#primaryimage"},"thumbnailUrl":"https:\/\/suelosport.com\/wp-content\/uploads\/2024\/04\/H552-Etenon-Air-Bike-H5-large.jpg","datePublished":"2024-04-09T09:09:23+00:00","dateModified":"2026-01-21T08:39:56+00:00","description":"Bicicleta est\u00e1tica Unlimited H5 dise\u00f1ada para un entrenamiento completo y efectivo con resistencia ilimitada y control total.","breadcrumb":{"@id":"https:\/\/suelosport.com\/pt-pt\/producto\/bicicleta-estatica-unlimited-h5\/#breadcrumb"},"inLanguage":"pt-PT","potentialAction":[{"@type":"ReadAction","target":["https:\/\/suelosport.com\/pt-pt\/producto\/bicicleta-estatica-unlimited-h5\/"]}]},{"@type":"ImageObject","inLanguage":"pt-PT","@id":"https:\/\/suelosport.com\/pt-pt\/producto\/bicicleta-estatica-unlimited-h5\/#primaryimage","url":"https:\/\/suelosport.com\/wp-content\/uploads\/2024\/04\/H552-Etenon-Air-Bike-H5-large.jpg","contentUrl":"https:\/\/suelosport.com\/wp-content\/uploads\/2024\/04\/H552-Etenon-Air-Bike-H5-large.jpg","width":746,"height":639,"caption":"Bicicleta de Aire H5"},{"@type":"BreadcrumbList","@id":"https:\/\/suelosport.com\/pt-pt\/producto\/bicicleta-estatica-unlimited-h5\/#breadcrumb","itemListElement":[{"@type":"ListItem","position":1,"name":"Portada","item":"https:\/\/suelosport.com\/pt-pt\/"},{"@type":"ListItem","position":2,"name":"Tienda","item":"https:\/\/suelosport.com\/tienda\/"},{"@type":"ListItem","position":3,"name":"Bicicleta est\u00e1tica H5"}]},{"@type":"WebSite","@id":"https:\/\/suelosport.com\/pt-pt\/#website","url":"https:\/\/suelosport.com\/pt-pt\/","name":"Suelosport - Suelos Deportivos","description":"Suelos para gimnasios, suelos de goma, losetas y suelos antideslizantes","publisher":{"@id":"https:\/\/suelosport.com\/pt-pt\/#organization"},"potentialAction":[{"@type":"SearchAction","target":{"@type":"EntryPoint","urlTemplate":"https:\/\/suelosport.com\/pt-pt\/?s={search_term_string}"},"query-input":{"@type":"PropertyValueSpecification","valueRequired":true,"valueName":"search_term_string"}}],"inLanguage":"pt-PT"},{"@type":"Organization","@id":"https:\/\/suelosport.com\/pt-pt\/#organization","name":"Suelosport","url":"https:\/\/suelosport.com\/pt-pt\/","logo":{"@type":"ImageObject","inLanguage":"pt-PT","@id":"https:\/\/suelosport.com\/pt-pt\/#\/schema\/logo\/image\/","url":"https:\/\/suelosport.com\/wp-content\/uploads\/2018\/03\/logo-suelosport.png","contentUrl":"https:\/\/suelosport.com\/wp-content\/uploads\/2018\/03\/logo-suelosport.png","width":300,"height":67,"caption":"Suelosport"},"image":{"@id":"https:\/\/suelosport.com\/pt-pt\/#\/schema\/logo\/image\/"},"sameAs":["https:\/\/www.facebook.com\/Suelosport-2042694182686080\/","https:\/\/www.linkedin.com\/company\/suelosport\/","https:\/\/www.youtube.com\/channel\/UC1eoryUxD4Fw7f1m5wx_vFg?view_as=subscriber"]}]}},"_links":{"self":[{"href":"https:\/\/suelosport.com\/pt-pt\/wp-json\/wp\/v2\/product\/59411","targetHints":{"allow":["GET"]}}],"collection":[{"href":"https:\/\/suelosport.com\/pt-pt\/wp-json\/wp\/v2\/product"}],"about":[{"href":"https:\/\/suelosport.com\/pt-pt\/wp-json\/wp\/v2\/types\/product"}],"replies":[{"embeddable":true,"href":"https:\/\/suelosport.com\/pt-pt\/wp-json\/wp\/v2\/comments?post=59411"}],"wp:featuredmedia":[{"embeddable":true,"href":"https:\/\/suelosport.com\/pt-pt\/wp-json\/wp\/v2\/media\/71163"}],"wp:attachment":[{"href":"https:\/\/suelosport.com\/pt-pt\/wp-json\/wp\/v2\/media?parent=59411"}],"wp:term":[{"taxonomy":"product_brand","embeddable":true,"href":"https:\/\/suelosport.com\/pt-pt\/wp-json\/wp\/v2\/product_brand?post=59411"},{"taxonomy":"product_cat","embeddable":true,"href":"https:\/\/suelosport.com\/pt-pt\/wp-json\/wp\/v2\/product_cat?post=59411"},{"taxonomy":"product_tag","embeddable":true,"href":"https:\/\/suelosport.com\/pt-pt\/wp-json\/wp\/v2\/product_tag?post=59411"}],"curies":[{"name":"wp","href":"https:\/\/api.w.org\/{rel}","templated":true}]}}