{"id":59316,"date":"2024-04-09T10:11:17","date_gmt":"2024-04-09T09:11:17","guid":{"rendered":"https:\/\/suelosport.com\/?post_type=product&#038;p=59316"},"modified":"2024-04-09T12:57:07","modified_gmt":"2024-04-09T11:57:07","slug":"cinta-curva-air-runner","status":"publish","type":"product","link":"https:\/\/suelosport.com\/pt-pt\/producto\/cinta-curva-air-runner\/","title":{"rendered":"Cinta curva &#8211; Air Runner"},"content":{"rendered":"<p>La<strong> cinta curva Air Runner<\/strong> es una innovadora opci\u00f3n para aquellos que buscan un <strong>ejercicio de alta intensidad<\/strong>. Dise\u00f1ada meticulosamente para potenciar el rendimiento y maximizar la quema de calor\u00edas, esta cinta <strong>sin motor<\/strong> ofrece una experiencia de entrenamiento \u00fanica, impulsada por su sistema de propulsi\u00f3n autogenerado.<\/p>\n<p>El control de <strong>la velocidad se adapta<\/strong> intuitivamente a la posici\u00f3n del cuerpo en su tapiz curvo, permitiendo a cada usuario establecer su propio ritmo sin l\u00edmites predefinidos. El movimiento comienza con pasos, incrementando la velocidad a medida que se aumenta la frecuencia de zancada y se avanza en la cinta. Frenar es tan sencillo como retroceder hacia la parte trasera, brindando un control total sobre la intensidad del ejercicio.<\/p>\n<p>Su tapiz de baja resistencia <strong>minimiza el impacto en los pies,<\/strong> absorbiendo el da\u00f1o potencial en las articulaciones y promoviendo una t\u00e9cnica de carrera adecuada para <strong>evitar sobrecargas<\/strong>. La estructura met\u00e1lica con acabado electrost\u00e1tico garantiza una <strong>durabilidad excepcional<\/strong>, mientras que las <strong>ruedas<\/strong> facilitan su transporte y el <strong>botellero<\/strong> integrado asegura una hidrataci\u00f3n constante durante el entrenamiento.<\/p>\n<p>La consola de la Air Runner incluye una <strong>pantalla<\/strong> LCD de 5&#8243; de alta legibilidad, que muestra m\u00e9tricas clave como tiempo, velocidad, distancia, calor\u00edas quemadas, vatios, frecuencia card\u00edaca y contador de pasos. Equipada con <strong>7 programas de entrenamiento<\/strong> preestablecidos, esta cinta desaf\u00eda a los usuarios a superar sus l\u00edmites y alcanzar sus objetivos de fitness de manera eficaz y eficiente.<\/p>\n","protected":false},"excerpt":{"rendered":"<p>La cinta definitiva, autogenerada para entrenamientos intensivos y eficientes.<\/p>\n","protected":false},"featured_media":59465,"comment_status":"open","ping_status":"closed","template":"","meta":{"inline_featured_image":false},"product_brand":[],"product_cat":[432,1632],"product_tag":[],"class_list":{"0":"post-59316","1":"product","2":"type-product","3":"status-publish","4":"has-post-thumbnail","6":"product_cat-cintas-correr","7":"product_cat-maquinas-cardio","8":"product_shipping_class-todosmenossuelos","10":"first","11":"instock","12":"taxable","13":"shipping-taxable","14":"purchasable","15":"product-type-simple"},"yoast_head":"<!-- This site is optimized with the Yoast SEO plugin v27.4 - https:\/\/yoast.com\/product\/yoast-seo-wordpress\/ -->\n<title>Cinta curva - Air Runner | Suelosport - Suelos Deportivos<\/title>\n<meta name=\"robots\" content=\"index, follow, max-snippet:-1, max-image-preview:large, max-video-preview:-1\" \/>\n<link rel=\"canonical\" href=\"https:\/\/suelosport.com\/pt-pt\/producto\/cinta-curva-air-runner\/\" \/>\n<meta property=\"og:locale\" content=\"pt_PT\" \/>\n<meta property=\"og:type\" content=\"article\" \/>\n<meta property=\"og:title\" content=\"Cinta curva - Air Runner | Suelosport - Suelos Deportivos\" \/>\n<meta property=\"og:description\" content=\"La cinta definitiva, autogenerada para entrenamientos intensivos y eficientes.\" \/>\n<meta property=\"og:url\" content=\"https:\/\/suelosport.com\/pt-pt\/producto\/cinta-curva-air-runner\/\" \/>\n<meta property=\"og:site_name\" content=\"Suelosport - Suelos Deportivos\" \/>\n<meta property=\"article:publisher\" content=\"https:\/\/www.facebook.com\/Suelosport-2042694182686080\/\" \/>\n<meta property=\"article:modified_time\" content=\"2024-04-09T11:57:07+00:00\" \/>\n<meta property=\"og:image\" content=\"https:\/\/suelosport.com\/wp-content\/uploads\/2024\/04\/Cinta-de-correr-curva-h507-px-Photoroom.jpg\" \/>\n\t<meta property=\"og:image:width\" content=\"900\" \/>\n\t<meta property=\"og:image:height\" content=\"900\" \/>\n\t<meta property=\"og:image:type\" content=\"image\/jpeg\" \/>\n<meta name=\"twitter:card\" content=\"summary_large_image\" \/>\n<meta name=\"twitter:label1\" content=\"Tempo estimado de leitura\" \/>\n\t<meta name=\"twitter:data1\" content=\"2 minutos\" \/>\n<script type=\"application\/ld+json\" class=\"yoast-schema-graph\">{\"@context\":\"https:\\\/\\\/schema.org\",\"@graph\":[{\"@type\":[\"WebPage\",\"ItemPage\"],\"@id\":\"https:\\\/\\\/suelosport.com\\\/pt-pt\\\/producto\\\/cinta-curva-air-runner\\\/\",\"url\":\"https:\\\/\\\/suelosport.com\\\/pt-pt\\\/producto\\\/cinta-curva-air-runner\\\/\",\"name\":\"Cinta curva - Air Runner | Suelosport - Suelos Deportivos\",\"isPartOf\":{\"@id\":\"https:\\\/\\\/suelosport.com\\\/pt-pt\\\/#website\"},\"primaryImageOfPage\":{\"@id\":\"https:\\\/\\\/suelosport.com\\\/pt-pt\\\/producto\\\/cinta-curva-air-runner\\\/#primaryimage\"},\"image\":{\"@id\":\"https:\\\/\\\/suelosport.com\\\/pt-pt\\\/producto\\\/cinta-curva-air-runner\\\/#primaryimage\"},\"thumbnailUrl\":\"https:\\\/\\\/suelosport.com\\\/wp-content\\\/uploads\\\/2024\\\/04\\\/Cinta-de-correr-curva-h507-px-Photoroom.jpg\",\"datePublished\":\"2024-04-09T09:11:17+00:00\",\"dateModified\":\"2024-04-09T11:57:07+00:00\",\"breadcrumb\":{\"@id\":\"https:\\\/\\\/suelosport.com\\\/pt-pt\\\/producto\\\/cinta-curva-air-runner\\\/#breadcrumb\"},\"inLanguage\":\"pt-PT\",\"potentialAction\":[{\"@type\":\"ReadAction\",\"target\":[\"https:\\\/\\\/suelosport.com\\\/pt-pt\\\/producto\\\/cinta-curva-air-runner\\\/\"]}]},{\"@type\":\"ImageObject\",\"inLanguage\":\"pt-PT\",\"@id\":\"https:\\\/\\\/suelosport.com\\\/pt-pt\\\/producto\\\/cinta-curva-air-runner\\\/#primaryimage\",\"url\":\"https:\\\/\\\/suelosport.com\\\/wp-content\\\/uploads\\\/2024\\\/04\\\/Cinta-de-correr-curva-h507-px-Photoroom.jpg\",\"contentUrl\":\"https:\\\/\\\/suelosport.com\\\/wp-content\\\/uploads\\\/2024\\\/04\\\/Cinta-de-correr-curva-h507-px-Photoroom.jpg\",\"width\":900,\"height\":900,\"caption\":\"Vista lateral cinta de correr curva\"},{\"@type\":\"BreadcrumbList\",\"@id\":\"https:\\\/\\\/suelosport.com\\\/pt-pt\\\/producto\\\/cinta-curva-air-runner\\\/#breadcrumb\",\"itemListElement\":[{\"@type\":\"ListItem\",\"position\":1,\"name\":\"Portada\",\"item\":\"https:\\\/\\\/suelosport.com\\\/pt-pt\\\/\"},{\"@type\":\"ListItem\",\"position\":2,\"name\":\"Tienda\",\"item\":\"https:\\\/\\\/suelosport.com\\\/tienda\\\/\"},{\"@type\":\"ListItem\",\"position\":3,\"name\":\"Cinta curva &#8211; Air Runner\"}]},{\"@type\":\"WebSite\",\"@id\":\"https:\\\/\\\/suelosport.com\\\/pt-pt\\\/#website\",\"url\":\"https:\\\/\\\/suelosport.com\\\/pt-pt\\\/\",\"name\":\"Suelosport - Suelos Deportivos\",\"description\":\"Suelos para gimnasios, suelos de goma, losetas y suelos antideslizantes\",\"publisher\":{\"@id\":\"https:\\\/\\\/suelosport.com\\\/pt-pt\\\/#organization\"},\"potentialAction\":[{\"@type\":\"SearchAction\",\"target\":{\"@type\":\"EntryPoint\",\"urlTemplate\":\"https:\\\/\\\/suelosport.com\\\/pt-pt\\\/?s={search_term_string}\"},\"query-input\":{\"@type\":\"PropertyValueSpecification\",\"valueRequired\":true,\"valueName\":\"search_term_string\"}}],\"inLanguage\":\"pt-PT\"},{\"@type\":\"Organization\",\"@id\":\"https:\\\/\\\/suelosport.com\\\/pt-pt\\\/#organization\",\"name\":\"Suelosport\",\"url\":\"https:\\\/\\\/suelosport.com\\\/pt-pt\\\/\",\"logo\":{\"@type\":\"ImageObject\",\"inLanguage\":\"pt-PT\",\"@id\":\"https:\\\/\\\/suelosport.com\\\/pt-pt\\\/#\\\/schema\\\/logo\\\/image\\\/\",\"url\":\"https:\\\/\\\/suelosport.com\\\/wp-content\\\/uploads\\\/2018\\\/03\\\/logo-suelosport.png\",\"contentUrl\":\"https:\\\/\\\/suelosport.com\\\/wp-content\\\/uploads\\\/2018\\\/03\\\/logo-suelosport.png\",\"width\":300,\"height\":67,\"caption\":\"Suelosport\"},\"image\":{\"@id\":\"https:\\\/\\\/suelosport.com\\\/pt-pt\\\/#\\\/schema\\\/logo\\\/image\\\/\"},\"sameAs\":[\"https:\\\/\\\/www.facebook.com\\\/Suelosport-2042694182686080\\\/\",\"https:\\\/\\\/www.linkedin.com\\\/company\\\/suelosport\\\/\",\"https:\\\/\\\/www.youtube.com\\\/channel\\\/UC1eoryUxD4Fw7f1m5wx_vFg?view_as=subscriber\"]}]}<\/script>\n<!-- \/ Yoast SEO plugin. -->","yoast_head_json":{"title":"Cinta curva - Air Runner | Suelosport - Suelos Deportivos","robots":{"index":"index","follow":"follow","max-snippet":"max-snippet:-1","max-image-preview":"max-image-preview:large","max-video-preview":"max-video-preview:-1"},"canonical":"https:\/\/suelosport.com\/pt-pt\/producto\/cinta-curva-air-runner\/","og_locale":"pt_PT","og_type":"article","og_title":"Cinta curva - Air Runner | Suelosport - Suelos Deportivos","og_description":"La cinta definitiva, autogenerada para entrenamientos intensivos y eficientes.","og_url":"https:\/\/suelosport.com\/pt-pt\/producto\/cinta-curva-air-runner\/","og_site_name":"Suelosport - Suelos Deportivos","article_publisher":"https:\/\/www.facebook.com\/Suelosport-2042694182686080\/","article_modified_time":"2024-04-09T11:57:07+00:00","og_image":[{"width":900,"height":900,"url":"https:\/\/suelosport.com\/wp-content\/uploads\/2024\/04\/Cinta-de-correr-curva-h507-px-Photoroom.jpg","type":"image\/jpeg"}],"twitter_card":"summary_large_image","twitter_misc":{"Tempo estimado de leitura":"2 minutos"},"schema":{"@context":"https:\/\/schema.org","@graph":[{"@type":["WebPage","ItemPage"],"@id":"https:\/\/suelosport.com\/pt-pt\/producto\/cinta-curva-air-runner\/","url":"https:\/\/suelosport.com\/pt-pt\/producto\/cinta-curva-air-runner\/","name":"Cinta curva - Air Runner | Suelosport - Suelos Deportivos","isPartOf":{"@id":"https:\/\/suelosport.com\/pt-pt\/#website"},"primaryImageOfPage":{"@id":"https:\/\/suelosport.com\/pt-pt\/producto\/cinta-curva-air-runner\/#primaryimage"},"image":{"@id":"https:\/\/suelosport.com\/pt-pt\/producto\/cinta-curva-air-runner\/#primaryimage"},"thumbnailUrl":"https:\/\/suelosport.com\/wp-content\/uploads\/2024\/04\/Cinta-de-correr-curva-h507-px-Photoroom.jpg","datePublished":"2024-04-09T09:11:17+00:00","dateModified":"2024-04-09T11:57:07+00:00","breadcrumb":{"@id":"https:\/\/suelosport.com\/pt-pt\/producto\/cinta-curva-air-runner\/#breadcrumb"},"inLanguage":"pt-PT","potentialAction":[{"@type":"ReadAction","target":["https:\/\/suelosport.com\/pt-pt\/producto\/cinta-curva-air-runner\/"]}]},{"@type":"ImageObject","inLanguage":"pt-PT","@id":"https:\/\/suelosport.com\/pt-pt\/producto\/cinta-curva-air-runner\/#primaryimage","url":"https:\/\/suelosport.com\/wp-content\/uploads\/2024\/04\/Cinta-de-correr-curva-h507-px-Photoroom.jpg","contentUrl":"https:\/\/suelosport.com\/wp-content\/uploads\/2024\/04\/Cinta-de-correr-curva-h507-px-Photoroom.jpg","width":900,"height":900,"caption":"Vista lateral cinta de correr curva"},{"@type":"BreadcrumbList","@id":"https:\/\/suelosport.com\/pt-pt\/producto\/cinta-curva-air-runner\/#breadcrumb","itemListElement":[{"@type":"ListItem","position":1,"name":"Portada","item":"https:\/\/suelosport.com\/pt-pt\/"},{"@type":"ListItem","position":2,"name":"Tienda","item":"https:\/\/suelosport.com\/tienda\/"},{"@type":"ListItem","position":3,"name":"Cinta curva &#8211; Air Runner"}]},{"@type":"WebSite","@id":"https:\/\/suelosport.com\/pt-pt\/#website","url":"https:\/\/suelosport.com\/pt-pt\/","name":"Suelosport - Suelos Deportivos","description":"Suelos para gimnasios, suelos de goma, losetas y suelos antideslizantes","publisher":{"@id":"https:\/\/suelosport.com\/pt-pt\/#organization"},"potentialAction":[{"@type":"SearchAction","target":{"@type":"EntryPoint","urlTemplate":"https:\/\/suelosport.com\/pt-pt\/?s={search_term_string}"},"query-input":{"@type":"PropertyValueSpecification","valueRequired":true,"valueName":"search_term_string"}}],"inLanguage":"pt-PT"},{"@type":"Organization","@id":"https:\/\/suelosport.com\/pt-pt\/#organization","name":"Suelosport","url":"https:\/\/suelosport.com\/pt-pt\/","logo":{"@type":"ImageObject","inLanguage":"pt-PT","@id":"https:\/\/suelosport.com\/pt-pt\/#\/schema\/logo\/image\/","url":"https:\/\/suelosport.com\/wp-content\/uploads\/2018\/03\/logo-suelosport.png","contentUrl":"https:\/\/suelosport.com\/wp-content\/uploads\/2018\/03\/logo-suelosport.png","width":300,"height":67,"caption":"Suelosport"},"image":{"@id":"https:\/\/suelosport.com\/pt-pt\/#\/schema\/logo\/image\/"},"sameAs":["https:\/\/www.facebook.com\/Suelosport-2042694182686080\/","https:\/\/www.linkedin.com\/company\/suelosport\/","https:\/\/www.youtube.com\/channel\/UC1eoryUxD4Fw7f1m5wx_vFg?view_as=subscriber"]}]}},"_links":{"self":[{"href":"https:\/\/suelosport.com\/pt-pt\/wp-json\/wp\/v2\/product\/59316","targetHints":{"allow":["GET"]}}],"collection":[{"href":"https:\/\/suelosport.com\/pt-pt\/wp-json\/wp\/v2\/product"}],"about":[{"href":"https:\/\/suelosport.com\/pt-pt\/wp-json\/wp\/v2\/types\/product"}],"replies":[{"embeddable":true,"href":"https:\/\/suelosport.com\/pt-pt\/wp-json\/wp\/v2\/comments?post=59316"}],"wp:featuredmedia":[{"embeddable":true,"href":"https:\/\/suelosport.com\/pt-pt\/wp-json\/wp\/v2\/media\/59465"}],"wp:attachment":[{"href":"https:\/\/suelosport.com\/pt-pt\/wp-json\/wp\/v2\/media?parent=59316"}],"wp:term":[{"taxonomy":"product_brand","embeddable":true,"href":"https:\/\/suelosport.com\/pt-pt\/wp-json\/wp\/v2\/product_brand?post=59316"},{"taxonomy":"product_cat","embeddable":true,"href":"https:\/\/suelosport.com\/pt-pt\/wp-json\/wp\/v2\/product_cat?post=59316"},{"taxonomy":"product_tag","embeddable":true,"href":"https:\/\/suelosport.com\/pt-pt\/wp-json\/wp\/v2\/product_tag?post=59316"}],"curies":[{"name":"wp","href":"https:\/\/api.w.org\/{rel}","templated":true}]}}