{"id":59218,"date":"2024-04-09T10:11:00","date_gmt":"2024-04-09T09:11:00","guid":{"rendered":"https:\/\/suelosport.com\/?post_type=product&#038;p=59218"},"modified":"2026-01-21T09:17:03","modified_gmt":"2026-01-21T08:17:03","slug":"ciclo-indoor-xt1","status":"publish","type":"product","link":"https:\/\/suelosport.com\/pt-pt\/producto\/ciclo-indoor-xt1\/","title":{"rendered":"Ciclo Indoor XT1"},"content":{"rendered":"<h2>Bicicleta Ciclo Indoor XT1<\/h2>\n<p><strong>La Bicicleta Ciclo Indoor XT1<\/strong> &#8211; fusiona <strong>estilo y funcionalidad<\/strong> para brindarte un entrenamiento cardiovascular \u00f3ptimo desde la comodidad de tu hogar.<\/p>\n<p>Con un dise\u00f1o sofisticado que <strong>cumple con est\u00e1ndares de calidad<\/strong> rigurosos, esta bicicleta est\u00e1tica garantiza un entrenamiento completo para <strong>tonificar<\/strong> tanto la parte superior como la inferior del cuerpo.<\/p>\n<p>Gracias a su capacidad de <strong>ajuste de intensidad, velocidad y resistencia<\/strong>, podr\u00e1s personalizar cada sesi\u00f3n seg\u00fan tus necesidades espec\u00edficas. Adem\u00e1s, incorpora caracter\u00edsticas avanzadas como <strong>conectividad Bluetooth<\/strong> compatible con iBiking, <strong>control de pulso por contacto<\/strong> y un pr\u00e1ctico <strong>soporte para tabletas o tel\u00e9fonos,<\/strong> elevando as\u00ed tu experiencia de entrenamiento.<\/p>\n<p>Equipada con un disco de inercia de 25kg y resistencia por fricci\u00f3n, esta bicicleta ofrece un <strong>pedaleo suave y fluido.<\/strong><\/p>\n<p>Con su dise\u00f1o ligero, ruedas para un transporte sencillo, sistema de bloqueo de emergencia y patas ajustables, garantiza <strong>m\u00e1xima seguridad y estabilidad<\/strong> en cada sesi\u00f3n de ejercicio.<\/p>\n<p>Con la XT1, convierte tu hogar en tu propio gimnasio personalizado, donde alcanzar tus metas de fitness nunca fue tan conveniente y efectivo.<\/p>\n","protected":false},"excerpt":{"rendered":"<p>Estilo, funcionalidad y seguridad para tu entrenamiento cardiovascular en casa o en tu gimnasio<\/p>\n","protected":false},"featured_media":59246,"comment_status":"open","ping_status":"closed","template":"","meta":{"inline_featured_image":false},"product_brand":[],"product_cat":[430,1632],"product_tag":[],"class_list":{"0":"post-59218","1":"product","2":"type-product","3":"status-publish","4":"has-post-thumbnail","6":"product_cat-bicicletas-estaticas","7":"product_cat-maquinas-cardio","8":"product_shipping_class-todosmenossuelos","10":"first","11":"instock","12":"taxable","13":"shipping-taxable","14":"purchasable","15":"product-type-simple"},"yoast_head":"<!-- This site is optimized with the Yoast SEO plugin v27.4 - https:\/\/yoast.com\/product\/yoast-seo-wordpress\/ -->\n<title>Bicicleta Ciclo Indoor XT1 |\u00a0Compra online en SUELOSPORT<\/title>\n<meta name=\"description\" content=\"Bicicleta Ciclo Indoor XT1 \u2013 fusiona estilo y funcionalidad para brindarte un entrenamiento cardiovascular \u00f3ptimo desde la comodidad de tu hogar.\" \/>\n<meta name=\"robots\" content=\"index, follow, max-snippet:-1, max-image-preview:large, max-video-preview:-1\" \/>\n<link rel=\"canonical\" href=\"https:\/\/suelosport.com\/pt-pt\/producto\/ciclo-indoor-xt1\/\" \/>\n<meta property=\"og:locale\" content=\"pt_PT\" \/>\n<meta property=\"og:type\" content=\"article\" \/>\n<meta property=\"og:title\" content=\"Bicicleta Ciclo Indoor XT1 |\u00a0Compra online en SUELOSPORT\" \/>\n<meta property=\"og:description\" content=\"Bicicleta Ciclo Indoor XT1 \u2013 fusiona estilo y funcionalidad para brindarte un entrenamiento cardiovascular \u00f3ptimo desde la comodidad de tu hogar.\" \/>\n<meta property=\"og:url\" content=\"https:\/\/suelosport.com\/pt-pt\/producto\/ciclo-indoor-xt1\/\" \/>\n<meta property=\"og:site_name\" content=\"Suelosport - Suelos Deportivos\" \/>\n<meta property=\"article:publisher\" content=\"https:\/\/www.facebook.com\/Suelosport-2042694182686080\/\" \/>\n<meta property=\"article:modified_time\" content=\"2026-01-21T08:17:03+00:00\" \/>\n<meta property=\"og:image\" content=\"https:\/\/suelosport.com\/wp-content\/uploads\/2024\/04\/XT1-Etenon-Ciclo-Indoor-lateral.jpg\" \/>\n\t<meta property=\"og:image:width\" content=\"992\" \/>\n\t<meta property=\"og:image:height\" content=\"850\" \/>\n\t<meta property=\"og:image:type\" content=\"image\/jpeg\" \/>\n<meta name=\"twitter:card\" content=\"summary_large_image\" \/>\n<meta name=\"twitter:label1\" content=\"Tempo estimado de leitura\" \/>\n\t<meta name=\"twitter:data1\" content=\"1 minuto\" \/>\n<script type=\"application\/ld+json\" class=\"yoast-schema-graph\">{\"@context\":\"https:\\\/\\\/schema.org\",\"@graph\":[{\"@type\":[\"WebPage\",\"ItemPage\"],\"@id\":\"https:\\\/\\\/suelosport.com\\\/pt-pt\\\/producto\\\/ciclo-indoor-xt1\\\/\",\"url\":\"https:\\\/\\\/suelosport.com\\\/pt-pt\\\/producto\\\/ciclo-indoor-xt1\\\/\",\"name\":\"Bicicleta Ciclo Indoor XT1 |\u00a0Compra online en SUELOSPORT\",\"isPartOf\":{\"@id\":\"https:\\\/\\\/suelosport.com\\\/pt-pt\\\/#website\"},\"primaryImageOfPage\":{\"@id\":\"https:\\\/\\\/suelosport.com\\\/pt-pt\\\/producto\\\/ciclo-indoor-xt1\\\/#primaryimage\"},\"image\":{\"@id\":\"https:\\\/\\\/suelosport.com\\\/pt-pt\\\/producto\\\/ciclo-indoor-xt1\\\/#primaryimage\"},\"thumbnailUrl\":\"https:\\\/\\\/suelosport.com\\\/wp-content\\\/uploads\\\/2024\\\/04\\\/XT1-Etenon-Ciclo-Indoor-lateral.jpg\",\"datePublished\":\"2024-04-09T09:11:00+00:00\",\"dateModified\":\"2026-01-21T08:17:03+00:00\",\"description\":\"Bicicleta Ciclo Indoor XT1 \u2013 fusiona estilo y funcionalidad para brindarte un entrenamiento cardiovascular \u00f3ptimo desde la comodidad de tu hogar.\",\"breadcrumb\":{\"@id\":\"https:\\\/\\\/suelosport.com\\\/pt-pt\\\/producto\\\/ciclo-indoor-xt1\\\/#breadcrumb\"},\"inLanguage\":\"pt-PT\",\"potentialAction\":[{\"@type\":\"ReadAction\",\"target\":[\"https:\\\/\\\/suelosport.com\\\/pt-pt\\\/producto\\\/ciclo-indoor-xt1\\\/\"]}]},{\"@type\":\"ImageObject\",\"inLanguage\":\"pt-PT\",\"@id\":\"https:\\\/\\\/suelosport.com\\\/pt-pt\\\/producto\\\/ciclo-indoor-xt1\\\/#primaryimage\",\"url\":\"https:\\\/\\\/suelosport.com\\\/wp-content\\\/uploads\\\/2024\\\/04\\\/XT1-Etenon-Ciclo-Indoor-lateral.jpg\",\"contentUrl\":\"https:\\\/\\\/suelosport.com\\\/wp-content\\\/uploads\\\/2024\\\/04\\\/XT1-Etenon-Ciclo-Indoor-lateral.jpg\",\"width\":992,\"height\":850,\"caption\":\"Bicicleta est\u00e1tica XT1 vista de frente\"},{\"@type\":\"BreadcrumbList\",\"@id\":\"https:\\\/\\\/suelosport.com\\\/pt-pt\\\/producto\\\/ciclo-indoor-xt1\\\/#breadcrumb\",\"itemListElement\":[{\"@type\":\"ListItem\",\"position\":1,\"name\":\"Portada\",\"item\":\"https:\\\/\\\/suelosport.com\\\/pt-pt\\\/\"},{\"@type\":\"ListItem\",\"position\":2,\"name\":\"Tienda\",\"item\":\"https:\\\/\\\/suelosport.com\\\/tienda\\\/\"},{\"@type\":\"ListItem\",\"position\":3,\"name\":\"Ciclo Indoor XT1\"}]},{\"@type\":\"WebSite\",\"@id\":\"https:\\\/\\\/suelosport.com\\\/pt-pt\\\/#website\",\"url\":\"https:\\\/\\\/suelosport.com\\\/pt-pt\\\/\",\"name\":\"Suelosport - Suelos Deportivos\",\"description\":\"Suelos para gimnasios, suelos de goma, losetas y suelos antideslizantes\",\"publisher\":{\"@id\":\"https:\\\/\\\/suelosport.com\\\/pt-pt\\\/#organization\"},\"potentialAction\":[{\"@type\":\"SearchAction\",\"target\":{\"@type\":\"EntryPoint\",\"urlTemplate\":\"https:\\\/\\\/suelosport.com\\\/pt-pt\\\/?s={search_term_string}\"},\"query-input\":{\"@type\":\"PropertyValueSpecification\",\"valueRequired\":true,\"valueName\":\"search_term_string\"}}],\"inLanguage\":\"pt-PT\"},{\"@type\":\"Organization\",\"@id\":\"https:\\\/\\\/suelosport.com\\\/pt-pt\\\/#organization\",\"name\":\"Suelosport\",\"url\":\"https:\\\/\\\/suelosport.com\\\/pt-pt\\\/\",\"logo\":{\"@type\":\"ImageObject\",\"inLanguage\":\"pt-PT\",\"@id\":\"https:\\\/\\\/suelosport.com\\\/pt-pt\\\/#\\\/schema\\\/logo\\\/image\\\/\",\"url\":\"https:\\\/\\\/suelosport.com\\\/wp-content\\\/uploads\\\/2018\\\/03\\\/logo-suelosport.png\",\"contentUrl\":\"https:\\\/\\\/suelosport.com\\\/wp-content\\\/uploads\\\/2018\\\/03\\\/logo-suelosport.png\",\"width\":300,\"height\":67,\"caption\":\"Suelosport\"},\"image\":{\"@id\":\"https:\\\/\\\/suelosport.com\\\/pt-pt\\\/#\\\/schema\\\/logo\\\/image\\\/\"},\"sameAs\":[\"https:\\\/\\\/www.facebook.com\\\/Suelosport-2042694182686080\\\/\",\"https:\\\/\\\/www.linkedin.com\\\/company\\\/suelosport\\\/\",\"https:\\\/\\\/www.youtube.com\\\/channel\\\/UC1eoryUxD4Fw7f1m5wx_vFg?view_as=subscriber\"]}]}<\/script>\n<!-- \/ Yoast SEO plugin. -->","yoast_head_json":{"title":"Bicicleta Ciclo Indoor XT1 |\u00a0Compra online en SUELOSPORT","description":"Bicicleta Ciclo Indoor XT1 \u2013 fusiona estilo y funcionalidad para brindarte un entrenamiento cardiovascular \u00f3ptimo desde la comodidad de tu hogar.","robots":{"index":"index","follow":"follow","max-snippet":"max-snippet:-1","max-image-preview":"max-image-preview:large","max-video-preview":"max-video-preview:-1"},"canonical":"https:\/\/suelosport.com\/pt-pt\/producto\/ciclo-indoor-xt1\/","og_locale":"pt_PT","og_type":"article","og_title":"Bicicleta Ciclo Indoor XT1 |\u00a0Compra online en SUELOSPORT","og_description":"Bicicleta Ciclo Indoor XT1 \u2013 fusiona estilo y funcionalidad para brindarte un entrenamiento cardiovascular \u00f3ptimo desde la comodidad de tu hogar.","og_url":"https:\/\/suelosport.com\/pt-pt\/producto\/ciclo-indoor-xt1\/","og_site_name":"Suelosport - Suelos Deportivos","article_publisher":"https:\/\/www.facebook.com\/Suelosport-2042694182686080\/","article_modified_time":"2026-01-21T08:17:03+00:00","og_image":[{"width":992,"height":850,"url":"https:\/\/suelosport.com\/wp-content\/uploads\/2024\/04\/XT1-Etenon-Ciclo-Indoor-lateral.jpg","type":"image\/jpeg"}],"twitter_card":"summary_large_image","twitter_misc":{"Tempo estimado de leitura":"1 minuto"},"schema":{"@context":"https:\/\/schema.org","@graph":[{"@type":["WebPage","ItemPage"],"@id":"https:\/\/suelosport.com\/pt-pt\/producto\/ciclo-indoor-xt1\/","url":"https:\/\/suelosport.com\/pt-pt\/producto\/ciclo-indoor-xt1\/","name":"Bicicleta Ciclo Indoor XT1 |\u00a0Compra online en SUELOSPORT","isPartOf":{"@id":"https:\/\/suelosport.com\/pt-pt\/#website"},"primaryImageOfPage":{"@id":"https:\/\/suelosport.com\/pt-pt\/producto\/ciclo-indoor-xt1\/#primaryimage"},"image":{"@id":"https:\/\/suelosport.com\/pt-pt\/producto\/ciclo-indoor-xt1\/#primaryimage"},"thumbnailUrl":"https:\/\/suelosport.com\/wp-content\/uploads\/2024\/04\/XT1-Etenon-Ciclo-Indoor-lateral.jpg","datePublished":"2024-04-09T09:11:00+00:00","dateModified":"2026-01-21T08:17:03+00:00","description":"Bicicleta Ciclo Indoor XT1 \u2013 fusiona estilo y funcionalidad para brindarte un entrenamiento cardiovascular \u00f3ptimo desde la comodidad de tu hogar.","breadcrumb":{"@id":"https:\/\/suelosport.com\/pt-pt\/producto\/ciclo-indoor-xt1\/#breadcrumb"},"inLanguage":"pt-PT","potentialAction":[{"@type":"ReadAction","target":["https:\/\/suelosport.com\/pt-pt\/producto\/ciclo-indoor-xt1\/"]}]},{"@type":"ImageObject","inLanguage":"pt-PT","@id":"https:\/\/suelosport.com\/pt-pt\/producto\/ciclo-indoor-xt1\/#primaryimage","url":"https:\/\/suelosport.com\/wp-content\/uploads\/2024\/04\/XT1-Etenon-Ciclo-Indoor-lateral.jpg","contentUrl":"https:\/\/suelosport.com\/wp-content\/uploads\/2024\/04\/XT1-Etenon-Ciclo-Indoor-lateral.jpg","width":992,"height":850,"caption":"Bicicleta est\u00e1tica XT1 vista de frente"},{"@type":"BreadcrumbList","@id":"https:\/\/suelosport.com\/pt-pt\/producto\/ciclo-indoor-xt1\/#breadcrumb","itemListElement":[{"@type":"ListItem","position":1,"name":"Portada","item":"https:\/\/suelosport.com\/pt-pt\/"},{"@type":"ListItem","position":2,"name":"Tienda","item":"https:\/\/suelosport.com\/tienda\/"},{"@type":"ListItem","position":3,"name":"Ciclo Indoor XT1"}]},{"@type":"WebSite","@id":"https:\/\/suelosport.com\/pt-pt\/#website","url":"https:\/\/suelosport.com\/pt-pt\/","name":"Suelosport - Suelos Deportivos","description":"Suelos para gimnasios, suelos de goma, losetas y suelos antideslizantes","publisher":{"@id":"https:\/\/suelosport.com\/pt-pt\/#organization"},"potentialAction":[{"@type":"SearchAction","target":{"@type":"EntryPoint","urlTemplate":"https:\/\/suelosport.com\/pt-pt\/?s={search_term_string}"},"query-input":{"@type":"PropertyValueSpecification","valueRequired":true,"valueName":"search_term_string"}}],"inLanguage":"pt-PT"},{"@type":"Organization","@id":"https:\/\/suelosport.com\/pt-pt\/#organization","name":"Suelosport","url":"https:\/\/suelosport.com\/pt-pt\/","logo":{"@type":"ImageObject","inLanguage":"pt-PT","@id":"https:\/\/suelosport.com\/pt-pt\/#\/schema\/logo\/image\/","url":"https:\/\/suelosport.com\/wp-content\/uploads\/2018\/03\/logo-suelosport.png","contentUrl":"https:\/\/suelosport.com\/wp-content\/uploads\/2018\/03\/logo-suelosport.png","width":300,"height":67,"caption":"Suelosport"},"image":{"@id":"https:\/\/suelosport.com\/pt-pt\/#\/schema\/logo\/image\/"},"sameAs":["https:\/\/www.facebook.com\/Suelosport-2042694182686080\/","https:\/\/www.linkedin.com\/company\/suelosport\/","https:\/\/www.youtube.com\/channel\/UC1eoryUxD4Fw7f1m5wx_vFg?view_as=subscriber"]}]}},"_links":{"self":[{"href":"https:\/\/suelosport.com\/pt-pt\/wp-json\/wp\/v2\/product\/59218","targetHints":{"allow":["GET"]}}],"collection":[{"href":"https:\/\/suelosport.com\/pt-pt\/wp-json\/wp\/v2\/product"}],"about":[{"href":"https:\/\/suelosport.com\/pt-pt\/wp-json\/wp\/v2\/types\/product"}],"replies":[{"embeddable":true,"href":"https:\/\/suelosport.com\/pt-pt\/wp-json\/wp\/v2\/comments?post=59218"}],"wp:featuredmedia":[{"embeddable":true,"href":"https:\/\/suelosport.com\/pt-pt\/wp-json\/wp\/v2\/media\/59246"}],"wp:attachment":[{"href":"https:\/\/suelosport.com\/pt-pt\/wp-json\/wp\/v2\/media?parent=59218"}],"wp:term":[{"taxonomy":"product_brand","embeddable":true,"href":"https:\/\/suelosport.com\/pt-pt\/wp-json\/wp\/v2\/product_brand?post=59218"},{"taxonomy":"product_cat","embeddable":true,"href":"https:\/\/suelosport.com\/pt-pt\/wp-json\/wp\/v2\/product_cat?post=59218"},{"taxonomy":"product_tag","embeddable":true,"href":"https:\/\/suelosport.com\/pt-pt\/wp-json\/wp\/v2\/product_tag?post=59218"}],"curies":[{"name":"wp","href":"https:\/\/api.w.org\/{rel}","templated":true}]}}