{"id":58646,"date":"2024-03-15T11:07:22","date_gmt":"2024-03-15T10:07:22","guid":{"rendered":"https:\/\/suelosport.com\/?post_type=product&#038;p=58646"},"modified":"2026-01-26T15:39:54","modified_gmt":"2026-01-26T14:39:54","slug":"mancuernero-3-niveles","status":"publish","type":"product","link":"https:\/\/suelosport.com\/pt-pt\/producto\/mancuernero-3-niveles\/","title":{"rendered":"Mancuernero 3 niveles"},"content":{"rendered":"<div class=\"flex-1 overflow-hidden\">\n<div class=\"react-scroll-to-bottom--css-jnfbf-79elbk h-full\">\n<div class=\"react-scroll-to-bottom--css-jnfbf-1n7m0yu\">\n<div class=\"flex flex-col text-sm pb-9\">\n<div class=\"w-full text-token-text-primary\" data-testid=\"conversation-turn-3\">\n<div class=\"px-4 py-2 justify-center text-base md:gap-6 m-auto\">\n<div class=\"flex flex-1 text-base mx-auto gap-3 md:px-5 lg:px-1 xl:px-5 md:max-w-3xl lg:max-w-[40rem] xl:max-w-[48rem] group final-completion\">\n<div class=\"relative flex w-full flex-col agent-turn\">\n<div class=\"flex-col gap-1 md:gap-3\">\n<div class=\"flex flex-grow flex-col max-w-full\">\n<div class=\"min-h-[20px] text-message flex flex-col items-start gap-3 whitespace-pre-wrap break-words [.text-message+&amp;]:mt-5 overflow-x-auto\" data-message-author-role=\"assistant\" data-message-id=\"38b52207-d83d-4e60-820c-1b080358f945\">\n<div class=\"markdown prose w-full break-words dark:prose-invert dark\">\n<p><span style=\"color: #000000;\">Mancuernero de <strong>a<\/strong><strong>cero resistente,<\/strong> ofrece una construcci\u00f3n robusta, con acabado en negro.<\/span><\/p>\n<p><span style=\"color: #000000;\">Su capacidad de <strong>carga m\u00e1xima<\/strong> es de <strong>450 kg<\/strong>, y te permite almacenar tus mancuernas de forma segura y accesible.<\/span><\/p>\n<p><span style=\"color: #000000;\">Con <strong>tres estantes<\/strong> espaciosos, cada uno con 105 cm de espacio de almacenamiento, este mancuernero proporciona <strong>m\u00e1s de 300 cm de almacenamiento<\/strong> <strong>total<\/strong> para tus mancuernas, asegurando un acceso f\u00e1cil y seguro.<\/span><\/p>\n<p><span style=\"color: #000000;\">Para un montaje sin complicaciones, te ofrecemos un <strong>consejo importante<\/strong>: no aprietes los tornillos hasta que el mancuernero est\u00e9 completamente ensamblado. Adem\u00e1s, aseg\u00farate de colocar el mancuernero en una superficie plana y nivelada antes de apretar los tornillos, tuercas, o dem\u00e1s elementos, para evitar cualquier sensaci\u00f3n de desequilibrio.<\/span><\/p>\n<p><span style=\"color: #000000;\"><strong>Especificaciones<\/strong>:<\/span><\/p>\n<ul>\n<li><span style=\"color: #000000;\"><strong>Dimensiones<\/strong>: Longitud de 1170 mm x Ancho de 460 mm x Altura de 880 mm<\/span><\/li>\n<li><span style=\"color: #000000;\"><strong>Peso neto:<\/strong> 36.5 kg<\/span><\/li>\n<\/ul>\n<p><span style=\"color: #000000;\">Aprovecha al m\u00e1ximo tu entrenamiento con nuestro Mancuernero de Acero Resistente, una adici\u00f3n imprescindible para cualquier entusiasta del fitness, ya sea para tu espacio de entrenamiento en casa, o para tu gimnasio.<\/span><\/p>\n<\/div>\n<\/div>\n<\/div>\n<\/div>\n<\/div>\n<\/div>\n<\/div>\n<\/div>\n<\/div>\n<\/div>\n<\/div>\n<\/div>\n","protected":false},"excerpt":{"rendered":"<p>Mancuernero imprescindible en tu zona de entrenamiento.<\/p>\n<p>Organiza tus mancuernas con m\u00e1s de 300 cm de almacenamiento.<\/p>\n<p>Carga m\u00e1xima de 450 kg.<\/p>\n","protected":false},"featured_media":61287,"comment_status":"open","ping_status":"closed","template":"","meta":{"inline_featured_image":false},"product_brand":[],"product_cat":[1800,1801],"product_tag":[1877,1901,1902,201,1903,506,1904,531,533],"class_list":{"0":"post-58646","1":"product","2":"type-product","3":"status-publish","4":"has-post-thumbnail","6":"product_cat-material-fitness","7":"product_cat-musculacion","8":"product_tag-set-mancuernas","9":"product_tag-organizar-mancuernas","10":"product_tag-orden-mancuernas","11":"product_tag-gimnasio","12":"product_tag-estante-mancuernas","13":"product_tag-mancuernas","14":"product_tag-estante-3-niveles","15":"product_tag-mancuerna","16":"product_tag-mancuernero","17":"product_shipping_class-todosmenossuelos","19":"first","20":"instock","21":"sale","22":"taxable","23":"shipping-taxable","24":"purchasable","25":"product-type-simple"},"yoast_head":"<!-- This site is optimized with the Yoast SEO plugin v27.4 - https:\/\/yoast.com\/product\/yoast-seo-wordpress\/ -->\n<title>Mancuernero 3 niveles | Suelosport - Suelos Deportivos<\/title>\n<meta name=\"description\" content=\"Organiza tus mancuernas con m\u00e1s de 300 cm de almacenamiento. Perfecto para tu espacio de entrenamiento en casa, o para tu gimnasio.\" \/>\n<meta name=\"robots\" content=\"index, follow, max-snippet:-1, max-image-preview:large, max-video-preview:-1\" \/>\n<link rel=\"canonical\" href=\"https:\/\/suelosport.com\/pt-pt\/producto\/mancuernero-3-niveles\/\" \/>\n<meta property=\"og:locale\" content=\"pt_PT\" \/>\n<meta property=\"og:type\" content=\"article\" \/>\n<meta property=\"og:title\" content=\"Mancuernero 3 niveles | Suelosport - Suelos Deportivos\" \/>\n<meta property=\"og:description\" content=\"Organiza tus mancuernas con m\u00e1s de 300 cm de almacenamiento. Perfecto para tu espacio de entrenamiento en casa, o para tu gimnasio.\" \/>\n<meta property=\"og:url\" content=\"https:\/\/suelosport.com\/pt-pt\/producto\/mancuernero-3-niveles\/\" \/>\n<meta property=\"og:site_name\" content=\"Suelosport - Suelos Deportivos\" \/>\n<meta property=\"article:publisher\" content=\"https:\/\/www.facebook.com\/Suelosport-2042694182686080\/\" \/>\n<meta property=\"article:modified_time\" content=\"2026-01-26T14:39:54+00:00\" \/>\n<meta property=\"og:image\" content=\"https:\/\/suelosport.com\/wp-content\/uploads\/2024\/03\/Mancuernero_3_estantes-510x680-1.jpg\" \/>\n\t<meta property=\"og:image:width\" content=\"510\" \/>\n\t<meta property=\"og:image:height\" content=\"510\" \/>\n\t<meta property=\"og:image:type\" content=\"image\/jpeg\" \/>\n<meta name=\"twitter:card\" content=\"summary_large_image\" \/>\n<meta name=\"twitter:label1\" content=\"Tempo estimado de leitura\" \/>\n\t<meta name=\"twitter:data1\" content=\"1 minuto\" \/>\n<script type=\"application\/ld+json\" class=\"yoast-schema-graph\">{\"@context\":\"https:\\\/\\\/schema.org\",\"@graph\":[{\"@type\":[\"WebPage\",\"ItemPage\"],\"@id\":\"https:\\\/\\\/suelosport.com\\\/pt-pt\\\/producto\\\/mancuernero-3-niveles\\\/\",\"url\":\"https:\\\/\\\/suelosport.com\\\/pt-pt\\\/producto\\\/mancuernero-3-niveles\\\/\",\"name\":\"Mancuernero 3 niveles | Suelosport - Suelos Deportivos\",\"isPartOf\":{\"@id\":\"https:\\\/\\\/suelosport.com\\\/pt-pt\\\/#website\"},\"primaryImageOfPage\":{\"@id\":\"https:\\\/\\\/suelosport.com\\\/pt-pt\\\/producto\\\/mancuernero-3-niveles\\\/#primaryimage\"},\"image\":{\"@id\":\"https:\\\/\\\/suelosport.com\\\/pt-pt\\\/producto\\\/mancuernero-3-niveles\\\/#primaryimage\"},\"thumbnailUrl\":\"https:\\\/\\\/suelosport.com\\\/wp-content\\\/uploads\\\/2024\\\/03\\\/Mancuernero_3_estantes-510x680-1.jpg\",\"datePublished\":\"2024-03-15T10:07:22+00:00\",\"dateModified\":\"2026-01-26T14:39:54+00:00\",\"description\":\"Organiza tus mancuernas con m\u00e1s de 300 cm de almacenamiento. Perfecto para tu espacio de entrenamiento en casa, o para tu gimnasio.\",\"breadcrumb\":{\"@id\":\"https:\\\/\\\/suelosport.com\\\/pt-pt\\\/producto\\\/mancuernero-3-niveles\\\/#breadcrumb\"},\"inLanguage\":\"pt-PT\",\"potentialAction\":[{\"@type\":\"ReadAction\",\"target\":[\"https:\\\/\\\/suelosport.com\\\/pt-pt\\\/producto\\\/mancuernero-3-niveles\\\/\"]}]},{\"@type\":\"ImageObject\",\"inLanguage\":\"pt-PT\",\"@id\":\"https:\\\/\\\/suelosport.com\\\/pt-pt\\\/producto\\\/mancuernero-3-niveles\\\/#primaryimage\",\"url\":\"https:\\\/\\\/suelosport.com\\\/wp-content\\\/uploads\\\/2024\\\/03\\\/Mancuernero_3_estantes-510x680-1.jpg\",\"contentUrl\":\"https:\\\/\\\/suelosport.com\\\/wp-content\\\/uploads\\\/2024\\\/03\\\/Mancuernero_3_estantes-510x680-1.jpg\",\"width\":510,\"height\":510,\"caption\":\"Mancuernero 3 estantes\"},{\"@type\":\"BreadcrumbList\",\"@id\":\"https:\\\/\\\/suelosport.com\\\/pt-pt\\\/producto\\\/mancuernero-3-niveles\\\/#breadcrumb\",\"itemListElement\":[{\"@type\":\"ListItem\",\"position\":1,\"name\":\"Portada\",\"item\":\"https:\\\/\\\/suelosport.com\\\/pt-pt\\\/\"},{\"@type\":\"ListItem\",\"position\":2,\"name\":\"Tienda\",\"item\":\"https:\\\/\\\/suelosport.com\\\/tienda\\\/\"},{\"@type\":\"ListItem\",\"position\":3,\"name\":\"Mancuernero 3 niveles\"}]},{\"@type\":\"WebSite\",\"@id\":\"https:\\\/\\\/suelosport.com\\\/pt-pt\\\/#website\",\"url\":\"https:\\\/\\\/suelosport.com\\\/pt-pt\\\/\",\"name\":\"Suelosport - Suelos Deportivos\",\"description\":\"Suelos para gimnasios, suelos de goma, losetas y suelos antideslizantes\",\"publisher\":{\"@id\":\"https:\\\/\\\/suelosport.com\\\/pt-pt\\\/#organization\"},\"potentialAction\":[{\"@type\":\"SearchAction\",\"target\":{\"@type\":\"EntryPoint\",\"urlTemplate\":\"https:\\\/\\\/suelosport.com\\\/pt-pt\\\/?s={search_term_string}\"},\"query-input\":{\"@type\":\"PropertyValueSpecification\",\"valueRequired\":true,\"valueName\":\"search_term_string\"}}],\"inLanguage\":\"pt-PT\"},{\"@type\":\"Organization\",\"@id\":\"https:\\\/\\\/suelosport.com\\\/pt-pt\\\/#organization\",\"name\":\"Suelosport\",\"url\":\"https:\\\/\\\/suelosport.com\\\/pt-pt\\\/\",\"logo\":{\"@type\":\"ImageObject\",\"inLanguage\":\"pt-PT\",\"@id\":\"https:\\\/\\\/suelosport.com\\\/pt-pt\\\/#\\\/schema\\\/logo\\\/image\\\/\",\"url\":\"https:\\\/\\\/suelosport.com\\\/wp-content\\\/uploads\\\/2018\\\/03\\\/logo-suelosport.png\",\"contentUrl\":\"https:\\\/\\\/suelosport.com\\\/wp-content\\\/uploads\\\/2018\\\/03\\\/logo-suelosport.png\",\"width\":300,\"height\":67,\"caption\":\"Suelosport\"},\"image\":{\"@id\":\"https:\\\/\\\/suelosport.com\\\/pt-pt\\\/#\\\/schema\\\/logo\\\/image\\\/\"},\"sameAs\":[\"https:\\\/\\\/www.facebook.com\\\/Suelosport-2042694182686080\\\/\",\"https:\\\/\\\/www.linkedin.com\\\/company\\\/suelosport\\\/\",\"https:\\\/\\\/www.youtube.com\\\/channel\\\/UC1eoryUxD4Fw7f1m5wx_vFg?view_as=subscriber\"]}]}<\/script>\n<!-- \/ Yoast SEO plugin. -->","yoast_head_json":{"title":"Mancuernero 3 niveles | Suelosport - Suelos Deportivos","description":"Organiza tus mancuernas con m\u00e1s de 300 cm de almacenamiento. Perfecto para tu espacio de entrenamiento en casa, o para tu gimnasio.","robots":{"index":"index","follow":"follow","max-snippet":"max-snippet:-1","max-image-preview":"max-image-preview:large","max-video-preview":"max-video-preview:-1"},"canonical":"https:\/\/suelosport.com\/pt-pt\/producto\/mancuernero-3-niveles\/","og_locale":"pt_PT","og_type":"article","og_title":"Mancuernero 3 niveles | Suelosport - Suelos Deportivos","og_description":"Organiza tus mancuernas con m\u00e1s de 300 cm de almacenamiento. Perfecto para tu espacio de entrenamiento en casa, o para tu gimnasio.","og_url":"https:\/\/suelosport.com\/pt-pt\/producto\/mancuernero-3-niveles\/","og_site_name":"Suelosport - Suelos Deportivos","article_publisher":"https:\/\/www.facebook.com\/Suelosport-2042694182686080\/","article_modified_time":"2026-01-26T14:39:54+00:00","og_image":[{"width":510,"height":510,"url":"https:\/\/suelosport.com\/wp-content\/uploads\/2024\/03\/Mancuernero_3_estantes-510x680-1.jpg","type":"image\/jpeg"}],"twitter_card":"summary_large_image","twitter_misc":{"Tempo estimado de leitura":"1 minuto"},"schema":{"@context":"https:\/\/schema.org","@graph":[{"@type":["WebPage","ItemPage"],"@id":"https:\/\/suelosport.com\/pt-pt\/producto\/mancuernero-3-niveles\/","url":"https:\/\/suelosport.com\/pt-pt\/producto\/mancuernero-3-niveles\/","name":"Mancuernero 3 niveles | Suelosport - Suelos Deportivos","isPartOf":{"@id":"https:\/\/suelosport.com\/pt-pt\/#website"},"primaryImageOfPage":{"@id":"https:\/\/suelosport.com\/pt-pt\/producto\/mancuernero-3-niveles\/#primaryimage"},"image":{"@id":"https:\/\/suelosport.com\/pt-pt\/producto\/mancuernero-3-niveles\/#primaryimage"},"thumbnailUrl":"https:\/\/suelosport.com\/wp-content\/uploads\/2024\/03\/Mancuernero_3_estantes-510x680-1.jpg","datePublished":"2024-03-15T10:07:22+00:00","dateModified":"2026-01-26T14:39:54+00:00","description":"Organiza tus mancuernas con m\u00e1s de 300 cm de almacenamiento. Perfecto para tu espacio de entrenamiento en casa, o para tu gimnasio.","breadcrumb":{"@id":"https:\/\/suelosport.com\/pt-pt\/producto\/mancuernero-3-niveles\/#breadcrumb"},"inLanguage":"pt-PT","potentialAction":[{"@type":"ReadAction","target":["https:\/\/suelosport.com\/pt-pt\/producto\/mancuernero-3-niveles\/"]}]},{"@type":"ImageObject","inLanguage":"pt-PT","@id":"https:\/\/suelosport.com\/pt-pt\/producto\/mancuernero-3-niveles\/#primaryimage","url":"https:\/\/suelosport.com\/wp-content\/uploads\/2024\/03\/Mancuernero_3_estantes-510x680-1.jpg","contentUrl":"https:\/\/suelosport.com\/wp-content\/uploads\/2024\/03\/Mancuernero_3_estantes-510x680-1.jpg","width":510,"height":510,"caption":"Mancuernero 3 estantes"},{"@type":"BreadcrumbList","@id":"https:\/\/suelosport.com\/pt-pt\/producto\/mancuernero-3-niveles\/#breadcrumb","itemListElement":[{"@type":"ListItem","position":1,"name":"Portada","item":"https:\/\/suelosport.com\/pt-pt\/"},{"@type":"ListItem","position":2,"name":"Tienda","item":"https:\/\/suelosport.com\/tienda\/"},{"@type":"ListItem","position":3,"name":"Mancuernero 3 niveles"}]},{"@type":"WebSite","@id":"https:\/\/suelosport.com\/pt-pt\/#website","url":"https:\/\/suelosport.com\/pt-pt\/","name":"Suelosport - Suelos Deportivos","description":"Suelos para gimnasios, suelos de goma, losetas y suelos antideslizantes","publisher":{"@id":"https:\/\/suelosport.com\/pt-pt\/#organization"},"potentialAction":[{"@type":"SearchAction","target":{"@type":"EntryPoint","urlTemplate":"https:\/\/suelosport.com\/pt-pt\/?s={search_term_string}"},"query-input":{"@type":"PropertyValueSpecification","valueRequired":true,"valueName":"search_term_string"}}],"inLanguage":"pt-PT"},{"@type":"Organization","@id":"https:\/\/suelosport.com\/pt-pt\/#organization","name":"Suelosport","url":"https:\/\/suelosport.com\/pt-pt\/","logo":{"@type":"ImageObject","inLanguage":"pt-PT","@id":"https:\/\/suelosport.com\/pt-pt\/#\/schema\/logo\/image\/","url":"https:\/\/suelosport.com\/wp-content\/uploads\/2018\/03\/logo-suelosport.png","contentUrl":"https:\/\/suelosport.com\/wp-content\/uploads\/2018\/03\/logo-suelosport.png","width":300,"height":67,"caption":"Suelosport"},"image":{"@id":"https:\/\/suelosport.com\/pt-pt\/#\/schema\/logo\/image\/"},"sameAs":["https:\/\/www.facebook.com\/Suelosport-2042694182686080\/","https:\/\/www.linkedin.com\/company\/suelosport\/","https:\/\/www.youtube.com\/channel\/UC1eoryUxD4Fw7f1m5wx_vFg?view_as=subscriber"]}]}},"_links":{"self":[{"href":"https:\/\/suelosport.com\/pt-pt\/wp-json\/wp\/v2\/product\/58646","targetHints":{"allow":["GET"]}}],"collection":[{"href":"https:\/\/suelosport.com\/pt-pt\/wp-json\/wp\/v2\/product"}],"about":[{"href":"https:\/\/suelosport.com\/pt-pt\/wp-json\/wp\/v2\/types\/product"}],"replies":[{"embeddable":true,"href":"https:\/\/suelosport.com\/pt-pt\/wp-json\/wp\/v2\/comments?post=58646"}],"wp:featuredmedia":[{"embeddable":true,"href":"https:\/\/suelosport.com\/pt-pt\/wp-json\/wp\/v2\/media\/61287"}],"wp:attachment":[{"href":"https:\/\/suelosport.com\/pt-pt\/wp-json\/wp\/v2\/media?parent=58646"}],"wp:term":[{"taxonomy":"product_brand","embeddable":true,"href":"https:\/\/suelosport.com\/pt-pt\/wp-json\/wp\/v2\/product_brand?post=58646"},{"taxonomy":"product_cat","embeddable":true,"href":"https:\/\/suelosport.com\/pt-pt\/wp-json\/wp\/v2\/product_cat?post=58646"},{"taxonomy":"product_tag","embeddable":true,"href":"https:\/\/suelosport.com\/pt-pt\/wp-json\/wp\/v2\/product_tag?post=58646"}],"curies":[{"name":"wp","href":"https:\/\/api.w.org\/{rel}","templated":true}]}}