{"id":57665,"date":"2024-01-22T10:11:47","date_gmt":"2024-01-22T09:11:47","guid":{"rendered":"https:\/\/suelosport.com\/?post_type=product&#038;p=57665"},"modified":"2026-01-22T12:31:38","modified_gmt":"2026-01-22T11:31:38","slug":"kit-power-bag-color-fiuri","status":"publish","type":"product","link":"https:\/\/suelosport.com\/pt-pt\/producto\/kit-power-bag-color-fiuri\/","title":{"rendered":"kit power bag color FIURI"},"content":{"rendered":"<p>Kit de Power Bag, tu aliado perfecto para elevar gradualmente tu nivel de exigencia en cada sesi\u00f3n de entrenamiento.<\/p>\n<p>Estos Power Bags se convierten en elementos esenciales al realizar tu entrenamiento funcional o de cross training, permiti\u00e9ndote ejecutar movimientos como sentadillas o cargadas de hombros. Este kit es clave para mejorar tu explosividad y fuerza, abarcando tanto el tren superior como el tren inferior.<\/p>\n<p>Con la posibilidad de ajustar la intensidad seg\u00fan el peso seleccionado, los Power Bags ofrecen un desaf\u00edo personalizado para tu progresi\u00f3n. Este kit se ha convertido en un imprescindible en cualquier centro de entrenamiento, proporcionando una herramienta vers\u00e1til y efectiva para alcanzar tus metas de fitness.<\/p>\n<p>Invierte en tu rendimiento con nuestro Kit de Power Bag, dise\u00f1ado para impulsar tu entrenamiento funcional y de cross training. \u00a1Descubre la diferencia que puede marcar en tu rutina diaria de ejercicios!<\/p>\n","protected":false},"excerpt":{"rendered":"<p>Kit de Power Bag, tu aliado perfecto para elevar gradualmente tu nivel de exigencia en cada sesi\u00f3n de entrenamiento.<\/p>\n<ul>\n<li>Incluye: 1 Power Bag de <strong>5kg<\/strong>, 1 Power Bag de <strong>10kg<\/strong>,\u00a0 Power Bag de <strong>15kg<\/strong>, 1 Power Bag de <strong>20 kg<\/strong> y una Power Bag de <strong>25 kg<\/strong><\/li>\n<\/ul>\n","protected":false},"featured_media":57666,"comment_status":"open","ping_status":"closed","template":"","meta":{"inline_featured_image":false},"product_brand":[],"product_cat":[1824],"product_tag":[1883,1885,1886,599,600,636,758,761],"class_list":{"0":"post-57665","1":"product","2":"type-product","3":"status-publish","4":"has-post-thumbnail","6":"product_cat-crosstraining","7":"product_tag-bolsa-de-peso","8":"product_tag-saco-pedo","9":"product_tag-saco-de-peso","10":"product_tag-peso","11":"product_tag-saco","12":"product_tag-pesos","13":"product_tag-power-bag","14":"product_tag-power-bags","15":"product_shipping_class-todosmenossuelos","17":"first","18":"instock","19":"sale","20":"taxable","21":"shipping-taxable","22":"purchasable","23":"product-type-simple"},"yoast_head":"<!-- This site is optimized with the Yoast SEO plugin v27.4 - https:\/\/yoast.com\/product\/yoast-seo-wordpress\/ -->\n<title>kit power bag color FIURI | Suelosport - Suelos Deportivos<\/title>\n<meta name=\"robots\" content=\"index, follow, max-snippet:-1, max-image-preview:large, max-video-preview:-1\" \/>\n<link rel=\"canonical\" href=\"https:\/\/suelosport.com\/pt-pt\/producto\/kit-power-bag-color-fiuri\/\" \/>\n<meta property=\"og:locale\" content=\"pt_PT\" \/>\n<meta property=\"og:type\" content=\"article\" \/>\n<meta property=\"og:title\" content=\"kit power bag color FIURI | Suelosport - Suelos Deportivos\" \/>\n<meta property=\"og:description\" content=\"Kit de Power Bag, tu aliado perfecto para elevar gradualmente tu nivel de exigencia en cada sesi\u00f3n de entrenamiento.   Incluye: 1 Power Bag de 5kg, 1 Power Bag de 10kg,\u00a0 Power Bag de 15kg, 1 Power Bag de 20 kg y una Power Bag de 25 kg\" \/>\n<meta property=\"og:url\" content=\"https:\/\/suelosport.com\/pt-pt\/producto\/kit-power-bag-color-fiuri\/\" \/>\n<meta property=\"og:site_name\" content=\"Suelosport - Suelos Deportivos\" \/>\n<meta property=\"article:publisher\" content=\"https:\/\/www.facebook.com\/Suelosport-2042694182686080\/\" \/>\n<meta property=\"article:modified_time\" content=\"2026-01-22T11:31:38+00:00\" \/>\n<meta property=\"og:image\" content=\"https:\/\/suelosport.com\/wp-content\/uploads\/2024\/01\/Power_bag_FIURI_set-400x400-1.jpg\" \/>\n\t<meta property=\"og:image:width\" content=\"400\" \/>\n\t<meta property=\"og:image:height\" content=\"400\" \/>\n\t<meta property=\"og:image:type\" content=\"image\/jpeg\" \/>\n<meta name=\"twitter:card\" content=\"summary_large_image\" \/>\n<meta name=\"twitter:label1\" content=\"Tempo estimado de leitura\" \/>\n\t<meta name=\"twitter:data1\" content=\"1 minuto\" \/>\n<script type=\"application\/ld+json\" class=\"yoast-schema-graph\">{\"@context\":\"https:\\\/\\\/schema.org\",\"@graph\":[{\"@type\":[\"WebPage\",\"ItemPage\"],\"@id\":\"https:\\\/\\\/suelosport.com\\\/pt-pt\\\/producto\\\/kit-power-bag-color-fiuri\\\/\",\"url\":\"https:\\\/\\\/suelosport.com\\\/pt-pt\\\/producto\\\/kit-power-bag-color-fiuri\\\/\",\"name\":\"kit power bag color FIURI | Suelosport - Suelos Deportivos\",\"isPartOf\":{\"@id\":\"https:\\\/\\\/suelosport.com\\\/pt-pt\\\/#website\"},\"primaryImageOfPage\":{\"@id\":\"https:\\\/\\\/suelosport.com\\\/pt-pt\\\/producto\\\/kit-power-bag-color-fiuri\\\/#primaryimage\"},\"image\":{\"@id\":\"https:\\\/\\\/suelosport.com\\\/pt-pt\\\/producto\\\/kit-power-bag-color-fiuri\\\/#primaryimage\"},\"thumbnailUrl\":\"https:\\\/\\\/suelosport.com\\\/wp-content\\\/uploads\\\/2024\\\/01\\\/Power_bag_FIURI_set-400x400-1.jpg\",\"datePublished\":\"2024-01-22T09:11:47+00:00\",\"dateModified\":\"2026-01-22T11:31:38+00:00\",\"breadcrumb\":{\"@id\":\"https:\\\/\\\/suelosport.com\\\/pt-pt\\\/producto\\\/kit-power-bag-color-fiuri\\\/#breadcrumb\"},\"inLanguage\":\"pt-PT\",\"potentialAction\":[{\"@type\":\"ReadAction\",\"target\":[\"https:\\\/\\\/suelosport.com\\\/pt-pt\\\/producto\\\/kit-power-bag-color-fiuri\\\/\"]}]},{\"@type\":\"ImageObject\",\"inLanguage\":\"pt-PT\",\"@id\":\"https:\\\/\\\/suelosport.com\\\/pt-pt\\\/producto\\\/kit-power-bag-color-fiuri\\\/#primaryimage\",\"url\":\"https:\\\/\\\/suelosport.com\\\/wp-content\\\/uploads\\\/2024\\\/01\\\/Power_bag_FIURI_set-400x400-1.jpg\",\"contentUrl\":\"https:\\\/\\\/suelosport.com\\\/wp-content\\\/uploads\\\/2024\\\/01\\\/Power_bag_FIURI_set-400x400-1.jpg\",\"width\":400,\"height\":400,\"caption\":\"Kit Power Bags Color FIURI de 5 a 25 kg\"},{\"@type\":\"BreadcrumbList\",\"@id\":\"https:\\\/\\\/suelosport.com\\\/pt-pt\\\/producto\\\/kit-power-bag-color-fiuri\\\/#breadcrumb\",\"itemListElement\":[{\"@type\":\"ListItem\",\"position\":1,\"name\":\"Portada\",\"item\":\"https:\\\/\\\/suelosport.com\\\/pt-pt\\\/\"},{\"@type\":\"ListItem\",\"position\":2,\"name\":\"Tienda\",\"item\":\"https:\\\/\\\/suelosport.com\\\/tienda\\\/\"},{\"@type\":\"ListItem\",\"position\":3,\"name\":\"kit power bag color FIURI\"}]},{\"@type\":\"WebSite\",\"@id\":\"https:\\\/\\\/suelosport.com\\\/pt-pt\\\/#website\",\"url\":\"https:\\\/\\\/suelosport.com\\\/pt-pt\\\/\",\"name\":\"Suelosport - Suelos Deportivos\",\"description\":\"Suelos para gimnasios, suelos de goma, losetas y suelos antideslizantes\",\"publisher\":{\"@id\":\"https:\\\/\\\/suelosport.com\\\/pt-pt\\\/#organization\"},\"potentialAction\":[{\"@type\":\"SearchAction\",\"target\":{\"@type\":\"EntryPoint\",\"urlTemplate\":\"https:\\\/\\\/suelosport.com\\\/pt-pt\\\/?s={search_term_string}\"},\"query-input\":{\"@type\":\"PropertyValueSpecification\",\"valueRequired\":true,\"valueName\":\"search_term_string\"}}],\"inLanguage\":\"pt-PT\"},{\"@type\":\"Organization\",\"@id\":\"https:\\\/\\\/suelosport.com\\\/pt-pt\\\/#organization\",\"name\":\"Suelosport\",\"url\":\"https:\\\/\\\/suelosport.com\\\/pt-pt\\\/\",\"logo\":{\"@type\":\"ImageObject\",\"inLanguage\":\"pt-PT\",\"@id\":\"https:\\\/\\\/suelosport.com\\\/pt-pt\\\/#\\\/schema\\\/logo\\\/image\\\/\",\"url\":\"https:\\\/\\\/suelosport.com\\\/wp-content\\\/uploads\\\/2018\\\/03\\\/logo-suelosport.png\",\"contentUrl\":\"https:\\\/\\\/suelosport.com\\\/wp-content\\\/uploads\\\/2018\\\/03\\\/logo-suelosport.png\",\"width\":300,\"height\":67,\"caption\":\"Suelosport\"},\"image\":{\"@id\":\"https:\\\/\\\/suelosport.com\\\/pt-pt\\\/#\\\/schema\\\/logo\\\/image\\\/\"},\"sameAs\":[\"https:\\\/\\\/www.facebook.com\\\/Suelosport-2042694182686080\\\/\",\"https:\\\/\\\/www.linkedin.com\\\/company\\\/suelosport\\\/\",\"https:\\\/\\\/www.youtube.com\\\/channel\\\/UC1eoryUxD4Fw7f1m5wx_vFg?view_as=subscriber\"]}]}<\/script>\n<!-- \/ Yoast SEO plugin. -->","yoast_head_json":{"title":"kit power bag color FIURI | Suelosport - Suelos Deportivos","robots":{"index":"index","follow":"follow","max-snippet":"max-snippet:-1","max-image-preview":"max-image-preview:large","max-video-preview":"max-video-preview:-1"},"canonical":"https:\/\/suelosport.com\/pt-pt\/producto\/kit-power-bag-color-fiuri\/","og_locale":"pt_PT","og_type":"article","og_title":"kit power bag color FIURI | Suelosport - Suelos Deportivos","og_description":"Kit de Power Bag, tu aliado perfecto para elevar gradualmente tu nivel de exigencia en cada sesi\u00f3n de entrenamiento.   Incluye: 1 Power Bag de 5kg, 1 Power Bag de 10kg,\u00a0 Power Bag de 15kg, 1 Power Bag de 20 kg y una Power Bag de 25 kg","og_url":"https:\/\/suelosport.com\/pt-pt\/producto\/kit-power-bag-color-fiuri\/","og_site_name":"Suelosport - Suelos Deportivos","article_publisher":"https:\/\/www.facebook.com\/Suelosport-2042694182686080\/","article_modified_time":"2026-01-22T11:31:38+00:00","og_image":[{"width":400,"height":400,"url":"https:\/\/suelosport.com\/wp-content\/uploads\/2024\/01\/Power_bag_FIURI_set-400x400-1.jpg","type":"image\/jpeg"}],"twitter_card":"summary_large_image","twitter_misc":{"Tempo estimado de leitura":"1 minuto"},"schema":{"@context":"https:\/\/schema.org","@graph":[{"@type":["WebPage","ItemPage"],"@id":"https:\/\/suelosport.com\/pt-pt\/producto\/kit-power-bag-color-fiuri\/","url":"https:\/\/suelosport.com\/pt-pt\/producto\/kit-power-bag-color-fiuri\/","name":"kit power bag color FIURI | Suelosport - Suelos Deportivos","isPartOf":{"@id":"https:\/\/suelosport.com\/pt-pt\/#website"},"primaryImageOfPage":{"@id":"https:\/\/suelosport.com\/pt-pt\/producto\/kit-power-bag-color-fiuri\/#primaryimage"},"image":{"@id":"https:\/\/suelosport.com\/pt-pt\/producto\/kit-power-bag-color-fiuri\/#primaryimage"},"thumbnailUrl":"https:\/\/suelosport.com\/wp-content\/uploads\/2024\/01\/Power_bag_FIURI_set-400x400-1.jpg","datePublished":"2024-01-22T09:11:47+00:00","dateModified":"2026-01-22T11:31:38+00:00","breadcrumb":{"@id":"https:\/\/suelosport.com\/pt-pt\/producto\/kit-power-bag-color-fiuri\/#breadcrumb"},"inLanguage":"pt-PT","potentialAction":[{"@type":"ReadAction","target":["https:\/\/suelosport.com\/pt-pt\/producto\/kit-power-bag-color-fiuri\/"]}]},{"@type":"ImageObject","inLanguage":"pt-PT","@id":"https:\/\/suelosport.com\/pt-pt\/producto\/kit-power-bag-color-fiuri\/#primaryimage","url":"https:\/\/suelosport.com\/wp-content\/uploads\/2024\/01\/Power_bag_FIURI_set-400x400-1.jpg","contentUrl":"https:\/\/suelosport.com\/wp-content\/uploads\/2024\/01\/Power_bag_FIURI_set-400x400-1.jpg","width":400,"height":400,"caption":"Kit Power Bags Color FIURI de 5 a 25 kg"},{"@type":"BreadcrumbList","@id":"https:\/\/suelosport.com\/pt-pt\/producto\/kit-power-bag-color-fiuri\/#breadcrumb","itemListElement":[{"@type":"ListItem","position":1,"name":"Portada","item":"https:\/\/suelosport.com\/pt-pt\/"},{"@type":"ListItem","position":2,"name":"Tienda","item":"https:\/\/suelosport.com\/tienda\/"},{"@type":"ListItem","position":3,"name":"kit power bag color FIURI"}]},{"@type":"WebSite","@id":"https:\/\/suelosport.com\/pt-pt\/#website","url":"https:\/\/suelosport.com\/pt-pt\/","name":"Suelosport - Suelos Deportivos","description":"Suelos para gimnasios, suelos de goma, losetas y suelos antideslizantes","publisher":{"@id":"https:\/\/suelosport.com\/pt-pt\/#organization"},"potentialAction":[{"@type":"SearchAction","target":{"@type":"EntryPoint","urlTemplate":"https:\/\/suelosport.com\/pt-pt\/?s={search_term_string}"},"query-input":{"@type":"PropertyValueSpecification","valueRequired":true,"valueName":"search_term_string"}}],"inLanguage":"pt-PT"},{"@type":"Organization","@id":"https:\/\/suelosport.com\/pt-pt\/#organization","name":"Suelosport","url":"https:\/\/suelosport.com\/pt-pt\/","logo":{"@type":"ImageObject","inLanguage":"pt-PT","@id":"https:\/\/suelosport.com\/pt-pt\/#\/schema\/logo\/image\/","url":"https:\/\/suelosport.com\/wp-content\/uploads\/2018\/03\/logo-suelosport.png","contentUrl":"https:\/\/suelosport.com\/wp-content\/uploads\/2018\/03\/logo-suelosport.png","width":300,"height":67,"caption":"Suelosport"},"image":{"@id":"https:\/\/suelosport.com\/pt-pt\/#\/schema\/logo\/image\/"},"sameAs":["https:\/\/www.facebook.com\/Suelosport-2042694182686080\/","https:\/\/www.linkedin.com\/company\/suelosport\/","https:\/\/www.youtube.com\/channel\/UC1eoryUxD4Fw7f1m5wx_vFg?view_as=subscriber"]}]}},"_links":{"self":[{"href":"https:\/\/suelosport.com\/pt-pt\/wp-json\/wp\/v2\/product\/57665","targetHints":{"allow":["GET"]}}],"collection":[{"href":"https:\/\/suelosport.com\/pt-pt\/wp-json\/wp\/v2\/product"}],"about":[{"href":"https:\/\/suelosport.com\/pt-pt\/wp-json\/wp\/v2\/types\/product"}],"replies":[{"embeddable":true,"href":"https:\/\/suelosport.com\/pt-pt\/wp-json\/wp\/v2\/comments?post=57665"}],"wp:featuredmedia":[{"embeddable":true,"href":"https:\/\/suelosport.com\/pt-pt\/wp-json\/wp\/v2\/media\/57666"}],"wp:attachment":[{"href":"https:\/\/suelosport.com\/pt-pt\/wp-json\/wp\/v2\/media?parent=57665"}],"wp:term":[{"taxonomy":"product_brand","embeddable":true,"href":"https:\/\/suelosport.com\/pt-pt\/wp-json\/wp\/v2\/product_brand?post=57665"},{"taxonomy":"product_cat","embeddable":true,"href":"https:\/\/suelosport.com\/pt-pt\/wp-json\/wp\/v2\/product_cat?post=57665"},{"taxonomy":"product_tag","embeddable":true,"href":"https:\/\/suelosport.com\/pt-pt\/wp-json\/wp\/v2\/product_tag?post=57665"}],"curies":[{"name":"wp","href":"https:\/\/api.w.org\/{rel}","templated":true}]}}