{"id":57645,"date":"2024-01-22T09:48:05","date_gmt":"2024-01-22T08:48:05","guid":{"rendered":"https:\/\/suelosport.com\/?post_type=product&#038;p=57645"},"modified":"2026-01-22T12:15:15","modified_gmt":"2026-01-22T11:15:15","slug":"banco-ajustable-premium","status":"publish","type":"product","link":"https:\/\/suelosport.com\/pt-pt\/producto\/banco-ajustable-premium\/","title":{"rendered":"Banco ajustable Premium"},"content":{"rendered":"<p>Experimenta un entrenamiento de pesas intensivo con nuestro banco ajustable premium. Dise\u00f1ado para ofrecer versatilidad y comodidad, este banco cuenta con un respaldo ajustable en hasta 7 posiciones, permiti\u00e9ndote trabajar diversos grupos musculares, incluyendo pectorales, hombros, b\u00edceps y dorsales, en distintas posiciones.<\/p>\n<p>Con un asiento y respaldo robustos y acolchados, te proporciona la comodidad y seguridad necesarias para realizar tus ejercicios de manera efectiva. Las <strong>7 posiciones<\/strong> ajustables en la zona <strong>del respaldo,<\/strong> y las <strong>5 en el asiento,<\/strong> te brindan la flexibilidad necesaria para adaptar tu rutina de entrenamiento a tus objetivos espec\u00edficos.<\/p>\n<p>Adem\u00e1s, su dise\u00f1o pr\u00e1ctico incluye <strong>ruedas en un extremo<\/strong>, facilitando su desplazamiento para que puedas configurar tu espacio de entrenamiento de la manera que prefieras.<\/p>\n<p>Eleva tu rutina de pesas con nuestro banco ajustable premium, dise\u00f1ado para brindarte un rendimiento excepcional y la m\u00e1xima comodidad en cada sesi\u00f3n.<\/p>\n<ul>\n<li><strong>Posiciones<\/strong>\n<ul>\n<li>Asiento: 0\u00ba, 5\u00ba, 10\u00ba, 20\u00ba<\/li>\n<li>Respaldo: -20\u00ba, 0\u00ba, 20\u00ba, 35\u00ba, 50\u00ba, 65\u00ba, 85\u00ba<\/li>\n<\/ul>\n<\/li>\n<li><strong>Carga m\u00e1xima<\/strong>: 450 kg<\/li>\n<li><strong>Peso:<\/strong> 40 kg<\/li>\n<li><strong>Medidas<\/strong>: Ancho 596mm x Alto: 462 mm x Largo 1510 mm<\/li>\n<li><strong>Incluye<\/strong>: Patas de alto impacto y ruedas integradas.<\/li>\n<\/ul>\n","protected":false},"excerpt":{"rendered":"<p>Banco ajustable Premium, de la mayor calidad, para tus entrenamientos m\u00e1s intensos.<\/p>\n","protected":false},"featured_media":58484,"comment_status":"open","ping_status":"closed","template":"","meta":{"inline_featured_image":false},"product_brand":[],"product_cat":[1801,1800],"product_tag":[1851,256,1880,575,1881,765,1882,1686,1689,1695],"class_list":{"0":"post-57645","1":"product","2":"type-product","3":"status-publish","4":"has-post-thumbnail","6":"product_cat-musculacion","7":"product_cat-material-fitness","8":"product_tag-banco-ajustable","9":"product_tag-pesas","10":"product_tag-pesa","11":"product_tag-banco","12":"product_tag-banco-pesas","13":"product_tag-abdominal","14":"product_tag-banco-pesa","15":"product_tag-banco-regulable","16":"product_tag-banco-ejercicio","17":"product_tag-banco-de-gimnasio","18":"product_shipping_class-todosmenossuelos","20":"first","21":"instock","22":"sale","23":"taxable","24":"shipping-taxable","25":"purchasable","26":"product-type-simple"},"yoast_head":"<!-- This site is optimized with the Yoast SEO plugin v27.4 - https:\/\/yoast.com\/product\/yoast-seo-wordpress\/ -->\n<title>Banco ajustable Premium | Suelosport - Suelos Deportivos<\/title>\n<meta name=\"robots\" content=\"index, follow, max-snippet:-1, max-image-preview:large, max-video-preview:-1\" \/>\n<link rel=\"canonical\" href=\"https:\/\/suelosport.com\/pt-pt\/producto\/banco-ajustable-premium\/\" \/>\n<meta property=\"og:locale\" content=\"pt_PT\" \/>\n<meta property=\"og:type\" content=\"article\" \/>\n<meta property=\"og:title\" content=\"Banco ajustable Premium | Suelosport - Suelos Deportivos\" \/>\n<meta property=\"og:description\" content=\"Banco ajustable Premium, de la mayor calidad, para tus entrenamientos m\u00e1s intensos.\" \/>\n<meta property=\"og:url\" content=\"https:\/\/suelosport.com\/pt-pt\/producto\/banco-ajustable-premium\/\" \/>\n<meta property=\"og:site_name\" content=\"Suelosport - Suelos Deportivos\" \/>\n<meta property=\"article:publisher\" content=\"https:\/\/www.facebook.com\/Suelosport-2042694182686080\/\" \/>\n<meta property=\"article:modified_time\" content=\"2026-01-22T11:15:15+00:00\" \/>\n<meta property=\"og:image\" content=\"https:\/\/suelosport.com\/wp-content\/uploads\/2024\/03\/Banco-ajustable-Premium-3.jpg\" \/>\n\t<meta property=\"og:image:width\" content=\"900\" \/>\n\t<meta property=\"og:image:height\" content=\"700\" \/>\n\t<meta property=\"og:image:type\" content=\"image\/jpeg\" \/>\n<meta name=\"twitter:card\" content=\"summary_large_image\" \/>\n<meta name=\"twitter:label1\" content=\"Tempo estimado de leitura\" \/>\n\t<meta name=\"twitter:data1\" content=\"2 minutos\" \/>\n<script type=\"application\/ld+json\" class=\"yoast-schema-graph\">{\"@context\":\"https:\\\/\\\/schema.org\",\"@graph\":[{\"@type\":[\"WebPage\",\"ItemPage\"],\"@id\":\"https:\\\/\\\/suelosport.com\\\/pt-pt\\\/producto\\\/banco-ajustable-premium\\\/\",\"url\":\"https:\\\/\\\/suelosport.com\\\/pt-pt\\\/producto\\\/banco-ajustable-premium\\\/\",\"name\":\"Banco ajustable Premium | Suelosport - Suelos Deportivos\",\"isPartOf\":{\"@id\":\"https:\\\/\\\/suelosport.com\\\/pt-pt\\\/#website\"},\"primaryImageOfPage\":{\"@id\":\"https:\\\/\\\/suelosport.com\\\/pt-pt\\\/producto\\\/banco-ajustable-premium\\\/#primaryimage\"},\"image\":{\"@id\":\"https:\\\/\\\/suelosport.com\\\/pt-pt\\\/producto\\\/banco-ajustable-premium\\\/#primaryimage\"},\"thumbnailUrl\":\"https:\\\/\\\/suelosport.com\\\/wp-content\\\/uploads\\\/2024\\\/03\\\/Banco-ajustable-Premium-3.jpg\",\"datePublished\":\"2024-01-22T08:48:05+00:00\",\"dateModified\":\"2026-01-22T11:15:15+00:00\",\"breadcrumb\":{\"@id\":\"https:\\\/\\\/suelosport.com\\\/pt-pt\\\/producto\\\/banco-ajustable-premium\\\/#breadcrumb\"},\"inLanguage\":\"pt-PT\",\"potentialAction\":[{\"@type\":\"ReadAction\",\"target\":[\"https:\\\/\\\/suelosport.com\\\/pt-pt\\\/producto\\\/banco-ajustable-premium\\\/\"]}]},{\"@type\":\"ImageObject\",\"inLanguage\":\"pt-PT\",\"@id\":\"https:\\\/\\\/suelosport.com\\\/pt-pt\\\/producto\\\/banco-ajustable-premium\\\/#primaryimage\",\"url\":\"https:\\\/\\\/suelosport.com\\\/wp-content\\\/uploads\\\/2024\\\/03\\\/Banco-ajustable-Premium-3.jpg\",\"contentUrl\":\"https:\\\/\\\/suelosport.com\\\/wp-content\\\/uploads\\\/2024\\\/03\\\/Banco-ajustable-Premium-3.jpg\",\"width\":900,\"height\":700,\"caption\":\"Banco ajustable Premium\"},{\"@type\":\"BreadcrumbList\",\"@id\":\"https:\\\/\\\/suelosport.com\\\/pt-pt\\\/producto\\\/banco-ajustable-premium\\\/#breadcrumb\",\"itemListElement\":[{\"@type\":\"ListItem\",\"position\":1,\"name\":\"Portada\",\"item\":\"https:\\\/\\\/suelosport.com\\\/pt-pt\\\/\"},{\"@type\":\"ListItem\",\"position\":2,\"name\":\"Tienda\",\"item\":\"https:\\\/\\\/suelosport.com\\\/tienda\\\/\"},{\"@type\":\"ListItem\",\"position\":3,\"name\":\"Banco ajustable Premium\"}]},{\"@type\":\"WebSite\",\"@id\":\"https:\\\/\\\/suelosport.com\\\/pt-pt\\\/#website\",\"url\":\"https:\\\/\\\/suelosport.com\\\/pt-pt\\\/\",\"name\":\"Suelosport - Suelos Deportivos\",\"description\":\"Suelos para gimnasios, suelos de goma, losetas y suelos antideslizantes\",\"publisher\":{\"@id\":\"https:\\\/\\\/suelosport.com\\\/pt-pt\\\/#organization\"},\"potentialAction\":[{\"@type\":\"SearchAction\",\"target\":{\"@type\":\"EntryPoint\",\"urlTemplate\":\"https:\\\/\\\/suelosport.com\\\/pt-pt\\\/?s={search_term_string}\"},\"query-input\":{\"@type\":\"PropertyValueSpecification\",\"valueRequired\":true,\"valueName\":\"search_term_string\"}}],\"inLanguage\":\"pt-PT\"},{\"@type\":\"Organization\",\"@id\":\"https:\\\/\\\/suelosport.com\\\/pt-pt\\\/#organization\",\"name\":\"Suelosport\",\"url\":\"https:\\\/\\\/suelosport.com\\\/pt-pt\\\/\",\"logo\":{\"@type\":\"ImageObject\",\"inLanguage\":\"pt-PT\",\"@id\":\"https:\\\/\\\/suelosport.com\\\/pt-pt\\\/#\\\/schema\\\/logo\\\/image\\\/\",\"url\":\"https:\\\/\\\/suelosport.com\\\/wp-content\\\/uploads\\\/2018\\\/03\\\/logo-suelosport.png\",\"contentUrl\":\"https:\\\/\\\/suelosport.com\\\/wp-content\\\/uploads\\\/2018\\\/03\\\/logo-suelosport.png\",\"width\":300,\"height\":67,\"caption\":\"Suelosport\"},\"image\":{\"@id\":\"https:\\\/\\\/suelosport.com\\\/pt-pt\\\/#\\\/schema\\\/logo\\\/image\\\/\"},\"sameAs\":[\"https:\\\/\\\/www.facebook.com\\\/Suelosport-2042694182686080\\\/\",\"https:\\\/\\\/www.linkedin.com\\\/company\\\/suelosport\\\/\",\"https:\\\/\\\/www.youtube.com\\\/channel\\\/UC1eoryUxD4Fw7f1m5wx_vFg?view_as=subscriber\"]}]}<\/script>\n<!-- \/ Yoast SEO plugin. -->","yoast_head_json":{"title":"Banco ajustable Premium | Suelosport - Suelos Deportivos","robots":{"index":"index","follow":"follow","max-snippet":"max-snippet:-1","max-image-preview":"max-image-preview:large","max-video-preview":"max-video-preview:-1"},"canonical":"https:\/\/suelosport.com\/pt-pt\/producto\/banco-ajustable-premium\/","og_locale":"pt_PT","og_type":"article","og_title":"Banco ajustable Premium | Suelosport - Suelos Deportivos","og_description":"Banco ajustable Premium, de la mayor calidad, para tus entrenamientos m\u00e1s intensos.","og_url":"https:\/\/suelosport.com\/pt-pt\/producto\/banco-ajustable-premium\/","og_site_name":"Suelosport - Suelos Deportivos","article_publisher":"https:\/\/www.facebook.com\/Suelosport-2042694182686080\/","article_modified_time":"2026-01-22T11:15:15+00:00","og_image":[{"width":900,"height":700,"url":"https:\/\/suelosport.com\/wp-content\/uploads\/2024\/03\/Banco-ajustable-Premium-3.jpg","type":"image\/jpeg"}],"twitter_card":"summary_large_image","twitter_misc":{"Tempo estimado de leitura":"2 minutos"},"schema":{"@context":"https:\/\/schema.org","@graph":[{"@type":["WebPage","ItemPage"],"@id":"https:\/\/suelosport.com\/pt-pt\/producto\/banco-ajustable-premium\/","url":"https:\/\/suelosport.com\/pt-pt\/producto\/banco-ajustable-premium\/","name":"Banco ajustable Premium | Suelosport - Suelos Deportivos","isPartOf":{"@id":"https:\/\/suelosport.com\/pt-pt\/#website"},"primaryImageOfPage":{"@id":"https:\/\/suelosport.com\/pt-pt\/producto\/banco-ajustable-premium\/#primaryimage"},"image":{"@id":"https:\/\/suelosport.com\/pt-pt\/producto\/banco-ajustable-premium\/#primaryimage"},"thumbnailUrl":"https:\/\/suelosport.com\/wp-content\/uploads\/2024\/03\/Banco-ajustable-Premium-3.jpg","datePublished":"2024-01-22T08:48:05+00:00","dateModified":"2026-01-22T11:15:15+00:00","breadcrumb":{"@id":"https:\/\/suelosport.com\/pt-pt\/producto\/banco-ajustable-premium\/#breadcrumb"},"inLanguage":"pt-PT","potentialAction":[{"@type":"ReadAction","target":["https:\/\/suelosport.com\/pt-pt\/producto\/banco-ajustable-premium\/"]}]},{"@type":"ImageObject","inLanguage":"pt-PT","@id":"https:\/\/suelosport.com\/pt-pt\/producto\/banco-ajustable-premium\/#primaryimage","url":"https:\/\/suelosport.com\/wp-content\/uploads\/2024\/03\/Banco-ajustable-Premium-3.jpg","contentUrl":"https:\/\/suelosport.com\/wp-content\/uploads\/2024\/03\/Banco-ajustable-Premium-3.jpg","width":900,"height":700,"caption":"Banco ajustable Premium"},{"@type":"BreadcrumbList","@id":"https:\/\/suelosport.com\/pt-pt\/producto\/banco-ajustable-premium\/#breadcrumb","itemListElement":[{"@type":"ListItem","position":1,"name":"Portada","item":"https:\/\/suelosport.com\/pt-pt\/"},{"@type":"ListItem","position":2,"name":"Tienda","item":"https:\/\/suelosport.com\/tienda\/"},{"@type":"ListItem","position":3,"name":"Banco ajustable Premium"}]},{"@type":"WebSite","@id":"https:\/\/suelosport.com\/pt-pt\/#website","url":"https:\/\/suelosport.com\/pt-pt\/","name":"Suelosport - Suelos Deportivos","description":"Suelos para gimnasios, suelos de goma, losetas y suelos antideslizantes","publisher":{"@id":"https:\/\/suelosport.com\/pt-pt\/#organization"},"potentialAction":[{"@type":"SearchAction","target":{"@type":"EntryPoint","urlTemplate":"https:\/\/suelosport.com\/pt-pt\/?s={search_term_string}"},"query-input":{"@type":"PropertyValueSpecification","valueRequired":true,"valueName":"search_term_string"}}],"inLanguage":"pt-PT"},{"@type":"Organization","@id":"https:\/\/suelosport.com\/pt-pt\/#organization","name":"Suelosport","url":"https:\/\/suelosport.com\/pt-pt\/","logo":{"@type":"ImageObject","inLanguage":"pt-PT","@id":"https:\/\/suelosport.com\/pt-pt\/#\/schema\/logo\/image\/","url":"https:\/\/suelosport.com\/wp-content\/uploads\/2018\/03\/logo-suelosport.png","contentUrl":"https:\/\/suelosport.com\/wp-content\/uploads\/2018\/03\/logo-suelosport.png","width":300,"height":67,"caption":"Suelosport"},"image":{"@id":"https:\/\/suelosport.com\/pt-pt\/#\/schema\/logo\/image\/"},"sameAs":["https:\/\/www.facebook.com\/Suelosport-2042694182686080\/","https:\/\/www.linkedin.com\/company\/suelosport\/","https:\/\/www.youtube.com\/channel\/UC1eoryUxD4Fw7f1m5wx_vFg?view_as=subscriber"]}]}},"_links":{"self":[{"href":"https:\/\/suelosport.com\/pt-pt\/wp-json\/wp\/v2\/product\/57645","targetHints":{"allow":["GET"]}}],"collection":[{"href":"https:\/\/suelosport.com\/pt-pt\/wp-json\/wp\/v2\/product"}],"about":[{"href":"https:\/\/suelosport.com\/pt-pt\/wp-json\/wp\/v2\/types\/product"}],"replies":[{"embeddable":true,"href":"https:\/\/suelosport.com\/pt-pt\/wp-json\/wp\/v2\/comments?post=57645"}],"wp:featuredmedia":[{"embeddable":true,"href":"https:\/\/suelosport.com\/pt-pt\/wp-json\/wp\/v2\/media\/58484"}],"wp:attachment":[{"href":"https:\/\/suelosport.com\/pt-pt\/wp-json\/wp\/v2\/media?parent=57645"}],"wp:term":[{"taxonomy":"product_brand","embeddable":true,"href":"https:\/\/suelosport.com\/pt-pt\/wp-json\/wp\/v2\/product_brand?post=57645"},{"taxonomy":"product_cat","embeddable":true,"href":"https:\/\/suelosport.com\/pt-pt\/wp-json\/wp\/v2\/product_cat?post=57645"},{"taxonomy":"product_tag","embeddable":true,"href":"https:\/\/suelosport.com\/pt-pt\/wp-json\/wp\/v2\/product_tag?post=57645"}],"curies":[{"name":"wp","href":"https:\/\/api.w.org\/{rel}","templated":true}]}}