{"id":57604,"date":"2024-01-22T09:29:36","date_gmt":"2024-01-22T08:29:36","guid":{"rendered":"https:\/\/suelosport.com\/?post_type=product&#038;p=57604"},"modified":"2026-01-22T11:52:37","modified_gmt":"2026-01-22T10:52:37","slug":"kettlebells-de-competicion","status":"publish","type":"product","link":"https:\/\/suelosport.com\/pt-pt\/producto\/kettlebells-de-competicion\/","title":{"rendered":"Kettlebells de competici\u00f3n"},"content":{"rendered":"<p>Descubre nuestras kettlebells de competici\u00f3n dise\u00f1adas para todos los niveles de entrenamiento. Selecciona el peso que mejor se adapte a tus metas, desde 4 kg hasta 32 kg, codificadas por colores de manera universal.<\/p>\n<p>Estas pesas rusas son herramientas esenciales para la pr\u00e1ctica de crossfit y entrenamiento funcional, independientemente de tu nivel de habilidad.<\/p>\n<p>Con un agarre sencillo, nuestras kettlebells permiten realizar movimientos que potencian la mejora de la fuerza, resistencia, equilibrio y agilidad. Desde hombros y dorsales hasta pectorales y el tren inferior, estas kettlebells ofrecen una versatilidad incomparable para trabajar diferentes grupos musculares.<\/p>\n<p>El mango ergon\u00f3mico, que absorbe m\u00e1s tiza que las pesas de hierro fundido, proporciona un agarre c\u00f3modo para una ejecuci\u00f3n precisa de los ejercicios. Adem\u00e1s, la base plana asegura una estabilidad \u00f3ptima en cualquier superficie.<\/p>\n<p>Con estas Kettlebells podr\u00e1s reducir la fatiga en entrenamientos de alta repetici\u00f3n.<\/p>\n<p>Indispensables en cualquier centro de entrenamiento o box de crossfit, nuestras kettlebells son la elecci\u00f3n perfecta para aquellos que buscan calidad y rendimiento en cada sesi\u00f3n<\/p>\n<ul>\n<li><strong>Material<\/strong>: Acero duradero de alta calidad<\/li>\n<li><strong>Pesos<\/strong>: 4,6,8,10,12,16,20,24,28 y 32 kg<\/li>\n<li><strong>Tama\u00f1os<\/strong>: Todas por igual<\/li>\n<\/ul>\n","protected":false},"excerpt":{"rendered":"<p>Selecciona el peso que mejor se adapte a tus metas, desde 4 kg hasta 32 kg.<\/p>\n","protected":false},"featured_media":57627,"comment_status":"open","ping_status":"closed","template":"","meta":{"inline_featured_image":false},"product_brand":[],"product_cat":[1824,1801],"product_tag":[1820,256,1879,521,1880,527],"class_list":{"0":"post-57604","1":"product","2":"type-product","3":"status-publish","4":"has-post-thumbnail","6":"product_cat-crosstraining","7":"product_cat-musculacion","8":"product_tag-kettlebell","9":"product_tag-pesas","10":"product_tag-pesa-rusa","11":"product_tag-kettlebells","12":"product_tag-pesa","13":"product_tag-pesas-rusas","14":"product_shipping_class-todosmenossuelos","15":"pa_peso-4-kg","16":"pa_peso-28-kg","17":"pa_peso-32-kg","18":"pa_peso-6-kg","19":"pa_peso-8-kg","20":"pa_peso-12-kg","21":"pa_peso-10-kg","22":"pa_peso-16-kg","23":"pa_peso-20-kg","24":"pa_peso-24-kg","26":"first","27":"instock","28":"sale","29":"taxable","30":"shipping-taxable","31":"purchasable","32":"product-type-variable"},"yoast_head":"<!-- This site is optimized with the Yoast SEO plugin v27.4 - https:\/\/yoast.com\/product\/yoast-seo-wordpress\/ -->\n<title>Kettlebells de competici\u00f3n | Suelosport - Suelos Deportivos<\/title>\n<meta name=\"robots\" content=\"index, follow, max-snippet:-1, max-image-preview:large, max-video-preview:-1\" \/>\n<link rel=\"canonical\" href=\"https:\/\/suelosport.com\/pt-pt\/producto\/kettlebells-de-competicion\/\" \/>\n<meta property=\"og:locale\" content=\"pt_PT\" \/>\n<meta property=\"og:type\" content=\"article\" \/>\n<meta property=\"og:title\" content=\"Kettlebells de competici\u00f3n | Suelosport - Suelos Deportivos\" \/>\n<meta property=\"og:description\" content=\"Selecciona el peso que mejor se adapte a tus metas, desde 4 kg hasta 32 kg.\" \/>\n<meta property=\"og:url\" content=\"https:\/\/suelosport.com\/pt-pt\/producto\/kettlebells-de-competicion\/\" \/>\n<meta property=\"og:site_name\" content=\"Suelosport - Suelos Deportivos\" \/>\n<meta property=\"article:publisher\" content=\"https:\/\/www.facebook.com\/Suelosport-2042694182686080\/\" \/>\n<meta property=\"article:modified_time\" content=\"2026-01-22T10:52:37+00:00\" \/>\n<meta property=\"og:image\" content=\"https:\/\/suelosport.com\/wp-content\/uploads\/2024\/01\/Kettlebell_competicion_32_kg-400x400-1.jpg\" \/>\n\t<meta property=\"og:image:width\" content=\"400\" \/>\n\t<meta property=\"og:image:height\" content=\"400\" \/>\n\t<meta property=\"og:image:type\" content=\"image\/jpeg\" \/>\n<meta name=\"twitter:card\" content=\"summary_large_image\" \/>\n<meta name=\"twitter:label1\" content=\"Tempo estimado de leitura\" \/>\n\t<meta name=\"twitter:data1\" content=\"2 minutos\" \/>\n<script type=\"application\/ld+json\" class=\"yoast-schema-graph\">{\"@context\":\"https:\\\/\\\/schema.org\",\"@graph\":[{\"@type\":[\"WebPage\",\"ItemPage\"],\"@id\":\"https:\\\/\\\/suelosport.com\\\/pt-pt\\\/producto\\\/kettlebells-de-competicion\\\/\",\"url\":\"https:\\\/\\\/suelosport.com\\\/pt-pt\\\/producto\\\/kettlebells-de-competicion\\\/\",\"name\":\"Kettlebells de competici\u00f3n | Suelosport - Suelos Deportivos\",\"isPartOf\":{\"@id\":\"https:\\\/\\\/suelosport.com\\\/pt-pt\\\/#website\"},\"primaryImageOfPage\":{\"@id\":\"https:\\\/\\\/suelosport.com\\\/pt-pt\\\/producto\\\/kettlebells-de-competicion\\\/#primaryimage\"},\"image\":{\"@id\":\"https:\\\/\\\/suelosport.com\\\/pt-pt\\\/producto\\\/kettlebells-de-competicion\\\/#primaryimage\"},\"thumbnailUrl\":\"https:\\\/\\\/suelosport.com\\\/wp-content\\\/uploads\\\/2024\\\/01\\\/Kettlebell_competicion_32_kg-400x400-1.jpg\",\"datePublished\":\"2024-01-22T08:29:36+00:00\",\"dateModified\":\"2026-01-22T10:52:37+00:00\",\"breadcrumb\":{\"@id\":\"https:\\\/\\\/suelosport.com\\\/pt-pt\\\/producto\\\/kettlebells-de-competicion\\\/#breadcrumb\"},\"inLanguage\":\"pt-PT\",\"potentialAction\":[{\"@type\":\"ReadAction\",\"target\":[\"https:\\\/\\\/suelosport.com\\\/pt-pt\\\/producto\\\/kettlebells-de-competicion\\\/\"]}]},{\"@type\":\"ImageObject\",\"inLanguage\":\"pt-PT\",\"@id\":\"https:\\\/\\\/suelosport.com\\\/pt-pt\\\/producto\\\/kettlebells-de-competicion\\\/#primaryimage\",\"url\":\"https:\\\/\\\/suelosport.com\\\/wp-content\\\/uploads\\\/2024\\\/01\\\/Kettlebell_competicion_32_kg-400x400-1.jpg\",\"contentUrl\":\"https:\\\/\\\/suelosport.com\\\/wp-content\\\/uploads\\\/2024\\\/01\\\/Kettlebell_competicion_32_kg-400x400-1.jpg\",\"width\":400,\"height\":400,\"caption\":\"Kettlebell de competici\u00f3n 32 kg\"},{\"@type\":\"BreadcrumbList\",\"@id\":\"https:\\\/\\\/suelosport.com\\\/pt-pt\\\/producto\\\/kettlebells-de-competicion\\\/#breadcrumb\",\"itemListElement\":[{\"@type\":\"ListItem\",\"position\":1,\"name\":\"Portada\",\"item\":\"https:\\\/\\\/suelosport.com\\\/pt-pt\\\/\"},{\"@type\":\"ListItem\",\"position\":2,\"name\":\"Tienda\",\"item\":\"https:\\\/\\\/suelosport.com\\\/tienda\\\/\"},{\"@type\":\"ListItem\",\"position\":3,\"name\":\"Kettlebells de competici\u00f3n\"}]},{\"@type\":\"WebSite\",\"@id\":\"https:\\\/\\\/suelosport.com\\\/pt-pt\\\/#website\",\"url\":\"https:\\\/\\\/suelosport.com\\\/pt-pt\\\/\",\"name\":\"Suelosport - Suelos Deportivos\",\"description\":\"Suelos para gimnasios, suelos de goma, losetas y suelos antideslizantes\",\"publisher\":{\"@id\":\"https:\\\/\\\/suelosport.com\\\/pt-pt\\\/#organization\"},\"potentialAction\":[{\"@type\":\"SearchAction\",\"target\":{\"@type\":\"EntryPoint\",\"urlTemplate\":\"https:\\\/\\\/suelosport.com\\\/pt-pt\\\/?s={search_term_string}\"},\"query-input\":{\"@type\":\"PropertyValueSpecification\",\"valueRequired\":true,\"valueName\":\"search_term_string\"}}],\"inLanguage\":\"pt-PT\"},{\"@type\":\"Organization\",\"@id\":\"https:\\\/\\\/suelosport.com\\\/pt-pt\\\/#organization\",\"name\":\"Suelosport\",\"url\":\"https:\\\/\\\/suelosport.com\\\/pt-pt\\\/\",\"logo\":{\"@type\":\"ImageObject\",\"inLanguage\":\"pt-PT\",\"@id\":\"https:\\\/\\\/suelosport.com\\\/pt-pt\\\/#\\\/schema\\\/logo\\\/image\\\/\",\"url\":\"https:\\\/\\\/suelosport.com\\\/wp-content\\\/uploads\\\/2018\\\/03\\\/logo-suelosport.png\",\"contentUrl\":\"https:\\\/\\\/suelosport.com\\\/wp-content\\\/uploads\\\/2018\\\/03\\\/logo-suelosport.png\",\"width\":300,\"height\":67,\"caption\":\"Suelosport\"},\"image\":{\"@id\":\"https:\\\/\\\/suelosport.com\\\/pt-pt\\\/#\\\/schema\\\/logo\\\/image\\\/\"},\"sameAs\":[\"https:\\\/\\\/www.facebook.com\\\/Suelosport-2042694182686080\\\/\",\"https:\\\/\\\/www.linkedin.com\\\/company\\\/suelosport\\\/\",\"https:\\\/\\\/www.youtube.com\\\/channel\\\/UC1eoryUxD4Fw7f1m5wx_vFg?view_as=subscriber\"]}]}<\/script>\n<!-- \/ Yoast SEO plugin. -->","yoast_head_json":{"title":"Kettlebells de competici\u00f3n | Suelosport - Suelos Deportivos","robots":{"index":"index","follow":"follow","max-snippet":"max-snippet:-1","max-image-preview":"max-image-preview:large","max-video-preview":"max-video-preview:-1"},"canonical":"https:\/\/suelosport.com\/pt-pt\/producto\/kettlebells-de-competicion\/","og_locale":"pt_PT","og_type":"article","og_title":"Kettlebells de competici\u00f3n | Suelosport - Suelos Deportivos","og_description":"Selecciona el peso que mejor se adapte a tus metas, desde 4 kg hasta 32 kg.","og_url":"https:\/\/suelosport.com\/pt-pt\/producto\/kettlebells-de-competicion\/","og_site_name":"Suelosport - Suelos Deportivos","article_publisher":"https:\/\/www.facebook.com\/Suelosport-2042694182686080\/","article_modified_time":"2026-01-22T10:52:37+00:00","og_image":[{"width":400,"height":400,"url":"https:\/\/suelosport.com\/wp-content\/uploads\/2024\/01\/Kettlebell_competicion_32_kg-400x400-1.jpg","type":"image\/jpeg"}],"twitter_card":"summary_large_image","twitter_misc":{"Tempo estimado de leitura":"2 minutos"},"schema":{"@context":"https:\/\/schema.org","@graph":[{"@type":["WebPage","ItemPage"],"@id":"https:\/\/suelosport.com\/pt-pt\/producto\/kettlebells-de-competicion\/","url":"https:\/\/suelosport.com\/pt-pt\/producto\/kettlebells-de-competicion\/","name":"Kettlebells de competici\u00f3n | Suelosport - Suelos Deportivos","isPartOf":{"@id":"https:\/\/suelosport.com\/pt-pt\/#website"},"primaryImageOfPage":{"@id":"https:\/\/suelosport.com\/pt-pt\/producto\/kettlebells-de-competicion\/#primaryimage"},"image":{"@id":"https:\/\/suelosport.com\/pt-pt\/producto\/kettlebells-de-competicion\/#primaryimage"},"thumbnailUrl":"https:\/\/suelosport.com\/wp-content\/uploads\/2024\/01\/Kettlebell_competicion_32_kg-400x400-1.jpg","datePublished":"2024-01-22T08:29:36+00:00","dateModified":"2026-01-22T10:52:37+00:00","breadcrumb":{"@id":"https:\/\/suelosport.com\/pt-pt\/producto\/kettlebells-de-competicion\/#breadcrumb"},"inLanguage":"pt-PT","potentialAction":[{"@type":"ReadAction","target":["https:\/\/suelosport.com\/pt-pt\/producto\/kettlebells-de-competicion\/"]}]},{"@type":"ImageObject","inLanguage":"pt-PT","@id":"https:\/\/suelosport.com\/pt-pt\/producto\/kettlebells-de-competicion\/#primaryimage","url":"https:\/\/suelosport.com\/wp-content\/uploads\/2024\/01\/Kettlebell_competicion_32_kg-400x400-1.jpg","contentUrl":"https:\/\/suelosport.com\/wp-content\/uploads\/2024\/01\/Kettlebell_competicion_32_kg-400x400-1.jpg","width":400,"height":400,"caption":"Kettlebell de competici\u00f3n 32 kg"},{"@type":"BreadcrumbList","@id":"https:\/\/suelosport.com\/pt-pt\/producto\/kettlebells-de-competicion\/#breadcrumb","itemListElement":[{"@type":"ListItem","position":1,"name":"Portada","item":"https:\/\/suelosport.com\/pt-pt\/"},{"@type":"ListItem","position":2,"name":"Tienda","item":"https:\/\/suelosport.com\/tienda\/"},{"@type":"ListItem","position":3,"name":"Kettlebells de competici\u00f3n"}]},{"@type":"WebSite","@id":"https:\/\/suelosport.com\/pt-pt\/#website","url":"https:\/\/suelosport.com\/pt-pt\/","name":"Suelosport - Suelos Deportivos","description":"Suelos para gimnasios, suelos de goma, losetas y suelos antideslizantes","publisher":{"@id":"https:\/\/suelosport.com\/pt-pt\/#organization"},"potentialAction":[{"@type":"SearchAction","target":{"@type":"EntryPoint","urlTemplate":"https:\/\/suelosport.com\/pt-pt\/?s={search_term_string}"},"query-input":{"@type":"PropertyValueSpecification","valueRequired":true,"valueName":"search_term_string"}}],"inLanguage":"pt-PT"},{"@type":"Organization","@id":"https:\/\/suelosport.com\/pt-pt\/#organization","name":"Suelosport","url":"https:\/\/suelosport.com\/pt-pt\/","logo":{"@type":"ImageObject","inLanguage":"pt-PT","@id":"https:\/\/suelosport.com\/pt-pt\/#\/schema\/logo\/image\/","url":"https:\/\/suelosport.com\/wp-content\/uploads\/2018\/03\/logo-suelosport.png","contentUrl":"https:\/\/suelosport.com\/wp-content\/uploads\/2018\/03\/logo-suelosport.png","width":300,"height":67,"caption":"Suelosport"},"image":{"@id":"https:\/\/suelosport.com\/pt-pt\/#\/schema\/logo\/image\/"},"sameAs":["https:\/\/www.facebook.com\/Suelosport-2042694182686080\/","https:\/\/www.linkedin.com\/company\/suelosport\/","https:\/\/www.youtube.com\/channel\/UC1eoryUxD4Fw7f1m5wx_vFg?view_as=subscriber"]}]}},"_links":{"self":[{"href":"https:\/\/suelosport.com\/pt-pt\/wp-json\/wp\/v2\/product\/57604","targetHints":{"allow":["GET"]}}],"collection":[{"href":"https:\/\/suelosport.com\/pt-pt\/wp-json\/wp\/v2\/product"}],"about":[{"href":"https:\/\/suelosport.com\/pt-pt\/wp-json\/wp\/v2\/types\/product"}],"replies":[{"embeddable":true,"href":"https:\/\/suelosport.com\/pt-pt\/wp-json\/wp\/v2\/comments?post=57604"}],"wp:featuredmedia":[{"embeddable":true,"href":"https:\/\/suelosport.com\/pt-pt\/wp-json\/wp\/v2\/media\/57627"}],"wp:attachment":[{"href":"https:\/\/suelosport.com\/pt-pt\/wp-json\/wp\/v2\/media?parent=57604"}],"wp:term":[{"taxonomy":"product_brand","embeddable":true,"href":"https:\/\/suelosport.com\/pt-pt\/wp-json\/wp\/v2\/product_brand?post=57604"},{"taxonomy":"product_cat","embeddable":true,"href":"https:\/\/suelosport.com\/pt-pt\/wp-json\/wp\/v2\/product_cat?post=57604"},{"taxonomy":"product_tag","embeddable":true,"href":"https:\/\/suelosport.com\/pt-pt\/wp-json\/wp\/v2\/product_tag?post=57604"}],"curies":[{"name":"wp","href":"https:\/\/api.w.org\/{rel}","templated":true}]}}