{"id":57165,"date":"2024-01-05T12:06:32","date_gmt":"2024-01-05T11:06:32","guid":{"rendered":"https:\/\/suelosport.com\/?post_type=product&#038;p=57165"},"modified":"2026-02-09T12:01:55","modified_gmt":"2026-02-09T11:01:55","slug":"tatami-puzzle-100x100x4cm-5-lineas","status":"publish","type":"product","link":"https:\/\/suelosport.com\/pt-pt\/producto\/tatami-puzzle-100x100x4cm-5-lineas\/","title":{"rendered":"Tatami puzzle 100x100x4cm 5 l\u00edneas"},"content":{"rendered":"<p><span style=\"color: #ed1c24;\"><strong>Pedido m\u00ednimo: 2 unidades (para islas, Ceuta, Melilla y Portugal: 6 unidades)<\/strong><\/span><\/p>\n<p>El <strong>tatami puzzle<\/strong> te ofrece una superficie acolchada que amortigua impactos y te proporciona un entorno seguro para la pr\u00e1ctica de artes marciales, yoga y ejercicios de suelo.<\/p>\n<p>Su textura antideslizante y resistente al desgaste mejora la tracci\u00f3n, y reduce el riesgo de resbalones y lesiones durante tus entrenamientos m\u00e1s intensos.<\/p>\n<p>Adem\u00e1s, el tatami te aporta una superficie c\u00f3moda para tus ejercicios, favoreci\u00e9ndote la concentraci\u00f3n, la estabilidad y la ejecuci\u00f3n de movimientos preciso.<\/p>\n<p>&nbsp;<\/p>\n<p><strong>Consejos sobre que <a href=\"https:\/\/suelosport.com\/consejos-para-elegir-el-tatami-para-artes-marciales\/\">tatami<\/a> elegir.<\/strong><\/p>\n","protected":false},"excerpt":{"rendered":"<p>Suelo Tatami Puzzle con terminaci\u00f3n rugosa antideslizante de cinco l\u00edneas<\/p>\n<p><strong>Pavimento de goma EVA tipo puzzle<\/strong> para artes marciales y otras actividades<\/p>\n<ul>\n<li>Medidas: 100 x 100 x 4 cm<\/li>\n<\/ul>\n<p>Los Tatamis incluyen marco con la terminaci\u00f3n recta.<\/p>\n<p>Ver pedido m\u00ednimo en Descripci\u00f3n.<\/p>\n<a href=\"https:\/\/suelosport.com\/instalacion-y-mantenimiento-de-tatamis\/\" class=\"button primary is-small\" >\n\t\t<span>Instalaci\u00f3n<\/span>\n\t<\/a>\n\n<a href=\"https:\/\/suelosport.com\/consejos-para-elegir-el-tatami-para-artes-marciales\/\" class=\"button secondary is-small\" >\n\t\t<span>\u00bfQu\u00e9 tatami elegir?<\/span>\n\t<\/a>\n\n<p><iframe loading=\"lazy\" src=\"https:\/\/www.youtube.com\/embed\/TV9RqQoi4as\/?rel=0&amp;amp\" width=\"250\" height=\"150\" frameborder=\"0\" allowfullscreen=\"allowfullscreen\" data-mce-fragment=\"1\"><\/iframe><\/p>\n<p>&nbsp;<\/p>\n","protected":false},"featured_media":57167,"comment_status":"open","ping_status":"closed","template":"","meta":{"inline_featured_image":false},"product_brand":[2210],"product_cat":[115,126],"product_tag":[140,173,180,184,270,304,341,342,343],"class_list":{"0":"post-57165","1":"product","2":"type-product","3":"status-publish","4":"has-post-thumbnail","6":"product_brand-suelosport","7":"product_cat-tatamis","8":"product_cat-tatami-puzzle","9":"product_tag-karate","10":"product_tag-taekwondo","11":"product_tag-pilates","12":"product_tag-tatami","13":"product_tag-goma","14":"product_tag-guarderia","15":"product_tag-ninos","16":"product_tag-yoga","17":"product_tag-eva","18":"product_shipping_class-sueloscauchoytatamis","20":"first","21":"instock","22":"sale","23":"taxable","24":"shipping-taxable","25":"purchasable","26":"product-type-variable"},"yoast_head":"<!-- This site is optimized with the Yoast SEO plugin v27.1.1 - https:\/\/yoast.com\/product\/yoast-seo-wordpress\/ -->\n<title>Tatami puzzle 100x100x4cm 5 l\u00edneas | Suelosport - Suelos Deportivos<\/title>\n<meta name=\"robots\" content=\"index, follow, max-snippet:-1, max-image-preview:large, max-video-preview:-1\" \/>\n<link rel=\"canonical\" href=\"https:\/\/suelosport.com\/pt-pt\/producto\/tatami-puzzle-100x100x4cm-5-lineas\/\" \/>\n<meta property=\"og:locale\" content=\"pt_PT\" \/>\n<meta property=\"og:type\" content=\"article\" \/>\n<meta property=\"og:title\" content=\"Tatami puzzle 100x100x4cm 5 l\u00edneas | Suelosport - Suelos Deportivos\" \/>\n<meta property=\"og:description\" content=\"Suelo Tatami Puzzle con terminaci\u00f3n rugosa antideslizante de cinco l\u00edneas  Pavimento de goma EVA tipo puzzle para artes marciales y otras actividades   Medidas: 100 x 100 x 4 cm  Los Tatamis incluyen marco con la terminaci\u00f3n recta.  Ver pedido m\u00ednimo en Descripci\u00f3n.        &nbsp;\" \/>\n<meta property=\"og:url\" content=\"https:\/\/suelosport.com\/pt-pt\/producto\/tatami-puzzle-100x100x4cm-5-lineas\/\" \/>\n<meta property=\"og:site_name\" content=\"Suelosport - Suelos Deportivos\" \/>\n<meta property=\"article:publisher\" content=\"https:\/\/www.facebook.com\/Suelosport-2042694182686080\/\" \/>\n<meta property=\"article:modified_time\" content=\"2026-02-09T11:01:55+00:00\" \/>\n<meta property=\"og:image\" content=\"https:\/\/suelosport.com\/wp-content\/uploads\/2024\/01\/tatami_puzzle_5lineas.jpg\" \/>\n\t<meta property=\"og:image:width\" content=\"600\" \/>\n\t<meta property=\"og:image:height\" content=\"800\" \/>\n\t<meta property=\"og:image:type\" content=\"image\/jpeg\" \/>\n<meta name=\"twitter:card\" content=\"summary_large_image\" \/>\n<meta name=\"twitter:label1\" content=\"Tempo estimado de leitura\" \/>\n\t<meta name=\"twitter:data1\" content=\"1 minuto\" \/>\n<script type=\"application\/ld+json\" class=\"yoast-schema-graph\">{\"@context\":\"https:\/\/schema.org\",\"@graph\":[{\"@type\":[\"WebPage\",\"ItemPage\"],\"@id\":\"https:\/\/suelosport.com\/pt-pt\/producto\/tatami-puzzle-100x100x4cm-5-lineas\/\",\"url\":\"https:\/\/suelosport.com\/pt-pt\/producto\/tatami-puzzle-100x100x4cm-5-lineas\/\",\"name\":\"Tatami puzzle 100x100x4cm 5 l\u00edneas | Suelosport - Suelos Deportivos\",\"isPartOf\":{\"@id\":\"https:\/\/suelosport.com\/pt-pt\/#website\"},\"primaryImageOfPage\":{\"@id\":\"https:\/\/suelosport.com\/pt-pt\/producto\/tatami-puzzle-100x100x4cm-5-lineas\/#primaryimage\"},\"image\":{\"@id\":\"https:\/\/suelosport.com\/pt-pt\/producto\/tatami-puzzle-100x100x4cm-5-lineas\/#primaryimage\"},\"thumbnailUrl\":\"https:\/\/suelosport.com\/wp-content\/uploads\/2024\/01\/tatami_puzzle_5lineas.jpg\",\"datePublished\":\"2024-01-05T11:06:32+00:00\",\"dateModified\":\"2026-02-09T11:01:55+00:00\",\"breadcrumb\":{\"@id\":\"https:\/\/suelosport.com\/pt-pt\/producto\/tatami-puzzle-100x100x4cm-5-lineas\/#breadcrumb\"},\"inLanguage\":\"pt-PT\",\"potentialAction\":[{\"@type\":\"ReadAction\",\"target\":[\"https:\/\/suelosport.com\/pt-pt\/producto\/tatami-puzzle-100x100x4cm-5-lineas\/\"]}]},{\"@type\":\"ImageObject\",\"inLanguage\":\"pt-PT\",\"@id\":\"https:\/\/suelosport.com\/pt-pt\/producto\/tatami-puzzle-100x100x4cm-5-lineas\/#primaryimage\",\"url\":\"https:\/\/suelosport.com\/wp-content\/uploads\/2024\/01\/tatami_puzzle_5lineas.jpg\",\"contentUrl\":\"https:\/\/suelosport.com\/wp-content\/uploads\/2024\/01\/tatami_puzzle_5lineas.jpg\",\"width\":600,\"height\":800,\"caption\":\"Tatami puzzle 5 l\u00edneas negro-gris\"},{\"@type\":\"BreadcrumbList\",\"@id\":\"https:\/\/suelosport.com\/pt-pt\/producto\/tatami-puzzle-100x100x4cm-5-lineas\/#breadcrumb\",\"itemListElement\":[{\"@type\":\"ListItem\",\"position\":1,\"name\":\"Portada\",\"item\":\"https:\/\/suelosport.com\/pt-pt\/\"},{\"@type\":\"ListItem\",\"position\":2,\"name\":\"Tienda\",\"item\":\"https:\/\/suelosport.com\/tienda\/\"},{\"@type\":\"ListItem\",\"position\":3,\"name\":\"Tatami puzzle 100x100x4cm 5 l\u00edneas\"}]},{\"@type\":\"WebSite\",\"@id\":\"https:\/\/suelosport.com\/pt-pt\/#website\",\"url\":\"https:\/\/suelosport.com\/pt-pt\/\",\"name\":\"Suelosport - Suelos Deportivos\",\"description\":\"Suelos para gimnasios, suelos de goma, losetas y suelos antideslizantes\",\"publisher\":{\"@id\":\"https:\/\/suelosport.com\/pt-pt\/#organization\"},\"potentialAction\":[{\"@type\":\"SearchAction\",\"target\":{\"@type\":\"EntryPoint\",\"urlTemplate\":\"https:\/\/suelosport.com\/pt-pt\/?s={search_term_string}\"},\"query-input\":{\"@type\":\"PropertyValueSpecification\",\"valueRequired\":true,\"valueName\":\"search_term_string\"}}],\"inLanguage\":\"pt-PT\"},{\"@type\":\"Organization\",\"@id\":\"https:\/\/suelosport.com\/pt-pt\/#organization\",\"name\":\"Suelosport\",\"url\":\"https:\/\/suelosport.com\/pt-pt\/\",\"logo\":{\"@type\":\"ImageObject\",\"inLanguage\":\"pt-PT\",\"@id\":\"https:\/\/suelosport.com\/pt-pt\/#\/schema\/logo\/image\/\",\"url\":\"https:\/\/suelosport.com\/wp-content\/uploads\/2018\/03\/logo-suelosport.png\",\"contentUrl\":\"https:\/\/suelosport.com\/wp-content\/uploads\/2018\/03\/logo-suelosport.png\",\"width\":300,\"height\":67,\"caption\":\"Suelosport\"},\"image\":{\"@id\":\"https:\/\/suelosport.com\/pt-pt\/#\/schema\/logo\/image\/\"},\"sameAs\":[\"https:\/\/www.facebook.com\/Suelosport-2042694182686080\/\",\"https:\/\/www.linkedin.com\/company\/suelosport\/\",\"https:\/\/www.youtube.com\/channel\/UC1eoryUxD4Fw7f1m5wx_vFg?view_as=subscriber\"]}]}<\/script>\n<!-- \/ Yoast SEO plugin. -->","yoast_head_json":{"title":"Tatami puzzle 100x100x4cm 5 l\u00edneas | Suelosport - Suelos Deportivos","robots":{"index":"index","follow":"follow","max-snippet":"max-snippet:-1","max-image-preview":"max-image-preview:large","max-video-preview":"max-video-preview:-1"},"canonical":"https:\/\/suelosport.com\/pt-pt\/producto\/tatami-puzzle-100x100x4cm-5-lineas\/","og_locale":"pt_PT","og_type":"article","og_title":"Tatami puzzle 100x100x4cm 5 l\u00edneas | Suelosport - Suelos Deportivos","og_description":"Suelo Tatami Puzzle con terminaci\u00f3n rugosa antideslizante de cinco l\u00edneas  Pavimento de goma EVA tipo puzzle para artes marciales y otras actividades   Medidas: 100 x 100 x 4 cm  Los Tatamis incluyen marco con la terminaci\u00f3n recta.  Ver pedido m\u00ednimo en Descripci\u00f3n.        &nbsp;","og_url":"https:\/\/suelosport.com\/pt-pt\/producto\/tatami-puzzle-100x100x4cm-5-lineas\/","og_site_name":"Suelosport - Suelos Deportivos","article_publisher":"https:\/\/www.facebook.com\/Suelosport-2042694182686080\/","article_modified_time":"2026-02-09T11:01:55+00:00","og_image":[{"width":600,"height":800,"url":"https:\/\/suelosport.com\/wp-content\/uploads\/2024\/01\/tatami_puzzle_5lineas.jpg","type":"image\/jpeg"}],"twitter_card":"summary_large_image","twitter_misc":{"Tempo estimado de leitura":"1 minuto"},"schema":{"@context":"https:\/\/schema.org","@graph":[{"@type":["WebPage","ItemPage"],"@id":"https:\/\/suelosport.com\/pt-pt\/producto\/tatami-puzzle-100x100x4cm-5-lineas\/","url":"https:\/\/suelosport.com\/pt-pt\/producto\/tatami-puzzle-100x100x4cm-5-lineas\/","name":"Tatami puzzle 100x100x4cm 5 l\u00edneas | Suelosport - Suelos Deportivos","isPartOf":{"@id":"https:\/\/suelosport.com\/pt-pt\/#website"},"primaryImageOfPage":{"@id":"https:\/\/suelosport.com\/pt-pt\/producto\/tatami-puzzle-100x100x4cm-5-lineas\/#primaryimage"},"image":{"@id":"https:\/\/suelosport.com\/pt-pt\/producto\/tatami-puzzle-100x100x4cm-5-lineas\/#primaryimage"},"thumbnailUrl":"https:\/\/suelosport.com\/wp-content\/uploads\/2024\/01\/tatami_puzzle_5lineas.jpg","datePublished":"2024-01-05T11:06:32+00:00","dateModified":"2026-02-09T11:01:55+00:00","breadcrumb":{"@id":"https:\/\/suelosport.com\/pt-pt\/producto\/tatami-puzzle-100x100x4cm-5-lineas\/#breadcrumb"},"inLanguage":"pt-PT","potentialAction":[{"@type":"ReadAction","target":["https:\/\/suelosport.com\/pt-pt\/producto\/tatami-puzzle-100x100x4cm-5-lineas\/"]}]},{"@type":"ImageObject","inLanguage":"pt-PT","@id":"https:\/\/suelosport.com\/pt-pt\/producto\/tatami-puzzle-100x100x4cm-5-lineas\/#primaryimage","url":"https:\/\/suelosport.com\/wp-content\/uploads\/2024\/01\/tatami_puzzle_5lineas.jpg","contentUrl":"https:\/\/suelosport.com\/wp-content\/uploads\/2024\/01\/tatami_puzzle_5lineas.jpg","width":600,"height":800,"caption":"Tatami puzzle 5 l\u00edneas negro-gris"},{"@type":"BreadcrumbList","@id":"https:\/\/suelosport.com\/pt-pt\/producto\/tatami-puzzle-100x100x4cm-5-lineas\/#breadcrumb","itemListElement":[{"@type":"ListItem","position":1,"name":"Portada","item":"https:\/\/suelosport.com\/pt-pt\/"},{"@type":"ListItem","position":2,"name":"Tienda","item":"https:\/\/suelosport.com\/tienda\/"},{"@type":"ListItem","position":3,"name":"Tatami puzzle 100x100x4cm 5 l\u00edneas"}]},{"@type":"WebSite","@id":"https:\/\/suelosport.com\/pt-pt\/#website","url":"https:\/\/suelosport.com\/pt-pt\/","name":"Suelosport - Suelos Deportivos","description":"Suelos para gimnasios, suelos de goma, losetas y suelos antideslizantes","publisher":{"@id":"https:\/\/suelosport.com\/pt-pt\/#organization"},"potentialAction":[{"@type":"SearchAction","target":{"@type":"EntryPoint","urlTemplate":"https:\/\/suelosport.com\/pt-pt\/?s={search_term_string}"},"query-input":{"@type":"PropertyValueSpecification","valueRequired":true,"valueName":"search_term_string"}}],"inLanguage":"pt-PT"},{"@type":"Organization","@id":"https:\/\/suelosport.com\/pt-pt\/#organization","name":"Suelosport","url":"https:\/\/suelosport.com\/pt-pt\/","logo":{"@type":"ImageObject","inLanguage":"pt-PT","@id":"https:\/\/suelosport.com\/pt-pt\/#\/schema\/logo\/image\/","url":"https:\/\/suelosport.com\/wp-content\/uploads\/2018\/03\/logo-suelosport.png","contentUrl":"https:\/\/suelosport.com\/wp-content\/uploads\/2018\/03\/logo-suelosport.png","width":300,"height":67,"caption":"Suelosport"},"image":{"@id":"https:\/\/suelosport.com\/pt-pt\/#\/schema\/logo\/image\/"},"sameAs":["https:\/\/www.facebook.com\/Suelosport-2042694182686080\/","https:\/\/www.linkedin.com\/company\/suelosport\/","https:\/\/www.youtube.com\/channel\/UC1eoryUxD4Fw7f1m5wx_vFg?view_as=subscriber"]}]}},"_links":{"self":[{"href":"https:\/\/suelosport.com\/pt-pt\/wp-json\/wp\/v2\/product\/57165","targetHints":{"allow":["GET"]}}],"collection":[{"href":"https:\/\/suelosport.com\/pt-pt\/wp-json\/wp\/v2\/product"}],"about":[{"href":"https:\/\/suelosport.com\/pt-pt\/wp-json\/wp\/v2\/types\/product"}],"replies":[{"embeddable":true,"href":"https:\/\/suelosport.com\/pt-pt\/wp-json\/wp\/v2\/comments?post=57165"}],"wp:featuredmedia":[{"embeddable":true,"href":"https:\/\/suelosport.com\/pt-pt\/wp-json\/wp\/v2\/media\/57167"}],"wp:attachment":[{"href":"https:\/\/suelosport.com\/pt-pt\/wp-json\/wp\/v2\/media?parent=57165"}],"wp:term":[{"taxonomy":"product_brand","embeddable":true,"href":"https:\/\/suelosport.com\/pt-pt\/wp-json\/wp\/v2\/product_brand?post=57165"},{"taxonomy":"product_cat","embeddable":true,"href":"https:\/\/suelosport.com\/pt-pt\/wp-json\/wp\/v2\/product_cat?post=57165"},{"taxonomy":"product_tag","embeddable":true,"href":"https:\/\/suelosport.com\/pt-pt\/wp-json\/wp\/v2\/product_tag?post=57165"}],"curies":[{"name":"wp","href":"https:\/\/api.w.org\/{rel}","templated":true}]}}