{"id":57076,"date":"2024-01-02T12:43:16","date_gmt":"2024-01-02T11:43:16","guid":{"rendered":"https:\/\/suelosport.com\/?post_type=product&#038;p=57076"},"modified":"2026-01-22T12:15:44","modified_gmt":"2026-01-22T11:15:44","slug":"protector-para-barra","status":"publish","type":"product","link":"https:\/\/suelosport.com\/pt-pt\/producto\/protector-para-barra\/","title":{"rendered":"Protector para barra"},"content":{"rendered":"<p>Con el protector cervical para barra, podr\u00e1s realizar tus ejercicios de manera m\u00e1s c\u00f3moda, ofreci\u00e9ndote apoyo al distribuir la presi\u00f3n en el cuello durante levantamientos de pesas, reduciendo el riesgo de lesiones.<\/p>\n<p>Tu zona cervical quedar\u00e1 protegida de cualquier roce o ara\u00f1\u00f3n que pueda provocarte la barra.<\/p>\n<ul>\n<li><strong>Con fijaci\u00f3n de velcro:<\/strong> Su dise\u00f1o ajustable y duradero te facilitar\u00e1 su uso en diversos ejercicios, mejor\u00e1ndote la experiencia y permiti\u00e9ndote una concentraci\u00f3n adecuada en la ejecuci\u00f3n correcta de los movimientos.<\/li>\n<li><strong>Tacto agradable:\u00a0<\/strong>hecha con espuma y recubierta de nylon, proporcionando un tacto muy agradable<\/li>\n<li><strong>Medidas<\/strong>: 40cm de largo x 9cm de di\u00e1metro<\/li>\n<\/ul>\n","protected":false},"excerpt":{"rendered":"<p>Protector cervical para barra.<\/p>\n<p>Mayor comodidad, menos posibilidades de lesi\u00f3n.<\/p>\n","protected":false},"featured_media":57081,"comment_status":"open","ping_status":"closed","template":"","meta":{"inline_featured_image":false},"product_brand":[],"product_cat":[442,1801],"product_tag":[],"class_list":{"0":"post-57076","1":"product","2":"type-product","3":"status-publish","4":"has-post-thumbnail","6":"product_cat-protector-barras","7":"product_cat-musculacion","8":"product_shipping_class-todosmenossuelos","10":"first","11":"instock","12":"sale","13":"taxable","14":"shipping-taxable","15":"purchasable","16":"product-type-simple"},"yoast_head":"<!-- This site is optimized with the Yoast SEO plugin v27.5 - https:\/\/yoast.com\/product\/yoast-seo-wordpress\/ -->\n<title>Protector para barra | Suelosport - Suelos Deportivos<\/title>\n<meta name=\"robots\" content=\"index, follow, max-snippet:-1, max-image-preview:large, max-video-preview:-1\" \/>\n<link rel=\"canonical\" href=\"https:\/\/suelosport.com\/pt-pt\/producto\/protector-para-barra\/\" \/>\n<meta property=\"og:locale\" content=\"pt_PT\" \/>\n<meta property=\"og:type\" content=\"article\" \/>\n<meta property=\"og:title\" content=\"Protector para barra | Suelosport - Suelos Deportivos\" \/>\n<meta property=\"og:description\" content=\"Protector cervical para barra.  Mayor comodidad, menos posibilidades de lesi\u00f3n.\" \/>\n<meta property=\"og:url\" content=\"https:\/\/suelosport.com\/pt-pt\/producto\/protector-para-barra\/\" \/>\n<meta property=\"og:site_name\" content=\"Suelosport - Suelos Deportivos\" \/>\n<meta property=\"article:publisher\" content=\"https:\/\/www.facebook.com\/Suelosport-2042694182686080\/\" \/>\n<meta property=\"article:modified_time\" content=\"2026-01-22T11:15:44+00:00\" \/>\n<meta property=\"og:image\" content=\"https:\/\/suelosport.com\/wp-content\/uploads\/2024\/01\/protector_para_barra-800x800-1.jpg\" \/>\n\t<meta property=\"og:image:width\" content=\"800\" \/>\n\t<meta property=\"og:image:height\" content=\"800\" \/>\n\t<meta property=\"og:image:type\" content=\"image\/jpeg\" \/>\n<meta name=\"twitter:card\" content=\"summary_large_image\" \/>\n<meta name=\"twitter:label1\" content=\"Tempo estimado de leitura\" \/>\n\t<meta name=\"twitter:data1\" content=\"1 minuto\" \/>\n<script type=\"application\/ld+json\" class=\"yoast-schema-graph\">{\"@context\":\"https:\\\/\\\/schema.org\",\"@graph\":[{\"@type\":[\"WebPage\",\"ItemPage\"],\"@id\":\"https:\\\/\\\/suelosport.com\\\/pt-pt\\\/producto\\\/protector-para-barra\\\/\",\"url\":\"https:\\\/\\\/suelosport.com\\\/pt-pt\\\/producto\\\/protector-para-barra\\\/\",\"name\":\"Protector para barra | Suelosport - Suelos Deportivos\",\"isPartOf\":{\"@id\":\"https:\\\/\\\/suelosport.com\\\/pt-pt\\\/#website\"},\"primaryImageOfPage\":{\"@id\":\"https:\\\/\\\/suelosport.com\\\/pt-pt\\\/producto\\\/protector-para-barra\\\/#primaryimage\"},\"image\":{\"@id\":\"https:\\\/\\\/suelosport.com\\\/pt-pt\\\/producto\\\/protector-para-barra\\\/#primaryimage\"},\"thumbnailUrl\":\"https:\\\/\\\/suelosport.com\\\/wp-content\\\/uploads\\\/2024\\\/01\\\/protector_para_barra-800x800-1.jpg\",\"datePublished\":\"2024-01-02T11:43:16+00:00\",\"dateModified\":\"2026-01-22T11:15:44+00:00\",\"breadcrumb\":{\"@id\":\"https:\\\/\\\/suelosport.com\\\/pt-pt\\\/producto\\\/protector-para-barra\\\/#breadcrumb\"},\"inLanguage\":\"pt-PT\",\"potentialAction\":[{\"@type\":\"ReadAction\",\"target\":[\"https:\\\/\\\/suelosport.com\\\/pt-pt\\\/producto\\\/protector-para-barra\\\/\"]}]},{\"@type\":\"ImageObject\",\"inLanguage\":\"pt-PT\",\"@id\":\"https:\\\/\\\/suelosport.com\\\/pt-pt\\\/producto\\\/protector-para-barra\\\/#primaryimage\",\"url\":\"https:\\\/\\\/suelosport.com\\\/wp-content\\\/uploads\\\/2024\\\/01\\\/protector_para_barra-800x800-1.jpg\",\"contentUrl\":\"https:\\\/\\\/suelosport.com\\\/wp-content\\\/uploads\\\/2024\\\/01\\\/protector_para_barra-800x800-1.jpg\",\"width\":800,\"height\":800,\"caption\":\"Protector para barra\"},{\"@type\":\"BreadcrumbList\",\"@id\":\"https:\\\/\\\/suelosport.com\\\/pt-pt\\\/producto\\\/protector-para-barra\\\/#breadcrumb\",\"itemListElement\":[{\"@type\":\"ListItem\",\"position\":1,\"name\":\"Portada\",\"item\":\"https:\\\/\\\/suelosport.com\\\/pt-pt\\\/\"},{\"@type\":\"ListItem\",\"position\":2,\"name\":\"Tienda\",\"item\":\"https:\\\/\\\/suelosport.com\\\/tienda\\\/\"},{\"@type\":\"ListItem\",\"position\":3,\"name\":\"Protector para barra\"}]},{\"@type\":\"WebSite\",\"@id\":\"https:\\\/\\\/suelosport.com\\\/pt-pt\\\/#website\",\"url\":\"https:\\\/\\\/suelosport.com\\\/pt-pt\\\/\",\"name\":\"Suelosport - Suelos Deportivos\",\"description\":\"Suelos para gimnasios, suelos de goma, losetas y suelos antideslizantes\",\"publisher\":{\"@id\":\"https:\\\/\\\/suelosport.com\\\/pt-pt\\\/#organization\"},\"potentialAction\":[{\"@type\":\"SearchAction\",\"target\":{\"@type\":\"EntryPoint\",\"urlTemplate\":\"https:\\\/\\\/suelosport.com\\\/pt-pt\\\/?s={search_term_string}\"},\"query-input\":{\"@type\":\"PropertyValueSpecification\",\"valueRequired\":true,\"valueName\":\"search_term_string\"}}],\"inLanguage\":\"pt-PT\"},{\"@type\":\"Organization\",\"@id\":\"https:\\\/\\\/suelosport.com\\\/pt-pt\\\/#organization\",\"name\":\"Suelosport\",\"url\":\"https:\\\/\\\/suelosport.com\\\/pt-pt\\\/\",\"logo\":{\"@type\":\"ImageObject\",\"inLanguage\":\"pt-PT\",\"@id\":\"https:\\\/\\\/suelosport.com\\\/pt-pt\\\/#\\\/schema\\\/logo\\\/image\\\/\",\"url\":\"https:\\\/\\\/suelosport.com\\\/wp-content\\\/uploads\\\/2018\\\/03\\\/logo-suelosport.png\",\"contentUrl\":\"https:\\\/\\\/suelosport.com\\\/wp-content\\\/uploads\\\/2018\\\/03\\\/logo-suelosport.png\",\"width\":300,\"height\":67,\"caption\":\"Suelosport\"},\"image\":{\"@id\":\"https:\\\/\\\/suelosport.com\\\/pt-pt\\\/#\\\/schema\\\/logo\\\/image\\\/\"},\"sameAs\":[\"https:\\\/\\\/www.facebook.com\\\/Suelosport-2042694182686080\\\/\",\"https:\\\/\\\/www.linkedin.com\\\/company\\\/suelosport\\\/\",\"https:\\\/\\\/www.youtube.com\\\/channel\\\/UC1eoryUxD4Fw7f1m5wx_vFg?view_as=subscriber\"]}]}<\/script>\n<!-- \/ Yoast SEO plugin. -->","yoast_head_json":{"title":"Protector para barra | Suelosport - Suelos Deportivos","robots":{"index":"index","follow":"follow","max-snippet":"max-snippet:-1","max-image-preview":"max-image-preview:large","max-video-preview":"max-video-preview:-1"},"canonical":"https:\/\/suelosport.com\/pt-pt\/producto\/protector-para-barra\/","og_locale":"pt_PT","og_type":"article","og_title":"Protector para barra | Suelosport - Suelos Deportivos","og_description":"Protector cervical para barra.  Mayor comodidad, menos posibilidades de lesi\u00f3n.","og_url":"https:\/\/suelosport.com\/pt-pt\/producto\/protector-para-barra\/","og_site_name":"Suelosport - Suelos Deportivos","article_publisher":"https:\/\/www.facebook.com\/Suelosport-2042694182686080\/","article_modified_time":"2026-01-22T11:15:44+00:00","og_image":[{"width":800,"height":800,"url":"https:\/\/suelosport.com\/wp-content\/uploads\/2024\/01\/protector_para_barra-800x800-1.jpg","type":"image\/jpeg"}],"twitter_card":"summary_large_image","twitter_misc":{"Tempo estimado de leitura":"1 minuto"},"schema":{"@context":"https:\/\/schema.org","@graph":[{"@type":["WebPage","ItemPage"],"@id":"https:\/\/suelosport.com\/pt-pt\/producto\/protector-para-barra\/","url":"https:\/\/suelosport.com\/pt-pt\/producto\/protector-para-barra\/","name":"Protector para barra | Suelosport - Suelos Deportivos","isPartOf":{"@id":"https:\/\/suelosport.com\/pt-pt\/#website"},"primaryImageOfPage":{"@id":"https:\/\/suelosport.com\/pt-pt\/producto\/protector-para-barra\/#primaryimage"},"image":{"@id":"https:\/\/suelosport.com\/pt-pt\/producto\/protector-para-barra\/#primaryimage"},"thumbnailUrl":"https:\/\/suelosport.com\/wp-content\/uploads\/2024\/01\/protector_para_barra-800x800-1.jpg","datePublished":"2024-01-02T11:43:16+00:00","dateModified":"2026-01-22T11:15:44+00:00","breadcrumb":{"@id":"https:\/\/suelosport.com\/pt-pt\/producto\/protector-para-barra\/#breadcrumb"},"inLanguage":"pt-PT","potentialAction":[{"@type":"ReadAction","target":["https:\/\/suelosport.com\/pt-pt\/producto\/protector-para-barra\/"]}]},{"@type":"ImageObject","inLanguage":"pt-PT","@id":"https:\/\/suelosport.com\/pt-pt\/producto\/protector-para-barra\/#primaryimage","url":"https:\/\/suelosport.com\/wp-content\/uploads\/2024\/01\/protector_para_barra-800x800-1.jpg","contentUrl":"https:\/\/suelosport.com\/wp-content\/uploads\/2024\/01\/protector_para_barra-800x800-1.jpg","width":800,"height":800,"caption":"Protector para barra"},{"@type":"BreadcrumbList","@id":"https:\/\/suelosport.com\/pt-pt\/producto\/protector-para-barra\/#breadcrumb","itemListElement":[{"@type":"ListItem","position":1,"name":"Portada","item":"https:\/\/suelosport.com\/pt-pt\/"},{"@type":"ListItem","position":2,"name":"Tienda","item":"https:\/\/suelosport.com\/tienda\/"},{"@type":"ListItem","position":3,"name":"Protector para barra"}]},{"@type":"WebSite","@id":"https:\/\/suelosport.com\/pt-pt\/#website","url":"https:\/\/suelosport.com\/pt-pt\/","name":"Suelosport - Suelos Deportivos","description":"Suelos para gimnasios, suelos de goma, losetas y suelos antideslizantes","publisher":{"@id":"https:\/\/suelosport.com\/pt-pt\/#organization"},"potentialAction":[{"@type":"SearchAction","target":{"@type":"EntryPoint","urlTemplate":"https:\/\/suelosport.com\/pt-pt\/?s={search_term_string}"},"query-input":{"@type":"PropertyValueSpecification","valueRequired":true,"valueName":"search_term_string"}}],"inLanguage":"pt-PT"},{"@type":"Organization","@id":"https:\/\/suelosport.com\/pt-pt\/#organization","name":"Suelosport","url":"https:\/\/suelosport.com\/pt-pt\/","logo":{"@type":"ImageObject","inLanguage":"pt-PT","@id":"https:\/\/suelosport.com\/pt-pt\/#\/schema\/logo\/image\/","url":"https:\/\/suelosport.com\/wp-content\/uploads\/2018\/03\/logo-suelosport.png","contentUrl":"https:\/\/suelosport.com\/wp-content\/uploads\/2018\/03\/logo-suelosport.png","width":300,"height":67,"caption":"Suelosport"},"image":{"@id":"https:\/\/suelosport.com\/pt-pt\/#\/schema\/logo\/image\/"},"sameAs":["https:\/\/www.facebook.com\/Suelosport-2042694182686080\/","https:\/\/www.linkedin.com\/company\/suelosport\/","https:\/\/www.youtube.com\/channel\/UC1eoryUxD4Fw7f1m5wx_vFg?view_as=subscriber"]}]}},"_links":{"self":[{"href":"https:\/\/suelosport.com\/pt-pt\/wp-json\/wp\/v2\/product\/57076","targetHints":{"allow":["GET"]}}],"collection":[{"href":"https:\/\/suelosport.com\/pt-pt\/wp-json\/wp\/v2\/product"}],"about":[{"href":"https:\/\/suelosport.com\/pt-pt\/wp-json\/wp\/v2\/types\/product"}],"replies":[{"embeddable":true,"href":"https:\/\/suelosport.com\/pt-pt\/wp-json\/wp\/v2\/comments?post=57076"}],"wp:featuredmedia":[{"embeddable":true,"href":"https:\/\/suelosport.com\/pt-pt\/wp-json\/wp\/v2\/media\/57081"}],"wp:attachment":[{"href":"https:\/\/suelosport.com\/pt-pt\/wp-json\/wp\/v2\/media?parent=57076"}],"wp:term":[{"taxonomy":"product_brand","embeddable":true,"href":"https:\/\/suelosport.com\/pt-pt\/wp-json\/wp\/v2\/product_brand?post=57076"},{"taxonomy":"product_cat","embeddable":true,"href":"https:\/\/suelosport.com\/pt-pt\/wp-json\/wp\/v2\/product_cat?post=57076"},{"taxonomy":"product_tag","embeddable":true,"href":"https:\/\/suelosport.com\/pt-pt\/wp-json\/wp\/v2\/product_tag?post=57076"}],"curies":[{"name":"wp","href":"https:\/\/api.w.org\/{rel}","templated":true}]}}