{"id":57068,"date":"2024-01-02T12:31:07","date_gmt":"2024-01-02T11:31:07","guid":{"rendered":"https:\/\/suelosport.com\/?post_type=product&#038;p=57068"},"modified":"2026-01-22T12:15:34","modified_gmt":"2026-01-22T11:15:34","slug":"pinzas-para-barra","status":"publish","type":"product","link":"https:\/\/suelosport.com\/pt-pt\/producto\/pinzas-para-barra\/","title":{"rendered":"Pinzas para barra"},"content":{"rendered":"<p><span style=\"color: #282828;\">Con la pinza de bloqueo para barra ol\u00edmpica, podr\u00e1s realizar tus ejercicios de forma m\u00e1s segura. Evitar\u00e1s deslizamientos de discos, te proporcionar\u00e1n mayor estabilidad durante el levantamiento\u00a0 y facilitar\u00e1n cambios r\u00e1pidos de peso.<\/span><\/p>\n<p><span style=\"color: #282828;\">Con ellos contribuir\u00e1s a la consistencia en el rendimiento, optimizando la ejecuci\u00f3n de ejercicios y reduciendo el riesgo de lesiones. Adem\u00e1s, preservan la durabilidad del equipo de levantamiento de pesas al prevenir impactos innecesarios entre los discos.<\/span><\/p>\n<p><span style=\"color: #282828;\"><strong>F\u00e1cil de usar:<\/strong> Ejerce fuerza sobre las pinzas y ll\u00e9valas hasta el tope que permitan los discos, estos se quedar\u00e1n fijos sin posibilidad de desplazarse. <\/span><\/p>\n<p><strong><span style=\"color: #282828;\">Se venden por pares.<\/span><\/strong><\/p>\n<ul>\n<li><strong>Material<\/strong>: metal cromado<\/li>\n<li><strong>Di\u00e1metro<\/strong>: 50 mm (ol\u00edmpico)<\/li>\n<\/ul>\n","protected":false},"excerpt":{"rendered":"<p>Pinza de bloqueo para barra ol\u00edmpica.<\/p>\n<p>Consigue seguridad, comodidad y mayor durabilidad de tu equipo de levantamiento de pesas.<\/p>\n<p><span style=\"color: #282828;\"><strong>El precio indicado es para 2 unidades.<\/strong><\/span><\/p>\n","protected":false},"featured_media":57072,"comment_status":"open","ping_status":"closed","template":"","meta":{"inline_featured_image":false},"product_brand":[],"product_cat":[440,1801],"product_tag":[],"class_list":{"0":"post-57068","1":"product","2":"type-product","3":"status-publish","4":"has-post-thumbnail","6":"product_cat-topes-barras","7":"product_cat-musculacion","8":"product_shipping_class-todosmenossuelos","10":"first","11":"instock","12":"sale","13":"taxable","14":"shipping-taxable","15":"purchasable","16":"product-type-simple"},"yoast_head":"<!-- This site is optimized with the Yoast SEO plugin v27.5 - https:\/\/yoast.com\/product\/yoast-seo-wordpress\/ -->\n<title>Pinzas para barra | Suelosport - Suelos Deportivos<\/title>\n<meta name=\"description\" content=\"Realiza tus ejercicios con barra de una manera m\u00e1s segura con la pinza de bloqueo para barra ol\u00edmpica. F\u00e1cil de usar. Di\u00e1metro: 50 mm (ol\u00edmpico). 2 unidades\" \/>\n<meta name=\"robots\" content=\"index, follow, max-snippet:-1, max-image-preview:large, max-video-preview:-1\" \/>\n<link rel=\"canonical\" href=\"https:\/\/suelosport.com\/pt-pt\/producto\/pinzas-para-barra\/\" \/>\n<meta property=\"og:locale\" content=\"pt_PT\" \/>\n<meta property=\"og:type\" content=\"article\" \/>\n<meta property=\"og:title\" content=\"Pinzas para barra | Suelosport - Suelos Deportivos\" \/>\n<meta property=\"og:description\" content=\"Realiza tus ejercicios con barra de una manera m\u00e1s segura con la pinza de bloqueo para barra ol\u00edmpica. F\u00e1cil de usar. Di\u00e1metro: 50 mm (ol\u00edmpico). 2 unidades\" \/>\n<meta property=\"og:url\" content=\"https:\/\/suelosport.com\/pt-pt\/producto\/pinzas-para-barra\/\" \/>\n<meta property=\"og:site_name\" content=\"Suelosport - Suelos Deportivos\" \/>\n<meta property=\"article:publisher\" content=\"https:\/\/www.facebook.com\/Suelosport-2042694182686080\/\" \/>\n<meta property=\"article:modified_time\" content=\"2026-01-22T11:15:34+00:00\" \/>\n<meta property=\"og:image\" content=\"https:\/\/suelosport.com\/wp-content\/uploads\/2024\/01\/pinza_para_barra-400x400-1.jpg\" \/>\n\t<meta property=\"og:image:width\" content=\"400\" \/>\n\t<meta property=\"og:image:height\" content=\"400\" \/>\n\t<meta property=\"og:image:type\" content=\"image\/jpeg\" \/>\n<meta name=\"twitter:card\" content=\"summary_large_image\" \/>\n<meta name=\"twitter:label1\" content=\"Tempo estimado de leitura\" \/>\n\t<meta name=\"twitter:data1\" content=\"1 minuto\" \/>\n<script type=\"application\/ld+json\" class=\"yoast-schema-graph\">{\"@context\":\"https:\\\/\\\/schema.org\",\"@graph\":[{\"@type\":[\"WebPage\",\"ItemPage\"],\"@id\":\"https:\\\/\\\/suelosport.com\\\/pt-pt\\\/producto\\\/pinzas-para-barra\\\/\",\"url\":\"https:\\\/\\\/suelosport.com\\\/pt-pt\\\/producto\\\/pinzas-para-barra\\\/\",\"name\":\"Pinzas para barra | Suelosport - Suelos Deportivos\",\"isPartOf\":{\"@id\":\"https:\\\/\\\/suelosport.com\\\/pt-pt\\\/#website\"},\"primaryImageOfPage\":{\"@id\":\"https:\\\/\\\/suelosport.com\\\/pt-pt\\\/producto\\\/pinzas-para-barra\\\/#primaryimage\"},\"image\":{\"@id\":\"https:\\\/\\\/suelosport.com\\\/pt-pt\\\/producto\\\/pinzas-para-barra\\\/#primaryimage\"},\"thumbnailUrl\":\"https:\\\/\\\/suelosport.com\\\/wp-content\\\/uploads\\\/2024\\\/01\\\/pinza_para_barra-400x400-1.jpg\",\"datePublished\":\"2024-01-02T11:31:07+00:00\",\"dateModified\":\"2026-01-22T11:15:34+00:00\",\"description\":\"Realiza tus ejercicios con barra de una manera m\u00e1s segura con la pinza de bloqueo para barra ol\u00edmpica. F\u00e1cil de usar. Di\u00e1metro: 50 mm (ol\u00edmpico). 2 unidades\",\"breadcrumb\":{\"@id\":\"https:\\\/\\\/suelosport.com\\\/pt-pt\\\/producto\\\/pinzas-para-barra\\\/#breadcrumb\"},\"inLanguage\":\"pt-PT\",\"potentialAction\":[{\"@type\":\"ReadAction\",\"target\":[\"https:\\\/\\\/suelosport.com\\\/pt-pt\\\/producto\\\/pinzas-para-barra\\\/\"]}]},{\"@type\":\"ImageObject\",\"inLanguage\":\"pt-PT\",\"@id\":\"https:\\\/\\\/suelosport.com\\\/pt-pt\\\/producto\\\/pinzas-para-barra\\\/#primaryimage\",\"url\":\"https:\\\/\\\/suelosport.com\\\/wp-content\\\/uploads\\\/2024\\\/01\\\/pinza_para_barra-400x400-1.jpg\",\"contentUrl\":\"https:\\\/\\\/suelosport.com\\\/wp-content\\\/uploads\\\/2024\\\/01\\\/pinza_para_barra-400x400-1.jpg\",\"width\":400,\"height\":400,\"caption\":\"Pinzas para barra\"},{\"@type\":\"BreadcrumbList\",\"@id\":\"https:\\\/\\\/suelosport.com\\\/pt-pt\\\/producto\\\/pinzas-para-barra\\\/#breadcrumb\",\"itemListElement\":[{\"@type\":\"ListItem\",\"position\":1,\"name\":\"Portada\",\"item\":\"https:\\\/\\\/suelosport.com\\\/pt-pt\\\/\"},{\"@type\":\"ListItem\",\"position\":2,\"name\":\"Tienda\",\"item\":\"https:\\\/\\\/suelosport.com\\\/tienda\\\/\"},{\"@type\":\"ListItem\",\"position\":3,\"name\":\"Pinzas para barra\"}]},{\"@type\":\"WebSite\",\"@id\":\"https:\\\/\\\/suelosport.com\\\/pt-pt\\\/#website\",\"url\":\"https:\\\/\\\/suelosport.com\\\/pt-pt\\\/\",\"name\":\"Suelosport - Suelos Deportivos\",\"description\":\"Suelos para gimnasios, suelos de goma, losetas y suelos antideslizantes\",\"publisher\":{\"@id\":\"https:\\\/\\\/suelosport.com\\\/pt-pt\\\/#organization\"},\"potentialAction\":[{\"@type\":\"SearchAction\",\"target\":{\"@type\":\"EntryPoint\",\"urlTemplate\":\"https:\\\/\\\/suelosport.com\\\/pt-pt\\\/?s={search_term_string}\"},\"query-input\":{\"@type\":\"PropertyValueSpecification\",\"valueRequired\":true,\"valueName\":\"search_term_string\"}}],\"inLanguage\":\"pt-PT\"},{\"@type\":\"Organization\",\"@id\":\"https:\\\/\\\/suelosport.com\\\/pt-pt\\\/#organization\",\"name\":\"Suelosport\",\"url\":\"https:\\\/\\\/suelosport.com\\\/pt-pt\\\/\",\"logo\":{\"@type\":\"ImageObject\",\"inLanguage\":\"pt-PT\",\"@id\":\"https:\\\/\\\/suelosport.com\\\/pt-pt\\\/#\\\/schema\\\/logo\\\/image\\\/\",\"url\":\"https:\\\/\\\/suelosport.com\\\/wp-content\\\/uploads\\\/2018\\\/03\\\/logo-suelosport.png\",\"contentUrl\":\"https:\\\/\\\/suelosport.com\\\/wp-content\\\/uploads\\\/2018\\\/03\\\/logo-suelosport.png\",\"width\":300,\"height\":67,\"caption\":\"Suelosport\"},\"image\":{\"@id\":\"https:\\\/\\\/suelosport.com\\\/pt-pt\\\/#\\\/schema\\\/logo\\\/image\\\/\"},\"sameAs\":[\"https:\\\/\\\/www.facebook.com\\\/Suelosport-2042694182686080\\\/\",\"https:\\\/\\\/www.linkedin.com\\\/company\\\/suelosport\\\/\",\"https:\\\/\\\/www.youtube.com\\\/channel\\\/UC1eoryUxD4Fw7f1m5wx_vFg?view_as=subscriber\"]}]}<\/script>\n<!-- \/ Yoast SEO plugin. -->","yoast_head_json":{"title":"Pinzas para barra | Suelosport - Suelos Deportivos","description":"Realiza tus ejercicios con barra de una manera m\u00e1s segura con la pinza de bloqueo para barra ol\u00edmpica. F\u00e1cil de usar. Di\u00e1metro: 50 mm (ol\u00edmpico). 2 unidades","robots":{"index":"index","follow":"follow","max-snippet":"max-snippet:-1","max-image-preview":"max-image-preview:large","max-video-preview":"max-video-preview:-1"},"canonical":"https:\/\/suelosport.com\/pt-pt\/producto\/pinzas-para-barra\/","og_locale":"pt_PT","og_type":"article","og_title":"Pinzas para barra | Suelosport - Suelos Deportivos","og_description":"Realiza tus ejercicios con barra de una manera m\u00e1s segura con la pinza de bloqueo para barra ol\u00edmpica. F\u00e1cil de usar. Di\u00e1metro: 50 mm (ol\u00edmpico). 2 unidades","og_url":"https:\/\/suelosport.com\/pt-pt\/producto\/pinzas-para-barra\/","og_site_name":"Suelosport - Suelos Deportivos","article_publisher":"https:\/\/www.facebook.com\/Suelosport-2042694182686080\/","article_modified_time":"2026-01-22T11:15:34+00:00","og_image":[{"width":400,"height":400,"url":"https:\/\/suelosport.com\/wp-content\/uploads\/2024\/01\/pinza_para_barra-400x400-1.jpg","type":"image\/jpeg"}],"twitter_card":"summary_large_image","twitter_misc":{"Tempo estimado de leitura":"1 minuto"},"schema":{"@context":"https:\/\/schema.org","@graph":[{"@type":["WebPage","ItemPage"],"@id":"https:\/\/suelosport.com\/pt-pt\/producto\/pinzas-para-barra\/","url":"https:\/\/suelosport.com\/pt-pt\/producto\/pinzas-para-barra\/","name":"Pinzas para barra | Suelosport - Suelos Deportivos","isPartOf":{"@id":"https:\/\/suelosport.com\/pt-pt\/#website"},"primaryImageOfPage":{"@id":"https:\/\/suelosport.com\/pt-pt\/producto\/pinzas-para-barra\/#primaryimage"},"image":{"@id":"https:\/\/suelosport.com\/pt-pt\/producto\/pinzas-para-barra\/#primaryimage"},"thumbnailUrl":"https:\/\/suelosport.com\/wp-content\/uploads\/2024\/01\/pinza_para_barra-400x400-1.jpg","datePublished":"2024-01-02T11:31:07+00:00","dateModified":"2026-01-22T11:15:34+00:00","description":"Realiza tus ejercicios con barra de una manera m\u00e1s segura con la pinza de bloqueo para barra ol\u00edmpica. F\u00e1cil de usar. Di\u00e1metro: 50 mm (ol\u00edmpico). 2 unidades","breadcrumb":{"@id":"https:\/\/suelosport.com\/pt-pt\/producto\/pinzas-para-barra\/#breadcrumb"},"inLanguage":"pt-PT","potentialAction":[{"@type":"ReadAction","target":["https:\/\/suelosport.com\/pt-pt\/producto\/pinzas-para-barra\/"]}]},{"@type":"ImageObject","inLanguage":"pt-PT","@id":"https:\/\/suelosport.com\/pt-pt\/producto\/pinzas-para-barra\/#primaryimage","url":"https:\/\/suelosport.com\/wp-content\/uploads\/2024\/01\/pinza_para_barra-400x400-1.jpg","contentUrl":"https:\/\/suelosport.com\/wp-content\/uploads\/2024\/01\/pinza_para_barra-400x400-1.jpg","width":400,"height":400,"caption":"Pinzas para barra"},{"@type":"BreadcrumbList","@id":"https:\/\/suelosport.com\/pt-pt\/producto\/pinzas-para-barra\/#breadcrumb","itemListElement":[{"@type":"ListItem","position":1,"name":"Portada","item":"https:\/\/suelosport.com\/pt-pt\/"},{"@type":"ListItem","position":2,"name":"Tienda","item":"https:\/\/suelosport.com\/tienda\/"},{"@type":"ListItem","position":3,"name":"Pinzas para barra"}]},{"@type":"WebSite","@id":"https:\/\/suelosport.com\/pt-pt\/#website","url":"https:\/\/suelosport.com\/pt-pt\/","name":"Suelosport - Suelos Deportivos","description":"Suelos para gimnasios, suelos de goma, losetas y suelos antideslizantes","publisher":{"@id":"https:\/\/suelosport.com\/pt-pt\/#organization"},"potentialAction":[{"@type":"SearchAction","target":{"@type":"EntryPoint","urlTemplate":"https:\/\/suelosport.com\/pt-pt\/?s={search_term_string}"},"query-input":{"@type":"PropertyValueSpecification","valueRequired":true,"valueName":"search_term_string"}}],"inLanguage":"pt-PT"},{"@type":"Organization","@id":"https:\/\/suelosport.com\/pt-pt\/#organization","name":"Suelosport","url":"https:\/\/suelosport.com\/pt-pt\/","logo":{"@type":"ImageObject","inLanguage":"pt-PT","@id":"https:\/\/suelosport.com\/pt-pt\/#\/schema\/logo\/image\/","url":"https:\/\/suelosport.com\/wp-content\/uploads\/2018\/03\/logo-suelosport.png","contentUrl":"https:\/\/suelosport.com\/wp-content\/uploads\/2018\/03\/logo-suelosport.png","width":300,"height":67,"caption":"Suelosport"},"image":{"@id":"https:\/\/suelosport.com\/pt-pt\/#\/schema\/logo\/image\/"},"sameAs":["https:\/\/www.facebook.com\/Suelosport-2042694182686080\/","https:\/\/www.linkedin.com\/company\/suelosport\/","https:\/\/www.youtube.com\/channel\/UC1eoryUxD4Fw7f1m5wx_vFg?view_as=subscriber"]}]}},"_links":{"self":[{"href":"https:\/\/suelosport.com\/pt-pt\/wp-json\/wp\/v2\/product\/57068","targetHints":{"allow":["GET"]}}],"collection":[{"href":"https:\/\/suelosport.com\/pt-pt\/wp-json\/wp\/v2\/product"}],"about":[{"href":"https:\/\/suelosport.com\/pt-pt\/wp-json\/wp\/v2\/types\/product"}],"replies":[{"embeddable":true,"href":"https:\/\/suelosport.com\/pt-pt\/wp-json\/wp\/v2\/comments?post=57068"}],"wp:featuredmedia":[{"embeddable":true,"href":"https:\/\/suelosport.com\/pt-pt\/wp-json\/wp\/v2\/media\/57072"}],"wp:attachment":[{"href":"https:\/\/suelosport.com\/pt-pt\/wp-json\/wp\/v2\/media?parent=57068"}],"wp:term":[{"taxonomy":"product_brand","embeddable":true,"href":"https:\/\/suelosport.com\/pt-pt\/wp-json\/wp\/v2\/product_brand?post=57068"},{"taxonomy":"product_cat","embeddable":true,"href":"https:\/\/suelosport.com\/pt-pt\/wp-json\/wp\/v2\/product_cat?post=57068"},{"taxonomy":"product_tag","embeddable":true,"href":"https:\/\/suelosport.com\/pt-pt\/wp-json\/wp\/v2\/product_tag?post=57068"}],"curies":[{"name":"wp","href":"https:\/\/api.w.org\/{rel}","templated":true}]}}