{"id":57060,"date":"2024-01-02T12:20:25","date_gmt":"2024-01-02T11:20:25","guid":{"rendered":"https:\/\/suelosport.com\/?post_type=product&#038;p=57060"},"modified":"2026-01-22T12:08:31","modified_gmt":"2026-01-22T11:08:31","slug":"barra-z","status":"publish","type":"product","link":"https:\/\/suelosport.com\/pt-pt\/producto\/barra-z\/","title":{"rendered":"Barra Z"},"content":{"rendered":"<p>Barra Z ol\u00edmpica, dise\u00f1adas para ejercicios de alta intensidad que puedan soportar altas cargas de peso, especialmente para los deportistas que buscan hacer levantamientos de pesas sin problemas para la parte superior del cuerpo.<\/p>\n<p>Su dise\u00f1o en zigzag te reducir\u00e1 la tensi\u00f3n en mu\u00f1ecas y hombros, te sentir\u00e1s m\u00e1s c\u00f3modo durante los levantamientos.<\/p>\n<p>Tambi\u00e9n facilita la realizaci\u00f3n de ejercicios como sentadillas y peso muerto, mejorando la activaci\u00f3n muscular. Adem\u00e1s, permite variaciones de agarre, brindando versatilidad en los entrenamientos de levantamiento de pesas.<\/p>\n<p>Imprescindibles en cualquier centro de entrenamiento o gimnasio.<\/p>\n<ul>\n<li><strong>Material:\u00a0<\/strong>\n<ul>\n<li>Acero.<\/li>\n<li>Acabado en acero cepillado y cromo duro.<\/li>\n<\/ul>\n<\/li>\n<li><strong>Peso<\/strong>: 10 kg<\/li>\n<li><strong>Longitud<\/strong>: 1200 mm<\/li>\n<li><strong>Carga m\u00e1xima:<\/strong> 226 kg<\/li>\n<li><strong>Di\u00e1metro para disco<\/strong>: 50 mm (ol\u00edmpico)<\/li>\n<li><strong>Di\u00e1metro de agarre:<\/strong> 28 mm<\/li>\n<li><strong>2 Rodamientos de precisi\u00f3n<\/strong><\/li>\n<\/ul>\n","protected":false},"excerpt":{"rendered":"<p>Barra Z para entrenar de forma m\u00e1s c\u00f3moda reduciendo tensi\u00f3n en mu\u00f1ecas y hombros.<\/p>\n<ul>\n<li>Di\u00e1metro para disco: 50 mm (ol\u00edmpico)<\/li>\n<\/ul>\n","protected":false},"featured_media":57064,"comment_status":"open","ping_status":"closed","template":"","meta":{"inline_featured_image":false},"product_brand":[],"product_cat":[482,1801],"product_tag":[],"class_list":{"0":"post-57060","1":"product","2":"type-product","3":"status-publish","4":"has-post-thumbnail","6":"product_cat-barras-musculacion","7":"product_cat-musculacion","8":"product_shipping_class-todosmenossuelos","10":"first","11":"instock","12":"sale","13":"taxable","14":"shipping-taxable","15":"purchasable","16":"product-type-simple"},"yoast_head":"<!-- This site is optimized with the Yoast SEO plugin v27.5 - https:\/\/yoast.com\/product\/yoast-seo-wordpress\/ -->\n<title>Barra Z | Suelosport - Suelos Deportivos<\/title>\n<meta name=\"description\" content=\"Barra Z ol\u00edmpica para tus entrenamientos. La barra z te permite realizar los ejercicios de manera segura y c\u00f3moda gracias a su agarre. Para ejercicios de b\u00edceps y tr\u00edceps\" \/>\n<meta name=\"robots\" content=\"index, follow, max-snippet:-1, max-image-preview:large, max-video-preview:-1\" \/>\n<link rel=\"canonical\" href=\"https:\/\/suelosport.com\/pt-pt\/producto\/barra-z\/\" \/>\n<meta property=\"og:locale\" content=\"pt_PT\" \/>\n<meta property=\"og:type\" content=\"article\" \/>\n<meta property=\"og:title\" content=\"Barra Z | Suelosport - Suelos Deportivos\" \/>\n<meta property=\"og:description\" content=\"Barra Z ol\u00edmpica para tus entrenamientos. La barra z te permite realizar los ejercicios de manera segura y c\u00f3moda gracias a su agarre. Para ejercicios de b\u00edceps y tr\u00edceps\" \/>\n<meta property=\"og:url\" content=\"https:\/\/suelosport.com\/pt-pt\/producto\/barra-z\/\" \/>\n<meta property=\"og:site_name\" content=\"Suelosport - Suelos Deportivos\" \/>\n<meta property=\"article:publisher\" content=\"https:\/\/www.facebook.com\/Suelosport-2042694182686080\/\" \/>\n<meta property=\"article:modified_time\" content=\"2026-01-22T11:08:31+00:00\" \/>\n<meta property=\"og:image\" content=\"https:\/\/suelosport.com\/wp-content\/uploads\/2024\/01\/Barra_z-400x400-1.jpg\" \/>\n\t<meta property=\"og:image:width\" content=\"400\" \/>\n\t<meta property=\"og:image:height\" content=\"400\" \/>\n\t<meta property=\"og:image:type\" content=\"image\/jpeg\" \/>\n<meta name=\"twitter:card\" content=\"summary_large_image\" \/>\n<meta name=\"twitter:label1\" content=\"Tempo estimado de leitura\" \/>\n\t<meta name=\"twitter:data1\" content=\"1 minuto\" \/>\n<script type=\"application\/ld+json\" class=\"yoast-schema-graph\">{\"@context\":\"https:\\\/\\\/schema.org\",\"@graph\":[{\"@type\":[\"WebPage\",\"ItemPage\"],\"@id\":\"https:\\\/\\\/suelosport.com\\\/pt-pt\\\/producto\\\/barra-z\\\/\",\"url\":\"https:\\\/\\\/suelosport.com\\\/pt-pt\\\/producto\\\/barra-z\\\/\",\"name\":\"Barra Z | Suelosport - Suelos Deportivos\",\"isPartOf\":{\"@id\":\"https:\\\/\\\/suelosport.com\\\/pt-pt\\\/#website\"},\"primaryImageOfPage\":{\"@id\":\"https:\\\/\\\/suelosport.com\\\/pt-pt\\\/producto\\\/barra-z\\\/#primaryimage\"},\"image\":{\"@id\":\"https:\\\/\\\/suelosport.com\\\/pt-pt\\\/producto\\\/barra-z\\\/#primaryimage\"},\"thumbnailUrl\":\"https:\\\/\\\/suelosport.com\\\/wp-content\\\/uploads\\\/2024\\\/01\\\/Barra_z-400x400-1.jpg\",\"datePublished\":\"2024-01-02T11:20:25+00:00\",\"dateModified\":\"2026-01-22T11:08:31+00:00\",\"description\":\"Barra Z ol\u00edmpica para tus entrenamientos. La barra z te permite realizar los ejercicios de manera segura y c\u00f3moda gracias a su agarre. Para ejercicios de b\u00edceps y tr\u00edceps\",\"breadcrumb\":{\"@id\":\"https:\\\/\\\/suelosport.com\\\/pt-pt\\\/producto\\\/barra-z\\\/#breadcrumb\"},\"inLanguage\":\"pt-PT\",\"potentialAction\":[{\"@type\":\"ReadAction\",\"target\":[\"https:\\\/\\\/suelosport.com\\\/pt-pt\\\/producto\\\/barra-z\\\/\"]}]},{\"@type\":\"ImageObject\",\"inLanguage\":\"pt-PT\",\"@id\":\"https:\\\/\\\/suelosport.com\\\/pt-pt\\\/producto\\\/barra-z\\\/#primaryimage\",\"url\":\"https:\\\/\\\/suelosport.com\\\/wp-content\\\/uploads\\\/2024\\\/01\\\/Barra_z-400x400-1.jpg\",\"contentUrl\":\"https:\\\/\\\/suelosport.com\\\/wp-content\\\/uploads\\\/2024\\\/01\\\/Barra_z-400x400-1.jpg\",\"width\":400,\"height\":400,\"caption\":\"Barra Z\"},{\"@type\":\"BreadcrumbList\",\"@id\":\"https:\\\/\\\/suelosport.com\\\/pt-pt\\\/producto\\\/barra-z\\\/#breadcrumb\",\"itemListElement\":[{\"@type\":\"ListItem\",\"position\":1,\"name\":\"Portada\",\"item\":\"https:\\\/\\\/suelosport.com\\\/pt-pt\\\/\"},{\"@type\":\"ListItem\",\"position\":2,\"name\":\"Tienda\",\"item\":\"https:\\\/\\\/suelosport.com\\\/tienda\\\/\"},{\"@type\":\"ListItem\",\"position\":3,\"name\":\"Barra Z\"}]},{\"@type\":\"WebSite\",\"@id\":\"https:\\\/\\\/suelosport.com\\\/pt-pt\\\/#website\",\"url\":\"https:\\\/\\\/suelosport.com\\\/pt-pt\\\/\",\"name\":\"Suelosport - Suelos Deportivos\",\"description\":\"Suelos para gimnasios, suelos de goma, losetas y suelos antideslizantes\",\"publisher\":{\"@id\":\"https:\\\/\\\/suelosport.com\\\/pt-pt\\\/#organization\"},\"potentialAction\":[{\"@type\":\"SearchAction\",\"target\":{\"@type\":\"EntryPoint\",\"urlTemplate\":\"https:\\\/\\\/suelosport.com\\\/pt-pt\\\/?s={search_term_string}\"},\"query-input\":{\"@type\":\"PropertyValueSpecification\",\"valueRequired\":true,\"valueName\":\"search_term_string\"}}],\"inLanguage\":\"pt-PT\"},{\"@type\":\"Organization\",\"@id\":\"https:\\\/\\\/suelosport.com\\\/pt-pt\\\/#organization\",\"name\":\"Suelosport\",\"url\":\"https:\\\/\\\/suelosport.com\\\/pt-pt\\\/\",\"logo\":{\"@type\":\"ImageObject\",\"inLanguage\":\"pt-PT\",\"@id\":\"https:\\\/\\\/suelosport.com\\\/pt-pt\\\/#\\\/schema\\\/logo\\\/image\\\/\",\"url\":\"https:\\\/\\\/suelosport.com\\\/wp-content\\\/uploads\\\/2018\\\/03\\\/logo-suelosport.png\",\"contentUrl\":\"https:\\\/\\\/suelosport.com\\\/wp-content\\\/uploads\\\/2018\\\/03\\\/logo-suelosport.png\",\"width\":300,\"height\":67,\"caption\":\"Suelosport\"},\"image\":{\"@id\":\"https:\\\/\\\/suelosport.com\\\/pt-pt\\\/#\\\/schema\\\/logo\\\/image\\\/\"},\"sameAs\":[\"https:\\\/\\\/www.facebook.com\\\/Suelosport-2042694182686080\\\/\",\"https:\\\/\\\/www.linkedin.com\\\/company\\\/suelosport\\\/\",\"https:\\\/\\\/www.youtube.com\\\/channel\\\/UC1eoryUxD4Fw7f1m5wx_vFg?view_as=subscriber\"]}]}<\/script>\n<!-- \/ Yoast SEO plugin. -->","yoast_head_json":{"title":"Barra Z | Suelosport - Suelos Deportivos","description":"Barra Z ol\u00edmpica para tus entrenamientos. La barra z te permite realizar los ejercicios de manera segura y c\u00f3moda gracias a su agarre. Para ejercicios de b\u00edceps y tr\u00edceps","robots":{"index":"index","follow":"follow","max-snippet":"max-snippet:-1","max-image-preview":"max-image-preview:large","max-video-preview":"max-video-preview:-1"},"canonical":"https:\/\/suelosport.com\/pt-pt\/producto\/barra-z\/","og_locale":"pt_PT","og_type":"article","og_title":"Barra Z | Suelosport - Suelos Deportivos","og_description":"Barra Z ol\u00edmpica para tus entrenamientos. La barra z te permite realizar los ejercicios de manera segura y c\u00f3moda gracias a su agarre. Para ejercicios de b\u00edceps y tr\u00edceps","og_url":"https:\/\/suelosport.com\/pt-pt\/producto\/barra-z\/","og_site_name":"Suelosport - Suelos Deportivos","article_publisher":"https:\/\/www.facebook.com\/Suelosport-2042694182686080\/","article_modified_time":"2026-01-22T11:08:31+00:00","og_image":[{"width":400,"height":400,"url":"https:\/\/suelosport.com\/wp-content\/uploads\/2024\/01\/Barra_z-400x400-1.jpg","type":"image\/jpeg"}],"twitter_card":"summary_large_image","twitter_misc":{"Tempo estimado de leitura":"1 minuto"},"schema":{"@context":"https:\/\/schema.org","@graph":[{"@type":["WebPage","ItemPage"],"@id":"https:\/\/suelosport.com\/pt-pt\/producto\/barra-z\/","url":"https:\/\/suelosport.com\/pt-pt\/producto\/barra-z\/","name":"Barra Z | Suelosport - Suelos Deportivos","isPartOf":{"@id":"https:\/\/suelosport.com\/pt-pt\/#website"},"primaryImageOfPage":{"@id":"https:\/\/suelosport.com\/pt-pt\/producto\/barra-z\/#primaryimage"},"image":{"@id":"https:\/\/suelosport.com\/pt-pt\/producto\/barra-z\/#primaryimage"},"thumbnailUrl":"https:\/\/suelosport.com\/wp-content\/uploads\/2024\/01\/Barra_z-400x400-1.jpg","datePublished":"2024-01-02T11:20:25+00:00","dateModified":"2026-01-22T11:08:31+00:00","description":"Barra Z ol\u00edmpica para tus entrenamientos. La barra z te permite realizar los ejercicios de manera segura y c\u00f3moda gracias a su agarre. Para ejercicios de b\u00edceps y tr\u00edceps","breadcrumb":{"@id":"https:\/\/suelosport.com\/pt-pt\/producto\/barra-z\/#breadcrumb"},"inLanguage":"pt-PT","potentialAction":[{"@type":"ReadAction","target":["https:\/\/suelosport.com\/pt-pt\/producto\/barra-z\/"]}]},{"@type":"ImageObject","inLanguage":"pt-PT","@id":"https:\/\/suelosport.com\/pt-pt\/producto\/barra-z\/#primaryimage","url":"https:\/\/suelosport.com\/wp-content\/uploads\/2024\/01\/Barra_z-400x400-1.jpg","contentUrl":"https:\/\/suelosport.com\/wp-content\/uploads\/2024\/01\/Barra_z-400x400-1.jpg","width":400,"height":400,"caption":"Barra Z"},{"@type":"BreadcrumbList","@id":"https:\/\/suelosport.com\/pt-pt\/producto\/barra-z\/#breadcrumb","itemListElement":[{"@type":"ListItem","position":1,"name":"Portada","item":"https:\/\/suelosport.com\/pt-pt\/"},{"@type":"ListItem","position":2,"name":"Tienda","item":"https:\/\/suelosport.com\/tienda\/"},{"@type":"ListItem","position":3,"name":"Barra Z"}]},{"@type":"WebSite","@id":"https:\/\/suelosport.com\/pt-pt\/#website","url":"https:\/\/suelosport.com\/pt-pt\/","name":"Suelosport - Suelos Deportivos","description":"Suelos para gimnasios, suelos de goma, losetas y suelos antideslizantes","publisher":{"@id":"https:\/\/suelosport.com\/pt-pt\/#organization"},"potentialAction":[{"@type":"SearchAction","target":{"@type":"EntryPoint","urlTemplate":"https:\/\/suelosport.com\/pt-pt\/?s={search_term_string}"},"query-input":{"@type":"PropertyValueSpecification","valueRequired":true,"valueName":"search_term_string"}}],"inLanguage":"pt-PT"},{"@type":"Organization","@id":"https:\/\/suelosport.com\/pt-pt\/#organization","name":"Suelosport","url":"https:\/\/suelosport.com\/pt-pt\/","logo":{"@type":"ImageObject","inLanguage":"pt-PT","@id":"https:\/\/suelosport.com\/pt-pt\/#\/schema\/logo\/image\/","url":"https:\/\/suelosport.com\/wp-content\/uploads\/2018\/03\/logo-suelosport.png","contentUrl":"https:\/\/suelosport.com\/wp-content\/uploads\/2018\/03\/logo-suelosport.png","width":300,"height":67,"caption":"Suelosport"},"image":{"@id":"https:\/\/suelosport.com\/pt-pt\/#\/schema\/logo\/image\/"},"sameAs":["https:\/\/www.facebook.com\/Suelosport-2042694182686080\/","https:\/\/www.linkedin.com\/company\/suelosport\/","https:\/\/www.youtube.com\/channel\/UC1eoryUxD4Fw7f1m5wx_vFg?view_as=subscriber"]}]}},"_links":{"self":[{"href":"https:\/\/suelosport.com\/pt-pt\/wp-json\/wp\/v2\/product\/57060","targetHints":{"allow":["GET"]}}],"collection":[{"href":"https:\/\/suelosport.com\/pt-pt\/wp-json\/wp\/v2\/product"}],"about":[{"href":"https:\/\/suelosport.com\/pt-pt\/wp-json\/wp\/v2\/types\/product"}],"replies":[{"embeddable":true,"href":"https:\/\/suelosport.com\/pt-pt\/wp-json\/wp\/v2\/comments?post=57060"}],"wp:featuredmedia":[{"embeddable":true,"href":"https:\/\/suelosport.com\/pt-pt\/wp-json\/wp\/v2\/media\/57064"}],"wp:attachment":[{"href":"https:\/\/suelosport.com\/pt-pt\/wp-json\/wp\/v2\/media?parent=57060"}],"wp:term":[{"taxonomy":"product_brand","embeddable":true,"href":"https:\/\/suelosport.com\/pt-pt\/wp-json\/wp\/v2\/product_brand?post=57060"},{"taxonomy":"product_cat","embeddable":true,"href":"https:\/\/suelosport.com\/pt-pt\/wp-json\/wp\/v2\/product_cat?post=57060"},{"taxonomy":"product_tag","embeddable":true,"href":"https:\/\/suelosport.com\/pt-pt\/wp-json\/wp\/v2\/product_tag?post=57060"}],"curies":[{"name":"wp","href":"https:\/\/api.w.org\/{rel}","templated":true}]}}