{"id":56535,"date":"2023-12-07T09:51:46","date_gmt":"2023-12-07T08:51:46","guid":{"rendered":"https:\/\/suelosport.com\/?post_type=product&#038;p=56535"},"modified":"2026-01-22T11:59:49","modified_gmt":"2026-01-22T10:59:49","slug":"discos-con-agarre-fiuri","status":"publish","type":"product","link":"https:\/\/suelosport.com\/pt-pt\/producto\/discos-con-agarre-fiuri\/","title":{"rendered":"Discos con agarre FIURI"},"content":{"rendered":"<p>Elige el disco con agarre que m\u00e1s se adapte a tus necesidades, 2\u00b45, 5, 10, 15, 20 o 25 kg.<\/p>\n<p>Con los discos con agarre podr\u00e1s entrenar tus m\u00fasculos de manera progresiva.<\/p>\n<p>Los discos con agarre son aptos para las barras ol\u00edmpicas, lo que permiten una amplia variedad de opciones a la hora de entrenar, ya que adem\u00e1s de poder realizar ejercicios de musculaci\u00f3n y fuerza, su opci\u00f3n de agarre permite con mayor comodidad, realizar entrenamientos funcionales sin la necesidad de utilizar la barra ol\u00edmpica.<\/p>\n<p>Ideales para ejercicios como press de banca, press de hombros o curl de b\u00edceps. Indispensables en cualquier centro de entrenamiento o gimnasio.<\/p>\n<ul>\n<li><strong>Material<\/strong>:\n<ul>\n<li>Interior de acero fundido electroplateado.<\/li>\n<li>Superficie de PEV sin olor.<\/li>\n<\/ul>\n<\/li>\n<li><strong>Di\u00e1metro casquillo:<\/strong> Apto para barra ol\u00edmpica 50 mm.<\/li>\n<\/ul>\n","protected":false},"excerpt":{"rendered":"<p>Discos con agarre para cualquier nivel de entrenamiento.<\/p>\n<ul>\n<li>El precio indicado es por unidad.<\/li>\n<li>Medida casquillo interior 50 mm.<\/li>\n<\/ul>\n","protected":false},"featured_media":56649,"comment_status":"open","ping_status":"closed","template":"","meta":{"inline_featured_image":false},"product_brand":[2211],"product_cat":[1801],"product_tag":[],"class_list":{"0":"post-56535","1":"product","2":"type-product","3":"status-publish","4":"has-post-thumbnail","6":"product_brand-fiuri","7":"product_cat-musculacion","8":"product_shipping_class-todosmenossuelos","9":"pa_peso-20-kg","10":"pa_peso-125-kg-2","11":"pa_peso-25-kg-2","12":"pa_peso-25-kg","13":"pa_peso-5-kg","14":"pa_peso-10-kg","15":"pa_peso-15-kg","17":"first","18":"instock","19":"sale","20":"taxable","21":"shipping-taxable","22":"purchasable","23":"product-type-variable"},"yoast_head":"<!-- This site is optimized with the Yoast SEO plugin v27.4 - https:\/\/yoast.com\/product\/yoast-seo-wordpress\/ -->\n<title>Discos con agarre FIURI | Suelosport - Suelos Deportivos<\/title>\n<meta name=\"robots\" content=\"index, follow, max-snippet:-1, max-image-preview:large, max-video-preview:-1\" \/>\n<link rel=\"canonical\" href=\"https:\/\/suelosport.com\/pt-pt\/producto\/discos-con-agarre-fiuri\/\" \/>\n<meta property=\"og:locale\" content=\"pt_PT\" \/>\n<meta property=\"og:type\" content=\"article\" \/>\n<meta property=\"og:title\" content=\"Discos con agarre FIURI | Suelosport - Suelos Deportivos\" \/>\n<meta property=\"og:description\" content=\"Discos con agarre para cualquier nivel de entrenamiento.   El precio indicado es por unidad.  Medida casquillo interior 50 mm.\" \/>\n<meta property=\"og:url\" content=\"https:\/\/suelosport.com\/pt-pt\/producto\/discos-con-agarre-fiuri\/\" \/>\n<meta property=\"og:site_name\" content=\"Suelosport - Suelos Deportivos\" \/>\n<meta property=\"article:publisher\" content=\"https:\/\/www.facebook.com\/Suelosport-2042694182686080\/\" \/>\n<meta property=\"article:modified_time\" content=\"2026-01-22T10:59:49+00:00\" \/>\n<meta property=\"og:image\" content=\"https:\/\/suelosport.com\/wp-content\/uploads\/2023\/12\/Disco_con_agarre_15kg.jpg\" \/>\n\t<meta property=\"og:image:width\" content=\"833\" \/>\n\t<meta property=\"og:image:height\" content=\"1000\" \/>\n\t<meta property=\"og:image:type\" content=\"image\/jpeg\" \/>\n<meta name=\"twitter:card\" content=\"summary_large_image\" \/>\n<meta name=\"twitter:label1\" content=\"Tempo estimado de leitura\" \/>\n\t<meta name=\"twitter:data1\" content=\"1 minuto\" \/>\n<script type=\"application\/ld+json\" class=\"yoast-schema-graph\">{\"@context\":\"https:\\\/\\\/schema.org\",\"@graph\":[{\"@type\":[\"WebPage\",\"ItemPage\"],\"@id\":\"https:\\\/\\\/suelosport.com\\\/pt-pt\\\/producto\\\/discos-con-agarre-fiuri\\\/\",\"url\":\"https:\\\/\\\/suelosport.com\\\/pt-pt\\\/producto\\\/discos-con-agarre-fiuri\\\/\",\"name\":\"Discos con agarre FIURI | Suelosport - Suelos Deportivos\",\"isPartOf\":{\"@id\":\"https:\\\/\\\/suelosport.com\\\/pt-pt\\\/#website\"},\"primaryImageOfPage\":{\"@id\":\"https:\\\/\\\/suelosport.com\\\/pt-pt\\\/producto\\\/discos-con-agarre-fiuri\\\/#primaryimage\"},\"image\":{\"@id\":\"https:\\\/\\\/suelosport.com\\\/pt-pt\\\/producto\\\/discos-con-agarre-fiuri\\\/#primaryimage\"},\"thumbnailUrl\":\"https:\\\/\\\/suelosport.com\\\/wp-content\\\/uploads\\\/2023\\\/12\\\/Disco_con_agarre_15kg.jpg\",\"datePublished\":\"2023-12-07T08:51:46+00:00\",\"dateModified\":\"2026-01-22T10:59:49+00:00\",\"breadcrumb\":{\"@id\":\"https:\\\/\\\/suelosport.com\\\/pt-pt\\\/producto\\\/discos-con-agarre-fiuri\\\/#breadcrumb\"},\"inLanguage\":\"pt-PT\",\"potentialAction\":[{\"@type\":\"ReadAction\",\"target\":[\"https:\\\/\\\/suelosport.com\\\/pt-pt\\\/producto\\\/discos-con-agarre-fiuri\\\/\"]}]},{\"@type\":\"ImageObject\",\"inLanguage\":\"pt-PT\",\"@id\":\"https:\\\/\\\/suelosport.com\\\/pt-pt\\\/producto\\\/discos-con-agarre-fiuri\\\/#primaryimage\",\"url\":\"https:\\\/\\\/suelosport.com\\\/wp-content\\\/uploads\\\/2023\\\/12\\\/Disco_con_agarre_15kg.jpg\",\"contentUrl\":\"https:\\\/\\\/suelosport.com\\\/wp-content\\\/uploads\\\/2023\\\/12\\\/Disco_con_agarre_15kg.jpg\",\"width\":833,\"height\":1000,\"caption\":\"Disco con agarre 15kg\"},{\"@type\":\"BreadcrumbList\",\"@id\":\"https:\\\/\\\/suelosport.com\\\/pt-pt\\\/producto\\\/discos-con-agarre-fiuri\\\/#breadcrumb\",\"itemListElement\":[{\"@type\":\"ListItem\",\"position\":1,\"name\":\"Portada\",\"item\":\"https:\\\/\\\/suelosport.com\\\/pt-pt\\\/\"},{\"@type\":\"ListItem\",\"position\":2,\"name\":\"Tienda\",\"item\":\"https:\\\/\\\/suelosport.com\\\/tienda\\\/\"},{\"@type\":\"ListItem\",\"position\":3,\"name\":\"Discos con agarre FIURI\"}]},{\"@type\":\"WebSite\",\"@id\":\"https:\\\/\\\/suelosport.com\\\/pt-pt\\\/#website\",\"url\":\"https:\\\/\\\/suelosport.com\\\/pt-pt\\\/\",\"name\":\"Suelosport - Suelos Deportivos\",\"description\":\"Suelos para gimnasios, suelos de goma, losetas y suelos antideslizantes\",\"publisher\":{\"@id\":\"https:\\\/\\\/suelosport.com\\\/pt-pt\\\/#organization\"},\"potentialAction\":[{\"@type\":\"SearchAction\",\"target\":{\"@type\":\"EntryPoint\",\"urlTemplate\":\"https:\\\/\\\/suelosport.com\\\/pt-pt\\\/?s={search_term_string}\"},\"query-input\":{\"@type\":\"PropertyValueSpecification\",\"valueRequired\":true,\"valueName\":\"search_term_string\"}}],\"inLanguage\":\"pt-PT\"},{\"@type\":\"Organization\",\"@id\":\"https:\\\/\\\/suelosport.com\\\/pt-pt\\\/#organization\",\"name\":\"Suelosport\",\"url\":\"https:\\\/\\\/suelosport.com\\\/pt-pt\\\/\",\"logo\":{\"@type\":\"ImageObject\",\"inLanguage\":\"pt-PT\",\"@id\":\"https:\\\/\\\/suelosport.com\\\/pt-pt\\\/#\\\/schema\\\/logo\\\/image\\\/\",\"url\":\"https:\\\/\\\/suelosport.com\\\/wp-content\\\/uploads\\\/2018\\\/03\\\/logo-suelosport.png\",\"contentUrl\":\"https:\\\/\\\/suelosport.com\\\/wp-content\\\/uploads\\\/2018\\\/03\\\/logo-suelosport.png\",\"width\":300,\"height\":67,\"caption\":\"Suelosport\"},\"image\":{\"@id\":\"https:\\\/\\\/suelosport.com\\\/pt-pt\\\/#\\\/schema\\\/logo\\\/image\\\/\"},\"sameAs\":[\"https:\\\/\\\/www.facebook.com\\\/Suelosport-2042694182686080\\\/\",\"https:\\\/\\\/www.linkedin.com\\\/company\\\/suelosport\\\/\",\"https:\\\/\\\/www.youtube.com\\\/channel\\\/UC1eoryUxD4Fw7f1m5wx_vFg?view_as=subscriber\"]}]}<\/script>\n<!-- \/ Yoast SEO plugin. -->","yoast_head_json":{"title":"Discos con agarre FIURI | Suelosport - Suelos Deportivos","robots":{"index":"index","follow":"follow","max-snippet":"max-snippet:-1","max-image-preview":"max-image-preview:large","max-video-preview":"max-video-preview:-1"},"canonical":"https:\/\/suelosport.com\/pt-pt\/producto\/discos-con-agarre-fiuri\/","og_locale":"pt_PT","og_type":"article","og_title":"Discos con agarre FIURI | Suelosport - Suelos Deportivos","og_description":"Discos con agarre para cualquier nivel de entrenamiento.   El precio indicado es por unidad.  Medida casquillo interior 50 mm.","og_url":"https:\/\/suelosport.com\/pt-pt\/producto\/discos-con-agarre-fiuri\/","og_site_name":"Suelosport - Suelos Deportivos","article_publisher":"https:\/\/www.facebook.com\/Suelosport-2042694182686080\/","article_modified_time":"2026-01-22T10:59:49+00:00","og_image":[{"width":833,"height":1000,"url":"https:\/\/suelosport.com\/wp-content\/uploads\/2023\/12\/Disco_con_agarre_15kg.jpg","type":"image\/jpeg"}],"twitter_card":"summary_large_image","twitter_misc":{"Tempo estimado de leitura":"1 minuto"},"schema":{"@context":"https:\/\/schema.org","@graph":[{"@type":["WebPage","ItemPage"],"@id":"https:\/\/suelosport.com\/pt-pt\/producto\/discos-con-agarre-fiuri\/","url":"https:\/\/suelosport.com\/pt-pt\/producto\/discos-con-agarre-fiuri\/","name":"Discos con agarre FIURI | Suelosport - Suelos Deportivos","isPartOf":{"@id":"https:\/\/suelosport.com\/pt-pt\/#website"},"primaryImageOfPage":{"@id":"https:\/\/suelosport.com\/pt-pt\/producto\/discos-con-agarre-fiuri\/#primaryimage"},"image":{"@id":"https:\/\/suelosport.com\/pt-pt\/producto\/discos-con-agarre-fiuri\/#primaryimage"},"thumbnailUrl":"https:\/\/suelosport.com\/wp-content\/uploads\/2023\/12\/Disco_con_agarre_15kg.jpg","datePublished":"2023-12-07T08:51:46+00:00","dateModified":"2026-01-22T10:59:49+00:00","breadcrumb":{"@id":"https:\/\/suelosport.com\/pt-pt\/producto\/discos-con-agarre-fiuri\/#breadcrumb"},"inLanguage":"pt-PT","potentialAction":[{"@type":"ReadAction","target":["https:\/\/suelosport.com\/pt-pt\/producto\/discos-con-agarre-fiuri\/"]}]},{"@type":"ImageObject","inLanguage":"pt-PT","@id":"https:\/\/suelosport.com\/pt-pt\/producto\/discos-con-agarre-fiuri\/#primaryimage","url":"https:\/\/suelosport.com\/wp-content\/uploads\/2023\/12\/Disco_con_agarre_15kg.jpg","contentUrl":"https:\/\/suelosport.com\/wp-content\/uploads\/2023\/12\/Disco_con_agarre_15kg.jpg","width":833,"height":1000,"caption":"Disco con agarre 15kg"},{"@type":"BreadcrumbList","@id":"https:\/\/suelosport.com\/pt-pt\/producto\/discos-con-agarre-fiuri\/#breadcrumb","itemListElement":[{"@type":"ListItem","position":1,"name":"Portada","item":"https:\/\/suelosport.com\/pt-pt\/"},{"@type":"ListItem","position":2,"name":"Tienda","item":"https:\/\/suelosport.com\/tienda\/"},{"@type":"ListItem","position":3,"name":"Discos con agarre FIURI"}]},{"@type":"WebSite","@id":"https:\/\/suelosport.com\/pt-pt\/#website","url":"https:\/\/suelosport.com\/pt-pt\/","name":"Suelosport - Suelos Deportivos","description":"Suelos para gimnasios, suelos de goma, losetas y suelos antideslizantes","publisher":{"@id":"https:\/\/suelosport.com\/pt-pt\/#organization"},"potentialAction":[{"@type":"SearchAction","target":{"@type":"EntryPoint","urlTemplate":"https:\/\/suelosport.com\/pt-pt\/?s={search_term_string}"},"query-input":{"@type":"PropertyValueSpecification","valueRequired":true,"valueName":"search_term_string"}}],"inLanguage":"pt-PT"},{"@type":"Organization","@id":"https:\/\/suelosport.com\/pt-pt\/#organization","name":"Suelosport","url":"https:\/\/suelosport.com\/pt-pt\/","logo":{"@type":"ImageObject","inLanguage":"pt-PT","@id":"https:\/\/suelosport.com\/pt-pt\/#\/schema\/logo\/image\/","url":"https:\/\/suelosport.com\/wp-content\/uploads\/2018\/03\/logo-suelosport.png","contentUrl":"https:\/\/suelosport.com\/wp-content\/uploads\/2018\/03\/logo-suelosport.png","width":300,"height":67,"caption":"Suelosport"},"image":{"@id":"https:\/\/suelosport.com\/pt-pt\/#\/schema\/logo\/image\/"},"sameAs":["https:\/\/www.facebook.com\/Suelosport-2042694182686080\/","https:\/\/www.linkedin.com\/company\/suelosport\/","https:\/\/www.youtube.com\/channel\/UC1eoryUxD4Fw7f1m5wx_vFg?view_as=subscriber"]}]}},"_links":{"self":[{"href":"https:\/\/suelosport.com\/pt-pt\/wp-json\/wp\/v2\/product\/56535","targetHints":{"allow":["GET"]}}],"collection":[{"href":"https:\/\/suelosport.com\/pt-pt\/wp-json\/wp\/v2\/product"}],"about":[{"href":"https:\/\/suelosport.com\/pt-pt\/wp-json\/wp\/v2\/types\/product"}],"replies":[{"embeddable":true,"href":"https:\/\/suelosport.com\/pt-pt\/wp-json\/wp\/v2\/comments?post=56535"}],"wp:featuredmedia":[{"embeddable":true,"href":"https:\/\/suelosport.com\/pt-pt\/wp-json\/wp\/v2\/media\/56649"}],"wp:attachment":[{"href":"https:\/\/suelosport.com\/pt-pt\/wp-json\/wp\/v2\/media?parent=56535"}],"wp:term":[{"taxonomy":"product_brand","embeddable":true,"href":"https:\/\/suelosport.com\/pt-pt\/wp-json\/wp\/v2\/product_brand?post=56535"},{"taxonomy":"product_cat","embeddable":true,"href":"https:\/\/suelosport.com\/pt-pt\/wp-json\/wp\/v2\/product_cat?post=56535"},{"taxonomy":"product_tag","embeddable":true,"href":"https:\/\/suelosport.com\/pt-pt\/wp-json\/wp\/v2\/product_tag?post=56535"}],"curies":[{"name":"wp","href":"https:\/\/api.w.org\/{rel}","templated":true}]}}