{"id":56525,"date":"2023-12-07T09:25:27","date_gmt":"2023-12-07T08:25:27","guid":{"rendered":"https:\/\/suelosport.com\/?post_type=product&#038;p=56525"},"modified":"2026-01-22T12:01:59","modified_gmt":"2026-01-22T11:01:59","slug":"discos-olimpicos-bumpers-color-fiuri","status":"publish","type":"product","link":"https:\/\/suelosport.com\/pt-pt\/producto\/discos-olimpicos-bumpers-color-fiuri\/","title":{"rendered":"Discos Ol\u00edmpicos Bumpers Color FIURI"},"content":{"rendered":"<p>Discos Ol\u00edmpicos Bumpers para cualquier nivel. Est\u00e1ndar de oro para la competencia ol\u00edmpica.<\/p>\n<p>Puedes elegir los discos que m\u00e1s se adapten a tus necesidades de entrenamiento. Desde 5 hasta 25 kg.<\/p>\n<p>Con los discos ol\u00edmpicos bumpers, podr\u00e1s realizar tu entrenamiento de fuerza de forma progresiva, su ergonom\u00eda suave y fuerza de alta calidad, te proporcionar\u00e1n mayor seguridad a la hora de hacer tus ejercicios.<\/p>\n<p>Resistentes a posibles ca\u00eddas e impactos contra el suelo.<\/p>\n<p>Id\u00f3neos para entrenamientos de fuerza, crossfit, musculaci\u00f3n, halterofilia o funcional.<\/p>\n<p>Junto con la barra ol\u00edmpica, te permiten poder entrenar gran variedad de m\u00fasculos como pectoral, hombros, b\u00edceps, piernas o gl\u00fateos.<\/p>\n<p>Indispensables en cualquier centro de entrenamiento o gimnasio.<\/p>\n<p>&nbsp;<\/p>\n<ul>\n<li><strong>Material<\/strong>:\n<ul>\n<li>Acero inoxidable resistente.<\/li>\n<li>Cubierta de goma s\u00f3lida.<\/li>\n<\/ul>\n<\/li>\n<li><strong>Di\u00e1metro n\u00facleo<\/strong>: 50 mm.<\/li>\n<li><strong>Pesos disponibles<\/strong>: 5, 10, 15, 20 y 25 kg<\/li>\n<\/ul>\n","protected":false},"excerpt":{"rendered":"<p>Discos Ol\u00edmpicos Bumpers para cualquier nivel de entrenamiento.<\/p>\n<ul>\n<li>El precio indicado es por unidad.<\/li>\n<li>Medida casquillo interior 50 mm.<\/li>\n<\/ul>\n","protected":false},"featured_media":56653,"comment_status":"open","ping_status":"closed","template":"","meta":{"inline_featured_image":false},"product_brand":[2211],"product_cat":[1801],"product_tag":[],"class_list":{"0":"post-56525","1":"product","2":"type-product","3":"status-publish","4":"has-post-thumbnail","6":"product_brand-fiuri","7":"product_cat-musculacion","8":"product_shipping_class-todosmenossuelos","9":"pa_peso-5-kg","10":"pa_peso-10-kg","11":"pa_peso-15-kg","12":"pa_peso-20-kg","13":"pa_peso-25-kg-2","15":"first","16":"instock","17":"sale","18":"taxable","19":"shipping-taxable","20":"purchasable","21":"product-type-variable"},"yoast_head":"<!-- This site is optimized with the Yoast SEO plugin v27.4 - https:\/\/yoast.com\/product\/yoast-seo-wordpress\/ -->\n<title>Discos Ol\u00edmpicos Bumpers Color FIURI | Suelosport - Suelos Deportivos<\/title>\n<meta name=\"robots\" content=\"index, follow, max-snippet:-1, max-image-preview:large, max-video-preview:-1\" \/>\n<link rel=\"canonical\" href=\"https:\/\/suelosport.com\/pt-pt\/producto\/discos-olimpicos-bumpers-color-fiuri\/\" \/>\n<meta property=\"og:locale\" content=\"pt_PT\" \/>\n<meta property=\"og:type\" content=\"article\" \/>\n<meta property=\"og:title\" content=\"Discos Ol\u00edmpicos Bumpers Color FIURI | Suelosport - Suelos Deportivos\" \/>\n<meta property=\"og:description\" content=\"Discos Ol\u00edmpicos Bumpers para cualquier nivel de entrenamiento.   El precio indicado es por unidad.  Medida casquillo interior 50 mm.\" \/>\n<meta property=\"og:url\" content=\"https:\/\/suelosport.com\/pt-pt\/producto\/discos-olimpicos-bumpers-color-fiuri\/\" \/>\n<meta property=\"og:site_name\" content=\"Suelosport - Suelos Deportivos\" \/>\n<meta property=\"article:publisher\" content=\"https:\/\/www.facebook.com\/Suelosport-2042694182686080\/\" \/>\n<meta property=\"article:modified_time\" content=\"2026-01-22T11:01:59+00:00\" \/>\n<meta property=\"og:image\" content=\"https:\/\/suelosport.com\/wp-content\/uploads\/2023\/12\/Discos_olimpicos_bumpers_color_FIURI.jpg\" \/>\n\t<meta property=\"og:image:width\" content=\"833\" \/>\n\t<meta property=\"og:image:height\" content=\"1000\" \/>\n\t<meta property=\"og:image:type\" content=\"image\/jpeg\" \/>\n<meta name=\"twitter:card\" content=\"summary_large_image\" \/>\n<meta name=\"twitter:label1\" content=\"Tempo estimado de leitura\" \/>\n\t<meta name=\"twitter:data1\" content=\"1 minuto\" \/>\n<script type=\"application\/ld+json\" class=\"yoast-schema-graph\">{\"@context\":\"https:\\\/\\\/schema.org\",\"@graph\":[{\"@type\":[\"WebPage\",\"ItemPage\"],\"@id\":\"https:\\\/\\\/suelosport.com\\\/pt-pt\\\/producto\\\/discos-olimpicos-bumpers-color-fiuri\\\/\",\"url\":\"https:\\\/\\\/suelosport.com\\\/pt-pt\\\/producto\\\/discos-olimpicos-bumpers-color-fiuri\\\/\",\"name\":\"Discos Ol\u00edmpicos Bumpers Color FIURI | Suelosport - Suelos Deportivos\",\"isPartOf\":{\"@id\":\"https:\\\/\\\/suelosport.com\\\/pt-pt\\\/#website\"},\"primaryImageOfPage\":{\"@id\":\"https:\\\/\\\/suelosport.com\\\/pt-pt\\\/producto\\\/discos-olimpicos-bumpers-color-fiuri\\\/#primaryimage\"},\"image\":{\"@id\":\"https:\\\/\\\/suelosport.com\\\/pt-pt\\\/producto\\\/discos-olimpicos-bumpers-color-fiuri\\\/#primaryimage\"},\"thumbnailUrl\":\"https:\\\/\\\/suelosport.com\\\/wp-content\\\/uploads\\\/2023\\\/12\\\/Discos_olimpicos_bumpers_color_FIURI.jpg\",\"datePublished\":\"2023-12-07T08:25:27+00:00\",\"dateModified\":\"2026-01-22T11:01:59+00:00\",\"breadcrumb\":{\"@id\":\"https:\\\/\\\/suelosport.com\\\/pt-pt\\\/producto\\\/discos-olimpicos-bumpers-color-fiuri\\\/#breadcrumb\"},\"inLanguage\":\"pt-PT\",\"potentialAction\":[{\"@type\":\"ReadAction\",\"target\":[\"https:\\\/\\\/suelosport.com\\\/pt-pt\\\/producto\\\/discos-olimpicos-bumpers-color-fiuri\\\/\"]}]},{\"@type\":\"ImageObject\",\"inLanguage\":\"pt-PT\",\"@id\":\"https:\\\/\\\/suelosport.com\\\/pt-pt\\\/producto\\\/discos-olimpicos-bumpers-color-fiuri\\\/#primaryimage\",\"url\":\"https:\\\/\\\/suelosport.com\\\/wp-content\\\/uploads\\\/2023\\\/12\\\/Discos_olimpicos_bumpers_color_FIURI.jpg\",\"contentUrl\":\"https:\\\/\\\/suelosport.com\\\/wp-content\\\/uploads\\\/2023\\\/12\\\/Discos_olimpicos_bumpers_color_FIURI.jpg\",\"width\":833,\"height\":1000,\"caption\":\"Discos ol\u00edmpicos bumpers color FIURI\"},{\"@type\":\"BreadcrumbList\",\"@id\":\"https:\\\/\\\/suelosport.com\\\/pt-pt\\\/producto\\\/discos-olimpicos-bumpers-color-fiuri\\\/#breadcrumb\",\"itemListElement\":[{\"@type\":\"ListItem\",\"position\":1,\"name\":\"Portada\",\"item\":\"https:\\\/\\\/suelosport.com\\\/pt-pt\\\/\"},{\"@type\":\"ListItem\",\"position\":2,\"name\":\"Tienda\",\"item\":\"https:\\\/\\\/suelosport.com\\\/tienda\\\/\"},{\"@type\":\"ListItem\",\"position\":3,\"name\":\"Discos Ol\u00edmpicos Bumpers Color FIURI\"}]},{\"@type\":\"WebSite\",\"@id\":\"https:\\\/\\\/suelosport.com\\\/pt-pt\\\/#website\",\"url\":\"https:\\\/\\\/suelosport.com\\\/pt-pt\\\/\",\"name\":\"Suelosport - Suelos Deportivos\",\"description\":\"Suelos para gimnasios, suelos de goma, losetas y suelos antideslizantes\",\"publisher\":{\"@id\":\"https:\\\/\\\/suelosport.com\\\/pt-pt\\\/#organization\"},\"potentialAction\":[{\"@type\":\"SearchAction\",\"target\":{\"@type\":\"EntryPoint\",\"urlTemplate\":\"https:\\\/\\\/suelosport.com\\\/pt-pt\\\/?s={search_term_string}\"},\"query-input\":{\"@type\":\"PropertyValueSpecification\",\"valueRequired\":true,\"valueName\":\"search_term_string\"}}],\"inLanguage\":\"pt-PT\"},{\"@type\":\"Organization\",\"@id\":\"https:\\\/\\\/suelosport.com\\\/pt-pt\\\/#organization\",\"name\":\"Suelosport\",\"url\":\"https:\\\/\\\/suelosport.com\\\/pt-pt\\\/\",\"logo\":{\"@type\":\"ImageObject\",\"inLanguage\":\"pt-PT\",\"@id\":\"https:\\\/\\\/suelosport.com\\\/pt-pt\\\/#\\\/schema\\\/logo\\\/image\\\/\",\"url\":\"https:\\\/\\\/suelosport.com\\\/wp-content\\\/uploads\\\/2018\\\/03\\\/logo-suelosport.png\",\"contentUrl\":\"https:\\\/\\\/suelosport.com\\\/wp-content\\\/uploads\\\/2018\\\/03\\\/logo-suelosport.png\",\"width\":300,\"height\":67,\"caption\":\"Suelosport\"},\"image\":{\"@id\":\"https:\\\/\\\/suelosport.com\\\/pt-pt\\\/#\\\/schema\\\/logo\\\/image\\\/\"},\"sameAs\":[\"https:\\\/\\\/www.facebook.com\\\/Suelosport-2042694182686080\\\/\",\"https:\\\/\\\/www.linkedin.com\\\/company\\\/suelosport\\\/\",\"https:\\\/\\\/www.youtube.com\\\/channel\\\/UC1eoryUxD4Fw7f1m5wx_vFg?view_as=subscriber\"]}]}<\/script>\n<!-- \/ Yoast SEO plugin. -->","yoast_head_json":{"title":"Discos Ol\u00edmpicos Bumpers Color FIURI | Suelosport - Suelos Deportivos","robots":{"index":"index","follow":"follow","max-snippet":"max-snippet:-1","max-image-preview":"max-image-preview:large","max-video-preview":"max-video-preview:-1"},"canonical":"https:\/\/suelosport.com\/pt-pt\/producto\/discos-olimpicos-bumpers-color-fiuri\/","og_locale":"pt_PT","og_type":"article","og_title":"Discos Ol\u00edmpicos Bumpers Color FIURI | Suelosport - Suelos Deportivos","og_description":"Discos Ol\u00edmpicos Bumpers para cualquier nivel de entrenamiento.   El precio indicado es por unidad.  Medida casquillo interior 50 mm.","og_url":"https:\/\/suelosport.com\/pt-pt\/producto\/discos-olimpicos-bumpers-color-fiuri\/","og_site_name":"Suelosport - Suelos Deportivos","article_publisher":"https:\/\/www.facebook.com\/Suelosport-2042694182686080\/","article_modified_time":"2026-01-22T11:01:59+00:00","og_image":[{"width":833,"height":1000,"url":"https:\/\/suelosport.com\/wp-content\/uploads\/2023\/12\/Discos_olimpicos_bumpers_color_FIURI.jpg","type":"image\/jpeg"}],"twitter_card":"summary_large_image","twitter_misc":{"Tempo estimado de leitura":"1 minuto"},"schema":{"@context":"https:\/\/schema.org","@graph":[{"@type":["WebPage","ItemPage"],"@id":"https:\/\/suelosport.com\/pt-pt\/producto\/discos-olimpicos-bumpers-color-fiuri\/","url":"https:\/\/suelosport.com\/pt-pt\/producto\/discos-olimpicos-bumpers-color-fiuri\/","name":"Discos Ol\u00edmpicos Bumpers Color FIURI | Suelosport - Suelos Deportivos","isPartOf":{"@id":"https:\/\/suelosport.com\/pt-pt\/#website"},"primaryImageOfPage":{"@id":"https:\/\/suelosport.com\/pt-pt\/producto\/discos-olimpicos-bumpers-color-fiuri\/#primaryimage"},"image":{"@id":"https:\/\/suelosport.com\/pt-pt\/producto\/discos-olimpicos-bumpers-color-fiuri\/#primaryimage"},"thumbnailUrl":"https:\/\/suelosport.com\/wp-content\/uploads\/2023\/12\/Discos_olimpicos_bumpers_color_FIURI.jpg","datePublished":"2023-12-07T08:25:27+00:00","dateModified":"2026-01-22T11:01:59+00:00","breadcrumb":{"@id":"https:\/\/suelosport.com\/pt-pt\/producto\/discos-olimpicos-bumpers-color-fiuri\/#breadcrumb"},"inLanguage":"pt-PT","potentialAction":[{"@type":"ReadAction","target":["https:\/\/suelosport.com\/pt-pt\/producto\/discos-olimpicos-bumpers-color-fiuri\/"]}]},{"@type":"ImageObject","inLanguage":"pt-PT","@id":"https:\/\/suelosport.com\/pt-pt\/producto\/discos-olimpicos-bumpers-color-fiuri\/#primaryimage","url":"https:\/\/suelosport.com\/wp-content\/uploads\/2023\/12\/Discos_olimpicos_bumpers_color_FIURI.jpg","contentUrl":"https:\/\/suelosport.com\/wp-content\/uploads\/2023\/12\/Discos_olimpicos_bumpers_color_FIURI.jpg","width":833,"height":1000,"caption":"Discos ol\u00edmpicos bumpers color FIURI"},{"@type":"BreadcrumbList","@id":"https:\/\/suelosport.com\/pt-pt\/producto\/discos-olimpicos-bumpers-color-fiuri\/#breadcrumb","itemListElement":[{"@type":"ListItem","position":1,"name":"Portada","item":"https:\/\/suelosport.com\/pt-pt\/"},{"@type":"ListItem","position":2,"name":"Tienda","item":"https:\/\/suelosport.com\/tienda\/"},{"@type":"ListItem","position":3,"name":"Discos Ol\u00edmpicos Bumpers Color FIURI"}]},{"@type":"WebSite","@id":"https:\/\/suelosport.com\/pt-pt\/#website","url":"https:\/\/suelosport.com\/pt-pt\/","name":"Suelosport - Suelos Deportivos","description":"Suelos para gimnasios, suelos de goma, losetas y suelos antideslizantes","publisher":{"@id":"https:\/\/suelosport.com\/pt-pt\/#organization"},"potentialAction":[{"@type":"SearchAction","target":{"@type":"EntryPoint","urlTemplate":"https:\/\/suelosport.com\/pt-pt\/?s={search_term_string}"},"query-input":{"@type":"PropertyValueSpecification","valueRequired":true,"valueName":"search_term_string"}}],"inLanguage":"pt-PT"},{"@type":"Organization","@id":"https:\/\/suelosport.com\/pt-pt\/#organization","name":"Suelosport","url":"https:\/\/suelosport.com\/pt-pt\/","logo":{"@type":"ImageObject","inLanguage":"pt-PT","@id":"https:\/\/suelosport.com\/pt-pt\/#\/schema\/logo\/image\/","url":"https:\/\/suelosport.com\/wp-content\/uploads\/2018\/03\/logo-suelosport.png","contentUrl":"https:\/\/suelosport.com\/wp-content\/uploads\/2018\/03\/logo-suelosport.png","width":300,"height":67,"caption":"Suelosport"},"image":{"@id":"https:\/\/suelosport.com\/pt-pt\/#\/schema\/logo\/image\/"},"sameAs":["https:\/\/www.facebook.com\/Suelosport-2042694182686080\/","https:\/\/www.linkedin.com\/company\/suelosport\/","https:\/\/www.youtube.com\/channel\/UC1eoryUxD4Fw7f1m5wx_vFg?view_as=subscriber"]}]}},"_links":{"self":[{"href":"https:\/\/suelosport.com\/pt-pt\/wp-json\/wp\/v2\/product\/56525","targetHints":{"allow":["GET"]}}],"collection":[{"href":"https:\/\/suelosport.com\/pt-pt\/wp-json\/wp\/v2\/product"}],"about":[{"href":"https:\/\/suelosport.com\/pt-pt\/wp-json\/wp\/v2\/types\/product"}],"replies":[{"embeddable":true,"href":"https:\/\/suelosport.com\/pt-pt\/wp-json\/wp\/v2\/comments?post=56525"}],"wp:featuredmedia":[{"embeddable":true,"href":"https:\/\/suelosport.com\/pt-pt\/wp-json\/wp\/v2\/media\/56653"}],"wp:attachment":[{"href":"https:\/\/suelosport.com\/pt-pt\/wp-json\/wp\/v2\/media?parent=56525"}],"wp:term":[{"taxonomy":"product_brand","embeddable":true,"href":"https:\/\/suelosport.com\/pt-pt\/wp-json\/wp\/v2\/product_brand?post=56525"},{"taxonomy":"product_cat","embeddable":true,"href":"https:\/\/suelosport.com\/pt-pt\/wp-json\/wp\/v2\/product_cat?post=56525"},{"taxonomy":"product_tag","embeddable":true,"href":"https:\/\/suelosport.com\/pt-pt\/wp-json\/wp\/v2\/product_tag?post=56525"}],"curies":[{"name":"wp","href":"https:\/\/api.w.org\/{rel}","templated":true}]}}