{"id":56501,"date":"2023-11-30T16:26:23","date_gmt":"2023-11-30T15:26:23","guid":{"rendered":"https:\/\/suelosport.com\/?post_type=product&#038;p=56501"},"modified":"2026-01-22T12:00:54","modified_gmt":"2026-01-22T11:00:54","slug":"discos-olimpicos-bumpers-black-fiuri","status":"publish","type":"product","link":"https:\/\/suelosport.com\/pt-pt\/producto\/discos-olimpicos-bumpers-black-fiuri\/","title":{"rendered":"Discos Ol\u00edmpicos Bumpers Black FIURI"},"content":{"rendered":"<p>Discos Ol\u00edmpicos Bumpers de construcci\u00f3n premium y aspecto elegante, para cualquier nivel de entrenamiento.<\/p>\n<p>Dise\u00f1ados para proteger tus manos durante el uso, y el suelo si se caen.<\/p>\n<p>Compuestos de una estructura densa y compacta para minimizar el riesgo de fracturas e impermeable.<\/p>\n<p>Puedes seleccionar los discos que m\u00e1s se adapten a tus necesidades: 5, 10, 15, 20 o 25 kg. Con los Discos Ol\u00edmpicos Bumpers, podr\u00e1s realizar tu entrenamiento de fuerza de manera progresiva.<\/p>\n<p>Id\u00f3neos para entrenamientos de fuerza, crossfit, musculaci\u00f3n, halterofilia o funcional. Junto con la barra ol\u00edmpica, te permiten poder entrenar gran variedad de m\u00fasculos como pectoral, hombros, b\u00edceps, piernas o gl\u00fateos.<\/p>\n<p>Resistentes a posibles ca\u00eddas e impactos contra el suelo.<\/p>\n<p>Indispensables en cualquier centro de entrenamiento o gimnasio.<\/p>\n<ul>\n<li><strong>Material<\/strong>:\n<ul>\n<li>Acero inoxidable.<\/li>\n<li>Recubrimiento de goma.<\/li>\n<\/ul>\n<\/li>\n<li><strong>Pesos<\/strong>: 5, 10, 15, 20 y 25 kg.<\/li>\n<li><strong>Di\u00e1metro casquillo central:<\/strong> 50 mm.<\/li>\n<\/ul>\n<p><strong>Grosor de disco:<\/strong><\/p>\n<ul>\n<li style=\"list-style-type: none;\">\n<ul>\n<li>5 kg de 2,5 cm<\/li>\n<li>10 kg de 4 cm<\/li>\n<li>15 kg de 5,5 cm<\/li>\n<li>20 kg de 6,5 cm<\/li>\n<li>25 kg de 7,5 cm<\/li>\n<\/ul>\n<\/li>\n<\/ul>\n","protected":false},"excerpt":{"rendered":"<p>Discos Ol\u00edmpicos Bumpers para tu entrenamiento fitness o de musculaci\u00f3n.<\/p>\n<ul>\n<li>El precio indicado es por unidad.<\/li>\n<li>Medida casquillo interior 50 mm.<\/li>\n<\/ul>\n","protected":false},"featured_media":56641,"comment_status":"open","ping_status":"closed","template":"","meta":{"inline_featured_image":false},"product_brand":[2211],"product_cat":[1801],"product_tag":[],"class_list":{"0":"post-56501","1":"product","2":"type-product","3":"status-publish","4":"has-post-thumbnail","6":"product_brand-fiuri","7":"product_cat-musculacion","8":"product_shipping_class-todosmenossuelos","9":"pa_peso-5-kg","10":"pa_peso-10-kg","11":"pa_peso-15-kg","12":"pa_peso-20-kg","13":"pa_peso-25-kg-2","15":"first","16":"instock","17":"sale","18":"taxable","19":"shipping-taxable","20":"purchasable","21":"product-type-variable"},"yoast_head":"<!-- This site is optimized with the Yoast SEO plugin v27.4 - https:\/\/yoast.com\/product\/yoast-seo-wordpress\/ -->\n<title>Discos Ol\u00edmpicos Bumpers Black FIURI | Suelosport - Suelos Deportivos<\/title>\n<meta name=\"robots\" content=\"index, follow, max-snippet:-1, max-image-preview:large, max-video-preview:-1\" \/>\n<link rel=\"canonical\" href=\"https:\/\/suelosport.com\/pt-pt\/producto\/discos-olimpicos-bumpers-black-fiuri\/\" \/>\n<meta property=\"og:locale\" content=\"pt_PT\" \/>\n<meta property=\"og:type\" content=\"article\" \/>\n<meta property=\"og:title\" content=\"Discos Ol\u00edmpicos Bumpers Black FIURI | Suelosport - Suelos Deportivos\" \/>\n<meta property=\"og:description\" content=\"Discos Ol\u00edmpicos Bumpers para tu entrenamiento fitness o de musculaci\u00f3n.   El precio indicado es por unidad.  Medida casquillo interior 50 mm.\" \/>\n<meta property=\"og:url\" content=\"https:\/\/suelosport.com\/pt-pt\/producto\/discos-olimpicos-bumpers-black-fiuri\/\" \/>\n<meta property=\"og:site_name\" content=\"Suelosport - Suelos Deportivos\" \/>\n<meta property=\"article:publisher\" content=\"https:\/\/www.facebook.com\/Suelosport-2042694182686080\/\" \/>\n<meta property=\"article:modified_time\" content=\"2026-01-22T11:00:54+00:00\" \/>\n<meta property=\"og:image\" content=\"https:\/\/suelosport.com\/wp-content\/uploads\/2023\/11\/Set_de_discos_olimpicos_bumpers_black_Fiuri_de_5_a_25kg-2.jpeg\" \/>\n\t<meta property=\"og:image:width\" content=\"833\" \/>\n\t<meta property=\"og:image:height\" content=\"1000\" \/>\n\t<meta property=\"og:image:type\" content=\"image\/jpeg\" \/>\n<meta name=\"twitter:card\" content=\"summary_large_image\" \/>\n<meta name=\"twitter:label1\" content=\"Tempo estimado de leitura\" \/>\n\t<meta name=\"twitter:data1\" content=\"1 minuto\" \/>\n<script type=\"application\/ld+json\" class=\"yoast-schema-graph\">{\"@context\":\"https:\\\/\\\/schema.org\",\"@graph\":[{\"@type\":[\"WebPage\",\"ItemPage\"],\"@id\":\"https:\\\/\\\/suelosport.com\\\/pt-pt\\\/producto\\\/discos-olimpicos-bumpers-black-fiuri\\\/\",\"url\":\"https:\\\/\\\/suelosport.com\\\/pt-pt\\\/producto\\\/discos-olimpicos-bumpers-black-fiuri\\\/\",\"name\":\"Discos Ol\u00edmpicos Bumpers Black FIURI | Suelosport - Suelos Deportivos\",\"isPartOf\":{\"@id\":\"https:\\\/\\\/suelosport.com\\\/pt-pt\\\/#website\"},\"primaryImageOfPage\":{\"@id\":\"https:\\\/\\\/suelosport.com\\\/pt-pt\\\/producto\\\/discos-olimpicos-bumpers-black-fiuri\\\/#primaryimage\"},\"image\":{\"@id\":\"https:\\\/\\\/suelosport.com\\\/pt-pt\\\/producto\\\/discos-olimpicos-bumpers-black-fiuri\\\/#primaryimage\"},\"thumbnailUrl\":\"https:\\\/\\\/suelosport.com\\\/wp-content\\\/uploads\\\/2023\\\/11\\\/Set_de_discos_olimpicos_bumpers_black_Fiuri_de_5_a_25kg-2.jpeg\",\"datePublished\":\"2023-11-30T15:26:23+00:00\",\"dateModified\":\"2026-01-22T11:00:54+00:00\",\"breadcrumb\":{\"@id\":\"https:\\\/\\\/suelosport.com\\\/pt-pt\\\/producto\\\/discos-olimpicos-bumpers-black-fiuri\\\/#breadcrumb\"},\"inLanguage\":\"pt-PT\",\"potentialAction\":[{\"@type\":\"ReadAction\",\"target\":[\"https:\\\/\\\/suelosport.com\\\/pt-pt\\\/producto\\\/discos-olimpicos-bumpers-black-fiuri\\\/\"]}]},{\"@type\":\"ImageObject\",\"inLanguage\":\"pt-PT\",\"@id\":\"https:\\\/\\\/suelosport.com\\\/pt-pt\\\/producto\\\/discos-olimpicos-bumpers-black-fiuri\\\/#primaryimage\",\"url\":\"https:\\\/\\\/suelosport.com\\\/wp-content\\\/uploads\\\/2023\\\/11\\\/Set_de_discos_olimpicos_bumpers_black_Fiuri_de_5_a_25kg-2.jpeg\",\"contentUrl\":\"https:\\\/\\\/suelosport.com\\\/wp-content\\\/uploads\\\/2023\\\/11\\\/Set_de_discos_olimpicos_bumpers_black_Fiuri_de_5_a_25kg-2.jpeg\",\"width\":833,\"height\":1000,\"caption\":\"Set de discos ol\u00edmpicos bumpers black Fiuri de 5 a 25kg\"},{\"@type\":\"BreadcrumbList\",\"@id\":\"https:\\\/\\\/suelosport.com\\\/pt-pt\\\/producto\\\/discos-olimpicos-bumpers-black-fiuri\\\/#breadcrumb\",\"itemListElement\":[{\"@type\":\"ListItem\",\"position\":1,\"name\":\"Portada\",\"item\":\"https:\\\/\\\/suelosport.com\\\/pt-pt\\\/\"},{\"@type\":\"ListItem\",\"position\":2,\"name\":\"Tienda\",\"item\":\"https:\\\/\\\/suelosport.com\\\/tienda\\\/\"},{\"@type\":\"ListItem\",\"position\":3,\"name\":\"Discos Ol\u00edmpicos Bumpers Black FIURI\"}]},{\"@type\":\"WebSite\",\"@id\":\"https:\\\/\\\/suelosport.com\\\/pt-pt\\\/#website\",\"url\":\"https:\\\/\\\/suelosport.com\\\/pt-pt\\\/\",\"name\":\"Suelosport - Suelos Deportivos\",\"description\":\"Suelos para gimnasios, suelos de goma, losetas y suelos antideslizantes\",\"publisher\":{\"@id\":\"https:\\\/\\\/suelosport.com\\\/pt-pt\\\/#organization\"},\"potentialAction\":[{\"@type\":\"SearchAction\",\"target\":{\"@type\":\"EntryPoint\",\"urlTemplate\":\"https:\\\/\\\/suelosport.com\\\/pt-pt\\\/?s={search_term_string}\"},\"query-input\":{\"@type\":\"PropertyValueSpecification\",\"valueRequired\":true,\"valueName\":\"search_term_string\"}}],\"inLanguage\":\"pt-PT\"},{\"@type\":\"Organization\",\"@id\":\"https:\\\/\\\/suelosport.com\\\/pt-pt\\\/#organization\",\"name\":\"Suelosport\",\"url\":\"https:\\\/\\\/suelosport.com\\\/pt-pt\\\/\",\"logo\":{\"@type\":\"ImageObject\",\"inLanguage\":\"pt-PT\",\"@id\":\"https:\\\/\\\/suelosport.com\\\/pt-pt\\\/#\\\/schema\\\/logo\\\/image\\\/\",\"url\":\"https:\\\/\\\/suelosport.com\\\/wp-content\\\/uploads\\\/2018\\\/03\\\/logo-suelosport.png\",\"contentUrl\":\"https:\\\/\\\/suelosport.com\\\/wp-content\\\/uploads\\\/2018\\\/03\\\/logo-suelosport.png\",\"width\":300,\"height\":67,\"caption\":\"Suelosport\"},\"image\":{\"@id\":\"https:\\\/\\\/suelosport.com\\\/pt-pt\\\/#\\\/schema\\\/logo\\\/image\\\/\"},\"sameAs\":[\"https:\\\/\\\/www.facebook.com\\\/Suelosport-2042694182686080\\\/\",\"https:\\\/\\\/www.linkedin.com\\\/company\\\/suelosport\\\/\",\"https:\\\/\\\/www.youtube.com\\\/channel\\\/UC1eoryUxD4Fw7f1m5wx_vFg?view_as=subscriber\"]}]}<\/script>\n<!-- \/ Yoast SEO plugin. -->","yoast_head_json":{"title":"Discos Ol\u00edmpicos Bumpers Black FIURI | Suelosport - Suelos Deportivos","robots":{"index":"index","follow":"follow","max-snippet":"max-snippet:-1","max-image-preview":"max-image-preview:large","max-video-preview":"max-video-preview:-1"},"canonical":"https:\/\/suelosport.com\/pt-pt\/producto\/discos-olimpicos-bumpers-black-fiuri\/","og_locale":"pt_PT","og_type":"article","og_title":"Discos Ol\u00edmpicos Bumpers Black FIURI | Suelosport - Suelos Deportivos","og_description":"Discos Ol\u00edmpicos Bumpers para tu entrenamiento fitness o de musculaci\u00f3n.   El precio indicado es por unidad.  Medida casquillo interior 50 mm.","og_url":"https:\/\/suelosport.com\/pt-pt\/producto\/discos-olimpicos-bumpers-black-fiuri\/","og_site_name":"Suelosport - Suelos Deportivos","article_publisher":"https:\/\/www.facebook.com\/Suelosport-2042694182686080\/","article_modified_time":"2026-01-22T11:00:54+00:00","og_image":[{"width":833,"height":1000,"url":"https:\/\/suelosport.com\/wp-content\/uploads\/2023\/11\/Set_de_discos_olimpicos_bumpers_black_Fiuri_de_5_a_25kg-2.jpeg","type":"image\/jpeg"}],"twitter_card":"summary_large_image","twitter_misc":{"Tempo estimado de leitura":"1 minuto"},"schema":{"@context":"https:\/\/schema.org","@graph":[{"@type":["WebPage","ItemPage"],"@id":"https:\/\/suelosport.com\/pt-pt\/producto\/discos-olimpicos-bumpers-black-fiuri\/","url":"https:\/\/suelosport.com\/pt-pt\/producto\/discos-olimpicos-bumpers-black-fiuri\/","name":"Discos Ol\u00edmpicos Bumpers Black FIURI | Suelosport - Suelos Deportivos","isPartOf":{"@id":"https:\/\/suelosport.com\/pt-pt\/#website"},"primaryImageOfPage":{"@id":"https:\/\/suelosport.com\/pt-pt\/producto\/discos-olimpicos-bumpers-black-fiuri\/#primaryimage"},"image":{"@id":"https:\/\/suelosport.com\/pt-pt\/producto\/discos-olimpicos-bumpers-black-fiuri\/#primaryimage"},"thumbnailUrl":"https:\/\/suelosport.com\/wp-content\/uploads\/2023\/11\/Set_de_discos_olimpicos_bumpers_black_Fiuri_de_5_a_25kg-2.jpeg","datePublished":"2023-11-30T15:26:23+00:00","dateModified":"2026-01-22T11:00:54+00:00","breadcrumb":{"@id":"https:\/\/suelosport.com\/pt-pt\/producto\/discos-olimpicos-bumpers-black-fiuri\/#breadcrumb"},"inLanguage":"pt-PT","potentialAction":[{"@type":"ReadAction","target":["https:\/\/suelosport.com\/pt-pt\/producto\/discos-olimpicos-bumpers-black-fiuri\/"]}]},{"@type":"ImageObject","inLanguage":"pt-PT","@id":"https:\/\/suelosport.com\/pt-pt\/producto\/discos-olimpicos-bumpers-black-fiuri\/#primaryimage","url":"https:\/\/suelosport.com\/wp-content\/uploads\/2023\/11\/Set_de_discos_olimpicos_bumpers_black_Fiuri_de_5_a_25kg-2.jpeg","contentUrl":"https:\/\/suelosport.com\/wp-content\/uploads\/2023\/11\/Set_de_discos_olimpicos_bumpers_black_Fiuri_de_5_a_25kg-2.jpeg","width":833,"height":1000,"caption":"Set de discos ol\u00edmpicos bumpers black Fiuri de 5 a 25kg"},{"@type":"BreadcrumbList","@id":"https:\/\/suelosport.com\/pt-pt\/producto\/discos-olimpicos-bumpers-black-fiuri\/#breadcrumb","itemListElement":[{"@type":"ListItem","position":1,"name":"Portada","item":"https:\/\/suelosport.com\/pt-pt\/"},{"@type":"ListItem","position":2,"name":"Tienda","item":"https:\/\/suelosport.com\/tienda\/"},{"@type":"ListItem","position":3,"name":"Discos Ol\u00edmpicos Bumpers Black FIURI"}]},{"@type":"WebSite","@id":"https:\/\/suelosport.com\/pt-pt\/#website","url":"https:\/\/suelosport.com\/pt-pt\/","name":"Suelosport - Suelos Deportivos","description":"Suelos para gimnasios, suelos de goma, losetas y suelos antideslizantes","publisher":{"@id":"https:\/\/suelosport.com\/pt-pt\/#organization"},"potentialAction":[{"@type":"SearchAction","target":{"@type":"EntryPoint","urlTemplate":"https:\/\/suelosport.com\/pt-pt\/?s={search_term_string}"},"query-input":{"@type":"PropertyValueSpecification","valueRequired":true,"valueName":"search_term_string"}}],"inLanguage":"pt-PT"},{"@type":"Organization","@id":"https:\/\/suelosport.com\/pt-pt\/#organization","name":"Suelosport","url":"https:\/\/suelosport.com\/pt-pt\/","logo":{"@type":"ImageObject","inLanguage":"pt-PT","@id":"https:\/\/suelosport.com\/pt-pt\/#\/schema\/logo\/image\/","url":"https:\/\/suelosport.com\/wp-content\/uploads\/2018\/03\/logo-suelosport.png","contentUrl":"https:\/\/suelosport.com\/wp-content\/uploads\/2018\/03\/logo-suelosport.png","width":300,"height":67,"caption":"Suelosport"},"image":{"@id":"https:\/\/suelosport.com\/pt-pt\/#\/schema\/logo\/image\/"},"sameAs":["https:\/\/www.facebook.com\/Suelosport-2042694182686080\/","https:\/\/www.linkedin.com\/company\/suelosport\/","https:\/\/www.youtube.com\/channel\/UC1eoryUxD4Fw7f1m5wx_vFg?view_as=subscriber"]}]}},"_links":{"self":[{"href":"https:\/\/suelosport.com\/pt-pt\/wp-json\/wp\/v2\/product\/56501","targetHints":{"allow":["GET"]}}],"collection":[{"href":"https:\/\/suelosport.com\/pt-pt\/wp-json\/wp\/v2\/product"}],"about":[{"href":"https:\/\/suelosport.com\/pt-pt\/wp-json\/wp\/v2\/types\/product"}],"replies":[{"embeddable":true,"href":"https:\/\/suelosport.com\/pt-pt\/wp-json\/wp\/v2\/comments?post=56501"}],"wp:featuredmedia":[{"embeddable":true,"href":"https:\/\/suelosport.com\/pt-pt\/wp-json\/wp\/v2\/media\/56641"}],"wp:attachment":[{"href":"https:\/\/suelosport.com\/pt-pt\/wp-json\/wp\/v2\/media?parent=56501"}],"wp:term":[{"taxonomy":"product_brand","embeddable":true,"href":"https:\/\/suelosport.com\/pt-pt\/wp-json\/wp\/v2\/product_brand?post=56501"},{"taxonomy":"product_cat","embeddable":true,"href":"https:\/\/suelosport.com\/pt-pt\/wp-json\/wp\/v2\/product_cat?post=56501"},{"taxonomy":"product_tag","embeddable":true,"href":"https:\/\/suelosport.com\/pt-pt\/wp-json\/wp\/v2\/product_tag?post=56501"}],"curies":[{"name":"wp","href":"https:\/\/api.w.org\/{rel}","templated":true}]}}