{"id":54344,"date":"2023-05-25T09:13:32","date_gmt":"2023-05-25T08:13:32","guid":{"rendered":"https:\/\/suelosport.com\/?post_type=product&#038;p=54344"},"modified":"2026-01-22T11:43:54","modified_gmt":"2026-01-22T10:43:54","slug":"set-mancuernas-redondas-fiuri","status":"publish","type":"product","link":"https:\/\/suelosport.com\/pt-pt\/producto\/set-mancuernas-redondas-fiuri\/","title":{"rendered":"Set mancuernas redondas FIURI"},"content":{"rendered":"<h2>Set de mancuernas redondas.<\/h2>\n<ul>\n<li><strong>De 2,5 a 12,5 kg:\u00a0<\/strong>Un par de mancuernas de 2,5 kg, 5 kg, 7,5 kg, 10 kg y 12,5 kg<\/li>\n<li><strong>De 7,5 a 17,5 kg:<\/strong>\u00a0Un par de mancuernas de 7,5 kg, 10 kg, 12,5 kg, 15 kg y 17,5 kg<\/li>\n<li><strong>De 15 a 30 kg:<\/strong>\u00a0Un par de mancuernas de 15 kg, 17,5 kg, 20 kg, 22,5 kg, 25 kg y 30 kg<\/li>\n<li><strong>De 2,5 a 30 kg:<\/strong> Un par de mancuernas de 2,5 kg, 5 kg, 7,5 kg, 10 kg, 12,5 kg, 15 kg, 17,5 kg, 20 kg, 22,5 kg, 25 kg y 30 kg<\/li>\n<\/ul>\n<p>Selecciona el set que mas se ajuste a tu nivel de entrenamiento. Las mancuernas redondas son perfectas para entrenamientos de cualquier intensidad, ya sea crossfit, musculaci\u00f3n o funcional. Con ellas se pueden realizar una gran variedad de ejercicios en los que entrenar m\u00fasculos como b\u00edceps, pectoral, hombro o dorsal. Con revestimiento de goma adem\u00e1s de reducir el ruido al impactar contra el suelo, tiene una mayor durabilidad. Imprescindibles en cualquier box de crossfit o centro de entrenamiento.<\/p>\n<ul>\n<li>Cabezas de acero s\u00f3lido recubierto de caucho virgen<\/li>\n<li>Mango cromado<\/li>\n<\/ul>\n","protected":false},"excerpt":{"rendered":"<p>Elige el set que mejor se adapte a tus necesidades de entrenamiento.<\/p>\n<p><strong>Ver pesos de cada set en &#8220;DESCRIPCI\u00d3N&#8221;.<\/strong><\/p>\n","protected":false},"featured_media":54345,"comment_status":"open","ping_status":"closed","template":"","meta":{"inline_featured_image":false},"product_brand":[],"product_cat":[1801],"product_tag":[],"class_list":{"0":"post-54344","1":"product","2":"type-product","3":"status-publish","4":"has-post-thumbnail","6":"product_cat-musculacion","7":"product_shipping_class-todosmenossuelos","9":"first","10":"instock","11":"sale","12":"taxable","13":"shipping-taxable","14":"purchasable","15":"product-type-variable"},"yoast_head":"<!-- This site is optimized with the Yoast SEO plugin v27.4 - https:\/\/yoast.com\/product\/yoast-seo-wordpress\/ -->\n<title>Set mancuernas redondas FIURI | Suelosport - Suelos Deportivos<\/title>\n<meta name=\"robots\" content=\"index, follow, max-snippet:-1, max-image-preview:large, max-video-preview:-1\" \/>\n<link rel=\"canonical\" href=\"https:\/\/suelosport.com\/pt-pt\/producto\/set-mancuernas-redondas-fiuri\/\" \/>\n<meta property=\"og:locale\" content=\"pt_PT\" \/>\n<meta property=\"og:type\" content=\"article\" \/>\n<meta property=\"og:title\" content=\"Set mancuernas redondas FIURI | Suelosport - Suelos Deportivos\" \/>\n<meta property=\"og:description\" content=\"Elige el set que mejor se adapte a tus necesidades de entrenamiento.  Ver pesos de cada set en &quot;DESCRIPCI\u00d3N&quot;.\" \/>\n<meta property=\"og:url\" content=\"https:\/\/suelosport.com\/pt-pt\/producto\/set-mancuernas-redondas-fiuri\/\" \/>\n<meta property=\"og:site_name\" content=\"Suelosport - Suelos Deportivos\" \/>\n<meta property=\"article:publisher\" content=\"https:\/\/www.facebook.com\/Suelosport-2042694182686080\/\" \/>\n<meta property=\"article:modified_time\" content=\"2026-01-22T10:43:54+00:00\" \/>\n<meta property=\"og:image\" content=\"https:\/\/suelosport.com\/wp-content\/uploads\/2023\/06\/Set_mancuernas_redondas-2.jpg\" \/>\n\t<meta property=\"og:image:width\" content=\"1000\" \/>\n\t<meta property=\"og:image:height\" content=\"1200\" \/>\n\t<meta property=\"og:image:type\" content=\"image\/jpeg\" \/>\n<meta name=\"twitter:card\" content=\"summary_large_image\" \/>\n<meta name=\"twitter:label1\" content=\"Tempo estimado de leitura\" \/>\n\t<meta name=\"twitter:data1\" content=\"2 minutos\" \/>\n<script type=\"application\/ld+json\" class=\"yoast-schema-graph\">{\"@context\":\"https:\\\/\\\/schema.org\",\"@graph\":[{\"@type\":[\"WebPage\",\"ItemPage\"],\"@id\":\"https:\\\/\\\/suelosport.com\\\/pt-pt\\\/producto\\\/set-mancuernas-redondas-fiuri\\\/\",\"url\":\"https:\\\/\\\/suelosport.com\\\/pt-pt\\\/producto\\\/set-mancuernas-redondas-fiuri\\\/\",\"name\":\"Set mancuernas redondas FIURI | Suelosport - Suelos Deportivos\",\"isPartOf\":{\"@id\":\"https:\\\/\\\/suelosport.com\\\/pt-pt\\\/#website\"},\"primaryImageOfPage\":{\"@id\":\"https:\\\/\\\/suelosport.com\\\/pt-pt\\\/producto\\\/set-mancuernas-redondas-fiuri\\\/#primaryimage\"},\"image\":{\"@id\":\"https:\\\/\\\/suelosport.com\\\/pt-pt\\\/producto\\\/set-mancuernas-redondas-fiuri\\\/#primaryimage\"},\"thumbnailUrl\":\"https:\\\/\\\/suelosport.com\\\/wp-content\\\/uploads\\\/2023\\\/06\\\/Set_mancuernas_redondas-2.jpg\",\"datePublished\":\"2023-05-25T08:13:32+00:00\",\"dateModified\":\"2026-01-22T10:43:54+00:00\",\"breadcrumb\":{\"@id\":\"https:\\\/\\\/suelosport.com\\\/pt-pt\\\/producto\\\/set-mancuernas-redondas-fiuri\\\/#breadcrumb\"},\"inLanguage\":\"pt-PT\",\"potentialAction\":[{\"@type\":\"ReadAction\",\"target\":[\"https:\\\/\\\/suelosport.com\\\/pt-pt\\\/producto\\\/set-mancuernas-redondas-fiuri\\\/\"]}]},{\"@type\":\"ImageObject\",\"inLanguage\":\"pt-PT\",\"@id\":\"https:\\\/\\\/suelosport.com\\\/pt-pt\\\/producto\\\/set-mancuernas-redondas-fiuri\\\/#primaryimage\",\"url\":\"https:\\\/\\\/suelosport.com\\\/wp-content\\\/uploads\\\/2023\\\/06\\\/Set_mancuernas_redondas-2.jpg\",\"contentUrl\":\"https:\\\/\\\/suelosport.com\\\/wp-content\\\/uploads\\\/2023\\\/06\\\/Set_mancuernas_redondas-2.jpg\",\"width\":1000,\"height\":1200,\"caption\":\"Set mancuernas redondas\"},{\"@type\":\"BreadcrumbList\",\"@id\":\"https:\\\/\\\/suelosport.com\\\/pt-pt\\\/producto\\\/set-mancuernas-redondas-fiuri\\\/#breadcrumb\",\"itemListElement\":[{\"@type\":\"ListItem\",\"position\":1,\"name\":\"Portada\",\"item\":\"https:\\\/\\\/suelosport.com\\\/pt-pt\\\/\"},{\"@type\":\"ListItem\",\"position\":2,\"name\":\"Tienda\",\"item\":\"https:\\\/\\\/suelosport.com\\\/tienda\\\/\"},{\"@type\":\"ListItem\",\"position\":3,\"name\":\"Set mancuernas redondas FIURI\"}]},{\"@type\":\"WebSite\",\"@id\":\"https:\\\/\\\/suelosport.com\\\/pt-pt\\\/#website\",\"url\":\"https:\\\/\\\/suelosport.com\\\/pt-pt\\\/\",\"name\":\"Suelosport - Suelos Deportivos\",\"description\":\"Suelos para gimnasios, suelos de goma, losetas y suelos antideslizantes\",\"publisher\":{\"@id\":\"https:\\\/\\\/suelosport.com\\\/pt-pt\\\/#organization\"},\"potentialAction\":[{\"@type\":\"SearchAction\",\"target\":{\"@type\":\"EntryPoint\",\"urlTemplate\":\"https:\\\/\\\/suelosport.com\\\/pt-pt\\\/?s={search_term_string}\"},\"query-input\":{\"@type\":\"PropertyValueSpecification\",\"valueRequired\":true,\"valueName\":\"search_term_string\"}}],\"inLanguage\":\"pt-PT\"},{\"@type\":\"Organization\",\"@id\":\"https:\\\/\\\/suelosport.com\\\/pt-pt\\\/#organization\",\"name\":\"Suelosport\",\"url\":\"https:\\\/\\\/suelosport.com\\\/pt-pt\\\/\",\"logo\":{\"@type\":\"ImageObject\",\"inLanguage\":\"pt-PT\",\"@id\":\"https:\\\/\\\/suelosport.com\\\/pt-pt\\\/#\\\/schema\\\/logo\\\/image\\\/\",\"url\":\"https:\\\/\\\/suelosport.com\\\/wp-content\\\/uploads\\\/2018\\\/03\\\/logo-suelosport.png\",\"contentUrl\":\"https:\\\/\\\/suelosport.com\\\/wp-content\\\/uploads\\\/2018\\\/03\\\/logo-suelosport.png\",\"width\":300,\"height\":67,\"caption\":\"Suelosport\"},\"image\":{\"@id\":\"https:\\\/\\\/suelosport.com\\\/pt-pt\\\/#\\\/schema\\\/logo\\\/image\\\/\"},\"sameAs\":[\"https:\\\/\\\/www.facebook.com\\\/Suelosport-2042694182686080\\\/\",\"https:\\\/\\\/www.linkedin.com\\\/company\\\/suelosport\\\/\",\"https:\\\/\\\/www.youtube.com\\\/channel\\\/UC1eoryUxD4Fw7f1m5wx_vFg?view_as=subscriber\"]}]}<\/script>\n<!-- \/ Yoast SEO plugin. -->","yoast_head_json":{"title":"Set mancuernas redondas FIURI | Suelosport - Suelos Deportivos","robots":{"index":"index","follow":"follow","max-snippet":"max-snippet:-1","max-image-preview":"max-image-preview:large","max-video-preview":"max-video-preview:-1"},"canonical":"https:\/\/suelosport.com\/pt-pt\/producto\/set-mancuernas-redondas-fiuri\/","og_locale":"pt_PT","og_type":"article","og_title":"Set mancuernas redondas FIURI | Suelosport - Suelos Deportivos","og_description":"Elige el set que mejor se adapte a tus necesidades de entrenamiento.  Ver pesos de cada set en \"DESCRIPCI\u00d3N\".","og_url":"https:\/\/suelosport.com\/pt-pt\/producto\/set-mancuernas-redondas-fiuri\/","og_site_name":"Suelosport - Suelos Deportivos","article_publisher":"https:\/\/www.facebook.com\/Suelosport-2042694182686080\/","article_modified_time":"2026-01-22T10:43:54+00:00","og_image":[{"width":1000,"height":1200,"url":"https:\/\/suelosport.com\/wp-content\/uploads\/2023\/06\/Set_mancuernas_redondas-2.jpg","type":"image\/jpeg"}],"twitter_card":"summary_large_image","twitter_misc":{"Tempo estimado de leitura":"2 minutos"},"schema":{"@context":"https:\/\/schema.org","@graph":[{"@type":["WebPage","ItemPage"],"@id":"https:\/\/suelosport.com\/pt-pt\/producto\/set-mancuernas-redondas-fiuri\/","url":"https:\/\/suelosport.com\/pt-pt\/producto\/set-mancuernas-redondas-fiuri\/","name":"Set mancuernas redondas FIURI | Suelosport - Suelos Deportivos","isPartOf":{"@id":"https:\/\/suelosport.com\/pt-pt\/#website"},"primaryImageOfPage":{"@id":"https:\/\/suelosport.com\/pt-pt\/producto\/set-mancuernas-redondas-fiuri\/#primaryimage"},"image":{"@id":"https:\/\/suelosport.com\/pt-pt\/producto\/set-mancuernas-redondas-fiuri\/#primaryimage"},"thumbnailUrl":"https:\/\/suelosport.com\/wp-content\/uploads\/2023\/06\/Set_mancuernas_redondas-2.jpg","datePublished":"2023-05-25T08:13:32+00:00","dateModified":"2026-01-22T10:43:54+00:00","breadcrumb":{"@id":"https:\/\/suelosport.com\/pt-pt\/producto\/set-mancuernas-redondas-fiuri\/#breadcrumb"},"inLanguage":"pt-PT","potentialAction":[{"@type":"ReadAction","target":["https:\/\/suelosport.com\/pt-pt\/producto\/set-mancuernas-redondas-fiuri\/"]}]},{"@type":"ImageObject","inLanguage":"pt-PT","@id":"https:\/\/suelosport.com\/pt-pt\/producto\/set-mancuernas-redondas-fiuri\/#primaryimage","url":"https:\/\/suelosport.com\/wp-content\/uploads\/2023\/06\/Set_mancuernas_redondas-2.jpg","contentUrl":"https:\/\/suelosport.com\/wp-content\/uploads\/2023\/06\/Set_mancuernas_redondas-2.jpg","width":1000,"height":1200,"caption":"Set mancuernas redondas"},{"@type":"BreadcrumbList","@id":"https:\/\/suelosport.com\/pt-pt\/producto\/set-mancuernas-redondas-fiuri\/#breadcrumb","itemListElement":[{"@type":"ListItem","position":1,"name":"Portada","item":"https:\/\/suelosport.com\/pt-pt\/"},{"@type":"ListItem","position":2,"name":"Tienda","item":"https:\/\/suelosport.com\/tienda\/"},{"@type":"ListItem","position":3,"name":"Set mancuernas redondas FIURI"}]},{"@type":"WebSite","@id":"https:\/\/suelosport.com\/pt-pt\/#website","url":"https:\/\/suelosport.com\/pt-pt\/","name":"Suelosport - Suelos Deportivos","description":"Suelos para gimnasios, suelos de goma, losetas y suelos antideslizantes","publisher":{"@id":"https:\/\/suelosport.com\/pt-pt\/#organization"},"potentialAction":[{"@type":"SearchAction","target":{"@type":"EntryPoint","urlTemplate":"https:\/\/suelosport.com\/pt-pt\/?s={search_term_string}"},"query-input":{"@type":"PropertyValueSpecification","valueRequired":true,"valueName":"search_term_string"}}],"inLanguage":"pt-PT"},{"@type":"Organization","@id":"https:\/\/suelosport.com\/pt-pt\/#organization","name":"Suelosport","url":"https:\/\/suelosport.com\/pt-pt\/","logo":{"@type":"ImageObject","inLanguage":"pt-PT","@id":"https:\/\/suelosport.com\/pt-pt\/#\/schema\/logo\/image\/","url":"https:\/\/suelosport.com\/wp-content\/uploads\/2018\/03\/logo-suelosport.png","contentUrl":"https:\/\/suelosport.com\/wp-content\/uploads\/2018\/03\/logo-suelosport.png","width":300,"height":67,"caption":"Suelosport"},"image":{"@id":"https:\/\/suelosport.com\/pt-pt\/#\/schema\/logo\/image\/"},"sameAs":["https:\/\/www.facebook.com\/Suelosport-2042694182686080\/","https:\/\/www.linkedin.com\/company\/suelosport\/","https:\/\/www.youtube.com\/channel\/UC1eoryUxD4Fw7f1m5wx_vFg?view_as=subscriber"]}]}},"_links":{"self":[{"href":"https:\/\/suelosport.com\/pt-pt\/wp-json\/wp\/v2\/product\/54344","targetHints":{"allow":["GET"]}}],"collection":[{"href":"https:\/\/suelosport.com\/pt-pt\/wp-json\/wp\/v2\/product"}],"about":[{"href":"https:\/\/suelosport.com\/pt-pt\/wp-json\/wp\/v2\/types\/product"}],"replies":[{"embeddable":true,"href":"https:\/\/suelosport.com\/pt-pt\/wp-json\/wp\/v2\/comments?post=54344"}],"wp:featuredmedia":[{"embeddable":true,"href":"https:\/\/suelosport.com\/pt-pt\/wp-json\/wp\/v2\/media\/54345"}],"wp:attachment":[{"href":"https:\/\/suelosport.com\/pt-pt\/wp-json\/wp\/v2\/media?parent=54344"}],"wp:term":[{"taxonomy":"product_brand","embeddable":true,"href":"https:\/\/suelosport.com\/pt-pt\/wp-json\/wp\/v2\/product_brand?post=54344"},{"taxonomy":"product_cat","embeddable":true,"href":"https:\/\/suelosport.com\/pt-pt\/wp-json\/wp\/v2\/product_cat?post=54344"},{"taxonomy":"product_tag","embeddable":true,"href":"https:\/\/suelosport.com\/pt-pt\/wp-json\/wp\/v2\/product_tag?post=54344"}],"curies":[{"name":"wp","href":"https:\/\/api.w.org\/{rel}","templated":true}]}}