{"id":54293,"date":"2023-05-23T14:23:28","date_gmt":"2023-05-23T13:23:28","guid":{"rendered":"https:\/\/suelosport.com\/producto\/set-de-discos-con-agarre-fiuri-de-25-a-20-kg\/"},"modified":"2026-01-22T12:02:21","modified_gmt":"2026-01-22T11:02:21","slug":"set-de-discos-con-agarre-fiuri-de-25-a-20-kg","status":"publish","type":"product","link":"https:\/\/suelosport.com\/pt-pt\/producto\/set-de-discos-con-agarre-fiuri-de-25-a-20-kg\/","title":{"rendered":"Set de discos con agarre FIURI de 1,25 a 25 kg"},"content":{"rendered":"<p>Kit completo de discos con agarre.<\/p>\n<p>Con el set completo de 2\u00b45 a 25 kg, podr\u00e1s entrenar tus m\u00fasculos de manera progresiva.<\/p>\n<p>Los discos con agarre son muuy vers\u00e1tiles, permiti\u00e9ndote re&lt;alizar ejercicios musculares y entrenamientos de resistencia, adem\u00e1s de aumentar la flexibilidad y el equilibrio. Tambi\u00e9n se pueden usar sin barra, para realizar ejercicios de calentamiento o ejercicios funcionales.<\/p>\n<p>Ideales para ejercicios como press de banca, press de hombros o curl de b\u00edceps. Indispensables en cualquier centro de entrenamiento o gimnasio.<\/p>\n<ul>\n<li><strong>Material<\/strong>:\n<ul>\n<li>Interior de acero fundido electroplateado.<\/li>\n<li>Superficie de PEV sin olor.<\/li>\n<\/ul>\n<\/li>\n<li><strong>Di\u00e1metro casquillo<\/strong>: Apto para barra ol\u00edmpica 50 mm.<\/li>\n<li><strong>Grosor de disco<\/strong>:\n<ul>\n<li>1,25 kg de 3 cm<\/li>\n<li>2,5 kg de 3 cm<\/li>\n<li>5 kg de 4 cm<\/li>\n<li>10 kg de 4 cm<\/li>\n<li>15 kg de 4,5 cm<\/li>\n<li>20 kg de 4,5 cm<\/li>\n<li>25 kg de 5 cm<\/li>\n<\/ul>\n<\/li>\n<li><strong>El set incluye: <\/strong>\n<ul>\n<li>2 discos de 1,25 kg<\/li>\n<li>2 discos de 2,5 kg<\/li>\n<li>2 discos de 5 kg<\/li>\n<li>2 discos de 10 kg<\/li>\n<li>2 discos de 15 kg<\/li>\n<li>2 discos de 20 kg<\/li>\n<li>2 discos de 25 kg<\/li>\n<\/ul>\n<\/li>\n<\/ul>\n","protected":false},"excerpt":{"rendered":"<p>Set de pares de discos con agarre FIURI por pesos.<\/p>\n<p><strong>Contiene un par de discos de 1\u00b425, 2\u00b45, 5, 10, 15, 20, y 25 kg<\/strong><\/p>\n","protected":false},"featured_media":54364,"comment_status":"open","ping_status":"closed","template":"","meta":{"inline_featured_image":false},"product_brand":[2211],"product_cat":[1800,1801],"product_tag":[637,203,253,513,635],"class_list":{"0":"post-54293","1":"product","2":"type-product","3":"status-publish","4":"has-post-thumbnail","6":"product_brand-fiuri","7":"product_cat-material-fitness","8":"product_cat-musculacion","9":"product_tag-bumper","10":"product_tag-crossfit","11":"product_tag-halterofilia","12":"product_tag-musculacion","13":"product_tag-disco","14":"product_shipping_class-todosmenossuelos","16":"first","17":"instock","18":"sale","19":"taxable","20":"shipping-taxable","21":"purchasable","22":"product-type-simple"},"yoast_head":"<!-- This site is optimized with the Yoast SEO plugin v27.4 - https:\/\/yoast.com\/product\/yoast-seo-wordpress\/ -->\n<title>Set de discos con agarre FIURI de 1,25 a 25 kg | Suelosport - Suelos Deportivos<\/title>\n<meta name=\"robots\" content=\"index, follow, max-snippet:-1, max-image-preview:large, max-video-preview:-1\" \/>\n<link rel=\"canonical\" href=\"https:\/\/suelosport.com\/pt-pt\/producto\/set-de-discos-con-agarre-fiuri-de-25-a-20-kg\/\" \/>\n<meta property=\"og:locale\" content=\"pt_PT\" \/>\n<meta property=\"og:type\" content=\"article\" \/>\n<meta property=\"og:title\" content=\"Set de discos con agarre FIURI de 1,25 a 25 kg | Suelosport - Suelos Deportivos\" \/>\n<meta property=\"og:description\" content=\"Set de pares de discos con agarre FIURI por pesos.  Contiene un par de discos de 1\u00b425, 2\u00b45, 5, 10, 15, 20, y 25 kg\" \/>\n<meta property=\"og:url\" content=\"https:\/\/suelosport.com\/pt-pt\/producto\/set-de-discos-con-agarre-fiuri-de-25-a-20-kg\/\" \/>\n<meta property=\"og:site_name\" content=\"Suelosport - Suelos Deportivos\" \/>\n<meta property=\"article:publisher\" content=\"https:\/\/www.facebook.com\/Suelosport-2042694182686080\/\" \/>\n<meta property=\"article:modified_time\" content=\"2026-01-22T11:02:21+00:00\" \/>\n<meta property=\"og:image\" content=\"https:\/\/suelosport.com\/wp-content\/uploads\/2023\/05\/Set_discos_de_agarre-FIURI.jpg\" \/>\n\t<meta property=\"og:image:width\" content=\"1000\" \/>\n\t<meta property=\"og:image:height\" content=\"1200\" \/>\n\t<meta property=\"og:image:type\" content=\"image\/jpeg\" \/>\n<meta name=\"twitter:card\" content=\"summary_large_image\" \/>\n<meta name=\"twitter:label1\" content=\"Tempo estimado de leitura\" \/>\n\t<meta name=\"twitter:data1\" content=\"1 minuto\" \/>\n<script type=\"application\/ld+json\" class=\"yoast-schema-graph\">{\"@context\":\"https:\\\/\\\/schema.org\",\"@graph\":[{\"@type\":[\"WebPage\",\"ItemPage\"],\"@id\":\"https:\\\/\\\/suelosport.com\\\/pt-pt\\\/producto\\\/set-de-discos-con-agarre-fiuri-de-25-a-20-kg\\\/\",\"url\":\"https:\\\/\\\/suelosport.com\\\/pt-pt\\\/producto\\\/set-de-discos-con-agarre-fiuri-de-25-a-20-kg\\\/\",\"name\":\"Set de discos con agarre FIURI de 1,25 a 25 kg | Suelosport - Suelos Deportivos\",\"isPartOf\":{\"@id\":\"https:\\\/\\\/suelosport.com\\\/pt-pt\\\/#website\"},\"primaryImageOfPage\":{\"@id\":\"https:\\\/\\\/suelosport.com\\\/pt-pt\\\/producto\\\/set-de-discos-con-agarre-fiuri-de-25-a-20-kg\\\/#primaryimage\"},\"image\":{\"@id\":\"https:\\\/\\\/suelosport.com\\\/pt-pt\\\/producto\\\/set-de-discos-con-agarre-fiuri-de-25-a-20-kg\\\/#primaryimage\"},\"thumbnailUrl\":\"https:\\\/\\\/suelosport.com\\\/wp-content\\\/uploads\\\/2023\\\/05\\\/Set_discos_de_agarre-FIURI.jpg\",\"datePublished\":\"2023-05-23T13:23:28+00:00\",\"dateModified\":\"2026-01-22T11:02:21+00:00\",\"breadcrumb\":{\"@id\":\"https:\\\/\\\/suelosport.com\\\/pt-pt\\\/producto\\\/set-de-discos-con-agarre-fiuri-de-25-a-20-kg\\\/#breadcrumb\"},\"inLanguage\":\"pt-PT\",\"potentialAction\":[{\"@type\":\"ReadAction\",\"target\":[\"https:\\\/\\\/suelosport.com\\\/pt-pt\\\/producto\\\/set-de-discos-con-agarre-fiuri-de-25-a-20-kg\\\/\"]}]},{\"@type\":\"ImageObject\",\"inLanguage\":\"pt-PT\",\"@id\":\"https:\\\/\\\/suelosport.com\\\/pt-pt\\\/producto\\\/set-de-discos-con-agarre-fiuri-de-25-a-20-kg\\\/#primaryimage\",\"url\":\"https:\\\/\\\/suelosport.com\\\/wp-content\\\/uploads\\\/2023\\\/05\\\/Set_discos_de_agarre-FIURI.jpg\",\"contentUrl\":\"https:\\\/\\\/suelosport.com\\\/wp-content\\\/uploads\\\/2023\\\/05\\\/Set_discos_de_agarre-FIURI.jpg\",\"width\":1000,\"height\":1200,\"caption\":\"Set discos de agarre FIURI de 2,5 a 20 kg\"},{\"@type\":\"BreadcrumbList\",\"@id\":\"https:\\\/\\\/suelosport.com\\\/pt-pt\\\/producto\\\/set-de-discos-con-agarre-fiuri-de-25-a-20-kg\\\/#breadcrumb\",\"itemListElement\":[{\"@type\":\"ListItem\",\"position\":1,\"name\":\"Portada\",\"item\":\"https:\\\/\\\/suelosport.com\\\/pt-pt\\\/\"},{\"@type\":\"ListItem\",\"position\":2,\"name\":\"Tienda\",\"item\":\"https:\\\/\\\/suelosport.com\\\/tienda\\\/\"},{\"@type\":\"ListItem\",\"position\":3,\"name\":\"Set de discos con agarre FIURI de 1,25 a 25 kg\"}]},{\"@type\":\"WebSite\",\"@id\":\"https:\\\/\\\/suelosport.com\\\/pt-pt\\\/#website\",\"url\":\"https:\\\/\\\/suelosport.com\\\/pt-pt\\\/\",\"name\":\"Suelosport - Suelos Deportivos\",\"description\":\"Suelos para gimnasios, suelos de goma, losetas y suelos antideslizantes\",\"publisher\":{\"@id\":\"https:\\\/\\\/suelosport.com\\\/pt-pt\\\/#organization\"},\"potentialAction\":[{\"@type\":\"SearchAction\",\"target\":{\"@type\":\"EntryPoint\",\"urlTemplate\":\"https:\\\/\\\/suelosport.com\\\/pt-pt\\\/?s={search_term_string}\"},\"query-input\":{\"@type\":\"PropertyValueSpecification\",\"valueRequired\":true,\"valueName\":\"search_term_string\"}}],\"inLanguage\":\"pt-PT\"},{\"@type\":\"Organization\",\"@id\":\"https:\\\/\\\/suelosport.com\\\/pt-pt\\\/#organization\",\"name\":\"Suelosport\",\"url\":\"https:\\\/\\\/suelosport.com\\\/pt-pt\\\/\",\"logo\":{\"@type\":\"ImageObject\",\"inLanguage\":\"pt-PT\",\"@id\":\"https:\\\/\\\/suelosport.com\\\/pt-pt\\\/#\\\/schema\\\/logo\\\/image\\\/\",\"url\":\"https:\\\/\\\/suelosport.com\\\/wp-content\\\/uploads\\\/2018\\\/03\\\/logo-suelosport.png\",\"contentUrl\":\"https:\\\/\\\/suelosport.com\\\/wp-content\\\/uploads\\\/2018\\\/03\\\/logo-suelosport.png\",\"width\":300,\"height\":67,\"caption\":\"Suelosport\"},\"image\":{\"@id\":\"https:\\\/\\\/suelosport.com\\\/pt-pt\\\/#\\\/schema\\\/logo\\\/image\\\/\"},\"sameAs\":[\"https:\\\/\\\/www.facebook.com\\\/Suelosport-2042694182686080\\\/\",\"https:\\\/\\\/www.linkedin.com\\\/company\\\/suelosport\\\/\",\"https:\\\/\\\/www.youtube.com\\\/channel\\\/UC1eoryUxD4Fw7f1m5wx_vFg?view_as=subscriber\"]}]}<\/script>\n<!-- \/ Yoast SEO plugin. -->","yoast_head_json":{"title":"Set de discos con agarre FIURI de 1,25 a 25 kg | Suelosport - Suelos Deportivos","robots":{"index":"index","follow":"follow","max-snippet":"max-snippet:-1","max-image-preview":"max-image-preview:large","max-video-preview":"max-video-preview:-1"},"canonical":"https:\/\/suelosport.com\/pt-pt\/producto\/set-de-discos-con-agarre-fiuri-de-25-a-20-kg\/","og_locale":"pt_PT","og_type":"article","og_title":"Set de discos con agarre FIURI de 1,25 a 25 kg | Suelosport - Suelos Deportivos","og_description":"Set de pares de discos con agarre FIURI por pesos.  Contiene un par de discos de 1\u00b425, 2\u00b45, 5, 10, 15, 20, y 25 kg","og_url":"https:\/\/suelosport.com\/pt-pt\/producto\/set-de-discos-con-agarre-fiuri-de-25-a-20-kg\/","og_site_name":"Suelosport - Suelos Deportivos","article_publisher":"https:\/\/www.facebook.com\/Suelosport-2042694182686080\/","article_modified_time":"2026-01-22T11:02:21+00:00","og_image":[{"width":1000,"height":1200,"url":"https:\/\/suelosport.com\/wp-content\/uploads\/2023\/05\/Set_discos_de_agarre-FIURI.jpg","type":"image\/jpeg"}],"twitter_card":"summary_large_image","twitter_misc":{"Tempo estimado de leitura":"1 minuto"},"schema":{"@context":"https:\/\/schema.org","@graph":[{"@type":["WebPage","ItemPage"],"@id":"https:\/\/suelosport.com\/pt-pt\/producto\/set-de-discos-con-agarre-fiuri-de-25-a-20-kg\/","url":"https:\/\/suelosport.com\/pt-pt\/producto\/set-de-discos-con-agarre-fiuri-de-25-a-20-kg\/","name":"Set de discos con agarre FIURI de 1,25 a 25 kg | Suelosport - Suelos Deportivos","isPartOf":{"@id":"https:\/\/suelosport.com\/pt-pt\/#website"},"primaryImageOfPage":{"@id":"https:\/\/suelosport.com\/pt-pt\/producto\/set-de-discos-con-agarre-fiuri-de-25-a-20-kg\/#primaryimage"},"image":{"@id":"https:\/\/suelosport.com\/pt-pt\/producto\/set-de-discos-con-agarre-fiuri-de-25-a-20-kg\/#primaryimage"},"thumbnailUrl":"https:\/\/suelosport.com\/wp-content\/uploads\/2023\/05\/Set_discos_de_agarre-FIURI.jpg","datePublished":"2023-05-23T13:23:28+00:00","dateModified":"2026-01-22T11:02:21+00:00","breadcrumb":{"@id":"https:\/\/suelosport.com\/pt-pt\/producto\/set-de-discos-con-agarre-fiuri-de-25-a-20-kg\/#breadcrumb"},"inLanguage":"pt-PT","potentialAction":[{"@type":"ReadAction","target":["https:\/\/suelosport.com\/pt-pt\/producto\/set-de-discos-con-agarre-fiuri-de-25-a-20-kg\/"]}]},{"@type":"ImageObject","inLanguage":"pt-PT","@id":"https:\/\/suelosport.com\/pt-pt\/producto\/set-de-discos-con-agarre-fiuri-de-25-a-20-kg\/#primaryimage","url":"https:\/\/suelosport.com\/wp-content\/uploads\/2023\/05\/Set_discos_de_agarre-FIURI.jpg","contentUrl":"https:\/\/suelosport.com\/wp-content\/uploads\/2023\/05\/Set_discos_de_agarre-FIURI.jpg","width":1000,"height":1200,"caption":"Set discos de agarre FIURI de 2,5 a 20 kg"},{"@type":"BreadcrumbList","@id":"https:\/\/suelosport.com\/pt-pt\/producto\/set-de-discos-con-agarre-fiuri-de-25-a-20-kg\/#breadcrumb","itemListElement":[{"@type":"ListItem","position":1,"name":"Portada","item":"https:\/\/suelosport.com\/pt-pt\/"},{"@type":"ListItem","position":2,"name":"Tienda","item":"https:\/\/suelosport.com\/tienda\/"},{"@type":"ListItem","position":3,"name":"Set de discos con agarre FIURI de 1,25 a 25 kg"}]},{"@type":"WebSite","@id":"https:\/\/suelosport.com\/pt-pt\/#website","url":"https:\/\/suelosport.com\/pt-pt\/","name":"Suelosport - Suelos Deportivos","description":"Suelos para gimnasios, suelos de goma, losetas y suelos antideslizantes","publisher":{"@id":"https:\/\/suelosport.com\/pt-pt\/#organization"},"potentialAction":[{"@type":"SearchAction","target":{"@type":"EntryPoint","urlTemplate":"https:\/\/suelosport.com\/pt-pt\/?s={search_term_string}"},"query-input":{"@type":"PropertyValueSpecification","valueRequired":true,"valueName":"search_term_string"}}],"inLanguage":"pt-PT"},{"@type":"Organization","@id":"https:\/\/suelosport.com\/pt-pt\/#organization","name":"Suelosport","url":"https:\/\/suelosport.com\/pt-pt\/","logo":{"@type":"ImageObject","inLanguage":"pt-PT","@id":"https:\/\/suelosport.com\/pt-pt\/#\/schema\/logo\/image\/","url":"https:\/\/suelosport.com\/wp-content\/uploads\/2018\/03\/logo-suelosport.png","contentUrl":"https:\/\/suelosport.com\/wp-content\/uploads\/2018\/03\/logo-suelosport.png","width":300,"height":67,"caption":"Suelosport"},"image":{"@id":"https:\/\/suelosport.com\/pt-pt\/#\/schema\/logo\/image\/"},"sameAs":["https:\/\/www.facebook.com\/Suelosport-2042694182686080\/","https:\/\/www.linkedin.com\/company\/suelosport\/","https:\/\/www.youtube.com\/channel\/UC1eoryUxD4Fw7f1m5wx_vFg?view_as=subscriber"]}]}},"_links":{"self":[{"href":"https:\/\/suelosport.com\/pt-pt\/wp-json\/wp\/v2\/product\/54293","targetHints":{"allow":["GET"]}}],"collection":[{"href":"https:\/\/suelosport.com\/pt-pt\/wp-json\/wp\/v2\/product"}],"about":[{"href":"https:\/\/suelosport.com\/pt-pt\/wp-json\/wp\/v2\/types\/product"}],"replies":[{"embeddable":true,"href":"https:\/\/suelosport.com\/pt-pt\/wp-json\/wp\/v2\/comments?post=54293"}],"wp:featuredmedia":[{"embeddable":true,"href":"https:\/\/suelosport.com\/pt-pt\/wp-json\/wp\/v2\/media\/54364"}],"wp:attachment":[{"href":"https:\/\/suelosport.com\/pt-pt\/wp-json\/wp\/v2\/media?parent=54293"}],"wp:term":[{"taxonomy":"product_brand","embeddable":true,"href":"https:\/\/suelosport.com\/pt-pt\/wp-json\/wp\/v2\/product_brand?post=54293"},{"taxonomy":"product_cat","embeddable":true,"href":"https:\/\/suelosport.com\/pt-pt\/wp-json\/wp\/v2\/product_cat?post=54293"},{"taxonomy":"product_tag","embeddable":true,"href":"https:\/\/suelosport.com\/pt-pt\/wp-json\/wp\/v2\/product_tag?post=54293"}],"curies":[{"name":"wp","href":"https:\/\/api.w.org\/{rel}","templated":true}]}}