{"id":54276,"date":"2023-05-23T14:15:30","date_gmt":"2023-05-23T13:15:30","guid":{"rendered":"https:\/\/suelosport.com\/producto\/set-de-discos-olimpicos-bumper-color-fiuri-5-a-25-kg\/"},"modified":"2026-01-22T12:03:16","modified_gmt":"2026-01-22T11:03:16","slug":"set-de-discos-olimpicos-bumper-color-fiuri-5-a-25-kg","status":"publish","type":"product","link":"https:\/\/suelosport.com\/pt-pt\/producto\/set-de-discos-olimpicos-bumper-color-fiuri-5-a-25-kg\/","title":{"rendered":"Set de Discos Ol\u00edmpicos Bumper Color FIURI"},"content":{"rendered":"<h2>Set de discos ol\u00edmpicos colores.<\/h2>\n<ul>\n<li><strong>De 0,5 a 25 kg:<\/strong>\u00a0Un par de discos de 0,5 kg, 1,25 kg, 2,5 kg, 5 kg, 10 kg, 15 kg, 20 kg y 25 kg.<\/li>\n<li><strong>De 5 a 25 kg:<\/strong> Un par de discos de 5 kg, 10 kg, 15 kg, 20 kg y 25 kg.<\/li>\n<\/ul>\n<p>Con el set completo de discos, podr\u00e1s realizar tu entrenamiento de fuerza de manera progresiva.<\/p>\n<p>Id\u00f3neos para entrenamientos de fuerza, crossfit, musculaci\u00f3n, halterofilia o funcional.<\/p>\n<p>Junto con la barra ol\u00edmpica, te permiten poder entrenar gran variedad de m\u00fasculos como pectoral, hombros, b\u00edceps, piernas o gl\u00fateos.<\/p>\n<p>Resistentes a posibles ca\u00eddas e impactos contra el suelo.<\/p>\n<p>Indispensables en cualquier centro de entrenamiento o gimnasio.<\/p>\n<ul>\n<li><strong>A elegir<\/strong> entre kit de 0,5 a 25 kg o kit de 5 a 25 kg<\/li>\n<li><strong>Di\u00e1metro casquillo<\/strong>: Apto para barra ol\u00edmpica 50 mm<\/li>\n<li><strong>Material<\/strong>: Acero inoxidable recubierto de caucho<\/li>\n<\/ul>\n<p><strong>Grosor de disco:<\/strong><\/p>\n<ul>\n<li style=\"list-style-type: none;\">\n<ul>\n<li>5 kg de 2,5 cm<\/li>\n<li>10 kg de 4 cm<\/li>\n<li>15 kg de 5,5 cm<\/li>\n<li>20 kg de 6,5 cm<\/li>\n<li>25 kg de 7,5 cm<\/li>\n<\/ul>\n<\/li>\n<\/ul>\n","protected":false},"excerpt":{"rendered":"<p>Set de pares de Disco Ol\u00edmpicos Bumper Color FIURI<\/p>\n<ul>\n<li>De 0,5 a 25 kg<\/li>\n<li>De 5 a 25 kg<\/li>\n<\/ul>\n<p><strong>Ver pesos de cada set en &#8220;DESCRIPCI\u00d3N&#8221;<\/strong><\/p>\n","protected":false},"featured_media":54373,"comment_status":"open","ping_status":"closed","template":"","meta":{"inline_featured_image":false},"product_brand":[2211],"product_cat":[1801],"product_tag":[203,253,513,635,637],"class_list":{"0":"post-54276","1":"product","2":"type-product","3":"status-publish","4":"has-post-thumbnail","6":"product_brand-fiuri","7":"product_cat-musculacion","8":"product_tag-crossfit","9":"product_tag-halterofilia","10":"product_tag-musculacion","11":"product_tag-disco","12":"product_tag-bumper","13":"product_shipping_class-todosmenossuelos","15":"first","16":"instock","17":"sale","18":"taxable","19":"shipping-taxable","20":"purchasable","21":"product-type-variable"},"yoast_head":"<!-- This site is optimized with the Yoast SEO plugin v27.4 - https:\/\/yoast.com\/product\/yoast-seo-wordpress\/ -->\n<title>Set de Discos Ol\u00edmpicos Bumper Color FIURI | Suelosport - Suelos Deportivos<\/title>\n<meta name=\"robots\" content=\"index, follow, max-snippet:-1, max-image-preview:large, max-video-preview:-1\" \/>\n<link rel=\"canonical\" href=\"https:\/\/suelosport.com\/pt-pt\/producto\/set-de-discos-olimpicos-bumper-color-fiuri-5-a-25-kg\/\" \/>\n<meta property=\"og:locale\" content=\"pt_PT\" \/>\n<meta property=\"og:type\" content=\"article\" \/>\n<meta property=\"og:title\" content=\"Set de Discos Ol\u00edmpicos Bumper Color FIURI | Suelosport - Suelos Deportivos\" \/>\n<meta property=\"og:description\" content=\"Set de pares de Disco Ol\u00edmpicos Bumper Color FIURI   De 0,5 a 25 kg  De 5 a 25 kg  Ver pesos de cada set en &quot;DESCRIPCI\u00d3N&quot;\" \/>\n<meta property=\"og:url\" content=\"https:\/\/suelosport.com\/pt-pt\/producto\/set-de-discos-olimpicos-bumper-color-fiuri-5-a-25-kg\/\" \/>\n<meta property=\"og:site_name\" content=\"Suelosport - Suelos Deportivos\" \/>\n<meta property=\"article:publisher\" content=\"https:\/\/www.facebook.com\/Suelosport-2042694182686080\/\" \/>\n<meta property=\"article:modified_time\" content=\"2026-01-22T11:03:16+00:00\" \/>\n<meta property=\"og:image\" content=\"https:\/\/suelosport.com\/wp-content\/uploads\/2023\/05\/Set_de_Discos_bumper_colores_FIURI.jpg\" \/>\n\t<meta property=\"og:image:width\" content=\"1000\" \/>\n\t<meta property=\"og:image:height\" content=\"1200\" \/>\n\t<meta property=\"og:image:type\" content=\"image\/jpeg\" \/>\n<meta name=\"twitter:card\" content=\"summary_large_image\" \/>\n<meta name=\"twitter:label1\" content=\"Tempo estimado de leitura\" \/>\n\t<meta name=\"twitter:data1\" content=\"1 minuto\" \/>\n<script type=\"application\/ld+json\" class=\"yoast-schema-graph\">{\"@context\":\"https:\\\/\\\/schema.org\",\"@graph\":[{\"@type\":[\"WebPage\",\"ItemPage\"],\"@id\":\"https:\\\/\\\/suelosport.com\\\/pt-pt\\\/producto\\\/set-de-discos-olimpicos-bumper-color-fiuri-5-a-25-kg\\\/\",\"url\":\"https:\\\/\\\/suelosport.com\\\/pt-pt\\\/producto\\\/set-de-discos-olimpicos-bumper-color-fiuri-5-a-25-kg\\\/\",\"name\":\"Set de Discos Ol\u00edmpicos Bumper Color FIURI | Suelosport - Suelos Deportivos\",\"isPartOf\":{\"@id\":\"https:\\\/\\\/suelosport.com\\\/pt-pt\\\/#website\"},\"primaryImageOfPage\":{\"@id\":\"https:\\\/\\\/suelosport.com\\\/pt-pt\\\/producto\\\/set-de-discos-olimpicos-bumper-color-fiuri-5-a-25-kg\\\/#primaryimage\"},\"image\":{\"@id\":\"https:\\\/\\\/suelosport.com\\\/pt-pt\\\/producto\\\/set-de-discos-olimpicos-bumper-color-fiuri-5-a-25-kg\\\/#primaryimage\"},\"thumbnailUrl\":\"https:\\\/\\\/suelosport.com\\\/wp-content\\\/uploads\\\/2023\\\/05\\\/Set_de_Discos_bumper_colores_FIURI.jpg\",\"datePublished\":\"2023-05-23T13:15:30+00:00\",\"dateModified\":\"2026-01-22T11:03:16+00:00\",\"breadcrumb\":{\"@id\":\"https:\\\/\\\/suelosport.com\\\/pt-pt\\\/producto\\\/set-de-discos-olimpicos-bumper-color-fiuri-5-a-25-kg\\\/#breadcrumb\"},\"inLanguage\":\"pt-PT\",\"potentialAction\":[{\"@type\":\"ReadAction\",\"target\":[\"https:\\\/\\\/suelosport.com\\\/pt-pt\\\/producto\\\/set-de-discos-olimpicos-bumper-color-fiuri-5-a-25-kg\\\/\"]}]},{\"@type\":\"ImageObject\",\"inLanguage\":\"pt-PT\",\"@id\":\"https:\\\/\\\/suelosport.com\\\/pt-pt\\\/producto\\\/set-de-discos-olimpicos-bumper-color-fiuri-5-a-25-kg\\\/#primaryimage\",\"url\":\"https:\\\/\\\/suelosport.com\\\/wp-content\\\/uploads\\\/2023\\\/05\\\/Set_de_Discos_bumper_colores_FIURI.jpg\",\"contentUrl\":\"https:\\\/\\\/suelosport.com\\\/wp-content\\\/uploads\\\/2023\\\/05\\\/Set_de_Discos_bumper_colores_FIURI.jpg\",\"width\":1000,\"height\":1200,\"caption\":\"Set de Discos bumper colores FIURI de 5 a 25 kg\"},{\"@type\":\"BreadcrumbList\",\"@id\":\"https:\\\/\\\/suelosport.com\\\/pt-pt\\\/producto\\\/set-de-discos-olimpicos-bumper-color-fiuri-5-a-25-kg\\\/#breadcrumb\",\"itemListElement\":[{\"@type\":\"ListItem\",\"position\":1,\"name\":\"Portada\",\"item\":\"https:\\\/\\\/suelosport.com\\\/pt-pt\\\/\"},{\"@type\":\"ListItem\",\"position\":2,\"name\":\"Tienda\",\"item\":\"https:\\\/\\\/suelosport.com\\\/tienda\\\/\"},{\"@type\":\"ListItem\",\"position\":3,\"name\":\"Set de Discos Ol\u00edmpicos Bumper Color FIURI\"}]},{\"@type\":\"WebSite\",\"@id\":\"https:\\\/\\\/suelosport.com\\\/pt-pt\\\/#website\",\"url\":\"https:\\\/\\\/suelosport.com\\\/pt-pt\\\/\",\"name\":\"Suelosport - Suelos Deportivos\",\"description\":\"Suelos para gimnasios, suelos de goma, losetas y suelos antideslizantes\",\"publisher\":{\"@id\":\"https:\\\/\\\/suelosport.com\\\/pt-pt\\\/#organization\"},\"potentialAction\":[{\"@type\":\"SearchAction\",\"target\":{\"@type\":\"EntryPoint\",\"urlTemplate\":\"https:\\\/\\\/suelosport.com\\\/pt-pt\\\/?s={search_term_string}\"},\"query-input\":{\"@type\":\"PropertyValueSpecification\",\"valueRequired\":true,\"valueName\":\"search_term_string\"}}],\"inLanguage\":\"pt-PT\"},{\"@type\":\"Organization\",\"@id\":\"https:\\\/\\\/suelosport.com\\\/pt-pt\\\/#organization\",\"name\":\"Suelosport\",\"url\":\"https:\\\/\\\/suelosport.com\\\/pt-pt\\\/\",\"logo\":{\"@type\":\"ImageObject\",\"inLanguage\":\"pt-PT\",\"@id\":\"https:\\\/\\\/suelosport.com\\\/pt-pt\\\/#\\\/schema\\\/logo\\\/image\\\/\",\"url\":\"https:\\\/\\\/suelosport.com\\\/wp-content\\\/uploads\\\/2018\\\/03\\\/logo-suelosport.png\",\"contentUrl\":\"https:\\\/\\\/suelosport.com\\\/wp-content\\\/uploads\\\/2018\\\/03\\\/logo-suelosport.png\",\"width\":300,\"height\":67,\"caption\":\"Suelosport\"},\"image\":{\"@id\":\"https:\\\/\\\/suelosport.com\\\/pt-pt\\\/#\\\/schema\\\/logo\\\/image\\\/\"},\"sameAs\":[\"https:\\\/\\\/www.facebook.com\\\/Suelosport-2042694182686080\\\/\",\"https:\\\/\\\/www.linkedin.com\\\/company\\\/suelosport\\\/\",\"https:\\\/\\\/www.youtube.com\\\/channel\\\/UC1eoryUxD4Fw7f1m5wx_vFg?view_as=subscriber\"]}]}<\/script>\n<!-- \/ Yoast SEO plugin. -->","yoast_head_json":{"title":"Set de Discos Ol\u00edmpicos Bumper Color FIURI | Suelosport - Suelos Deportivos","robots":{"index":"index","follow":"follow","max-snippet":"max-snippet:-1","max-image-preview":"max-image-preview:large","max-video-preview":"max-video-preview:-1"},"canonical":"https:\/\/suelosport.com\/pt-pt\/producto\/set-de-discos-olimpicos-bumper-color-fiuri-5-a-25-kg\/","og_locale":"pt_PT","og_type":"article","og_title":"Set de Discos Ol\u00edmpicos Bumper Color FIURI | Suelosport - Suelos Deportivos","og_description":"Set de pares de Disco Ol\u00edmpicos Bumper Color FIURI   De 0,5 a 25 kg  De 5 a 25 kg  Ver pesos de cada set en \"DESCRIPCI\u00d3N\"","og_url":"https:\/\/suelosport.com\/pt-pt\/producto\/set-de-discos-olimpicos-bumper-color-fiuri-5-a-25-kg\/","og_site_name":"Suelosport - Suelos Deportivos","article_publisher":"https:\/\/www.facebook.com\/Suelosport-2042694182686080\/","article_modified_time":"2026-01-22T11:03:16+00:00","og_image":[{"width":1000,"height":1200,"url":"https:\/\/suelosport.com\/wp-content\/uploads\/2023\/05\/Set_de_Discos_bumper_colores_FIURI.jpg","type":"image\/jpeg"}],"twitter_card":"summary_large_image","twitter_misc":{"Tempo estimado de leitura":"1 minuto"},"schema":{"@context":"https:\/\/schema.org","@graph":[{"@type":["WebPage","ItemPage"],"@id":"https:\/\/suelosport.com\/pt-pt\/producto\/set-de-discos-olimpicos-bumper-color-fiuri-5-a-25-kg\/","url":"https:\/\/suelosport.com\/pt-pt\/producto\/set-de-discos-olimpicos-bumper-color-fiuri-5-a-25-kg\/","name":"Set de Discos Ol\u00edmpicos Bumper Color FIURI | Suelosport - Suelos Deportivos","isPartOf":{"@id":"https:\/\/suelosport.com\/pt-pt\/#website"},"primaryImageOfPage":{"@id":"https:\/\/suelosport.com\/pt-pt\/producto\/set-de-discos-olimpicos-bumper-color-fiuri-5-a-25-kg\/#primaryimage"},"image":{"@id":"https:\/\/suelosport.com\/pt-pt\/producto\/set-de-discos-olimpicos-bumper-color-fiuri-5-a-25-kg\/#primaryimage"},"thumbnailUrl":"https:\/\/suelosport.com\/wp-content\/uploads\/2023\/05\/Set_de_Discos_bumper_colores_FIURI.jpg","datePublished":"2023-05-23T13:15:30+00:00","dateModified":"2026-01-22T11:03:16+00:00","breadcrumb":{"@id":"https:\/\/suelosport.com\/pt-pt\/producto\/set-de-discos-olimpicos-bumper-color-fiuri-5-a-25-kg\/#breadcrumb"},"inLanguage":"pt-PT","potentialAction":[{"@type":"ReadAction","target":["https:\/\/suelosport.com\/pt-pt\/producto\/set-de-discos-olimpicos-bumper-color-fiuri-5-a-25-kg\/"]}]},{"@type":"ImageObject","inLanguage":"pt-PT","@id":"https:\/\/suelosport.com\/pt-pt\/producto\/set-de-discos-olimpicos-bumper-color-fiuri-5-a-25-kg\/#primaryimage","url":"https:\/\/suelosport.com\/wp-content\/uploads\/2023\/05\/Set_de_Discos_bumper_colores_FIURI.jpg","contentUrl":"https:\/\/suelosport.com\/wp-content\/uploads\/2023\/05\/Set_de_Discos_bumper_colores_FIURI.jpg","width":1000,"height":1200,"caption":"Set de Discos bumper colores FIURI de 5 a 25 kg"},{"@type":"BreadcrumbList","@id":"https:\/\/suelosport.com\/pt-pt\/producto\/set-de-discos-olimpicos-bumper-color-fiuri-5-a-25-kg\/#breadcrumb","itemListElement":[{"@type":"ListItem","position":1,"name":"Portada","item":"https:\/\/suelosport.com\/pt-pt\/"},{"@type":"ListItem","position":2,"name":"Tienda","item":"https:\/\/suelosport.com\/tienda\/"},{"@type":"ListItem","position":3,"name":"Set de Discos Ol\u00edmpicos Bumper Color FIURI"}]},{"@type":"WebSite","@id":"https:\/\/suelosport.com\/pt-pt\/#website","url":"https:\/\/suelosport.com\/pt-pt\/","name":"Suelosport - Suelos Deportivos","description":"Suelos para gimnasios, suelos de goma, losetas y suelos antideslizantes","publisher":{"@id":"https:\/\/suelosport.com\/pt-pt\/#organization"},"potentialAction":[{"@type":"SearchAction","target":{"@type":"EntryPoint","urlTemplate":"https:\/\/suelosport.com\/pt-pt\/?s={search_term_string}"},"query-input":{"@type":"PropertyValueSpecification","valueRequired":true,"valueName":"search_term_string"}}],"inLanguage":"pt-PT"},{"@type":"Organization","@id":"https:\/\/suelosport.com\/pt-pt\/#organization","name":"Suelosport","url":"https:\/\/suelosport.com\/pt-pt\/","logo":{"@type":"ImageObject","inLanguage":"pt-PT","@id":"https:\/\/suelosport.com\/pt-pt\/#\/schema\/logo\/image\/","url":"https:\/\/suelosport.com\/wp-content\/uploads\/2018\/03\/logo-suelosport.png","contentUrl":"https:\/\/suelosport.com\/wp-content\/uploads\/2018\/03\/logo-suelosport.png","width":300,"height":67,"caption":"Suelosport"},"image":{"@id":"https:\/\/suelosport.com\/pt-pt\/#\/schema\/logo\/image\/"},"sameAs":["https:\/\/www.facebook.com\/Suelosport-2042694182686080\/","https:\/\/www.linkedin.com\/company\/suelosport\/","https:\/\/www.youtube.com\/channel\/UC1eoryUxD4Fw7f1m5wx_vFg?view_as=subscriber"]}]}},"_links":{"self":[{"href":"https:\/\/suelosport.com\/pt-pt\/wp-json\/wp\/v2\/product\/54276","targetHints":{"allow":["GET"]}}],"collection":[{"href":"https:\/\/suelosport.com\/pt-pt\/wp-json\/wp\/v2\/product"}],"about":[{"href":"https:\/\/suelosport.com\/pt-pt\/wp-json\/wp\/v2\/types\/product"}],"replies":[{"embeddable":true,"href":"https:\/\/suelosport.com\/pt-pt\/wp-json\/wp\/v2\/comments?post=54276"}],"wp:featuredmedia":[{"embeddable":true,"href":"https:\/\/suelosport.com\/pt-pt\/wp-json\/wp\/v2\/media\/54373"}],"wp:attachment":[{"href":"https:\/\/suelosport.com\/pt-pt\/wp-json\/wp\/v2\/media?parent=54276"}],"wp:term":[{"taxonomy":"product_brand","embeddable":true,"href":"https:\/\/suelosport.com\/pt-pt\/wp-json\/wp\/v2\/product_brand?post=54276"},{"taxonomy":"product_cat","embeddable":true,"href":"https:\/\/suelosport.com\/pt-pt\/wp-json\/wp\/v2\/product_cat?post=54276"},{"taxonomy":"product_tag","embeddable":true,"href":"https:\/\/suelosport.com\/pt-pt\/wp-json\/wp\/v2\/product_tag?post=54276"}],"curies":[{"name":"wp","href":"https:\/\/api.w.org\/{rel}","templated":true}]}}