{"id":53359,"date":"2023-03-30T14:26:04","date_gmt":"2023-03-30T13:26:04","guid":{"rendered":"https:\/\/suelosport.com\/?post_type=product&#038;p=53359"},"modified":"2026-01-22T11:25:51","modified_gmt":"2026-01-22T10:25:51","slug":"kit-bandas-elasticas-power-band","status":"publish","type":"product","link":"https:\/\/suelosport.com\/pt-pt\/producto\/kit-bandas-elasticas-power-band\/","title":{"rendered":"Kit Bandas el\u00e1sticas Power Band"},"content":{"rendered":"<p>La banda el\u00e1stica Power Band\u00a0 es una herramienta esencial para aquellos que buscan un entrenamiento de fuerza desafiante. Esta banda el\u00e1stica es ideal para aquellos que desean alcanzar metas de acondicionamiento f\u00edsico y mejorar su rendimiento en deportes y actividades f\u00edsicas. Su material de alta calidad y durabilidad asegura un entrenamiento seguro y efectivo, permitiendo a los usuarios alcanzar sus objetivos de forma r\u00e1pida y efectiva. Las bandas el\u00e1sticas son perfectas para realizar estiramientos y calentamientos antes de comenzar con el entrenamiento. Imprescindible en cualquier centro de entrenamiento.<\/p>\n<ul>\n<li>Banda el\u00e1stica color amarillo resistencia: 2 a 7 kg<\/li>\n<li>Banda el\u00e1stica color rojo resistencia: 7 a 16 kg<\/li>\n<li>Banda el\u00e1stica color negro resistencia: 9 a 29 kg<\/li>\n<li>Banda el\u00e1stica color morado resistencia: 16 a 38 kg<\/li>\n<li>Banda el\u00e1stica color verde resistencia: 23 a 57 kg<\/li>\n<li>Banda el\u00e1stica color azul resistencia: 29 a 79 kg<\/li>\n<li>Fabricado de latex 100% natural<\/li>\n<\/ul>\n","protected":false},"excerpt":{"rendered":"<p>Kit bandas el\u00e1sticas power band para aumentar la resistencia en tu entrenamiento.<\/p>\n<ul>\n<li>El kit incluye una banda de cada resistencia<\/li>\n<\/ul>\n","protected":false},"featured_media":53463,"comment_status":"open","ping_status":"closed","template":"","meta":{"inline_featured_image":false},"product_brand":[],"product_cat":[1800,1813],"product_tag":[],"class_list":{"0":"post-53359","1":"product","2":"type-product","3":"status-publish","4":"has-post-thumbnail","6":"product_cat-material-fitness","7":"product_cat-fitness","8":"product_shipping_class-todosmenossuelos","10":"first","11":"instock","12":"sale","13":"taxable","14":"shipping-taxable","15":"purchasable","16":"product-type-simple"},"yoast_head":"<!-- This site is optimized with the Yoast SEO plugin v27.4 - https:\/\/yoast.com\/product\/yoast-seo-wordpress\/ -->\n<title>Kit Bandas el\u00e1sticas Power Band | Suelosport - Suelos Deportivos<\/title>\n<meta name=\"robots\" content=\"index, follow, max-snippet:-1, max-image-preview:large, max-video-preview:-1\" \/>\n<link rel=\"canonical\" href=\"https:\/\/suelosport.com\/pt-pt\/producto\/kit-bandas-elasticas-power-band\/\" \/>\n<meta property=\"og:locale\" content=\"pt_PT\" \/>\n<meta property=\"og:type\" content=\"article\" \/>\n<meta property=\"og:title\" content=\"Kit Bandas el\u00e1sticas Power Band | Suelosport - Suelos Deportivos\" \/>\n<meta property=\"og:description\" content=\"Kit bandas el\u00e1sticas power band para aumentar la resistencia en tu entrenamiento.   El kit incluye una banda de cada resistencia\" \/>\n<meta property=\"og:url\" content=\"https:\/\/suelosport.com\/pt-pt\/producto\/kit-bandas-elasticas-power-band\/\" \/>\n<meta property=\"og:site_name\" content=\"Suelosport - Suelos Deportivos\" \/>\n<meta property=\"article:publisher\" content=\"https:\/\/www.facebook.com\/Suelosport-2042694182686080\/\" \/>\n<meta property=\"article:modified_time\" content=\"2026-01-22T10:25:51+00:00\" \/>\n<meta property=\"og:image\" content=\"https:\/\/suelosport.com\/wp-content\/uploads\/2023\/03\/Banda_elastica_Power_Band_resistencia_set-2.jpg\" \/>\n\t<meta property=\"og:image:width\" content=\"800\" \/>\n\t<meta property=\"og:image:height\" content=\"960\" \/>\n\t<meta property=\"og:image:type\" content=\"image\/jpeg\" \/>\n<meta name=\"twitter:card\" content=\"summary_large_image\" \/>\n<meta name=\"twitter:label1\" content=\"Tempo estimado de leitura\" \/>\n\t<meta name=\"twitter:data1\" content=\"1 minuto\" \/>\n<script type=\"application\/ld+json\" class=\"yoast-schema-graph\">{\"@context\":\"https:\\\/\\\/schema.org\",\"@graph\":[{\"@type\":[\"WebPage\",\"ItemPage\"],\"@id\":\"https:\\\/\\\/suelosport.com\\\/pt-pt\\\/producto\\\/kit-bandas-elasticas-power-band\\\/\",\"url\":\"https:\\\/\\\/suelosport.com\\\/pt-pt\\\/producto\\\/kit-bandas-elasticas-power-band\\\/\",\"name\":\"Kit Bandas el\u00e1sticas Power Band | Suelosport - Suelos Deportivos\",\"isPartOf\":{\"@id\":\"https:\\\/\\\/suelosport.com\\\/pt-pt\\\/#website\"},\"primaryImageOfPage\":{\"@id\":\"https:\\\/\\\/suelosport.com\\\/pt-pt\\\/producto\\\/kit-bandas-elasticas-power-band\\\/#primaryimage\"},\"image\":{\"@id\":\"https:\\\/\\\/suelosport.com\\\/pt-pt\\\/producto\\\/kit-bandas-elasticas-power-band\\\/#primaryimage\"},\"thumbnailUrl\":\"https:\\\/\\\/suelosport.com\\\/wp-content\\\/uploads\\\/2023\\\/03\\\/Banda_elastica_Power_Band_resistencia_set-2.jpg\",\"datePublished\":\"2023-03-30T13:26:04+00:00\",\"dateModified\":\"2026-01-22T10:25:51+00:00\",\"breadcrumb\":{\"@id\":\"https:\\\/\\\/suelosport.com\\\/pt-pt\\\/producto\\\/kit-bandas-elasticas-power-band\\\/#breadcrumb\"},\"inLanguage\":\"pt-PT\",\"potentialAction\":[{\"@type\":\"ReadAction\",\"target\":[\"https:\\\/\\\/suelosport.com\\\/pt-pt\\\/producto\\\/kit-bandas-elasticas-power-band\\\/\"]}]},{\"@type\":\"ImageObject\",\"inLanguage\":\"pt-PT\",\"@id\":\"https:\\\/\\\/suelosport.com\\\/pt-pt\\\/producto\\\/kit-bandas-elasticas-power-band\\\/#primaryimage\",\"url\":\"https:\\\/\\\/suelosport.com\\\/wp-content\\\/uploads\\\/2023\\\/03\\\/Banda_elastica_Power_Band_resistencia_set-2.jpg\",\"contentUrl\":\"https:\\\/\\\/suelosport.com\\\/wp-content\\\/uploads\\\/2023\\\/03\\\/Banda_elastica_Power_Band_resistencia_set-2.jpg\",\"width\":800,\"height\":960,\"caption\":\"Banda el\u00e1stica\"},{\"@type\":\"BreadcrumbList\",\"@id\":\"https:\\\/\\\/suelosport.com\\\/pt-pt\\\/producto\\\/kit-bandas-elasticas-power-band\\\/#breadcrumb\",\"itemListElement\":[{\"@type\":\"ListItem\",\"position\":1,\"name\":\"Portada\",\"item\":\"https:\\\/\\\/suelosport.com\\\/pt-pt\\\/\"},{\"@type\":\"ListItem\",\"position\":2,\"name\":\"Tienda\",\"item\":\"https:\\\/\\\/suelosport.com\\\/tienda\\\/\"},{\"@type\":\"ListItem\",\"position\":3,\"name\":\"Kit Bandas el\u00e1sticas Power Band\"}]},{\"@type\":\"WebSite\",\"@id\":\"https:\\\/\\\/suelosport.com\\\/pt-pt\\\/#website\",\"url\":\"https:\\\/\\\/suelosport.com\\\/pt-pt\\\/\",\"name\":\"Suelosport - Suelos Deportivos\",\"description\":\"Suelos para gimnasios, suelos de goma, losetas y suelos antideslizantes\",\"publisher\":{\"@id\":\"https:\\\/\\\/suelosport.com\\\/pt-pt\\\/#organization\"},\"potentialAction\":[{\"@type\":\"SearchAction\",\"target\":{\"@type\":\"EntryPoint\",\"urlTemplate\":\"https:\\\/\\\/suelosport.com\\\/pt-pt\\\/?s={search_term_string}\"},\"query-input\":{\"@type\":\"PropertyValueSpecification\",\"valueRequired\":true,\"valueName\":\"search_term_string\"}}],\"inLanguage\":\"pt-PT\"},{\"@type\":\"Organization\",\"@id\":\"https:\\\/\\\/suelosport.com\\\/pt-pt\\\/#organization\",\"name\":\"Suelosport\",\"url\":\"https:\\\/\\\/suelosport.com\\\/pt-pt\\\/\",\"logo\":{\"@type\":\"ImageObject\",\"inLanguage\":\"pt-PT\",\"@id\":\"https:\\\/\\\/suelosport.com\\\/pt-pt\\\/#\\\/schema\\\/logo\\\/image\\\/\",\"url\":\"https:\\\/\\\/suelosport.com\\\/wp-content\\\/uploads\\\/2018\\\/03\\\/logo-suelosport.png\",\"contentUrl\":\"https:\\\/\\\/suelosport.com\\\/wp-content\\\/uploads\\\/2018\\\/03\\\/logo-suelosport.png\",\"width\":300,\"height\":67,\"caption\":\"Suelosport\"},\"image\":{\"@id\":\"https:\\\/\\\/suelosport.com\\\/pt-pt\\\/#\\\/schema\\\/logo\\\/image\\\/\"},\"sameAs\":[\"https:\\\/\\\/www.facebook.com\\\/Suelosport-2042694182686080\\\/\",\"https:\\\/\\\/www.linkedin.com\\\/company\\\/suelosport\\\/\",\"https:\\\/\\\/www.youtube.com\\\/channel\\\/UC1eoryUxD4Fw7f1m5wx_vFg?view_as=subscriber\"]}]}<\/script>\n<!-- \/ Yoast SEO plugin. -->","yoast_head_json":{"title":"Kit Bandas el\u00e1sticas Power Band | Suelosport - Suelos Deportivos","robots":{"index":"index","follow":"follow","max-snippet":"max-snippet:-1","max-image-preview":"max-image-preview:large","max-video-preview":"max-video-preview:-1"},"canonical":"https:\/\/suelosport.com\/pt-pt\/producto\/kit-bandas-elasticas-power-band\/","og_locale":"pt_PT","og_type":"article","og_title":"Kit Bandas el\u00e1sticas Power Band | Suelosport - Suelos Deportivos","og_description":"Kit bandas el\u00e1sticas power band para aumentar la resistencia en tu entrenamiento.   El kit incluye una banda de cada resistencia","og_url":"https:\/\/suelosport.com\/pt-pt\/producto\/kit-bandas-elasticas-power-band\/","og_site_name":"Suelosport - Suelos Deportivos","article_publisher":"https:\/\/www.facebook.com\/Suelosport-2042694182686080\/","article_modified_time":"2026-01-22T10:25:51+00:00","og_image":[{"width":800,"height":960,"url":"https:\/\/suelosport.com\/wp-content\/uploads\/2023\/03\/Banda_elastica_Power_Band_resistencia_set-2.jpg","type":"image\/jpeg"}],"twitter_card":"summary_large_image","twitter_misc":{"Tempo estimado de leitura":"1 minuto"},"schema":{"@context":"https:\/\/schema.org","@graph":[{"@type":["WebPage","ItemPage"],"@id":"https:\/\/suelosport.com\/pt-pt\/producto\/kit-bandas-elasticas-power-band\/","url":"https:\/\/suelosport.com\/pt-pt\/producto\/kit-bandas-elasticas-power-band\/","name":"Kit Bandas el\u00e1sticas Power Band | Suelosport - Suelos Deportivos","isPartOf":{"@id":"https:\/\/suelosport.com\/pt-pt\/#website"},"primaryImageOfPage":{"@id":"https:\/\/suelosport.com\/pt-pt\/producto\/kit-bandas-elasticas-power-band\/#primaryimage"},"image":{"@id":"https:\/\/suelosport.com\/pt-pt\/producto\/kit-bandas-elasticas-power-band\/#primaryimage"},"thumbnailUrl":"https:\/\/suelosport.com\/wp-content\/uploads\/2023\/03\/Banda_elastica_Power_Band_resistencia_set-2.jpg","datePublished":"2023-03-30T13:26:04+00:00","dateModified":"2026-01-22T10:25:51+00:00","breadcrumb":{"@id":"https:\/\/suelosport.com\/pt-pt\/producto\/kit-bandas-elasticas-power-band\/#breadcrumb"},"inLanguage":"pt-PT","potentialAction":[{"@type":"ReadAction","target":["https:\/\/suelosport.com\/pt-pt\/producto\/kit-bandas-elasticas-power-band\/"]}]},{"@type":"ImageObject","inLanguage":"pt-PT","@id":"https:\/\/suelosport.com\/pt-pt\/producto\/kit-bandas-elasticas-power-band\/#primaryimage","url":"https:\/\/suelosport.com\/wp-content\/uploads\/2023\/03\/Banda_elastica_Power_Band_resistencia_set-2.jpg","contentUrl":"https:\/\/suelosport.com\/wp-content\/uploads\/2023\/03\/Banda_elastica_Power_Band_resistencia_set-2.jpg","width":800,"height":960,"caption":"Banda el\u00e1stica"},{"@type":"BreadcrumbList","@id":"https:\/\/suelosport.com\/pt-pt\/producto\/kit-bandas-elasticas-power-band\/#breadcrumb","itemListElement":[{"@type":"ListItem","position":1,"name":"Portada","item":"https:\/\/suelosport.com\/pt-pt\/"},{"@type":"ListItem","position":2,"name":"Tienda","item":"https:\/\/suelosport.com\/tienda\/"},{"@type":"ListItem","position":3,"name":"Kit Bandas el\u00e1sticas Power Band"}]},{"@type":"WebSite","@id":"https:\/\/suelosport.com\/pt-pt\/#website","url":"https:\/\/suelosport.com\/pt-pt\/","name":"Suelosport - Suelos Deportivos","description":"Suelos para gimnasios, suelos de goma, losetas y suelos antideslizantes","publisher":{"@id":"https:\/\/suelosport.com\/pt-pt\/#organization"},"potentialAction":[{"@type":"SearchAction","target":{"@type":"EntryPoint","urlTemplate":"https:\/\/suelosport.com\/pt-pt\/?s={search_term_string}"},"query-input":{"@type":"PropertyValueSpecification","valueRequired":true,"valueName":"search_term_string"}}],"inLanguage":"pt-PT"},{"@type":"Organization","@id":"https:\/\/suelosport.com\/pt-pt\/#organization","name":"Suelosport","url":"https:\/\/suelosport.com\/pt-pt\/","logo":{"@type":"ImageObject","inLanguage":"pt-PT","@id":"https:\/\/suelosport.com\/pt-pt\/#\/schema\/logo\/image\/","url":"https:\/\/suelosport.com\/wp-content\/uploads\/2018\/03\/logo-suelosport.png","contentUrl":"https:\/\/suelosport.com\/wp-content\/uploads\/2018\/03\/logo-suelosport.png","width":300,"height":67,"caption":"Suelosport"},"image":{"@id":"https:\/\/suelosport.com\/pt-pt\/#\/schema\/logo\/image\/"},"sameAs":["https:\/\/www.facebook.com\/Suelosport-2042694182686080\/","https:\/\/www.linkedin.com\/company\/suelosport\/","https:\/\/www.youtube.com\/channel\/UC1eoryUxD4Fw7f1m5wx_vFg?view_as=subscriber"]}]}},"_links":{"self":[{"href":"https:\/\/suelosport.com\/pt-pt\/wp-json\/wp\/v2\/product\/53359","targetHints":{"allow":["GET"]}}],"collection":[{"href":"https:\/\/suelosport.com\/pt-pt\/wp-json\/wp\/v2\/product"}],"about":[{"href":"https:\/\/suelosport.com\/pt-pt\/wp-json\/wp\/v2\/types\/product"}],"replies":[{"embeddable":true,"href":"https:\/\/suelosport.com\/pt-pt\/wp-json\/wp\/v2\/comments?post=53359"}],"wp:featuredmedia":[{"embeddable":true,"href":"https:\/\/suelosport.com\/pt-pt\/wp-json\/wp\/v2\/media\/53463"}],"wp:attachment":[{"href":"https:\/\/suelosport.com\/pt-pt\/wp-json\/wp\/v2\/media?parent=53359"}],"wp:term":[{"taxonomy":"product_brand","embeddable":true,"href":"https:\/\/suelosport.com\/pt-pt\/wp-json\/wp\/v2\/product_brand?post=53359"},{"taxonomy":"product_cat","embeddable":true,"href":"https:\/\/suelosport.com\/pt-pt\/wp-json\/wp\/v2\/product_cat?post=53359"},{"taxonomy":"product_tag","embeddable":true,"href":"https:\/\/suelosport.com\/pt-pt\/wp-json\/wp\/v2\/product_tag?post=53359"}],"curies":[{"name":"wp","href":"https:\/\/api.w.org\/{rel}","templated":true}]}}