{"id":53261,"date":"2023-03-08T12:04:01","date_gmt":"2023-03-08T11:04:01","guid":{"rendered":"https:\/\/suelosport.com\/producto\/set-mini-banda-elastica\/"},"modified":"2026-01-22T11:25:12","modified_gmt":"2026-01-22T10:25:12","slug":"set-mini-banda-elastica","status":"publish","type":"product","link":"https:\/\/suelosport.com\/pt-pt\/producto\/set-mini-banda-elastica\/","title":{"rendered":"Set mini bandas el\u00e1sticas"},"content":{"rendered":"<p>Con el set de mini bandas el\u00e1sticas, podr\u00e1s realizar tus estiramientos con menor o mayor intensidad, dependiendo de la resistencia que escojas. Adem\u00e1s de estiramientos, podr\u00e1s realizar ejercicios b\u00e1sicos de fitness en los que trabajar tanto el tren superior como el inferior.<\/p>\n<p>Ayudan a activar el n\u00facleo.<\/p>\n<p>Entrena en cualquier lugar con este set de 4 bandas de diferentes resistencias, f\u00e1ciles de transportar.<\/p>\n<ul>\n<li><strong>Material<\/strong>: Caucho natural.<\/li>\n<li><strong>Colores:\u00a0<\/strong>Verde | Azul | Amarillo | Rojo.<\/li>\n<li><strong>Resistencias: <\/strong>Ligera | Media | Pesada | Extra pesada.<\/li>\n<li><strong>Medidas: <\/strong>50 x 600 mm.<\/li>\n<li><strong>Incluye:\u00a0<\/strong>Manual de ejercicios.<\/li>\n<\/ul>\n","protected":false},"excerpt":{"rendered":"<p>Las mini bandas el\u00e1sticas son perfectas para estiramientos y entrenamientos fitness.<\/p>\n<ul>\n<li>Set incluye 4 bandas de diferentes resistencias<\/li>\n<\/ul>\n","protected":false},"featured_media":53262,"comment_status":"open","ping_status":"closed","template":"","meta":{"inline_featured_image":false},"product_brand":[],"product_cat":[1800,1813],"product_tag":[179,513,717,1849],"class_list":{"0":"post-53261","1":"product","2":"type-product","3":"status-publish","4":"has-post-thumbnail","6":"product_cat-material-fitness","7":"product_cat-fitness","8":"product_tag-fitness","9":"product_tag-musculacion","10":"product_tag-estiramiento","11":"product_tag-mini-banda","12":"product_shipping_class-todosmenossuelos","14":"first","15":"instock","16":"sale","17":"taxable","18":"shipping-taxable","19":"purchasable","20":"product-type-simple"},"yoast_head":"<!-- This site is optimized with the Yoast SEO plugin v27.4 - https:\/\/yoast.com\/product\/yoast-seo-wordpress\/ -->\n<title>Set mini bandas el\u00e1sticas | Suelosport - Suelos Deportivos<\/title>\n<meta name=\"robots\" content=\"index, follow, max-snippet:-1, max-image-preview:large, max-video-preview:-1\" \/>\n<link rel=\"canonical\" href=\"https:\/\/suelosport.com\/pt-pt\/producto\/set-mini-banda-elastica\/\" \/>\n<meta property=\"og:locale\" content=\"pt_PT\" \/>\n<meta property=\"og:type\" content=\"article\" \/>\n<meta property=\"og:title\" content=\"Set mini bandas el\u00e1sticas | Suelosport - Suelos Deportivos\" \/>\n<meta property=\"og:description\" content=\"Las mini bandas el\u00e1sticas son perfectas para estiramientos y entrenamientos fitness.   Set incluye 4 bandas de diferentes resistencias\" \/>\n<meta property=\"og:url\" content=\"https:\/\/suelosport.com\/pt-pt\/producto\/set-mini-banda-elastica\/\" \/>\n<meta property=\"og:site_name\" content=\"Suelosport - Suelos Deportivos\" \/>\n<meta property=\"article:publisher\" content=\"https:\/\/www.facebook.com\/Suelosport-2042694182686080\/\" \/>\n<meta property=\"article:modified_time\" content=\"2026-01-22T10:25:12+00:00\" \/>\n<meta property=\"og:image\" content=\"https:\/\/suelosport.com\/wp-content\/uploads\/2023\/03\/Bandas_elasticas-e1723111856819.jpg\" \/>\n\t<meta property=\"og:image:width\" content=\"1256\" \/>\n\t<meta property=\"og:image:height\" content=\"1256\" \/>\n\t<meta property=\"og:image:type\" content=\"image\/jpeg\" \/>\n<meta name=\"twitter:card\" content=\"summary_large_image\" \/>\n<meta name=\"twitter:label1\" content=\"Tempo estimado de leitura\" \/>\n\t<meta name=\"twitter:data1\" content=\"1 minuto\" \/>\n<script type=\"application\/ld+json\" class=\"yoast-schema-graph\">{\"@context\":\"https:\\\/\\\/schema.org\",\"@graph\":[{\"@type\":[\"WebPage\",\"ItemPage\"],\"@id\":\"https:\\\/\\\/suelosport.com\\\/pt-pt\\\/producto\\\/set-mini-banda-elastica\\\/\",\"url\":\"https:\\\/\\\/suelosport.com\\\/pt-pt\\\/producto\\\/set-mini-banda-elastica\\\/\",\"name\":\"Set mini bandas el\u00e1sticas | Suelosport - Suelos Deportivos\",\"isPartOf\":{\"@id\":\"https:\\\/\\\/suelosport.com\\\/pt-pt\\\/#website\"},\"primaryImageOfPage\":{\"@id\":\"https:\\\/\\\/suelosport.com\\\/pt-pt\\\/producto\\\/set-mini-banda-elastica\\\/#primaryimage\"},\"image\":{\"@id\":\"https:\\\/\\\/suelosport.com\\\/pt-pt\\\/producto\\\/set-mini-banda-elastica\\\/#primaryimage\"},\"thumbnailUrl\":\"https:\\\/\\\/suelosport.com\\\/wp-content\\\/uploads\\\/2023\\\/03\\\/Bandas_elasticas-e1723111856819.jpg\",\"datePublished\":\"2023-03-08T11:04:01+00:00\",\"dateModified\":\"2026-01-22T10:25:12+00:00\",\"breadcrumb\":{\"@id\":\"https:\\\/\\\/suelosport.com\\\/pt-pt\\\/producto\\\/set-mini-banda-elastica\\\/#breadcrumb\"},\"inLanguage\":\"pt-PT\",\"potentialAction\":[{\"@type\":\"ReadAction\",\"target\":[\"https:\\\/\\\/suelosport.com\\\/pt-pt\\\/producto\\\/set-mini-banda-elastica\\\/\"]}]},{\"@type\":\"ImageObject\",\"inLanguage\":\"pt-PT\",\"@id\":\"https:\\\/\\\/suelosport.com\\\/pt-pt\\\/producto\\\/set-mini-banda-elastica\\\/#primaryimage\",\"url\":\"https:\\\/\\\/suelosport.com\\\/wp-content\\\/uploads\\\/2023\\\/03\\\/Bandas_elasticas-e1723111856819.jpg\",\"contentUrl\":\"https:\\\/\\\/suelosport.com\\\/wp-content\\\/uploads\\\/2023\\\/03\\\/Bandas_elasticas-e1723111856819.jpg\",\"width\":1256,\"height\":1256,\"caption\":\"Mini banda\"},{\"@type\":\"BreadcrumbList\",\"@id\":\"https:\\\/\\\/suelosport.com\\\/pt-pt\\\/producto\\\/set-mini-banda-elastica\\\/#breadcrumb\",\"itemListElement\":[{\"@type\":\"ListItem\",\"position\":1,\"name\":\"Portada\",\"item\":\"https:\\\/\\\/suelosport.com\\\/pt-pt\\\/\"},{\"@type\":\"ListItem\",\"position\":2,\"name\":\"Tienda\",\"item\":\"https:\\\/\\\/suelosport.com\\\/tienda\\\/\"},{\"@type\":\"ListItem\",\"position\":3,\"name\":\"Set mini bandas el\u00e1sticas\"}]},{\"@type\":\"WebSite\",\"@id\":\"https:\\\/\\\/suelosport.com\\\/pt-pt\\\/#website\",\"url\":\"https:\\\/\\\/suelosport.com\\\/pt-pt\\\/\",\"name\":\"Suelosport - Suelos Deportivos\",\"description\":\"Suelos para gimnasios, suelos de goma, losetas y suelos antideslizantes\",\"publisher\":{\"@id\":\"https:\\\/\\\/suelosport.com\\\/pt-pt\\\/#organization\"},\"potentialAction\":[{\"@type\":\"SearchAction\",\"target\":{\"@type\":\"EntryPoint\",\"urlTemplate\":\"https:\\\/\\\/suelosport.com\\\/pt-pt\\\/?s={search_term_string}\"},\"query-input\":{\"@type\":\"PropertyValueSpecification\",\"valueRequired\":true,\"valueName\":\"search_term_string\"}}],\"inLanguage\":\"pt-PT\"},{\"@type\":\"Organization\",\"@id\":\"https:\\\/\\\/suelosport.com\\\/pt-pt\\\/#organization\",\"name\":\"Suelosport\",\"url\":\"https:\\\/\\\/suelosport.com\\\/pt-pt\\\/\",\"logo\":{\"@type\":\"ImageObject\",\"inLanguage\":\"pt-PT\",\"@id\":\"https:\\\/\\\/suelosport.com\\\/pt-pt\\\/#\\\/schema\\\/logo\\\/image\\\/\",\"url\":\"https:\\\/\\\/suelosport.com\\\/wp-content\\\/uploads\\\/2018\\\/03\\\/logo-suelosport.png\",\"contentUrl\":\"https:\\\/\\\/suelosport.com\\\/wp-content\\\/uploads\\\/2018\\\/03\\\/logo-suelosport.png\",\"width\":300,\"height\":67,\"caption\":\"Suelosport\"},\"image\":{\"@id\":\"https:\\\/\\\/suelosport.com\\\/pt-pt\\\/#\\\/schema\\\/logo\\\/image\\\/\"},\"sameAs\":[\"https:\\\/\\\/www.facebook.com\\\/Suelosport-2042694182686080\\\/\",\"https:\\\/\\\/www.linkedin.com\\\/company\\\/suelosport\\\/\",\"https:\\\/\\\/www.youtube.com\\\/channel\\\/UC1eoryUxD4Fw7f1m5wx_vFg?view_as=subscriber\"]}]}<\/script>\n<!-- \/ Yoast SEO plugin. -->","yoast_head_json":{"title":"Set mini bandas el\u00e1sticas | Suelosport - Suelos Deportivos","robots":{"index":"index","follow":"follow","max-snippet":"max-snippet:-1","max-image-preview":"max-image-preview:large","max-video-preview":"max-video-preview:-1"},"canonical":"https:\/\/suelosport.com\/pt-pt\/producto\/set-mini-banda-elastica\/","og_locale":"pt_PT","og_type":"article","og_title":"Set mini bandas el\u00e1sticas | Suelosport - Suelos Deportivos","og_description":"Las mini bandas el\u00e1sticas son perfectas para estiramientos y entrenamientos fitness.   Set incluye 4 bandas de diferentes resistencias","og_url":"https:\/\/suelosport.com\/pt-pt\/producto\/set-mini-banda-elastica\/","og_site_name":"Suelosport - Suelos Deportivos","article_publisher":"https:\/\/www.facebook.com\/Suelosport-2042694182686080\/","article_modified_time":"2026-01-22T10:25:12+00:00","og_image":[{"width":1256,"height":1256,"url":"https:\/\/suelosport.com\/wp-content\/uploads\/2023\/03\/Bandas_elasticas-e1723111856819.jpg","type":"image\/jpeg"}],"twitter_card":"summary_large_image","twitter_misc":{"Tempo estimado de leitura":"1 minuto"},"schema":{"@context":"https:\/\/schema.org","@graph":[{"@type":["WebPage","ItemPage"],"@id":"https:\/\/suelosport.com\/pt-pt\/producto\/set-mini-banda-elastica\/","url":"https:\/\/suelosport.com\/pt-pt\/producto\/set-mini-banda-elastica\/","name":"Set mini bandas el\u00e1sticas | Suelosport - Suelos Deportivos","isPartOf":{"@id":"https:\/\/suelosport.com\/pt-pt\/#website"},"primaryImageOfPage":{"@id":"https:\/\/suelosport.com\/pt-pt\/producto\/set-mini-banda-elastica\/#primaryimage"},"image":{"@id":"https:\/\/suelosport.com\/pt-pt\/producto\/set-mini-banda-elastica\/#primaryimage"},"thumbnailUrl":"https:\/\/suelosport.com\/wp-content\/uploads\/2023\/03\/Bandas_elasticas-e1723111856819.jpg","datePublished":"2023-03-08T11:04:01+00:00","dateModified":"2026-01-22T10:25:12+00:00","breadcrumb":{"@id":"https:\/\/suelosport.com\/pt-pt\/producto\/set-mini-banda-elastica\/#breadcrumb"},"inLanguage":"pt-PT","potentialAction":[{"@type":"ReadAction","target":["https:\/\/suelosport.com\/pt-pt\/producto\/set-mini-banda-elastica\/"]}]},{"@type":"ImageObject","inLanguage":"pt-PT","@id":"https:\/\/suelosport.com\/pt-pt\/producto\/set-mini-banda-elastica\/#primaryimage","url":"https:\/\/suelosport.com\/wp-content\/uploads\/2023\/03\/Bandas_elasticas-e1723111856819.jpg","contentUrl":"https:\/\/suelosport.com\/wp-content\/uploads\/2023\/03\/Bandas_elasticas-e1723111856819.jpg","width":1256,"height":1256,"caption":"Mini banda"},{"@type":"BreadcrumbList","@id":"https:\/\/suelosport.com\/pt-pt\/producto\/set-mini-banda-elastica\/#breadcrumb","itemListElement":[{"@type":"ListItem","position":1,"name":"Portada","item":"https:\/\/suelosport.com\/pt-pt\/"},{"@type":"ListItem","position":2,"name":"Tienda","item":"https:\/\/suelosport.com\/tienda\/"},{"@type":"ListItem","position":3,"name":"Set mini bandas el\u00e1sticas"}]},{"@type":"WebSite","@id":"https:\/\/suelosport.com\/pt-pt\/#website","url":"https:\/\/suelosport.com\/pt-pt\/","name":"Suelosport - Suelos Deportivos","description":"Suelos para gimnasios, suelos de goma, losetas y suelos antideslizantes","publisher":{"@id":"https:\/\/suelosport.com\/pt-pt\/#organization"},"potentialAction":[{"@type":"SearchAction","target":{"@type":"EntryPoint","urlTemplate":"https:\/\/suelosport.com\/pt-pt\/?s={search_term_string}"},"query-input":{"@type":"PropertyValueSpecification","valueRequired":true,"valueName":"search_term_string"}}],"inLanguage":"pt-PT"},{"@type":"Organization","@id":"https:\/\/suelosport.com\/pt-pt\/#organization","name":"Suelosport","url":"https:\/\/suelosport.com\/pt-pt\/","logo":{"@type":"ImageObject","inLanguage":"pt-PT","@id":"https:\/\/suelosport.com\/pt-pt\/#\/schema\/logo\/image\/","url":"https:\/\/suelosport.com\/wp-content\/uploads\/2018\/03\/logo-suelosport.png","contentUrl":"https:\/\/suelosport.com\/wp-content\/uploads\/2018\/03\/logo-suelosport.png","width":300,"height":67,"caption":"Suelosport"},"image":{"@id":"https:\/\/suelosport.com\/pt-pt\/#\/schema\/logo\/image\/"},"sameAs":["https:\/\/www.facebook.com\/Suelosport-2042694182686080\/","https:\/\/www.linkedin.com\/company\/suelosport\/","https:\/\/www.youtube.com\/channel\/UC1eoryUxD4Fw7f1m5wx_vFg?view_as=subscriber"]}]}},"_links":{"self":[{"href":"https:\/\/suelosport.com\/pt-pt\/wp-json\/wp\/v2\/product\/53261","targetHints":{"allow":["GET"]}}],"collection":[{"href":"https:\/\/suelosport.com\/pt-pt\/wp-json\/wp\/v2\/product"}],"about":[{"href":"https:\/\/suelosport.com\/pt-pt\/wp-json\/wp\/v2\/types\/product"}],"replies":[{"embeddable":true,"href":"https:\/\/suelosport.com\/pt-pt\/wp-json\/wp\/v2\/comments?post=53261"}],"wp:featuredmedia":[{"embeddable":true,"href":"https:\/\/suelosport.com\/pt-pt\/wp-json\/wp\/v2\/media\/53262"}],"wp:attachment":[{"href":"https:\/\/suelosport.com\/pt-pt\/wp-json\/wp\/v2\/media?parent=53261"}],"wp:term":[{"taxonomy":"product_brand","embeddable":true,"href":"https:\/\/suelosport.com\/pt-pt\/wp-json\/wp\/v2\/product_brand?post=53261"},{"taxonomy":"product_cat","embeddable":true,"href":"https:\/\/suelosport.com\/pt-pt\/wp-json\/wp\/v2\/product_cat?post=53261"},{"taxonomy":"product_tag","embeddable":true,"href":"https:\/\/suelosport.com\/pt-pt\/wp-json\/wp\/v2\/product_tag?post=53261"}],"curies":[{"name":"wp","href":"https:\/\/api.w.org\/{rel}","templated":true}]}}