{"id":52566,"date":"2023-03-03T13:07:51","date_gmt":"2023-03-03T12:07:51","guid":{"rendered":"https:\/\/suelosport.com\/?post_type=product&#038;p=52566"},"modified":"2026-02-09T12:04:47","modified_gmt":"2026-02-09T11:04:47","slug":"tatami-puzzle-multicolor-60x60x1-cm-pack-4-unidades","status":"publish","type":"product","link":"https:\/\/suelosport.com\/pt-pt\/producto\/tatami-puzzle-multicolor-60x60x1-cm-pack-4-unidades\/","title":{"rendered":"Tatami puzzle multicolor 60x60x1 cm (Pack 4 unidades)"},"content":{"rendered":"<p><span style=\"color: #ed1c24;\"><strong>Pedido m\u00ednimo para islas, Ceuta, Melilla y Portugal: 4 packs<\/strong><\/span><\/p>\n<p>Tatami puzzle multicolor perfectas para la pr\u00e1ctica de cualquier deporte fitness, yoga, pilates, etc o como suelo infantil. Planchas goma EVA para gimnasio en piezas de 4 colores diferentes.<\/p>\n<p>Cada unidad tiene dos laterales extra\u00edbles con terminaci\u00f3n recta.<\/p>\n<p>Tatami puzzle perfecto para adaptar sus instalaciones para la pr\u00e1ctica de deportes o bien para lugares donde necesites un suelo acolchado como suelo para guarder\u00edas, cuarto de juegos, etc.<\/p>\n<p>Suelo fitness que encaja perfectamente dejando una superficie herm\u00e9tica y muy resistente, por lo que hace un suelo antideslizante y t\u00e9rmico.<\/p>\n<ul>\n<li>Suelo acolchado gimnasio muy econ\u00f3mico<\/li>\n<li>Suelo tatami puzzle de muy f\u00e1cil instalaci\u00f3n<\/li>\n<li>Tatami muy f\u00e1cil de cortar<\/li>\n<li>Suelo tipo esterilla con muy poco mantenimiento<\/li>\n<li>Suelo de goma que permite una combinaci\u00f3n de colores<\/li>\n<li>Suelo antideslizante evitando ca\u00eddas<\/li>\n<li>Suelo de gimnasio apto para entrenamientos<\/li>\n<li>Suelo beb\u00e9 de goma apto para guarder\u00edas, centros infantiles, cuarto de juegos, etc.<\/li>\n<\/ul>\n<p><strong>Consejos sobre que <a href=\"https:\/\/suelosport.com\/consejos-para-elegir-el-tatami-para-artes-marciales\/\">tatami<\/a> elegir.<\/strong><\/p>\n","protected":false},"excerpt":{"rendered":"<p>Suelo tatami puzzle indicado para ejercicios fitness, yoga, pilates, suelo infantil, etc.<\/p>\n<p><strong>Cada unidad corresponde a un pack de 4 unidades (1 unidad de cada color rojo, verde, azul y amarillo).\u00a0<\/strong><\/p>\n<p>El precio corresponde a un pack de 4 unidades = 1,44 m\u00b2.<\/p>\n<p>Los Tatamis incluyen marco con la terminaci\u00f3n recta.<\/p>\n<p>Ver pedido m\u00ednimo en Descripci\u00f3n.<\/p>\n","protected":false},"featured_media":52639,"comment_status":"open","ping_status":"closed","template":"","meta":{"inline_featured_image":false},"product_brand":[2210],"product_cat":[126],"product_tag":[],"class_list":{"0":"post-52566","1":"product","2":"type-product","3":"status-publish","4":"has-post-thumbnail","6":"product_brand-suelosport","7":"product_cat-tatami-puzzle","8":"product_shipping_class-sueloscauchoytatamis","10":"first","11":"instock","12":"sale","13":"taxable","14":"shipping-taxable","15":"purchasable","16":"product-type-simple"},"yoast_head":"<!-- This site is optimized with the Yoast SEO plugin v27.4 - https:\/\/yoast.com\/product\/yoast-seo-wordpress\/ -->\n<title>Tatami puzzle multicolor 60x60x1 cm (Pack 4 unidades) | Suelosport - Suelos Deportivos<\/title>\n<meta name=\"robots\" content=\"index, follow, max-snippet:-1, max-image-preview:large, max-video-preview:-1\" \/>\n<link rel=\"canonical\" href=\"https:\/\/suelosport.com\/pt-pt\/producto\/tatami-puzzle-multicolor-60x60x1-cm-pack-4-unidades\/\" \/>\n<meta property=\"og:locale\" content=\"pt_PT\" \/>\n<meta property=\"og:type\" content=\"article\" \/>\n<meta property=\"og:title\" content=\"Tatami puzzle multicolor 60x60x1 cm (Pack 4 unidades) | Suelosport - Suelos Deportivos\" \/>\n<meta property=\"og:description\" content=\"Suelo tatami puzzle indicado para ejercicios fitness, yoga, pilates, suelo infantil, etc.  Cada unidad corresponde a un pack de 4 unidades (1 unidad de cada color rojo, verde, azul y amarillo).\u00a0  El precio corresponde a un pack de 4 unidades = 1,44 m\u00b2.  Los Tatamis incluyen marco con la terminaci\u00f3n recta.  Ver pedido m\u00ednimo en Descripci\u00f3n.\" \/>\n<meta property=\"og:url\" content=\"https:\/\/suelosport.com\/pt-pt\/producto\/tatami-puzzle-multicolor-60x60x1-cm-pack-4-unidades\/\" \/>\n<meta property=\"og:site_name\" content=\"Suelosport - Suelos Deportivos\" \/>\n<meta property=\"article:publisher\" content=\"https:\/\/www.facebook.com\/Suelosport-2042694182686080\/\" \/>\n<meta property=\"article:modified_time\" content=\"2026-02-09T11:04:47+00:00\" \/>\n<meta property=\"og:image\" content=\"https:\/\/suelosport.com\/wp-content\/uploads\/2023\/03\/tatami-puzzle-multicolor-60-x-60-x-1-cm-1.jpg\" \/>\n\t<meta property=\"og:image:width\" content=\"750\" \/>\n\t<meta property=\"og:image:height\" content=\"1000\" \/>\n\t<meta property=\"og:image:type\" content=\"image\/jpeg\" \/>\n<meta name=\"twitter:card\" content=\"summary_large_image\" \/>\n<meta name=\"twitter:label1\" content=\"Tempo estimado de leitura\" \/>\n\t<meta name=\"twitter:data1\" content=\"1 minuto\" \/>\n<script type=\"application\/ld+json\" class=\"yoast-schema-graph\">{\"@context\":\"https:\\\/\\\/schema.org\",\"@graph\":[{\"@type\":[\"WebPage\",\"ItemPage\"],\"@id\":\"https:\\\/\\\/suelosport.com\\\/pt-pt\\\/producto\\\/tatami-puzzle-multicolor-60x60x1-cm-pack-4-unidades\\\/\",\"url\":\"https:\\\/\\\/suelosport.com\\\/pt-pt\\\/producto\\\/tatami-puzzle-multicolor-60x60x1-cm-pack-4-unidades\\\/\",\"name\":\"Tatami puzzle multicolor 60x60x1 cm (Pack 4 unidades) | Suelosport - Suelos Deportivos\",\"isPartOf\":{\"@id\":\"https:\\\/\\\/suelosport.com\\\/pt-pt\\\/#website\"},\"primaryImageOfPage\":{\"@id\":\"https:\\\/\\\/suelosport.com\\\/pt-pt\\\/producto\\\/tatami-puzzle-multicolor-60x60x1-cm-pack-4-unidades\\\/#primaryimage\"},\"image\":{\"@id\":\"https:\\\/\\\/suelosport.com\\\/pt-pt\\\/producto\\\/tatami-puzzle-multicolor-60x60x1-cm-pack-4-unidades\\\/#primaryimage\"},\"thumbnailUrl\":\"https:\\\/\\\/suelosport.com\\\/wp-content\\\/uploads\\\/2023\\\/03\\\/tatami-puzzle-multicolor-60-x-60-x-1-cm-1.jpg\",\"datePublished\":\"2023-03-03T12:07:51+00:00\",\"dateModified\":\"2026-02-09T11:04:47+00:00\",\"breadcrumb\":{\"@id\":\"https:\\\/\\\/suelosport.com\\\/pt-pt\\\/producto\\\/tatami-puzzle-multicolor-60x60x1-cm-pack-4-unidades\\\/#breadcrumb\"},\"inLanguage\":\"pt-PT\",\"potentialAction\":[{\"@type\":\"ReadAction\",\"target\":[\"https:\\\/\\\/suelosport.com\\\/pt-pt\\\/producto\\\/tatami-puzzle-multicolor-60x60x1-cm-pack-4-unidades\\\/\"]}]},{\"@type\":\"ImageObject\",\"inLanguage\":\"pt-PT\",\"@id\":\"https:\\\/\\\/suelosport.com\\\/pt-pt\\\/producto\\\/tatami-puzzle-multicolor-60x60x1-cm-pack-4-unidades\\\/#primaryimage\",\"url\":\"https:\\\/\\\/suelosport.com\\\/wp-content\\\/uploads\\\/2023\\\/03\\\/tatami-puzzle-multicolor-60-x-60-x-1-cm-1.jpg\",\"contentUrl\":\"https:\\\/\\\/suelosport.com\\\/wp-content\\\/uploads\\\/2023\\\/03\\\/tatami-puzzle-multicolor-60-x-60-x-1-cm-1.jpg\",\"width\":750,\"height\":1000,\"caption\":\"tatami puzzle multicolor 60 x 60 x 1 cm\"},{\"@type\":\"BreadcrumbList\",\"@id\":\"https:\\\/\\\/suelosport.com\\\/pt-pt\\\/producto\\\/tatami-puzzle-multicolor-60x60x1-cm-pack-4-unidades\\\/#breadcrumb\",\"itemListElement\":[{\"@type\":\"ListItem\",\"position\":1,\"name\":\"Portada\",\"item\":\"https:\\\/\\\/suelosport.com\\\/pt-pt\\\/\"},{\"@type\":\"ListItem\",\"position\":2,\"name\":\"Tienda\",\"item\":\"https:\\\/\\\/suelosport.com\\\/tienda\\\/\"},{\"@type\":\"ListItem\",\"position\":3,\"name\":\"Tatami puzzle multicolor 60x60x1 cm (Pack 4 unidades)\"}]},{\"@type\":\"WebSite\",\"@id\":\"https:\\\/\\\/suelosport.com\\\/pt-pt\\\/#website\",\"url\":\"https:\\\/\\\/suelosport.com\\\/pt-pt\\\/\",\"name\":\"Suelosport - Suelos Deportivos\",\"description\":\"Suelos para gimnasios, suelos de goma, losetas y suelos antideslizantes\",\"publisher\":{\"@id\":\"https:\\\/\\\/suelosport.com\\\/pt-pt\\\/#organization\"},\"potentialAction\":[{\"@type\":\"SearchAction\",\"target\":{\"@type\":\"EntryPoint\",\"urlTemplate\":\"https:\\\/\\\/suelosport.com\\\/pt-pt\\\/?s={search_term_string}\"},\"query-input\":{\"@type\":\"PropertyValueSpecification\",\"valueRequired\":true,\"valueName\":\"search_term_string\"}}],\"inLanguage\":\"pt-PT\"},{\"@type\":\"Organization\",\"@id\":\"https:\\\/\\\/suelosport.com\\\/pt-pt\\\/#organization\",\"name\":\"Suelosport\",\"url\":\"https:\\\/\\\/suelosport.com\\\/pt-pt\\\/\",\"logo\":{\"@type\":\"ImageObject\",\"inLanguage\":\"pt-PT\",\"@id\":\"https:\\\/\\\/suelosport.com\\\/pt-pt\\\/#\\\/schema\\\/logo\\\/image\\\/\",\"url\":\"https:\\\/\\\/suelosport.com\\\/wp-content\\\/uploads\\\/2018\\\/03\\\/logo-suelosport.png\",\"contentUrl\":\"https:\\\/\\\/suelosport.com\\\/wp-content\\\/uploads\\\/2018\\\/03\\\/logo-suelosport.png\",\"width\":300,\"height\":67,\"caption\":\"Suelosport\"},\"image\":{\"@id\":\"https:\\\/\\\/suelosport.com\\\/pt-pt\\\/#\\\/schema\\\/logo\\\/image\\\/\"},\"sameAs\":[\"https:\\\/\\\/www.facebook.com\\\/Suelosport-2042694182686080\\\/\",\"https:\\\/\\\/www.linkedin.com\\\/company\\\/suelosport\\\/\",\"https:\\\/\\\/www.youtube.com\\\/channel\\\/UC1eoryUxD4Fw7f1m5wx_vFg?view_as=subscriber\"]}]}<\/script>\n<!-- \/ Yoast SEO plugin. -->","yoast_head_json":{"title":"Tatami puzzle multicolor 60x60x1 cm (Pack 4 unidades) | Suelosport - Suelos Deportivos","robots":{"index":"index","follow":"follow","max-snippet":"max-snippet:-1","max-image-preview":"max-image-preview:large","max-video-preview":"max-video-preview:-1"},"canonical":"https:\/\/suelosport.com\/pt-pt\/producto\/tatami-puzzle-multicolor-60x60x1-cm-pack-4-unidades\/","og_locale":"pt_PT","og_type":"article","og_title":"Tatami puzzle multicolor 60x60x1 cm (Pack 4 unidades) | Suelosport - Suelos Deportivos","og_description":"Suelo tatami puzzle indicado para ejercicios fitness, yoga, pilates, suelo infantil, etc.  Cada unidad corresponde a un pack de 4 unidades (1 unidad de cada color rojo, verde, azul y amarillo).\u00a0  El precio corresponde a un pack de 4 unidades = 1,44 m\u00b2.  Los Tatamis incluyen marco con la terminaci\u00f3n recta.  Ver pedido m\u00ednimo en Descripci\u00f3n.","og_url":"https:\/\/suelosport.com\/pt-pt\/producto\/tatami-puzzle-multicolor-60x60x1-cm-pack-4-unidades\/","og_site_name":"Suelosport - Suelos Deportivos","article_publisher":"https:\/\/www.facebook.com\/Suelosport-2042694182686080\/","article_modified_time":"2026-02-09T11:04:47+00:00","og_image":[{"width":750,"height":1000,"url":"https:\/\/suelosport.com\/wp-content\/uploads\/2023\/03\/tatami-puzzle-multicolor-60-x-60-x-1-cm-1.jpg","type":"image\/jpeg"}],"twitter_card":"summary_large_image","twitter_misc":{"Tempo estimado de leitura":"1 minuto"},"schema":{"@context":"https:\/\/schema.org","@graph":[{"@type":["WebPage","ItemPage"],"@id":"https:\/\/suelosport.com\/pt-pt\/producto\/tatami-puzzle-multicolor-60x60x1-cm-pack-4-unidades\/","url":"https:\/\/suelosport.com\/pt-pt\/producto\/tatami-puzzle-multicolor-60x60x1-cm-pack-4-unidades\/","name":"Tatami puzzle multicolor 60x60x1 cm (Pack 4 unidades) | Suelosport - Suelos Deportivos","isPartOf":{"@id":"https:\/\/suelosport.com\/pt-pt\/#website"},"primaryImageOfPage":{"@id":"https:\/\/suelosport.com\/pt-pt\/producto\/tatami-puzzle-multicolor-60x60x1-cm-pack-4-unidades\/#primaryimage"},"image":{"@id":"https:\/\/suelosport.com\/pt-pt\/producto\/tatami-puzzle-multicolor-60x60x1-cm-pack-4-unidades\/#primaryimage"},"thumbnailUrl":"https:\/\/suelosport.com\/wp-content\/uploads\/2023\/03\/tatami-puzzle-multicolor-60-x-60-x-1-cm-1.jpg","datePublished":"2023-03-03T12:07:51+00:00","dateModified":"2026-02-09T11:04:47+00:00","breadcrumb":{"@id":"https:\/\/suelosport.com\/pt-pt\/producto\/tatami-puzzle-multicolor-60x60x1-cm-pack-4-unidades\/#breadcrumb"},"inLanguage":"pt-PT","potentialAction":[{"@type":"ReadAction","target":["https:\/\/suelosport.com\/pt-pt\/producto\/tatami-puzzle-multicolor-60x60x1-cm-pack-4-unidades\/"]}]},{"@type":"ImageObject","inLanguage":"pt-PT","@id":"https:\/\/suelosport.com\/pt-pt\/producto\/tatami-puzzle-multicolor-60x60x1-cm-pack-4-unidades\/#primaryimage","url":"https:\/\/suelosport.com\/wp-content\/uploads\/2023\/03\/tatami-puzzle-multicolor-60-x-60-x-1-cm-1.jpg","contentUrl":"https:\/\/suelosport.com\/wp-content\/uploads\/2023\/03\/tatami-puzzle-multicolor-60-x-60-x-1-cm-1.jpg","width":750,"height":1000,"caption":"tatami puzzle multicolor 60 x 60 x 1 cm"},{"@type":"BreadcrumbList","@id":"https:\/\/suelosport.com\/pt-pt\/producto\/tatami-puzzle-multicolor-60x60x1-cm-pack-4-unidades\/#breadcrumb","itemListElement":[{"@type":"ListItem","position":1,"name":"Portada","item":"https:\/\/suelosport.com\/pt-pt\/"},{"@type":"ListItem","position":2,"name":"Tienda","item":"https:\/\/suelosport.com\/tienda\/"},{"@type":"ListItem","position":3,"name":"Tatami puzzle multicolor 60x60x1 cm (Pack 4 unidades)"}]},{"@type":"WebSite","@id":"https:\/\/suelosport.com\/pt-pt\/#website","url":"https:\/\/suelosport.com\/pt-pt\/","name":"Suelosport - Suelos Deportivos","description":"Suelos para gimnasios, suelos de goma, losetas y suelos antideslizantes","publisher":{"@id":"https:\/\/suelosport.com\/pt-pt\/#organization"},"potentialAction":[{"@type":"SearchAction","target":{"@type":"EntryPoint","urlTemplate":"https:\/\/suelosport.com\/pt-pt\/?s={search_term_string}"},"query-input":{"@type":"PropertyValueSpecification","valueRequired":true,"valueName":"search_term_string"}}],"inLanguage":"pt-PT"},{"@type":"Organization","@id":"https:\/\/suelosport.com\/pt-pt\/#organization","name":"Suelosport","url":"https:\/\/suelosport.com\/pt-pt\/","logo":{"@type":"ImageObject","inLanguage":"pt-PT","@id":"https:\/\/suelosport.com\/pt-pt\/#\/schema\/logo\/image\/","url":"https:\/\/suelosport.com\/wp-content\/uploads\/2018\/03\/logo-suelosport.png","contentUrl":"https:\/\/suelosport.com\/wp-content\/uploads\/2018\/03\/logo-suelosport.png","width":300,"height":67,"caption":"Suelosport"},"image":{"@id":"https:\/\/suelosport.com\/pt-pt\/#\/schema\/logo\/image\/"},"sameAs":["https:\/\/www.facebook.com\/Suelosport-2042694182686080\/","https:\/\/www.linkedin.com\/company\/suelosport\/","https:\/\/www.youtube.com\/channel\/UC1eoryUxD4Fw7f1m5wx_vFg?view_as=subscriber"]}]}},"_links":{"self":[{"href":"https:\/\/suelosport.com\/pt-pt\/wp-json\/wp\/v2\/product\/52566","targetHints":{"allow":["GET"]}}],"collection":[{"href":"https:\/\/suelosport.com\/pt-pt\/wp-json\/wp\/v2\/product"}],"about":[{"href":"https:\/\/suelosport.com\/pt-pt\/wp-json\/wp\/v2\/types\/product"}],"replies":[{"embeddable":true,"href":"https:\/\/suelosport.com\/pt-pt\/wp-json\/wp\/v2\/comments?post=52566"}],"wp:featuredmedia":[{"embeddable":true,"href":"https:\/\/suelosport.com\/pt-pt\/wp-json\/wp\/v2\/media\/52639"}],"wp:attachment":[{"href":"https:\/\/suelosport.com\/pt-pt\/wp-json\/wp\/v2\/media?parent=52566"}],"wp:term":[{"taxonomy":"product_brand","embeddable":true,"href":"https:\/\/suelosport.com\/pt-pt\/wp-json\/wp\/v2\/product_brand?post=52566"},{"taxonomy":"product_cat","embeddable":true,"href":"https:\/\/suelosport.com\/pt-pt\/wp-json\/wp\/v2\/product_cat?post=52566"},{"taxonomy":"product_tag","embeddable":true,"href":"https:\/\/suelosport.com\/pt-pt\/wp-json\/wp\/v2\/product_tag?post=52566"}],"curies":[{"name":"wp","href":"https:\/\/api.w.org\/{rel}","templated":true}]}}