{"id":50425,"date":"2022-11-10T11:18:10","date_gmt":"2022-11-10T10:18:10","guid":{"rendered":"https:\/\/suelosport.com\/?post_type=product&#038;p=50425"},"modified":"2025-09-15T09:20:12","modified_gmt":"2025-09-15T08:20:12","slug":"rodapies-de-aluminio-pladur-70-x-13-mm","status":"publish","type":"product","link":"https:\/\/suelosport.com\/pt-pt\/producto\/rodapies-de-aluminio-pladur-70-x-13-mm\/","title":{"rendered":"Rodapi\u00e9s de aluminio pladur 70 x 13 mm"},"content":{"rendered":"<h2>Rodapi\u00e9s de aluminio pladur 70 x 13 mm<\/h2>\n<p>Rodapi\u00e9 de aluminio para pladur protege el canto inferior de la placa y queda instalado haciendo un retranqueo en la zona inferior de la pared, generando un efecto innovador de pared suspendida. Las l\u00edneas rectas crean una superficie lisa que evita la acumulaci\u00f3n de suciedad y facilita la limpieza<\/p>\n","protected":false},"excerpt":{"rendered":"<p>El Rodapi\u00e9 para pladur de aluminio de 70 mm, es un perfil fabricado \u00edntegramente de aluminio extrusionado, anodizado para evitar la corrosi\u00f3n y oxidaci\u00f3n del perfil<\/p>\n<p><span style=\"color: #ed1c24;\"><strong>Pedido m\u00ednimo 3 unidades.<\/strong><\/span><\/p>\n","protected":false},"featured_media":50426,"comment_status":"open","ping_status":"closed","template":"","meta":{"inline_featured_image":false},"product_brand":[],"product_cat":[244],"product_tag":[],"class_list":{"0":"post-50425","1":"product","2":"type-product","3":"status-publish","4":"has-post-thumbnail","6":"product_cat-accesorios-de-instalacion-para-suelos-de-caucho","8":"first","9":"instock","10":"taxable","11":"shipping-taxable","12":"purchasable","13":"product-type-variable"},"yoast_head":"<!-- This site is optimized with the Yoast SEO plugin v27.4 - https:\/\/yoast.com\/product\/yoast-seo-wordpress\/ -->\n<title>Rodapi\u00e9s de aluminio pladur 70 x 13 mm | Suelosport<\/title>\n<meta name=\"description\" content=\"Rodapi\u00e9 de aluminio para pladur protege el canto inferior de la placa y queda instalado haciendo un retranqueo en la zona inferior de la pared.\" \/>\n<meta name=\"robots\" content=\"index, follow, max-snippet:-1, max-image-preview:large, max-video-preview:-1\" \/>\n<link rel=\"canonical\" href=\"https:\/\/suelosport.com\/pt-pt\/producto\/rodapies-de-aluminio-pladur-70-x-13-mm\/\" \/>\n<meta property=\"og:locale\" content=\"pt_PT\" \/>\n<meta property=\"og:type\" content=\"article\" \/>\n<meta property=\"og:title\" content=\"Rodapi\u00e9s de aluminio pladur 70 x 13 mm | Suelosport\" \/>\n<meta property=\"og:description\" content=\"Rodapi\u00e9 de aluminio para pladur protege el canto inferior de la placa y queda instalado haciendo un retranqueo en la zona inferior de la pared.\" \/>\n<meta property=\"og:url\" content=\"https:\/\/suelosport.com\/pt-pt\/producto\/rodapies-de-aluminio-pladur-70-x-13-mm\/\" \/>\n<meta property=\"og:site_name\" content=\"Suelosport - Suelos Deportivos\" \/>\n<meta property=\"article:publisher\" content=\"https:\/\/www.facebook.com\/Suelosport-2042694182686080\/\" \/>\n<meta property=\"article:modified_time\" content=\"2025-09-15T08:20:12+00:00\" \/>\n<meta property=\"og:image\" content=\"https:\/\/suelosport.com\/wp-content\/uploads\/2022\/11\/rodapie_de_aluminio_pladur.jpg\" \/>\n\t<meta property=\"og:image:width\" content=\"1200\" \/>\n\t<meta property=\"og:image:height\" content=\"803\" \/>\n\t<meta property=\"og:image:type\" content=\"image\/jpeg\" \/>\n<meta name=\"twitter:card\" content=\"summary_large_image\" \/>\n<meta name=\"twitter:label1\" content=\"Tempo estimado de leitura\" \/>\n\t<meta name=\"twitter:data1\" content=\"1 minuto\" \/>\n<script type=\"application\/ld+json\" class=\"yoast-schema-graph\">{\"@context\":\"https:\\\/\\\/schema.org\",\"@graph\":[{\"@type\":[\"WebPage\",\"ItemPage\"],\"@id\":\"https:\\\/\\\/suelosport.com\\\/pt-pt\\\/producto\\\/rodapies-de-aluminio-pladur-70-x-13-mm\\\/\",\"url\":\"https:\\\/\\\/suelosport.com\\\/pt-pt\\\/producto\\\/rodapies-de-aluminio-pladur-70-x-13-mm\\\/\",\"name\":\"Rodapi\u00e9s de aluminio pladur 70 x 13 mm | Suelosport\",\"isPartOf\":{\"@id\":\"https:\\\/\\\/suelosport.com\\\/pt-pt\\\/#website\"},\"primaryImageOfPage\":{\"@id\":\"https:\\\/\\\/suelosport.com\\\/pt-pt\\\/producto\\\/rodapies-de-aluminio-pladur-70-x-13-mm\\\/#primaryimage\"},\"image\":{\"@id\":\"https:\\\/\\\/suelosport.com\\\/pt-pt\\\/producto\\\/rodapies-de-aluminio-pladur-70-x-13-mm\\\/#primaryimage\"},\"thumbnailUrl\":\"https:\\\/\\\/suelosport.com\\\/wp-content\\\/uploads\\\/2022\\\/11\\\/rodapie_de_aluminio_pladur.jpg\",\"datePublished\":\"2022-11-10T10:18:10+00:00\",\"dateModified\":\"2025-09-15T08:20:12+00:00\",\"description\":\"Rodapi\u00e9 de aluminio para pladur protege el canto inferior de la placa y queda instalado haciendo un retranqueo en la zona inferior de la pared.\",\"breadcrumb\":{\"@id\":\"https:\\\/\\\/suelosport.com\\\/pt-pt\\\/producto\\\/rodapies-de-aluminio-pladur-70-x-13-mm\\\/#breadcrumb\"},\"inLanguage\":\"pt-PT\",\"potentialAction\":[{\"@type\":\"ReadAction\",\"target\":[\"https:\\\/\\\/suelosport.com\\\/pt-pt\\\/producto\\\/rodapies-de-aluminio-pladur-70-x-13-mm\\\/\"]}]},{\"@type\":\"ImageObject\",\"inLanguage\":\"pt-PT\",\"@id\":\"https:\\\/\\\/suelosport.com\\\/pt-pt\\\/producto\\\/rodapies-de-aluminio-pladur-70-x-13-mm\\\/#primaryimage\",\"url\":\"https:\\\/\\\/suelosport.com\\\/wp-content\\\/uploads\\\/2022\\\/11\\\/rodapie_de_aluminio_pladur.jpg\",\"contentUrl\":\"https:\\\/\\\/suelosport.com\\\/wp-content\\\/uploads\\\/2022\\\/11\\\/rodapie_de_aluminio_pladur.jpg\",\"width\":1200,\"height\":803,\"caption\":\"rodapie de aluminio\"},{\"@type\":\"BreadcrumbList\",\"@id\":\"https:\\\/\\\/suelosport.com\\\/pt-pt\\\/producto\\\/rodapies-de-aluminio-pladur-70-x-13-mm\\\/#breadcrumb\",\"itemListElement\":[{\"@type\":\"ListItem\",\"position\":1,\"name\":\"Portada\",\"item\":\"https:\\\/\\\/suelosport.com\\\/pt-pt\\\/\"},{\"@type\":\"ListItem\",\"position\":2,\"name\":\"Tienda\",\"item\":\"https:\\\/\\\/suelosport.com\\\/tienda\\\/\"},{\"@type\":\"ListItem\",\"position\":3,\"name\":\"Rodapi\u00e9s de aluminio pladur 70 x 13 mm\"}]},{\"@type\":\"WebSite\",\"@id\":\"https:\\\/\\\/suelosport.com\\\/pt-pt\\\/#website\",\"url\":\"https:\\\/\\\/suelosport.com\\\/pt-pt\\\/\",\"name\":\"Suelosport - Suelos Deportivos\",\"description\":\"Suelos para gimnasios, suelos de goma, losetas y suelos antideslizantes\",\"publisher\":{\"@id\":\"https:\\\/\\\/suelosport.com\\\/pt-pt\\\/#organization\"},\"potentialAction\":[{\"@type\":\"SearchAction\",\"target\":{\"@type\":\"EntryPoint\",\"urlTemplate\":\"https:\\\/\\\/suelosport.com\\\/pt-pt\\\/?s={search_term_string}\"},\"query-input\":{\"@type\":\"PropertyValueSpecification\",\"valueRequired\":true,\"valueName\":\"search_term_string\"}}],\"inLanguage\":\"pt-PT\"},{\"@type\":\"Organization\",\"@id\":\"https:\\\/\\\/suelosport.com\\\/pt-pt\\\/#organization\",\"name\":\"Suelosport\",\"url\":\"https:\\\/\\\/suelosport.com\\\/pt-pt\\\/\",\"logo\":{\"@type\":\"ImageObject\",\"inLanguage\":\"pt-PT\",\"@id\":\"https:\\\/\\\/suelosport.com\\\/pt-pt\\\/#\\\/schema\\\/logo\\\/image\\\/\",\"url\":\"https:\\\/\\\/suelosport.com\\\/wp-content\\\/uploads\\\/2018\\\/03\\\/logo-suelosport.png\",\"contentUrl\":\"https:\\\/\\\/suelosport.com\\\/wp-content\\\/uploads\\\/2018\\\/03\\\/logo-suelosport.png\",\"width\":300,\"height\":67,\"caption\":\"Suelosport\"},\"image\":{\"@id\":\"https:\\\/\\\/suelosport.com\\\/pt-pt\\\/#\\\/schema\\\/logo\\\/image\\\/\"},\"sameAs\":[\"https:\\\/\\\/www.facebook.com\\\/Suelosport-2042694182686080\\\/\",\"https:\\\/\\\/www.linkedin.com\\\/company\\\/suelosport\\\/\",\"https:\\\/\\\/www.youtube.com\\\/channel\\\/UC1eoryUxD4Fw7f1m5wx_vFg?view_as=subscriber\"]}]}<\/script>\n<!-- \/ Yoast SEO plugin. -->","yoast_head_json":{"title":"Rodapi\u00e9s de aluminio pladur 70 x 13 mm | Suelosport","description":"Rodapi\u00e9 de aluminio para pladur protege el canto inferior de la placa y queda instalado haciendo un retranqueo en la zona inferior de la pared.","robots":{"index":"index","follow":"follow","max-snippet":"max-snippet:-1","max-image-preview":"max-image-preview:large","max-video-preview":"max-video-preview:-1"},"canonical":"https:\/\/suelosport.com\/pt-pt\/producto\/rodapies-de-aluminio-pladur-70-x-13-mm\/","og_locale":"pt_PT","og_type":"article","og_title":"Rodapi\u00e9s de aluminio pladur 70 x 13 mm | Suelosport","og_description":"Rodapi\u00e9 de aluminio para pladur protege el canto inferior de la placa y queda instalado haciendo un retranqueo en la zona inferior de la pared.","og_url":"https:\/\/suelosport.com\/pt-pt\/producto\/rodapies-de-aluminio-pladur-70-x-13-mm\/","og_site_name":"Suelosport - Suelos Deportivos","article_publisher":"https:\/\/www.facebook.com\/Suelosport-2042694182686080\/","article_modified_time":"2025-09-15T08:20:12+00:00","og_image":[{"width":1200,"height":803,"url":"https:\/\/suelosport.com\/wp-content\/uploads\/2022\/11\/rodapie_de_aluminio_pladur.jpg","type":"image\/jpeg"}],"twitter_card":"summary_large_image","twitter_misc":{"Tempo estimado de leitura":"1 minuto"},"schema":{"@context":"https:\/\/schema.org","@graph":[{"@type":["WebPage","ItemPage"],"@id":"https:\/\/suelosport.com\/pt-pt\/producto\/rodapies-de-aluminio-pladur-70-x-13-mm\/","url":"https:\/\/suelosport.com\/pt-pt\/producto\/rodapies-de-aluminio-pladur-70-x-13-mm\/","name":"Rodapi\u00e9s de aluminio pladur 70 x 13 mm | Suelosport","isPartOf":{"@id":"https:\/\/suelosport.com\/pt-pt\/#website"},"primaryImageOfPage":{"@id":"https:\/\/suelosport.com\/pt-pt\/producto\/rodapies-de-aluminio-pladur-70-x-13-mm\/#primaryimage"},"image":{"@id":"https:\/\/suelosport.com\/pt-pt\/producto\/rodapies-de-aluminio-pladur-70-x-13-mm\/#primaryimage"},"thumbnailUrl":"https:\/\/suelosport.com\/wp-content\/uploads\/2022\/11\/rodapie_de_aluminio_pladur.jpg","datePublished":"2022-11-10T10:18:10+00:00","dateModified":"2025-09-15T08:20:12+00:00","description":"Rodapi\u00e9 de aluminio para pladur protege el canto inferior de la placa y queda instalado haciendo un retranqueo en la zona inferior de la pared.","breadcrumb":{"@id":"https:\/\/suelosport.com\/pt-pt\/producto\/rodapies-de-aluminio-pladur-70-x-13-mm\/#breadcrumb"},"inLanguage":"pt-PT","potentialAction":[{"@type":"ReadAction","target":["https:\/\/suelosport.com\/pt-pt\/producto\/rodapies-de-aluminio-pladur-70-x-13-mm\/"]}]},{"@type":"ImageObject","inLanguage":"pt-PT","@id":"https:\/\/suelosport.com\/pt-pt\/producto\/rodapies-de-aluminio-pladur-70-x-13-mm\/#primaryimage","url":"https:\/\/suelosport.com\/wp-content\/uploads\/2022\/11\/rodapie_de_aluminio_pladur.jpg","contentUrl":"https:\/\/suelosport.com\/wp-content\/uploads\/2022\/11\/rodapie_de_aluminio_pladur.jpg","width":1200,"height":803,"caption":"rodapie de aluminio"},{"@type":"BreadcrumbList","@id":"https:\/\/suelosport.com\/pt-pt\/producto\/rodapies-de-aluminio-pladur-70-x-13-mm\/#breadcrumb","itemListElement":[{"@type":"ListItem","position":1,"name":"Portada","item":"https:\/\/suelosport.com\/pt-pt\/"},{"@type":"ListItem","position":2,"name":"Tienda","item":"https:\/\/suelosport.com\/tienda\/"},{"@type":"ListItem","position":3,"name":"Rodapi\u00e9s de aluminio pladur 70 x 13 mm"}]},{"@type":"WebSite","@id":"https:\/\/suelosport.com\/pt-pt\/#website","url":"https:\/\/suelosport.com\/pt-pt\/","name":"Suelosport - Suelos Deportivos","description":"Suelos para gimnasios, suelos de goma, losetas y suelos antideslizantes","publisher":{"@id":"https:\/\/suelosport.com\/pt-pt\/#organization"},"potentialAction":[{"@type":"SearchAction","target":{"@type":"EntryPoint","urlTemplate":"https:\/\/suelosport.com\/pt-pt\/?s={search_term_string}"},"query-input":{"@type":"PropertyValueSpecification","valueRequired":true,"valueName":"search_term_string"}}],"inLanguage":"pt-PT"},{"@type":"Organization","@id":"https:\/\/suelosport.com\/pt-pt\/#organization","name":"Suelosport","url":"https:\/\/suelosport.com\/pt-pt\/","logo":{"@type":"ImageObject","inLanguage":"pt-PT","@id":"https:\/\/suelosport.com\/pt-pt\/#\/schema\/logo\/image\/","url":"https:\/\/suelosport.com\/wp-content\/uploads\/2018\/03\/logo-suelosport.png","contentUrl":"https:\/\/suelosport.com\/wp-content\/uploads\/2018\/03\/logo-suelosport.png","width":300,"height":67,"caption":"Suelosport"},"image":{"@id":"https:\/\/suelosport.com\/pt-pt\/#\/schema\/logo\/image\/"},"sameAs":["https:\/\/www.facebook.com\/Suelosport-2042694182686080\/","https:\/\/www.linkedin.com\/company\/suelosport\/","https:\/\/www.youtube.com\/channel\/UC1eoryUxD4Fw7f1m5wx_vFg?view_as=subscriber"]}]}},"_links":{"self":[{"href":"https:\/\/suelosport.com\/pt-pt\/wp-json\/wp\/v2\/product\/50425","targetHints":{"allow":["GET"]}}],"collection":[{"href":"https:\/\/suelosport.com\/pt-pt\/wp-json\/wp\/v2\/product"}],"about":[{"href":"https:\/\/suelosport.com\/pt-pt\/wp-json\/wp\/v2\/types\/product"}],"replies":[{"embeddable":true,"href":"https:\/\/suelosport.com\/pt-pt\/wp-json\/wp\/v2\/comments?post=50425"}],"wp:featuredmedia":[{"embeddable":true,"href":"https:\/\/suelosport.com\/pt-pt\/wp-json\/wp\/v2\/media\/50426"}],"wp:attachment":[{"href":"https:\/\/suelosport.com\/pt-pt\/wp-json\/wp\/v2\/media?parent=50425"}],"wp:term":[{"taxonomy":"product_brand","embeddable":true,"href":"https:\/\/suelosport.com\/pt-pt\/wp-json\/wp\/v2\/product_brand?post=50425"},{"taxonomy":"product_cat","embeddable":true,"href":"https:\/\/suelosport.com\/pt-pt\/wp-json\/wp\/v2\/product_cat?post=50425"},{"taxonomy":"product_tag","embeddable":true,"href":"https:\/\/suelosport.com\/pt-pt\/wp-json\/wp\/v2\/product_tag?post=50425"}],"curies":[{"name":"wp","href":"https:\/\/api.w.org\/{rel}","templated":true}]}}