{"id":47967,"date":"2022-04-28T13:31:09","date_gmt":"2022-04-28T12:31:09","guid":{"rendered":"https:\/\/suelosport.com\/?post_type=product&#038;p=47967"},"modified":"2023-05-02T18:51:50","modified_gmt":"2023-05-02T17:51:50","slug":"pavimento-de-vinilo-2-mm-roble-natural-por-metro-lineal-2-m-de-ancho","status":"publish","type":"product","link":"https:\/\/suelosport.com\/pt-pt\/producto\/pavimento-de-vinilo-2-mm-roble-natural-por-metro-lineal-2-m-de-ancho\/","title":{"rendered":"Pavimento de vinilo 2 mm roble natural por metro lineal (2 m de ancho)"},"content":{"rendered":"<p><strong>Recibir\u00e1s la cantidad de metros pedidos de manera continua, seg\u00fan lo permita la longitud de los rollos.<\/strong><\/p>\n<p><b>Suelo de pavimento de vinilo<\/b> fabricado a partir de espuma de poliuretano (PUR). Empleado para el desarrollo de un gran n\u00famero de actividades que gracias a sus propiedades y caracter\u00edsticas nos aseguran una pr\u00e1ctica segura de cualquier modalidad deportiva o en casa evitando el riesgo de sufrir lesiones.<\/p>\n<p>Efecto visual: dibujo de lamas de 143 x 92 cm<\/p>\n<p>El pavimento de vinilo es el suelo perfecto para ser empleado en:<\/p>\n<ul>\n<li aria-level=\"1\">Gimnasios<\/li>\n<li aria-level=\"1\">Centros deportivos<\/li>\n<li aria-level=\"1\">Zona de m\u00e1quinas de cardio y musculaci\u00f3n<\/li>\n<li aria-level=\"1\">Pabellones multideportivos indoor (f\u00fatbol, baloncesto, etc)<\/li>\n<li aria-level=\"1\">Clases grupales<\/li>\n<li aria-level=\"1\">Clases de yoga, zumba, baile, danza, pilates, etc<\/li>\n<li aria-level=\"1\">\u00c1reas comerciales<\/li>\n<li aria-level=\"1\">Colegios y guarder\u00edas<\/li>\n<li aria-level=\"1\">Espacios recreativos<\/li>\n<li aria-level=\"1\">Laboratorios, ba\u00f1os, cocinas, etc.<\/li>\n<\/ul>\n<p>Para tu informaci\u00f3n te indicamos la longitud de los rollos para que puedas evaluar el n\u00famero de metros a pedir:<\/p>\n<ul>\n<li>Medidas rollo: 2 x 20 m (40 m\u00b2)<\/li>\n<\/ul>\n","protected":false},"excerpt":{"rendered":"<p>Pavimento vin\u00edlico por metros para un gran n\u00famero de actividades<\/p>\n<ul>\n<li>Espesor 2 mm<\/li>\n<\/ul>\n<p><span style=\"color: #ed1c24;\"><strong>Pedido\u00a0m\u00ednimo: \u201c5\u201c metros lineales. Los precios indicados son para \u201c1\u201c metro lineal.<\/strong><\/span><\/p>\n","protected":false},"featured_media":47968,"comment_status":"open","ping_status":"closed","template":"","meta":{"inline_featured_image":false},"product_brand":[],"product_cat":[405],"product_tag":[],"class_list":{"0":"post-47967","1":"product","2":"type-product","3":"status-publish","4":"has-post-thumbnail","6":"product_cat-suelo-vinilico","8":"first","9":"instock","10":"taxable","11":"shipping-taxable","12":"purchasable","13":"product-type-simple"},"yoast_head":"<!-- This site is optimized with the Yoast SEO plugin v27.4 - https:\/\/yoast.com\/product\/yoast-seo-wordpress\/ -->\n<title>Pavimento de vinilo 2 mm roble natural por metro lineal (2 m de ancho) | Suelosport - Suelos Deportivos<\/title>\n<meta name=\"robots\" content=\"index, follow, max-snippet:-1, max-image-preview:large, max-video-preview:-1\" \/>\n<link rel=\"canonical\" href=\"https:\/\/suelosport.com\/pt-pt\/producto\/pavimento-de-vinilo-2-mm-roble-natural-por-metro-lineal-2-m-de-ancho\/\" \/>\n<meta property=\"og:locale\" content=\"pt_PT\" \/>\n<meta property=\"og:type\" content=\"article\" \/>\n<meta property=\"og:title\" content=\"Pavimento de vinilo 2 mm roble natural por metro lineal (2 m de ancho) | Suelosport - Suelos Deportivos\" \/>\n<meta property=\"og:description\" content=\"Pavimento vin\u00edlico por metros para un gran n\u00famero de actividades   Espesor 2 mm  Pedido\u00a0m\u00ednimo: \u201c5\u201c metros lineales. Los precios indicados son para \u201c1\u201c metro lineal.\" \/>\n<meta property=\"og:url\" content=\"https:\/\/suelosport.com\/pt-pt\/producto\/pavimento-de-vinilo-2-mm-roble-natural-por-metro-lineal-2-m-de-ancho\/\" \/>\n<meta property=\"og:site_name\" content=\"Suelosport - Suelos Deportivos\" \/>\n<meta property=\"article:publisher\" content=\"https:\/\/www.facebook.com\/Suelosport-2042694182686080\/\" \/>\n<meta property=\"article:modified_time\" content=\"2023-05-02T17:51:50+00:00\" \/>\n<meta property=\"og:image\" content=\"https:\/\/suelosport.com\/wp-content\/uploads\/2022\/04\/Pavimento_de_vinilo_2_mm_roble_natural_por_metros.jpg\" \/>\n\t<meta property=\"og:image:width\" content=\"652\" \/>\n\t<meta property=\"og:image:height\" content=\"657\" \/>\n\t<meta property=\"og:image:type\" content=\"image\/jpeg\" \/>\n<meta name=\"twitter:card\" content=\"summary_large_image\" \/>\n<meta name=\"twitter:label1\" content=\"Tempo estimado de leitura\" \/>\n\t<meta name=\"twitter:data1\" content=\"1 minuto\" \/>\n<script type=\"application\/ld+json\" class=\"yoast-schema-graph\">{\"@context\":\"https:\\\/\\\/schema.org\",\"@graph\":[{\"@type\":[\"WebPage\",\"ItemPage\"],\"@id\":\"https:\\\/\\\/suelosport.com\\\/pt-pt\\\/producto\\\/pavimento-de-vinilo-2-mm-roble-natural-por-metro-lineal-2-m-de-ancho\\\/\",\"url\":\"https:\\\/\\\/suelosport.com\\\/pt-pt\\\/producto\\\/pavimento-de-vinilo-2-mm-roble-natural-por-metro-lineal-2-m-de-ancho\\\/\",\"name\":\"Pavimento de vinilo 2 mm roble natural por metro lineal (2 m de ancho) | Suelosport - Suelos Deportivos\",\"isPartOf\":{\"@id\":\"https:\\\/\\\/suelosport.com\\\/pt-pt\\\/#website\"},\"primaryImageOfPage\":{\"@id\":\"https:\\\/\\\/suelosport.com\\\/pt-pt\\\/producto\\\/pavimento-de-vinilo-2-mm-roble-natural-por-metro-lineal-2-m-de-ancho\\\/#primaryimage\"},\"image\":{\"@id\":\"https:\\\/\\\/suelosport.com\\\/pt-pt\\\/producto\\\/pavimento-de-vinilo-2-mm-roble-natural-por-metro-lineal-2-m-de-ancho\\\/#primaryimage\"},\"thumbnailUrl\":\"https:\\\/\\\/suelosport.com\\\/wp-content\\\/uploads\\\/2022\\\/04\\\/Pavimento_de_vinilo_2_mm_roble_natural_por_metros.jpg\",\"datePublished\":\"2022-04-28T12:31:09+00:00\",\"dateModified\":\"2023-05-02T17:51:50+00:00\",\"breadcrumb\":{\"@id\":\"https:\\\/\\\/suelosport.com\\\/pt-pt\\\/producto\\\/pavimento-de-vinilo-2-mm-roble-natural-por-metro-lineal-2-m-de-ancho\\\/#breadcrumb\"},\"inLanguage\":\"pt-PT\",\"potentialAction\":[{\"@type\":\"ReadAction\",\"target\":[\"https:\\\/\\\/suelosport.com\\\/pt-pt\\\/producto\\\/pavimento-de-vinilo-2-mm-roble-natural-por-metro-lineal-2-m-de-ancho\\\/\"]}]},{\"@type\":\"ImageObject\",\"inLanguage\":\"pt-PT\",\"@id\":\"https:\\\/\\\/suelosport.com\\\/pt-pt\\\/producto\\\/pavimento-de-vinilo-2-mm-roble-natural-por-metro-lineal-2-m-de-ancho\\\/#primaryimage\",\"url\":\"https:\\\/\\\/suelosport.com\\\/wp-content\\\/uploads\\\/2022\\\/04\\\/Pavimento_de_vinilo_2_mm_roble_natural_por_metros.jpg\",\"contentUrl\":\"https:\\\/\\\/suelosport.com\\\/wp-content\\\/uploads\\\/2022\\\/04\\\/Pavimento_de_vinilo_2_mm_roble_natural_por_metros.jpg\",\"width\":652,\"height\":657,\"caption\":\"Pavimento de vinilo 2 mm roble natural por metros\"},{\"@type\":\"BreadcrumbList\",\"@id\":\"https:\\\/\\\/suelosport.com\\\/pt-pt\\\/producto\\\/pavimento-de-vinilo-2-mm-roble-natural-por-metro-lineal-2-m-de-ancho\\\/#breadcrumb\",\"itemListElement\":[{\"@type\":\"ListItem\",\"position\":1,\"name\":\"Portada\",\"item\":\"https:\\\/\\\/suelosport.com\\\/pt-pt\\\/\"},{\"@type\":\"ListItem\",\"position\":2,\"name\":\"Tienda\",\"item\":\"https:\\\/\\\/suelosport.com\\\/tienda\\\/\"},{\"@type\":\"ListItem\",\"position\":3,\"name\":\"Pavimento de vinilo 2 mm roble natural por metro lineal (2 m de ancho)\"}]},{\"@type\":\"WebSite\",\"@id\":\"https:\\\/\\\/suelosport.com\\\/pt-pt\\\/#website\",\"url\":\"https:\\\/\\\/suelosport.com\\\/pt-pt\\\/\",\"name\":\"Suelosport - Suelos Deportivos\",\"description\":\"Suelos para gimnasios, suelos de goma, losetas y suelos antideslizantes\",\"publisher\":{\"@id\":\"https:\\\/\\\/suelosport.com\\\/pt-pt\\\/#organization\"},\"potentialAction\":[{\"@type\":\"SearchAction\",\"target\":{\"@type\":\"EntryPoint\",\"urlTemplate\":\"https:\\\/\\\/suelosport.com\\\/pt-pt\\\/?s={search_term_string}\"},\"query-input\":{\"@type\":\"PropertyValueSpecification\",\"valueRequired\":true,\"valueName\":\"search_term_string\"}}],\"inLanguage\":\"pt-PT\"},{\"@type\":\"Organization\",\"@id\":\"https:\\\/\\\/suelosport.com\\\/pt-pt\\\/#organization\",\"name\":\"Suelosport\",\"url\":\"https:\\\/\\\/suelosport.com\\\/pt-pt\\\/\",\"logo\":{\"@type\":\"ImageObject\",\"inLanguage\":\"pt-PT\",\"@id\":\"https:\\\/\\\/suelosport.com\\\/pt-pt\\\/#\\\/schema\\\/logo\\\/image\\\/\",\"url\":\"https:\\\/\\\/suelosport.com\\\/wp-content\\\/uploads\\\/2018\\\/03\\\/logo-suelosport.png\",\"contentUrl\":\"https:\\\/\\\/suelosport.com\\\/wp-content\\\/uploads\\\/2018\\\/03\\\/logo-suelosport.png\",\"width\":300,\"height\":67,\"caption\":\"Suelosport\"},\"image\":{\"@id\":\"https:\\\/\\\/suelosport.com\\\/pt-pt\\\/#\\\/schema\\\/logo\\\/image\\\/\"},\"sameAs\":[\"https:\\\/\\\/www.facebook.com\\\/Suelosport-2042694182686080\\\/\",\"https:\\\/\\\/www.linkedin.com\\\/company\\\/suelosport\\\/\",\"https:\\\/\\\/www.youtube.com\\\/channel\\\/UC1eoryUxD4Fw7f1m5wx_vFg?view_as=subscriber\"]}]}<\/script>\n<!-- \/ Yoast SEO plugin. -->","yoast_head_json":{"title":"Pavimento de vinilo 2 mm roble natural por metro lineal (2 m de ancho) | Suelosport - Suelos Deportivos","robots":{"index":"index","follow":"follow","max-snippet":"max-snippet:-1","max-image-preview":"max-image-preview:large","max-video-preview":"max-video-preview:-1"},"canonical":"https:\/\/suelosport.com\/pt-pt\/producto\/pavimento-de-vinilo-2-mm-roble-natural-por-metro-lineal-2-m-de-ancho\/","og_locale":"pt_PT","og_type":"article","og_title":"Pavimento de vinilo 2 mm roble natural por metro lineal (2 m de ancho) | Suelosport - Suelos Deportivos","og_description":"Pavimento vin\u00edlico por metros para un gran n\u00famero de actividades   Espesor 2 mm  Pedido\u00a0m\u00ednimo: \u201c5\u201c metros lineales. Los precios indicados son para \u201c1\u201c metro lineal.","og_url":"https:\/\/suelosport.com\/pt-pt\/producto\/pavimento-de-vinilo-2-mm-roble-natural-por-metro-lineal-2-m-de-ancho\/","og_site_name":"Suelosport - Suelos Deportivos","article_publisher":"https:\/\/www.facebook.com\/Suelosport-2042694182686080\/","article_modified_time":"2023-05-02T17:51:50+00:00","og_image":[{"width":652,"height":657,"url":"https:\/\/suelosport.com\/wp-content\/uploads\/2022\/04\/Pavimento_de_vinilo_2_mm_roble_natural_por_metros.jpg","type":"image\/jpeg"}],"twitter_card":"summary_large_image","twitter_misc":{"Tempo estimado de leitura":"1 minuto"},"schema":{"@context":"https:\/\/schema.org","@graph":[{"@type":["WebPage","ItemPage"],"@id":"https:\/\/suelosport.com\/pt-pt\/producto\/pavimento-de-vinilo-2-mm-roble-natural-por-metro-lineal-2-m-de-ancho\/","url":"https:\/\/suelosport.com\/pt-pt\/producto\/pavimento-de-vinilo-2-mm-roble-natural-por-metro-lineal-2-m-de-ancho\/","name":"Pavimento de vinilo 2 mm roble natural por metro lineal (2 m de ancho) | Suelosport - Suelos Deportivos","isPartOf":{"@id":"https:\/\/suelosport.com\/pt-pt\/#website"},"primaryImageOfPage":{"@id":"https:\/\/suelosport.com\/pt-pt\/producto\/pavimento-de-vinilo-2-mm-roble-natural-por-metro-lineal-2-m-de-ancho\/#primaryimage"},"image":{"@id":"https:\/\/suelosport.com\/pt-pt\/producto\/pavimento-de-vinilo-2-mm-roble-natural-por-metro-lineal-2-m-de-ancho\/#primaryimage"},"thumbnailUrl":"https:\/\/suelosport.com\/wp-content\/uploads\/2022\/04\/Pavimento_de_vinilo_2_mm_roble_natural_por_metros.jpg","datePublished":"2022-04-28T12:31:09+00:00","dateModified":"2023-05-02T17:51:50+00:00","breadcrumb":{"@id":"https:\/\/suelosport.com\/pt-pt\/producto\/pavimento-de-vinilo-2-mm-roble-natural-por-metro-lineal-2-m-de-ancho\/#breadcrumb"},"inLanguage":"pt-PT","potentialAction":[{"@type":"ReadAction","target":["https:\/\/suelosport.com\/pt-pt\/producto\/pavimento-de-vinilo-2-mm-roble-natural-por-metro-lineal-2-m-de-ancho\/"]}]},{"@type":"ImageObject","inLanguage":"pt-PT","@id":"https:\/\/suelosport.com\/pt-pt\/producto\/pavimento-de-vinilo-2-mm-roble-natural-por-metro-lineal-2-m-de-ancho\/#primaryimage","url":"https:\/\/suelosport.com\/wp-content\/uploads\/2022\/04\/Pavimento_de_vinilo_2_mm_roble_natural_por_metros.jpg","contentUrl":"https:\/\/suelosport.com\/wp-content\/uploads\/2022\/04\/Pavimento_de_vinilo_2_mm_roble_natural_por_metros.jpg","width":652,"height":657,"caption":"Pavimento de vinilo 2 mm roble natural por metros"},{"@type":"BreadcrumbList","@id":"https:\/\/suelosport.com\/pt-pt\/producto\/pavimento-de-vinilo-2-mm-roble-natural-por-metro-lineal-2-m-de-ancho\/#breadcrumb","itemListElement":[{"@type":"ListItem","position":1,"name":"Portada","item":"https:\/\/suelosport.com\/pt-pt\/"},{"@type":"ListItem","position":2,"name":"Tienda","item":"https:\/\/suelosport.com\/tienda\/"},{"@type":"ListItem","position":3,"name":"Pavimento de vinilo 2 mm roble natural por metro lineal (2 m de ancho)"}]},{"@type":"WebSite","@id":"https:\/\/suelosport.com\/pt-pt\/#website","url":"https:\/\/suelosport.com\/pt-pt\/","name":"Suelosport - Suelos Deportivos","description":"Suelos para gimnasios, suelos de goma, losetas y suelos antideslizantes","publisher":{"@id":"https:\/\/suelosport.com\/pt-pt\/#organization"},"potentialAction":[{"@type":"SearchAction","target":{"@type":"EntryPoint","urlTemplate":"https:\/\/suelosport.com\/pt-pt\/?s={search_term_string}"},"query-input":{"@type":"PropertyValueSpecification","valueRequired":true,"valueName":"search_term_string"}}],"inLanguage":"pt-PT"},{"@type":"Organization","@id":"https:\/\/suelosport.com\/pt-pt\/#organization","name":"Suelosport","url":"https:\/\/suelosport.com\/pt-pt\/","logo":{"@type":"ImageObject","inLanguage":"pt-PT","@id":"https:\/\/suelosport.com\/pt-pt\/#\/schema\/logo\/image\/","url":"https:\/\/suelosport.com\/wp-content\/uploads\/2018\/03\/logo-suelosport.png","contentUrl":"https:\/\/suelosport.com\/wp-content\/uploads\/2018\/03\/logo-suelosport.png","width":300,"height":67,"caption":"Suelosport"},"image":{"@id":"https:\/\/suelosport.com\/pt-pt\/#\/schema\/logo\/image\/"},"sameAs":["https:\/\/www.facebook.com\/Suelosport-2042694182686080\/","https:\/\/www.linkedin.com\/company\/suelosport\/","https:\/\/www.youtube.com\/channel\/UC1eoryUxD4Fw7f1m5wx_vFg?view_as=subscriber"]}]}},"_links":{"self":[{"href":"https:\/\/suelosport.com\/pt-pt\/wp-json\/wp\/v2\/product\/47967","targetHints":{"allow":["GET"]}}],"collection":[{"href":"https:\/\/suelosport.com\/pt-pt\/wp-json\/wp\/v2\/product"}],"about":[{"href":"https:\/\/suelosport.com\/pt-pt\/wp-json\/wp\/v2\/types\/product"}],"replies":[{"embeddable":true,"href":"https:\/\/suelosport.com\/pt-pt\/wp-json\/wp\/v2\/comments?post=47967"}],"wp:featuredmedia":[{"embeddable":true,"href":"https:\/\/suelosport.com\/pt-pt\/wp-json\/wp\/v2\/media\/47968"}],"wp:attachment":[{"href":"https:\/\/suelosport.com\/pt-pt\/wp-json\/wp\/v2\/media?parent=47967"}],"wp:term":[{"taxonomy":"product_brand","embeddable":true,"href":"https:\/\/suelosport.com\/pt-pt\/wp-json\/wp\/v2\/product_brand?post=47967"},{"taxonomy":"product_cat","embeddable":true,"href":"https:\/\/suelosport.com\/pt-pt\/wp-json\/wp\/v2\/product_cat?post=47967"},{"taxonomy":"product_tag","embeddable":true,"href":"https:\/\/suelosport.com\/pt-pt\/wp-json\/wp\/v2\/product_tag?post=47967"}],"curies":[{"name":"wp","href":"https:\/\/api.w.org\/{rel}","templated":true}]}}