{"id":47861,"date":"2022-04-27T14:09:30","date_gmt":"2022-04-27T13:09:30","guid":{"rendered":"https:\/\/suelosport.com\/?post_type=product&#038;p=47861"},"modified":"2025-02-10T08:32:33","modified_gmt":"2025-02-10T07:32:33","slug":"pavimento-de-vinilo-4-mm-de-colores","status":"publish","type":"product","link":"https:\/\/suelosport.com\/pt-pt\/producto\/pavimento-de-vinilo-4-mm-de-colores\/","title":{"rendered":"Pavimento de vinilo 4 mm de colores"},"content":{"rendered":"<p><b>Pavimento de vinilo<\/b><span style=\"font-weight: 400;\"> fabricado a partir de espuma de poliuretano (PUR). Suelo muy econ\u00f3mico y vers\u00e1til cada vez m\u00e1s empleado para el desarrollo de un gran n\u00famero de actividades que gracias a sus propiedades y caracter\u00edsticas nos aseguran una pr\u00e1ctica segura de cualquier modalidad deportiva evitando el riesgo de sufrir lesiones.<\/span><\/p>\n<p><span style=\"font-weight: 400;\">El pavimento de vinilo es el suelo perfecto para ser empleado en:<\/span><\/p>\n<ul>\n<li style=\"font-weight: 400;\" aria-level=\"1\"><span style=\"font-weight: 400;\">Gimnasios<\/span><\/li>\n<li style=\"font-weight: 400;\" aria-level=\"1\"><span style=\"font-weight: 400;\">Centros deportivos<\/span><\/li>\n<li style=\"font-weight: 400;\" aria-level=\"1\"><span style=\"font-weight: 400;\">Zona de m\u00e1quinas de cardio y musculaci\u00f3n<\/span><\/li>\n<li style=\"font-weight: 400;\" aria-level=\"1\"><span style=\"font-weight: 400;\">Pabellones multideportivos indoor (f\u00fatbol, baloncesto, etc)<\/span><\/li>\n<li style=\"font-weight: 400;\" aria-level=\"1\"><span style=\"font-weight: 400;\">Clases grupales<\/span><\/li>\n<li style=\"font-weight: 400;\" aria-level=\"1\"><span style=\"font-weight: 400;\">Clases de yoga, zumba, baile, danza, pilates, etc<\/span><\/li>\n<li style=\"font-weight: 400;\" aria-level=\"1\"><span style=\"font-weight: 400;\">\u00c1reas comerciales<\/span><\/li>\n<li style=\"font-weight: 400;\" aria-level=\"1\"><span style=\"font-weight: 400;\">Colegios y guarder\u00edas<\/span><\/li>\n<li style=\"font-weight: 400;\" aria-level=\"1\"><span style=\"font-weight: 400;\">Espacios recreativos<\/span><\/li>\n<li style=\"font-weight: 400;\" aria-level=\"1\"><span style=\"font-weight: 400;\">Laboratorios, ba\u00f1os, cocinas, etc.<\/span><\/li>\n<\/ul>\n","protected":false},"excerpt":{"rendered":"<p><b>Pavimento de vinilo en rollo de varios colores<\/b><span style=\"font-weight: 400;\">. Magnifico suelo vin\u00edlico perfecto para la pr\u00e1ctica de un gran n\u00famero de actividades deportivas. Gran aislamiento de ruido de impacto <\/span><span style=\"font-weight: 400;\">(18 dB).<\/span><\/p>\n<ul>\n<li style=\"font-weight: 400;\" aria-level=\"2\"><span style=\"font-weight: 400;\">Espesor: 4 mm<\/span><\/li>\n<li style=\"font-weight: 400;\" aria-level=\"2\"><span style=\"font-weight: 400;\">Medidas del rollo: 1,8 x 16 m (28,8 m\u00b2)<\/span><\/li>\n<\/ul>\n","protected":false},"featured_media":47882,"comment_status":"open","ping_status":"closed","template":"","meta":{"inline_featured_image":false},"product_brand":[],"product_cat":[405],"product_tag":[1683,1783,1784,1785],"class_list":{"0":"post-47861","1":"product","2":"type-product","3":"status-publish","4":"has-post-thumbnail","6":"product_cat-suelo-vinilico","7":"product_tag-suelo-de-vinilo","8":"product_tag-suelo-vinilico","9":"product_tag-pavimento-de-vinilo","10":"product_tag-suelo-de-pvc","12":"first","13":"instock","14":"taxable","15":"shipping-taxable","16":"purchasable","17":"product-type-variable"},"yoast_head":"<!-- This site is optimized with the Yoast SEO plugin v27.4 - https:\/\/yoast.com\/product\/yoast-seo-wordpress\/ -->\n<title>Pavimento de vinilo 4 mm de colores | Suelosport - Suelos Deportivos<\/title>\n<meta name=\"robots\" content=\"index, follow, max-snippet:-1, max-image-preview:large, max-video-preview:-1\" \/>\n<link rel=\"canonical\" href=\"https:\/\/suelosport.com\/pt-pt\/producto\/pavimento-de-vinilo-4-mm-de-colores\/\" \/>\n<meta property=\"og:locale\" content=\"pt_PT\" \/>\n<meta property=\"og:type\" content=\"article\" \/>\n<meta property=\"og:title\" content=\"Pavimento de vinilo 4 mm de colores | Suelosport - Suelos Deportivos\" \/>\n<meta property=\"og:description\" content=\"Pavimento de vinilo en rollo de varios colores. Magnifico suelo vin\u00edlico perfecto para la pr\u00e1ctica de un gran n\u00famero de actividades deportivas. Gran aislamiento de ruido de impacto (18 dB).   Espesor: 4 mm  Medidas del rollo: 1,8 x 16 m (28,8 m\u00b2)\" \/>\n<meta property=\"og:url\" content=\"https:\/\/suelosport.com\/pt-pt\/producto\/pavimento-de-vinilo-4-mm-de-colores\/\" \/>\n<meta property=\"og:site_name\" content=\"Suelosport - Suelos Deportivos\" \/>\n<meta property=\"article:publisher\" content=\"https:\/\/www.facebook.com\/Suelosport-2042694182686080\/\" \/>\n<meta property=\"article:modified_time\" content=\"2025-02-10T07:32:33+00:00\" \/>\n<meta property=\"og:image\" content=\"https:\/\/suelosport.com\/wp-content\/uploads\/2022\/04\/Pavimento_de_vinilo_4_mm_de_colores.jpg\" \/>\n\t<meta property=\"og:image:width\" content=\"1000\" \/>\n\t<meta property=\"og:image:height\" content=\"1000\" \/>\n\t<meta property=\"og:image:type\" content=\"image\/jpeg\" \/>\n<meta name=\"twitter:card\" content=\"summary_large_image\" \/>\n<meta name=\"twitter:label1\" content=\"Tempo estimado de leitura\" \/>\n\t<meta name=\"twitter:data1\" content=\"1 minuto\" \/>\n<script type=\"application\/ld+json\" class=\"yoast-schema-graph\">{\"@context\":\"https:\\\/\\\/schema.org\",\"@graph\":[{\"@type\":[\"WebPage\",\"ItemPage\"],\"@id\":\"https:\\\/\\\/suelosport.com\\\/pt-pt\\\/producto\\\/pavimento-de-vinilo-4-mm-de-colores\\\/\",\"url\":\"https:\\\/\\\/suelosport.com\\\/pt-pt\\\/producto\\\/pavimento-de-vinilo-4-mm-de-colores\\\/\",\"name\":\"Pavimento de vinilo 4 mm de colores | Suelosport - Suelos Deportivos\",\"isPartOf\":{\"@id\":\"https:\\\/\\\/suelosport.com\\\/pt-pt\\\/#website\"},\"primaryImageOfPage\":{\"@id\":\"https:\\\/\\\/suelosport.com\\\/pt-pt\\\/producto\\\/pavimento-de-vinilo-4-mm-de-colores\\\/#primaryimage\"},\"image\":{\"@id\":\"https:\\\/\\\/suelosport.com\\\/pt-pt\\\/producto\\\/pavimento-de-vinilo-4-mm-de-colores\\\/#primaryimage\"},\"thumbnailUrl\":\"https:\\\/\\\/suelosport.com\\\/wp-content\\\/uploads\\\/2022\\\/04\\\/Pavimento_de_vinilo_4_mm_de_colores.jpg\",\"datePublished\":\"2022-04-27T13:09:30+00:00\",\"dateModified\":\"2025-02-10T07:32:33+00:00\",\"breadcrumb\":{\"@id\":\"https:\\\/\\\/suelosport.com\\\/pt-pt\\\/producto\\\/pavimento-de-vinilo-4-mm-de-colores\\\/#breadcrumb\"},\"inLanguage\":\"pt-PT\",\"potentialAction\":[{\"@type\":\"ReadAction\",\"target\":[\"https:\\\/\\\/suelosport.com\\\/pt-pt\\\/producto\\\/pavimento-de-vinilo-4-mm-de-colores\\\/\"]}]},{\"@type\":\"ImageObject\",\"inLanguage\":\"pt-PT\",\"@id\":\"https:\\\/\\\/suelosport.com\\\/pt-pt\\\/producto\\\/pavimento-de-vinilo-4-mm-de-colores\\\/#primaryimage\",\"url\":\"https:\\\/\\\/suelosport.com\\\/wp-content\\\/uploads\\\/2022\\\/04\\\/Pavimento_de_vinilo_4_mm_de_colores.jpg\",\"contentUrl\":\"https:\\\/\\\/suelosport.com\\\/wp-content\\\/uploads\\\/2022\\\/04\\\/Pavimento_de_vinilo_4_mm_de_colores.jpg\",\"width\":1000,\"height\":1000,\"caption\":\"Pavimento de vinilo 4 mm de colores\"},{\"@type\":\"BreadcrumbList\",\"@id\":\"https:\\\/\\\/suelosport.com\\\/pt-pt\\\/producto\\\/pavimento-de-vinilo-4-mm-de-colores\\\/#breadcrumb\",\"itemListElement\":[{\"@type\":\"ListItem\",\"position\":1,\"name\":\"Portada\",\"item\":\"https:\\\/\\\/suelosport.com\\\/pt-pt\\\/\"},{\"@type\":\"ListItem\",\"position\":2,\"name\":\"Tienda\",\"item\":\"https:\\\/\\\/suelosport.com\\\/tienda\\\/\"},{\"@type\":\"ListItem\",\"position\":3,\"name\":\"Pavimento de vinilo 4 mm de colores\"}]},{\"@type\":\"WebSite\",\"@id\":\"https:\\\/\\\/suelosport.com\\\/pt-pt\\\/#website\",\"url\":\"https:\\\/\\\/suelosport.com\\\/pt-pt\\\/\",\"name\":\"Suelosport - Suelos Deportivos\",\"description\":\"Suelos para gimnasios, suelos de goma, losetas y suelos antideslizantes\",\"publisher\":{\"@id\":\"https:\\\/\\\/suelosport.com\\\/pt-pt\\\/#organization\"},\"potentialAction\":[{\"@type\":\"SearchAction\",\"target\":{\"@type\":\"EntryPoint\",\"urlTemplate\":\"https:\\\/\\\/suelosport.com\\\/pt-pt\\\/?s={search_term_string}\"},\"query-input\":{\"@type\":\"PropertyValueSpecification\",\"valueRequired\":true,\"valueName\":\"search_term_string\"}}],\"inLanguage\":\"pt-PT\"},{\"@type\":\"Organization\",\"@id\":\"https:\\\/\\\/suelosport.com\\\/pt-pt\\\/#organization\",\"name\":\"Suelosport\",\"url\":\"https:\\\/\\\/suelosport.com\\\/pt-pt\\\/\",\"logo\":{\"@type\":\"ImageObject\",\"inLanguage\":\"pt-PT\",\"@id\":\"https:\\\/\\\/suelosport.com\\\/pt-pt\\\/#\\\/schema\\\/logo\\\/image\\\/\",\"url\":\"https:\\\/\\\/suelosport.com\\\/wp-content\\\/uploads\\\/2018\\\/03\\\/logo-suelosport.png\",\"contentUrl\":\"https:\\\/\\\/suelosport.com\\\/wp-content\\\/uploads\\\/2018\\\/03\\\/logo-suelosport.png\",\"width\":300,\"height\":67,\"caption\":\"Suelosport\"},\"image\":{\"@id\":\"https:\\\/\\\/suelosport.com\\\/pt-pt\\\/#\\\/schema\\\/logo\\\/image\\\/\"},\"sameAs\":[\"https:\\\/\\\/www.facebook.com\\\/Suelosport-2042694182686080\\\/\",\"https:\\\/\\\/www.linkedin.com\\\/company\\\/suelosport\\\/\",\"https:\\\/\\\/www.youtube.com\\\/channel\\\/UC1eoryUxD4Fw7f1m5wx_vFg?view_as=subscriber\"]}]}<\/script>\n<!-- \/ Yoast SEO plugin. -->","yoast_head_json":{"title":"Pavimento de vinilo 4 mm de colores | Suelosport - Suelos Deportivos","robots":{"index":"index","follow":"follow","max-snippet":"max-snippet:-1","max-image-preview":"max-image-preview:large","max-video-preview":"max-video-preview:-1"},"canonical":"https:\/\/suelosport.com\/pt-pt\/producto\/pavimento-de-vinilo-4-mm-de-colores\/","og_locale":"pt_PT","og_type":"article","og_title":"Pavimento de vinilo 4 mm de colores | Suelosport - Suelos Deportivos","og_description":"Pavimento de vinilo en rollo de varios colores. Magnifico suelo vin\u00edlico perfecto para la pr\u00e1ctica de un gran n\u00famero de actividades deportivas. Gran aislamiento de ruido de impacto (18 dB).   Espesor: 4 mm  Medidas del rollo: 1,8 x 16 m (28,8 m\u00b2)","og_url":"https:\/\/suelosport.com\/pt-pt\/producto\/pavimento-de-vinilo-4-mm-de-colores\/","og_site_name":"Suelosport - Suelos Deportivos","article_publisher":"https:\/\/www.facebook.com\/Suelosport-2042694182686080\/","article_modified_time":"2025-02-10T07:32:33+00:00","og_image":[{"width":1000,"height":1000,"url":"https:\/\/suelosport.com\/wp-content\/uploads\/2022\/04\/Pavimento_de_vinilo_4_mm_de_colores.jpg","type":"image\/jpeg"}],"twitter_card":"summary_large_image","twitter_misc":{"Tempo estimado de leitura":"1 minuto"},"schema":{"@context":"https:\/\/schema.org","@graph":[{"@type":["WebPage","ItemPage"],"@id":"https:\/\/suelosport.com\/pt-pt\/producto\/pavimento-de-vinilo-4-mm-de-colores\/","url":"https:\/\/suelosport.com\/pt-pt\/producto\/pavimento-de-vinilo-4-mm-de-colores\/","name":"Pavimento de vinilo 4 mm de colores | Suelosport - Suelos Deportivos","isPartOf":{"@id":"https:\/\/suelosport.com\/pt-pt\/#website"},"primaryImageOfPage":{"@id":"https:\/\/suelosport.com\/pt-pt\/producto\/pavimento-de-vinilo-4-mm-de-colores\/#primaryimage"},"image":{"@id":"https:\/\/suelosport.com\/pt-pt\/producto\/pavimento-de-vinilo-4-mm-de-colores\/#primaryimage"},"thumbnailUrl":"https:\/\/suelosport.com\/wp-content\/uploads\/2022\/04\/Pavimento_de_vinilo_4_mm_de_colores.jpg","datePublished":"2022-04-27T13:09:30+00:00","dateModified":"2025-02-10T07:32:33+00:00","breadcrumb":{"@id":"https:\/\/suelosport.com\/pt-pt\/producto\/pavimento-de-vinilo-4-mm-de-colores\/#breadcrumb"},"inLanguage":"pt-PT","potentialAction":[{"@type":"ReadAction","target":["https:\/\/suelosport.com\/pt-pt\/producto\/pavimento-de-vinilo-4-mm-de-colores\/"]}]},{"@type":"ImageObject","inLanguage":"pt-PT","@id":"https:\/\/suelosport.com\/pt-pt\/producto\/pavimento-de-vinilo-4-mm-de-colores\/#primaryimage","url":"https:\/\/suelosport.com\/wp-content\/uploads\/2022\/04\/Pavimento_de_vinilo_4_mm_de_colores.jpg","contentUrl":"https:\/\/suelosport.com\/wp-content\/uploads\/2022\/04\/Pavimento_de_vinilo_4_mm_de_colores.jpg","width":1000,"height":1000,"caption":"Pavimento de vinilo 4 mm de colores"},{"@type":"BreadcrumbList","@id":"https:\/\/suelosport.com\/pt-pt\/producto\/pavimento-de-vinilo-4-mm-de-colores\/#breadcrumb","itemListElement":[{"@type":"ListItem","position":1,"name":"Portada","item":"https:\/\/suelosport.com\/pt-pt\/"},{"@type":"ListItem","position":2,"name":"Tienda","item":"https:\/\/suelosport.com\/tienda\/"},{"@type":"ListItem","position":3,"name":"Pavimento de vinilo 4 mm de colores"}]},{"@type":"WebSite","@id":"https:\/\/suelosport.com\/pt-pt\/#website","url":"https:\/\/suelosport.com\/pt-pt\/","name":"Suelosport - Suelos Deportivos","description":"Suelos para gimnasios, suelos de goma, losetas y suelos antideslizantes","publisher":{"@id":"https:\/\/suelosport.com\/pt-pt\/#organization"},"potentialAction":[{"@type":"SearchAction","target":{"@type":"EntryPoint","urlTemplate":"https:\/\/suelosport.com\/pt-pt\/?s={search_term_string}"},"query-input":{"@type":"PropertyValueSpecification","valueRequired":true,"valueName":"search_term_string"}}],"inLanguage":"pt-PT"},{"@type":"Organization","@id":"https:\/\/suelosport.com\/pt-pt\/#organization","name":"Suelosport","url":"https:\/\/suelosport.com\/pt-pt\/","logo":{"@type":"ImageObject","inLanguage":"pt-PT","@id":"https:\/\/suelosport.com\/pt-pt\/#\/schema\/logo\/image\/","url":"https:\/\/suelosport.com\/wp-content\/uploads\/2018\/03\/logo-suelosport.png","contentUrl":"https:\/\/suelosport.com\/wp-content\/uploads\/2018\/03\/logo-suelosport.png","width":300,"height":67,"caption":"Suelosport"},"image":{"@id":"https:\/\/suelosport.com\/pt-pt\/#\/schema\/logo\/image\/"},"sameAs":["https:\/\/www.facebook.com\/Suelosport-2042694182686080\/","https:\/\/www.linkedin.com\/company\/suelosport\/","https:\/\/www.youtube.com\/channel\/UC1eoryUxD4Fw7f1m5wx_vFg?view_as=subscriber"]}]}},"_links":{"self":[{"href":"https:\/\/suelosport.com\/pt-pt\/wp-json\/wp\/v2\/product\/47861","targetHints":{"allow":["GET"]}}],"collection":[{"href":"https:\/\/suelosport.com\/pt-pt\/wp-json\/wp\/v2\/product"}],"about":[{"href":"https:\/\/suelosport.com\/pt-pt\/wp-json\/wp\/v2\/types\/product"}],"replies":[{"embeddable":true,"href":"https:\/\/suelosport.com\/pt-pt\/wp-json\/wp\/v2\/comments?post=47861"}],"wp:featuredmedia":[{"embeddable":true,"href":"https:\/\/suelosport.com\/pt-pt\/wp-json\/wp\/v2\/media\/47882"}],"wp:attachment":[{"href":"https:\/\/suelosport.com\/pt-pt\/wp-json\/wp\/v2\/media?parent=47861"}],"wp:term":[{"taxonomy":"product_brand","embeddable":true,"href":"https:\/\/suelosport.com\/pt-pt\/wp-json\/wp\/v2\/product_brand?post=47861"},{"taxonomy":"product_cat","embeddable":true,"href":"https:\/\/suelosport.com\/pt-pt\/wp-json\/wp\/v2\/product_cat?post=47861"},{"taxonomy":"product_tag","embeddable":true,"href":"https:\/\/suelosport.com\/pt-pt\/wp-json\/wp\/v2\/product_tag?post=47861"}],"curies":[{"name":"wp","href":"https:\/\/api.w.org\/{rel}","templated":true}]}}