{"id":43140,"date":"2021-07-14T10:37:03","date_gmt":"2021-07-14T09:37:03","guid":{"rendered":"https:\/\/suelosport.com\/?post_type=product&#038;p=43140"},"modified":"2026-04-29T17:51:47","modified_gmt":"2026-04-29T16:51:47","slug":"losetas-de-caucho-alta-densidad-premium-color-negro-100-x-100-cm","status":"publish","type":"product","link":"https:\/\/suelosport.com\/pt-pt\/producto\/losetas-de-caucho-alta-densidad-premium-color-negro-100-x-100-cm\/","title":{"rendered":"Losetas de caucho alta densidad Premium Universe color negro 100&#215;100 cm"},"content":{"rendered":"<h2>Losetas de caucho Premium Universe color negro 100&#215;100 cm<\/h2>\n<p style=\"color: #777777;\"><strong style=\"font-weight: bolder;\"><span style=\"color: #ed1c24;\"><strong>Pedido m\u00ednimo: 4 losetas <\/strong><\/span><span style=\"color: #ff0000;\"><strong>(para islas, Ceuta, Melilla y Portugal: 8 losetas)<\/strong><\/span><\/strong><\/p>\n<p style=\"color: #777777;\"><strong style=\"font-weight: bolder;\">Losetas de alta densidad Premium Universe para gimnasio, fabricadas en caucho<\/strong> con una nueva tecnolog\u00eda que combina gr\u00e1nulos de caucho ultrafinos y agentes adhesivos de poliuretano. Superficie lisa y suave no porosa. Fuertes, muy resistentes, f\u00e1ciles de limpiar, m\u00e1s higi\u00e9nicas y de muy f\u00e1cil instalaci\u00f3n.<\/p>\n<ul style=\"color: #777777;\">\n<li style=\"list-style-type: none;\">\n<ul>\n<li>Gimnasios y centros de entrenamiento personal.<\/li>\n<li>Crossfit.<\/li>\n<li>Zona de peso libre y con altas cargas de trabajo.<\/li>\n<li>Cross training.<\/li>\n<li>Zona de \u00e1reas funcionales.<\/li>\n<li>Zona o \u00e1reas de m\u00e1quinas y jaulas.<\/li>\n<li>Centros de fisioterapia.<\/li>\n<li>Guarder\u00edas, geri\u00e1tricos y colegios.<\/li>\n<li>Galer\u00edas de tiro, etc.<\/li>\n<\/ul>\n<\/li>\n<\/ul>\n","protected":false},"excerpt":{"rendered":"<p><span data-sheets-value=\"{&quot;1&quot;:2,&quot;2&quot;:&quot;Loseta de caucho negra de alta densidad premium de una granulometr\u00eda fina especialmente indicada para soportar un uso intensivo en gimnasios, zona de \u00e1reas funcionales, zonas de peso libre, etc.&quot;}\" data-sheets-userformat=\"{&quot;2&quot;:513,&quot;3&quot;:{&quot;1&quot;:0},&quot;12&quot;:0}\">Loseta de caucho negra de alta densidad Premium Universe, fabricada con granulometr\u00eda fina, especialmente indicada para personas exigentes.<\/span><\/p>\n<p><span data-sheets-value=\"{&quot;1&quot;:2,&quot;2&quot;:&quot;Loseta de caucho negra de alta densidad premium de una granulometr\u00eda fina especialmente indicada para soportar un uso intensivo en gimnasios, zona de \u00e1reas funcionales, zonas de peso libre, etc.&quot;}\" data-sheets-userformat=\"{&quot;2&quot;:513,&quot;3&quot;:{&quot;1&quot;:0},&quot;12&quot;:0}\">Soportan un uso intensivo y una alta carga de trabajo en gimnasios, zona de \u00e1reas funcionales, zonas de peso libre, etc.<\/span><\/p>\n<p>El plazo de entrega de este producto puede verse afectado en funci\u00f3n del modelo.<\/p>\n<p>Ver pedido m\u00ednimo en Descripci\u00f3n.<\/p>\n<a href=\"https:\/\/suelosport.com\/instalacion-y-mantenimiento-de-losetas-de-caucho\/\" class=\"button primary is-small\" >\n\t\t<span>Instalaci\u00f3n<\/span>\n\t<\/a>\n\n<a href=\"https:\/\/suelosport.com\/consejos-para-elegir-las-losetas-de-caucho\/\" class=\"button secondary is-small\" >\n\t\t<span>\u00bfQu\u00e9 losetas elegir?<\/span>\n\t<\/a>\n\n<p><iframe loading=\"lazy\" src=\"https:\/\/www.youtube-nocookie.com\/embed\/gy9ZwWA154Y\/?rel=0&amp;amp\" width=\"250\" height=\"150\" frameborder=\"0\" allowfullscreen=\"allowfullscreen\"><\/iframe> <iframe loading=\"lazy\" src=\"https:\/\/www.youtube-nocookie.com\/embed\/oiMAxRVHe6k\/?rel=0&amp;amp\" width=\"250\" height=\"150\" frameborder=\"0\" allowfullscreen=\"allowfullscreen\"><\/iframe><\/p>\n","protected":false},"featured_media":43241,"comment_status":"open","ping_status":"closed","template":"","meta":{"inline_featured_image":false},"product_brand":[2210],"product_cat":[117],"product_tag":[1720,1774,1775,198],"class_list":{"0":"post-43140","1":"product","2":"type-product","3":"status-publish","4":"has-post-thumbnail","6":"product_brand-suelosport","7":"product_cat-losetas-de-caucho","8":"product_tag-losetas-de-caucho","9":"product_tag-losetas-de-caucho-100-x-100-cm","10":"product_tag-loseta-caucho","11":"product_tag-losetas","12":"product_shipping_class-sueloscauchoytatamis","14":"first","15":"instock","16":"sale","17":"taxable","18":"shipping-taxable","19":"purchasable","20":"product-type-variable"},"yoast_head":"<!-- This site is optimized with the Yoast SEO plugin v27.5 - https:\/\/yoast.com\/product\/yoast-seo-wordpress\/ -->\n<title>Losetas de caucho alta densidad color negro 100x100 cm<\/title>\n<meta name=\"description\" content=\"Losetas de caucho alta densidad Premium Universe color negro 100x100 cm. Superficie lisa y suave no porosa. Fuertes, muy resistentes, f\u00e1ciles de limpiar\" \/>\n<meta name=\"robots\" content=\"index, follow, max-snippet:-1, max-image-preview:large, max-video-preview:-1\" \/>\n<link rel=\"canonical\" href=\"https:\/\/suelosport.com\/pt-pt\/producto\/losetas-de-caucho-alta-densidad-premium-color-negro-100-x-100-cm\/\" \/>\n<meta property=\"og:locale\" content=\"pt_PT\" \/>\n<meta property=\"og:type\" content=\"article\" \/>\n<meta property=\"og:title\" content=\"Losetas de caucho alta densidad color negro 100x100 cm\" \/>\n<meta property=\"og:description\" content=\"Losetas de caucho alta densidad Premium Universe color negro 100x100 cm. Superficie lisa y suave no porosa. Fuertes, muy resistentes, f\u00e1ciles de limpiar\" \/>\n<meta property=\"og:url\" content=\"https:\/\/suelosport.com\/pt-pt\/producto\/losetas-de-caucho-alta-densidad-premium-color-negro-100-x-100-cm\/\" \/>\n<meta property=\"og:site_name\" content=\"Suelosport - Suelos Deportivos\" \/>\n<meta property=\"article:publisher\" content=\"https:\/\/www.facebook.com\/Suelosport-2042694182686080\/\" \/>\n<meta property=\"article:modified_time\" content=\"2026-04-29T16:51:47+00:00\" \/>\n<meta property=\"og:image\" content=\"https:\/\/suelosport.com\/wp-content\/uploads\/2021\/07\/Loseta_de_caucho_alta_densidad_premium_negra_2-1.jpg\" \/>\n\t<meta property=\"og:image:width\" content=\"750\" \/>\n\t<meta property=\"og:image:height\" content=\"1000\" \/>\n\t<meta property=\"og:image:type\" content=\"image\/jpeg\" \/>\n<meta name=\"twitter:card\" content=\"summary_large_image\" \/>\n<meta name=\"twitter:label1\" content=\"Tempo estimado de leitura\" \/>\n\t<meta name=\"twitter:data1\" content=\"1 minuto\" \/>\n<script type=\"application\/ld+json\" class=\"yoast-schema-graph\">{\"@context\":\"https:\\\/\\\/schema.org\",\"@graph\":[{\"@type\":[\"WebPage\",\"ItemPage\"],\"@id\":\"https:\\\/\\\/suelosport.com\\\/pt-pt\\\/producto\\\/losetas-de-caucho-alta-densidad-premium-color-negro-100-x-100-cm\\\/\",\"url\":\"https:\\\/\\\/suelosport.com\\\/pt-pt\\\/producto\\\/losetas-de-caucho-alta-densidad-premium-color-negro-100-x-100-cm\\\/\",\"name\":\"Losetas de caucho alta densidad color negro 100x100 cm\",\"isPartOf\":{\"@id\":\"https:\\\/\\\/suelosport.com\\\/pt-pt\\\/#website\"},\"primaryImageOfPage\":{\"@id\":\"https:\\\/\\\/suelosport.com\\\/pt-pt\\\/producto\\\/losetas-de-caucho-alta-densidad-premium-color-negro-100-x-100-cm\\\/#primaryimage\"},\"image\":{\"@id\":\"https:\\\/\\\/suelosport.com\\\/pt-pt\\\/producto\\\/losetas-de-caucho-alta-densidad-premium-color-negro-100-x-100-cm\\\/#primaryimage\"},\"thumbnailUrl\":\"https:\\\/\\\/suelosport.com\\\/wp-content\\\/uploads\\\/2021\\\/07\\\/Loseta_de_caucho_alta_densidad_premium_negra_2-1.jpg\",\"datePublished\":\"2021-07-14T09:37:03+00:00\",\"dateModified\":\"2026-04-29T16:51:47+00:00\",\"description\":\"Losetas de caucho alta densidad Premium Universe color negro 100x100 cm. Superficie lisa y suave no porosa. Fuertes, muy resistentes, f\u00e1ciles de limpiar\",\"breadcrumb\":{\"@id\":\"https:\\\/\\\/suelosport.com\\\/pt-pt\\\/producto\\\/losetas-de-caucho-alta-densidad-premium-color-negro-100-x-100-cm\\\/#breadcrumb\"},\"inLanguage\":\"pt-PT\",\"potentialAction\":[{\"@type\":\"ReadAction\",\"target\":[\"https:\\\/\\\/suelosport.com\\\/pt-pt\\\/producto\\\/losetas-de-caucho-alta-densidad-premium-color-negro-100-x-100-cm\\\/\"]}]},{\"@type\":\"ImageObject\",\"inLanguage\":\"pt-PT\",\"@id\":\"https:\\\/\\\/suelosport.com\\\/pt-pt\\\/producto\\\/losetas-de-caucho-alta-densidad-premium-color-negro-100-x-100-cm\\\/#primaryimage\",\"url\":\"https:\\\/\\\/suelosport.com\\\/wp-content\\\/uploads\\\/2021\\\/07\\\/Loseta_de_caucho_alta_densidad_premium_negra_2-1.jpg\",\"contentUrl\":\"https:\\\/\\\/suelosport.com\\\/wp-content\\\/uploads\\\/2021\\\/07\\\/Loseta_de_caucho_alta_densidad_premium_negra_2-1.jpg\",\"width\":750,\"height\":1000,\"caption\":\"Loseta de caucho alta densidad premium negra\"},{\"@type\":\"BreadcrumbList\",\"@id\":\"https:\\\/\\\/suelosport.com\\\/pt-pt\\\/producto\\\/losetas-de-caucho-alta-densidad-premium-color-negro-100-x-100-cm\\\/#breadcrumb\",\"itemListElement\":[{\"@type\":\"ListItem\",\"position\":1,\"name\":\"Portada\",\"item\":\"https:\\\/\\\/suelosport.com\\\/pt-pt\\\/\"},{\"@type\":\"ListItem\",\"position\":2,\"name\":\"Tienda\",\"item\":\"https:\\\/\\\/suelosport.com\\\/tienda\\\/\"},{\"@type\":\"ListItem\",\"position\":3,\"name\":\"Losetas de caucho alta densidad Premium Universe color negro 100&#215;100 cm\"}]},{\"@type\":\"WebSite\",\"@id\":\"https:\\\/\\\/suelosport.com\\\/pt-pt\\\/#website\",\"url\":\"https:\\\/\\\/suelosport.com\\\/pt-pt\\\/\",\"name\":\"Suelosport - Suelos Deportivos\",\"description\":\"Suelos para gimnasios, suelos de goma, losetas y suelos antideslizantes\",\"publisher\":{\"@id\":\"https:\\\/\\\/suelosport.com\\\/pt-pt\\\/#organization\"},\"potentialAction\":[{\"@type\":\"SearchAction\",\"target\":{\"@type\":\"EntryPoint\",\"urlTemplate\":\"https:\\\/\\\/suelosport.com\\\/pt-pt\\\/?s={search_term_string}\"},\"query-input\":{\"@type\":\"PropertyValueSpecification\",\"valueRequired\":true,\"valueName\":\"search_term_string\"}}],\"inLanguage\":\"pt-PT\"},{\"@type\":\"Organization\",\"@id\":\"https:\\\/\\\/suelosport.com\\\/pt-pt\\\/#organization\",\"name\":\"Suelosport\",\"url\":\"https:\\\/\\\/suelosport.com\\\/pt-pt\\\/\",\"logo\":{\"@type\":\"ImageObject\",\"inLanguage\":\"pt-PT\",\"@id\":\"https:\\\/\\\/suelosport.com\\\/pt-pt\\\/#\\\/schema\\\/logo\\\/image\\\/\",\"url\":\"https:\\\/\\\/suelosport.com\\\/wp-content\\\/uploads\\\/2018\\\/03\\\/logo-suelosport.png\",\"contentUrl\":\"https:\\\/\\\/suelosport.com\\\/wp-content\\\/uploads\\\/2018\\\/03\\\/logo-suelosport.png\",\"width\":300,\"height\":67,\"caption\":\"Suelosport\"},\"image\":{\"@id\":\"https:\\\/\\\/suelosport.com\\\/pt-pt\\\/#\\\/schema\\\/logo\\\/image\\\/\"},\"sameAs\":[\"https:\\\/\\\/www.facebook.com\\\/Suelosport-2042694182686080\\\/\",\"https:\\\/\\\/www.linkedin.com\\\/company\\\/suelosport\\\/\",\"https:\\\/\\\/www.youtube.com\\\/channel\\\/UC1eoryUxD4Fw7f1m5wx_vFg?view_as=subscriber\"]}]}<\/script>\n<!-- \/ Yoast SEO plugin. -->","yoast_head_json":{"title":"Losetas de caucho alta densidad color negro 100x100 cm","description":"Losetas de caucho alta densidad Premium Universe color negro 100x100 cm. Superficie lisa y suave no porosa. Fuertes, muy resistentes, f\u00e1ciles de limpiar","robots":{"index":"index","follow":"follow","max-snippet":"max-snippet:-1","max-image-preview":"max-image-preview:large","max-video-preview":"max-video-preview:-1"},"canonical":"https:\/\/suelosport.com\/pt-pt\/producto\/losetas-de-caucho-alta-densidad-premium-color-negro-100-x-100-cm\/","og_locale":"pt_PT","og_type":"article","og_title":"Losetas de caucho alta densidad color negro 100x100 cm","og_description":"Losetas de caucho alta densidad Premium Universe color negro 100x100 cm. Superficie lisa y suave no porosa. Fuertes, muy resistentes, f\u00e1ciles de limpiar","og_url":"https:\/\/suelosport.com\/pt-pt\/producto\/losetas-de-caucho-alta-densidad-premium-color-negro-100-x-100-cm\/","og_site_name":"Suelosport - Suelos Deportivos","article_publisher":"https:\/\/www.facebook.com\/Suelosport-2042694182686080\/","article_modified_time":"2026-04-29T16:51:47+00:00","og_image":[{"width":750,"height":1000,"url":"https:\/\/suelosport.com\/wp-content\/uploads\/2021\/07\/Loseta_de_caucho_alta_densidad_premium_negra_2-1.jpg","type":"image\/jpeg"}],"twitter_card":"summary_large_image","twitter_misc":{"Tempo estimado de leitura":"1 minuto"},"schema":{"@context":"https:\/\/schema.org","@graph":[{"@type":["WebPage","ItemPage"],"@id":"https:\/\/suelosport.com\/pt-pt\/producto\/losetas-de-caucho-alta-densidad-premium-color-negro-100-x-100-cm\/","url":"https:\/\/suelosport.com\/pt-pt\/producto\/losetas-de-caucho-alta-densidad-premium-color-negro-100-x-100-cm\/","name":"Losetas de caucho alta densidad color negro 100x100 cm","isPartOf":{"@id":"https:\/\/suelosport.com\/pt-pt\/#website"},"primaryImageOfPage":{"@id":"https:\/\/suelosport.com\/pt-pt\/producto\/losetas-de-caucho-alta-densidad-premium-color-negro-100-x-100-cm\/#primaryimage"},"image":{"@id":"https:\/\/suelosport.com\/pt-pt\/producto\/losetas-de-caucho-alta-densidad-premium-color-negro-100-x-100-cm\/#primaryimage"},"thumbnailUrl":"https:\/\/suelosport.com\/wp-content\/uploads\/2021\/07\/Loseta_de_caucho_alta_densidad_premium_negra_2-1.jpg","datePublished":"2021-07-14T09:37:03+00:00","dateModified":"2026-04-29T16:51:47+00:00","description":"Losetas de caucho alta densidad Premium Universe color negro 100x100 cm. Superficie lisa y suave no porosa. Fuertes, muy resistentes, f\u00e1ciles de limpiar","breadcrumb":{"@id":"https:\/\/suelosport.com\/pt-pt\/producto\/losetas-de-caucho-alta-densidad-premium-color-negro-100-x-100-cm\/#breadcrumb"},"inLanguage":"pt-PT","potentialAction":[{"@type":"ReadAction","target":["https:\/\/suelosport.com\/pt-pt\/producto\/losetas-de-caucho-alta-densidad-premium-color-negro-100-x-100-cm\/"]}]},{"@type":"ImageObject","inLanguage":"pt-PT","@id":"https:\/\/suelosport.com\/pt-pt\/producto\/losetas-de-caucho-alta-densidad-premium-color-negro-100-x-100-cm\/#primaryimage","url":"https:\/\/suelosport.com\/wp-content\/uploads\/2021\/07\/Loseta_de_caucho_alta_densidad_premium_negra_2-1.jpg","contentUrl":"https:\/\/suelosport.com\/wp-content\/uploads\/2021\/07\/Loseta_de_caucho_alta_densidad_premium_negra_2-1.jpg","width":750,"height":1000,"caption":"Loseta de caucho alta densidad premium negra"},{"@type":"BreadcrumbList","@id":"https:\/\/suelosport.com\/pt-pt\/producto\/losetas-de-caucho-alta-densidad-premium-color-negro-100-x-100-cm\/#breadcrumb","itemListElement":[{"@type":"ListItem","position":1,"name":"Portada","item":"https:\/\/suelosport.com\/pt-pt\/"},{"@type":"ListItem","position":2,"name":"Tienda","item":"https:\/\/suelosport.com\/tienda\/"},{"@type":"ListItem","position":3,"name":"Losetas de caucho alta densidad Premium Universe color negro 100&#215;100 cm"}]},{"@type":"WebSite","@id":"https:\/\/suelosport.com\/pt-pt\/#website","url":"https:\/\/suelosport.com\/pt-pt\/","name":"Suelosport - Suelos Deportivos","description":"Suelos para gimnasios, suelos de goma, losetas y suelos antideslizantes","publisher":{"@id":"https:\/\/suelosport.com\/pt-pt\/#organization"},"potentialAction":[{"@type":"SearchAction","target":{"@type":"EntryPoint","urlTemplate":"https:\/\/suelosport.com\/pt-pt\/?s={search_term_string}"},"query-input":{"@type":"PropertyValueSpecification","valueRequired":true,"valueName":"search_term_string"}}],"inLanguage":"pt-PT"},{"@type":"Organization","@id":"https:\/\/suelosport.com\/pt-pt\/#organization","name":"Suelosport","url":"https:\/\/suelosport.com\/pt-pt\/","logo":{"@type":"ImageObject","inLanguage":"pt-PT","@id":"https:\/\/suelosport.com\/pt-pt\/#\/schema\/logo\/image\/","url":"https:\/\/suelosport.com\/wp-content\/uploads\/2018\/03\/logo-suelosport.png","contentUrl":"https:\/\/suelosport.com\/wp-content\/uploads\/2018\/03\/logo-suelosport.png","width":300,"height":67,"caption":"Suelosport"},"image":{"@id":"https:\/\/suelosport.com\/pt-pt\/#\/schema\/logo\/image\/"},"sameAs":["https:\/\/www.facebook.com\/Suelosport-2042694182686080\/","https:\/\/www.linkedin.com\/company\/suelosport\/","https:\/\/www.youtube.com\/channel\/UC1eoryUxD4Fw7f1m5wx_vFg?view_as=subscriber"]}]}},"_links":{"self":[{"href":"https:\/\/suelosport.com\/pt-pt\/wp-json\/wp\/v2\/product\/43140","targetHints":{"allow":["GET"]}}],"collection":[{"href":"https:\/\/suelosport.com\/pt-pt\/wp-json\/wp\/v2\/product"}],"about":[{"href":"https:\/\/suelosport.com\/pt-pt\/wp-json\/wp\/v2\/types\/product"}],"replies":[{"embeddable":true,"href":"https:\/\/suelosport.com\/pt-pt\/wp-json\/wp\/v2\/comments?post=43140"}],"wp:featuredmedia":[{"embeddable":true,"href":"https:\/\/suelosport.com\/pt-pt\/wp-json\/wp\/v2\/media\/43241"}],"wp:attachment":[{"href":"https:\/\/suelosport.com\/pt-pt\/wp-json\/wp\/v2\/media?parent=43140"}],"wp:term":[{"taxonomy":"product_brand","embeddable":true,"href":"https:\/\/suelosport.com\/pt-pt\/wp-json\/wp\/v2\/product_brand?post=43140"},{"taxonomy":"product_cat","embeddable":true,"href":"https:\/\/suelosport.com\/pt-pt\/wp-json\/wp\/v2\/product_cat?post=43140"},{"taxonomy":"product_tag","embeddable":true,"href":"https:\/\/suelosport.com\/pt-pt\/wp-json\/wp\/v2\/product_tag?post=43140"}],"curies":[{"name":"wp","href":"https:\/\/api.w.org\/{rel}","templated":true}]}}