{"id":34650,"date":"2019-12-30T13:01:21","date_gmt":"2019-12-30T12:01:21","guid":{"rendered":"https:\/\/suelosport.com\/producto\/piso-em-pvc-circulo-de-1mm\/"},"modified":"2020-11-16T23:39:37","modified_gmt":"2020-11-16T22:39:37","slug":"pavimento-de-pvc-de-circulos-de-1-mm-por-rolo","status":"publish","type":"product","link":"https:\/\/suelosport.com\/pt-pt\/producto\/pavimento-de-pvc-de-circulos-de-1-mm-por-rolo\/","title":{"rendered":"Piso em pvc c\u00edrculo de 1mm"},"content":{"rendered":"","protected":false},"excerpt":{"rendered":"<p><strong>Piso em PVC em rolo<\/strong> de c\u00edrculos muito econ\u00f3mico e pr\u00e1tico.<\/p>\n<ul>\n<li>Espessura: 1 mm<\/li>\n<li>Dimens\u00f5es do rolo: 1,5 x 25 metros (37,5 m2)<\/li>\n<\/ul>\n","protected":false},"featured_media":34670,"comment_status":"open","ping_status":"closed","template":"","meta":{"inline_featured_image":false},"product_brand":[],"product_cat":[1758],"product_tag":[957,963,1083,1196,1625,1628],"class_list":{"0":"post-34650","1":"product","2":"type-product","3":"status-publish","4":"has-post-thumbnail","6":"product_cat-sin-categoria-pt-pt","7":"product_tag-pavimento-pt-pt","8":"product_tag-suelo-pt-pt","9":"product_tag-pvc-pt-pt","10":"product_tag-economico-pt-pt","11":"product_tag-plastico-pt-pt","12":"product_tag-tarima-pt-pt","14":"first","15":"outofstock","16":"taxable","17":"shipping-taxable","18":"product-type-variable"},"yoast_head":"<!-- This site is optimized with the Yoast SEO plugin v27.4 - https:\/\/yoast.com\/product\/yoast-seo-wordpress\/ -->\n<title>Piso em pvc c\u00edrculo de 1mm | Suelosport - Suelos Deportivos<\/title>\n<meta name=\"robots\" content=\"index, follow, max-snippet:-1, max-image-preview:large, max-video-preview:-1\" \/>\n<link rel=\"canonical\" href=\"https:\/\/suelosport.com\/pt-pt\/producto\/pavimento-de-pvc-de-circulos-de-1-mm-por-rolo\/\" \/>\n<meta property=\"og:locale\" content=\"pt_PT\" \/>\n<meta property=\"og:type\" content=\"article\" \/>\n<meta property=\"og:title\" content=\"Piso em pvc c\u00edrculo de 1mm | Suelosport - Suelos Deportivos\" \/>\n<meta property=\"og:description\" content=\"Piso em PVC em rolo de c\u00edrculos muito econ\u00f3mico e pr\u00e1tico.  Espessura: 1 mm  Dimens\u00f5es do rolo: 1,5 x 25 metros (37,5 m2)\" \/>\n<meta property=\"og:url\" content=\"https:\/\/suelosport.com\/pt-pt\/producto\/pavimento-de-pvc-de-circulos-de-1-mm-por-rolo\/\" \/>\n<meta property=\"og:site_name\" content=\"Suelosport - Suelos Deportivos\" \/>\n<meta property=\"article:publisher\" content=\"https:\/\/www.facebook.com\/Suelosport-2042694182686080\/\" \/>\n<meta property=\"article:modified_time\" content=\"2020-11-16T22:39:37+00:00\" \/>\n<meta property=\"og:image\" content=\"https:\/\/suelosport.com\/wp-content\/uploads\/2019\/12\/Pavimento_de_circulos_de_pvc_de_1_mm_por_rollo.png\" \/>\n\t<meta property=\"og:image:width\" content=\"798\" \/>\n\t<meta property=\"og:image:height\" content=\"798\" \/>\n\t<meta property=\"og:image:type\" content=\"image\/png\" \/>\n<meta name=\"twitter:card\" content=\"summary_large_image\" \/>\n<script type=\"application\/ld+json\" class=\"yoast-schema-graph\">{\"@context\":\"https:\\\/\\\/schema.org\",\"@graph\":[{\"@type\":[\"WebPage\",\"ItemPage\"],\"@id\":\"https:\\\/\\\/suelosport.com\\\/pt-pt\\\/producto\\\/pavimento-de-pvc-de-circulos-de-1-mm-por-rolo\\\/\",\"url\":\"https:\\\/\\\/suelosport.com\\\/pt-pt\\\/producto\\\/pavimento-de-pvc-de-circulos-de-1-mm-por-rolo\\\/\",\"name\":\"Piso em pvc c\u00edrculo de 1mm | Suelosport - Suelos Deportivos\",\"isPartOf\":{\"@id\":\"https:\\\/\\\/suelosport.com\\\/pt-pt\\\/#website\"},\"primaryImageOfPage\":{\"@id\":\"https:\\\/\\\/suelosport.com\\\/pt-pt\\\/producto\\\/pavimento-de-pvc-de-circulos-de-1-mm-por-rolo\\\/#primaryimage\"},\"image\":{\"@id\":\"https:\\\/\\\/suelosport.com\\\/pt-pt\\\/producto\\\/pavimento-de-pvc-de-circulos-de-1-mm-por-rolo\\\/#primaryimage\"},\"thumbnailUrl\":\"https:\\\/\\\/suelosport.com\\\/wp-content\\\/uploads\\\/2019\\\/12\\\/Pavimento_de_circulos_de_pvc_de_1_mm_por_rollo.png\",\"datePublished\":\"2019-12-30T12:01:21+00:00\",\"dateModified\":\"2020-11-16T22:39:37+00:00\",\"breadcrumb\":{\"@id\":\"https:\\\/\\\/suelosport.com\\\/pt-pt\\\/producto\\\/pavimento-de-pvc-de-circulos-de-1-mm-por-rolo\\\/#breadcrumb\"},\"inLanguage\":\"pt-PT\",\"potentialAction\":[{\"@type\":\"ReadAction\",\"target\":[\"https:\\\/\\\/suelosport.com\\\/pt-pt\\\/producto\\\/pavimento-de-pvc-de-circulos-de-1-mm-por-rolo\\\/\"]}]},{\"@type\":\"ImageObject\",\"inLanguage\":\"pt-PT\",\"@id\":\"https:\\\/\\\/suelosport.com\\\/pt-pt\\\/producto\\\/pavimento-de-pvc-de-circulos-de-1-mm-por-rolo\\\/#primaryimage\",\"url\":\"https:\\\/\\\/suelosport.com\\\/wp-content\\\/uploads\\\/2019\\\/12\\\/Pavimento_de_circulos_de_pvc_de_1_mm_por_rollo.png\",\"contentUrl\":\"https:\\\/\\\/suelosport.com\\\/wp-content\\\/uploads\\\/2019\\\/12\\\/Pavimento_de_circulos_de_pvc_de_1_mm_por_rollo.png\",\"width\":798,\"height\":798,\"caption\":\"Pavimento em Pvc de c\u00edrculos de 1 mm por rolo\"},{\"@type\":\"BreadcrumbList\",\"@id\":\"https:\\\/\\\/suelosport.com\\\/pt-pt\\\/producto\\\/pavimento-de-pvc-de-circulos-de-1-mm-por-rolo\\\/#breadcrumb\",\"itemListElement\":[{\"@type\":\"ListItem\",\"position\":1,\"name\":\"Portada\",\"item\":\"https:\\\/\\\/suelosport.com\\\/pt-pt\\\/\"},{\"@type\":\"ListItem\",\"position\":2,\"name\":\"Tienda\",\"item\":\"https:\\\/\\\/suelosport.com\\\/tienda\\\/\"},{\"@type\":\"ListItem\",\"position\":3,\"name\":\"Piso em pvc c\u00edrculo de 1mm\"}]},{\"@type\":\"WebSite\",\"@id\":\"https:\\\/\\\/suelosport.com\\\/pt-pt\\\/#website\",\"url\":\"https:\\\/\\\/suelosport.com\\\/pt-pt\\\/\",\"name\":\"Suelosport - Suelos Deportivos\",\"description\":\"Suelos para gimnasios, suelos de goma, losetas y suelos antideslizantes\",\"publisher\":{\"@id\":\"https:\\\/\\\/suelosport.com\\\/pt-pt\\\/#organization\"},\"potentialAction\":[{\"@type\":\"SearchAction\",\"target\":{\"@type\":\"EntryPoint\",\"urlTemplate\":\"https:\\\/\\\/suelosport.com\\\/pt-pt\\\/?s={search_term_string}\"},\"query-input\":{\"@type\":\"PropertyValueSpecification\",\"valueRequired\":true,\"valueName\":\"search_term_string\"}}],\"inLanguage\":\"pt-PT\"},{\"@type\":\"Organization\",\"@id\":\"https:\\\/\\\/suelosport.com\\\/pt-pt\\\/#organization\",\"name\":\"Suelosport\",\"url\":\"https:\\\/\\\/suelosport.com\\\/pt-pt\\\/\",\"logo\":{\"@type\":\"ImageObject\",\"inLanguage\":\"pt-PT\",\"@id\":\"https:\\\/\\\/suelosport.com\\\/pt-pt\\\/#\\\/schema\\\/logo\\\/image\\\/\",\"url\":\"https:\\\/\\\/suelosport.com\\\/wp-content\\\/uploads\\\/2018\\\/03\\\/logo-suelosport.png\",\"contentUrl\":\"https:\\\/\\\/suelosport.com\\\/wp-content\\\/uploads\\\/2018\\\/03\\\/logo-suelosport.png\",\"width\":300,\"height\":67,\"caption\":\"Suelosport\"},\"image\":{\"@id\":\"https:\\\/\\\/suelosport.com\\\/pt-pt\\\/#\\\/schema\\\/logo\\\/image\\\/\"},\"sameAs\":[\"https:\\\/\\\/www.facebook.com\\\/Suelosport-2042694182686080\\\/\",\"https:\\\/\\\/www.linkedin.com\\\/company\\\/suelosport\\\/\",\"https:\\\/\\\/www.youtube.com\\\/channel\\\/UC1eoryUxD4Fw7f1m5wx_vFg?view_as=subscriber\"]}]}<\/script>\n<!-- \/ Yoast SEO plugin. -->","yoast_head_json":{"title":"Piso em pvc c\u00edrculo de 1mm | Suelosport - Suelos Deportivos","robots":{"index":"index","follow":"follow","max-snippet":"max-snippet:-1","max-image-preview":"max-image-preview:large","max-video-preview":"max-video-preview:-1"},"canonical":"https:\/\/suelosport.com\/pt-pt\/producto\/pavimento-de-pvc-de-circulos-de-1-mm-por-rolo\/","og_locale":"pt_PT","og_type":"article","og_title":"Piso em pvc c\u00edrculo de 1mm | Suelosport - Suelos Deportivos","og_description":"Piso em PVC em rolo de c\u00edrculos muito econ\u00f3mico e pr\u00e1tico.  Espessura: 1 mm  Dimens\u00f5es do rolo: 1,5 x 25 metros (37,5 m2)","og_url":"https:\/\/suelosport.com\/pt-pt\/producto\/pavimento-de-pvc-de-circulos-de-1-mm-por-rolo\/","og_site_name":"Suelosport - Suelos Deportivos","article_publisher":"https:\/\/www.facebook.com\/Suelosport-2042694182686080\/","article_modified_time":"2020-11-16T22:39:37+00:00","og_image":[{"width":798,"height":798,"url":"https:\/\/suelosport.com\/wp-content\/uploads\/2019\/12\/Pavimento_de_circulos_de_pvc_de_1_mm_por_rollo.png","type":"image\/png"}],"twitter_card":"summary_large_image","schema":{"@context":"https:\/\/schema.org","@graph":[{"@type":["WebPage","ItemPage"],"@id":"https:\/\/suelosport.com\/pt-pt\/producto\/pavimento-de-pvc-de-circulos-de-1-mm-por-rolo\/","url":"https:\/\/suelosport.com\/pt-pt\/producto\/pavimento-de-pvc-de-circulos-de-1-mm-por-rolo\/","name":"Piso em pvc c\u00edrculo de 1mm | Suelosport - Suelos Deportivos","isPartOf":{"@id":"https:\/\/suelosport.com\/pt-pt\/#website"},"primaryImageOfPage":{"@id":"https:\/\/suelosport.com\/pt-pt\/producto\/pavimento-de-pvc-de-circulos-de-1-mm-por-rolo\/#primaryimage"},"image":{"@id":"https:\/\/suelosport.com\/pt-pt\/producto\/pavimento-de-pvc-de-circulos-de-1-mm-por-rolo\/#primaryimage"},"thumbnailUrl":"https:\/\/suelosport.com\/wp-content\/uploads\/2019\/12\/Pavimento_de_circulos_de_pvc_de_1_mm_por_rollo.png","datePublished":"2019-12-30T12:01:21+00:00","dateModified":"2020-11-16T22:39:37+00:00","breadcrumb":{"@id":"https:\/\/suelosport.com\/pt-pt\/producto\/pavimento-de-pvc-de-circulos-de-1-mm-por-rolo\/#breadcrumb"},"inLanguage":"pt-PT","potentialAction":[{"@type":"ReadAction","target":["https:\/\/suelosport.com\/pt-pt\/producto\/pavimento-de-pvc-de-circulos-de-1-mm-por-rolo\/"]}]},{"@type":"ImageObject","inLanguage":"pt-PT","@id":"https:\/\/suelosport.com\/pt-pt\/producto\/pavimento-de-pvc-de-circulos-de-1-mm-por-rolo\/#primaryimage","url":"https:\/\/suelosport.com\/wp-content\/uploads\/2019\/12\/Pavimento_de_circulos_de_pvc_de_1_mm_por_rollo.png","contentUrl":"https:\/\/suelosport.com\/wp-content\/uploads\/2019\/12\/Pavimento_de_circulos_de_pvc_de_1_mm_por_rollo.png","width":798,"height":798,"caption":"Pavimento em Pvc de c\u00edrculos de 1 mm por rolo"},{"@type":"BreadcrumbList","@id":"https:\/\/suelosport.com\/pt-pt\/producto\/pavimento-de-pvc-de-circulos-de-1-mm-por-rolo\/#breadcrumb","itemListElement":[{"@type":"ListItem","position":1,"name":"Portada","item":"https:\/\/suelosport.com\/pt-pt\/"},{"@type":"ListItem","position":2,"name":"Tienda","item":"https:\/\/suelosport.com\/tienda\/"},{"@type":"ListItem","position":3,"name":"Piso em pvc c\u00edrculo de 1mm"}]},{"@type":"WebSite","@id":"https:\/\/suelosport.com\/pt-pt\/#website","url":"https:\/\/suelosport.com\/pt-pt\/","name":"Suelosport - Suelos Deportivos","description":"Suelos para gimnasios, suelos de goma, losetas y suelos antideslizantes","publisher":{"@id":"https:\/\/suelosport.com\/pt-pt\/#organization"},"potentialAction":[{"@type":"SearchAction","target":{"@type":"EntryPoint","urlTemplate":"https:\/\/suelosport.com\/pt-pt\/?s={search_term_string}"},"query-input":{"@type":"PropertyValueSpecification","valueRequired":true,"valueName":"search_term_string"}}],"inLanguage":"pt-PT"},{"@type":"Organization","@id":"https:\/\/suelosport.com\/pt-pt\/#organization","name":"Suelosport","url":"https:\/\/suelosport.com\/pt-pt\/","logo":{"@type":"ImageObject","inLanguage":"pt-PT","@id":"https:\/\/suelosport.com\/pt-pt\/#\/schema\/logo\/image\/","url":"https:\/\/suelosport.com\/wp-content\/uploads\/2018\/03\/logo-suelosport.png","contentUrl":"https:\/\/suelosport.com\/wp-content\/uploads\/2018\/03\/logo-suelosport.png","width":300,"height":67,"caption":"Suelosport"},"image":{"@id":"https:\/\/suelosport.com\/pt-pt\/#\/schema\/logo\/image\/"},"sameAs":["https:\/\/www.facebook.com\/Suelosport-2042694182686080\/","https:\/\/www.linkedin.com\/company\/suelosport\/","https:\/\/www.youtube.com\/channel\/UC1eoryUxD4Fw7f1m5wx_vFg?view_as=subscriber"]}]}},"_links":{"self":[{"href":"https:\/\/suelosport.com\/pt-pt\/wp-json\/wp\/v2\/product\/34650","targetHints":{"allow":["GET"]}}],"collection":[{"href":"https:\/\/suelosport.com\/pt-pt\/wp-json\/wp\/v2\/product"}],"about":[{"href":"https:\/\/suelosport.com\/pt-pt\/wp-json\/wp\/v2\/types\/product"}],"replies":[{"embeddable":true,"href":"https:\/\/suelosport.com\/pt-pt\/wp-json\/wp\/v2\/comments?post=34650"}],"wp:featuredmedia":[{"embeddable":true,"href":"https:\/\/suelosport.com\/pt-pt\/wp-json\/wp\/v2\/media\/34670"}],"wp:attachment":[{"href":"https:\/\/suelosport.com\/pt-pt\/wp-json\/wp\/v2\/media?parent=34650"}],"wp:term":[{"taxonomy":"product_brand","embeddable":true,"href":"https:\/\/suelosport.com\/pt-pt\/wp-json\/wp\/v2\/product_brand?post=34650"},{"taxonomy":"product_cat","embeddable":true,"href":"https:\/\/suelosport.com\/pt-pt\/wp-json\/wp\/v2\/product_cat?post=34650"},{"taxonomy":"product_tag","embeddable":true,"href":"https:\/\/suelosport.com\/pt-pt\/wp-json\/wp\/v2\/product_tag?post=34650"}],"curies":[{"name":"wp","href":"https:\/\/api.w.org\/{rel}","templated":true}]}}