{"id":31942,"date":"2019-03-05T19:43:59","date_gmt":"2019-03-05T18:43:59","guid":{"rendered":"https:\/\/suelosport.com\/producto\/sope-fino-3-mm-em-seccoes\/"},"modified":"2021-03-15T09:35:04","modified_gmt":"2021-03-15T08:35:04","slug":"pavimento-pe-fino-3-mm-por-metro-linear","status":"publish","type":"product","link":"https:\/\/suelosport.com\/pt-pt\/producto\/pavimento-pe-fino-3-mm-por-metro-linear\/","title":{"rendered":"Pavimento de borracha estriado fino 3 mm em sec\u00e7\u00f5es"},"content":{"rendered":"","protected":false},"excerpt":{"rendered":"<p><strong>Piso de borracha estriado por metros.<\/strong> Piso de borracha estriado com linhas muito finas que o tornam especialmente antiderrapante.<\/p>\n<ul>\n<li>Espessura: 3 mm<\/li>\n<\/ul>\n<div class=\"product-short-description\">\n<div class=\"product-short-description\">\n<div class=\"product-short-description\">\n<p><span style=\"color: #ed1c24;\"><strong>O pre\u00e7o indicado \u00e9 para sec\u00e7\u00f5es de 5 metros.<\/strong><\/span><\/p>\n<\/div>\n<form class=\"variations_form cart\" style=\"box-sizing: border-box; margin-bottom: 1.3em; color: #777777; font-family: Montserrat, sans-serif; font-size: 16px; font-style: normal; font-variant-ligatures: normal; font-variant-caps: normal; font-weight: 400; letter-spacing: normal; orphans: 2; text-align: left; text-indent: 0px; text-transform: none; white-space: normal; widows: 2; word-spacing: 0px; -webkit-text-stroke-width: 0px; background-color: #ffffff; text-decoration-style: initial; text-decoration-color: initial;\" title=\"\" action=\"https:\/\/suelosport.com\/producto\/pavimento-de-circulos-negro-de-3-mm-por-metro-lineal\/\" enctype=\"multipart\/form-data\" method=\"post\" data-product_id=\"6451\" data-product_variations=\"[{\"><\/form>\n<\/div>\n<form class=\"variations_form cart\" style=\"box-sizing: border-box; margin-bottom: 1.3em; color: #000000; font-family: Raleway, sans-serif; font-size: 16px; font-style: normal; font-variant-ligatures: normal; font-variant-caps: normal; font-weight: 400; letter-spacing: normal; orphans: 2; text-align: start; text-indent: 0px; text-transform: none; white-space: normal; widows: 2; word-spacing: 0px; -webkit-text-stroke-width: 0px; background-color: #ffffff; text-decoration-style: initial; text-decoration-color: initial;\" title=\"\" action=\"https:\/\/jardinday.com\/producto\/metro-lineal-circulo-negro-espesor-3-mm\/\" enctype=\"multipart\/form-data\" method=\"post\" data-product_id=\"16214\" data-product_variations=\"[{\"><\/form>\n<\/div>\n<form class=\"cart\" action=\"https:\/\/jardinday.com\/producto\/metro-lineal-pavimento-checker-3-mm-1-m-de-ancho\/\" enctype=\"multipart\/form-data\" method=\"post\">\n<div class=\"quantity buttons_added\"><\/div>\n<\/form>\n","protected":false},"featured_media":31953,"comment_status":"open","ping_status":"closed","template":"","meta":{"inline_featured_image":false},"product_brand":[],"product_cat":[941,1064],"product_tag":[1237,1465,957,1031,1037,1150],"class_list":{"0":"post-31942","1":"product","2":"type-product","3":"status-publish","4":"has-post-thumbnail","6":"product_cat-suelos-de-goma-pt-pt","7":"product_cat-suelos-estribera-pt-pt","8":"product_tag-resistente-pt-pt","9":"product_tag-lineas-pt-pt","10":"product_tag-pavimento-pt-pt","11":"product_tag-goma-pt-pt","12":"product_tag-rayado-pt-pt","13":"product_tag-sbr-pt-pt","15":"first","16":"instock","17":"taxable","18":"shipping-taxable","19":"purchasable","20":"product-type-variable"},"yoast_head":"<!-- This site is optimized with the Yoast SEO plugin v27.1.1 - https:\/\/yoast.com\/product\/yoast-seo-wordpress\/ -->\n<title>Pavimento de borracha estriado fino 3 mm em sec\u00e7\u00f5es | Suelosport - Suelos Deportivos<\/title>\n<meta name=\"robots\" content=\"index, follow, max-snippet:-1, max-image-preview:large, max-video-preview:-1\" \/>\n<link rel=\"canonical\" href=\"https:\/\/suelosport.com\/pt-pt\/producto\/pavimento-pe-fino-3-mm-por-metro-linear\/\" \/>\n<meta property=\"og:locale\" content=\"pt_PT\" \/>\n<meta property=\"og:type\" content=\"article\" \/>\n<meta property=\"og:title\" content=\"Pavimento de borracha estriado fino 3 mm em sec\u00e7\u00f5es | Suelosport - Suelos Deportivos\" \/>\n<meta property=\"og:description\" content=\"Piso de borracha estriado por metros. Piso de borracha estriado com linhas muito finas que o tornam especialmente antiderrapante.   Espessura: 3 mm      O pre\u00e7o indicado \u00e9 para sec\u00e7\u00f5es de 5 metros.\" \/>\n<meta property=\"og:url\" content=\"https:\/\/suelosport.com\/pt-pt\/producto\/pavimento-pe-fino-3-mm-por-metro-linear\/\" \/>\n<meta property=\"og:site_name\" content=\"Suelosport - Suelos Deportivos\" \/>\n<meta property=\"article:publisher\" content=\"https:\/\/www.facebook.com\/Suelosport-2042694182686080\/\" \/>\n<meta property=\"article:modified_time\" content=\"2021-03-15T08:35:04+00:00\" \/>\n<meta property=\"og:image\" content=\"https:\/\/suelosport.com\/wp-content\/uploads\/2019\/03\/pavimento_estribera_fina_3_mm_por_metro_lineal-3.png\" \/>\n\t<meta property=\"og:image:width\" content=\"795\" \/>\n\t<meta property=\"og:image:height\" content=\"797\" \/>\n\t<meta property=\"og:image:type\" content=\"image\/png\" \/>\n<meta name=\"twitter:card\" content=\"summary_large_image\" \/>\n<script type=\"application\/ld+json\" class=\"yoast-schema-graph\">{\"@context\":\"https:\/\/schema.org\",\"@graph\":[{\"@type\":[\"WebPage\",\"ItemPage\"],\"@id\":\"https:\/\/suelosport.com\/pt-pt\/producto\/pavimento-pe-fino-3-mm-por-metro-linear\/\",\"url\":\"https:\/\/suelosport.com\/pt-pt\/producto\/pavimento-pe-fino-3-mm-por-metro-linear\/\",\"name\":\"Pavimento de borracha estriado fino 3 mm em sec\u00e7\u00f5es | Suelosport - Suelos Deportivos\",\"isPartOf\":{\"@id\":\"https:\/\/suelosport.com\/pt-pt\/#website\"},\"primaryImageOfPage\":{\"@id\":\"https:\/\/suelosport.com\/pt-pt\/producto\/pavimento-pe-fino-3-mm-por-metro-linear\/#primaryimage\"},\"image\":{\"@id\":\"https:\/\/suelosport.com\/pt-pt\/producto\/pavimento-pe-fino-3-mm-por-metro-linear\/#primaryimage\"},\"thumbnailUrl\":\"https:\/\/suelosport.com\/wp-content\/uploads\/2019\/03\/pavimento_estribera_fina_3_mm_por_metro_lineal-3.png\",\"datePublished\":\"2019-03-05T18:43:59+00:00\",\"dateModified\":\"2021-03-15T08:35:04+00:00\",\"breadcrumb\":{\"@id\":\"https:\/\/suelosport.com\/pt-pt\/producto\/pavimento-pe-fino-3-mm-por-metro-linear\/#breadcrumb\"},\"inLanguage\":\"pt-PT\",\"potentialAction\":[{\"@type\":\"ReadAction\",\"target\":[\"https:\/\/suelosport.com\/pt-pt\/producto\/pavimento-pe-fino-3-mm-por-metro-linear\/\"]}]},{\"@type\":\"ImageObject\",\"inLanguage\":\"pt-PT\",\"@id\":\"https:\/\/suelosport.com\/pt-pt\/producto\/pavimento-pe-fino-3-mm-por-metro-linear\/#primaryimage\",\"url\":\"https:\/\/suelosport.com\/wp-content\/uploads\/2019\/03\/pavimento_estribera_fina_3_mm_por_metro_lineal-3.png\",\"contentUrl\":\"https:\/\/suelosport.com\/wp-content\/uploads\/2019\/03\/pavimento_estribera_fina_3_mm_por_metro_lineal-3.png\",\"width\":795,\"height\":797,\"caption\":\"Pavimento de borracha estriado fino 3 mm por medidor linear\"},{\"@type\":\"BreadcrumbList\",\"@id\":\"https:\/\/suelosport.com\/pt-pt\/producto\/pavimento-pe-fino-3-mm-por-metro-linear\/#breadcrumb\",\"itemListElement\":[{\"@type\":\"ListItem\",\"position\":1,\"name\":\"Portada\",\"item\":\"https:\/\/suelosport.com\/pt-pt\/\"},{\"@type\":\"ListItem\",\"position\":2,\"name\":\"Tienda\",\"item\":\"https:\/\/suelosport.com\/tienda\/\"},{\"@type\":\"ListItem\",\"position\":3,\"name\":\"Pavimento de borracha estriado fino 3 mm em sec\u00e7\u00f5es\"}]},{\"@type\":\"WebSite\",\"@id\":\"https:\/\/suelosport.com\/pt-pt\/#website\",\"url\":\"https:\/\/suelosport.com\/pt-pt\/\",\"name\":\"Suelosport - Suelos Deportivos\",\"description\":\"Suelos para gimnasios, suelos de goma, losetas y suelos antideslizantes\",\"publisher\":{\"@id\":\"https:\/\/suelosport.com\/pt-pt\/#organization\"},\"potentialAction\":[{\"@type\":\"SearchAction\",\"target\":{\"@type\":\"EntryPoint\",\"urlTemplate\":\"https:\/\/suelosport.com\/pt-pt\/?s={search_term_string}\"},\"query-input\":{\"@type\":\"PropertyValueSpecification\",\"valueRequired\":true,\"valueName\":\"search_term_string\"}}],\"inLanguage\":\"pt-PT\"},{\"@type\":\"Organization\",\"@id\":\"https:\/\/suelosport.com\/pt-pt\/#organization\",\"name\":\"Suelosport\",\"url\":\"https:\/\/suelosport.com\/pt-pt\/\",\"logo\":{\"@type\":\"ImageObject\",\"inLanguage\":\"pt-PT\",\"@id\":\"https:\/\/suelosport.com\/pt-pt\/#\/schema\/logo\/image\/\",\"url\":\"https:\/\/suelosport.com\/wp-content\/uploads\/2018\/03\/logo-suelosport.png\",\"contentUrl\":\"https:\/\/suelosport.com\/wp-content\/uploads\/2018\/03\/logo-suelosport.png\",\"width\":300,\"height\":67,\"caption\":\"Suelosport\"},\"image\":{\"@id\":\"https:\/\/suelosport.com\/pt-pt\/#\/schema\/logo\/image\/\"},\"sameAs\":[\"https:\/\/www.facebook.com\/Suelosport-2042694182686080\/\",\"https:\/\/www.linkedin.com\/company\/suelosport\/\",\"https:\/\/www.youtube.com\/channel\/UC1eoryUxD4Fw7f1m5wx_vFg?view_as=subscriber\"]}]}<\/script>\n<!-- \/ Yoast SEO plugin. -->","yoast_head_json":{"title":"Pavimento de borracha estriado fino 3 mm em sec\u00e7\u00f5es | Suelosport - Suelos Deportivos","robots":{"index":"index","follow":"follow","max-snippet":"max-snippet:-1","max-image-preview":"max-image-preview:large","max-video-preview":"max-video-preview:-1"},"canonical":"https:\/\/suelosport.com\/pt-pt\/producto\/pavimento-pe-fino-3-mm-por-metro-linear\/","og_locale":"pt_PT","og_type":"article","og_title":"Pavimento de borracha estriado fino 3 mm em sec\u00e7\u00f5es | Suelosport - Suelos Deportivos","og_description":"Piso de borracha estriado por metros. Piso de borracha estriado com linhas muito finas que o tornam especialmente antiderrapante.   Espessura: 3 mm      O pre\u00e7o indicado \u00e9 para sec\u00e7\u00f5es de 5 metros.","og_url":"https:\/\/suelosport.com\/pt-pt\/producto\/pavimento-pe-fino-3-mm-por-metro-linear\/","og_site_name":"Suelosport - Suelos Deportivos","article_publisher":"https:\/\/www.facebook.com\/Suelosport-2042694182686080\/","article_modified_time":"2021-03-15T08:35:04+00:00","og_image":[{"width":795,"height":797,"url":"https:\/\/suelosport.com\/wp-content\/uploads\/2019\/03\/pavimento_estribera_fina_3_mm_por_metro_lineal-3.png","type":"image\/png"}],"twitter_card":"summary_large_image","schema":{"@context":"https:\/\/schema.org","@graph":[{"@type":["WebPage","ItemPage"],"@id":"https:\/\/suelosport.com\/pt-pt\/producto\/pavimento-pe-fino-3-mm-por-metro-linear\/","url":"https:\/\/suelosport.com\/pt-pt\/producto\/pavimento-pe-fino-3-mm-por-metro-linear\/","name":"Pavimento de borracha estriado fino 3 mm em sec\u00e7\u00f5es | Suelosport - Suelos Deportivos","isPartOf":{"@id":"https:\/\/suelosport.com\/pt-pt\/#website"},"primaryImageOfPage":{"@id":"https:\/\/suelosport.com\/pt-pt\/producto\/pavimento-pe-fino-3-mm-por-metro-linear\/#primaryimage"},"image":{"@id":"https:\/\/suelosport.com\/pt-pt\/producto\/pavimento-pe-fino-3-mm-por-metro-linear\/#primaryimage"},"thumbnailUrl":"https:\/\/suelosport.com\/wp-content\/uploads\/2019\/03\/pavimento_estribera_fina_3_mm_por_metro_lineal-3.png","datePublished":"2019-03-05T18:43:59+00:00","dateModified":"2021-03-15T08:35:04+00:00","breadcrumb":{"@id":"https:\/\/suelosport.com\/pt-pt\/producto\/pavimento-pe-fino-3-mm-por-metro-linear\/#breadcrumb"},"inLanguage":"pt-PT","potentialAction":[{"@type":"ReadAction","target":["https:\/\/suelosport.com\/pt-pt\/producto\/pavimento-pe-fino-3-mm-por-metro-linear\/"]}]},{"@type":"ImageObject","inLanguage":"pt-PT","@id":"https:\/\/suelosport.com\/pt-pt\/producto\/pavimento-pe-fino-3-mm-por-metro-linear\/#primaryimage","url":"https:\/\/suelosport.com\/wp-content\/uploads\/2019\/03\/pavimento_estribera_fina_3_mm_por_metro_lineal-3.png","contentUrl":"https:\/\/suelosport.com\/wp-content\/uploads\/2019\/03\/pavimento_estribera_fina_3_mm_por_metro_lineal-3.png","width":795,"height":797,"caption":"Pavimento de borracha estriado fino 3 mm por medidor linear"},{"@type":"BreadcrumbList","@id":"https:\/\/suelosport.com\/pt-pt\/producto\/pavimento-pe-fino-3-mm-por-metro-linear\/#breadcrumb","itemListElement":[{"@type":"ListItem","position":1,"name":"Portada","item":"https:\/\/suelosport.com\/pt-pt\/"},{"@type":"ListItem","position":2,"name":"Tienda","item":"https:\/\/suelosport.com\/tienda\/"},{"@type":"ListItem","position":3,"name":"Pavimento de borracha estriado fino 3 mm em sec\u00e7\u00f5es"}]},{"@type":"WebSite","@id":"https:\/\/suelosport.com\/pt-pt\/#website","url":"https:\/\/suelosport.com\/pt-pt\/","name":"Suelosport - Suelos Deportivos","description":"Suelos para gimnasios, suelos de goma, losetas y suelos antideslizantes","publisher":{"@id":"https:\/\/suelosport.com\/pt-pt\/#organization"},"potentialAction":[{"@type":"SearchAction","target":{"@type":"EntryPoint","urlTemplate":"https:\/\/suelosport.com\/pt-pt\/?s={search_term_string}"},"query-input":{"@type":"PropertyValueSpecification","valueRequired":true,"valueName":"search_term_string"}}],"inLanguage":"pt-PT"},{"@type":"Organization","@id":"https:\/\/suelosport.com\/pt-pt\/#organization","name":"Suelosport","url":"https:\/\/suelosport.com\/pt-pt\/","logo":{"@type":"ImageObject","inLanguage":"pt-PT","@id":"https:\/\/suelosport.com\/pt-pt\/#\/schema\/logo\/image\/","url":"https:\/\/suelosport.com\/wp-content\/uploads\/2018\/03\/logo-suelosport.png","contentUrl":"https:\/\/suelosport.com\/wp-content\/uploads\/2018\/03\/logo-suelosport.png","width":300,"height":67,"caption":"Suelosport"},"image":{"@id":"https:\/\/suelosport.com\/pt-pt\/#\/schema\/logo\/image\/"},"sameAs":["https:\/\/www.facebook.com\/Suelosport-2042694182686080\/","https:\/\/www.linkedin.com\/company\/suelosport\/","https:\/\/www.youtube.com\/channel\/UC1eoryUxD4Fw7f1m5wx_vFg?view_as=subscriber"]}]}},"_links":{"self":[{"href":"https:\/\/suelosport.com\/pt-pt\/wp-json\/wp\/v2\/product\/31942","targetHints":{"allow":["GET"]}}],"collection":[{"href":"https:\/\/suelosport.com\/pt-pt\/wp-json\/wp\/v2\/product"}],"about":[{"href":"https:\/\/suelosport.com\/pt-pt\/wp-json\/wp\/v2\/types\/product"}],"replies":[{"embeddable":true,"href":"https:\/\/suelosport.com\/pt-pt\/wp-json\/wp\/v2\/comments?post=31942"}],"wp:featuredmedia":[{"embeddable":true,"href":"https:\/\/suelosport.com\/pt-pt\/wp-json\/wp\/v2\/media\/31953"}],"wp:attachment":[{"href":"https:\/\/suelosport.com\/pt-pt\/wp-json\/wp\/v2\/media?parent=31942"}],"wp:term":[{"taxonomy":"product_brand","embeddable":true,"href":"https:\/\/suelosport.com\/pt-pt\/wp-json\/wp\/v2\/product_brand?post=31942"},{"taxonomy":"product_cat","embeddable":true,"href":"https:\/\/suelosport.com\/pt-pt\/wp-json\/wp\/v2\/product_cat?post=31942"},{"taxonomy":"product_tag","embeddable":true,"href":"https:\/\/suelosport.com\/pt-pt\/wp-json\/wp\/v2\/product_tag?post=31942"}],"curies":[{"name":"wp","href":"https:\/\/api.w.org\/{rel}","templated":true}]}}