{"id":31750,"date":"2018-09-07T17:02:17","date_gmt":"2018-09-07T17:02:17","guid":{"rendered":"https:\/\/suelosport.com\/producto\/perfis-de-desigualdade\/"},"modified":"2020-11-16T13:36:09","modified_gmt":"2020-11-16T12:36:09","slug":"perfis-de-nivel-desiguais","status":"publish","type":"product","link":"https:\/\/suelosport.com\/pt-pt\/producto\/perfis-de-nivel-desiguais\/","title":{"rendered":"Perfis de desigualdade"},"content":{"rendered":"","protected":false},"excerpt":{"rendered":"<p><strong>Perfis de desigualdade para completar<\/strong> pavimentos que est\u00e3o em diferentes n\u00edveis, com uma grande variedade de acabamentos e cores e diferentes comprimentos.<\/p>\n<ul>\n<li>Comprimento: de 0,73 a 2,5 m<\/li>\n<\/ul>\n<p>Instala\u00e7\u00e3o f\u00e1cil, confort\u00e1vel e r\u00e1pida para um acabamento perfeito. Podem ser escolhidas duas op\u00e7\u00f5es, perfis adesivos ou perfis de parafusos.<\/p>\n<a href=\"https:\/\/suelosport.com\/pt-pt\/contacto\/\" class=\"button primary is-primary is-medium\" >\n\t\t<span>solicitar presupuesto<\/span>\n\t<\/a>\n\n","protected":false},"featured_media":31776,"comment_status":"open","ping_status":"closed","template":"","meta":{"inline_featured_image":false},"product_brand":[],"product_cat":[940,941,942,943],"product_tag":[],"class_list":{"0":"post-31750","1":"product","2":"type-product","3":"status-publish","4":"has-post-thumbnail","6":"product_cat-suelos-de-caucho-pt-pt-2","7":"product_cat-suelos-de-goma-pt-pt","8":"product_cat-accesorios-de-instalacion","9":"product_cat-accesorios-de-instalacion-suelos-de-caucho","11":"first","12":"instock","13":"taxable","14":"shipping-taxable","15":"purchasable","16":"product-type-variable"},"yoast_head":"<!-- This site is optimized with the Yoast SEO plugin v27.1.1 - https:\/\/yoast.com\/product\/yoast-seo-wordpress\/ -->\n<title>Perfis de desigualdade | Suelosport - Suelos Deportivos<\/title>\n<meta name=\"robots\" content=\"index, follow, max-snippet:-1, max-image-preview:large, max-video-preview:-1\" \/>\n<link rel=\"canonical\" href=\"https:\/\/suelosport.com\/pt-pt\/producto\/perfis-de-nivel-desiguais\/\" \/>\n<meta property=\"og:locale\" content=\"pt_PT\" \/>\n<meta property=\"og:type\" content=\"article\" \/>\n<meta property=\"og:title\" content=\"Perfis de desigualdade | Suelosport - Suelos Deportivos\" \/>\n<meta property=\"og:description\" content=\"Perfis de desigualdade para completar pavimentos que est\u00e3o em diferentes n\u00edveis, com uma grande variedade de acabamentos e cores e diferentes comprimentos.  Comprimento: de 0,73 a 2,5 m Instala\u00e7\u00e3o f\u00e1cil, confort\u00e1vel e r\u00e1pida para um acabamento perfeito. Podem ser escolhidas duas op\u00e7\u00f5es, perfis adesivos ou perfis de parafusos.\" \/>\n<meta property=\"og:url\" content=\"https:\/\/suelosport.com\/pt-pt\/producto\/perfis-de-nivel-desiguais\/\" \/>\n<meta property=\"og:site_name\" content=\"Suelosport - Suelos Deportivos\" \/>\n<meta property=\"article:publisher\" content=\"https:\/\/www.facebook.com\/Suelosport-2042694182686080\/\" \/>\n<meta property=\"article:modified_time\" content=\"2020-11-16T12:36:09+00:00\" \/>\n<meta property=\"og:image\" content=\"https:\/\/suelosport.com\/wp-content\/uploads\/2018\/09\/PERFILES_DE_DESNIVEL.png\" \/>\n\t<meta property=\"og:image:width\" content=\"261\" \/>\n\t<meta property=\"og:image:height\" content=\"357\" \/>\n\t<meta property=\"og:image:type\" content=\"image\/png\" \/>\n<meta name=\"twitter:card\" content=\"summary_large_image\" \/>\n<script type=\"application\/ld+json\" class=\"yoast-schema-graph\">{\"@context\":\"https:\/\/schema.org\",\"@graph\":[{\"@type\":[\"WebPage\",\"ItemPage\"],\"@id\":\"https:\/\/suelosport.com\/pt-pt\/producto\/perfis-de-nivel-desiguais\/\",\"url\":\"https:\/\/suelosport.com\/pt-pt\/producto\/perfis-de-nivel-desiguais\/\",\"name\":\"Perfis de desigualdade | Suelosport - Suelos Deportivos\",\"isPartOf\":{\"@id\":\"https:\/\/suelosport.com\/pt-pt\/#website\"},\"primaryImageOfPage\":{\"@id\":\"https:\/\/suelosport.com\/pt-pt\/producto\/perfis-de-nivel-desiguais\/#primaryimage\"},\"image\":{\"@id\":\"https:\/\/suelosport.com\/pt-pt\/producto\/perfis-de-nivel-desiguais\/#primaryimage\"},\"thumbnailUrl\":\"https:\/\/suelosport.com\/wp-content\/uploads\/2018\/09\/PERFILES_DE_DESNIVEL.png\",\"datePublished\":\"2018-09-07T17:02:17+00:00\",\"dateModified\":\"2020-11-16T12:36:09+00:00\",\"breadcrumb\":{\"@id\":\"https:\/\/suelosport.com\/pt-pt\/producto\/perfis-de-nivel-desiguais\/#breadcrumb\"},\"inLanguage\":\"pt-PT\",\"potentialAction\":[{\"@type\":\"ReadAction\",\"target\":[\"https:\/\/suelosport.com\/pt-pt\/producto\/perfis-de-nivel-desiguais\/\"]}]},{\"@type\":\"ImageObject\",\"inLanguage\":\"pt-PT\",\"@id\":\"https:\/\/suelosport.com\/pt-pt\/producto\/perfis-de-nivel-desiguais\/#primaryimage\",\"url\":\"https:\/\/suelosport.com\/wp-content\/uploads\/2018\/09\/PERFILES_DE_DESNIVEL.png\",\"contentUrl\":\"https:\/\/suelosport.com\/wp-content\/uploads\/2018\/09\/PERFILES_DE_DESNIVEL.png\",\"width\":261,\"height\":357,\"caption\":\"perfil de irregularidades\"},{\"@type\":\"BreadcrumbList\",\"@id\":\"https:\/\/suelosport.com\/pt-pt\/producto\/perfis-de-nivel-desiguais\/#breadcrumb\",\"itemListElement\":[{\"@type\":\"ListItem\",\"position\":1,\"name\":\"Portada\",\"item\":\"https:\/\/suelosport.com\/pt-pt\/\"},{\"@type\":\"ListItem\",\"position\":2,\"name\":\"Tienda\",\"item\":\"https:\/\/suelosport.com\/tienda\/\"},{\"@type\":\"ListItem\",\"position\":3,\"name\":\"Perfis de desigualdade\"}]},{\"@type\":\"WebSite\",\"@id\":\"https:\/\/suelosport.com\/pt-pt\/#website\",\"url\":\"https:\/\/suelosport.com\/pt-pt\/\",\"name\":\"Suelosport - Suelos Deportivos\",\"description\":\"Suelos para gimnasios, suelos de goma, losetas y suelos antideslizantes\",\"publisher\":{\"@id\":\"https:\/\/suelosport.com\/pt-pt\/#organization\"},\"potentialAction\":[{\"@type\":\"SearchAction\",\"target\":{\"@type\":\"EntryPoint\",\"urlTemplate\":\"https:\/\/suelosport.com\/pt-pt\/?s={search_term_string}\"},\"query-input\":{\"@type\":\"PropertyValueSpecification\",\"valueRequired\":true,\"valueName\":\"search_term_string\"}}],\"inLanguage\":\"pt-PT\"},{\"@type\":\"Organization\",\"@id\":\"https:\/\/suelosport.com\/pt-pt\/#organization\",\"name\":\"Suelosport\",\"url\":\"https:\/\/suelosport.com\/pt-pt\/\",\"logo\":{\"@type\":\"ImageObject\",\"inLanguage\":\"pt-PT\",\"@id\":\"https:\/\/suelosport.com\/pt-pt\/#\/schema\/logo\/image\/\",\"url\":\"https:\/\/suelosport.com\/wp-content\/uploads\/2018\/03\/logo-suelosport.png\",\"contentUrl\":\"https:\/\/suelosport.com\/wp-content\/uploads\/2018\/03\/logo-suelosport.png\",\"width\":300,\"height\":67,\"caption\":\"Suelosport\"},\"image\":{\"@id\":\"https:\/\/suelosport.com\/pt-pt\/#\/schema\/logo\/image\/\"},\"sameAs\":[\"https:\/\/www.facebook.com\/Suelosport-2042694182686080\/\",\"https:\/\/www.linkedin.com\/company\/suelosport\/\",\"https:\/\/www.youtube.com\/channel\/UC1eoryUxD4Fw7f1m5wx_vFg?view_as=subscriber\"]}]}<\/script>\n<!-- \/ Yoast SEO plugin. -->","yoast_head_json":{"title":"Perfis de desigualdade | Suelosport - Suelos Deportivos","robots":{"index":"index","follow":"follow","max-snippet":"max-snippet:-1","max-image-preview":"max-image-preview:large","max-video-preview":"max-video-preview:-1"},"canonical":"https:\/\/suelosport.com\/pt-pt\/producto\/perfis-de-nivel-desiguais\/","og_locale":"pt_PT","og_type":"article","og_title":"Perfis de desigualdade | Suelosport - Suelos Deportivos","og_description":"Perfis de desigualdade para completar pavimentos que est\u00e3o em diferentes n\u00edveis, com uma grande variedade de acabamentos e cores e diferentes comprimentos.  Comprimento: de 0,73 a 2,5 m Instala\u00e7\u00e3o f\u00e1cil, confort\u00e1vel e r\u00e1pida para um acabamento perfeito. Podem ser escolhidas duas op\u00e7\u00f5es, perfis adesivos ou perfis de parafusos.","og_url":"https:\/\/suelosport.com\/pt-pt\/producto\/perfis-de-nivel-desiguais\/","og_site_name":"Suelosport - Suelos Deportivos","article_publisher":"https:\/\/www.facebook.com\/Suelosport-2042694182686080\/","article_modified_time":"2020-11-16T12:36:09+00:00","og_image":[{"width":261,"height":357,"url":"https:\/\/suelosport.com\/wp-content\/uploads\/2018\/09\/PERFILES_DE_DESNIVEL.png","type":"image\/png"}],"twitter_card":"summary_large_image","schema":{"@context":"https:\/\/schema.org","@graph":[{"@type":["WebPage","ItemPage"],"@id":"https:\/\/suelosport.com\/pt-pt\/producto\/perfis-de-nivel-desiguais\/","url":"https:\/\/suelosport.com\/pt-pt\/producto\/perfis-de-nivel-desiguais\/","name":"Perfis de desigualdade | Suelosport - Suelos Deportivos","isPartOf":{"@id":"https:\/\/suelosport.com\/pt-pt\/#website"},"primaryImageOfPage":{"@id":"https:\/\/suelosport.com\/pt-pt\/producto\/perfis-de-nivel-desiguais\/#primaryimage"},"image":{"@id":"https:\/\/suelosport.com\/pt-pt\/producto\/perfis-de-nivel-desiguais\/#primaryimage"},"thumbnailUrl":"https:\/\/suelosport.com\/wp-content\/uploads\/2018\/09\/PERFILES_DE_DESNIVEL.png","datePublished":"2018-09-07T17:02:17+00:00","dateModified":"2020-11-16T12:36:09+00:00","breadcrumb":{"@id":"https:\/\/suelosport.com\/pt-pt\/producto\/perfis-de-nivel-desiguais\/#breadcrumb"},"inLanguage":"pt-PT","potentialAction":[{"@type":"ReadAction","target":["https:\/\/suelosport.com\/pt-pt\/producto\/perfis-de-nivel-desiguais\/"]}]},{"@type":"ImageObject","inLanguage":"pt-PT","@id":"https:\/\/suelosport.com\/pt-pt\/producto\/perfis-de-nivel-desiguais\/#primaryimage","url":"https:\/\/suelosport.com\/wp-content\/uploads\/2018\/09\/PERFILES_DE_DESNIVEL.png","contentUrl":"https:\/\/suelosport.com\/wp-content\/uploads\/2018\/09\/PERFILES_DE_DESNIVEL.png","width":261,"height":357,"caption":"perfil de irregularidades"},{"@type":"BreadcrumbList","@id":"https:\/\/suelosport.com\/pt-pt\/producto\/perfis-de-nivel-desiguais\/#breadcrumb","itemListElement":[{"@type":"ListItem","position":1,"name":"Portada","item":"https:\/\/suelosport.com\/pt-pt\/"},{"@type":"ListItem","position":2,"name":"Tienda","item":"https:\/\/suelosport.com\/tienda\/"},{"@type":"ListItem","position":3,"name":"Perfis de desigualdade"}]},{"@type":"WebSite","@id":"https:\/\/suelosport.com\/pt-pt\/#website","url":"https:\/\/suelosport.com\/pt-pt\/","name":"Suelosport - Suelos Deportivos","description":"Suelos para gimnasios, suelos de goma, losetas y suelos antideslizantes","publisher":{"@id":"https:\/\/suelosport.com\/pt-pt\/#organization"},"potentialAction":[{"@type":"SearchAction","target":{"@type":"EntryPoint","urlTemplate":"https:\/\/suelosport.com\/pt-pt\/?s={search_term_string}"},"query-input":{"@type":"PropertyValueSpecification","valueRequired":true,"valueName":"search_term_string"}}],"inLanguage":"pt-PT"},{"@type":"Organization","@id":"https:\/\/suelosport.com\/pt-pt\/#organization","name":"Suelosport","url":"https:\/\/suelosport.com\/pt-pt\/","logo":{"@type":"ImageObject","inLanguage":"pt-PT","@id":"https:\/\/suelosport.com\/pt-pt\/#\/schema\/logo\/image\/","url":"https:\/\/suelosport.com\/wp-content\/uploads\/2018\/03\/logo-suelosport.png","contentUrl":"https:\/\/suelosport.com\/wp-content\/uploads\/2018\/03\/logo-suelosport.png","width":300,"height":67,"caption":"Suelosport"},"image":{"@id":"https:\/\/suelosport.com\/pt-pt\/#\/schema\/logo\/image\/"},"sameAs":["https:\/\/www.facebook.com\/Suelosport-2042694182686080\/","https:\/\/www.linkedin.com\/company\/suelosport\/","https:\/\/www.youtube.com\/channel\/UC1eoryUxD4Fw7f1m5wx_vFg?view_as=subscriber"]}]}},"_links":{"self":[{"href":"https:\/\/suelosport.com\/pt-pt\/wp-json\/wp\/v2\/product\/31750","targetHints":{"allow":["GET"]}}],"collection":[{"href":"https:\/\/suelosport.com\/pt-pt\/wp-json\/wp\/v2\/product"}],"about":[{"href":"https:\/\/suelosport.com\/pt-pt\/wp-json\/wp\/v2\/types\/product"}],"replies":[{"embeddable":true,"href":"https:\/\/suelosport.com\/pt-pt\/wp-json\/wp\/v2\/comments?post=31750"}],"wp:featuredmedia":[{"embeddable":true,"href":"https:\/\/suelosport.com\/pt-pt\/wp-json\/wp\/v2\/media\/31776"}],"wp:attachment":[{"href":"https:\/\/suelosport.com\/pt-pt\/wp-json\/wp\/v2\/media?parent=31750"}],"wp:term":[{"taxonomy":"product_brand","embeddable":true,"href":"https:\/\/suelosport.com\/pt-pt\/wp-json\/wp\/v2\/product_brand?post=31750"},{"taxonomy":"product_cat","embeddable":true,"href":"https:\/\/suelosport.com\/pt-pt\/wp-json\/wp\/v2\/product_cat?post=31750"},{"taxonomy":"product_tag","embeddable":true,"href":"https:\/\/suelosport.com\/pt-pt\/wp-json\/wp\/v2\/product_tag?post=31750"}],"curies":[{"name":"wp","href":"https:\/\/api.w.org\/{rel}","templated":true}]}}