{"id":31497,"date":"2018-03-14T18:21:47","date_gmt":"2020-11-16T12:35:23","guid":{"rendered":"https:\/\/suelosport.com\/producto\/tela-de-pvc-de-680-gramas-por-rolo\/"},"modified":"2020-11-30T00:01:24","modified_gmt":"2020-11-29T23:01:24","slug":"tela-de-pvc-para-tatamis-by-roll-25-x-60-m","status":"publish","type":"product","link":"https:\/\/suelosport.com\/pt-pt\/producto\/tela-de-pvc-para-tatamis-by-roll-25-x-60-m\/","title":{"rendered":"Tela de PVC de 680 gramas por rolo"},"content":{"rendered":"","protected":false},"excerpt":{"rendered":"<p><strong>Tela de PVC por<\/strong> <strong>rolo de<\/strong> v\u00e1rias cores.<\/p>\n<p><b>Pe\u00e7a-nos<\/b> <strong>uma cota\u00e7\u00e3o para o fabrico da sua tela de PVC personalizada, termoando:<\/strong><\/p>\n<a href=\"\/contacto\/\" class=\"button primary is-primary is-medium\" >\n\t\t<span>SOLICITAR PRESUPUESTO<\/span>\n\t<\/a>\n\n<p><iframe loading=\"lazy\" src=\"https:\/\/www.youtube.com\/embed\/ofv45lCj_Zk?rel=0\" width=\"250\" height=\"150\" frameborder=\"0\" allowfullscreen=\"allowfullscreen\"><\/iframe><\/p>\n","protected":false},"featured_media":31500,"comment_status":"open","ping_status":"closed","template":"","meta":{"inline_featured_image":false},"product_brand":[],"product_cat":[994,1081],"product_tag":[1145,1146,1147,1148,1083,1084],"class_list":{"0":"post-31497","1":"product","2":"type-product","3":"status-publish","4":"has-post-thumbnail","6":"product_cat-tatamis-pt-pt","7":"product_cat-lonas-de-pvc-pt-pt","8":"product_tag-lona-de-plastico-pt-pt","9":"product_tag-lona-para-embarcaciones-pt-pt","10":"product_tag-lona-para-tatamis-pt-pt","11":"product_tag-lona-para-castillos-inchables-pt-pt","12":"product_tag-pvc-pt-pt","13":"product_tag-lona-impermeable-pt-pt","15":"first","16":"instock","17":"taxable","18":"shipping-taxable","19":"purchasable","20":"product-type-variable"},"yoast_head":"<!-- This site is optimized with the Yoast SEO plugin v27.4 - https:\/\/yoast.com\/product\/yoast-seo-wordpress\/ -->\n<title>680 GRAMAS DE TELA DE PVC PARA TATAMIS POR ROLO<\/title>\n<meta name=\"robots\" content=\"index, follow, max-snippet:-1, max-image-preview:large, max-video-preview:-1\" \/>\n<link rel=\"canonical\" href=\"https:\/\/suelosport.com\/pt-pt\/producto\/tela-de-pvc-para-tatamis-by-roll-25-x-60-m\/\" \/>\n<meta property=\"og:locale\" content=\"pt_PT\" \/>\n<meta property=\"og:type\" content=\"article\" \/>\n<meta property=\"og:title\" content=\"680 GRAMAS DE TELA DE PVC PARA TATAMIS POR ROLO\" \/>\n<meta property=\"og:description\" content=\"Tela de PVC por rolo de v\u00e1rias cores. Pe\u00e7a-nos uma cota\u00e7\u00e3o para o fabrico da sua tela de PVC personalizada, termoando:\" \/>\n<meta property=\"og:url\" content=\"https:\/\/suelosport.com\/pt-pt\/producto\/tela-de-pvc-para-tatamis-by-roll-25-x-60-m\/\" \/>\n<meta property=\"og:site_name\" content=\"Suelosport - Suelos Deportivos\" \/>\n<meta property=\"article:publisher\" content=\"https:\/\/www.facebook.com\/Suelosport-2042694182686080\/\" \/>\n<meta property=\"article:modified_time\" content=\"2020-11-29T23:01:24+00:00\" \/>\n<meta property=\"og:image\" content=\"https:\/\/suelosport.com\/wp-content\/uploads\/2017\/07\/LONA_DE_PVC_PARA_TATAMIS_POR_ROLLO_25_X_60_M.jpg\" \/>\n\t<meta property=\"og:image:width\" content=\"1468\" \/>\n\t<meta property=\"og:image:height\" content=\"1101\" \/>\n\t<meta property=\"og:image:type\" content=\"image\/jpeg\" \/>\n<meta name=\"twitter:card\" content=\"summary_large_image\" \/>\n<script type=\"application\/ld+json\" class=\"yoast-schema-graph\">{\"@context\":\"https:\\\/\\\/schema.org\",\"@graph\":[{\"@type\":[\"WebPage\",\"ItemPage\"],\"@id\":\"https:\\\/\\\/suelosport.com\\\/pt-pt\\\/producto\\\/tela-de-pvc-para-tatamis-by-roll-25-x-60-m\\\/\",\"url\":\"https:\\\/\\\/suelosport.com\\\/pt-pt\\\/producto\\\/tela-de-pvc-para-tatamis-by-roll-25-x-60-m\\\/\",\"name\":\"680 GRAMAS DE TELA DE PVC PARA TATAMIS POR ROLO\",\"isPartOf\":{\"@id\":\"https:\\\/\\\/suelosport.com\\\/pt-pt\\\/#website\"},\"primaryImageOfPage\":{\"@id\":\"https:\\\/\\\/suelosport.com\\\/pt-pt\\\/producto\\\/tela-de-pvc-para-tatamis-by-roll-25-x-60-m\\\/#primaryimage\"},\"image\":{\"@id\":\"https:\\\/\\\/suelosport.com\\\/pt-pt\\\/producto\\\/tela-de-pvc-para-tatamis-by-roll-25-x-60-m\\\/#primaryimage\"},\"thumbnailUrl\":\"https:\\\/\\\/suelosport.com\\\/wp-content\\\/uploads\\\/2017\\\/07\\\/LONA_DE_PVC_PARA_TATAMIS_POR_ROLLO_25_X_60_M.jpg\",\"datePublished\":\"2020-11-16T12:35:23+00:00\",\"dateModified\":\"2020-11-29T23:01:24+00:00\",\"breadcrumb\":{\"@id\":\"https:\\\/\\\/suelosport.com\\\/pt-pt\\\/producto\\\/tela-de-pvc-para-tatamis-by-roll-25-x-60-m\\\/#breadcrumb\"},\"inLanguage\":\"pt-PT\",\"potentialAction\":[{\"@type\":\"ReadAction\",\"target\":[\"https:\\\/\\\/suelosport.com\\\/pt-pt\\\/producto\\\/tela-de-pvc-para-tatamis-by-roll-25-x-60-m\\\/\"]}]},{\"@type\":\"ImageObject\",\"inLanguage\":\"pt-PT\",\"@id\":\"https:\\\/\\\/suelosport.com\\\/pt-pt\\\/producto\\\/tela-de-pvc-para-tatamis-by-roll-25-x-60-m\\\/#primaryimage\",\"url\":\"https:\\\/\\\/suelosport.com\\\/wp-content\\\/uploads\\\/2017\\\/07\\\/LONA_DE_PVC_PARA_TATAMIS_POR_ROLLO_25_X_60_M.jpg\",\"contentUrl\":\"https:\\\/\\\/suelosport.com\\\/wp-content\\\/uploads\\\/2017\\\/07\\\/LONA_DE_PVC_PARA_TATAMIS_POR_ROLLO_25_X_60_M.jpg\",\"width\":1468,\"height\":1101,\"caption\":\"680 GRAMAS DE TELA DE PVC PARA TATAMIS POR ROLO\"},{\"@type\":\"BreadcrumbList\",\"@id\":\"https:\\\/\\\/suelosport.com\\\/pt-pt\\\/producto\\\/tela-de-pvc-para-tatamis-by-roll-25-x-60-m\\\/#breadcrumb\",\"itemListElement\":[{\"@type\":\"ListItem\",\"position\":1,\"name\":\"Portada\",\"item\":\"https:\\\/\\\/suelosport.com\\\/pt-pt\\\/\"},{\"@type\":\"ListItem\",\"position\":2,\"name\":\"Tienda\",\"item\":\"https:\\\/\\\/suelosport.com\\\/tienda\\\/\"},{\"@type\":\"ListItem\",\"position\":3,\"name\":\"Tela de PVC de 680 gramas por rolo\"}]},{\"@type\":\"WebSite\",\"@id\":\"https:\\\/\\\/suelosport.com\\\/pt-pt\\\/#website\",\"url\":\"https:\\\/\\\/suelosport.com\\\/pt-pt\\\/\",\"name\":\"Suelosport - Suelos Deportivos\",\"description\":\"Suelos para gimnasios, suelos de goma, losetas y suelos antideslizantes\",\"publisher\":{\"@id\":\"https:\\\/\\\/suelosport.com\\\/pt-pt\\\/#organization\"},\"potentialAction\":[{\"@type\":\"SearchAction\",\"target\":{\"@type\":\"EntryPoint\",\"urlTemplate\":\"https:\\\/\\\/suelosport.com\\\/pt-pt\\\/?s={search_term_string}\"},\"query-input\":{\"@type\":\"PropertyValueSpecification\",\"valueRequired\":true,\"valueName\":\"search_term_string\"}}],\"inLanguage\":\"pt-PT\"},{\"@type\":\"Organization\",\"@id\":\"https:\\\/\\\/suelosport.com\\\/pt-pt\\\/#organization\",\"name\":\"Suelosport\",\"url\":\"https:\\\/\\\/suelosport.com\\\/pt-pt\\\/\",\"logo\":{\"@type\":\"ImageObject\",\"inLanguage\":\"pt-PT\",\"@id\":\"https:\\\/\\\/suelosport.com\\\/pt-pt\\\/#\\\/schema\\\/logo\\\/image\\\/\",\"url\":\"https:\\\/\\\/suelosport.com\\\/wp-content\\\/uploads\\\/2018\\\/03\\\/logo-suelosport.png\",\"contentUrl\":\"https:\\\/\\\/suelosport.com\\\/wp-content\\\/uploads\\\/2018\\\/03\\\/logo-suelosport.png\",\"width\":300,\"height\":67,\"caption\":\"Suelosport\"},\"image\":{\"@id\":\"https:\\\/\\\/suelosport.com\\\/pt-pt\\\/#\\\/schema\\\/logo\\\/image\\\/\"},\"sameAs\":[\"https:\\\/\\\/www.facebook.com\\\/Suelosport-2042694182686080\\\/\",\"https:\\\/\\\/www.linkedin.com\\\/company\\\/suelosport\\\/\",\"https:\\\/\\\/www.youtube.com\\\/channel\\\/UC1eoryUxD4Fw7f1m5wx_vFg?view_as=subscriber\"]}]}<\/script>\n<!-- \/ Yoast SEO plugin. -->","yoast_head_json":{"title":"680 GRAMAS DE TELA DE PVC PARA TATAMIS POR ROLO","robots":{"index":"index","follow":"follow","max-snippet":"max-snippet:-1","max-image-preview":"max-image-preview:large","max-video-preview":"max-video-preview:-1"},"canonical":"https:\/\/suelosport.com\/pt-pt\/producto\/tela-de-pvc-para-tatamis-by-roll-25-x-60-m\/","og_locale":"pt_PT","og_type":"article","og_title":"680 GRAMAS DE TELA DE PVC PARA TATAMIS POR ROLO","og_description":"Tela de PVC por rolo de v\u00e1rias cores. Pe\u00e7a-nos uma cota\u00e7\u00e3o para o fabrico da sua tela de PVC personalizada, termoando:","og_url":"https:\/\/suelosport.com\/pt-pt\/producto\/tela-de-pvc-para-tatamis-by-roll-25-x-60-m\/","og_site_name":"Suelosport - Suelos Deportivos","article_publisher":"https:\/\/www.facebook.com\/Suelosport-2042694182686080\/","article_modified_time":"2020-11-29T23:01:24+00:00","og_image":[{"width":1468,"height":1101,"url":"https:\/\/suelosport.com\/wp-content\/uploads\/2017\/07\/LONA_DE_PVC_PARA_TATAMIS_POR_ROLLO_25_X_60_M.jpg","type":"image\/jpeg"}],"twitter_card":"summary_large_image","schema":{"@context":"https:\/\/schema.org","@graph":[{"@type":["WebPage","ItemPage"],"@id":"https:\/\/suelosport.com\/pt-pt\/producto\/tela-de-pvc-para-tatamis-by-roll-25-x-60-m\/","url":"https:\/\/suelosport.com\/pt-pt\/producto\/tela-de-pvc-para-tatamis-by-roll-25-x-60-m\/","name":"680 GRAMAS DE TELA DE PVC PARA TATAMIS POR ROLO","isPartOf":{"@id":"https:\/\/suelosport.com\/pt-pt\/#website"},"primaryImageOfPage":{"@id":"https:\/\/suelosport.com\/pt-pt\/producto\/tela-de-pvc-para-tatamis-by-roll-25-x-60-m\/#primaryimage"},"image":{"@id":"https:\/\/suelosport.com\/pt-pt\/producto\/tela-de-pvc-para-tatamis-by-roll-25-x-60-m\/#primaryimage"},"thumbnailUrl":"https:\/\/suelosport.com\/wp-content\/uploads\/2017\/07\/LONA_DE_PVC_PARA_TATAMIS_POR_ROLLO_25_X_60_M.jpg","datePublished":"2020-11-16T12:35:23+00:00","dateModified":"2020-11-29T23:01:24+00:00","breadcrumb":{"@id":"https:\/\/suelosport.com\/pt-pt\/producto\/tela-de-pvc-para-tatamis-by-roll-25-x-60-m\/#breadcrumb"},"inLanguage":"pt-PT","potentialAction":[{"@type":"ReadAction","target":["https:\/\/suelosport.com\/pt-pt\/producto\/tela-de-pvc-para-tatamis-by-roll-25-x-60-m\/"]}]},{"@type":"ImageObject","inLanguage":"pt-PT","@id":"https:\/\/suelosport.com\/pt-pt\/producto\/tela-de-pvc-para-tatamis-by-roll-25-x-60-m\/#primaryimage","url":"https:\/\/suelosport.com\/wp-content\/uploads\/2017\/07\/LONA_DE_PVC_PARA_TATAMIS_POR_ROLLO_25_X_60_M.jpg","contentUrl":"https:\/\/suelosport.com\/wp-content\/uploads\/2017\/07\/LONA_DE_PVC_PARA_TATAMIS_POR_ROLLO_25_X_60_M.jpg","width":1468,"height":1101,"caption":"680 GRAMAS DE TELA DE PVC PARA TATAMIS POR ROLO"},{"@type":"BreadcrumbList","@id":"https:\/\/suelosport.com\/pt-pt\/producto\/tela-de-pvc-para-tatamis-by-roll-25-x-60-m\/#breadcrumb","itemListElement":[{"@type":"ListItem","position":1,"name":"Portada","item":"https:\/\/suelosport.com\/pt-pt\/"},{"@type":"ListItem","position":2,"name":"Tienda","item":"https:\/\/suelosport.com\/tienda\/"},{"@type":"ListItem","position":3,"name":"Tela de PVC de 680 gramas por rolo"}]},{"@type":"WebSite","@id":"https:\/\/suelosport.com\/pt-pt\/#website","url":"https:\/\/suelosport.com\/pt-pt\/","name":"Suelosport - Suelos Deportivos","description":"Suelos para gimnasios, suelos de goma, losetas y suelos antideslizantes","publisher":{"@id":"https:\/\/suelosport.com\/pt-pt\/#organization"},"potentialAction":[{"@type":"SearchAction","target":{"@type":"EntryPoint","urlTemplate":"https:\/\/suelosport.com\/pt-pt\/?s={search_term_string}"},"query-input":{"@type":"PropertyValueSpecification","valueRequired":true,"valueName":"search_term_string"}}],"inLanguage":"pt-PT"},{"@type":"Organization","@id":"https:\/\/suelosport.com\/pt-pt\/#organization","name":"Suelosport","url":"https:\/\/suelosport.com\/pt-pt\/","logo":{"@type":"ImageObject","inLanguage":"pt-PT","@id":"https:\/\/suelosport.com\/pt-pt\/#\/schema\/logo\/image\/","url":"https:\/\/suelosport.com\/wp-content\/uploads\/2018\/03\/logo-suelosport.png","contentUrl":"https:\/\/suelosport.com\/wp-content\/uploads\/2018\/03\/logo-suelosport.png","width":300,"height":67,"caption":"Suelosport"},"image":{"@id":"https:\/\/suelosport.com\/pt-pt\/#\/schema\/logo\/image\/"},"sameAs":["https:\/\/www.facebook.com\/Suelosport-2042694182686080\/","https:\/\/www.linkedin.com\/company\/suelosport\/","https:\/\/www.youtube.com\/channel\/UC1eoryUxD4Fw7f1m5wx_vFg?view_as=subscriber"]}]}},"_links":{"self":[{"href":"https:\/\/suelosport.com\/pt-pt\/wp-json\/wp\/v2\/product\/31497","targetHints":{"allow":["GET"]}}],"collection":[{"href":"https:\/\/suelosport.com\/pt-pt\/wp-json\/wp\/v2\/product"}],"about":[{"href":"https:\/\/suelosport.com\/pt-pt\/wp-json\/wp\/v2\/types\/product"}],"replies":[{"embeddable":true,"href":"https:\/\/suelosport.com\/pt-pt\/wp-json\/wp\/v2\/comments?post=31497"}],"wp:featuredmedia":[{"embeddable":true,"href":"https:\/\/suelosport.com\/pt-pt\/wp-json\/wp\/v2\/media\/31500"}],"wp:attachment":[{"href":"https:\/\/suelosport.com\/pt-pt\/wp-json\/wp\/v2\/media?parent=31497"}],"wp:term":[{"taxonomy":"product_brand","embeddable":true,"href":"https:\/\/suelosport.com\/pt-pt\/wp-json\/wp\/v2\/product_brand?post=31497"},{"taxonomy":"product_cat","embeddable":true,"href":"https:\/\/suelosport.com\/pt-pt\/wp-json\/wp\/v2\/product_cat?post=31497"},{"taxonomy":"product_tag","embeddable":true,"href":"https:\/\/suelosport.com\/pt-pt\/wp-json\/wp\/v2\/product_tag?post=31497"}],"curies":[{"name":"wp","href":"https:\/\/api.w.org\/{rel}","templated":true}]}}