{"id":31172,"date":"2019-01-17T17:29:14","date_gmt":"2019-01-17T17:29:14","guid":{"rendered":"https:\/\/suelosport.com\/producto\/relva-de-colocacao-artificial-por-medidor-linear\/"},"modified":"2020-11-16T13:33:34","modified_gmt":"2020-11-16T12:33:34","slug":"cesped-artificial-putting-por-medidor","status":"publish","type":"product","link":"https:\/\/suelosport.com\/pt-pt\/producto\/cesped-artificial-putting-por-medidor\/","title":{"rendered":"Relva de coloca\u00e7\u00e3o artificial por medidor linear"},"content":{"rendered":"","protected":false},"excerpt":{"rendered":"<p><strong>Grama multisporta artificial muito<\/strong> forte e resistente.<\/p>\n<ul>\n<li>Largura do rolo: 2 m<\/li>\n<\/ul>\n<p><span style=\"color: #d83131;\"><strong>Ordem m\u00ednima: &#8220;5&#8221; metros lineares. Os pre\u00e7os apresentados s\u00e3o para o medidor linear &#8220;1&#8221;.<\/strong><\/span><\/p>\n<p><iframe loading=\"lazy\" src=\"https:\/\/www.youtube.com\/embed\/g84hL-okg-A\/?rel=0&amp;amp\" width=\"250\" height=\"150\" frameborder=\"0\" allowfullscreen=\"allowfullscreen\"><\/iframe><\/p>\n<a href=\"\/ellos-tambien-confiaron-en-nosotros\/\" class=\"button primary is-outline is-small\" >\n\t<i class=\"icon-instagram\" aria-hidden=\"true\"><\/i>\t<span>Ver im\u00e1genes de suelos colocados<\/span>\n\t<\/a>\n\n","protected":false},"featured_media":31174,"comment_status":"open","ping_status":"closed","template":"","meta":{"inline_featured_image":false},"product_brand":[],"product_cat":[980,1051],"product_tag":[1131,1187,1188,1237,1433,1054],"class_list":{"0":"post-31172","1":"product","2":"type-product","3":"status-publish","4":"has-post-thumbnail","6":"product_cat-cesped-artificial-pt-pt","7":"product_cat-cesped-artificial-para-gimnasios-pt-pt","8":"product_tag-alta-densidad-pt-pt","9":"product_tag-deportivo-pt-pt","10":"product_tag-parques-infantiles-pt-pt","11":"product_tag-resistente-pt-pt","12":"product_tag-juegos-pt-pt","13":"product_tag-cesped-pt-pt-2","15":"first","16":"instock","17":"taxable","18":"shipping-taxable","19":"purchasable","20":"product-type-simple"},"yoast_head":"<!-- This site is optimized with the Yoast SEO plugin v27.1.1 - https:\/\/yoast.com\/product\/yoast-seo-wordpress\/ -->\n<title>Grama colocando por metros. Piso desportivo SUELOSPORT<\/title>\n<meta name=\"description\" content=\"Relva artificial de coloca\u00e7\u00e3o por medidor linear. Grama multisporta muito forte e resistente. Adequado para parques infantis e perfeito para golfe.\" \/>\n<meta name=\"robots\" content=\"index, follow, max-snippet:-1, max-image-preview:large, max-video-preview:-1\" \/>\n<link rel=\"canonical\" href=\"https:\/\/suelosport.com\/pt-pt\/producto\/cesped-artificial-putting-por-medidor\/\" \/>\n<meta property=\"og:locale\" content=\"pt_PT\" \/>\n<meta property=\"og:type\" content=\"article\" \/>\n<meta property=\"og:title\" content=\"Grama colocando por metros. Piso desportivo SUELOSPORT\" \/>\n<meta property=\"og:description\" content=\"Relva artificial de coloca\u00e7\u00e3o por medidor linear. Grama multisporta muito forte e resistente. Adequado para parques infantis e perfeito para golfe.\" \/>\n<meta property=\"og:url\" content=\"https:\/\/suelosport.com\/pt-pt\/producto\/cesped-artificial-putting-por-medidor\/\" \/>\n<meta property=\"og:site_name\" content=\"Suelosport - Suelos Deportivos\" \/>\n<meta property=\"article:publisher\" content=\"https:\/\/www.facebook.com\/Suelosport-2042694182686080\/\" \/>\n<meta property=\"article:modified_time\" content=\"2020-11-16T12:33:34+00:00\" \/>\n<meta property=\"og:image\" content=\"https:\/\/suelosport.com\/wp-content\/uploads\/2019\/01\/Cesped_artificial_alta_densidad_por_metro_lineal.png\" \/>\n\t<meta property=\"og:image:width\" content=\"766\" \/>\n\t<meta property=\"og:image:height\" content=\"823\" \/>\n\t<meta property=\"og:image:type\" content=\"image\/png\" \/>\n<meta name=\"twitter:card\" content=\"summary_large_image\" \/>\n<script type=\"application\/ld+json\" class=\"yoast-schema-graph\">{\"@context\":\"https:\/\/schema.org\",\"@graph\":[{\"@type\":[\"WebPage\",\"ItemPage\"],\"@id\":\"https:\/\/suelosport.com\/pt-pt\/producto\/cesped-artificial-putting-por-medidor\/\",\"url\":\"https:\/\/suelosport.com\/pt-pt\/producto\/cesped-artificial-putting-por-medidor\/\",\"name\":\"Grama colocando por metros. Piso desportivo SUELOSPORT\",\"isPartOf\":{\"@id\":\"https:\/\/suelosport.com\/pt-pt\/#website\"},\"primaryImageOfPage\":{\"@id\":\"https:\/\/suelosport.com\/pt-pt\/producto\/cesped-artificial-putting-por-medidor\/#primaryimage\"},\"image\":{\"@id\":\"https:\/\/suelosport.com\/pt-pt\/producto\/cesped-artificial-putting-por-medidor\/#primaryimage\"},\"thumbnailUrl\":\"https:\/\/suelosport.com\/wp-content\/uploads\/2019\/01\/Cesped_artificial_alta_densidad_por_metro_lineal.png\",\"datePublished\":\"2019-01-17T17:29:14+00:00\",\"dateModified\":\"2020-11-16T12:33:34+00:00\",\"description\":\"Relva artificial de coloca\u00e7\u00e3o por medidor linear. Grama multisporta muito forte e resistente. Adequado para parques infantis e perfeito para golfe.\",\"breadcrumb\":{\"@id\":\"https:\/\/suelosport.com\/pt-pt\/producto\/cesped-artificial-putting-por-medidor\/#breadcrumb\"},\"inLanguage\":\"pt-PT\",\"potentialAction\":[{\"@type\":\"ReadAction\",\"target\":[\"https:\/\/suelosport.com\/pt-pt\/producto\/cesped-artificial-putting-por-medidor\/\"]}]},{\"@type\":\"ImageObject\",\"inLanguage\":\"pt-PT\",\"@id\":\"https:\/\/suelosport.com\/pt-pt\/producto\/cesped-artificial-putting-por-medidor\/#primaryimage\",\"url\":\"https:\/\/suelosport.com\/wp-content\/uploads\/2019\/01\/Cesped_artificial_alta_densidad_por_metro_lineal.png\",\"contentUrl\":\"https:\/\/suelosport.com\/wp-content\/uploads\/2019\/01\/Cesped_artificial_alta_densidad_por_metro_lineal.png\",\"width\":766,\"height\":823,\"caption\":\"Colocando grama por metros\"},{\"@type\":\"BreadcrumbList\",\"@id\":\"https:\/\/suelosport.com\/pt-pt\/producto\/cesped-artificial-putting-por-medidor\/#breadcrumb\",\"itemListElement\":[{\"@type\":\"ListItem\",\"position\":1,\"name\":\"Portada\",\"item\":\"https:\/\/suelosport.com\/pt-pt\/\"},{\"@type\":\"ListItem\",\"position\":2,\"name\":\"Tienda\",\"item\":\"https:\/\/suelosport.com\/tienda\/\"},{\"@type\":\"ListItem\",\"position\":3,\"name\":\"Relva de coloca\u00e7\u00e3o artificial por medidor linear\"}]},{\"@type\":\"WebSite\",\"@id\":\"https:\/\/suelosport.com\/pt-pt\/#website\",\"url\":\"https:\/\/suelosport.com\/pt-pt\/\",\"name\":\"Suelosport - Suelos Deportivos\",\"description\":\"Suelos para gimnasios, suelos de goma, losetas y suelos antideslizantes\",\"publisher\":{\"@id\":\"https:\/\/suelosport.com\/pt-pt\/#organization\"},\"potentialAction\":[{\"@type\":\"SearchAction\",\"target\":{\"@type\":\"EntryPoint\",\"urlTemplate\":\"https:\/\/suelosport.com\/pt-pt\/?s={search_term_string}\"},\"query-input\":{\"@type\":\"PropertyValueSpecification\",\"valueRequired\":true,\"valueName\":\"search_term_string\"}}],\"inLanguage\":\"pt-PT\"},{\"@type\":\"Organization\",\"@id\":\"https:\/\/suelosport.com\/pt-pt\/#organization\",\"name\":\"Suelosport\",\"url\":\"https:\/\/suelosport.com\/pt-pt\/\",\"logo\":{\"@type\":\"ImageObject\",\"inLanguage\":\"pt-PT\",\"@id\":\"https:\/\/suelosport.com\/pt-pt\/#\/schema\/logo\/image\/\",\"url\":\"https:\/\/suelosport.com\/wp-content\/uploads\/2018\/03\/logo-suelosport.png\",\"contentUrl\":\"https:\/\/suelosport.com\/wp-content\/uploads\/2018\/03\/logo-suelosport.png\",\"width\":300,\"height\":67,\"caption\":\"Suelosport\"},\"image\":{\"@id\":\"https:\/\/suelosport.com\/pt-pt\/#\/schema\/logo\/image\/\"},\"sameAs\":[\"https:\/\/www.facebook.com\/Suelosport-2042694182686080\/\",\"https:\/\/www.linkedin.com\/company\/suelosport\/\",\"https:\/\/www.youtube.com\/channel\/UC1eoryUxD4Fw7f1m5wx_vFg?view_as=subscriber\"]}]}<\/script>\n<!-- \/ Yoast SEO plugin. -->","yoast_head_json":{"title":"Grama colocando por metros. Piso desportivo SUELOSPORT","description":"Relva artificial de coloca\u00e7\u00e3o por medidor linear. Grama multisporta muito forte e resistente. Adequado para parques infantis e perfeito para golfe.","robots":{"index":"index","follow":"follow","max-snippet":"max-snippet:-1","max-image-preview":"max-image-preview:large","max-video-preview":"max-video-preview:-1"},"canonical":"https:\/\/suelosport.com\/pt-pt\/producto\/cesped-artificial-putting-por-medidor\/","og_locale":"pt_PT","og_type":"article","og_title":"Grama colocando por metros. Piso desportivo SUELOSPORT","og_description":"Relva artificial de coloca\u00e7\u00e3o por medidor linear. Grama multisporta muito forte e resistente. Adequado para parques infantis e perfeito para golfe.","og_url":"https:\/\/suelosport.com\/pt-pt\/producto\/cesped-artificial-putting-por-medidor\/","og_site_name":"Suelosport - Suelos Deportivos","article_publisher":"https:\/\/www.facebook.com\/Suelosport-2042694182686080\/","article_modified_time":"2020-11-16T12:33:34+00:00","og_image":[{"width":766,"height":823,"url":"https:\/\/suelosport.com\/wp-content\/uploads\/2019\/01\/Cesped_artificial_alta_densidad_por_metro_lineal.png","type":"image\/png"}],"twitter_card":"summary_large_image","schema":{"@context":"https:\/\/schema.org","@graph":[{"@type":["WebPage","ItemPage"],"@id":"https:\/\/suelosport.com\/pt-pt\/producto\/cesped-artificial-putting-por-medidor\/","url":"https:\/\/suelosport.com\/pt-pt\/producto\/cesped-artificial-putting-por-medidor\/","name":"Grama colocando por metros. Piso desportivo SUELOSPORT","isPartOf":{"@id":"https:\/\/suelosport.com\/pt-pt\/#website"},"primaryImageOfPage":{"@id":"https:\/\/suelosport.com\/pt-pt\/producto\/cesped-artificial-putting-por-medidor\/#primaryimage"},"image":{"@id":"https:\/\/suelosport.com\/pt-pt\/producto\/cesped-artificial-putting-por-medidor\/#primaryimage"},"thumbnailUrl":"https:\/\/suelosport.com\/wp-content\/uploads\/2019\/01\/Cesped_artificial_alta_densidad_por_metro_lineal.png","datePublished":"2019-01-17T17:29:14+00:00","dateModified":"2020-11-16T12:33:34+00:00","description":"Relva artificial de coloca\u00e7\u00e3o por medidor linear. Grama multisporta muito forte e resistente. Adequado para parques infantis e perfeito para golfe.","breadcrumb":{"@id":"https:\/\/suelosport.com\/pt-pt\/producto\/cesped-artificial-putting-por-medidor\/#breadcrumb"},"inLanguage":"pt-PT","potentialAction":[{"@type":"ReadAction","target":["https:\/\/suelosport.com\/pt-pt\/producto\/cesped-artificial-putting-por-medidor\/"]}]},{"@type":"ImageObject","inLanguage":"pt-PT","@id":"https:\/\/suelosport.com\/pt-pt\/producto\/cesped-artificial-putting-por-medidor\/#primaryimage","url":"https:\/\/suelosport.com\/wp-content\/uploads\/2019\/01\/Cesped_artificial_alta_densidad_por_metro_lineal.png","contentUrl":"https:\/\/suelosport.com\/wp-content\/uploads\/2019\/01\/Cesped_artificial_alta_densidad_por_metro_lineal.png","width":766,"height":823,"caption":"Colocando grama por metros"},{"@type":"BreadcrumbList","@id":"https:\/\/suelosport.com\/pt-pt\/producto\/cesped-artificial-putting-por-medidor\/#breadcrumb","itemListElement":[{"@type":"ListItem","position":1,"name":"Portada","item":"https:\/\/suelosport.com\/pt-pt\/"},{"@type":"ListItem","position":2,"name":"Tienda","item":"https:\/\/suelosport.com\/tienda\/"},{"@type":"ListItem","position":3,"name":"Relva de coloca\u00e7\u00e3o artificial por medidor linear"}]},{"@type":"WebSite","@id":"https:\/\/suelosport.com\/pt-pt\/#website","url":"https:\/\/suelosport.com\/pt-pt\/","name":"Suelosport - Suelos Deportivos","description":"Suelos para gimnasios, suelos de goma, losetas y suelos antideslizantes","publisher":{"@id":"https:\/\/suelosport.com\/pt-pt\/#organization"},"potentialAction":[{"@type":"SearchAction","target":{"@type":"EntryPoint","urlTemplate":"https:\/\/suelosport.com\/pt-pt\/?s={search_term_string}"},"query-input":{"@type":"PropertyValueSpecification","valueRequired":true,"valueName":"search_term_string"}}],"inLanguage":"pt-PT"},{"@type":"Organization","@id":"https:\/\/suelosport.com\/pt-pt\/#organization","name":"Suelosport","url":"https:\/\/suelosport.com\/pt-pt\/","logo":{"@type":"ImageObject","inLanguage":"pt-PT","@id":"https:\/\/suelosport.com\/pt-pt\/#\/schema\/logo\/image\/","url":"https:\/\/suelosport.com\/wp-content\/uploads\/2018\/03\/logo-suelosport.png","contentUrl":"https:\/\/suelosport.com\/wp-content\/uploads\/2018\/03\/logo-suelosport.png","width":300,"height":67,"caption":"Suelosport"},"image":{"@id":"https:\/\/suelosport.com\/pt-pt\/#\/schema\/logo\/image\/"},"sameAs":["https:\/\/www.facebook.com\/Suelosport-2042694182686080\/","https:\/\/www.linkedin.com\/company\/suelosport\/","https:\/\/www.youtube.com\/channel\/UC1eoryUxD4Fw7f1m5wx_vFg?view_as=subscriber"]}]}},"_links":{"self":[{"href":"https:\/\/suelosport.com\/pt-pt\/wp-json\/wp\/v2\/product\/31172","targetHints":{"allow":["GET"]}}],"collection":[{"href":"https:\/\/suelosport.com\/pt-pt\/wp-json\/wp\/v2\/product"}],"about":[{"href":"https:\/\/suelosport.com\/pt-pt\/wp-json\/wp\/v2\/types\/product"}],"replies":[{"embeddable":true,"href":"https:\/\/suelosport.com\/pt-pt\/wp-json\/wp\/v2\/comments?post=31172"}],"wp:featuredmedia":[{"embeddable":true,"href":"https:\/\/suelosport.com\/pt-pt\/wp-json\/wp\/v2\/media\/31174"}],"wp:attachment":[{"href":"https:\/\/suelosport.com\/pt-pt\/wp-json\/wp\/v2\/media?parent=31172"}],"wp:term":[{"taxonomy":"product_brand","embeddable":true,"href":"https:\/\/suelosport.com\/pt-pt\/wp-json\/wp\/v2\/product_brand?post=31172"},{"taxonomy":"product_cat","embeddable":true,"href":"https:\/\/suelosport.com\/pt-pt\/wp-json\/wp\/v2\/product_cat?post=31172"},{"taxonomy":"product_tag","embeddable":true,"href":"https:\/\/suelosport.com\/pt-pt\/wp-json\/wp\/v2\/product_tag?post=31172"}],"curies":[{"name":"wp","href":"https:\/\/api.w.org\/{rel}","templated":true}]}}