{"id":29709,"date":"2019-03-20T09:32:31","date_gmt":"2020-11-16T12:01:11","guid":{"rendered":"https:\/\/suelosport.com\/producto\/azulejos-de-borracha-de-alta-densidade-100-x-100-cm\/"},"modified":"2023-01-16T12:09:10","modified_gmt":"2023-01-16T11:09:10","slug":"borracha-alta-densidade-100-x-100-cm","status":"publish","type":"product","link":"https:\/\/suelosport.com\/pt-pt\/producto\/borracha-alta-densidade-100-x-100-cm\/","title":{"rendered":"Pavimento de borracha de alta densidade 100 x 100 cm"},"content":{"rendered":"","protected":false},"excerpt":{"rendered":"<p><strong>Placa de borracha para <\/strong>gin\u00e1sio de alta densidade com o melhor pre\u00e7o por dinheiro.<\/p>\n<ul>\n<li>Preto<\/li>\n<li>Medi\u00e7\u00f5es: 100 x 100 cm<\/li>\n<\/ul>\n<p><span style=\"color: #e14d43;\"><b>Pedido<\/b> <span style=\"font-size: 14.4px;\"><b>m\u00ednimo<\/b><\/span> <b>para placas de 4 cm: 5 unidades<\/b><\/span><\/p>\n<p><iframe loading=\"lazy\" src=\"https:\/\/www.youtube.com\/embed\/g5Ad59DcR8c\/?rel=0\" width=\"250\" height=\"150\" frameborder=\"0\" allowfullscreen=\"allowfullscreen\"><\/iframe><\/p>\n<a href=\"https:\/\/suelosport.com\/instalacion-y-mantenimiento-de-losetas-de-caucho\/\" class=\"button primary is-small\" >\n\t\t<span>Instala\u00e7\u00e3o<\/span>\n\t<\/a>\n\n<a href=\"https:\/\/suelosport.com\/consejos-para-elegir-las-losetas-de-caucho\/\" class=\"button secondary is-small\" >\n\t\t<span>Quais placas escolher?<\/span>\n\t<\/a>\n\n<a href=\"\/ellos-tambien-confiaron-en-nosotros\/\" class=\"button primary is-outline is-small\" >\n\t<i class=\"icon-instagram\" aria-hidden=\"true\"><\/i>\t<span>Veja imagens de pisos assentados<\/span>\n\t<\/a>\n\n","protected":false},"featured_media":29729,"comment_status":"open","ping_status":"closed","template":"","meta":{"inline_featured_image":false},"product_brand":[],"product_cat":[],"product_tag":[],"class_list":{"0":"post-29709","1":"product","2":"type-product","3":"status-publish","4":"has-post-thumbnail","7":"first","8":"outofstock","9":"taxable","10":"shipping-taxable","11":"product-type-variable"},"yoast_head":"<!-- This site is optimized with the Yoast SEO plugin v27.4 - https:\/\/yoast.com\/product\/yoast-seo-wordpress\/ -->\n<title>PLACA DE BORRACHA DE ALTA DENSIDADE 100 X 100 CM<\/title>\n<meta name=\"robots\" content=\"index, follow, max-snippet:-1, max-image-preview:large, max-video-preview:-1\" \/>\n<link rel=\"canonical\" href=\"https:\/\/suelosport.com\/pt-pt\/producto\/borracha-alta-densidade-100-x-100-cm\/\" \/>\n<meta property=\"og:locale\" content=\"pt_PT\" \/>\n<meta property=\"og:type\" content=\"article\" \/>\n<meta property=\"og:title\" content=\"PLACA DE BORRACHA DE ALTA DENSIDADE 100 X 100 CM\" \/>\n<meta property=\"og:description\" content=\"Placa de borracha para gin\u00e1sio de alta densidade com o melhor pre\u00e7o por dinheiro.  Preto  Medi\u00e7\u00f5es: 100 x 100 cm Pedido m\u00ednimo para placas de 4 cm: 5 unidades\" \/>\n<meta property=\"og:url\" content=\"https:\/\/suelosport.com\/pt-pt\/producto\/borracha-alta-densidade-100-x-100-cm\/\" \/>\n<meta property=\"og:site_name\" content=\"Suelosport - Suelos Deportivos\" \/>\n<meta property=\"article:publisher\" content=\"https:\/\/www.facebook.com\/Suelosport-2042694182686080\/\" \/>\n<meta property=\"article:modified_time\" content=\"2023-01-16T11:09:10+00:00\" \/>\n<meta property=\"og:image\" content=\"https:\/\/suelosport.com\/wp-content\/uploads\/2019\/03\/loseta_de_caucho_alta_densidad_100_x_100_cm-nueva.jpg\" \/>\n\t<meta property=\"og:image:width\" content=\"1067\" \/>\n\t<meta property=\"og:image:height\" content=\"800\" \/>\n\t<meta property=\"og:image:type\" content=\"image\/jpeg\" \/>\n<meta name=\"twitter:card\" content=\"summary_large_image\" \/>\n<script type=\"application\/ld+json\" class=\"yoast-schema-graph\">{\"@context\":\"https:\\\/\\\/schema.org\",\"@graph\":[{\"@type\":[\"WebPage\",\"ItemPage\"],\"@id\":\"https:\\\/\\\/suelosport.com\\\/pt-pt\\\/producto\\\/borracha-alta-densidade-100-x-100-cm\\\/\",\"url\":\"https:\\\/\\\/suelosport.com\\\/pt-pt\\\/producto\\\/borracha-alta-densidade-100-x-100-cm\\\/\",\"name\":\"PLACA DE BORRACHA DE ALTA DENSIDADE 100 X 100 CM\",\"isPartOf\":{\"@id\":\"https:\\\/\\\/suelosport.com\\\/pt-pt\\\/#website\"},\"primaryImageOfPage\":{\"@id\":\"https:\\\/\\\/suelosport.com\\\/pt-pt\\\/producto\\\/borracha-alta-densidade-100-x-100-cm\\\/#primaryimage\"},\"image\":{\"@id\":\"https:\\\/\\\/suelosport.com\\\/pt-pt\\\/producto\\\/borracha-alta-densidade-100-x-100-cm\\\/#primaryimage\"},\"thumbnailUrl\":\"https:\\\/\\\/suelosport.com\\\/wp-content\\\/uploads\\\/2019\\\/03\\\/loseta_de_caucho_alta_densidad_100_x_100_cm-nueva.jpg\",\"datePublished\":\"2020-11-16T12:01:11+00:00\",\"dateModified\":\"2023-01-16T11:09:10+00:00\",\"breadcrumb\":{\"@id\":\"https:\\\/\\\/suelosport.com\\\/pt-pt\\\/producto\\\/borracha-alta-densidade-100-x-100-cm\\\/#breadcrumb\"},\"inLanguage\":\"pt-PT\",\"potentialAction\":[{\"@type\":\"ReadAction\",\"target\":[\"https:\\\/\\\/suelosport.com\\\/pt-pt\\\/producto\\\/borracha-alta-densidade-100-x-100-cm\\\/\"]}]},{\"@type\":\"ImageObject\",\"inLanguage\":\"pt-PT\",\"@id\":\"https:\\\/\\\/suelosport.com\\\/pt-pt\\\/producto\\\/borracha-alta-densidade-100-x-100-cm\\\/#primaryimage\",\"url\":\"https:\\\/\\\/suelosport.com\\\/wp-content\\\/uploads\\\/2019\\\/03\\\/loseta_de_caucho_alta_densidad_100_x_100_cm-nueva.jpg\",\"contentUrl\":\"https:\\\/\\\/suelosport.com\\\/wp-content\\\/uploads\\\/2019\\\/03\\\/loseta_de_caucho_alta_densidad_100_x_100_cm-nueva.jpg\",\"width\":1067,\"height\":800,\"caption\":\"Loseta de caucho negra\"},{\"@type\":\"BreadcrumbList\",\"@id\":\"https:\\\/\\\/suelosport.com\\\/pt-pt\\\/producto\\\/borracha-alta-densidade-100-x-100-cm\\\/#breadcrumb\",\"itemListElement\":[{\"@type\":\"ListItem\",\"position\":1,\"name\":\"Portada\",\"item\":\"https:\\\/\\\/suelosport.com\\\/pt-pt\\\/\"},{\"@type\":\"ListItem\",\"position\":2,\"name\":\"Tienda\",\"item\":\"https:\\\/\\\/suelosport.com\\\/tienda\\\/\"},{\"@type\":\"ListItem\",\"position\":3,\"name\":\"Pavimento de borracha de alta densidade 100 x 100 cm\"}]},{\"@type\":\"WebSite\",\"@id\":\"https:\\\/\\\/suelosport.com\\\/pt-pt\\\/#website\",\"url\":\"https:\\\/\\\/suelosport.com\\\/pt-pt\\\/\",\"name\":\"Suelosport - Suelos Deportivos\",\"description\":\"Suelos para gimnasios, suelos de goma, losetas y suelos antideslizantes\",\"publisher\":{\"@id\":\"https:\\\/\\\/suelosport.com\\\/pt-pt\\\/#organization\"},\"potentialAction\":[{\"@type\":\"SearchAction\",\"target\":{\"@type\":\"EntryPoint\",\"urlTemplate\":\"https:\\\/\\\/suelosport.com\\\/pt-pt\\\/?s={search_term_string}\"},\"query-input\":{\"@type\":\"PropertyValueSpecification\",\"valueRequired\":true,\"valueName\":\"search_term_string\"}}],\"inLanguage\":\"pt-PT\"},{\"@type\":\"Organization\",\"@id\":\"https:\\\/\\\/suelosport.com\\\/pt-pt\\\/#organization\",\"name\":\"Suelosport\",\"url\":\"https:\\\/\\\/suelosport.com\\\/pt-pt\\\/\",\"logo\":{\"@type\":\"ImageObject\",\"inLanguage\":\"pt-PT\",\"@id\":\"https:\\\/\\\/suelosport.com\\\/pt-pt\\\/#\\\/schema\\\/logo\\\/image\\\/\",\"url\":\"https:\\\/\\\/suelosport.com\\\/wp-content\\\/uploads\\\/2018\\\/03\\\/logo-suelosport.png\",\"contentUrl\":\"https:\\\/\\\/suelosport.com\\\/wp-content\\\/uploads\\\/2018\\\/03\\\/logo-suelosport.png\",\"width\":300,\"height\":67,\"caption\":\"Suelosport\"},\"image\":{\"@id\":\"https:\\\/\\\/suelosport.com\\\/pt-pt\\\/#\\\/schema\\\/logo\\\/image\\\/\"},\"sameAs\":[\"https:\\\/\\\/www.facebook.com\\\/Suelosport-2042694182686080\\\/\",\"https:\\\/\\\/www.linkedin.com\\\/company\\\/suelosport\\\/\",\"https:\\\/\\\/www.youtube.com\\\/channel\\\/UC1eoryUxD4Fw7f1m5wx_vFg?view_as=subscriber\"]}]}<\/script>\n<!-- \/ Yoast SEO plugin. -->","yoast_head_json":{"title":"PLACA DE BORRACHA DE ALTA DENSIDADE 100 X 100 CM","robots":{"index":"index","follow":"follow","max-snippet":"max-snippet:-1","max-image-preview":"max-image-preview:large","max-video-preview":"max-video-preview:-1"},"canonical":"https:\/\/suelosport.com\/pt-pt\/producto\/borracha-alta-densidade-100-x-100-cm\/","og_locale":"pt_PT","og_type":"article","og_title":"PLACA DE BORRACHA DE ALTA DENSIDADE 100 X 100 CM","og_description":"Placa de borracha para gin\u00e1sio de alta densidade com o melhor pre\u00e7o por dinheiro.  Preto  Medi\u00e7\u00f5es: 100 x 100 cm Pedido m\u00ednimo para placas de 4 cm: 5 unidades","og_url":"https:\/\/suelosport.com\/pt-pt\/producto\/borracha-alta-densidade-100-x-100-cm\/","og_site_name":"Suelosport - Suelos Deportivos","article_publisher":"https:\/\/www.facebook.com\/Suelosport-2042694182686080\/","article_modified_time":"2023-01-16T11:09:10+00:00","og_image":[{"width":1067,"height":800,"url":"https:\/\/suelosport.com\/wp-content\/uploads\/2019\/03\/loseta_de_caucho_alta_densidad_100_x_100_cm-nueva.jpg","type":"image\/jpeg"}],"twitter_card":"summary_large_image","schema":{"@context":"https:\/\/schema.org","@graph":[{"@type":["WebPage","ItemPage"],"@id":"https:\/\/suelosport.com\/pt-pt\/producto\/borracha-alta-densidade-100-x-100-cm\/","url":"https:\/\/suelosport.com\/pt-pt\/producto\/borracha-alta-densidade-100-x-100-cm\/","name":"PLACA DE BORRACHA DE ALTA DENSIDADE 100 X 100 CM","isPartOf":{"@id":"https:\/\/suelosport.com\/pt-pt\/#website"},"primaryImageOfPage":{"@id":"https:\/\/suelosport.com\/pt-pt\/producto\/borracha-alta-densidade-100-x-100-cm\/#primaryimage"},"image":{"@id":"https:\/\/suelosport.com\/pt-pt\/producto\/borracha-alta-densidade-100-x-100-cm\/#primaryimage"},"thumbnailUrl":"https:\/\/suelosport.com\/wp-content\/uploads\/2019\/03\/loseta_de_caucho_alta_densidad_100_x_100_cm-nueva.jpg","datePublished":"2020-11-16T12:01:11+00:00","dateModified":"2023-01-16T11:09:10+00:00","breadcrumb":{"@id":"https:\/\/suelosport.com\/pt-pt\/producto\/borracha-alta-densidade-100-x-100-cm\/#breadcrumb"},"inLanguage":"pt-PT","potentialAction":[{"@type":"ReadAction","target":["https:\/\/suelosport.com\/pt-pt\/producto\/borracha-alta-densidade-100-x-100-cm\/"]}]},{"@type":"ImageObject","inLanguage":"pt-PT","@id":"https:\/\/suelosport.com\/pt-pt\/producto\/borracha-alta-densidade-100-x-100-cm\/#primaryimage","url":"https:\/\/suelosport.com\/wp-content\/uploads\/2019\/03\/loseta_de_caucho_alta_densidad_100_x_100_cm-nueva.jpg","contentUrl":"https:\/\/suelosport.com\/wp-content\/uploads\/2019\/03\/loseta_de_caucho_alta_densidad_100_x_100_cm-nueva.jpg","width":1067,"height":800,"caption":"Loseta de caucho negra"},{"@type":"BreadcrumbList","@id":"https:\/\/suelosport.com\/pt-pt\/producto\/borracha-alta-densidade-100-x-100-cm\/#breadcrumb","itemListElement":[{"@type":"ListItem","position":1,"name":"Portada","item":"https:\/\/suelosport.com\/pt-pt\/"},{"@type":"ListItem","position":2,"name":"Tienda","item":"https:\/\/suelosport.com\/tienda\/"},{"@type":"ListItem","position":3,"name":"Pavimento de borracha de alta densidade 100 x 100 cm"}]},{"@type":"WebSite","@id":"https:\/\/suelosport.com\/pt-pt\/#website","url":"https:\/\/suelosport.com\/pt-pt\/","name":"Suelosport - Suelos Deportivos","description":"Suelos para gimnasios, suelos de goma, losetas y suelos antideslizantes","publisher":{"@id":"https:\/\/suelosport.com\/pt-pt\/#organization"},"potentialAction":[{"@type":"SearchAction","target":{"@type":"EntryPoint","urlTemplate":"https:\/\/suelosport.com\/pt-pt\/?s={search_term_string}"},"query-input":{"@type":"PropertyValueSpecification","valueRequired":true,"valueName":"search_term_string"}}],"inLanguage":"pt-PT"},{"@type":"Organization","@id":"https:\/\/suelosport.com\/pt-pt\/#organization","name":"Suelosport","url":"https:\/\/suelosport.com\/pt-pt\/","logo":{"@type":"ImageObject","inLanguage":"pt-PT","@id":"https:\/\/suelosport.com\/pt-pt\/#\/schema\/logo\/image\/","url":"https:\/\/suelosport.com\/wp-content\/uploads\/2018\/03\/logo-suelosport.png","contentUrl":"https:\/\/suelosport.com\/wp-content\/uploads\/2018\/03\/logo-suelosport.png","width":300,"height":67,"caption":"Suelosport"},"image":{"@id":"https:\/\/suelosport.com\/pt-pt\/#\/schema\/logo\/image\/"},"sameAs":["https:\/\/www.facebook.com\/Suelosport-2042694182686080\/","https:\/\/www.linkedin.com\/company\/suelosport\/","https:\/\/www.youtube.com\/channel\/UC1eoryUxD4Fw7f1m5wx_vFg?view_as=subscriber"]}]}},"_links":{"self":[{"href":"https:\/\/suelosport.com\/pt-pt\/wp-json\/wp\/v2\/product\/29709","targetHints":{"allow":["GET"]}}],"collection":[{"href":"https:\/\/suelosport.com\/pt-pt\/wp-json\/wp\/v2\/product"}],"about":[{"href":"https:\/\/suelosport.com\/pt-pt\/wp-json\/wp\/v2\/types\/product"}],"replies":[{"embeddable":true,"href":"https:\/\/suelosport.com\/pt-pt\/wp-json\/wp\/v2\/comments?post=29709"}],"wp:featuredmedia":[{"embeddable":true,"href":"https:\/\/suelosport.com\/pt-pt\/wp-json\/wp\/v2\/media\/29729"}],"wp:attachment":[{"href":"https:\/\/suelosport.com\/pt-pt\/wp-json\/wp\/v2\/media?parent=29709"}],"wp:term":[{"taxonomy":"product_brand","embeddable":true,"href":"https:\/\/suelosport.com\/pt-pt\/wp-json\/wp\/v2\/product_brand?post=29709"},{"taxonomy":"product_cat","embeddable":true,"href":"https:\/\/suelosport.com\/pt-pt\/wp-json\/wp\/v2\/product_cat?post=29709"},{"taxonomy":"product_tag","embeddable":true,"href":"https:\/\/suelosport.com\/pt-pt\/wp-json\/wp\/v2\/product_tag?post=29709"}],"curies":[{"name":"wp","href":"https:\/\/api.w.org\/{rel}","templated":true}]}}